{"id":303339,"date":"2018-09-28T11:55:50","date_gmt":"2018-09-28T10:55:50","guid":{"rendered":"https:\/\/www.purejewels.com\/?post_type=product&#038;p=303339"},"modified":"2026-01-10T16:15:29","modified_gmt":"2026-01-10T16:15:29","slug":"22-kt-gold-kada-fancy-modern-armspange-2","status":"publish","type":"product","link":"https:\/\/www.purejewels.com\/de\/product\/22ct-gold-kada-fancy-modern-bangle-2\/","title":{"rendered":"22 Karat Gold-Armreifen mit offenem Muster und doppelter Oberfl\u00e4che"},"content":{"rendered":"<p><strong>Entwurf:<\/strong><\/p>\n<p>Diese Armreifen zeichnen sich durch ein modernes, offenes Scrollwork-Design aus, das durchgehende, wellenf\u00f6rmige Schleifen bildet und so eine flie\u00dfende und elegante Silhouette schafft. Die offene Struktur verst\u00e4rkt die optische Leichtigkeit und sorgt gleichzeitig f\u00fcr einen auff\u00e4lligen Look.<\/p>\n<p><strong>Handwerkliches K\u00f6nnen:<\/strong><\/p>\n<p>Handgefertigt aus <a href=\"https:\/\/www.purejewels.com\/de\/product\/22ct-gold-jali-filigree-ring-jali-collection-31926\/\">22ct<\/a> Die Armreifen aus Gelbgold verf\u00fcgen \u00fcber eine diamantgeschliffene Oberfl\u00e4che f\u00fcr zus\u00e4tzlichen Glanz und rhodinierte Details, die f\u00fcr Kontrast und Raffinesse sorgen. Die Kombination aus hochglanzpoliertem Gold und matten Silbert\u00f6nen sorgt f\u00fcr einen luxuri\u00f6sen Zweifarb-Look.<\/p>\n<p><strong>Stil:<\/strong><\/p>\n<p>Diese Armreifen eignen sich ideal zum Stapeln oder solo zu tragen und sind vielseitig genug f\u00fcr festliche Anl\u00e4sse und zeitgen\u00f6ssische Styles. Das offene Muster passt gut zu allt\u00e4glicher Eleganz oder glamour\u00f6sen Anl\u00e4ssen. Eine perfekte Verschmelzung von traditioneller Technik und modernem Minimalismus.<\/p>","protected":false},"excerpt":{"rendered":"<p>Elegante Armreifen aus 22 Karat Gold mit flie\u00dfendem, offenem Scroll-Muster und auff\u00e4lligen zweifarbigen Rhodium-Details.<\/p>\n<ul>\n<li>22ct Gold Kada Fancy Modern Armreif<\/li>\n<li>22ct Gold gestempelt von London Assay Office<\/li>\n<li>Mit Rose vergoldet, rhodiniert, schwarz rhodiniert<\/li>\n<li>SKU. 28155 , Gew. 23.4 g<\/li>\n<li>Armreif Gr\u00f6\u00dfe 2,6 Zoll<\/li>\n<li>Kann auf Bestellung in allen Gr\u00f6\u00dfen hergestellt werden<\/li>\n<li>Mit Pr\u00e4sentationsbox<\/li>\n<li>Lieferung inbegriffen<\/li>\n<li>Alle Preise inklusive Mehrwertsteuer<\/li>\n<li>Kontaktieren Sie uns \/ chatten Sie mit uns f\u00fcr ein Live-Video des Produkts<\/li>\n<\/ul>","protected":false},"featured_media":303340,"comment_status":"closed","ping_status":"closed","template":"","meta":{"_eb_attr":"","_crsspst_to_jayantr4sg-hostcom":false},"product_brand":[],"product_cat":[1657],"product_tag":[],"class_list":{"0":"post-303339","1":"product","2":"type-product","3":"status-publish","4":"has-post-thumbnail","6":"product_cat-single-bangle","8":"first","9":"outofstock","10":"taxable","11":"shipping-taxable","12":"product-type-simple","13":"add-to-wishlist-before_image"},"yoast_head":"<!-- This site is optimized with the Yoast SEO plugin v27.5 - https:\/\/yoast.com\/product\/yoast-seo-wordpress\/ -->\n<title>22ct Gold Designer Bangles with Rhodium Accents | PureJewels<\/title>\n<meta name=\"description\" content=\"Shop these stylish 22ct gold bangles featuring an open scroll design with rhodium and diamond-cut detailing. Exclusive design at PureJewels UK.\" \/>\n<meta name=\"robots\" content=\"index, follow, max-snippet:-1, max-image-preview:large, max-video-preview:-1\" \/>\n<link rel=\"canonical\" href=\"https:\/\/www.purejewels.com\/de\/produkt-2\/22-kt-gold-kada-fancy-modern-armspange-2\/\" \/>\n<meta property=\"og:locale\" content=\"de_DE\" \/>\n<meta property=\"og:type\" content=\"article\" \/>\n<meta property=\"og:title\" content=\"22ct Gold Designer Bangles with Rhodium Accents | PureJewels\" \/>\n<meta property=\"og:description\" content=\"Shop these stylish 22ct gold bangles featuring an open scroll design with rhodium and diamond-cut detailing. Exclusive design at PureJewels UK.\" \/>\n<meta property=\"og:url\" content=\"https:\/\/www.purejewels.com\/de\/produkt-2\/22-kt-gold-kada-fancy-modern-armspange-2\/\" \/>\n<meta property=\"og:site_name\" content=\"PureJewels UK\" \/>\n<meta property=\"article:modified_time\" content=\"2026-01-10T16:15:29+00:00\" \/>\n<meta property=\"og:image\" content=\"https:\/\/static.purejewels.com\/wp-content\/uploads\/2018\/09\/28155.png\" \/>\n\t<meta property=\"og:image:width\" content=\"1000\" \/>\n\t<meta property=\"og:image:height\" content=\"1000\" \/>\n\t<meta property=\"og:image:type\" content=\"image\/png\" \/>\n<meta name=\"twitter:card\" content=\"summary_large_image\" \/>\n<meta name=\"twitter:label1\" content=\"Gesch\u00e4tzte Lesezeit\" \/>\n\t<meta name=\"twitter:data1\" content=\"1\u00a0Minute\" \/>\n<script type=\"application\/ld+json\" class=\"yoast-schema-graph\">{\"@context\":\"https:\\\/\\\/schema.org\",\"@graph\":[{\"@type\":[\"WebPage\",\"ItemPage\"],\"@id\":\"https:\\\/\\\/www.purejewels.com\\\/product\\\/22ct-gold-kada-fancy-modern-bangle-2\\\/\",\"url\":\"https:\\\/\\\/www.purejewels.com\\\/product\\\/22ct-gold-kada-fancy-modern-bangle-2\\\/\",\"name\":\"22ct Gold Designer Bangles with Rhodium Accents | PureJewels\",\"isPartOf\":{\"@id\":\"https:\\\/\\\/www.purejewels.com\\\/#website\"},\"primaryImageOfPage\":{\"@id\":\"https:\\\/\\\/www.purejewels.com\\\/product\\\/22ct-gold-kada-fancy-modern-bangle-2\\\/#primaryimage\"},\"image\":{\"@id\":\"https:\\\/\\\/www.purejewels.com\\\/product\\\/22ct-gold-kada-fancy-modern-bangle-2\\\/#primaryimage\"},\"thumbnailUrl\":\"https:\\\/\\\/static.purejewels.com\\\/wp-content\\\/uploads\\\/2018\\\/09\\\/28155.png\",\"datePublished\":\"2018-09-28T10:55:50+00:00\",\"dateModified\":\"2026-01-10T16:15:29+00:00\",\"description\":\"Shop these stylish 22ct gold bangles featuring an open scroll design with rhodium and diamond-cut detailing. Exclusive design at PureJewels UK.\",\"breadcrumb\":{\"@id\":\"https:\\\/\\\/www.purejewels.com\\\/product\\\/22ct-gold-kada-fancy-modern-bangle-2\\\/#breadcrumb\"},\"inLanguage\":\"de\",\"potentialAction\":[{\"@type\":\"ReadAction\",\"target\":[\"https:\\\/\\\/www.purejewels.com\\\/product\\\/22ct-gold-kada-fancy-modern-bangle-2\\\/\"]}]},{\"@type\":\"ImageObject\",\"inLanguage\":\"de\",\"@id\":\"https:\\\/\\\/www.purejewels.com\\\/product\\\/22ct-gold-kada-fancy-modern-bangle-2\\\/#primaryimage\",\"url\":\"https:\\\/\\\/static.purejewels.com\\\/wp-content\\\/uploads\\\/2018\\\/09\\\/28155.png\",\"contentUrl\":\"https:\\\/\\\/static.purejewels.com\\\/wp-content\\\/uploads\\\/2018\\\/09\\\/28155.png\",\"width\":1000,\"height\":1000,\"caption\":\"28155\"},{\"@type\":\"BreadcrumbList\",\"@id\":\"https:\\\/\\\/www.purejewels.com\\\/product\\\/22ct-gold-kada-fancy-modern-bangle-2\\\/#breadcrumb\",\"itemListElement\":[{\"@type\":\"ListItem\",\"position\":1,\"name\":\"Home\",\"item\":\"https:\\\/\\\/www.purejewels.com\\\/\"},{\"@type\":\"ListItem\",\"position\":2,\"name\":\"Shop\",\"item\":\"https:\\\/\\\/www.purejewels.com\\\/shop\\\/\"},{\"@type\":\"ListItem\",\"position\":3,\"name\":\"22ct Gold Open Pattern Bangles with Dual Finish\"}]},{\"@type\":\"WebSite\",\"@id\":\"https:\\\/\\\/www.purejewels.com\\\/#website\",\"url\":\"https:\\\/\\\/www.purejewels.com\\\/\",\"name\":\"PureJewels UK\",\"description\":\"Share the Love\",\"publisher\":{\"@id\":\"https:\\\/\\\/www.purejewels.com\\\/#organization\"},\"potentialAction\":[{\"@type\":\"SearchAction\",\"target\":{\"@type\":\"EntryPoint\",\"urlTemplate\":\"https:\\\/\\\/www.purejewels.com\\\/?s={search_term_string}\"},\"query-input\":{\"@type\":\"PropertyValueSpecification\",\"valueRequired\":true,\"valueName\":\"search_term_string\"}}],\"inLanguage\":\"de\"},{\"@type\":\"Organization\",\"@id\":\"https:\\\/\\\/www.purejewels.com\\\/#organization\",\"name\":\"PureJewels UK\",\"url\":\"https:\\\/\\\/www.purejewels.com\\\/\",\"logo\":{\"@type\":\"ImageObject\",\"inLanguage\":\"de\",\"@id\":\"https:\\\/\\\/www.purejewels.com\\\/#\\\/schema\\\/logo\\\/image\\\/\",\"url\":\"https:\\\/\\\/static.purejewels.com\\\/wp-content\\\/uploads\\\/2020\\\/11\\\/Logo-PJ-New-1.png\",\"contentUrl\":\"https:\\\/\\\/static.purejewels.com\\\/wp-content\\\/uploads\\\/2020\\\/11\\\/Logo-PJ-New-1.png\",\"width\":150,\"height\":80,\"caption\":\"PureJewels UK\"},\"image\":{\"@id\":\"https:\\\/\\\/www.purejewels.com\\\/#\\\/schema\\\/logo\\\/image\\\/\"}}]}<\/script>\n<!-- \/ Yoast SEO plugin. -->","yoast_head_json":{"title":"22 Karat Gold Designer-Armreifen mit Rhodium-Akzenten | PureJewels","description":"Entdecken Sie diese stilvollen Armreifen aus 22 Karat Gold mit offenem Scroll-Design, Rhodium und Diamantschliff-Details. Exklusives Design bei PureJewels UK.","robots":{"index":"index","follow":"follow","max-snippet":"max-snippet:-1","max-image-preview":"max-image-preview:large","max-video-preview":"max-video-preview:-1"},"canonical":"https:\/\/www.purejewels.com\/de\/produkt-2\/22-kt-gold-kada-fancy-modern-armspange-2\/","og_locale":"de_DE","og_type":"article","og_title":"22ct Gold Designer Bangles with Rhodium Accents | PureJewels","og_description":"Shop these stylish 22ct gold bangles featuring an open scroll design with rhodium and diamond-cut detailing. Exclusive design at PureJewels UK.","og_url":"https:\/\/www.purejewels.com\/de\/produkt-2\/22-kt-gold-kada-fancy-modern-armspange-2\/","og_site_name":"PureJewels UK","article_modified_time":"2026-01-10T16:15:29+00:00","og_image":[{"width":1000,"height":1000,"url":"https:\/\/static.purejewels.com\/wp-content\/uploads\/2018\/09\/28155.png","type":"image\/png"}],"twitter_card":"summary_large_image","twitter_misc":{"Gesch\u00e4tzte Lesezeit":"1\u00a0Minute"},"schema":{"@context":"https:\/\/schema.org","@graph":[{"@type":["WebPage","ItemPage"],"@id":"https:\/\/www.purejewels.com\/product\/22ct-gold-kada-fancy-modern-bangle-2\/","url":"https:\/\/www.purejewels.com\/product\/22ct-gold-kada-fancy-modern-bangle-2\/","name":"22 Karat Gold Designer-Armreifen mit Rhodium-Akzenten | PureJewels","isPartOf":{"@id":"https:\/\/www.purejewels.com\/#website"},"primaryImageOfPage":{"@id":"https:\/\/www.purejewels.com\/product\/22ct-gold-kada-fancy-modern-bangle-2\/#primaryimage"},"image":{"@id":"https:\/\/www.purejewels.com\/product\/22ct-gold-kada-fancy-modern-bangle-2\/#primaryimage"},"thumbnailUrl":"https:\/\/static.purejewels.com\/wp-content\/uploads\/2018\/09\/28155.png","datePublished":"2018-09-28T10:55:50+00:00","dateModified":"2026-01-10T16:15:29+00:00","description":"Entdecken Sie diese stilvollen Armreifen aus 22 Karat Gold mit offenem Scroll-Design, Rhodium und Diamantschliff-Details. Exklusives Design bei PureJewels UK.","breadcrumb":{"@id":"https:\/\/www.purejewels.com\/product\/22ct-gold-kada-fancy-modern-bangle-2\/#breadcrumb"},"inLanguage":"de","potentialAction":[{"@type":"ReadAction","target":["https:\/\/www.purejewels.com\/product\/22ct-gold-kada-fancy-modern-bangle-2\/"]}]},{"@type":"ImageObject","inLanguage":"de","@id":"https:\/\/www.purejewels.com\/product\/22ct-gold-kada-fancy-modern-bangle-2\/#primaryimage","url":"https:\/\/static.purejewels.com\/wp-content\/uploads\/2018\/09\/28155.png","contentUrl":"https:\/\/static.purejewels.com\/wp-content\/uploads\/2018\/09\/28155.png","width":1000,"height":1000,"caption":"28155"},{"@type":"BreadcrumbList","@id":"https:\/\/www.purejewels.com\/product\/22ct-gold-kada-fancy-modern-bangle-2\/#breadcrumb","itemListElement":[{"@type":"ListItem","position":1,"name":"Home","item":"https:\/\/www.purejewels.com\/"},{"@type":"ListItem","position":2,"name":"Shop","item":"https:\/\/www.purejewels.com\/shop\/"},{"@type":"ListItem","position":3,"name":"22ct Gold Open Pattern Bangles with Dual Finish"}]},{"@type":"WebSite","@id":"https:\/\/www.purejewels.com\/#website","url":"https:\/\/www.purejewels.com\/","name":"PureJewels UK","description":"Teile die Liebe","publisher":{"@id":"https:\/\/www.purejewels.com\/#organization"},"potentialAction":[{"@type":"SearchAction","target":{"@type":"EntryPoint","urlTemplate":"https:\/\/www.purejewels.com\/?s={search_term_string}"},"query-input":{"@type":"PropertyValueSpecification","valueRequired":true,"valueName":"search_term_string"}}],"inLanguage":"de"},{"@type":"Organization","@id":"https:\/\/www.purejewels.com\/#organization","name":"PureJewels UK","url":"https:\/\/www.purejewels.com\/","logo":{"@type":"ImageObject","inLanguage":"de","@id":"https:\/\/www.purejewels.com\/#\/schema\/logo\/image\/","url":"https:\/\/static.purejewels.com\/wp-content\/uploads\/2020\/11\/Logo-PJ-New-1.png","contentUrl":"https:\/\/static.purejewels.com\/wp-content\/uploads\/2020\/11\/Logo-PJ-New-1.png","width":150,"height":80,"caption":"PureJewels UK"},"image":{"@id":"https:\/\/www.purejewels.com\/#\/schema\/logo\/image\/"}}]}},"_links":{"self":[{"href":"https:\/\/www.purejewels.com\/de\/wp-json\/wp\/v2\/product\/303339","targetHints":{"allow":["GET"]}}],"collection":[{"href":"https:\/\/www.purejewels.com\/de\/wp-json\/wp\/v2\/product"}],"about":[{"href":"https:\/\/www.purejewels.com\/de\/wp-json\/wp\/v2\/types\/product"}],"replies":[{"embeddable":true,"href":"https:\/\/www.purejewels.com\/de\/wp-json\/wp\/v2\/comments?post=303339"}],"version-history":[{"count":2,"href":"https:\/\/www.purejewels.com\/de\/wp-json\/wp\/v2\/product\/303339\/revisions"}],"predecessor-version":[{"id":423870,"href":"https:\/\/www.purejewels.com\/de\/wp-json\/wp\/v2\/product\/303339\/revisions\/423870"}],"wp:featuredmedia":[{"embeddable":true,"href":"https:\/\/www.purejewels.com\/de\/wp-json\/wp\/v2\/media\/303340"}],"wp:attachment":[{"href":"https:\/\/www.purejewels.com\/de\/wp-json\/wp\/v2\/media?parent=303339"}],"wp:term":[{"taxonomy":"product_brand","embeddable":true,"href":"https:\/\/www.purejewels.com\/de\/wp-json\/wp\/v2\/product_brand?post=303339"},{"taxonomy":"product_cat","embeddable":true,"href":"https:\/\/www.purejewels.com\/de\/wp-json\/wp\/v2\/product_cat?post=303339"},{"taxonomy":"product_tag","embeddable":true,"href":"https:\/\/www.purejewels.com\/de\/wp-json\/wp\/v2\/product_tag?post=303339"}],"curies":[{"name":"wp","href":"https:\/\/api.w.org\/{rel}","templated":true}]}}