{"id":303343,"date":"2018-09-28T12:03:06","date_gmt":"2018-09-28T11:03:06","guid":{"rendered":"https:\/\/www.purejewels.com\/?post_type=product&#038;p=303343"},"modified":"2026-04-08T05:20:52","modified_gmt":"2026-04-08T04:20:52","slug":"armreif-aus-22-karat-gold-13","status":"publish","type":"product","link":"https:\/\/www.purejewels.com\/de\/product\/22ct-gold-bangle-13\/","title":{"rendered":"22ct Gold gemusterten Rand Armreif Paar f\u00fcr Frauen | Gr\u00f6\u00dfe 2.6"},"content":{"rendered":"<p><strong>Designkonzept<\/strong><\/p>\n<p>Das Armreifenpaar Patterned Edge ist von rhythmischer Symmetrie und moderner Geometrie inspiriert. Das Zusammenspiel von strukturierten Kanten und skulpturalen Formen schafft ein harmonisches Gleichgewicht zwischen subtiler K\u00fchnheit und raffinierter Eleganz. Diese Armreifen reflektieren das Licht mit sanfter Bewegung und verleihen einer zeitlosen Silhouette einen modernen Touch.<\/p>\n<p><strong>Handwerkliches K\u00f6nnen<\/strong><\/p>\n<p>Jeder Armreif wurde sorgf\u00e4ltig aus 22-kar\u00e4tigem Gold gefertigt und zeichnet sich durch pr\u00e4zise Details an den R\u00e4ndern aus, die durch eine feine Strukturierung und kontrastreiche Oberfl\u00e4chen hervorgehoben werden. Die komplizierten Muster werden sorgf\u00e4ltig ausgef\u00fchrt, um Tiefe und Dimension zu schaffen, w\u00e4hrend die glatte Innenfl\u00e4che f\u00fcr Komfort sorgt. Diese Armreifen sind f\u00fcr ihre Reinheit gepunzt und verk\u00f6rpern das Engagement von PureJewels f\u00fcr Qualit\u00e4t und best\u00e4ndige Handwerkskunst.<\/p>\n<p><strong>Styling-Ideen<\/strong><\/p>\n<p>Dieses vielseitige und m\u00fchelos elegante Paar l\u00e4sst sich nahtlos zu verschiedenen Anl\u00e4ssen tragen:<\/p>\n<ul>\n<li>Tragen Sie sie solo f\u00fcr einen sauberen, polierten Alltagslook<\/li>\n<li>Kombiniert mit schlichten goldenen Armreifen f\u00fcr mehr Textur und Dimension<\/li>\n<li>Kombinieren Sie es sowohl mit modernen als auch mit traditionellen Outfits f\u00fcr einen ausgewogenen, modernen Look.<\/li>\n<li>Ideal zum Verschenken oder als pers\u00f6nliches Accessoire, das jede Schmucksammlung vervollst\u00e4ndigt<\/li>\n<\/ul>","protected":false},"excerpt":{"rendered":"<p>Dieses gemusterte Armreifenpaar aus strahlendem 22-kar\u00e4tigem Gold zeichnet sich durch fein strukturierte Details und subtile geometrische Akzente aus. Sie sind elegant und vielseitig und eignen sich perfekt, um dem Alltag einen raffinierten Touch zu verleihen.<\/p>\n<ul>\n<li style=\"list-style-type: none;\">\n<ul>\n<li>22 Karat Gold Armreif f\u00fcr den t\u00e4glichen Gebrauch<\/li>\n<li>22ct Gold gestempelt von London Assay Office<\/li>\n<li>Mit schwarzer Rhodium-Beschichtung<\/li>\n<li>SKU. 28158 Gewicht: 13,3 g<\/li>\n<li>SKU. 28159 Gewicht: 13,4 g<\/li>\n<li>Armreif Gr\u00f6\u00dfe 2,6 Zoll<\/li>\n<li>Kann auf Bestellung in allen Gr\u00f6\u00dfen hergestellt werden<\/li>\n<\/ul>\n<\/li>\n<\/ul>\n<p>&nbsp;<\/p>\n<p>&nbsp;<\/p>","protected":false},"featured_media":303344,"comment_status":"closed","ping_status":"closed","template":"","meta":{"_eb_attr":"","_crsspst_to_jayantr4sg-hostcom":false},"product_brand":[],"product_cat":[1658],"product_tag":[],"class_list":{"0":"post-303343","1":"product","2":"type-product","3":"status-publish","4":"has-post-thumbnail","6":"product_cat-bangle-sets","8":"first","9":"outofstock","10":"taxable","11":"shipping-taxable","12":"product-type-simple","13":"add-to-wishlist-before_image"},"yoast_head":"<!-- This site is optimized with the Yoast SEO plugin v27.3 - https:\/\/yoast.com\/product\/yoast-seo-wordpress\/ -->\n<title>22ct Gold Designer Bangle Pair Pattern Size 2.6 | PureJewels UK<\/title>\n<meta name=\"description\" content=\"Shop a pair of 22ct gold bangles featuring engraved patterns and geometric accents. Handcrafted and UK hallmarked for purity.\" \/>\n<meta name=\"robots\" content=\"index, follow, max-snippet:-1, max-image-preview:large, max-video-preview:-1\" \/>\n<link rel=\"canonical\" href=\"https:\/\/www.purejewels.com\/de\/produkt-2\/armreif-aus-22-karat-gold-13\/\" \/>\n<meta property=\"og:locale\" content=\"de_DE\" \/>\n<meta property=\"og:type\" content=\"article\" \/>\n<meta property=\"og:title\" content=\"22ct Gold Designer Bangle Pair Pattern Size 2.6 | PureJewels UK\" \/>\n<meta property=\"og:description\" content=\"Shop a pair of 22ct gold bangles featuring engraved patterns and geometric accents. Handcrafted and UK hallmarked for purity.\" \/>\n<meta property=\"og:url\" content=\"https:\/\/www.purejewels.com\/de\/produkt-2\/armreif-aus-22-karat-gold-13\/\" \/>\n<meta property=\"og:site_name\" content=\"PureJewels UK\" \/>\n<meta property=\"article:modified_time\" content=\"2026-04-08T04:20:52+00:00\" \/>\n<meta property=\"og:image\" content=\"https:\/\/static.purejewels.com\/wp-content\/uploads\/2018\/09\/28158-28159.png\" \/>\n\t<meta property=\"og:image:width\" content=\"1000\" \/>\n\t<meta property=\"og:image:height\" content=\"1000\" \/>\n\t<meta property=\"og:image:type\" content=\"image\/png\" \/>\n<meta name=\"twitter:card\" content=\"summary_large_image\" \/>\n<meta name=\"twitter:label1\" content=\"Gesch\u00e4tzte Lesezeit\" \/>\n\t<meta name=\"twitter:data1\" content=\"1\u00a0Minute\" \/>\n<script type=\"application\/ld+json\" class=\"yoast-schema-graph\">{\"@context\":\"https:\\\/\\\/schema.org\",\"@graph\":[{\"@type\":[\"WebPage\",\"ItemPage\"],\"@id\":\"https:\\\/\\\/www.purejewels.com\\\/product\\\/22ct-gold-bangle-13\\\/\",\"url\":\"https:\\\/\\\/www.purejewels.com\\\/product\\\/22ct-gold-bangle-13\\\/\",\"name\":\"22ct Gold Designer Bangle Pair Pattern Size 2.6 | PureJewels UK\",\"isPartOf\":{\"@id\":\"https:\\\/\\\/www.purejewels.com\\\/#website\"},\"primaryImageOfPage\":{\"@id\":\"https:\\\/\\\/www.purejewels.com\\\/product\\\/22ct-gold-bangle-13\\\/#primaryimage\"},\"image\":{\"@id\":\"https:\\\/\\\/www.purejewels.com\\\/product\\\/22ct-gold-bangle-13\\\/#primaryimage\"},\"thumbnailUrl\":\"https:\\\/\\\/static.purejewels.com\\\/wp-content\\\/uploads\\\/2018\\\/09\\\/28158-28159.png\",\"datePublished\":\"2018-09-28T11:03:06+00:00\",\"dateModified\":\"2026-04-08T04:20:52+00:00\",\"description\":\"Shop a pair of 22ct gold bangles featuring engraved patterns and geometric accents. Handcrafted and UK hallmarked for purity.\",\"breadcrumb\":{\"@id\":\"https:\\\/\\\/www.purejewels.com\\\/product\\\/22ct-gold-bangle-13\\\/#breadcrumb\"},\"inLanguage\":\"de\",\"potentialAction\":[{\"@type\":\"ReadAction\",\"target\":[\"https:\\\/\\\/www.purejewels.com\\\/product\\\/22ct-gold-bangle-13\\\/\"]}]},{\"@type\":\"ImageObject\",\"inLanguage\":\"de\",\"@id\":\"https:\\\/\\\/www.purejewels.com\\\/product\\\/22ct-gold-bangle-13\\\/#primaryimage\",\"url\":\"https:\\\/\\\/static.purejewels.com\\\/wp-content\\\/uploads\\\/2018\\\/09\\\/28158-28159.png\",\"contentUrl\":\"https:\\\/\\\/static.purejewels.com\\\/wp-content\\\/uploads\\\/2018\\\/09\\\/28158-28159.png\",\"width\":1000,\"height\":1000,\"caption\":\"22ct Gold Bangle set 28158-28159\"},{\"@type\":\"BreadcrumbList\",\"@id\":\"https:\\\/\\\/www.purejewels.com\\\/product\\\/22ct-gold-bangle-13\\\/#breadcrumb\",\"itemListElement\":[{\"@type\":\"ListItem\",\"position\":1,\"name\":\"Home\",\"item\":\"https:\\\/\\\/www.purejewels.com\\\/\"},{\"@type\":\"ListItem\",\"position\":2,\"name\":\"Shop\",\"item\":\"https:\\\/\\\/www.purejewels.com\\\/shop\\\/\"},{\"@type\":\"ListItem\",\"position\":3,\"name\":\"22ct Gold Patterned Edge Bangle Pair for Women&#8217;s | Size 2.6\"}]},{\"@type\":\"WebSite\",\"@id\":\"https:\\\/\\\/www.purejewels.com\\\/#website\",\"url\":\"https:\\\/\\\/www.purejewels.com\\\/\",\"name\":\"PureJewels UK\",\"description\":\"Share the Love\",\"publisher\":{\"@id\":\"https:\\\/\\\/www.purejewels.com\\\/#organization\"},\"potentialAction\":[{\"@type\":\"SearchAction\",\"target\":{\"@type\":\"EntryPoint\",\"urlTemplate\":\"https:\\\/\\\/www.purejewels.com\\\/?s={search_term_string}\"},\"query-input\":{\"@type\":\"PropertyValueSpecification\",\"valueRequired\":true,\"valueName\":\"search_term_string\"}}],\"inLanguage\":\"de\"},{\"@type\":\"Organization\",\"@id\":\"https:\\\/\\\/www.purejewels.com\\\/#organization\",\"name\":\"PureJewels UK\",\"url\":\"https:\\\/\\\/www.purejewels.com\\\/\",\"logo\":{\"@type\":\"ImageObject\",\"inLanguage\":\"de\",\"@id\":\"https:\\\/\\\/www.purejewels.com\\\/#\\\/schema\\\/logo\\\/image\\\/\",\"url\":\"https:\\\/\\\/static.purejewels.com\\\/wp-content\\\/uploads\\\/2020\\\/11\\\/Logo-PJ-New-1.png\",\"contentUrl\":\"https:\\\/\\\/static.purejewels.com\\\/wp-content\\\/uploads\\\/2020\\\/11\\\/Logo-PJ-New-1.png\",\"width\":150,\"height\":80,\"caption\":\"PureJewels UK\"},\"image\":{\"@id\":\"https:\\\/\\\/www.purejewels.com\\\/#\\\/schema\\\/logo\\\/image\\\/\"}}]}<\/script>\n<!-- \/ Yoast SEO plugin. -->","yoast_head_json":{"title":"22ct Gold Designer Armreif Paar Muster Gr\u00f6\u00dfe 2,6 | PureJewels UK","description":"Kaufen Sie ein Paar Armreifen aus 22 Karat Gold mit eingravierten Mustern und geometrischen Akzenten. Handgefertigt und in Gro\u00dfbritannien f\u00fcr Reinheit gepunzt.","robots":{"index":"index","follow":"follow","max-snippet":"max-snippet:-1","max-image-preview":"max-image-preview:large","max-video-preview":"max-video-preview:-1"},"canonical":"https:\/\/www.purejewels.com\/de\/produkt-2\/armreif-aus-22-karat-gold-13\/","og_locale":"de_DE","og_type":"article","og_title":"22ct Gold Designer Bangle Pair Pattern Size 2.6 | PureJewels UK","og_description":"Shop a pair of 22ct gold bangles featuring engraved patterns and geometric accents. Handcrafted and UK hallmarked for purity.","og_url":"https:\/\/www.purejewels.com\/de\/produkt-2\/armreif-aus-22-karat-gold-13\/","og_site_name":"PureJewels UK","article_modified_time":"2026-04-08T04:20:52+00:00","og_image":[{"width":1000,"height":1000,"url":"https:\/\/static.purejewels.com\/wp-content\/uploads\/2018\/09\/28158-28159.png","type":"image\/png"}],"twitter_card":"summary_large_image","twitter_misc":{"Gesch\u00e4tzte Lesezeit":"1\u00a0Minute"},"schema":{"@context":"https:\/\/schema.org","@graph":[{"@type":["WebPage","ItemPage"],"@id":"https:\/\/www.purejewels.com\/product\/22ct-gold-bangle-13\/","url":"https:\/\/www.purejewels.com\/product\/22ct-gold-bangle-13\/","name":"22ct Gold Designer Armreif Paar Muster Gr\u00f6\u00dfe 2,6 | PureJewels UK","isPartOf":{"@id":"https:\/\/www.purejewels.com\/#website"},"primaryImageOfPage":{"@id":"https:\/\/www.purejewels.com\/product\/22ct-gold-bangle-13\/#primaryimage"},"image":{"@id":"https:\/\/www.purejewels.com\/product\/22ct-gold-bangle-13\/#primaryimage"},"thumbnailUrl":"https:\/\/static.purejewels.com\/wp-content\/uploads\/2018\/09\/28158-28159.png","datePublished":"2018-09-28T11:03:06+00:00","dateModified":"2026-04-08T04:20:52+00:00","description":"Kaufen Sie ein Paar Armreifen aus 22 Karat Gold mit eingravierten Mustern und geometrischen Akzenten. Handgefertigt und in Gro\u00dfbritannien f\u00fcr Reinheit gepunzt.","breadcrumb":{"@id":"https:\/\/www.purejewels.com\/product\/22ct-gold-bangle-13\/#breadcrumb"},"inLanguage":"de","potentialAction":[{"@type":"ReadAction","target":["https:\/\/www.purejewels.com\/product\/22ct-gold-bangle-13\/"]}]},{"@type":"ImageObject","inLanguage":"de","@id":"https:\/\/www.purejewels.com\/product\/22ct-gold-bangle-13\/#primaryimage","url":"https:\/\/static.purejewels.com\/wp-content\/uploads\/2018\/09\/28158-28159.png","contentUrl":"https:\/\/static.purejewels.com\/wp-content\/uploads\/2018\/09\/28158-28159.png","width":1000,"height":1000,"caption":"22ct Gold Bangle set 28158-28159"},{"@type":"BreadcrumbList","@id":"https:\/\/www.purejewels.com\/product\/22ct-gold-bangle-13\/#breadcrumb","itemListElement":[{"@type":"ListItem","position":1,"name":"Home","item":"https:\/\/www.purejewels.com\/"},{"@type":"ListItem","position":2,"name":"Shop","item":"https:\/\/www.purejewels.com\/shop\/"},{"@type":"ListItem","position":3,"name":"22ct Gold Patterned Edge Bangle Pair for Women&#8217;s | Size 2.6"}]},{"@type":"WebSite","@id":"https:\/\/www.purejewels.com\/#website","url":"https:\/\/www.purejewels.com\/","name":"PureJewels UK","description":"Teile die Liebe","publisher":{"@id":"https:\/\/www.purejewels.com\/#organization"},"potentialAction":[{"@type":"SearchAction","target":{"@type":"EntryPoint","urlTemplate":"https:\/\/www.purejewels.com\/?s={search_term_string}"},"query-input":{"@type":"PropertyValueSpecification","valueRequired":true,"valueName":"search_term_string"}}],"inLanguage":"de"},{"@type":"Organization","@id":"https:\/\/www.purejewels.com\/#organization","name":"PureJewels UK","url":"https:\/\/www.purejewels.com\/","logo":{"@type":"ImageObject","inLanguage":"de","@id":"https:\/\/www.purejewels.com\/#\/schema\/logo\/image\/","url":"https:\/\/static.purejewels.com\/wp-content\/uploads\/2020\/11\/Logo-PJ-New-1.png","contentUrl":"https:\/\/static.purejewels.com\/wp-content\/uploads\/2020\/11\/Logo-PJ-New-1.png","width":150,"height":80,"caption":"PureJewels UK"},"image":{"@id":"https:\/\/www.purejewels.com\/#\/schema\/logo\/image\/"}}]}},"_links":{"self":[{"href":"https:\/\/www.purejewels.com\/de\/wp-json\/wp\/v2\/product\/303343","targetHints":{"allow":["GET"]}}],"collection":[{"href":"https:\/\/www.purejewels.com\/de\/wp-json\/wp\/v2\/product"}],"about":[{"href":"https:\/\/www.purejewels.com\/de\/wp-json\/wp\/v2\/types\/product"}],"replies":[{"embeddable":true,"href":"https:\/\/www.purejewels.com\/de\/wp-json\/wp\/v2\/comments?post=303343"}],"version-history":[{"count":4,"href":"https:\/\/www.purejewels.com\/de\/wp-json\/wp\/v2\/product\/303343\/revisions"}],"predecessor-version":[{"id":428180,"href":"https:\/\/www.purejewels.com\/de\/wp-json\/wp\/v2\/product\/303343\/revisions\/428180"}],"wp:featuredmedia":[{"embeddable":true,"href":"https:\/\/www.purejewels.com\/de\/wp-json\/wp\/v2\/media\/303344"}],"wp:attachment":[{"href":"https:\/\/www.purejewels.com\/de\/wp-json\/wp\/v2\/media?parent=303343"}],"wp:term":[{"taxonomy":"product_brand","embeddable":true,"href":"https:\/\/www.purejewels.com\/de\/wp-json\/wp\/v2\/product_brand?post=303343"},{"taxonomy":"product_cat","embeddable":true,"href":"https:\/\/www.purejewels.com\/de\/wp-json\/wp\/v2\/product_cat?post=303343"},{"taxonomy":"product_tag","embeddable":true,"href":"https:\/\/www.purejewels.com\/de\/wp-json\/wp\/v2\/product_tag?post=303343"}],"curies":[{"name":"wp","href":"https:\/\/api.w.org\/{rel}","templated":true}]}}