{"id":303352,"date":"2018-10-03T07:38:31","date_gmt":"2018-10-03T06:38:31","guid":{"rendered":"https:\/\/www.purejewels.com\/?post_type=product&#038;p=303352"},"modified":"2024-09-11T05:43:38","modified_gmt":"2024-09-11T04:43:38","slug":"anusha-22-kt-gold-kette","status":"publish","type":"product","link":"https:\/\/www.purejewels.com\/de\/product\/anusha-22ct-gold-chain\/","title":{"rendered":"Anusha 22 Karat Gold Hochzeitskette mit Goldperlen Design in 16 Zentimeter"},"content":{"rendered":"<p>Wenn kunstvoll gearbeitete Metallperlen miteinander verwoben oder verbunden werden, um eine sch\u00f6ne Silhouette wie die dieser Halskette oder einer \"Mala\" zu bilden, ist sie in Indien traditionell als \"Matar Malas\" bekannt. Die Matar Malas sind ausgefallene Perlen <a href=\"https:\/\/www.purejewels.com\/de\/product-category\/22ct-gold-jewellery\/gold-chains\/\">Ketten<\/a> die unabh\u00e4ngig voneinander getragen werden, um den Look leicht zu halten, aber dennoch einen Akzent zu setzen, und die auch in Schichten mit anderen Produkten getragen werden. <a href=\"https:\/\/www.purejewels.com\/de\/product-category\/22ct-gold-jewellery\/gold-necklaces\/\">Halsketten<\/a> um schwere und extravagante Looks zu kreieren.<\/p>\n<p>Diese besondere <a href=\"https:\/\/www.purejewels.com\/de\/product\/22ct-gold-pretty-ladies-bracelet-7-inches-42354\/\">Gold-K\u00fcgelchen<\/a> Kette Design von Purejewels ist wundersch\u00f6n von Hand von Grund auf von unseren Karigars in Indien gefertigt. Jede ausgefallene Perle in der Kette wurde aus reinem 22K Gold geschnitzt und weiter von Hand gemei\u00dfelt, um traditionelle Lotus-aussehende Muster um sie herum zu schaffen und weiter zart durch handgeschlagene Dr\u00e4hte verbunden, um diese sch\u00f6ne Halskette zu bilden. Stylen Sie diese Brautkette l\u00e4ssig mit Ihren Western, Kurtas oder Saris an festlichen Tagen, oder legen Sie sie sogar mit traditionellen schweren Halsketten zu Anl\u00e4ssen \u00fcbereinander, w\u00e4hrend Sie sich sch\u00f6n in Ihrem traditionellen Kleid kleiden. Sie k\u00f6nnen auch mehrere Anusha-Halsketten aus 22 Karat Gold \u00fcbereinander legen und so eine dramatische<br \/>\nsehen Sie selbst.<\/p>","protected":false},"excerpt":{"rendered":"<ul>\n<li>Anusha 22 Karat Gold Hochzeitskette mit Goldperlen Design<\/li>\n<li>Mit Ros\u00e9gold-Finish<\/li>\n<li>Wt. 11.5 g<\/li>\n<li>L\u00e4nge. 16\u2033Zoll<\/li>\n<li>SKU. 23580<\/li>\n<li>Alle Preise inklusive Mehrwertsteuer<\/li>\n<li>Alle unsere Produkte sind vom London Assay Office gestempelt.<\/li>\n<li>Alle Sets werden mit Pr\u00e4sentationsbox geliefert<\/li>\n<li>Lieferung inbegriffen<\/li>\n<li>Kontaktieren Sie uns \/ chatten Sie mit uns, um die gesamte Palette der 22 Karat Gold Halskette zu sehen<\/li>\n<\/ul>","protected":false},"featured_media":314150,"comment_status":"closed","ping_status":"closed","template":"","meta":{"_eb_attr":"","_crsspst_to_jayantr4sg-hostcom":false},"product_brand":[],"product_cat":[256,1617,1559,1475,1779,1574],"product_tag":[],"class_list":{"0":"post-303352","1":"product","2":"type-product","3":"status-publish","4":"has-post-thumbnail","6":"product_cat-anusha-collections","7":"product_cat-fancy-mala-chains","8":"product_cat-birthday-gifts","9":"product_cat-gold-chains","10":"product_cat-mala-style-necklaces","11":"product_cat-womens-jewellery","13":"first","14":"outofstock","15":"taxable","16":"shipping-taxable","17":"product-type-simple","18":"add-to-wishlist-before_image"},"yoast_head":"<!-- This site is optimized with the Yoast SEO plugin v27.3 - https:\/\/yoast.com\/product\/yoast-seo-wordpress\/ -->\n<title>Anusha 22ct Gold Bridal Chain with gold beads Design in 16 Inches<\/title>\n<meta name=\"description\" content=\"Browse our 22 carat Real Gold Bridal Chain with gold beads Design in 16 Inches from Anusha Collection. Shop Online Today from purejewels.com\" \/>\n<meta name=\"robots\" content=\"index, follow, max-snippet:-1, max-image-preview:large, max-video-preview:-1\" \/>\n<link rel=\"canonical\" href=\"https:\/\/www.purejewels.com\/de\/produkt-2\/anusha-22-kt-gold-kette\/\" \/>\n<meta property=\"og:locale\" content=\"de_DE\" \/>\n<meta property=\"og:type\" content=\"article\" \/>\n<meta property=\"og:title\" content=\"Anusha 22ct Gold Bridal Chain with gold beads Design in 16 Inches\" \/>\n<meta property=\"og:description\" content=\"Browse our 22 carat Real Gold Bridal Chain with gold beads Design in 16 Inches from Anusha Collection. Shop Online Today from purejewels.com\" \/>\n<meta property=\"og:url\" content=\"https:\/\/www.purejewels.com\/de\/produkt-2\/anusha-22-kt-gold-kette\/\" \/>\n<meta property=\"og:site_name\" content=\"PureJewels UK\" \/>\n<meta property=\"article:modified_time\" content=\"2024-09-11T04:43:38+00:00\" \/>\n<meta property=\"og:image\" content=\"https:\/\/www.purejewels.com\/wp-content\/uploads\/2020\/05\/133373809.png\" \/>\n\t<meta property=\"og:image:width\" content=\"1000\" \/>\n\t<meta property=\"og:image:height\" content=\"1000\" \/>\n\t<meta property=\"og:image:type\" content=\"image\/png\" \/>\n<meta name=\"twitter:card\" content=\"summary_large_image\" \/>\n<meta name=\"twitter:label1\" content=\"Gesch\u00e4tzte Lesezeit\" \/>\n\t<meta name=\"twitter:data1\" content=\"1\u00a0Minute\" \/>\n<script type=\"application\/ld+json\" class=\"yoast-schema-graph\">{\"@context\":\"https:\\\/\\\/schema.org\",\"@graph\":[{\"@type\":[\"WebPage\",\"ItemPage\"],\"@id\":\"https:\\\/\\\/www.purejewels.com\\\/product\\\/anusha-22ct-gold-chain\\\/\",\"url\":\"https:\\\/\\\/www.purejewels.com\\\/product\\\/anusha-22ct-gold-chain\\\/\",\"name\":\"Anusha 22ct Gold Bridal Chain with gold beads Design in 16 Inches\",\"isPartOf\":{\"@id\":\"https:\\\/\\\/www.purejewels.com\\\/#website\"},\"primaryImageOfPage\":{\"@id\":\"https:\\\/\\\/www.purejewels.com\\\/product\\\/anusha-22ct-gold-chain\\\/#primaryimage\"},\"image\":{\"@id\":\"https:\\\/\\\/www.purejewels.com\\\/product\\\/anusha-22ct-gold-chain\\\/#primaryimage\"},\"thumbnailUrl\":\"https:\\\/\\\/static.purejewels.com\\\/wp-content\\\/uploads\\\/2020\\\/05\\\/133373809.png\",\"datePublished\":\"2018-10-03T06:38:31+00:00\",\"dateModified\":\"2024-09-11T04:43:38+00:00\",\"description\":\"Browse our 22 carat Real Gold Bridal Chain with gold beads Design in 16 Inches from Anusha Collection. Shop Online Today from purejewels.com\",\"breadcrumb\":{\"@id\":\"https:\\\/\\\/www.purejewels.com\\\/product\\\/anusha-22ct-gold-chain\\\/#breadcrumb\"},\"inLanguage\":\"de\",\"potentialAction\":[{\"@type\":\"ReadAction\",\"target\":[\"https:\\\/\\\/www.purejewels.com\\\/product\\\/anusha-22ct-gold-chain\\\/\"]}]},{\"@type\":\"ImageObject\",\"inLanguage\":\"de\",\"@id\":\"https:\\\/\\\/www.purejewels.com\\\/product\\\/anusha-22ct-gold-chain\\\/#primaryimage\",\"url\":\"https:\\\/\\\/static.purejewels.com\\\/wp-content\\\/uploads\\\/2020\\\/05\\\/133373809.png\",\"contentUrl\":\"https:\\\/\\\/static.purejewels.com\\\/wp-content\\\/uploads\\\/2020\\\/05\\\/133373809.png\",\"width\":1000,\"height\":1000,\"caption\":\"Anusha 22 carat Gold Bridal Chain with gold beads DesignWith Rose gold finishWt. 11.5 gLength. 16\\\"inchesSKU. 23580All prices include VATAll our products are hallmarked by London Assay OfficeAll Sets Comes With Presentation BoxDelivery IncludedContact us \\\/ chat with us to see entire range of 22 carat Gold Necklace\"},{\"@type\":\"BreadcrumbList\",\"@id\":\"https:\\\/\\\/www.purejewels.com\\\/product\\\/anusha-22ct-gold-chain\\\/#breadcrumb\",\"itemListElement\":[{\"@type\":\"ListItem\",\"position\":1,\"name\":\"Home\",\"item\":\"https:\\\/\\\/www.purejewels.com\\\/\"},{\"@type\":\"ListItem\",\"position\":2,\"name\":\"Shop\",\"item\":\"https:\\\/\\\/www.purejewels.com\\\/shop\\\/\"},{\"@type\":\"ListItem\",\"position\":3,\"name\":\"Anusha 22 carat Gold Bridal Chain with gold beads Design in 16 Inches\"}]},{\"@type\":\"WebSite\",\"@id\":\"https:\\\/\\\/www.purejewels.com\\\/#website\",\"url\":\"https:\\\/\\\/www.purejewels.com\\\/\",\"name\":\"PureJewels UK\",\"description\":\"Share the Love\",\"publisher\":{\"@id\":\"https:\\\/\\\/www.purejewels.com\\\/#organization\"},\"potentialAction\":[{\"@type\":\"SearchAction\",\"target\":{\"@type\":\"EntryPoint\",\"urlTemplate\":\"https:\\\/\\\/www.purejewels.com\\\/?s={search_term_string}\"},\"query-input\":{\"@type\":\"PropertyValueSpecification\",\"valueRequired\":true,\"valueName\":\"search_term_string\"}}],\"inLanguage\":\"de\"},{\"@type\":\"Organization\",\"@id\":\"https:\\\/\\\/www.purejewels.com\\\/#organization\",\"name\":\"PureJewels UK\",\"url\":\"https:\\\/\\\/www.purejewels.com\\\/\",\"logo\":{\"@type\":\"ImageObject\",\"inLanguage\":\"de\",\"@id\":\"https:\\\/\\\/www.purejewels.com\\\/#\\\/schema\\\/logo\\\/image\\\/\",\"url\":\"https:\\\/\\\/static.purejewels.com\\\/wp-content\\\/uploads\\\/2020\\\/11\\\/Logo-PJ-New-1.png\",\"contentUrl\":\"https:\\\/\\\/static.purejewels.com\\\/wp-content\\\/uploads\\\/2020\\\/11\\\/Logo-PJ-New-1.png\",\"width\":150,\"height\":80,\"caption\":\"PureJewels UK\"},\"image\":{\"@id\":\"https:\\\/\\\/www.purejewels.com\\\/#\\\/schema\\\/logo\\\/image\\\/\"}}]}<\/script>\n<!-- \/ Yoast SEO plugin. -->","yoast_head_json":{"title":"Anusha 22ct Gold Hochzeitskette mit Goldperlen Design in 16 Zoll","description":"Durchsuchen Sie unsere 22 Karat Echtgold Brautkette mit Goldperlen Design in 16 Zoll von Anusha Collection. Shop Online Heute von purejewels.com","robots":{"index":"index","follow":"follow","max-snippet":"max-snippet:-1","max-image-preview":"max-image-preview:large","max-video-preview":"max-video-preview:-1"},"canonical":"https:\/\/www.purejewels.com\/de\/produkt-2\/anusha-22-kt-gold-kette\/","og_locale":"de_DE","og_type":"article","og_title":"Anusha 22ct Gold Bridal Chain with gold beads Design in 16 Inches","og_description":"Browse our 22 carat Real Gold Bridal Chain with gold beads Design in 16 Inches from Anusha Collection. Shop Online Today from purejewels.com","og_url":"https:\/\/www.purejewels.com\/de\/produkt-2\/anusha-22-kt-gold-kette\/","og_site_name":"PureJewels UK","article_modified_time":"2024-09-11T04:43:38+00:00","og_image":[{"width":1000,"height":1000,"url":"https:\/\/www.purejewels.com\/wp-content\/uploads\/2020\/05\/133373809.png","type":"image\/png"}],"twitter_card":"summary_large_image","twitter_misc":{"Gesch\u00e4tzte Lesezeit":"1\u00a0Minute"},"schema":{"@context":"https:\/\/schema.org","@graph":[{"@type":["WebPage","ItemPage"],"@id":"https:\/\/www.purejewels.com\/product\/anusha-22ct-gold-chain\/","url":"https:\/\/www.purejewels.com\/product\/anusha-22ct-gold-chain\/","name":"Anusha 22ct Gold Hochzeitskette mit Goldperlen Design in 16 Zoll","isPartOf":{"@id":"https:\/\/www.purejewels.com\/#website"},"primaryImageOfPage":{"@id":"https:\/\/www.purejewels.com\/product\/anusha-22ct-gold-chain\/#primaryimage"},"image":{"@id":"https:\/\/www.purejewels.com\/product\/anusha-22ct-gold-chain\/#primaryimage"},"thumbnailUrl":"https:\/\/static.purejewels.com\/wp-content\/uploads\/2020\/05\/133373809.png","datePublished":"2018-10-03T06:38:31+00:00","dateModified":"2024-09-11T04:43:38+00:00","description":"Durchsuchen Sie unsere 22 Karat Echtgold Brautkette mit Goldperlen Design in 16 Zoll von Anusha Collection. Shop Online Heute von purejewels.com","breadcrumb":{"@id":"https:\/\/www.purejewels.com\/product\/anusha-22ct-gold-chain\/#breadcrumb"},"inLanguage":"de","potentialAction":[{"@type":"ReadAction","target":["https:\/\/www.purejewels.com\/product\/anusha-22ct-gold-chain\/"]}]},{"@type":"ImageObject","inLanguage":"de","@id":"https:\/\/www.purejewels.com\/product\/anusha-22ct-gold-chain\/#primaryimage","url":"https:\/\/static.purejewels.com\/wp-content\/uploads\/2020\/05\/133373809.png","contentUrl":"https:\/\/static.purejewels.com\/wp-content\/uploads\/2020\/05\/133373809.png","width":1000,"height":1000,"caption":"Anusha 22 carat Gold Bridal Chain with gold beads DesignWith Rose gold finishWt. 11.5 gLength. 16\"inchesSKU. 23580All prices include VATAll our products are hallmarked by London Assay OfficeAll Sets Comes With Presentation BoxDelivery IncludedContact us \/ chat with us to see entire range of 22 carat Gold Necklace"},{"@type":"BreadcrumbList","@id":"https:\/\/www.purejewels.com\/product\/anusha-22ct-gold-chain\/#breadcrumb","itemListElement":[{"@type":"ListItem","position":1,"name":"Home","item":"https:\/\/www.purejewels.com\/"},{"@type":"ListItem","position":2,"name":"Shop","item":"https:\/\/www.purejewels.com\/shop\/"},{"@type":"ListItem","position":3,"name":"Anusha 22 carat Gold Bridal Chain with gold beads Design in 16 Inches"}]},{"@type":"WebSite","@id":"https:\/\/www.purejewels.com\/#website","url":"https:\/\/www.purejewels.com\/","name":"PureJewels UK","description":"Teile die Liebe","publisher":{"@id":"https:\/\/www.purejewels.com\/#organization"},"potentialAction":[{"@type":"SearchAction","target":{"@type":"EntryPoint","urlTemplate":"https:\/\/www.purejewels.com\/?s={search_term_string}"},"query-input":{"@type":"PropertyValueSpecification","valueRequired":true,"valueName":"search_term_string"}}],"inLanguage":"de"},{"@type":"Organization","@id":"https:\/\/www.purejewels.com\/#organization","name":"PureJewels UK","url":"https:\/\/www.purejewels.com\/","logo":{"@type":"ImageObject","inLanguage":"de","@id":"https:\/\/www.purejewels.com\/#\/schema\/logo\/image\/","url":"https:\/\/static.purejewels.com\/wp-content\/uploads\/2020\/11\/Logo-PJ-New-1.png","contentUrl":"https:\/\/static.purejewels.com\/wp-content\/uploads\/2020\/11\/Logo-PJ-New-1.png","width":150,"height":80,"caption":"PureJewels UK"},"image":{"@id":"https:\/\/www.purejewels.com\/#\/schema\/logo\/image\/"}}]}},"_links":{"self":[{"href":"https:\/\/www.purejewels.com\/de\/wp-json\/wp\/v2\/product\/303352","targetHints":{"allow":["GET"]}}],"collection":[{"href":"https:\/\/www.purejewels.com\/de\/wp-json\/wp\/v2\/product"}],"about":[{"href":"https:\/\/www.purejewels.com\/de\/wp-json\/wp\/v2\/types\/product"}],"replies":[{"embeddable":true,"href":"https:\/\/www.purejewels.com\/de\/wp-json\/wp\/v2\/comments?post=303352"}],"version-history":[{"count":1,"href":"https:\/\/www.purejewels.com\/de\/wp-json\/wp\/v2\/product\/303352\/revisions"}],"predecessor-version":[{"id":370987,"href":"https:\/\/www.purejewels.com\/de\/wp-json\/wp\/v2\/product\/303352\/revisions\/370987"}],"wp:featuredmedia":[{"embeddable":true,"href":"https:\/\/www.purejewels.com\/de\/wp-json\/wp\/v2\/media\/314150"}],"wp:attachment":[{"href":"https:\/\/www.purejewels.com\/de\/wp-json\/wp\/v2\/media?parent=303352"}],"wp:term":[{"taxonomy":"product_brand","embeddable":true,"href":"https:\/\/www.purejewels.com\/de\/wp-json\/wp\/v2\/product_brand?post=303352"},{"taxonomy":"product_cat","embeddable":true,"href":"https:\/\/www.purejewels.com\/de\/wp-json\/wp\/v2\/product_cat?post=303352"},{"taxonomy":"product_tag","embeddable":true,"href":"https:\/\/www.purejewels.com\/de\/wp-json\/wp\/v2\/product_tag?post=303352"}],"curies":[{"name":"wp","href":"https:\/\/api.w.org\/{rel}","templated":true}]}}