{"id":303372,"date":"2018-10-03T09:08:02","date_gmt":"2018-10-03T08:08:02","guid":{"rendered":"https:\/\/www.purejewels.com\/?post_type=product&#038;p=303372"},"modified":"2026-01-23T10:27:53","modified_gmt":"2026-01-23T10:27:53","slug":"anusha-22ct-gold-ohrring-2","status":"publish","type":"product","link":"https:\/\/www.purejewels.com\/de\/product\/anusha-22ct-gold-earring-2\/","title":{"rendered":"Anusha 22ct Gold Polki &amp; Perle Tropfen Ohrringe mit Rose Gold"},"content":{"rendered":"<p>Gestaltung<\/p>\n<p>Diese Tropfenohrringe zeichnen sich durch ihren eleganten vertikalen Verlauf aus, der mit einem floralen, mit Polki-Steinen besetzten Ohrstecker beginnt und sich zu weichen Perlentropfen entfaltet, die von kaskadenf\u00f6rmigen Goldketten eingerahmt werden. Das Zusammenspiel von Polki-Steinen und leuchtenden Perlen schafft Tiefe, Textur und sanfte Bewegung. Ros\u00e9goldene Akzente sorgen f\u00fcr W\u00e4rme und Kontrast und verleihen dem Design einen raffinierten Brautcharakter.<\/p>\n<p>Handwerkliches K\u00f6nnen<\/p>\n<p>Diese in Handarbeit aus 22-kar\u00e4tigem Gold gefertigten Ohrringe zeigen traditionelle Steinfassungstechniken in Kombination mit feiner Kettenarbeit. Die Polki-Steine werden sorgf\u00e4ltig gefasst, um ihren nat\u00fcrlichen Glanz zu betonen, w\u00e4hrend die Perlen wegen ihres sanften Glanzes einzeln ausgew\u00e4hlt werden. Jedes Paar ist mit Ros\u00e9gold veredelt und in Gro\u00dfbritannien f\u00fcr die Reinheitszertifizierung gestempelt. Es spiegelt das Engagement von PureJewels f\u00fcr Handwerkskunst und Details wider.<\/p>\n<p>Styling &amp; Geschenkartikel<\/p>\n<p>Diese Ohrringe eignen sich perfekt f\u00fcr Brautkleider, Hochzeitsfeiern und besondere Anl\u00e4sse und passen wunderbar zu Lehengas, Saris und moderner indischer Anlasskleidung. Ihre elegante L\u00e4nge und die sanfte Bewegung machen sie zu einer auff\u00e4lligen Wahl f\u00fcr Abendveranstaltungen. Ein durchdachtes Geschenk f\u00fcr Hochzeiten, Jubil\u00e4en oder besondere Anl\u00e4sse, das zeitlose Anziehungskraft und kulturellen Reichtum bietet.<\/p>","protected":false},"excerpt":{"rendered":"<ul>\n<li>Ohrring aus 22 Karat Gold mit Ros\u00e9gold-Finish<\/li>\n<li>Mit Polki und Perlensteinen.<\/li>\n<li>Wt. 9.7 g<\/li>\n<li>Gepunzt von London Assay Office<\/li>\n<li>Mit Pr\u00e4sentationsbox<\/li>\n<li>Lieferung inbegriffen<\/li>\n<li>Alle Preise inklusive Mehrwertsteuer<\/li>\n<li>Entdecken Sie unsere Kollektion\u00a0<strong>Ohrringe f\u00fcr Braut und Hochzeit<\/strong><\/li>\n<li>Live-Chat mit uns f\u00fcr die Verf\u00fcgbarkeit und mehr Bilder von \u00e4hnlichen Designs derzeit auf Lager<\/li>\n<\/ul>","protected":false},"featured_media":303374,"comment_status":"closed","ping_status":"closed","template":"","meta":{"_eb_attr":"","_crsspst_to_jayantr4sg-hostcom":false},"product_brand":[],"product_cat":[256,1625,1685,1229,1574],"product_tag":[],"class_list":{"0":"post-303372","1":"product","2":"type-product","3":"status-publish","4":"has-post-thumbnail","6":"product_cat-anusha-collections","7":"product_cat-bridal-set","8":"product_cat-drop-earrings","9":"product_cat-22ct-gold-jewellery","10":"product_cat-womens-jewellery","12":"first","13":"outofstock","14":"taxable","15":"shipping-taxable","16":"product-type-simple","17":"add-to-wishlist-before_image"},"yoast_head":"<!-- This site is optimized with the Yoast SEO plugin v27.3 - https:\/\/yoast.com\/product\/yoast-seo-wordpress\/ -->\n<title>22ct Gold Polki &amp; Pearl Drop Earrings | Online at PureJewels UK<\/title>\n<meta name=\"description\" content=\"Shop 22ct Gold Polki &amp; Pearl Drop Earrings from PureJewels UK. Featuring rose gold accents and cascading pearl chains, these handcrafted earrings bring traditional elegance to bridal and festive looks.\" \/>\n<meta name=\"robots\" content=\"index, follow, max-snippet:-1, max-image-preview:large, max-video-preview:-1\" \/>\n<link rel=\"canonical\" href=\"https:\/\/www.purejewels.com\/de\/produkt-2\/anusha-22ct-gold-ohrring-2\/\" \/>\n<meta property=\"og:locale\" content=\"de_DE\" \/>\n<meta property=\"og:type\" content=\"article\" \/>\n<meta property=\"og:title\" content=\"22ct Gold Polki &amp; Pearl Drop Earrings | Online at PureJewels UK\" \/>\n<meta property=\"og:description\" content=\"Shop 22ct Gold Polki &amp; Pearl Drop Earrings from PureJewels UK. Featuring rose gold accents and cascading pearl chains, these handcrafted earrings bring traditional elegance to bridal and festive looks.\" \/>\n<meta property=\"og:url\" content=\"https:\/\/www.purejewels.com\/de\/produkt-2\/anusha-22ct-gold-ohrring-2\/\" \/>\n<meta property=\"og:site_name\" content=\"PureJewels UK\" \/>\n<meta property=\"article:modified_time\" content=\"2026-01-23T10:27:53+00:00\" \/>\n<meta property=\"og:image\" content=\"https:\/\/static.purejewels.com\/wp-content\/uploads\/2018\/10\/27199_1.png\" \/>\n\t<meta property=\"og:image:width\" content=\"1000\" \/>\n\t<meta property=\"og:image:height\" content=\"1000\" \/>\n\t<meta property=\"og:image:type\" content=\"image\/png\" \/>\n<meta name=\"twitter:card\" content=\"summary_large_image\" \/>\n<meta name=\"twitter:label1\" content=\"Gesch\u00e4tzte Lesezeit\" \/>\n\t<meta name=\"twitter:data1\" content=\"1\u00a0Minute\" \/>\n<script type=\"application\/ld+json\" class=\"yoast-schema-graph\">{\"@context\":\"https:\\\/\\\/schema.org\",\"@graph\":[{\"@type\":[\"WebPage\",\"ItemPage\"],\"@id\":\"https:\\\/\\\/www.purejewels.com\\\/product\\\/anusha-22ct-gold-earring-2\\\/\",\"url\":\"https:\\\/\\\/www.purejewels.com\\\/product\\\/anusha-22ct-gold-earring-2\\\/\",\"name\":\"22ct Gold Polki & Pearl Drop Earrings | Online at PureJewels UK\",\"isPartOf\":{\"@id\":\"https:\\\/\\\/www.purejewels.com\\\/#website\"},\"primaryImageOfPage\":{\"@id\":\"https:\\\/\\\/www.purejewels.com\\\/product\\\/anusha-22ct-gold-earring-2\\\/#primaryimage\"},\"image\":{\"@id\":\"https:\\\/\\\/www.purejewels.com\\\/product\\\/anusha-22ct-gold-earring-2\\\/#primaryimage\"},\"thumbnailUrl\":\"https:\\\/\\\/static.purejewels.com\\\/wp-content\\\/uploads\\\/2018\\\/10\\\/27199_1.png\",\"datePublished\":\"2018-10-03T08:08:02+00:00\",\"dateModified\":\"2026-01-23T10:27:53+00:00\",\"description\":\"Shop 22ct Gold Polki & Pearl Drop Earrings from PureJewels UK. Featuring rose gold accents and cascading pearl chains, these handcrafted earrings bring traditional elegance to bridal and festive looks.\",\"breadcrumb\":{\"@id\":\"https:\\\/\\\/www.purejewels.com\\\/product\\\/anusha-22ct-gold-earring-2\\\/#breadcrumb\"},\"inLanguage\":\"de\",\"potentialAction\":[{\"@type\":\"ReadAction\",\"target\":[\"https:\\\/\\\/www.purejewels.com\\\/product\\\/anusha-22ct-gold-earring-2\\\/\"]}]},{\"@type\":\"ImageObject\",\"inLanguage\":\"de\",\"@id\":\"https:\\\/\\\/www.purejewels.com\\\/product\\\/anusha-22ct-gold-earring-2\\\/#primaryimage\",\"url\":\"https:\\\/\\\/static.purejewels.com\\\/wp-content\\\/uploads\\\/2018\\\/10\\\/27199_1.png\",\"contentUrl\":\"https:\\\/\\\/static.purejewels.com\\\/wp-content\\\/uploads\\\/2018\\\/10\\\/27199_1.png\",\"width\":1000,\"height\":1000,\"caption\":\"27199_1\"},{\"@type\":\"BreadcrumbList\",\"@id\":\"https:\\\/\\\/www.purejewels.com\\\/product\\\/anusha-22ct-gold-earring-2\\\/#breadcrumb\",\"itemListElement\":[{\"@type\":\"ListItem\",\"position\":1,\"name\":\"Home\",\"item\":\"https:\\\/\\\/www.purejewels.com\\\/\"},{\"@type\":\"ListItem\",\"position\":2,\"name\":\"Shop\",\"item\":\"https:\\\/\\\/www.purejewels.com\\\/shop\\\/\"},{\"@type\":\"ListItem\",\"position\":3,\"name\":\"Anusha 22ct Gold Polki &#038; Pearl Drop Earrings with Rose Gold\"}]},{\"@type\":\"WebSite\",\"@id\":\"https:\\\/\\\/www.purejewels.com\\\/#website\",\"url\":\"https:\\\/\\\/www.purejewels.com\\\/\",\"name\":\"PureJewels UK\",\"description\":\"Share the Love\",\"publisher\":{\"@id\":\"https:\\\/\\\/www.purejewels.com\\\/#organization\"},\"potentialAction\":[{\"@type\":\"SearchAction\",\"target\":{\"@type\":\"EntryPoint\",\"urlTemplate\":\"https:\\\/\\\/www.purejewels.com\\\/?s={search_term_string}\"},\"query-input\":{\"@type\":\"PropertyValueSpecification\",\"valueRequired\":true,\"valueName\":\"search_term_string\"}}],\"inLanguage\":\"de\"},{\"@type\":\"Organization\",\"@id\":\"https:\\\/\\\/www.purejewels.com\\\/#organization\",\"name\":\"PureJewels UK\",\"url\":\"https:\\\/\\\/www.purejewels.com\\\/\",\"logo\":{\"@type\":\"ImageObject\",\"inLanguage\":\"de\",\"@id\":\"https:\\\/\\\/www.purejewels.com\\\/#\\\/schema\\\/logo\\\/image\\\/\",\"url\":\"https:\\\/\\\/static.purejewels.com\\\/wp-content\\\/uploads\\\/2020\\\/11\\\/Logo-PJ-New-1.png\",\"contentUrl\":\"https:\\\/\\\/static.purejewels.com\\\/wp-content\\\/uploads\\\/2020\\\/11\\\/Logo-PJ-New-1.png\",\"width\":150,\"height\":80,\"caption\":\"PureJewels UK\"},\"image\":{\"@id\":\"https:\\\/\\\/www.purejewels.com\\\/#\\\/schema\\\/logo\\\/image\\\/\"}}]}<\/script>\n<!-- \/ Yoast SEO plugin. -->","yoast_head_json":{"title":"22ct Gold Polki &amp; Perle Tropfen Ohrringe | Online bei PureJewels UK","description":"Shoppen Sie 22ct Gold Polki &amp; Pearl Drop Earrings von PureJewels UK. Mit Ros\u00e9gold-Akzenten und kaskadierenden Perlenketten bringen diese handgefertigten Ohrringe traditionelle Eleganz zu Braut- und Festtagslooks.","robots":{"index":"index","follow":"follow","max-snippet":"max-snippet:-1","max-image-preview":"max-image-preview:large","max-video-preview":"max-video-preview:-1"},"canonical":"https:\/\/www.purejewels.com\/de\/produkt-2\/anusha-22ct-gold-ohrring-2\/","og_locale":"de_DE","og_type":"article","og_title":"22ct Gold Polki & Pearl Drop Earrings | Online at PureJewels UK","og_description":"Shop 22ct Gold Polki & Pearl Drop Earrings from PureJewels UK. Featuring rose gold accents and cascading pearl chains, these handcrafted earrings bring traditional elegance to bridal and festive looks.","og_url":"https:\/\/www.purejewels.com\/de\/produkt-2\/anusha-22ct-gold-ohrring-2\/","og_site_name":"PureJewels UK","article_modified_time":"2026-01-23T10:27:53+00:00","og_image":[{"width":1000,"height":1000,"url":"https:\/\/static.purejewels.com\/wp-content\/uploads\/2018\/10\/27199_1.png","type":"image\/png"}],"twitter_card":"summary_large_image","twitter_misc":{"Gesch\u00e4tzte Lesezeit":"1\u00a0Minute"},"schema":{"@context":"https:\/\/schema.org","@graph":[{"@type":["WebPage","ItemPage"],"@id":"https:\/\/www.purejewels.com\/product\/anusha-22ct-gold-earring-2\/","url":"https:\/\/www.purejewels.com\/product\/anusha-22ct-gold-earring-2\/","name":"22ct Gold Polki &amp; Perle Tropfen Ohrringe | Online bei PureJewels UK","isPartOf":{"@id":"https:\/\/www.purejewels.com\/#website"},"primaryImageOfPage":{"@id":"https:\/\/www.purejewels.com\/product\/anusha-22ct-gold-earring-2\/#primaryimage"},"image":{"@id":"https:\/\/www.purejewels.com\/product\/anusha-22ct-gold-earring-2\/#primaryimage"},"thumbnailUrl":"https:\/\/static.purejewels.com\/wp-content\/uploads\/2018\/10\/27199_1.png","datePublished":"2018-10-03T08:08:02+00:00","dateModified":"2026-01-23T10:27:53+00:00","description":"Shoppen Sie 22ct Gold Polki &amp; Pearl Drop Earrings von PureJewels UK. Mit Ros\u00e9gold-Akzenten und kaskadierenden Perlenketten bringen diese handgefertigten Ohrringe traditionelle Eleganz zu Braut- und Festtagslooks.","breadcrumb":{"@id":"https:\/\/www.purejewels.com\/product\/anusha-22ct-gold-earring-2\/#breadcrumb"},"inLanguage":"de","potentialAction":[{"@type":"ReadAction","target":["https:\/\/www.purejewels.com\/product\/anusha-22ct-gold-earring-2\/"]}]},{"@type":"ImageObject","inLanguage":"de","@id":"https:\/\/www.purejewels.com\/product\/anusha-22ct-gold-earring-2\/#primaryimage","url":"https:\/\/static.purejewels.com\/wp-content\/uploads\/2018\/10\/27199_1.png","contentUrl":"https:\/\/static.purejewels.com\/wp-content\/uploads\/2018\/10\/27199_1.png","width":1000,"height":1000,"caption":"27199_1"},{"@type":"BreadcrumbList","@id":"https:\/\/www.purejewels.com\/product\/anusha-22ct-gold-earring-2\/#breadcrumb","itemListElement":[{"@type":"ListItem","position":1,"name":"Home","item":"https:\/\/www.purejewels.com\/"},{"@type":"ListItem","position":2,"name":"Shop","item":"https:\/\/www.purejewels.com\/shop\/"},{"@type":"ListItem","position":3,"name":"Anusha 22ct Gold Polki &#038; Pearl Drop Earrings with Rose Gold"}]},{"@type":"WebSite","@id":"https:\/\/www.purejewels.com\/#website","url":"https:\/\/www.purejewels.com\/","name":"PureJewels UK","description":"Teile die Liebe","publisher":{"@id":"https:\/\/www.purejewels.com\/#organization"},"potentialAction":[{"@type":"SearchAction","target":{"@type":"EntryPoint","urlTemplate":"https:\/\/www.purejewels.com\/?s={search_term_string}"},"query-input":{"@type":"PropertyValueSpecification","valueRequired":true,"valueName":"search_term_string"}}],"inLanguage":"de"},{"@type":"Organization","@id":"https:\/\/www.purejewels.com\/#organization","name":"PureJewels UK","url":"https:\/\/www.purejewels.com\/","logo":{"@type":"ImageObject","inLanguage":"de","@id":"https:\/\/www.purejewels.com\/#\/schema\/logo\/image\/","url":"https:\/\/static.purejewels.com\/wp-content\/uploads\/2020\/11\/Logo-PJ-New-1.png","contentUrl":"https:\/\/static.purejewels.com\/wp-content\/uploads\/2020\/11\/Logo-PJ-New-1.png","width":150,"height":80,"caption":"PureJewels UK"},"image":{"@id":"https:\/\/www.purejewels.com\/#\/schema\/logo\/image\/"}}]}},"_links":{"self":[{"href":"https:\/\/www.purejewels.com\/de\/wp-json\/wp\/v2\/product\/303372","targetHints":{"allow":["GET"]}}],"collection":[{"href":"https:\/\/www.purejewels.com\/de\/wp-json\/wp\/v2\/product"}],"about":[{"href":"https:\/\/www.purejewels.com\/de\/wp-json\/wp\/v2\/types\/product"}],"replies":[{"embeddable":true,"href":"https:\/\/www.purejewels.com\/de\/wp-json\/wp\/v2\/comments?post=303372"}],"version-history":[{"count":4,"href":"https:\/\/www.purejewels.com\/de\/wp-json\/wp\/v2\/product\/303372\/revisions"}],"predecessor-version":[{"id":425177,"href":"https:\/\/www.purejewels.com\/de\/wp-json\/wp\/v2\/product\/303372\/revisions\/425177"}],"wp:featuredmedia":[{"embeddable":true,"href":"https:\/\/www.purejewels.com\/de\/wp-json\/wp\/v2\/media\/303374"}],"wp:attachment":[{"href":"https:\/\/www.purejewels.com\/de\/wp-json\/wp\/v2\/media?parent=303372"}],"wp:term":[{"taxonomy":"product_brand","embeddable":true,"href":"https:\/\/www.purejewels.com\/de\/wp-json\/wp\/v2\/product_brand?post=303372"},{"taxonomy":"product_cat","embeddable":true,"href":"https:\/\/www.purejewels.com\/de\/wp-json\/wp\/v2\/product_cat?post=303372"},{"taxonomy":"product_tag","embeddable":true,"href":"https:\/\/www.purejewels.com\/de\/wp-json\/wp\/v2\/product_tag?post=303372"}],"curies":[{"name":"wp","href":"https:\/\/api.w.org\/{rel}","templated":true}]}}