{"id":303596,"date":"2018-10-05T12:28:30","date_gmt":"2018-10-05T11:28:30","guid":{"rendered":"https:\/\/www.purejewels.com\/?post_type=product&#038;p=303596"},"modified":"2026-01-23T10:32:43","modified_gmt":"2026-01-23T10:32:43","slug":"anusha-22ct-gold-ohrring-3","status":"publish","type":"product","link":"https:\/\/www.purejewels.com\/de\/product\/anusha-22ct-gold-earring-3\/","title":{"rendered":"Polki-Tropfenohrringe aus 22 Karat Gold mit floralem Ohrstecker"},"content":{"rendered":"<p>Gestaltung<\/p>\n<p>Diese Ohrringe gehen von einem zarten floralen Polki-Stein in eine l\u00e4ngliche Tropfenform \u00fcber und schaffen so eine wunderbar ausgewogene Silhouette. Der zentrale goldene Tropfen wird von Schichten aus Polki-Steinen umrahmt, die ihm Licht und Dimension verleihen, w\u00e4hrend der h\u00e4ngende untere Tropfen f\u00fcr sanfte Bewegung sorgt. Das Design ist von traditionellen Motiven inspiriert, die mit raffinierter Symmetrie und Proportion neu interpretiert wurden.<\/p>\n<p>Handwerkliches K\u00f6nnen<\/p>\n<p>Diese in Handarbeit aus 22-kar\u00e4tigem Gold gefertigten Ohrringe zeigen eine klassische Polki-Steinfassung in Kombination mit gravierten Golddetails in der Mitte. Jedes Element wird sorgf\u00e4ltig zusammengesetzt, um Klarheit, Struktur und Fluss zu erhalten. Der mehrschichtige Aufbau unterstreicht das handwerkliche Geschick und die Liebe zum Detail und unterstreicht die W\u00e4rme des Goldes. Jedes Paar ist im Vereinigten K\u00f6nigreich f\u00fcr die Reinheitspr\u00fcfung gepunzt und spiegelt das Engagement von PureJewels f\u00fcr Authentizit\u00e4t und Handwerkskunst wider.<\/p>\n<p>Styling &amp; Geschenkartikel<\/p>\n<p>Diese Ohrringe eignen sich perfekt f\u00fcr Hochzeiten, festliche Anl\u00e4sse und formelle Feiern. Sie lassen sich m\u00fchelos mit Brautkleidern, bestickten Saris und auff\u00e4lliger Abendgarderobe kombinieren. Ihre l\u00e4ngliche Form schmeichelt dem Dekollet\u00e9 und bleibt dabei elegant und tragbar. Ein bedeutungsvolles Geschenk f\u00fcr Br\u00e4ute, Jubil\u00e4en oder wichtige Momente, das \u00fcber Generationen hinweg gesch\u00e4tzt wird.<\/p>","protected":false},"excerpt":{"rendered":"<ul>\n<li>Ohrring aus 22 Karat Gold mit Ros\u00e9gold-Finish<\/li>\n<li>Mit Polki-Steinen<\/li>\n<li>Wt. 10.2 g<\/li>\n<li>Alle unsere Produkte sind vom London Assay Office gestempelt.<\/li>\n<li>Mit Pr\u00e4sentationsbox<\/li>\n<li>Lieferung inbegriffen<\/li>\n<li>Alle Preise inklusive Mehrwertsteuer<\/li>\n<li>Chatten Sie mit uns, um die gesamte neue Palette von New Polki Bridal Ohrring in unserem Gesch\u00e4ft in Forest Gate, London, UK zu sehen<\/li>\n<\/ul>","protected":false},"featured_media":309502,"comment_status":"closed","ping_status":"closed","template":"","meta":{"_eb_attr":"","_crsspst_to_jayantr4sg-hostcom":false},"product_brand":[],"product_cat":[256,1625,236,1685,1229,1574],"product_tag":[],"class_list":{"0":"post-303596","1":"product","2":"type-product","3":"status-publish","4":"has-post-thumbnail","6":"product_cat-anusha-collections","7":"product_cat-bridal-set","8":"product_cat-collections","9":"product_cat-drop-earrings","10":"product_cat-22ct-gold-jewellery","11":"product_cat-womens-jewellery","13":"first","14":"outofstock","15":"taxable","16":"shipping-taxable","17":"product-type-simple","18":"add-to-wishlist-before_image"},"yoast_head":"<!-- This site is optimized with the Yoast SEO plugin v27.3 - https:\/\/yoast.com\/product\/yoast-seo-wordpress\/ -->\n<title>22ct Polki Teardrop Earrings with Floral Stud Detail | PureJewels<\/title>\n<meta name=\"description\" content=\"Shop 22ct Gold Polki Teardrop Earrings from PureJewels UK. Featuring floral Polki studs and layered teardrop motifs, handcrafted in radiant gold and hallmarked in the UK.\" \/>\n<meta name=\"robots\" content=\"index, follow, max-snippet:-1, max-image-preview:large, max-video-preview:-1\" \/>\n<link rel=\"canonical\" href=\"https:\/\/www.purejewels.com\/de\/produkt-2\/anusha-22ct-gold-ohrring-3\/\" \/>\n<meta property=\"og:locale\" content=\"de_DE\" \/>\n<meta property=\"og:type\" content=\"article\" \/>\n<meta property=\"og:title\" content=\"22ct Polki Teardrop Earrings with Floral Stud Detail | PureJewels\" \/>\n<meta property=\"og:description\" content=\"Shop 22ct Gold Polki Teardrop Earrings from PureJewels UK. Featuring floral Polki studs and layered teardrop motifs, handcrafted in radiant gold and hallmarked in the UK.\" \/>\n<meta property=\"og:url\" content=\"https:\/\/www.purejewels.com\/de\/produkt-2\/anusha-22ct-gold-ohrring-3\/\" \/>\n<meta property=\"og:site_name\" content=\"PureJewels UK\" \/>\n<meta property=\"article:modified_time\" content=\"2026-01-23T10:32:43+00:00\" \/>\n<meta property=\"og:image\" content=\"https:\/\/static.purejewels.com\/wp-content\/uploads\/2018\/10\/28019_1-1.png\" \/>\n\t<meta property=\"og:image:width\" content=\"1000\" \/>\n\t<meta property=\"og:image:height\" content=\"1000\" \/>\n\t<meta property=\"og:image:type\" content=\"image\/png\" \/>\n<meta name=\"twitter:card\" content=\"summary_large_image\" \/>\n<meta name=\"twitter:label1\" content=\"Gesch\u00e4tzte Lesezeit\" \/>\n\t<meta name=\"twitter:data1\" content=\"1\u00a0Minute\" \/>\n<script type=\"application\/ld+json\" class=\"yoast-schema-graph\">{\"@context\":\"https:\\\/\\\/schema.org\",\"@graph\":[{\"@type\":[\"WebPage\",\"ItemPage\"],\"@id\":\"https:\\\/\\\/www.purejewels.com\\\/product\\\/anusha-22ct-gold-earring-3\\\/\",\"url\":\"https:\\\/\\\/www.purejewels.com\\\/product\\\/anusha-22ct-gold-earring-3\\\/\",\"name\":\"22ct Polki Teardrop Earrings with Floral Stud Detail | PureJewels\",\"isPartOf\":{\"@id\":\"https:\\\/\\\/www.purejewels.com\\\/#website\"},\"primaryImageOfPage\":{\"@id\":\"https:\\\/\\\/www.purejewels.com\\\/product\\\/anusha-22ct-gold-earring-3\\\/#primaryimage\"},\"image\":{\"@id\":\"https:\\\/\\\/www.purejewels.com\\\/product\\\/anusha-22ct-gold-earring-3\\\/#primaryimage\"},\"thumbnailUrl\":\"https:\\\/\\\/static.purejewels.com\\\/wp-content\\\/uploads\\\/2018\\\/10\\\/28019_1-1.png\",\"datePublished\":\"2018-10-05T11:28:30+00:00\",\"dateModified\":\"2026-01-23T10:32:43+00:00\",\"description\":\"Shop 22ct Gold Polki Teardrop Earrings from PureJewels UK. Featuring floral Polki studs and layered teardrop motifs, handcrafted in radiant gold and hallmarked in the UK.\",\"breadcrumb\":{\"@id\":\"https:\\\/\\\/www.purejewels.com\\\/product\\\/anusha-22ct-gold-earring-3\\\/#breadcrumb\"},\"inLanguage\":\"de\",\"potentialAction\":[{\"@type\":\"ReadAction\",\"target\":[\"https:\\\/\\\/www.purejewels.com\\\/product\\\/anusha-22ct-gold-earring-3\\\/\"]}]},{\"@type\":\"ImageObject\",\"inLanguage\":\"de\",\"@id\":\"https:\\\/\\\/www.purejewels.com\\\/product\\\/anusha-22ct-gold-earring-3\\\/#primaryimage\",\"url\":\"https:\\\/\\\/static.purejewels.com\\\/wp-content\\\/uploads\\\/2018\\\/10\\\/28019_1-1.png\",\"contentUrl\":\"https:\\\/\\\/static.purejewels.com\\\/wp-content\\\/uploads\\\/2018\\\/10\\\/28019_1-1.png\",\"width\":1000,\"height\":1000,\"caption\":\"28019_1-1\"},{\"@type\":\"BreadcrumbList\",\"@id\":\"https:\\\/\\\/www.purejewels.com\\\/product\\\/anusha-22ct-gold-earring-3\\\/#breadcrumb\",\"itemListElement\":[{\"@type\":\"ListItem\",\"position\":1,\"name\":\"Home\",\"item\":\"https:\\\/\\\/www.purejewels.com\\\/\"},{\"@type\":\"ListItem\",\"position\":2,\"name\":\"Shop\",\"item\":\"https:\\\/\\\/www.purejewels.com\\\/shop\\\/\"},{\"@type\":\"ListItem\",\"position\":3,\"name\":\"22ct Gold Polki Teardrop Earrings with Floral Stud Detail\"}]},{\"@type\":\"WebSite\",\"@id\":\"https:\\\/\\\/www.purejewels.com\\\/#website\",\"url\":\"https:\\\/\\\/www.purejewels.com\\\/\",\"name\":\"PureJewels UK\",\"description\":\"Share the Love\",\"publisher\":{\"@id\":\"https:\\\/\\\/www.purejewels.com\\\/#organization\"},\"potentialAction\":[{\"@type\":\"SearchAction\",\"target\":{\"@type\":\"EntryPoint\",\"urlTemplate\":\"https:\\\/\\\/www.purejewels.com\\\/?s={search_term_string}\"},\"query-input\":{\"@type\":\"PropertyValueSpecification\",\"valueRequired\":true,\"valueName\":\"search_term_string\"}}],\"inLanguage\":\"de\"},{\"@type\":\"Organization\",\"@id\":\"https:\\\/\\\/www.purejewels.com\\\/#organization\",\"name\":\"PureJewels UK\",\"url\":\"https:\\\/\\\/www.purejewels.com\\\/\",\"logo\":{\"@type\":\"ImageObject\",\"inLanguage\":\"de\",\"@id\":\"https:\\\/\\\/www.purejewels.com\\\/#\\\/schema\\\/logo\\\/image\\\/\",\"url\":\"https:\\\/\\\/static.purejewels.com\\\/wp-content\\\/uploads\\\/2020\\\/11\\\/Logo-PJ-New-1.png\",\"contentUrl\":\"https:\\\/\\\/static.purejewels.com\\\/wp-content\\\/uploads\\\/2020\\\/11\\\/Logo-PJ-New-1.png\",\"width\":150,\"height\":80,\"caption\":\"PureJewels UK\"},\"image\":{\"@id\":\"https:\\\/\\\/www.purejewels.com\\\/#\\\/schema\\\/logo\\\/image\\\/\"}}]}<\/script>\n<!-- \/ Yoast SEO plugin. -->","yoast_head_json":{"title":"22ct Polki Teardrop Ohrringe mit floralen Ohrstecker Detail | PureJewels","description":"Shop 22ct Gold Polki Teardrop Ohrringe von PureJewels UK. Mit floralen Polki Ohrstecker und geschichteten Teardrop-Motive, handgefertigt in strahlendem Gold und gestempelt in Gro\u00dfbritannien.","robots":{"index":"index","follow":"follow","max-snippet":"max-snippet:-1","max-image-preview":"max-image-preview:large","max-video-preview":"max-video-preview:-1"},"canonical":"https:\/\/www.purejewels.com\/de\/produkt-2\/anusha-22ct-gold-ohrring-3\/","og_locale":"de_DE","og_type":"article","og_title":"22ct Polki Teardrop Earrings with Floral Stud Detail | PureJewels","og_description":"Shop 22ct Gold Polki Teardrop Earrings from PureJewels UK. Featuring floral Polki studs and layered teardrop motifs, handcrafted in radiant gold and hallmarked in the UK.","og_url":"https:\/\/www.purejewels.com\/de\/produkt-2\/anusha-22ct-gold-ohrring-3\/","og_site_name":"PureJewels UK","article_modified_time":"2026-01-23T10:32:43+00:00","og_image":[{"width":1000,"height":1000,"url":"https:\/\/static.purejewels.com\/wp-content\/uploads\/2018\/10\/28019_1-1.png","type":"image\/png"}],"twitter_card":"summary_large_image","twitter_misc":{"Gesch\u00e4tzte Lesezeit":"1\u00a0Minute"},"schema":{"@context":"https:\/\/schema.org","@graph":[{"@type":["WebPage","ItemPage"],"@id":"https:\/\/www.purejewels.com\/product\/anusha-22ct-gold-earring-3\/","url":"https:\/\/www.purejewels.com\/product\/anusha-22ct-gold-earring-3\/","name":"22ct Polki Teardrop Ohrringe mit floralen Ohrstecker Detail | PureJewels","isPartOf":{"@id":"https:\/\/www.purejewels.com\/#website"},"primaryImageOfPage":{"@id":"https:\/\/www.purejewels.com\/product\/anusha-22ct-gold-earring-3\/#primaryimage"},"image":{"@id":"https:\/\/www.purejewels.com\/product\/anusha-22ct-gold-earring-3\/#primaryimage"},"thumbnailUrl":"https:\/\/static.purejewels.com\/wp-content\/uploads\/2018\/10\/28019_1-1.png","datePublished":"2018-10-05T11:28:30+00:00","dateModified":"2026-01-23T10:32:43+00:00","description":"Shop 22ct Gold Polki Teardrop Ohrringe von PureJewels UK. Mit floralen Polki Ohrstecker und geschichteten Teardrop-Motive, handgefertigt in strahlendem Gold und gestempelt in Gro\u00dfbritannien.","breadcrumb":{"@id":"https:\/\/www.purejewels.com\/product\/anusha-22ct-gold-earring-3\/#breadcrumb"},"inLanguage":"de","potentialAction":[{"@type":"ReadAction","target":["https:\/\/www.purejewels.com\/product\/anusha-22ct-gold-earring-3\/"]}]},{"@type":"ImageObject","inLanguage":"de","@id":"https:\/\/www.purejewels.com\/product\/anusha-22ct-gold-earring-3\/#primaryimage","url":"https:\/\/static.purejewels.com\/wp-content\/uploads\/2018\/10\/28019_1-1.png","contentUrl":"https:\/\/static.purejewels.com\/wp-content\/uploads\/2018\/10\/28019_1-1.png","width":1000,"height":1000,"caption":"28019_1-1"},{"@type":"BreadcrumbList","@id":"https:\/\/www.purejewels.com\/product\/anusha-22ct-gold-earring-3\/#breadcrumb","itemListElement":[{"@type":"ListItem","position":1,"name":"Home","item":"https:\/\/www.purejewels.com\/"},{"@type":"ListItem","position":2,"name":"Shop","item":"https:\/\/www.purejewels.com\/shop\/"},{"@type":"ListItem","position":3,"name":"22ct Gold Polki Teardrop Earrings with Floral Stud Detail"}]},{"@type":"WebSite","@id":"https:\/\/www.purejewels.com\/#website","url":"https:\/\/www.purejewels.com\/","name":"PureJewels UK","description":"Teile die Liebe","publisher":{"@id":"https:\/\/www.purejewels.com\/#organization"},"potentialAction":[{"@type":"SearchAction","target":{"@type":"EntryPoint","urlTemplate":"https:\/\/www.purejewels.com\/?s={search_term_string}"},"query-input":{"@type":"PropertyValueSpecification","valueRequired":true,"valueName":"search_term_string"}}],"inLanguage":"de"},{"@type":"Organization","@id":"https:\/\/www.purejewels.com\/#organization","name":"PureJewels UK","url":"https:\/\/www.purejewels.com\/","logo":{"@type":"ImageObject","inLanguage":"de","@id":"https:\/\/www.purejewels.com\/#\/schema\/logo\/image\/","url":"https:\/\/static.purejewels.com\/wp-content\/uploads\/2020\/11\/Logo-PJ-New-1.png","contentUrl":"https:\/\/static.purejewels.com\/wp-content\/uploads\/2020\/11\/Logo-PJ-New-1.png","width":150,"height":80,"caption":"PureJewels UK"},"image":{"@id":"https:\/\/www.purejewels.com\/#\/schema\/logo\/image\/"}}]}},"_links":{"self":[{"href":"https:\/\/www.purejewels.com\/de\/wp-json\/wp\/v2\/product\/303596","targetHints":{"allow":["GET"]}}],"collection":[{"href":"https:\/\/www.purejewels.com\/de\/wp-json\/wp\/v2\/product"}],"about":[{"href":"https:\/\/www.purejewels.com\/de\/wp-json\/wp\/v2\/types\/product"}],"replies":[{"embeddable":true,"href":"https:\/\/www.purejewels.com\/de\/wp-json\/wp\/v2\/comments?post=303596"}],"version-history":[{"count":2,"href":"https:\/\/www.purejewels.com\/de\/wp-json\/wp\/v2\/product\/303596\/revisions"}],"predecessor-version":[{"id":425181,"href":"https:\/\/www.purejewels.com\/de\/wp-json\/wp\/v2\/product\/303596\/revisions\/425181"}],"wp:featuredmedia":[{"embeddable":true,"href":"https:\/\/www.purejewels.com\/de\/wp-json\/wp\/v2\/media\/309502"}],"wp:attachment":[{"href":"https:\/\/www.purejewels.com\/de\/wp-json\/wp\/v2\/media?parent=303596"}],"wp:term":[{"taxonomy":"product_brand","embeddable":true,"href":"https:\/\/www.purejewels.com\/de\/wp-json\/wp\/v2\/product_brand?post=303596"},{"taxonomy":"product_cat","embeddable":true,"href":"https:\/\/www.purejewels.com\/de\/wp-json\/wp\/v2\/product_cat?post=303596"},{"taxonomy":"product_tag","embeddable":true,"href":"https:\/\/www.purejewels.com\/de\/wp-json\/wp\/v2\/product_tag?post=303596"}],"curies":[{"name":"wp","href":"https:\/\/api.w.org\/{rel}","templated":true}]}}