{"id":303603,"date":"2018-10-05T12:52:15","date_gmt":"2018-10-05T11:52:15","guid":{"rendered":"https:\/\/www.purejewels.com\/?post_type=product&#038;p=303603"},"modified":"2026-03-10T10:40:46","modified_gmt":"2026-03-10T10:40:46","slug":"anusha-22ct-gold-polki-armreif-kada","status":"publish","type":"product","link":"https:\/\/www.purejewels.com\/de\/product\/anusha-22ct-gold-polki-bangle-kada\/","title":{"rendered":"Anusha 22ct Gold Polki Armreif Kada"},"content":{"rendered":"<p><strong>Designkonzept<\/strong><\/p>\n<p>Der Polki Kada Armreif aus 22 Karat Gold im antiken Stil ist von traditionellem k\u00f6niglichen Schmuck inspiriert. Das Design besteht aus einem verschn\u00f6rkelten Goldband, das mit filigranen Motiven und zarten Polki-Steinen verziert ist, die das Schmuckst\u00fcck mit Brillanz umrahmen. In der Mitte sitzt ein leuchtender Edelstein, der von einem floral inspirierten Polki-Arrangement umgeben ist. So entsteht ein k\u00fchner Blickpunkt, der die Eleganz und Erhabenheit der traditionellen Handwerkskunst einf\u00e4ngt.<\/p>\n<p><strong>Handwerkliches K\u00f6nnen<\/strong><\/p>\n<p>Dieses fachm\u00e4nnisch aus 22-kar\u00e4tigem Gold gefertigte Kada hebt die feinen Details durch eingravierte Texturen, zarte Goldmuster und sorgf\u00e4ltig platzierte Polki-Steine hervor. Das antike Finish verst\u00e4rkt die Tiefe des Designs und verleiht dem St\u00fcck einen zeitlosen Charakter, der an traditionellen Erbst\u00fcckschmuck erinnert. Jeder Armreif wird im Vereinigten K\u00f6nigreich mit einem Feingehaltsstempel versehen, um die Echtheit und den h\u00f6chsten Standard der Handwerkskunst zu gew\u00e4hrleisten.<\/p>\n<p><strong>Styling-Ideen<\/strong><\/p>\n<p>Diese Polki Kada aus 22-kar\u00e4tigem Gold ist ein auff\u00e4lliges Schmuckst\u00fcck f\u00fcr Hochzeiten, festliche Anl\u00e4sse und traditionelle Veranstaltungen. Kombinieren Sie es mit Sarees, Lehengas oder Braut-Ensembles, um seinen k\u00f6niglichen Charakter zu unterstreichen. Es kann allein getragen werden f\u00fcr einen k\u00fchnen Look oder mit klassischem Gold geschichtet <a href=\"https:\/\/www.purejewels.com\/de\/how-to-measure-bangle-size-2\/\">Armreifen<\/a> um einen reichen, vom Erbe inspirierten Schmuckstil zu schaffen.<\/p>","protected":false},"excerpt":{"rendered":"<p>Ein auff\u00e4lliger Polki Kada-Armreif aus 22-kar\u00e4tigem Gold mit aufw\u00e4ndigen Details im antiken Stil, zarten Polki-Steinen und einem strahlenden Edelstein in der Mitte, inspiriert durch historischen Schmuck.<\/p>\n<p><strong>Material:<\/strong> 22ct Gold<br \/>\n<strong>Reinheit:<\/strong>\u00a091.6% reines Gold<br \/>\n<strong>Wahrzeichen:<\/strong>\u00a0Britisches G\u00fctesiegel<br \/>\n<strong>SKU:<\/strong> 28017<br \/>\n<strong>Gewicht:<\/strong> 30,5 Gramm<\/p>\n<p><strong>Preis und Lieferung:<\/strong>\u00a0Inklusive Mehrwertsteuer und Lieferkosten<br \/>\n<a href=\"https:\/\/www.purejewels.com\/de\/ruckgabepolitik\/\"><strong>R\u00fcckgabepolitik<\/strong><\/a><\/p>\n<p>&nbsp;<\/p>","protected":false},"featured_media":303604,"comment_status":"closed","ping_status":"closed","template":"","meta":{"_eb_attr":"","_crsspst_to_jayantr4sg-hostcom":false},"product_brand":[],"product_cat":[256,1659,1574],"product_tag":[],"class_list":{"0":"post-303603","1":"product","2":"type-product","3":"status-publish","4":"has-post-thumbnail","6":"product_cat-anusha-collections","7":"product_cat-bridal-and-party-wear-gold-kada-bangle","8":"product_cat-womens-jewellery","10":"first","11":"outofstock","12":"featured","13":"taxable","14":"shipping-taxable","15":"product-type-simple","16":"add-to-wishlist-before_image"},"yoast_head":"<!-- This site is optimized with the Yoast SEO plugin v27.3 - https:\/\/yoast.com\/product\/yoast-seo-wordpress\/ -->\n<title>22ct Gold Polki Kada with Rose Finish Screw Fit | PureJewels UK<\/title>\n<meta name=\"description\" content=\"Shop a handcrafted 22ct gold kada with rose finish and Polki stones. This ornate screw fit bangle features intricate detailing and radiant gold craftsmanship.\" \/>\n<meta name=\"robots\" content=\"index, follow, max-snippet:-1, max-image-preview:large, max-video-preview:-1\" \/>\n<link rel=\"canonical\" href=\"https:\/\/www.purejewels.com\/de\/produkt-2\/anusha-22ct-gold-polki-armreif-kada\/\" \/>\n<meta property=\"og:locale\" content=\"de_DE\" \/>\n<meta property=\"og:type\" content=\"article\" \/>\n<meta property=\"og:title\" content=\"22ct Gold Polki Kada with Rose Finish Screw Fit | PureJewels UK\" \/>\n<meta property=\"og:description\" content=\"Shop a handcrafted 22ct gold kada with rose finish and Polki stones. This ornate screw fit bangle features intricate detailing and radiant gold craftsmanship.\" \/>\n<meta property=\"og:url\" content=\"https:\/\/www.purejewels.com\/de\/produkt-2\/anusha-22ct-gold-polki-armreif-kada\/\" \/>\n<meta property=\"og:site_name\" content=\"PureJewels UK\" \/>\n<meta property=\"article:modified_time\" content=\"2026-03-10T10:40:46+00:00\" \/>\n<meta property=\"og:image\" content=\"https:\/\/static.purejewels.com\/wp-content\/uploads\/2018\/10\/28017_1.png\" \/>\n\t<meta property=\"og:image:width\" content=\"1000\" \/>\n\t<meta property=\"og:image:height\" content=\"1000\" \/>\n\t<meta property=\"og:image:type\" content=\"image\/png\" \/>\n<meta name=\"twitter:card\" content=\"summary_large_image\" \/>\n<meta name=\"twitter:label1\" content=\"Gesch\u00e4tzte Lesezeit\" \/>\n\t<meta name=\"twitter:data1\" content=\"1\u00a0Minute\" \/>\n<script type=\"application\/ld+json\" class=\"yoast-schema-graph\">{\"@context\":\"https:\\\/\\\/schema.org\",\"@graph\":[{\"@type\":[\"WebPage\",\"ItemPage\"],\"@id\":\"https:\\\/\\\/www.purejewels.com\\\/product\\\/anusha-22ct-gold-polki-bangle-kada\\\/\",\"url\":\"https:\\\/\\\/www.purejewels.com\\\/product\\\/anusha-22ct-gold-polki-bangle-kada\\\/\",\"name\":\"22ct Gold Polki Kada with Rose Finish Screw Fit | PureJewels UK\",\"isPartOf\":{\"@id\":\"https:\\\/\\\/www.purejewels.com\\\/#website\"},\"primaryImageOfPage\":{\"@id\":\"https:\\\/\\\/www.purejewels.com\\\/product\\\/anusha-22ct-gold-polki-bangle-kada\\\/#primaryimage\"},\"image\":{\"@id\":\"https:\\\/\\\/www.purejewels.com\\\/product\\\/anusha-22ct-gold-polki-bangle-kada\\\/#primaryimage\"},\"thumbnailUrl\":\"https:\\\/\\\/static.purejewels.com\\\/wp-content\\\/uploads\\\/2018\\\/10\\\/28017_1.png\",\"datePublished\":\"2018-10-05T11:52:15+00:00\",\"dateModified\":\"2026-03-10T10:40:46+00:00\",\"description\":\"Shop a handcrafted 22ct gold kada with rose finish and Polki stones. This ornate screw fit bangle features intricate detailing and radiant gold craftsmanship.\",\"breadcrumb\":{\"@id\":\"https:\\\/\\\/www.purejewels.com\\\/product\\\/anusha-22ct-gold-polki-bangle-kada\\\/#breadcrumb\"},\"inLanguage\":\"de\",\"potentialAction\":[{\"@type\":\"ReadAction\",\"target\":[\"https:\\\/\\\/www.purejewels.com\\\/product\\\/anusha-22ct-gold-polki-bangle-kada\\\/\"]}]},{\"@type\":\"ImageObject\",\"inLanguage\":\"de\",\"@id\":\"https:\\\/\\\/www.purejewels.com\\\/product\\\/anusha-22ct-gold-polki-bangle-kada\\\/#primaryimage\",\"url\":\"https:\\\/\\\/static.purejewels.com\\\/wp-content\\\/uploads\\\/2018\\\/10\\\/28017_1.png\",\"contentUrl\":\"https:\\\/\\\/static.purejewels.com\\\/wp-content\\\/uploads\\\/2018\\\/10\\\/28017_1.png\",\"width\":1000,\"height\":1000,\"caption\":\"28017_1\"},{\"@type\":\"BreadcrumbList\",\"@id\":\"https:\\\/\\\/www.purejewels.com\\\/product\\\/anusha-22ct-gold-polki-bangle-kada\\\/#breadcrumb\",\"itemListElement\":[{\"@type\":\"ListItem\",\"position\":1,\"name\":\"Home\",\"item\":\"https:\\\/\\\/www.purejewels.com\\\/\"},{\"@type\":\"ListItem\",\"position\":2,\"name\":\"Shop\",\"item\":\"https:\\\/\\\/www.purejewels.com\\\/shop\\\/\"},{\"@type\":\"ListItem\",\"position\":3,\"name\":\"Anusha 22ct Gold Polki Bangle Kada\"}]},{\"@type\":\"WebSite\",\"@id\":\"https:\\\/\\\/www.purejewels.com\\\/#website\",\"url\":\"https:\\\/\\\/www.purejewels.com\\\/\",\"name\":\"PureJewels UK\",\"description\":\"Share the Love\",\"publisher\":{\"@id\":\"https:\\\/\\\/www.purejewels.com\\\/#organization\"},\"potentialAction\":[{\"@type\":\"SearchAction\",\"target\":{\"@type\":\"EntryPoint\",\"urlTemplate\":\"https:\\\/\\\/www.purejewels.com\\\/?s={search_term_string}\"},\"query-input\":{\"@type\":\"PropertyValueSpecification\",\"valueRequired\":true,\"valueName\":\"search_term_string\"}}],\"inLanguage\":\"de\"},{\"@type\":\"Organization\",\"@id\":\"https:\\\/\\\/www.purejewels.com\\\/#organization\",\"name\":\"PureJewels UK\",\"url\":\"https:\\\/\\\/www.purejewels.com\\\/\",\"logo\":{\"@type\":\"ImageObject\",\"inLanguage\":\"de\",\"@id\":\"https:\\\/\\\/www.purejewels.com\\\/#\\\/schema\\\/logo\\\/image\\\/\",\"url\":\"https:\\\/\\\/static.purejewels.com\\\/wp-content\\\/uploads\\\/2020\\\/11\\\/Logo-PJ-New-1.png\",\"contentUrl\":\"https:\\\/\\\/static.purejewels.com\\\/wp-content\\\/uploads\\\/2020\\\/11\\\/Logo-PJ-New-1.png\",\"width\":150,\"height\":80,\"caption\":\"PureJewels UK\"},\"image\":{\"@id\":\"https:\\\/\\\/www.purejewels.com\\\/#\\\/schema\\\/logo\\\/image\\\/\"}}]}<\/script>\n<!-- \/ Yoast SEO plugin. -->","yoast_head_json":{"title":"22ct Gold Polki Kada mit Rose Finish Screw Fit | PureJewels UK","description":"Shoppen Sie einen handgefertigten Kada aus 22 Karat Gold mit Ros\u00e9-Finish und Polki-Steinen. Dieser verschn\u00f6rkelte Armreif mit Schraubverschluss zeichnet sich durch aufw\u00e4ndige Details und strahlende Goldverarbeitung aus.","robots":{"index":"index","follow":"follow","max-snippet":"max-snippet:-1","max-image-preview":"max-image-preview:large","max-video-preview":"max-video-preview:-1"},"canonical":"https:\/\/www.purejewels.com\/de\/produkt-2\/anusha-22ct-gold-polki-armreif-kada\/","og_locale":"de_DE","og_type":"article","og_title":"22ct Gold Polki Kada with Rose Finish Screw Fit | PureJewels UK","og_description":"Shop a handcrafted 22ct gold kada with rose finish and Polki stones. This ornate screw fit bangle features intricate detailing and radiant gold craftsmanship.","og_url":"https:\/\/www.purejewels.com\/de\/produkt-2\/anusha-22ct-gold-polki-armreif-kada\/","og_site_name":"PureJewels UK","article_modified_time":"2026-03-10T10:40:46+00:00","og_image":[{"width":1000,"height":1000,"url":"https:\/\/static.purejewels.com\/wp-content\/uploads\/2018\/10\/28017_1.png","type":"image\/png"}],"twitter_card":"summary_large_image","twitter_misc":{"Gesch\u00e4tzte Lesezeit":"1\u00a0Minute"},"schema":{"@context":"https:\/\/schema.org","@graph":[{"@type":["WebPage","ItemPage"],"@id":"https:\/\/www.purejewels.com\/product\/anusha-22ct-gold-polki-bangle-kada\/","url":"https:\/\/www.purejewels.com\/product\/anusha-22ct-gold-polki-bangle-kada\/","name":"22ct Gold Polki Kada mit Rose Finish Screw Fit | PureJewels UK","isPartOf":{"@id":"https:\/\/www.purejewels.com\/#website"},"primaryImageOfPage":{"@id":"https:\/\/www.purejewels.com\/product\/anusha-22ct-gold-polki-bangle-kada\/#primaryimage"},"image":{"@id":"https:\/\/www.purejewels.com\/product\/anusha-22ct-gold-polki-bangle-kada\/#primaryimage"},"thumbnailUrl":"https:\/\/static.purejewels.com\/wp-content\/uploads\/2018\/10\/28017_1.png","datePublished":"2018-10-05T11:52:15+00:00","dateModified":"2026-03-10T10:40:46+00:00","description":"Shoppen Sie einen handgefertigten Kada aus 22 Karat Gold mit Ros\u00e9-Finish und Polki-Steinen. Dieser verschn\u00f6rkelte Armreif mit Schraubverschluss zeichnet sich durch aufw\u00e4ndige Details und strahlende Goldverarbeitung aus.","breadcrumb":{"@id":"https:\/\/www.purejewels.com\/product\/anusha-22ct-gold-polki-bangle-kada\/#breadcrumb"},"inLanguage":"de","potentialAction":[{"@type":"ReadAction","target":["https:\/\/www.purejewels.com\/product\/anusha-22ct-gold-polki-bangle-kada\/"]}]},{"@type":"ImageObject","inLanguage":"de","@id":"https:\/\/www.purejewels.com\/product\/anusha-22ct-gold-polki-bangle-kada\/#primaryimage","url":"https:\/\/static.purejewels.com\/wp-content\/uploads\/2018\/10\/28017_1.png","contentUrl":"https:\/\/static.purejewels.com\/wp-content\/uploads\/2018\/10\/28017_1.png","width":1000,"height":1000,"caption":"28017_1"},{"@type":"BreadcrumbList","@id":"https:\/\/www.purejewels.com\/product\/anusha-22ct-gold-polki-bangle-kada\/#breadcrumb","itemListElement":[{"@type":"ListItem","position":1,"name":"Home","item":"https:\/\/www.purejewels.com\/"},{"@type":"ListItem","position":2,"name":"Shop","item":"https:\/\/www.purejewels.com\/shop\/"},{"@type":"ListItem","position":3,"name":"Anusha 22ct Gold Polki Bangle Kada"}]},{"@type":"WebSite","@id":"https:\/\/www.purejewels.com\/#website","url":"https:\/\/www.purejewels.com\/","name":"PureJewels UK","description":"Teile die Liebe","publisher":{"@id":"https:\/\/www.purejewels.com\/#organization"},"potentialAction":[{"@type":"SearchAction","target":{"@type":"EntryPoint","urlTemplate":"https:\/\/www.purejewels.com\/?s={search_term_string}"},"query-input":{"@type":"PropertyValueSpecification","valueRequired":true,"valueName":"search_term_string"}}],"inLanguage":"de"},{"@type":"Organization","@id":"https:\/\/www.purejewels.com\/#organization","name":"PureJewels UK","url":"https:\/\/www.purejewels.com\/","logo":{"@type":"ImageObject","inLanguage":"de","@id":"https:\/\/www.purejewels.com\/#\/schema\/logo\/image\/","url":"https:\/\/static.purejewels.com\/wp-content\/uploads\/2020\/11\/Logo-PJ-New-1.png","contentUrl":"https:\/\/static.purejewels.com\/wp-content\/uploads\/2020\/11\/Logo-PJ-New-1.png","width":150,"height":80,"caption":"PureJewels UK"},"image":{"@id":"https:\/\/www.purejewels.com\/#\/schema\/logo\/image\/"}}]}},"_links":{"self":[{"href":"https:\/\/www.purejewels.com\/de\/wp-json\/wp\/v2\/product\/303603","targetHints":{"allow":["GET"]}}],"collection":[{"href":"https:\/\/www.purejewels.com\/de\/wp-json\/wp\/v2\/product"}],"about":[{"href":"https:\/\/www.purejewels.com\/de\/wp-json\/wp\/v2\/types\/product"}],"replies":[{"embeddable":true,"href":"https:\/\/www.purejewels.com\/de\/wp-json\/wp\/v2\/comments?post=303603"}],"version-history":[{"count":3,"href":"https:\/\/www.purejewels.com\/de\/wp-json\/wp\/v2\/product\/303603\/revisions"}],"predecessor-version":[{"id":426902,"href":"https:\/\/www.purejewels.com\/de\/wp-json\/wp\/v2\/product\/303603\/revisions\/426902"}],"wp:featuredmedia":[{"embeddable":true,"href":"https:\/\/www.purejewels.com\/de\/wp-json\/wp\/v2\/media\/303604"}],"wp:attachment":[{"href":"https:\/\/www.purejewels.com\/de\/wp-json\/wp\/v2\/media?parent=303603"}],"wp:term":[{"taxonomy":"product_brand","embeddable":true,"href":"https:\/\/www.purejewels.com\/de\/wp-json\/wp\/v2\/product_brand?post=303603"},{"taxonomy":"product_cat","embeddable":true,"href":"https:\/\/www.purejewels.com\/de\/wp-json\/wp\/v2\/product_cat?post=303603"},{"taxonomy":"product_tag","embeddable":true,"href":"https:\/\/www.purejewels.com\/de\/wp-json\/wp\/v2\/product_tag?post=303603"}],"curies":[{"name":"wp","href":"https:\/\/api.w.org\/{rel}","templated":true}]}}