{"id":303883,"date":"2018-10-22T07:28:06","date_gmt":"2018-10-22T06:28:06","guid":{"rendered":"https:\/\/www.purejewels.com\/?post_type=product&#038;p=303883"},"modified":"2026-01-06T09:55:45","modified_gmt":"2026-01-06T09:55:45","slug":"22-karat-gold-herrenarmband-mit-rudraksha","status":"publish","type":"product","link":"https:\/\/www.purejewels.com\/de\/product\/22ct-gold-mens-bracelet-with-rudraksha\/","title":{"rendered":"22ct Gold Herrenarmband mit Rudraksha Mala"},"content":{"rendered":"<p>[vc_row][vc_column][vc_column_text]<\/p>\n<h3>Inspiration<\/h3>\n<p>Beyond boundaries, take a look at this 22K <a href=\"https:\/\/www.purejewels.com\/de\/product\/22-carat-yellow-gold-rudraksha-bracelet\/\">Gold Rudraksha bracelet<\/a> by Purejewels. It is like a custodian for people with faith. It\u2019s a popular belief that Rudraksha functions as a guardian for the person who wears it. The Rudraksha stones are said to have been produced from Shiva&#8217;s tears, according to legend. It is thought that wearing it close to the skin enhances the wearer&#8217;s ability in numerous areas of life while keeping negativity at bay. The human state of unification of Aatma (one&#8217;s soul) with Paramat is symbolised by the word &#8216;Om.&#8217;<\/p>\n<h3>Style<\/h3>\n<p>This gold <a href=\"https:\/\/www.purejewels.com\/de\/product\/22ct-gold-bracelet-with-rudraksha-48775\/\">Rudraksha bracelet<\/a> would uplift your every day and has been designed in a way that it can be carried effortlessly with almost everything.<\/p>\n<h3>Design<\/h3>\n<p>The magnificent 22K gold &#8216;OM&#8217; charm in the centre, as well as the Floral caps, have been meticulously hand carved and sculpted. Our craftsmen choose each Rudraksha bead and delicately insert it between two carved floral caps, which are then sewed together. These are then sewed together and secured onto the large carved <a href=\"https:\/\/www.purejewels.com\/de\/product\/22-carat-gold-om-pendant-48433\/\">Om pendant<\/a> that sits opulently in the centre of the <a href=\"https:\/\/www.purejewels.com\/de\/product-category\/22ct-gold-jewellery\/gold-bracelet\/\">bracelet<\/a>.[\/vc_column_text][\/vc_column][\/vc_row]<\/p>\n","protected":false},"excerpt":{"rendered":"<ul>\n<li>22ct Gold M\u00e4nner religi\u00f6ses Armband mit OM &amp; Rudraksha Thema<\/li>\n<li>Bruttogewicht 24,1g.<\/li>\n<li>Nettogewicht 22,1g.<\/li>\n<li>SKU. 25586<\/li>\n<li>Alle Preise inklusive Mehrwertsteuer<\/li>\n<li>22ct Gold gestempelt von London Assay Office<\/li>\n<li>Mit Pr\u00e4sentationsbox<\/li>\n<li>Lieferung inbegriffen<\/li>\n<li>Entdecken Sie unsere 22ct gold rudraksh mala<\/li>\n<li>Live-Chat mit uns f\u00fcr die Verf\u00fcgbarkeit und mehr Bilder von \u00e4hnlichen Designs derzeit auf Lager<\/li>\n<\/ul>","protected":false},"featured_media":315701,"comment_status":"closed","ping_status":"closed","template":"","meta":{"_eb_attr":"","_crsspst_to_jayantr4sg-hostcom":false},"product_brand":[],"product_cat":[1559,1571,1324,1572,1628],"product_tag":[4123],"class_list":{"0":"post-303883","1":"product","2":"type-product","3":"status-publish","4":"has-post-thumbnail","6":"product_cat-birthday-gifts","7":"product_cat-fathers-day-gifts","8":"product_cat-gold-bracelet","9":"product_cat-mens-jewellery","10":"product_cat-mens-bracelet","11":"product_tag-gold-bracelets-for-sale","13":"first","14":"outofstock","15":"sale","16":"taxable","17":"shipping-taxable","18":"product-type-simple","19":"add-to-wishlist-before_image"},"yoast_head":"<!-- This site is optimized with the Yoast SEO plugin v27.3 - https:\/\/yoast.com\/product\/yoast-seo-wordpress\/ -->\n<title>Rudraksha Bracelet | 22ct Gold Men&#039;s Bracelet With Rudraksha<\/title>\n<meta name=\"description\" content=\"Explore our 22ct Gold Men&#039;s Religious Bracelet With OM &amp; Rudraksha Theme. Shop Rudraksha Bracelets online at the best price.\" \/>\n<meta name=\"robots\" content=\"index, follow, max-snippet:-1, max-image-preview:large, max-video-preview:-1\" \/>\n<link rel=\"canonical\" href=\"https:\/\/www.purejewels.com\/de\/produkt-2\/22-karat-gold-herrenarmband-mit-rudraksha\/\" \/>\n<meta property=\"og:locale\" content=\"de_DE\" \/>\n<meta property=\"og:type\" content=\"article\" \/>\n<meta property=\"og:title\" content=\"Rudraksha Bracelet | 22ct Gold Men&#039;s Bracelet With Rudraksha\" \/>\n<meta property=\"og:description\" content=\"Explore our 22ct Gold Men&#039;s Religious Bracelet With OM &amp; Rudraksha Theme. Shop Rudraksha Bracelets online at the best price.\" \/>\n<meta property=\"og:url\" content=\"https:\/\/www.purejewels.com\/de\/produkt-2\/22-karat-gold-herrenarmband-mit-rudraksha\/\" \/>\n<meta property=\"og:site_name\" content=\"PureJewels UK\" \/>\n<meta property=\"article:modified_time\" content=\"2026-01-06T09:55:45+00:00\" \/>\n<meta property=\"og:image\" content=\"https:\/\/www.purejewels.com\/wp-content\/uploads\/2020\/07\/175663917-2.jpg\" \/>\n\t<meta property=\"og:image:width\" content=\"1000\" \/>\n\t<meta property=\"og:image:height\" content=\"1000\" \/>\n\t<meta property=\"og:image:type\" content=\"image\/jpeg\" \/>\n<meta name=\"twitter:card\" content=\"summary_large_image\" \/>\n<meta name=\"twitter:label1\" content=\"Gesch\u00e4tzte Lesezeit\" \/>\n\t<meta name=\"twitter:data1\" content=\"1\u00a0Minute\" \/>\n<script type=\"application\/ld+json\" class=\"yoast-schema-graph\">{\"@context\":\"https:\\\/\\\/schema.org\",\"@graph\":[{\"@type\":[\"WebPage\",\"ItemPage\"],\"@id\":\"https:\\\/\\\/www.purejewels.com\\\/product\\\/22ct-gold-mens-bracelet-with-rudraksha\\\/\",\"url\":\"https:\\\/\\\/www.purejewels.com\\\/product\\\/22ct-gold-mens-bracelet-with-rudraksha\\\/\",\"name\":\"Rudraksha Bracelet | 22ct Gold Men's Bracelet With Rudraksha\",\"isPartOf\":{\"@id\":\"https:\\\/\\\/www.purejewels.com\\\/#website\"},\"primaryImageOfPage\":{\"@id\":\"https:\\\/\\\/www.purejewels.com\\\/product\\\/22ct-gold-mens-bracelet-with-rudraksha\\\/#primaryimage\"},\"image\":{\"@id\":\"https:\\\/\\\/www.purejewels.com\\\/product\\\/22ct-gold-mens-bracelet-with-rudraksha\\\/#primaryimage\"},\"thumbnailUrl\":\"https:\\\/\\\/static.purejewels.com\\\/wp-content\\\/uploads\\\/2020\\\/07\\\/175663917-2.jpg\",\"datePublished\":\"2018-10-22T06:28:06+00:00\",\"dateModified\":\"2026-01-06T09:55:45+00:00\",\"description\":\"Explore our 22ct Gold Men's Religious Bracelet With OM & Rudraksha Theme. Shop Rudraksha Bracelets online at the best price.\",\"breadcrumb\":{\"@id\":\"https:\\\/\\\/www.purejewels.com\\\/product\\\/22ct-gold-mens-bracelet-with-rudraksha\\\/#breadcrumb\"},\"inLanguage\":\"de\",\"potentialAction\":[{\"@type\":\"ReadAction\",\"target\":[\"https:\\\/\\\/www.purejewels.com\\\/product\\\/22ct-gold-mens-bracelet-with-rudraksha\\\/\"]}]},{\"@type\":\"ImageObject\",\"inLanguage\":\"de\",\"@id\":\"https:\\\/\\\/www.purejewels.com\\\/product\\\/22ct-gold-mens-bracelet-with-rudraksha\\\/#primaryimage\",\"url\":\"https:\\\/\\\/static.purejewels.com\\\/wp-content\\\/uploads\\\/2020\\\/07\\\/175663917-2.jpg\",\"contentUrl\":\"https:\\\/\\\/static.purejewels.com\\\/wp-content\\\/uploads\\\/2020\\\/07\\\/175663917-2.jpg\",\"width\":1000,\"height\":1000},{\"@type\":\"BreadcrumbList\",\"@id\":\"https:\\\/\\\/www.purejewels.com\\\/product\\\/22ct-gold-mens-bracelet-with-rudraksha\\\/#breadcrumb\",\"itemListElement\":[{\"@type\":\"ListItem\",\"position\":1,\"name\":\"Home\",\"item\":\"https:\\\/\\\/www.purejewels.com\\\/\"},{\"@type\":\"ListItem\",\"position\":2,\"name\":\"Shop\",\"item\":\"https:\\\/\\\/www.purejewels.com\\\/shop\\\/\"},{\"@type\":\"ListItem\",\"position\":3,\"name\":\"22ct Gold Men&#8217;s Bracelet With Rudraksha Mala\"}]},{\"@type\":\"WebSite\",\"@id\":\"https:\\\/\\\/www.purejewels.com\\\/#website\",\"url\":\"https:\\\/\\\/www.purejewels.com\\\/\",\"name\":\"PureJewels UK\",\"description\":\"Share the Love\",\"publisher\":{\"@id\":\"https:\\\/\\\/www.purejewels.com\\\/#organization\"},\"potentialAction\":[{\"@type\":\"SearchAction\",\"target\":{\"@type\":\"EntryPoint\",\"urlTemplate\":\"https:\\\/\\\/www.purejewels.com\\\/?s={search_term_string}\"},\"query-input\":{\"@type\":\"PropertyValueSpecification\",\"valueRequired\":true,\"valueName\":\"search_term_string\"}}],\"inLanguage\":\"de\"},{\"@type\":\"Organization\",\"@id\":\"https:\\\/\\\/www.purejewels.com\\\/#organization\",\"name\":\"PureJewels UK\",\"url\":\"https:\\\/\\\/www.purejewels.com\\\/\",\"logo\":{\"@type\":\"ImageObject\",\"inLanguage\":\"de\",\"@id\":\"https:\\\/\\\/www.purejewels.com\\\/#\\\/schema\\\/logo\\\/image\\\/\",\"url\":\"https:\\\/\\\/static.purejewels.com\\\/wp-content\\\/uploads\\\/2020\\\/11\\\/Logo-PJ-New-1.png\",\"contentUrl\":\"https:\\\/\\\/static.purejewels.com\\\/wp-content\\\/uploads\\\/2020\\\/11\\\/Logo-PJ-New-1.png\",\"width\":150,\"height\":80,\"caption\":\"PureJewels UK\"},\"image\":{\"@id\":\"https:\\\/\\\/www.purejewels.com\\\/#\\\/schema\\\/logo\\\/image\\\/\"}}]}<\/script>\n<!-- \/ Yoast SEO plugin. -->","yoast_head_json":{"title":"Rudraksha Armband | 22ct Gold Herrenarmband mit Rudraksha","description":"Entdecken Sie unsere 22ct Gold M\u00e4nner religi\u00f6ses Armband mit OM &amp; Rudraksha Thema. Kaufen Sie Rudraksha Armb\u00e4nder online zum besten Preis.","robots":{"index":"index","follow":"follow","max-snippet":"max-snippet:-1","max-image-preview":"max-image-preview:large","max-video-preview":"max-video-preview:-1"},"canonical":"https:\/\/www.purejewels.com\/de\/produkt-2\/22-karat-gold-herrenarmband-mit-rudraksha\/","og_locale":"de_DE","og_type":"article","og_title":"Rudraksha Bracelet | 22ct Gold Men's Bracelet With Rudraksha","og_description":"Explore our 22ct Gold Men's Religious Bracelet With OM & Rudraksha Theme. Shop Rudraksha Bracelets online at the best price.","og_url":"https:\/\/www.purejewels.com\/de\/produkt-2\/22-karat-gold-herrenarmband-mit-rudraksha\/","og_site_name":"PureJewels UK","article_modified_time":"2026-01-06T09:55:45+00:00","og_image":[{"width":1000,"height":1000,"url":"https:\/\/www.purejewels.com\/wp-content\/uploads\/2020\/07\/175663917-2.jpg","type":"image\/jpeg"}],"twitter_card":"summary_large_image","twitter_misc":{"Gesch\u00e4tzte Lesezeit":"1\u00a0Minute"},"schema":{"@context":"https:\/\/schema.org","@graph":[{"@type":["WebPage","ItemPage"],"@id":"https:\/\/www.purejewels.com\/product\/22ct-gold-mens-bracelet-with-rudraksha\/","url":"https:\/\/www.purejewels.com\/product\/22ct-gold-mens-bracelet-with-rudraksha\/","name":"Rudraksha Armband | 22ct Gold Herrenarmband mit Rudraksha","isPartOf":{"@id":"https:\/\/www.purejewels.com\/#website"},"primaryImageOfPage":{"@id":"https:\/\/www.purejewels.com\/product\/22ct-gold-mens-bracelet-with-rudraksha\/#primaryimage"},"image":{"@id":"https:\/\/www.purejewels.com\/product\/22ct-gold-mens-bracelet-with-rudraksha\/#primaryimage"},"thumbnailUrl":"https:\/\/static.purejewels.com\/wp-content\/uploads\/2020\/07\/175663917-2.jpg","datePublished":"2018-10-22T06:28:06+00:00","dateModified":"2026-01-06T09:55:45+00:00","description":"Entdecken Sie unsere 22ct Gold M\u00e4nner religi\u00f6ses Armband mit OM &amp; Rudraksha Thema. Kaufen Sie Rudraksha Armb\u00e4nder online zum besten Preis.","breadcrumb":{"@id":"https:\/\/www.purejewels.com\/product\/22ct-gold-mens-bracelet-with-rudraksha\/#breadcrumb"},"inLanguage":"de","potentialAction":[{"@type":"ReadAction","target":["https:\/\/www.purejewels.com\/product\/22ct-gold-mens-bracelet-with-rudraksha\/"]}]},{"@type":"ImageObject","inLanguage":"de","@id":"https:\/\/www.purejewels.com\/product\/22ct-gold-mens-bracelet-with-rudraksha\/#primaryimage","url":"https:\/\/static.purejewels.com\/wp-content\/uploads\/2020\/07\/175663917-2.jpg","contentUrl":"https:\/\/static.purejewels.com\/wp-content\/uploads\/2020\/07\/175663917-2.jpg","width":1000,"height":1000},{"@type":"BreadcrumbList","@id":"https:\/\/www.purejewels.com\/product\/22ct-gold-mens-bracelet-with-rudraksha\/#breadcrumb","itemListElement":[{"@type":"ListItem","position":1,"name":"Home","item":"https:\/\/www.purejewels.com\/"},{"@type":"ListItem","position":2,"name":"Shop","item":"https:\/\/www.purejewels.com\/shop\/"},{"@type":"ListItem","position":3,"name":"22ct Gold Men&#8217;s Bracelet With Rudraksha Mala"}]},{"@type":"WebSite","@id":"https:\/\/www.purejewels.com\/#website","url":"https:\/\/www.purejewels.com\/","name":"PureJewels UK","description":"Teile die Liebe","publisher":{"@id":"https:\/\/www.purejewels.com\/#organization"},"potentialAction":[{"@type":"SearchAction","target":{"@type":"EntryPoint","urlTemplate":"https:\/\/www.purejewels.com\/?s={search_term_string}"},"query-input":{"@type":"PropertyValueSpecification","valueRequired":true,"valueName":"search_term_string"}}],"inLanguage":"de"},{"@type":"Organization","@id":"https:\/\/www.purejewels.com\/#organization","name":"PureJewels UK","url":"https:\/\/www.purejewels.com\/","logo":{"@type":"ImageObject","inLanguage":"de","@id":"https:\/\/www.purejewels.com\/#\/schema\/logo\/image\/","url":"https:\/\/static.purejewels.com\/wp-content\/uploads\/2020\/11\/Logo-PJ-New-1.png","contentUrl":"https:\/\/static.purejewels.com\/wp-content\/uploads\/2020\/11\/Logo-PJ-New-1.png","width":150,"height":80,"caption":"PureJewels UK"},"image":{"@id":"https:\/\/www.purejewels.com\/#\/schema\/logo\/image\/"}}]}},"_links":{"self":[{"href":"https:\/\/www.purejewels.com\/de\/wp-json\/wp\/v2\/product\/303883","targetHints":{"allow":["GET"]}}],"collection":[{"href":"https:\/\/www.purejewels.com\/de\/wp-json\/wp\/v2\/product"}],"about":[{"href":"https:\/\/www.purejewels.com\/de\/wp-json\/wp\/v2\/types\/product"}],"replies":[{"embeddable":true,"href":"https:\/\/www.purejewels.com\/de\/wp-json\/wp\/v2\/comments?post=303883"}],"version-history":[{"count":1,"href":"https:\/\/www.purejewels.com\/de\/wp-json\/wp\/v2\/product\/303883\/revisions"}],"predecessor-version":[{"id":368368,"href":"https:\/\/www.purejewels.com\/de\/wp-json\/wp\/v2\/product\/303883\/revisions\/368368"}],"wp:featuredmedia":[{"embeddable":true,"href":"https:\/\/www.purejewels.com\/de\/wp-json\/wp\/v2\/media\/315701"}],"wp:attachment":[{"href":"https:\/\/www.purejewels.com\/de\/wp-json\/wp\/v2\/media?parent=303883"}],"wp:term":[{"taxonomy":"product_brand","embeddable":true,"href":"https:\/\/www.purejewels.com\/de\/wp-json\/wp\/v2\/product_brand?post=303883"},{"taxonomy":"product_cat","embeddable":true,"href":"https:\/\/www.purejewels.com\/de\/wp-json\/wp\/v2\/product_cat?post=303883"},{"taxonomy":"product_tag","embeddable":true,"href":"https:\/\/www.purejewels.com\/de\/wp-json\/wp\/v2\/product_tag?post=303883"}],"curies":[{"name":"wp","href":"https:\/\/api.w.org\/{rel}","templated":true}]}}