{"id":303893,"date":"2018-10-22T07:11:10","date_gmt":"2018-10-22T06:11:10","guid":{"rendered":"https:\/\/www.purejewels.com\/?post_type=product&#038;p=303893"},"modified":"2026-01-06T09:55:46","modified_gmt":"2026-01-06T09:55:46","slug":"18-karat-gold-herrenarmband-3","status":"publish","type":"product","link":"https:\/\/www.purejewels.com\/de\/product\/18ct-gold-mens-bracelet-3\/","title":{"rendered":"Herrenarmband aus 18 Karat Gelbgold"},"content":{"rendered":"<p>Wir stellen vor: unser exquisites <a href=\"https:\/\/www.purejewels.com\/de\/product\/18ct-white-gold-khanda-sikh-religious-pendant-6226\/\">18ct<\/a> Gold M\u00e4nner <a href=\"https:\/\/www.purejewels.com\/de\/product-category\/22ct-gold-jewellery\/gold-bracelet\/\">Armband<\/a>, ein luxuri\u00f6ses Accessoire, das Raffinesse und Stil ausstrahlt. Mit Pr\u00e4zision und Liebe zum Detail handgefertigt, ist dieses atemberaubende Armband die perfekte Erg\u00e4nzung f\u00fcr die Garderobe eines jeden Mannes. Das aus hochwertigem 18-kar\u00e4tigem Gold gefertigte Armband ist nicht nur ein Statement, sondern auch eine zeitlose Investition, die ein Leben lang halten wird.<\/p>\n<p>Unser Herrenarmband aus 18 Karat Gold wurde f\u00fcr den modernen Mann entworfen, der feine Handwerkskunst und hochwertige Materialien zu sch\u00e4tzen wei\u00df. Ganz gleich, ob Sie sich f\u00fcr einen besonderen Anlass herausputzen oder einfach Ihren Alltagslook aufwerten wollen, dieses Armband wird Sie sicher beeindrucken und einen bleibenden Eindruck hinterlassen.<\/p>\n<p>Bei PureJewels UK sind wir stolz darauf, die feinsten Schmuckst\u00fccke anzubieten, die sowohl stilvoll als auch langlebig sind. Mit unserer kostenlosen Lieferung, sicheren Online-Zahlungen und einer 30-Tage-Geld-zur\u00fcck-Garantie k\u00f6nnen Sie mit Zuversicht einkaufen und wissen, dass Ihre Zufriedenheit unsere h\u00f6chste Priorit\u00e4t ist. Lassen Sie sich dieses Must-Have-Accessoire nicht entgehen - bestellen Sie noch heute Ihr Herrenarmband aus 18 Karat Gold und heben Sie Ihren Stil auf die n\u00e4chste Stufe.<\/p>","protected":false},"excerpt":{"rendered":"<p>Ein kraftvolles und zugleich elegantes Herrenarmband aus 18 Karat Gold, meisterhaft in London gefertigt. Mit klassischem ID-Bar-Design und aufwendig geflochtenen Gliedern \u2013 ideal zum Gravieren oder zur Kennzeichnung eines pers\u00f6nlichen Meilensteins.<\/p>\n<ul>\n<li>18 Karat Gold HerrenarmbandGewicht. 46.1 gms<\/li>\n<li>SKU. 19387<\/li>\n<li>Alle Preise inklusive Mehrwertsteuer<\/li>\n<li>18ct Gold gestempelt von London Assay Office<\/li>\n<li>Mit Pr\u00e4sentationsbox<\/li>\n<li>Lieferung inbegriffen<\/li>\n<li>Live-Chat mit uns f\u00fcr die Verf\u00fcgbarkeit und mehr Bilder von \u00e4hnlichen Designs derzeit auf Lager<\/li>\n<\/ul>","protected":false},"featured_media":315702,"comment_status":"closed","ping_status":"closed","template":"","meta":{"_eb_attr":"","_crsspst_to_jayantr4sg-hostcom":false},"product_brand":[],"product_cat":[1324,1229,1628],"product_tag":[],"class_list":{"0":"post-303893","1":"product","2":"type-product","3":"status-publish","4":"has-post-thumbnail","6":"product_cat-gold-bracelet","7":"product_cat-22ct-gold-jewellery","8":"product_cat-mens-bracelet","10":"first","11":"outofstock","12":"taxable","13":"shipping-taxable","14":"product-type-simple","15":"add-to-wishlist-before_image"},"yoast_head":"<!-- This site is optimized with the Yoast SEO plugin v27.5 - https:\/\/yoast.com\/product\/yoast-seo-wordpress\/ -->\n<title>18ct Gold Men\u2019s Bracelet | Heritage Craftsmanship | PureJewels<\/title>\n<meta name=\"description\" content=\"Discover our handcrafted 18ct Gold Men\u2019s Bracelet \u2013 a bold fusion of timeless design and fine craftsmanship. Hallmarked in London and made to honour your journey.\" \/>\n<meta name=\"robots\" content=\"index, follow, max-snippet:-1, max-image-preview:large, max-video-preview:-1\" \/>\n<link rel=\"canonical\" href=\"https:\/\/www.purejewels.com\/de\/produkt-2\/18-karat-gold-herrenarmband-3\/\" \/>\n<meta property=\"og:locale\" content=\"de_DE\" \/>\n<meta property=\"og:type\" content=\"article\" \/>\n<meta property=\"og:title\" content=\"18ct Gold Men\u2019s Bracelet | Heritage Craftsmanship | PureJewels\" \/>\n<meta property=\"og:description\" content=\"Discover our handcrafted 18ct Gold Men\u2019s Bracelet \u2013 a bold fusion of timeless design and fine craftsmanship. Hallmarked in London and made to honour your journey.\" \/>\n<meta property=\"og:url\" content=\"https:\/\/www.purejewels.com\/de\/produkt-2\/18-karat-gold-herrenarmband-3\/\" \/>\n<meta property=\"og:site_name\" content=\"PureJewels UK\" \/>\n<meta property=\"article:modified_time\" content=\"2026-01-06T09:55:46+00:00\" \/>\n<meta property=\"og:image\" content=\"https:\/\/static.purejewels.com\/wp-content\/uploads\/2020\/07\/175663974.jpg\" \/>\n\t<meta property=\"og:image:width\" content=\"1000\" \/>\n\t<meta property=\"og:image:height\" content=\"1000\" \/>\n\t<meta property=\"og:image:type\" content=\"image\/jpeg\" \/>\n<meta name=\"twitter:card\" content=\"summary_large_image\" \/>\n<meta name=\"twitter:label1\" content=\"Gesch\u00e4tzte Lesezeit\" \/>\n\t<meta name=\"twitter:data1\" content=\"1\u00a0Minute\" \/>\n<script type=\"application\/ld+json\" class=\"yoast-schema-graph\">{\"@context\":\"https:\\\/\\\/schema.org\",\"@graph\":[{\"@type\":[\"WebPage\",\"ItemPage\"],\"@id\":\"https:\\\/\\\/www.purejewels.com\\\/product\\\/18ct-gold-mens-bracelet-3\\\/\",\"url\":\"https:\\\/\\\/www.purejewels.com\\\/product\\\/18ct-gold-mens-bracelet-3\\\/\",\"name\":\"18ct Gold Men\u2019s Bracelet | Heritage Craftsmanship | PureJewels\",\"isPartOf\":{\"@id\":\"https:\\\/\\\/www.purejewels.com\\\/#website\"},\"primaryImageOfPage\":{\"@id\":\"https:\\\/\\\/www.purejewels.com\\\/product\\\/18ct-gold-mens-bracelet-3\\\/#primaryimage\"},\"image\":{\"@id\":\"https:\\\/\\\/www.purejewels.com\\\/product\\\/18ct-gold-mens-bracelet-3\\\/#primaryimage\"},\"thumbnailUrl\":\"https:\\\/\\\/static.purejewels.com\\\/wp-content\\\/uploads\\\/2020\\\/07\\\/175663974.jpg\",\"datePublished\":\"2018-10-22T06:11:10+00:00\",\"dateModified\":\"2026-01-06T09:55:46+00:00\",\"description\":\"Discover our handcrafted 18ct Gold Men\u2019s Bracelet \u2013 a bold fusion of timeless design and fine craftsmanship. Hallmarked in London and made to honour your journey.\",\"breadcrumb\":{\"@id\":\"https:\\\/\\\/www.purejewels.com\\\/product\\\/18ct-gold-mens-bracelet-3\\\/#breadcrumb\"},\"inLanguage\":\"de\",\"potentialAction\":[{\"@type\":\"ReadAction\",\"target\":[\"https:\\\/\\\/www.purejewels.com\\\/product\\\/18ct-gold-mens-bracelet-3\\\/\"]}]},{\"@type\":\"ImageObject\",\"inLanguage\":\"de\",\"@id\":\"https:\\\/\\\/www.purejewels.com\\\/product\\\/18ct-gold-mens-bracelet-3\\\/#primaryimage\",\"url\":\"https:\\\/\\\/static.purejewels.com\\\/wp-content\\\/uploads\\\/2020\\\/07\\\/175663974.jpg\",\"contentUrl\":\"https:\\\/\\\/static.purejewels.com\\\/wp-content\\\/uploads\\\/2020\\\/07\\\/175663974.jpg\",\"width\":1000,\"height\":1000},{\"@type\":\"BreadcrumbList\",\"@id\":\"https:\\\/\\\/www.purejewels.com\\\/product\\\/18ct-gold-mens-bracelet-3\\\/#breadcrumb\",\"itemListElement\":[{\"@type\":\"ListItem\",\"position\":1,\"name\":\"Home\",\"item\":\"https:\\\/\\\/www.purejewels.com\\\/\"},{\"@type\":\"ListItem\",\"position\":2,\"name\":\"Shop\",\"item\":\"https:\\\/\\\/www.purejewels.com\\\/shop\\\/\"},{\"@type\":\"ListItem\",\"position\":3,\"name\":\"18ct Yellow Gold Men&#8217;s Bracelet\"}]},{\"@type\":\"WebSite\",\"@id\":\"https:\\\/\\\/www.purejewels.com\\\/#website\",\"url\":\"https:\\\/\\\/www.purejewels.com\\\/\",\"name\":\"PureJewels UK\",\"description\":\"Share the Love\",\"publisher\":{\"@id\":\"https:\\\/\\\/www.purejewels.com\\\/#organization\"},\"potentialAction\":[{\"@type\":\"SearchAction\",\"target\":{\"@type\":\"EntryPoint\",\"urlTemplate\":\"https:\\\/\\\/www.purejewels.com\\\/?s={search_term_string}\"},\"query-input\":{\"@type\":\"PropertyValueSpecification\",\"valueRequired\":true,\"valueName\":\"search_term_string\"}}],\"inLanguage\":\"de\"},{\"@type\":\"Organization\",\"@id\":\"https:\\\/\\\/www.purejewels.com\\\/#organization\",\"name\":\"PureJewels UK\",\"url\":\"https:\\\/\\\/www.purejewels.com\\\/\",\"logo\":{\"@type\":\"ImageObject\",\"inLanguage\":\"de\",\"@id\":\"https:\\\/\\\/www.purejewels.com\\\/#\\\/schema\\\/logo\\\/image\\\/\",\"url\":\"https:\\\/\\\/static.purejewels.com\\\/wp-content\\\/uploads\\\/2020\\\/11\\\/Logo-PJ-New-1.png\",\"contentUrl\":\"https:\\\/\\\/static.purejewels.com\\\/wp-content\\\/uploads\\\/2020\\\/11\\\/Logo-PJ-New-1.png\",\"width\":150,\"height\":80,\"caption\":\"PureJewels UK\"},\"image\":{\"@id\":\"https:\\\/\\\/www.purejewels.com\\\/#\\\/schema\\\/logo\\\/image\\\/\"}}]}<\/script>\n<!-- \/ Yoast SEO plugin. -->","yoast_head_json":{"title":"18 Karat Gold Herrenarmband | Traditionelle Handwerkskunst | PureJewels","description":"Entdecken Sie unser handgefertigtes Herrenarmband aus 18 Karat Gold \u2013 eine k\u00fchne Fusion aus zeitlosem Design und feiner Handwerkskunst. In London punziert und hergestellt, um Ihre Reise zu w\u00fcrdigen.","robots":{"index":"index","follow":"follow","max-snippet":"max-snippet:-1","max-image-preview":"max-image-preview:large","max-video-preview":"max-video-preview:-1"},"canonical":"https:\/\/www.purejewels.com\/de\/produkt-2\/18-karat-gold-herrenarmband-3\/","og_locale":"de_DE","og_type":"article","og_title":"18ct Gold Men\u2019s Bracelet | Heritage Craftsmanship | PureJewels","og_description":"Discover our handcrafted 18ct Gold Men\u2019s Bracelet \u2013 a bold fusion of timeless design and fine craftsmanship. Hallmarked in London and made to honour your journey.","og_url":"https:\/\/www.purejewels.com\/de\/produkt-2\/18-karat-gold-herrenarmband-3\/","og_site_name":"PureJewels UK","article_modified_time":"2026-01-06T09:55:46+00:00","og_image":[{"width":1000,"height":1000,"url":"https:\/\/static.purejewels.com\/wp-content\/uploads\/2020\/07\/175663974.jpg","type":"image\/jpeg"}],"twitter_card":"summary_large_image","twitter_misc":{"Gesch\u00e4tzte Lesezeit":"1\u00a0Minute"},"schema":{"@context":"https:\/\/schema.org","@graph":[{"@type":["WebPage","ItemPage"],"@id":"https:\/\/www.purejewels.com\/product\/18ct-gold-mens-bracelet-3\/","url":"https:\/\/www.purejewels.com\/product\/18ct-gold-mens-bracelet-3\/","name":"18 Karat Gold Herrenarmband | Traditionelle Handwerkskunst | PureJewels","isPartOf":{"@id":"https:\/\/www.purejewels.com\/#website"},"primaryImageOfPage":{"@id":"https:\/\/www.purejewels.com\/product\/18ct-gold-mens-bracelet-3\/#primaryimage"},"image":{"@id":"https:\/\/www.purejewels.com\/product\/18ct-gold-mens-bracelet-3\/#primaryimage"},"thumbnailUrl":"https:\/\/static.purejewels.com\/wp-content\/uploads\/2020\/07\/175663974.jpg","datePublished":"2018-10-22T06:11:10+00:00","dateModified":"2026-01-06T09:55:46+00:00","description":"Entdecken Sie unser handgefertigtes Herrenarmband aus 18 Karat Gold \u2013 eine k\u00fchne Fusion aus zeitlosem Design und feiner Handwerkskunst. In London punziert und hergestellt, um Ihre Reise zu w\u00fcrdigen.","breadcrumb":{"@id":"https:\/\/www.purejewels.com\/product\/18ct-gold-mens-bracelet-3\/#breadcrumb"},"inLanguage":"de","potentialAction":[{"@type":"ReadAction","target":["https:\/\/www.purejewels.com\/product\/18ct-gold-mens-bracelet-3\/"]}]},{"@type":"ImageObject","inLanguage":"de","@id":"https:\/\/www.purejewels.com\/product\/18ct-gold-mens-bracelet-3\/#primaryimage","url":"https:\/\/static.purejewels.com\/wp-content\/uploads\/2020\/07\/175663974.jpg","contentUrl":"https:\/\/static.purejewels.com\/wp-content\/uploads\/2020\/07\/175663974.jpg","width":1000,"height":1000},{"@type":"BreadcrumbList","@id":"https:\/\/www.purejewels.com\/product\/18ct-gold-mens-bracelet-3\/#breadcrumb","itemListElement":[{"@type":"ListItem","position":1,"name":"Home","item":"https:\/\/www.purejewels.com\/"},{"@type":"ListItem","position":2,"name":"Shop","item":"https:\/\/www.purejewels.com\/shop\/"},{"@type":"ListItem","position":3,"name":"18ct Yellow Gold Men&#8217;s Bracelet"}]},{"@type":"WebSite","@id":"https:\/\/www.purejewels.com\/#website","url":"https:\/\/www.purejewels.com\/","name":"PureJewels UK","description":"Teile die Liebe","publisher":{"@id":"https:\/\/www.purejewels.com\/#organization"},"potentialAction":[{"@type":"SearchAction","target":{"@type":"EntryPoint","urlTemplate":"https:\/\/www.purejewels.com\/?s={search_term_string}"},"query-input":{"@type":"PropertyValueSpecification","valueRequired":true,"valueName":"search_term_string"}}],"inLanguage":"de"},{"@type":"Organization","@id":"https:\/\/www.purejewels.com\/#organization","name":"PureJewels UK","url":"https:\/\/www.purejewels.com\/","logo":{"@type":"ImageObject","inLanguage":"de","@id":"https:\/\/www.purejewels.com\/#\/schema\/logo\/image\/","url":"https:\/\/static.purejewels.com\/wp-content\/uploads\/2020\/11\/Logo-PJ-New-1.png","contentUrl":"https:\/\/static.purejewels.com\/wp-content\/uploads\/2020\/11\/Logo-PJ-New-1.png","width":150,"height":80,"caption":"PureJewels UK"},"image":{"@id":"https:\/\/www.purejewels.com\/#\/schema\/logo\/image\/"}}]}},"_links":{"self":[{"href":"https:\/\/www.purejewels.com\/de\/wp-json\/wp\/v2\/product\/303893","targetHints":{"allow":["GET"]}}],"collection":[{"href":"https:\/\/www.purejewels.com\/de\/wp-json\/wp\/v2\/product"}],"about":[{"href":"https:\/\/www.purejewels.com\/de\/wp-json\/wp\/v2\/types\/product"}],"replies":[{"embeddable":true,"href":"https:\/\/www.purejewels.com\/de\/wp-json\/wp\/v2\/comments?post=303893"}],"version-history":[{"count":4,"href":"https:\/\/www.purejewels.com\/de\/wp-json\/wp\/v2\/product\/303893\/revisions"}],"predecessor-version":[{"id":423215,"href":"https:\/\/www.purejewels.com\/de\/wp-json\/wp\/v2\/product\/303893\/revisions\/423215"}],"wp:featuredmedia":[{"embeddable":true,"href":"https:\/\/www.purejewels.com\/de\/wp-json\/wp\/v2\/media\/315702"}],"wp:attachment":[{"href":"https:\/\/www.purejewels.com\/de\/wp-json\/wp\/v2\/media?parent=303893"}],"wp:term":[{"taxonomy":"product_brand","embeddable":true,"href":"https:\/\/www.purejewels.com\/de\/wp-json\/wp\/v2\/product_brand?post=303893"},{"taxonomy":"product_cat","embeddable":true,"href":"https:\/\/www.purejewels.com\/de\/wp-json\/wp\/v2\/product_cat?post=303893"},{"taxonomy":"product_tag","embeddable":true,"href":"https:\/\/www.purejewels.com\/de\/wp-json\/wp\/v2\/product_tag?post=303893"}],"curies":[{"name":"wp","href":"https:\/\/api.w.org\/{rel}","templated":true}]}}