{"id":304090,"date":"2018-10-23T12:28:30","date_gmt":"2018-10-23T11:28:30","guid":{"rendered":"https:\/\/www.purejewels.com\/?post_type=product&#038;p=304090"},"modified":"2025-11-25T07:52:00","modified_gmt":"2025-11-25T07:52:00","slug":"diya-22-kt-gold-ungeschliffene-polki-ohrringe","status":"publish","type":"product","link":"https:\/\/www.purejewels.com\/de\/product\/diya-22ct-gold-uncut-polki-earrings\/","title":{"rendered":"Diya 22 Karat Gold Polki Blossom Cascade Ohrringe"},"content":{"rendered":"<h3 data-start=\"272\" data-end=\"296\"><strong data-start=\"276\" data-end=\"294\">Designkonzept<\/strong><\/h3>\n<p data-start=\"297\" data-end=\"766\">Die <em data-start=\"301\" data-end=\"348\">Diya <a href=\"https:\/\/www.purejewels.com\/de\/product\/22ct-gold-jali-filigree-ring-jali-collection-31926\/\">22ct<\/a> Goldfarbene Polki-Bl\u00fcten-Kaskaden-Ohrringe<\/em> sind eine Ode an die Strahlkraft und schaffen eine feine Balance zwischen Tradition und Sch\u00f6nheit. Inspiriert vom sanften Schein einer Diya-Lampe und der bl\u00fctenblattartigen Geometrie bl\u00fchender Blumen, strahlen diese Ohrringe W\u00e4rme, Anmut und Festlichkeit aus. Die Anordnung der ungeschliffenen Polki-Diamanten, die jeweils in einer floralen Fassung eingebettet sind, bildet eine sanfte Kaskade, die das Gesicht bei jeder Bewegung zum Strahlen bringt. Ihre Form erinnert an antikes indisches Design, das f\u00fcr die moderne Muse neu interpretiert wurde.<\/p>\n<h3 data-start=\"773\" data-end=\"796\"><strong data-start=\"777\" data-end=\"794\">Handwerkliches K\u00f6nnen<\/strong><\/h3>\n<p data-start=\"797\" data-end=\"1427\">Handgefertigt aus edlem 22-kar\u00e4tigem Gold, jedes einzelne St\u00fcck <a href=\"https:\/\/www.purejewels.com\/de\/product\/22ct-gold-ladies-stud-earring-with-rhodium-finish-46497\/\">Ohrring<\/a> ist mit sorgf\u00e4ltig platzierten <em data-start=\"877\" data-end=\"899\">ungeschliffene Polki-Diamanten<\/em>, ein traditioneller indischer Schliff, der wegen seines nat\u00fcrlichen Glanzes gesch\u00e4tzt wird. Die Blumenbl\u00fcte an der Spitze bildet eine strahlende Bl\u00fcte, die dem Schmuckst\u00fcck Eleganz verleiht, w\u00e4hrend die abgestufte dreieckige Tropfenstruktur f\u00fcr Fluidit\u00e4t und Bewegung sorgt. Unsere erfahrenen Handwerker verwenden alte Kundan-Fassungstechniken, um sicherzustellen, dass jeder Polki-Stein pr\u00e4zise gefasst wird, was zu einem Finish in Erbst\u00fcckqualit\u00e4t f\u00fchrt. Jedes Paar ist punziert und wurde gefertigt, um die Authentizit\u00e4t und Integrit\u00e4t des Design-Erbes von PureJewels zu w\u00fcrdigen.<\/p>\n<h3 data-start=\"1434\" data-end=\"1457\"><strong data-start=\"1438\" data-end=\"1455\">Styling-Ideen<\/strong><\/h3>\n<p data-start=\"1458\" data-end=\"1969\">Diese eleganten und zugleich temperamentvollen Ohrringe eignen sich perfekt f\u00fcr Brautoutfits, festliche Anl\u00e4sse oder bedeutungsvolle Ereignisse, bei denen Tradition im Mittelpunkt steht. Kombinieren Sie sie mit einem klassischen Seidensari, einem flie\u00dfenden Lehenga oder sogar einem minimalistischen Kleid, um die Ohrringe zur Geltung zu bringen. Ihr sanfter Goldton und ihr nat\u00fcrlicher Glanz passen wunderbar zu anderem Schmuck in warmen Farbt\u00f6nen \u2013 denken Sie an goldene Armreifen, Polki-Choker oder einen auff\u00e4lligen Cocktailring. F\u00fcr ein komplettes Braut-Set empfehlen wir die Kombination mit dem <em data-start=\"1922\" data-end=\"1943\">Diya Polki Halskette<\/em> aus derselben Kollektion.<\/p>","protected":false},"excerpt":{"rendered":"<ul>\n<li>Diya 22 Karat Gold mit ungeschliffenen Polki-Diamanten Ohrring<\/li>\n<li>Wt. 7,5 g<\/li>\n<li>Polki Diamant Wt. 2.36 ct<\/li>\n<li>SKU. 27934<\/li>\n<li>Alle Preise inklusive Mehrwertsteuer<\/li>\n<li>22ct Gold gestempelt von London Assay Office<\/li>\n<li>Mit Pr\u00e4sentationsbox<\/li>\n<li>Lieferung inbegriffen<\/li>\n<li>Live-Chat mit uns f\u00fcr die Verf\u00fcgbarkeit und mehr Bilder von \u00e4hnlichen Designs derzeit auf Lager<\/li>\n<\/ul>","protected":false},"featured_media":309501,"comment_status":"closed","ping_status":"closed","template":"","meta":{"_eb_attr":"","_crsspst_to_jayantr4sg-hostcom":false},"product_brand":[],"product_cat":[254],"product_tag":[],"class_list":{"0":"post-304090","1":"product","2":"type-product","3":"status-publish","4":"has-post-thumbnail","6":"product_cat-diya-collections","8":"first","9":"outofstock","10":"taxable","11":"shipping-taxable","12":"product-type-simple","13":"add-to-wishlist-before_image"},"yoast_head":"<!-- This site is optimized with the Yoast SEO plugin v27.3 - https:\/\/yoast.com\/product\/yoast-seo-wordpress\/ -->\n<title>Diya 22ct Gold Polki Blossom Cascade Earrings | PureJewels UK<\/title>\n<meta name=\"description\" content=\"Handcrafted in 22ct gold with uncut Polki diamonds, the Diya Blossom Earrings radiate heritage charm\u2014ideal for weddings, gifting, or celebration.\" \/>\n<meta name=\"robots\" content=\"index, follow, max-snippet:-1, max-image-preview:large, max-video-preview:-1\" \/>\n<link rel=\"canonical\" href=\"https:\/\/www.purejewels.com\/de\/produkt-2\/diya-22-kt-gold-ungeschliffene-polki-ohrringe\/\" \/>\n<meta property=\"og:locale\" content=\"de_DE\" \/>\n<meta property=\"og:type\" content=\"article\" \/>\n<meta property=\"og:title\" content=\"Diya 22ct Gold Polki Blossom Cascade Earrings | PureJewels UK\" \/>\n<meta property=\"og:description\" content=\"Handcrafted in 22ct gold with uncut Polki diamonds, the Diya Blossom Earrings radiate heritage charm\u2014ideal for weddings, gifting, or celebration.\" \/>\n<meta property=\"og:url\" content=\"https:\/\/www.purejewels.com\/de\/produkt-2\/diya-22-kt-gold-ungeschliffene-polki-ohrringe\/\" \/>\n<meta property=\"og:site_name\" content=\"PureJewels UK\" \/>\n<meta property=\"article:modified_time\" content=\"2025-11-25T07:52:00+00:00\" \/>\n<meta property=\"og:image\" content=\"https:\/\/www.purejewels.com\/wp-content\/uploads\/2018\/10\/27934_1-1.png\" \/>\n\t<meta property=\"og:image:width\" content=\"1000\" \/>\n\t<meta property=\"og:image:height\" content=\"1000\" \/>\n\t<meta property=\"og:image:type\" content=\"image\/png\" \/>\n<meta name=\"twitter:card\" content=\"summary_large_image\" \/>\n<meta name=\"twitter:label1\" content=\"Gesch\u00e4tzte Lesezeit\" \/>\n\t<meta name=\"twitter:data1\" content=\"2\u00a0Minuten\" \/>\n<script type=\"application\/ld+json\" class=\"yoast-schema-graph\">{\"@context\":\"https:\\\/\\\/schema.org\",\"@graph\":[{\"@type\":[\"WebPage\",\"ItemPage\"],\"@id\":\"https:\\\/\\\/www.purejewels.com\\\/product\\\/diya-22ct-gold-uncut-polki-earrings\\\/\",\"url\":\"https:\\\/\\\/www.purejewels.com\\\/product\\\/diya-22ct-gold-uncut-polki-earrings\\\/\",\"name\":\"Diya 22ct Gold Polki Blossom Cascade Earrings | PureJewels UK\",\"isPartOf\":{\"@id\":\"https:\\\/\\\/www.purejewels.com\\\/#website\"},\"primaryImageOfPage\":{\"@id\":\"https:\\\/\\\/www.purejewels.com\\\/product\\\/diya-22ct-gold-uncut-polki-earrings\\\/#primaryimage\"},\"image\":{\"@id\":\"https:\\\/\\\/www.purejewels.com\\\/product\\\/diya-22ct-gold-uncut-polki-earrings\\\/#primaryimage\"},\"thumbnailUrl\":\"https:\\\/\\\/static.purejewels.com\\\/wp-content\\\/uploads\\\/2018\\\/10\\\/27934_1-1.png\",\"datePublished\":\"2018-10-23T11:28:30+00:00\",\"dateModified\":\"2025-11-25T07:52:00+00:00\",\"description\":\"Handcrafted in 22ct gold with uncut Polki diamonds, the Diya Blossom Earrings radiate heritage charm\u2014ideal for weddings, gifting, or celebration.\",\"breadcrumb\":{\"@id\":\"https:\\\/\\\/www.purejewels.com\\\/product\\\/diya-22ct-gold-uncut-polki-earrings\\\/#breadcrumb\"},\"inLanguage\":\"de\",\"potentialAction\":[{\"@type\":\"ReadAction\",\"target\":[\"https:\\\/\\\/www.purejewels.com\\\/product\\\/diya-22ct-gold-uncut-polki-earrings\\\/\"]}]},{\"@type\":\"ImageObject\",\"inLanguage\":\"de\",\"@id\":\"https:\\\/\\\/www.purejewels.com\\\/product\\\/diya-22ct-gold-uncut-polki-earrings\\\/#primaryimage\",\"url\":\"https:\\\/\\\/static.purejewels.com\\\/wp-content\\\/uploads\\\/2018\\\/10\\\/27934_1-1.png\",\"contentUrl\":\"https:\\\/\\\/static.purejewels.com\\\/wp-content\\\/uploads\\\/2018\\\/10\\\/27934_1-1.png\",\"width\":1000,\"height\":1000,\"caption\":\"27934_1-1\"},{\"@type\":\"BreadcrumbList\",\"@id\":\"https:\\\/\\\/www.purejewels.com\\\/product\\\/diya-22ct-gold-uncut-polki-earrings\\\/#breadcrumb\",\"itemListElement\":[{\"@type\":\"ListItem\",\"position\":1,\"name\":\"Home\",\"item\":\"https:\\\/\\\/www.purejewels.com\\\/\"},{\"@type\":\"ListItem\",\"position\":2,\"name\":\"Shop\",\"item\":\"https:\\\/\\\/www.purejewels.com\\\/shop\\\/\"},{\"@type\":\"ListItem\",\"position\":3,\"name\":\"Diya 22ct Gold Polki Blossom Cascade Earrings\"}]},{\"@type\":\"WebSite\",\"@id\":\"https:\\\/\\\/www.purejewels.com\\\/#website\",\"url\":\"https:\\\/\\\/www.purejewels.com\\\/\",\"name\":\"PureJewels UK\",\"description\":\"Share the Love\",\"publisher\":{\"@id\":\"https:\\\/\\\/www.purejewels.com\\\/#organization\"},\"potentialAction\":[{\"@type\":\"SearchAction\",\"target\":{\"@type\":\"EntryPoint\",\"urlTemplate\":\"https:\\\/\\\/www.purejewels.com\\\/?s={search_term_string}\"},\"query-input\":{\"@type\":\"PropertyValueSpecification\",\"valueRequired\":true,\"valueName\":\"search_term_string\"}}],\"inLanguage\":\"de\"},{\"@type\":\"Organization\",\"@id\":\"https:\\\/\\\/www.purejewels.com\\\/#organization\",\"name\":\"PureJewels UK\",\"url\":\"https:\\\/\\\/www.purejewels.com\\\/\",\"logo\":{\"@type\":\"ImageObject\",\"inLanguage\":\"de\",\"@id\":\"https:\\\/\\\/www.purejewels.com\\\/#\\\/schema\\\/logo\\\/image\\\/\",\"url\":\"https:\\\/\\\/static.purejewels.com\\\/wp-content\\\/uploads\\\/2020\\\/11\\\/Logo-PJ-New-1.png\",\"contentUrl\":\"https:\\\/\\\/static.purejewels.com\\\/wp-content\\\/uploads\\\/2020\\\/11\\\/Logo-PJ-New-1.png\",\"width\":150,\"height\":80,\"caption\":\"PureJewels UK\"},\"image\":{\"@id\":\"https:\\\/\\\/www.purejewels.com\\\/#\\\/schema\\\/logo\\\/image\\\/\"}}]}<\/script>\n<!-- \/ Yoast SEO plugin. -->","yoast_head_json":{"title":"Diya 22 Karat Gold Polki Blossom Cascade Ohrringe | PureJewels UK","description":"Die Diya Blossom Ohrringe sind aus 22 Karat Gold mit ungeschliffenen Polki-Diamanten handgefertigt und strahlen traditionellen Charme aus \u2013 ideal f\u00fcr Hochzeiten, Geschenke oder Feierlichkeiten.","robots":{"index":"index","follow":"follow","max-snippet":"max-snippet:-1","max-image-preview":"max-image-preview:large","max-video-preview":"max-video-preview:-1"},"canonical":"https:\/\/www.purejewels.com\/de\/produkt-2\/diya-22-kt-gold-ungeschliffene-polki-ohrringe\/","og_locale":"de_DE","og_type":"article","og_title":"Diya 22ct Gold Polki Blossom Cascade Earrings | PureJewels UK","og_description":"Handcrafted in 22ct gold with uncut Polki diamonds, the Diya Blossom Earrings radiate heritage charm\u2014ideal for weddings, gifting, or celebration.","og_url":"https:\/\/www.purejewels.com\/de\/produkt-2\/diya-22-kt-gold-ungeschliffene-polki-ohrringe\/","og_site_name":"PureJewels UK","article_modified_time":"2025-11-25T07:52:00+00:00","og_image":[{"width":1000,"height":1000,"url":"https:\/\/www.purejewels.com\/wp-content\/uploads\/2018\/10\/27934_1-1.png","type":"image\/png"}],"twitter_card":"summary_large_image","twitter_misc":{"Gesch\u00e4tzte Lesezeit":"2\u00a0Minuten"},"schema":{"@context":"https:\/\/schema.org","@graph":[{"@type":["WebPage","ItemPage"],"@id":"https:\/\/www.purejewels.com\/product\/diya-22ct-gold-uncut-polki-earrings\/","url":"https:\/\/www.purejewels.com\/product\/diya-22ct-gold-uncut-polki-earrings\/","name":"Diya 22 Karat Gold Polki Blossom Cascade Ohrringe | PureJewels UK","isPartOf":{"@id":"https:\/\/www.purejewels.com\/#website"},"primaryImageOfPage":{"@id":"https:\/\/www.purejewels.com\/product\/diya-22ct-gold-uncut-polki-earrings\/#primaryimage"},"image":{"@id":"https:\/\/www.purejewels.com\/product\/diya-22ct-gold-uncut-polki-earrings\/#primaryimage"},"thumbnailUrl":"https:\/\/static.purejewels.com\/wp-content\/uploads\/2018\/10\/27934_1-1.png","datePublished":"2018-10-23T11:28:30+00:00","dateModified":"2025-11-25T07:52:00+00:00","description":"Die Diya Blossom Ohrringe sind aus 22 Karat Gold mit ungeschliffenen Polki-Diamanten handgefertigt und strahlen traditionellen Charme aus \u2013 ideal f\u00fcr Hochzeiten, Geschenke oder Feierlichkeiten.","breadcrumb":{"@id":"https:\/\/www.purejewels.com\/product\/diya-22ct-gold-uncut-polki-earrings\/#breadcrumb"},"inLanguage":"de","potentialAction":[{"@type":"ReadAction","target":["https:\/\/www.purejewels.com\/product\/diya-22ct-gold-uncut-polki-earrings\/"]}]},{"@type":"ImageObject","inLanguage":"de","@id":"https:\/\/www.purejewels.com\/product\/diya-22ct-gold-uncut-polki-earrings\/#primaryimage","url":"https:\/\/static.purejewels.com\/wp-content\/uploads\/2018\/10\/27934_1-1.png","contentUrl":"https:\/\/static.purejewels.com\/wp-content\/uploads\/2018\/10\/27934_1-1.png","width":1000,"height":1000,"caption":"27934_1-1"},{"@type":"BreadcrumbList","@id":"https:\/\/www.purejewels.com\/product\/diya-22ct-gold-uncut-polki-earrings\/#breadcrumb","itemListElement":[{"@type":"ListItem","position":1,"name":"Home","item":"https:\/\/www.purejewels.com\/"},{"@type":"ListItem","position":2,"name":"Shop","item":"https:\/\/www.purejewels.com\/shop\/"},{"@type":"ListItem","position":3,"name":"Diya 22ct Gold Polki Blossom Cascade Earrings"}]},{"@type":"WebSite","@id":"https:\/\/www.purejewels.com\/#website","url":"https:\/\/www.purejewels.com\/","name":"PureJewels UK","description":"Teile die Liebe","publisher":{"@id":"https:\/\/www.purejewels.com\/#organization"},"potentialAction":[{"@type":"SearchAction","target":{"@type":"EntryPoint","urlTemplate":"https:\/\/www.purejewels.com\/?s={search_term_string}"},"query-input":{"@type":"PropertyValueSpecification","valueRequired":true,"valueName":"search_term_string"}}],"inLanguage":"de"},{"@type":"Organization","@id":"https:\/\/www.purejewels.com\/#organization","name":"PureJewels UK","url":"https:\/\/www.purejewels.com\/","logo":{"@type":"ImageObject","inLanguage":"de","@id":"https:\/\/www.purejewels.com\/#\/schema\/logo\/image\/","url":"https:\/\/static.purejewels.com\/wp-content\/uploads\/2020\/11\/Logo-PJ-New-1.png","contentUrl":"https:\/\/static.purejewels.com\/wp-content\/uploads\/2020\/11\/Logo-PJ-New-1.png","width":150,"height":80,"caption":"PureJewels UK"},"image":{"@id":"https:\/\/www.purejewels.com\/#\/schema\/logo\/image\/"}}]}},"_links":{"self":[{"href":"https:\/\/www.purejewels.com\/de\/wp-json\/wp\/v2\/product\/304090","targetHints":{"allow":["GET"]}}],"collection":[{"href":"https:\/\/www.purejewels.com\/de\/wp-json\/wp\/v2\/product"}],"about":[{"href":"https:\/\/www.purejewels.com\/de\/wp-json\/wp\/v2\/types\/product"}],"replies":[{"embeddable":true,"href":"https:\/\/www.purejewels.com\/de\/wp-json\/wp\/v2\/comments?post=304090"}],"version-history":[{"count":2,"href":"https:\/\/www.purejewels.com\/de\/wp-json\/wp\/v2\/product\/304090\/revisions"}],"predecessor-version":[{"id":421794,"href":"https:\/\/www.purejewels.com\/de\/wp-json\/wp\/v2\/product\/304090\/revisions\/421794"}],"wp:featuredmedia":[{"embeddable":true,"href":"https:\/\/www.purejewels.com\/de\/wp-json\/wp\/v2\/media\/309501"}],"wp:attachment":[{"href":"https:\/\/www.purejewels.com\/de\/wp-json\/wp\/v2\/media?parent=304090"}],"wp:term":[{"taxonomy":"product_brand","embeddable":true,"href":"https:\/\/www.purejewels.com\/de\/wp-json\/wp\/v2\/product_brand?post=304090"},{"taxonomy":"product_cat","embeddable":true,"href":"https:\/\/www.purejewels.com\/de\/wp-json\/wp\/v2\/product_cat?post=304090"},{"taxonomy":"product_tag","embeddable":true,"href":"https:\/\/www.purejewels.com\/de\/wp-json\/wp\/v2\/product_tag?post=304090"}],"curies":[{"name":"wp","href":"https:\/\/api.w.org\/{rel}","templated":true}]}}