{"id":304188,"date":"2018-10-24T10:02:00","date_gmt":"2018-10-24T09:02:00","guid":{"rendered":"https:\/\/www.purejewels.com\/?post_type=product&#038;p=304188"},"modified":"2026-01-06T06:58:29","modified_gmt":"2026-01-06T06:58:29","slug":"22-karat-gold-party-ohrring-28379","status":"publish","type":"product","link":"https:\/\/www.purejewels.com\/de\/product\/22ct-gold-party-earring-28379\/","title":{"rendered":"22ct Gold Party-Ohrring"},"content":{"rendered":"<h3><b>Gestaltung<\/b><\/h3>\n<p><span style=\"font-weight: 400\">Sind Sie st\u00e4ndig auf der Suche nach etwas Perfektem, um Ihrem Look sofortigen Glamour zu verleihen? Dann k\u00f6nnte das hier genau das Richtige sein! Dieses Paar einmaliger goldener Party <a href=\"https:\/\/www.purejewels.com\/de\/product-category\/22ct-gold-jewellery\/gold-earrings\/\">Ohrringe<\/a> ist alles, was Sie brauchen, um ein Statement zu setzen. Man sagt, dass Ohrringe die m\u00e4chtigsten Accessoires sind, die buchst\u00e4blich Ihren Look ausmachen oder brechen k\u00f6nnen. Mit diesen Ohrringen kannst du deinen Party-Look auf die n\u00e4chste Stufe heben.\u00a0<\/span><\/p>\n<p><span style=\"font-weight: 400\">Diese k\u00fchnen und kunstvollen Schmuckst\u00fccke von Purejewels sind alles, was Sie brauchen, um sich wie der Mittelpunkt einer Party zu f\u00fchlen.<\/span><\/p>\n<h3><b>Inspiration<\/b><\/h3>\n<p><span style=\"font-weight: 400\">Diese wundersch\u00f6nen langen Ohrringe sind von komplizierten architektonischen Strukturen inspiriert und wurden aus reinem 22-kar\u00e4tigem Gold gefertigt. Das Paar wurde von unseren Karigars sehr aufwendig gefertigt, indem sie die handgefertigten kreisf\u00f6rmigen Elemente nahtlos zusammengef\u00fcgt haben. Au\u00dferdem wurden sie zusammengel\u00f6tet, um die perfekte baumelnde Silhouette zu erreichen, und mit einem matten Goldton \u00fcberzogen. Der luxuri\u00f6se matte Goldton ist mit Details aus rhodinierten Elementen verziert, die selbst aus der Ferne auffallen.<\/span><\/p>\n<h3><b>Stil<\/b><\/h3>\n<p><span style=\"font-weight: 400\">Diese Danglers passen perfekt zu allen Ihren Party-Ensembles. Bereiten Sie sich auf die Hochzeits-Cocktail-Nacht vor, f\u00fcr die Sie schon lange den perfekten Schmuck suchen, denn Ihre Suche hat ein Ende. Erg\u00e4nzen Sie diese <a href=\"https:\/\/www.purejewels.com\/de\/elegance-of-sold-gold\/\">Echtes Gold<\/a> baumelnden Ohrringe zu besonderen Anl\u00e4ssen, w\u00e4hrend Sie mutig aussehen und sich selbst mit einem Hauch von Raffinesse tragen.<\/span><\/p>","protected":false},"excerpt":{"rendered":"<ul>\n<li>22ct Gold Ohrringe<\/li>\n<li>Teilweise rhodiniert<\/li>\n<li>Gewicht: 4,8 g<\/li>\n<li>SKU. 28379<\/li>\n<li>Alle Preise inklusive Mehrwertsteuer<\/li>\n<li>22ct Gold gestempelt von London Assay Office<\/li>\n<li>Mit Pr\u00e4sentationsbox<\/li>\n<li>Lieferung inbegriffen<\/li>\n<li>Live-Chat mit uns f\u00fcr die Verf\u00fcgbarkeit und mehr Bilder von \u00e4hnlichen Designs derzeit auf Lager<\/li>\n<\/ul>","protected":false},"featured_media":304193,"comment_status":"closed","ping_status":"closed","template":"","meta":{"_eb_attr":"","_crsspst_to_jayantr4sg-hostcom":false},"product_brand":[],"product_cat":[1685,1254],"product_tag":[],"class_list":{"0":"post-304188","1":"product","2":"type-product","3":"status-publish","4":"has-post-thumbnail","6":"product_cat-drop-earrings","7":"product_cat-gold-earrings","9":"first","10":"outofstock","11":"taxable","12":"shipping-taxable","13":"product-type-simple","14":"add-to-wishlist-before_image"},"yoast_head":"<!-- This site is optimized with the Yoast SEO plugin v27.3 - https:\/\/yoast.com\/product\/yoast-seo-wordpress\/ -->\n<title>Shop these 22ct Rhodium plated Gold Earrings at PureJewels<\/title>\n<meta name=\"description\" content=\"Explore beautiful party style Earrings in UK London. Shop these Latest gold earrings at PureJewels. Fast delivery with easy returns.\" \/>\n<meta name=\"robots\" content=\"index, follow, max-snippet:-1, max-image-preview:large, max-video-preview:-1\" \/>\n<link rel=\"canonical\" href=\"https:\/\/www.purejewels.com\/de\/produkt-2\/22-karat-gold-party-ohrring-28379\/\" \/>\n<meta property=\"og:locale\" content=\"de_DE\" \/>\n<meta property=\"og:type\" content=\"article\" \/>\n<meta property=\"og:title\" content=\"Shop these 22ct Rhodium plated Gold Earrings at PureJewels\" \/>\n<meta property=\"og:description\" content=\"Explore beautiful party style Earrings in UK London. Shop these Latest gold earrings at PureJewels. Fast delivery with easy returns.\" \/>\n<meta property=\"og:url\" content=\"https:\/\/www.purejewels.com\/de\/produkt-2\/22-karat-gold-party-ohrring-28379\/\" \/>\n<meta property=\"og:site_name\" content=\"PureJewels UK\" \/>\n<meta property=\"article:modified_time\" content=\"2026-01-06T06:58:29+00:00\" \/>\n<meta property=\"og:image\" content=\"https:\/\/www.purejewels.com\/wp-content\/uploads\/2018\/10\/28379_1.png\" \/>\n\t<meta property=\"og:image:width\" content=\"1000\" \/>\n\t<meta property=\"og:image:height\" content=\"1000\" \/>\n\t<meta property=\"og:image:type\" content=\"image\/png\" \/>\n<meta name=\"twitter:card\" content=\"summary_large_image\" \/>\n<meta name=\"twitter:label1\" content=\"Gesch\u00e4tzte Lesezeit\" \/>\n\t<meta name=\"twitter:data1\" content=\"1\u00a0Minute\" \/>\n<script type=\"application\/ld+json\" class=\"yoast-schema-graph\">{\"@context\":\"https:\\\/\\\/schema.org\",\"@graph\":[{\"@type\":[\"WebPage\",\"ItemPage\"],\"@id\":\"https:\\\/\\\/www.purejewels.com\\\/product\\\/22ct-gold-party-earring-28379\\\/\",\"url\":\"https:\\\/\\\/www.purejewels.com\\\/product\\\/22ct-gold-party-earring-28379\\\/\",\"name\":\"Shop these 22ct Rhodium plated Gold Earrings at PureJewels\",\"isPartOf\":{\"@id\":\"https:\\\/\\\/www.purejewels.com\\\/#website\"},\"primaryImageOfPage\":{\"@id\":\"https:\\\/\\\/www.purejewels.com\\\/product\\\/22ct-gold-party-earring-28379\\\/#primaryimage\"},\"image\":{\"@id\":\"https:\\\/\\\/www.purejewels.com\\\/product\\\/22ct-gold-party-earring-28379\\\/#primaryimage\"},\"thumbnailUrl\":\"https:\\\/\\\/static.purejewels.com\\\/wp-content\\\/uploads\\\/2018\\\/10\\\/28379_1.png\",\"datePublished\":\"2018-10-24T09:02:00+00:00\",\"dateModified\":\"2026-01-06T06:58:29+00:00\",\"description\":\"Explore beautiful party style Earrings in UK London. Shop these Latest gold earrings at PureJewels. Fast delivery with easy returns.\",\"breadcrumb\":{\"@id\":\"https:\\\/\\\/www.purejewels.com\\\/product\\\/22ct-gold-party-earring-28379\\\/#breadcrumb\"},\"inLanguage\":\"de\",\"potentialAction\":[{\"@type\":\"ReadAction\",\"target\":[\"https:\\\/\\\/www.purejewels.com\\\/product\\\/22ct-gold-party-earring-28379\\\/\"]}]},{\"@type\":\"ImageObject\",\"inLanguage\":\"de\",\"@id\":\"https:\\\/\\\/www.purejewels.com\\\/product\\\/22ct-gold-party-earring-28379\\\/#primaryimage\",\"url\":\"https:\\\/\\\/static.purejewels.com\\\/wp-content\\\/uploads\\\/2018\\\/10\\\/28379_1.png\",\"contentUrl\":\"https:\\\/\\\/static.purejewels.com\\\/wp-content\\\/uploads\\\/2018\\\/10\\\/28379_1.png\",\"width\":1000,\"height\":1000,\"caption\":\"28379_1\"},{\"@type\":\"BreadcrumbList\",\"@id\":\"https:\\\/\\\/www.purejewels.com\\\/product\\\/22ct-gold-party-earring-28379\\\/#breadcrumb\",\"itemListElement\":[{\"@type\":\"ListItem\",\"position\":1,\"name\":\"Home\",\"item\":\"https:\\\/\\\/www.purejewels.com\\\/\"},{\"@type\":\"ListItem\",\"position\":2,\"name\":\"Shop\",\"item\":\"https:\\\/\\\/www.purejewels.com\\\/shop\\\/\"},{\"@type\":\"ListItem\",\"position\":3,\"name\":\"22ct Gold Party Earring\"}]},{\"@type\":\"WebSite\",\"@id\":\"https:\\\/\\\/www.purejewels.com\\\/#website\",\"url\":\"https:\\\/\\\/www.purejewels.com\\\/\",\"name\":\"PureJewels UK\",\"description\":\"Share the Love\",\"publisher\":{\"@id\":\"https:\\\/\\\/www.purejewels.com\\\/#organization\"},\"potentialAction\":[{\"@type\":\"SearchAction\",\"target\":{\"@type\":\"EntryPoint\",\"urlTemplate\":\"https:\\\/\\\/www.purejewels.com\\\/?s={search_term_string}\"},\"query-input\":{\"@type\":\"PropertyValueSpecification\",\"valueRequired\":true,\"valueName\":\"search_term_string\"}}],\"inLanguage\":\"de\"},{\"@type\":\"Organization\",\"@id\":\"https:\\\/\\\/www.purejewels.com\\\/#organization\",\"name\":\"PureJewels UK\",\"url\":\"https:\\\/\\\/www.purejewels.com\\\/\",\"logo\":{\"@type\":\"ImageObject\",\"inLanguage\":\"de\",\"@id\":\"https:\\\/\\\/www.purejewels.com\\\/#\\\/schema\\\/logo\\\/image\\\/\",\"url\":\"https:\\\/\\\/static.purejewels.com\\\/wp-content\\\/uploads\\\/2020\\\/11\\\/Logo-PJ-New-1.png\",\"contentUrl\":\"https:\\\/\\\/static.purejewels.com\\\/wp-content\\\/uploads\\\/2020\\\/11\\\/Logo-PJ-New-1.png\",\"width\":150,\"height\":80,\"caption\":\"PureJewels UK\"},\"image\":{\"@id\":\"https:\\\/\\\/www.purejewels.com\\\/#\\\/schema\\\/logo\\\/image\\\/\"}}]}<\/script>\n<!-- \/ Yoast SEO plugin. -->","yoast_head_json":{"title":"Kaufen Sie diese 22 Karat rhodinierten Goldohrringe bei PureJewels","description":"Entdecken Sie sch\u00f6ne Party-Stil Ohrringe in UK London. Kaufen Sie diese neuesten Goldohrringe bei PureJewels. Schnelle Lieferung mit einfacher R\u00fcckgabe.","robots":{"index":"index","follow":"follow","max-snippet":"max-snippet:-1","max-image-preview":"max-image-preview:large","max-video-preview":"max-video-preview:-1"},"canonical":"https:\/\/www.purejewels.com\/de\/produkt-2\/22-karat-gold-party-ohrring-28379\/","og_locale":"de_DE","og_type":"article","og_title":"Shop these 22ct Rhodium plated Gold Earrings at PureJewels","og_description":"Explore beautiful party style Earrings in UK London. Shop these Latest gold earrings at PureJewels. Fast delivery with easy returns.","og_url":"https:\/\/www.purejewels.com\/de\/produkt-2\/22-karat-gold-party-ohrring-28379\/","og_site_name":"PureJewels UK","article_modified_time":"2026-01-06T06:58:29+00:00","og_image":[{"width":1000,"height":1000,"url":"https:\/\/www.purejewels.com\/wp-content\/uploads\/2018\/10\/28379_1.png","type":"image\/png"}],"twitter_card":"summary_large_image","twitter_misc":{"Gesch\u00e4tzte Lesezeit":"1\u00a0Minute"},"schema":{"@context":"https:\/\/schema.org","@graph":[{"@type":["WebPage","ItemPage"],"@id":"https:\/\/www.purejewels.com\/product\/22ct-gold-party-earring-28379\/","url":"https:\/\/www.purejewels.com\/product\/22ct-gold-party-earring-28379\/","name":"Kaufen Sie diese 22 Karat rhodinierten Goldohrringe bei PureJewels","isPartOf":{"@id":"https:\/\/www.purejewels.com\/#website"},"primaryImageOfPage":{"@id":"https:\/\/www.purejewels.com\/product\/22ct-gold-party-earring-28379\/#primaryimage"},"image":{"@id":"https:\/\/www.purejewels.com\/product\/22ct-gold-party-earring-28379\/#primaryimage"},"thumbnailUrl":"https:\/\/static.purejewels.com\/wp-content\/uploads\/2018\/10\/28379_1.png","datePublished":"2018-10-24T09:02:00+00:00","dateModified":"2026-01-06T06:58:29+00:00","description":"Entdecken Sie sch\u00f6ne Party-Stil Ohrringe in UK London. Kaufen Sie diese neuesten Goldohrringe bei PureJewels. Schnelle Lieferung mit einfacher R\u00fcckgabe.","breadcrumb":{"@id":"https:\/\/www.purejewels.com\/product\/22ct-gold-party-earring-28379\/#breadcrumb"},"inLanguage":"de","potentialAction":[{"@type":"ReadAction","target":["https:\/\/www.purejewels.com\/product\/22ct-gold-party-earring-28379\/"]}]},{"@type":"ImageObject","inLanguage":"de","@id":"https:\/\/www.purejewels.com\/product\/22ct-gold-party-earring-28379\/#primaryimage","url":"https:\/\/static.purejewels.com\/wp-content\/uploads\/2018\/10\/28379_1.png","contentUrl":"https:\/\/static.purejewels.com\/wp-content\/uploads\/2018\/10\/28379_1.png","width":1000,"height":1000,"caption":"28379_1"},{"@type":"BreadcrumbList","@id":"https:\/\/www.purejewels.com\/product\/22ct-gold-party-earring-28379\/#breadcrumb","itemListElement":[{"@type":"ListItem","position":1,"name":"Home","item":"https:\/\/www.purejewels.com\/"},{"@type":"ListItem","position":2,"name":"Shop","item":"https:\/\/www.purejewels.com\/shop\/"},{"@type":"ListItem","position":3,"name":"22ct Gold Party Earring"}]},{"@type":"WebSite","@id":"https:\/\/www.purejewels.com\/#website","url":"https:\/\/www.purejewels.com\/","name":"PureJewels UK","description":"Teile die Liebe","publisher":{"@id":"https:\/\/www.purejewels.com\/#organization"},"potentialAction":[{"@type":"SearchAction","target":{"@type":"EntryPoint","urlTemplate":"https:\/\/www.purejewels.com\/?s={search_term_string}"},"query-input":{"@type":"PropertyValueSpecification","valueRequired":true,"valueName":"search_term_string"}}],"inLanguage":"de"},{"@type":"Organization","@id":"https:\/\/www.purejewels.com\/#organization","name":"PureJewels UK","url":"https:\/\/www.purejewels.com\/","logo":{"@type":"ImageObject","inLanguage":"de","@id":"https:\/\/www.purejewels.com\/#\/schema\/logo\/image\/","url":"https:\/\/static.purejewels.com\/wp-content\/uploads\/2020\/11\/Logo-PJ-New-1.png","contentUrl":"https:\/\/static.purejewels.com\/wp-content\/uploads\/2020\/11\/Logo-PJ-New-1.png","width":150,"height":80,"caption":"PureJewels UK"},"image":{"@id":"https:\/\/www.purejewels.com\/#\/schema\/logo\/image\/"}}]}},"_links":{"self":[{"href":"https:\/\/www.purejewels.com\/de\/wp-json\/wp\/v2\/product\/304188","targetHints":{"allow":["GET"]}}],"collection":[{"href":"https:\/\/www.purejewels.com\/de\/wp-json\/wp\/v2\/product"}],"about":[{"href":"https:\/\/www.purejewels.com\/de\/wp-json\/wp\/v2\/types\/product"}],"replies":[{"embeddable":true,"href":"https:\/\/www.purejewels.com\/de\/wp-json\/wp\/v2\/comments?post=304188"}],"version-history":[{"count":0,"href":"https:\/\/www.purejewels.com\/de\/wp-json\/wp\/v2\/product\/304188\/revisions"}],"wp:featuredmedia":[{"embeddable":true,"href":"https:\/\/www.purejewels.com\/de\/wp-json\/wp\/v2\/media\/304193"}],"wp:attachment":[{"href":"https:\/\/www.purejewels.com\/de\/wp-json\/wp\/v2\/media?parent=304188"}],"wp:term":[{"taxonomy":"product_brand","embeddable":true,"href":"https:\/\/www.purejewels.com\/de\/wp-json\/wp\/v2\/product_brand?post=304188"},{"taxonomy":"product_cat","embeddable":true,"href":"https:\/\/www.purejewels.com\/de\/wp-json\/wp\/v2\/product_cat?post=304188"},{"taxonomy":"product_tag","embeddable":true,"href":"https:\/\/www.purejewels.com\/de\/wp-json\/wp\/v2\/product_tag?post=304188"}],"curies":[{"name":"wp","href":"https:\/\/api.w.org\/{rel}","templated":true}]}}