{"id":304246,"date":"2018-10-24T10:33:33","date_gmt":"2018-10-24T09:33:33","guid":{"rendered":"https:\/\/www.purejewels.com\/?post_type=product&#038;p=304246"},"modified":"2026-02-26T12:04:11","modified_gmt":"2026-02-26T12:04:11","slug":"22-karat-goldband-ring-23","status":"publish","type":"product","link":"https:\/\/www.purejewels.com\/de\/product\/22ct-gold-band-ring-23\/","title":{"rendered":"22 Karat Premium Goldbandring"},"content":{"rendered":"<p data-start=\"339\" data-end=\"693\"><strong data-start=\"339\" data-end=\"357\">Designkonzept<\/strong><br data-start=\"357\" data-end=\"360\" \/>Unaufdringlich und doch m\u00fchelos luxuri\u00f6s verk\u00f6rpert dieser Ring aus 22 Karat Gold zeitlose Eleganz. Seine klare, klassische Silhouette macht ihn zu einem vielseitigen Schmuckst\u00fcck - ob als Ehering, t\u00e4gliches Accessoire oder als raffiniertes Statement des pers\u00f6nlichen Stils getragen. Er wurde so entworfen, dass er Trends und Jahreszeiten \u00fcberdauert und ebenso bedeutungsvoll wie sch\u00f6n ist.<\/p>\n<p data-start=\"695\" data-end=\"1087\"><strong data-start=\"695\" data-end=\"712\">Handwerkliches K\u00f6nnen<\/strong><br data-start=\"712\" data-end=\"715\" \/>Der aus hochwertigem 22-kar\u00e4tigem Gold gefertigte Ring mit einem Gewicht von 6,4 Gramm bietet ein Gleichgewicht zwischen Substanz und Raffinesse. Jedes St\u00fcck ist vom London Assay Office gepunzt, was seine Reinheit und Authentizit\u00e4t garantiert. Der Ring ist in Gr\u00f6\u00dfe J erh\u00e4ltlich, kann aber auch nach Ma\u00df gefertigt werden, um eine perfekte Passform zu erreichen. Die glatte Oberfl\u00e4che und die abgerundeten Kanten sorgen f\u00fcr ganzt\u00e4gigen Tragekomfort.<\/p>\n<p data-start=\"1089\" data-end=\"1416\"><strong data-start=\"1089\" data-end=\"1106\">Styling-Ideen<\/strong><br data-start=\"1106\" data-end=\"1109\" \/>Dieser Bandring passt zu einer Vielzahl von Looks - von formeller Kleidung bis hin zu entspannter Eleganz. Tragen Sie ihn allein f\u00fcr einen minimalen, polierten Touch oder stapeln Sie ihn mit schmalen Ringen f\u00fcr einen mehrschichtigen Effekt. Sein zeitloser Goldglanz l\u00e4sst sich wunderbar mit anderem Schmuck kombinieren und macht ihn zu einem unverzichtbaren Accessoire f\u00fcr Damen und Herren.<\/p>","protected":false},"excerpt":{"rendered":"<ul>\n<li>22 Karat Goldband Ring<\/li>\n<li>Ring-Gewicht 6,4 g.<\/li>\n<li>Bandgr\u00f6\u00dfe. J<\/li>\n<li>SKU. 28187<\/li>\n<li>Kann auf Bestellung in Ihrer Fingergr\u00f6\u00dfe angefertigt werden<\/li>\n<li>Alle unsere Produkte sind vom London Assay Office gestempelt.<\/li>\n<li>Mit Pr\u00e4sentationsbox<\/li>\n<li>Lieferung inbegriffen<\/li>\n<li>Alle Preise inklusive Mehrwertsteuer<\/li>\n<li>Kontaktieren Sie uns \/ chatten Sie mit uns, um ein Video des Produkts zu sehen<\/li>\n<\/ul>","protected":false},"featured_media":315586,"comment_status":"closed","ping_status":"closed","template":"","meta":{"_eb_attr":"","_crsspst_to_jayantr4sg-hostcom":true},"product_brand":[],"product_cat":[1640,1784,1229,1235,5347,1786,229,226,5349],"product_tag":[],"class_list":{"0":"post-304246","1":"product","2":"type-product","3":"status-publish","4":"has-post-thumbnail","6":"product_cat-22ct-gold-bands","7":"product_cat-gents-rings","8":"product_cat-22ct-gold-jewellery","9":"product_cat-gold-rings","10":"product_cat-shop-by-metal","11":"product_cat-occasional-wear-rings","12":"product_cat-wedding-bands","13":"product_cat-wedding-rings-bands","14":"product_cat-yellow-gold-jewellery","16":"first","17":"instock","18":"sale","19":"featured","20":"taxable","21":"shipping-taxable","22":"purchasable","23":"product-type-simple","24":"add-to-wishlist-before_image"},"yoast_head":"<!-- This site is optimized with the Yoast SEO plugin v27.3 - https:\/\/yoast.com\/product\/yoast-seo-wordpress\/ -->\n<title>22 Carat Gold Band Ring | Premium Gold Ring in PureJewels UK<\/title>\n<meta name=\"description\" content=\"Discover this 22 Carat Gold Band Ring made with a polished design suitable for both men and women perfect for weddings and special occasions.\" \/>\n<meta name=\"robots\" content=\"index, follow, max-snippet:-1, max-image-preview:large, max-video-preview:-1\" \/>\n<link rel=\"canonical\" href=\"https:\/\/www.purejewels.com\/de\/produkt-2\/22-karat-goldband-ring-23\/\" \/>\n<meta property=\"og:locale\" content=\"de_DE\" \/>\n<meta property=\"og:type\" content=\"article\" \/>\n<meta property=\"og:title\" content=\"22 Carat Gold Band Ring | Premium Gold Ring in PureJewels UK\" \/>\n<meta property=\"og:description\" content=\"Discover this 22 Carat Gold Band Ring made with a polished design suitable for both men and women perfect for weddings and special occasions.\" \/>\n<meta property=\"og:url\" content=\"https:\/\/www.purejewels.com\/de\/produkt-2\/22-karat-goldband-ring-23\/\" \/>\n<meta property=\"og:site_name\" content=\"PureJewels UK\" \/>\n<meta property=\"article:modified_time\" content=\"2026-02-26T12:04:11+00:00\" \/>\n<meta property=\"og:image\" content=\"https:\/\/static.purejewels.com\/wp-content\/uploads\/2020\/07\/175556993.jpg\" \/>\n\t<meta property=\"og:image:width\" content=\"1000\" \/>\n\t<meta property=\"og:image:height\" content=\"1000\" \/>\n\t<meta property=\"og:image:type\" content=\"image\/jpeg\" \/>\n<meta name=\"twitter:card\" content=\"summary_large_image\" \/>\n<meta name=\"twitter:label1\" content=\"Gesch\u00e4tzte Lesezeit\" \/>\n\t<meta name=\"twitter:data1\" content=\"1\u00a0Minute\" \/>\n<script type=\"application\/ld+json\" class=\"yoast-schema-graph\">{\"@context\":\"https:\\\/\\\/schema.org\",\"@graph\":[{\"@type\":[\"WebPage\",\"ItemPage\"],\"@id\":\"https:\\\/\\\/www.purejewels.com\\\/product\\\/22ct-gold-band-ring-23\\\/\",\"url\":\"https:\\\/\\\/www.purejewels.com\\\/product\\\/22ct-gold-band-ring-23\\\/\",\"name\":\"22 Carat Gold Band Ring | Premium Gold Ring in PureJewels UK\",\"isPartOf\":{\"@id\":\"https:\\\/\\\/www.purejewels.com\\\/#website\"},\"primaryImageOfPage\":{\"@id\":\"https:\\\/\\\/www.purejewels.com\\\/product\\\/22ct-gold-band-ring-23\\\/#primaryimage\"},\"image\":{\"@id\":\"https:\\\/\\\/www.purejewels.com\\\/product\\\/22ct-gold-band-ring-23\\\/#primaryimage\"},\"thumbnailUrl\":\"https:\\\/\\\/static.purejewels.com\\\/wp-content\\\/uploads\\\/2020\\\/07\\\/175556993.jpg\",\"datePublished\":\"2018-10-24T09:33:33+00:00\",\"dateModified\":\"2026-02-26T12:04:11+00:00\",\"description\":\"Discover this 22 Carat Gold Band Ring made with a polished design suitable for both men and women perfect for weddings and special occasions.\",\"breadcrumb\":{\"@id\":\"https:\\\/\\\/www.purejewels.com\\\/product\\\/22ct-gold-band-ring-23\\\/#breadcrumb\"},\"inLanguage\":\"de\",\"potentialAction\":[{\"@type\":\"ReadAction\",\"target\":[\"https:\\\/\\\/www.purejewels.com\\\/product\\\/22ct-gold-band-ring-23\\\/\"]}]},{\"@type\":\"ImageObject\",\"inLanguage\":\"de\",\"@id\":\"https:\\\/\\\/www.purejewels.com\\\/product\\\/22ct-gold-band-ring-23\\\/#primaryimage\",\"url\":\"https:\\\/\\\/static.purejewels.com\\\/wp-content\\\/uploads\\\/2020\\\/07\\\/175556993.jpg\",\"contentUrl\":\"https:\\\/\\\/static.purejewels.com\\\/wp-content\\\/uploads\\\/2020\\\/07\\\/175556993.jpg\",\"width\":1000,\"height\":1000},{\"@type\":\"BreadcrumbList\",\"@id\":\"https:\\\/\\\/www.purejewels.com\\\/product\\\/22ct-gold-band-ring-23\\\/#breadcrumb\",\"itemListElement\":[{\"@type\":\"ListItem\",\"position\":1,\"name\":\"Home\",\"item\":\"https:\\\/\\\/www.purejewels.com\\\/\"},{\"@type\":\"ListItem\",\"position\":2,\"name\":\"Shop\",\"item\":\"https:\\\/\\\/www.purejewels.com\\\/shop\\\/\"},{\"@type\":\"ListItem\",\"position\":3,\"name\":\"22 Carat Premium Gold Band Ring\"}]},{\"@type\":\"WebSite\",\"@id\":\"https:\\\/\\\/www.purejewels.com\\\/#website\",\"url\":\"https:\\\/\\\/www.purejewels.com\\\/\",\"name\":\"PureJewels UK\",\"description\":\"Share the Love\",\"publisher\":{\"@id\":\"https:\\\/\\\/www.purejewels.com\\\/#organization\"},\"potentialAction\":[{\"@type\":\"SearchAction\",\"target\":{\"@type\":\"EntryPoint\",\"urlTemplate\":\"https:\\\/\\\/www.purejewels.com\\\/?s={search_term_string}\"},\"query-input\":{\"@type\":\"PropertyValueSpecification\",\"valueRequired\":true,\"valueName\":\"search_term_string\"}}],\"inLanguage\":\"de\"},{\"@type\":\"Organization\",\"@id\":\"https:\\\/\\\/www.purejewels.com\\\/#organization\",\"name\":\"PureJewels UK\",\"url\":\"https:\\\/\\\/www.purejewels.com\\\/\",\"logo\":{\"@type\":\"ImageObject\",\"inLanguage\":\"de\",\"@id\":\"https:\\\/\\\/www.purejewels.com\\\/#\\\/schema\\\/logo\\\/image\\\/\",\"url\":\"https:\\\/\\\/static.purejewels.com\\\/wp-content\\\/uploads\\\/2020\\\/11\\\/Logo-PJ-New-1.png\",\"contentUrl\":\"https:\\\/\\\/static.purejewels.com\\\/wp-content\\\/uploads\\\/2020\\\/11\\\/Logo-PJ-New-1.png\",\"width\":150,\"height\":80,\"caption\":\"PureJewels UK\"},\"image\":{\"@id\":\"https:\\\/\\\/www.purejewels.com\\\/#\\\/schema\\\/logo\\\/image\\\/\"}}]}<\/script>\n<!-- \/ Yoast SEO plugin. -->","yoast_head_json":{"title":"22 Karat Goldring | Hochwertiger Goldring bei PureJewels UK","description":"Entdecken Sie diesen Ring aus 22 Karat Gold mit poliertem Design, der sowohl f\u00fcr M\u00e4nner als auch f\u00fcr Frauen geeignet ist und sich perfekt f\u00fcr Hochzeiten und besondere Anl\u00e4sse eignet.","robots":{"index":"index","follow":"follow","max-snippet":"max-snippet:-1","max-image-preview":"max-image-preview:large","max-video-preview":"max-video-preview:-1"},"canonical":"https:\/\/www.purejewels.com\/de\/produkt-2\/22-karat-goldband-ring-23\/","og_locale":"de_DE","og_type":"article","og_title":"22 Carat Gold Band Ring | Premium Gold Ring in PureJewels UK","og_description":"Discover this 22 Carat Gold Band Ring made with a polished design suitable for both men and women perfect for weddings and special occasions.","og_url":"https:\/\/www.purejewels.com\/de\/produkt-2\/22-karat-goldband-ring-23\/","og_site_name":"PureJewels UK","article_modified_time":"2026-02-26T12:04:11+00:00","og_image":[{"width":1000,"height":1000,"url":"https:\/\/static.purejewels.com\/wp-content\/uploads\/2020\/07\/175556993.jpg","type":"image\/jpeg"}],"twitter_card":"summary_large_image","twitter_misc":{"Gesch\u00e4tzte Lesezeit":"1\u00a0Minute"},"schema":{"@context":"https:\/\/schema.org","@graph":[{"@type":["WebPage","ItemPage"],"@id":"https:\/\/www.purejewels.com\/product\/22ct-gold-band-ring-23\/","url":"https:\/\/www.purejewels.com\/product\/22ct-gold-band-ring-23\/","name":"22 Karat Goldring | Hochwertiger Goldring bei PureJewels UK","isPartOf":{"@id":"https:\/\/www.purejewels.com\/#website"},"primaryImageOfPage":{"@id":"https:\/\/www.purejewels.com\/product\/22ct-gold-band-ring-23\/#primaryimage"},"image":{"@id":"https:\/\/www.purejewels.com\/product\/22ct-gold-band-ring-23\/#primaryimage"},"thumbnailUrl":"https:\/\/static.purejewels.com\/wp-content\/uploads\/2020\/07\/175556993.jpg","datePublished":"2018-10-24T09:33:33+00:00","dateModified":"2026-02-26T12:04:11+00:00","description":"Entdecken Sie diesen Ring aus 22 Karat Gold mit poliertem Design, der sowohl f\u00fcr M\u00e4nner als auch f\u00fcr Frauen geeignet ist und sich perfekt f\u00fcr Hochzeiten und besondere Anl\u00e4sse eignet.","breadcrumb":{"@id":"https:\/\/www.purejewels.com\/product\/22ct-gold-band-ring-23\/#breadcrumb"},"inLanguage":"de","potentialAction":[{"@type":"ReadAction","target":["https:\/\/www.purejewels.com\/product\/22ct-gold-band-ring-23\/"]}]},{"@type":"ImageObject","inLanguage":"de","@id":"https:\/\/www.purejewels.com\/product\/22ct-gold-band-ring-23\/#primaryimage","url":"https:\/\/static.purejewels.com\/wp-content\/uploads\/2020\/07\/175556993.jpg","contentUrl":"https:\/\/static.purejewels.com\/wp-content\/uploads\/2020\/07\/175556993.jpg","width":1000,"height":1000},{"@type":"BreadcrumbList","@id":"https:\/\/www.purejewels.com\/product\/22ct-gold-band-ring-23\/#breadcrumb","itemListElement":[{"@type":"ListItem","position":1,"name":"Home","item":"https:\/\/www.purejewels.com\/"},{"@type":"ListItem","position":2,"name":"Shop","item":"https:\/\/www.purejewels.com\/shop\/"},{"@type":"ListItem","position":3,"name":"22 Carat Premium Gold Band Ring"}]},{"@type":"WebSite","@id":"https:\/\/www.purejewels.com\/#website","url":"https:\/\/www.purejewels.com\/","name":"PureJewels UK","description":"Teile die Liebe","publisher":{"@id":"https:\/\/www.purejewels.com\/#organization"},"potentialAction":[{"@type":"SearchAction","target":{"@type":"EntryPoint","urlTemplate":"https:\/\/www.purejewels.com\/?s={search_term_string}"},"query-input":{"@type":"PropertyValueSpecification","valueRequired":true,"valueName":"search_term_string"}}],"inLanguage":"de"},{"@type":"Organization","@id":"https:\/\/www.purejewels.com\/#organization","name":"PureJewels UK","url":"https:\/\/www.purejewels.com\/","logo":{"@type":"ImageObject","inLanguage":"de","@id":"https:\/\/www.purejewels.com\/#\/schema\/logo\/image\/","url":"https:\/\/static.purejewels.com\/wp-content\/uploads\/2020\/11\/Logo-PJ-New-1.png","contentUrl":"https:\/\/static.purejewels.com\/wp-content\/uploads\/2020\/11\/Logo-PJ-New-1.png","width":150,"height":80,"caption":"PureJewels UK"},"image":{"@id":"https:\/\/www.purejewels.com\/#\/schema\/logo\/image\/"}}]}},"_links":{"self":[{"href":"https:\/\/www.purejewels.com\/de\/wp-json\/wp\/v2\/product\/304246","targetHints":{"allow":["GET"]}}],"collection":[{"href":"https:\/\/www.purejewels.com\/de\/wp-json\/wp\/v2\/product"}],"about":[{"href":"https:\/\/www.purejewels.com\/de\/wp-json\/wp\/v2\/types\/product"}],"replies":[{"embeddable":true,"href":"https:\/\/www.purejewels.com\/de\/wp-json\/wp\/v2\/comments?post=304246"}],"version-history":[{"count":4,"href":"https:\/\/www.purejewels.com\/de\/wp-json\/wp\/v2\/product\/304246\/revisions"}],"predecessor-version":[{"id":421732,"href":"https:\/\/www.purejewels.com\/de\/wp-json\/wp\/v2\/product\/304246\/revisions\/421732"}],"wp:featuredmedia":[{"embeddable":true,"href":"https:\/\/www.purejewels.com\/de\/wp-json\/wp\/v2\/media\/315586"}],"wp:attachment":[{"href":"https:\/\/www.purejewels.com\/de\/wp-json\/wp\/v2\/media?parent=304246"}],"wp:term":[{"taxonomy":"product_brand","embeddable":true,"href":"https:\/\/www.purejewels.com\/de\/wp-json\/wp\/v2\/product_brand?post=304246"},{"taxonomy":"product_cat","embeddable":true,"href":"https:\/\/www.purejewels.com\/de\/wp-json\/wp\/v2\/product_cat?post=304246"},{"taxonomy":"product_tag","embeddable":true,"href":"https:\/\/www.purejewels.com\/de\/wp-json\/wp\/v2\/product_tag?post=304246"}],"curies":[{"name":"wp","href":"https:\/\/api.w.org\/{rel}","templated":true}]}}