{"id":304330,"date":"2018-10-26T14:37:27","date_gmt":"2018-10-26T13:37:27","guid":{"rendered":"https:\/\/www.purejewels.com\/?post_type=product&#038;p=304330"},"modified":"2026-03-30T11:09:01","modified_gmt":"2026-03-30T10:09:01","slug":"22-kt-gold-herren-kada","status":"publish","type":"product","link":"https:\/\/www.purejewels.com\/de\/product\/22ct-gold-mens-kada\/","title":{"rendered":"22ct Gold Diamond-Line CZ Armreif"},"content":{"rendered":"<p>Der leuchtende Stern unserer <a href=\"https:\/\/www.purejewels.com\/de\/produkt-kategorie\/22-karatiger-goldschmuck\/goldarmbander\/herrenkadaver\/\" target=\"_blank\" rel=\"noopener\">22 Karat Gold Kada<\/a> Kollektion!  Dieses Modell ist mit einem gro\u00dfz\u00fcgigen Diamantenbesatz versehen. Wenn Sie auf der Suche nach einem goldenen Kada f\u00fcr M\u00e4nner sind, die einen starken Sinn f\u00fcr Stil haben, dann sind Sie hier genau richtig.<\/p>\n<p>Inspiriert von der alten indischen Tradition, haben unsere Punjabi Kada f\u00fcr M\u00e4nner einen ausgesprochen modernen Look.  Entworfen von unserem hauseigenen Team und gefertigt von unseren Juwelieren in Gro\u00dfbritannien, ist die PureJewels Kada eine Interpretation, die den Klassiker ehrt.  Die urspr\u00fcnglichen Kada aus Punjabi, die f\u00fcr M\u00e4nner bestimmt waren, die oft in die Schlacht zogen, wurden aus Stahl geschmiedet; wir haben 22 Karat Gold f\u00fcr einen luxuri\u00f6sen, modernen Stil verwendet.  Bei diesem Design haben wir au\u00dferdem Diamanten um den gesamten Umfang herum angebracht - in einer ausgefallenen, asymmetrischen Anordnung, die Ihren Geschmack f\u00fcr edles Design unterstreicht.<\/p>\n<p>Die Kada wurde einst getragen, um die ewige Liebe zu Gott zu symbolisieren, und ist eine wahrhaft geliebte Tradition - sie ist nicht nur ein modisches Accessoire, sondern auch ein Ausdruck von Spiritualit\u00e4t.  Unsere Kada wurde sorgf\u00e4ltig entworfen und makellos aus \u00fcber 30 g 22-kar\u00e4tigem Gold gefertigt.  Sie ist die perfekte Investition oder das perfekte Geburtstagsgeschenk f\u00fcr einen Mann, der vielleicht schon alles hat.  Zeigen Sie es vor - und tragen Sie Ihre Kada aus 22 Karat Gold mit Stolz.<\/p>","protected":false},"excerpt":{"rendered":"<p>Der 22ct Gold Diamond-Line CZ Armreif f\u00e4ngt die Essenz des Schmuckst\u00fccks perfekt ein und hebt sein elegantes, lineares Design und seine subtile Brillanz hervor. Sie vermittelt ein Gef\u00fchl von modernem Luxus und ist gleichzeitig zeitlos, was sie sowohl f\u00fcr den eleganten Alltag als auch f\u00fcr besondere Anl\u00e4sse sehr attraktiv macht.<\/p>\n<ul>\n<li>22ct Gold Herren Kada<\/li>\n<li>Wt. 35.4 gms<\/li>\n<li>SKU. 28256<\/li>\n<li>Alle Preise inklusive Mehrwertsteuer<\/li>\n<li>Alle unsere Produkte sind vom London Assay Office gestempelt.<\/li>\n<li>Mit Pr\u00e4sentationsbox<\/li>\n<li>Lieferung inbegriffen<\/li>\n<li>Sehen Sie sich unsere Sammlung von\u00a0<strong>Herrenkadaver<\/strong><\/li>\n<li>Live-Chat mit uns f\u00fcr die Verf\u00fcgbarkeit und mehr Bilder von \u00e4hnlichen Designs derzeit auf Lager<\/li>\n<\/ul>","protected":false},"featured_media":304332,"comment_status":"closed","ping_status":"closed","template":"","meta":{"_eb_attr":"","_crsspst_to_jayantr4sg-hostcom":false},"product_brand":[],"product_cat":[1559,1571,5440,1572,1629],"product_tag":[4124],"class_list":{"0":"post-304330","1":"product","2":"type-product","3":"status-publish","4":"has-post-thumbnail","6":"product_cat-birthday-gifts","7":"product_cat-fathers-day-gifts","8":"product_cat-mens-bangles","9":"product_cat-mens-jewellery","10":"product_cat-mens-kada","11":"product_tag-bangles-for-sale","13":"first","14":"outofstock","15":"sale","16":"taxable","17":"shipping-taxable","18":"product-type-simple","19":"add-to-wishlist-before_image"},"yoast_head":"<!-- This site is optimized with the Yoast SEO plugin v27.3 - https:\/\/yoast.com\/product\/yoast-seo-wordpress\/ -->\n<title>Shop the 22ct Gold CZ Bar Design Bangle | PureJewels<\/title>\n<meta name=\"description\" content=\"Shop the 22ct Gold CZ Bar Design Bangle from PureJewels. Featuring a sleek polished gold band with sparkling cubic zirconia bar detailing and hallmarked in the UK.\" \/>\n<meta name=\"robots\" content=\"index, follow, max-snippet:-1, max-image-preview:large, max-video-preview:-1\" \/>\n<link rel=\"canonical\" href=\"https:\/\/www.purejewels.com\/de\/produkt-2\/22-kt-gold-herren-kada\/\" \/>\n<meta property=\"og:locale\" content=\"de_DE\" \/>\n<meta property=\"og:type\" content=\"article\" \/>\n<meta property=\"og:title\" content=\"Shop the 22ct Gold CZ Bar Design Bangle | PureJewels\" \/>\n<meta property=\"og:description\" content=\"Shop the 22ct Gold CZ Bar Design Bangle from PureJewels. Featuring a sleek polished gold band with sparkling cubic zirconia bar detailing and hallmarked in the UK.\" \/>\n<meta property=\"og:url\" content=\"https:\/\/www.purejewels.com\/de\/produkt-2\/22-kt-gold-herren-kada\/\" \/>\n<meta property=\"og:site_name\" content=\"PureJewels UK\" \/>\n<meta property=\"article:modified_time\" content=\"2026-03-30T10:09:01+00:00\" \/>\n<meta property=\"og:image\" content=\"https:\/\/static.purejewels.com\/wp-content\/uploads\/2018\/10\/28256_1.png\" \/>\n\t<meta property=\"og:image:width\" content=\"1000\" \/>\n\t<meta property=\"og:image:height\" content=\"1000\" \/>\n\t<meta property=\"og:image:type\" content=\"image\/png\" \/>\n<meta name=\"twitter:card\" content=\"summary_large_image\" \/>\n<meta name=\"twitter:label1\" content=\"Gesch\u00e4tzte Lesezeit\" \/>\n\t<meta name=\"twitter:data1\" content=\"2\u00a0Minuten\" \/>\n<script type=\"application\/ld+json\" class=\"yoast-schema-graph\">{\"@context\":\"https:\\\/\\\/schema.org\",\"@graph\":[{\"@type\":[\"WebPage\",\"ItemPage\"],\"@id\":\"https:\\\/\\\/www.purejewels.com\\\/product\\\/22ct-gold-mens-kada\\\/\",\"url\":\"https:\\\/\\\/www.purejewels.com\\\/product\\\/22ct-gold-mens-kada\\\/\",\"name\":\"Shop the 22ct Gold CZ Bar Design Bangle | PureJewels\",\"isPartOf\":{\"@id\":\"https:\\\/\\\/www.purejewels.com\\\/#website\"},\"primaryImageOfPage\":{\"@id\":\"https:\\\/\\\/www.purejewels.com\\\/product\\\/22ct-gold-mens-kada\\\/#primaryimage\"},\"image\":{\"@id\":\"https:\\\/\\\/www.purejewels.com\\\/product\\\/22ct-gold-mens-kada\\\/#primaryimage\"},\"thumbnailUrl\":\"https:\\\/\\\/static.purejewels.com\\\/wp-content\\\/uploads\\\/2018\\\/10\\\/28256_1.png\",\"datePublished\":\"2018-10-26T13:37:27+00:00\",\"dateModified\":\"2026-03-30T10:09:01+00:00\",\"description\":\"Shop the 22ct Gold CZ Bar Design Bangle from PureJewels. Featuring a sleek polished gold band with sparkling cubic zirconia bar detailing and hallmarked in the UK.\",\"breadcrumb\":{\"@id\":\"https:\\\/\\\/www.purejewels.com\\\/product\\\/22ct-gold-mens-kada\\\/#breadcrumb\"},\"inLanguage\":\"de\",\"potentialAction\":[{\"@type\":\"ReadAction\",\"target\":[\"https:\\\/\\\/www.purejewels.com\\\/product\\\/22ct-gold-mens-kada\\\/\"]}]},{\"@type\":\"ImageObject\",\"inLanguage\":\"de\",\"@id\":\"https:\\\/\\\/www.purejewels.com\\\/product\\\/22ct-gold-mens-kada\\\/#primaryimage\",\"url\":\"https:\\\/\\\/static.purejewels.com\\\/wp-content\\\/uploads\\\/2018\\\/10\\\/28256_1.png\",\"contentUrl\":\"https:\\\/\\\/static.purejewels.com\\\/wp-content\\\/uploads\\\/2018\\\/10\\\/28256_1.png\",\"width\":1000,\"height\":1000,\"caption\":\"28256_1\"},{\"@type\":\"BreadcrumbList\",\"@id\":\"https:\\\/\\\/www.purejewels.com\\\/product\\\/22ct-gold-mens-kada\\\/#breadcrumb\",\"itemListElement\":[{\"@type\":\"ListItem\",\"position\":1,\"name\":\"Home\",\"item\":\"https:\\\/\\\/www.purejewels.com\\\/\"},{\"@type\":\"ListItem\",\"position\":2,\"name\":\"Shop\",\"item\":\"https:\\\/\\\/www.purejewels.com\\\/shop\\\/\"},{\"@type\":\"ListItem\",\"position\":3,\"name\":\"22ct Gold Diamond-Line CZ Bangle\"}]},{\"@type\":\"WebSite\",\"@id\":\"https:\\\/\\\/www.purejewels.com\\\/#website\",\"url\":\"https:\\\/\\\/www.purejewels.com\\\/\",\"name\":\"PureJewels UK\",\"description\":\"Share the Love\",\"publisher\":{\"@id\":\"https:\\\/\\\/www.purejewels.com\\\/#organization\"},\"potentialAction\":[{\"@type\":\"SearchAction\",\"target\":{\"@type\":\"EntryPoint\",\"urlTemplate\":\"https:\\\/\\\/www.purejewels.com\\\/?s={search_term_string}\"},\"query-input\":{\"@type\":\"PropertyValueSpecification\",\"valueRequired\":true,\"valueName\":\"search_term_string\"}}],\"inLanguage\":\"de\"},{\"@type\":\"Organization\",\"@id\":\"https:\\\/\\\/www.purejewels.com\\\/#organization\",\"name\":\"PureJewels UK\",\"url\":\"https:\\\/\\\/www.purejewels.com\\\/\",\"logo\":{\"@type\":\"ImageObject\",\"inLanguage\":\"de\",\"@id\":\"https:\\\/\\\/www.purejewels.com\\\/#\\\/schema\\\/logo\\\/image\\\/\",\"url\":\"https:\\\/\\\/static.purejewels.com\\\/wp-content\\\/uploads\\\/2020\\\/11\\\/Logo-PJ-New-1.png\",\"contentUrl\":\"https:\\\/\\\/static.purejewels.com\\\/wp-content\\\/uploads\\\/2020\\\/11\\\/Logo-PJ-New-1.png\",\"width\":150,\"height\":80,\"caption\":\"PureJewels UK\"},\"image\":{\"@id\":\"https:\\\/\\\/www.purejewels.com\\\/#\\\/schema\\\/logo\\\/image\\\/\"}}]}<\/script>\n<!-- \/ Yoast SEO plugin. -->","yoast_head_json":{"title":"Shop der 22ct Gold CZ Bar Design Armreif | PureJewels","description":"Shop der 22ct Gold CZ Bar Design Armreif von PureJewels. Mit einer schlanken polierten Goldband mit funkelnden Zirkonia Bar Detaillierung und in Gro\u00dfbritannien gestempelt.","robots":{"index":"index","follow":"follow","max-snippet":"max-snippet:-1","max-image-preview":"max-image-preview:large","max-video-preview":"max-video-preview:-1"},"canonical":"https:\/\/www.purejewels.com\/de\/produkt-2\/22-kt-gold-herren-kada\/","og_locale":"de_DE","og_type":"article","og_title":"Shop the 22ct Gold CZ Bar Design Bangle | PureJewels","og_description":"Shop the 22ct Gold CZ Bar Design Bangle from PureJewels. Featuring a sleek polished gold band with sparkling cubic zirconia bar detailing and hallmarked in the UK.","og_url":"https:\/\/www.purejewels.com\/de\/produkt-2\/22-kt-gold-herren-kada\/","og_site_name":"PureJewels UK","article_modified_time":"2026-03-30T10:09:01+00:00","og_image":[{"width":1000,"height":1000,"url":"https:\/\/static.purejewels.com\/wp-content\/uploads\/2018\/10\/28256_1.png","type":"image\/png"}],"twitter_card":"summary_large_image","twitter_misc":{"Gesch\u00e4tzte Lesezeit":"2\u00a0Minuten"},"schema":{"@context":"https:\/\/schema.org","@graph":[{"@type":["WebPage","ItemPage"],"@id":"https:\/\/www.purejewels.com\/product\/22ct-gold-mens-kada\/","url":"https:\/\/www.purejewels.com\/product\/22ct-gold-mens-kada\/","name":"Shop der 22ct Gold CZ Bar Design Armreif | PureJewels","isPartOf":{"@id":"https:\/\/www.purejewels.com\/#website"},"primaryImageOfPage":{"@id":"https:\/\/www.purejewels.com\/product\/22ct-gold-mens-kada\/#primaryimage"},"image":{"@id":"https:\/\/www.purejewels.com\/product\/22ct-gold-mens-kada\/#primaryimage"},"thumbnailUrl":"https:\/\/static.purejewels.com\/wp-content\/uploads\/2018\/10\/28256_1.png","datePublished":"2018-10-26T13:37:27+00:00","dateModified":"2026-03-30T10:09:01+00:00","description":"Shop der 22ct Gold CZ Bar Design Armreif von PureJewels. Mit einer schlanken polierten Goldband mit funkelnden Zirkonia Bar Detaillierung und in Gro\u00dfbritannien gestempelt.","breadcrumb":{"@id":"https:\/\/www.purejewels.com\/product\/22ct-gold-mens-kada\/#breadcrumb"},"inLanguage":"de","potentialAction":[{"@type":"ReadAction","target":["https:\/\/www.purejewels.com\/product\/22ct-gold-mens-kada\/"]}]},{"@type":"ImageObject","inLanguage":"de","@id":"https:\/\/www.purejewels.com\/product\/22ct-gold-mens-kada\/#primaryimage","url":"https:\/\/static.purejewels.com\/wp-content\/uploads\/2018\/10\/28256_1.png","contentUrl":"https:\/\/static.purejewels.com\/wp-content\/uploads\/2018\/10\/28256_1.png","width":1000,"height":1000,"caption":"28256_1"},{"@type":"BreadcrumbList","@id":"https:\/\/www.purejewels.com\/product\/22ct-gold-mens-kada\/#breadcrumb","itemListElement":[{"@type":"ListItem","position":1,"name":"Home","item":"https:\/\/www.purejewels.com\/"},{"@type":"ListItem","position":2,"name":"Shop","item":"https:\/\/www.purejewels.com\/shop\/"},{"@type":"ListItem","position":3,"name":"22ct Gold Diamond-Line CZ Bangle"}]},{"@type":"WebSite","@id":"https:\/\/www.purejewels.com\/#website","url":"https:\/\/www.purejewels.com\/","name":"PureJewels UK","description":"Teile die Liebe","publisher":{"@id":"https:\/\/www.purejewels.com\/#organization"},"potentialAction":[{"@type":"SearchAction","target":{"@type":"EntryPoint","urlTemplate":"https:\/\/www.purejewels.com\/?s={search_term_string}"},"query-input":{"@type":"PropertyValueSpecification","valueRequired":true,"valueName":"search_term_string"}}],"inLanguage":"de"},{"@type":"Organization","@id":"https:\/\/www.purejewels.com\/#organization","name":"PureJewels UK","url":"https:\/\/www.purejewels.com\/","logo":{"@type":"ImageObject","inLanguage":"de","@id":"https:\/\/www.purejewels.com\/#\/schema\/logo\/image\/","url":"https:\/\/static.purejewels.com\/wp-content\/uploads\/2020\/11\/Logo-PJ-New-1.png","contentUrl":"https:\/\/static.purejewels.com\/wp-content\/uploads\/2020\/11\/Logo-PJ-New-1.png","width":150,"height":80,"caption":"PureJewels UK"},"image":{"@id":"https:\/\/www.purejewels.com\/#\/schema\/logo\/image\/"}}]}},"_links":{"self":[{"href":"https:\/\/www.purejewels.com\/de\/wp-json\/wp\/v2\/product\/304330","targetHints":{"allow":["GET"]}}],"collection":[{"href":"https:\/\/www.purejewels.com\/de\/wp-json\/wp\/v2\/product"}],"about":[{"href":"https:\/\/www.purejewels.com\/de\/wp-json\/wp\/v2\/types\/product"}],"replies":[{"embeddable":true,"href":"https:\/\/www.purejewels.com\/de\/wp-json\/wp\/v2\/comments?post=304330"}],"version-history":[{"count":4,"href":"https:\/\/www.purejewels.com\/de\/wp-json\/wp\/v2\/product\/304330\/revisions"}],"predecessor-version":[{"id":427819,"href":"https:\/\/www.purejewels.com\/de\/wp-json\/wp\/v2\/product\/304330\/revisions\/427819"}],"wp:featuredmedia":[{"embeddable":true,"href":"https:\/\/www.purejewels.com\/de\/wp-json\/wp\/v2\/media\/304332"}],"wp:attachment":[{"href":"https:\/\/www.purejewels.com\/de\/wp-json\/wp\/v2\/media?parent=304330"}],"wp:term":[{"taxonomy":"product_brand","embeddable":true,"href":"https:\/\/www.purejewels.com\/de\/wp-json\/wp\/v2\/product_brand?post=304330"},{"taxonomy":"product_cat","embeddable":true,"href":"https:\/\/www.purejewels.com\/de\/wp-json\/wp\/v2\/product_cat?post=304330"},{"taxonomy":"product_tag","embeddable":true,"href":"https:\/\/www.purejewels.com\/de\/wp-json\/wp\/v2\/product_tag?post=304330"}],"curies":[{"name":"wp","href":"https:\/\/api.w.org\/{rel}","templated":true}]}}