{"id":304335,"date":"2018-10-26T14:46:32","date_gmt":"2018-10-26T13:46:32","guid":{"rendered":"https:\/\/www.purejewels.com\/?post_type=product&#038;p=304335"},"modified":"2026-03-17T11:01:52","modified_gmt":"2026-03-17T11:01:52","slug":"manner-kada-3","status":"publish","type":"product","link":"https:\/\/www.purejewels.com\/de\/product\/mens-kada-3\/","title":{"rendered":"22ct Gold Klassische Linie Herren Kada"},"content":{"rendered":"<ul>\n<li><a href=\"https:\/\/www.purejewels.com\/de\/product\/22ct-gold-jali-filigree-ring-jali-collection-31926\/\">22ct<\/a> Gold Herren Kada<\/li>\n<li>Sikh kara Gold<\/li>\n<li>Wt. 34.2 g<\/li>\n<li>SKU. 28258<\/li>\n<li>Alle Preise inklusive Mehrwertsteuer<\/li>\n<li>22ct Gold gestempelt von London Assay Office<\/li>\n<li>Mit Pr\u00e4sentationsbox<\/li>\n<li>Lieferung inbegriffen<\/li>\n<li>Live-Chat mit uns f\u00fcr die Verf\u00fcgbarkeit und mehr Bilder von \u00e4hnlichen Designs derzeit auf Lager<\/li>\n<\/ul>\n<p>Unser Goldkada f\u00fcr Herren aus reinstem 22-kar\u00e4tigem Gold k\u00f6nnte das unverwechselbare Schmuckst\u00fcck werden, das Sie besitzen.  Dieses Design verf\u00fcgt \u00fcber eingravierte Spuren rund um den Umfang f\u00fcr einen modernen und minimalistischen Look.  Es ist eine elegante und subtile Goldkada f\u00fcr den gepflegten Mann.<\/p>\n<p>Eine moderne Variante einer alten Tradition: Unsere goldene Kada f\u00fcr Herren unterscheidet sich deutlich von der urspr\u00fcnglichen Kada, die aus Stahl gefertigt war und manchmal Stacheln trug, die die Krieger im Kampf einsetzten.  Die Bedeutung ist nach wie vor lebendig.  Der endlose Kreis steht f\u00fcr die Gesamtheit Gottes, und das Tragen der Kada ist ein Zeichen des Glaubens und der Loyalit\u00e4t.<\/p>\n<p>PureJewels ist ein Juwelier in Familienbesitz mit Wurzeln in Indien und bietet den feinsten traditionellen indischen Schmuck in Gro\u00dfbritannien an.  Unsere goldenen Kada-Designs f\u00fcr M\u00e4nner sind frisch und stilvoll und legen den Schwerpunkt auf hervorragende Qualit\u00e4t und Verarbeitung.  Wenn Sie auf der Suche nach einem <a href=\"https:\/\/www.purejewels.com\/de\/elegance-of-sold-gold\/\">Massivgold<\/a> kada mit einem wettbewerbsf\u00e4higen Gewicht und Preis suchen, dann werden Sie sich \u00fcber unser Angebot freuen.  Durchst\u00f6bern Sie die Kollektion online oder nutzen Sie den Live Chat, wenn Sie Fragen haben.  Sie werden mit einem Berater in unserem Londoner Gesch\u00e4ft verbunden, der Ihnen Bilder aller derzeit auf Lager befindlichen Herren-Goldkadas schicken kann.<\/p>","protected":false},"excerpt":{"rendered":"<ul>\n<li>22ct Gold Herren Kada<\/li>\n<li>Sikh kara Gold<\/li>\n<li>Wt. 34.2 g<\/li>\n<li>SKU. 28258<\/li>\n<li>Alle Preise inklusive Mehrwertsteuer<\/li>\n<li>22ct Gold gestempelt von London Assay Office<\/li>\n<li>Mit Pr\u00e4sentationsbox<\/li>\n<li>Lieferung inbegriffen<\/li>\n<li>Sehen Sie sich unsere Sammlung von\u00a0<strong>Herrenkadaver<\/strong><\/li>\n<li>Live-Chat mit uns f\u00fcr die Verf\u00fcgbarkeit und mehr Bilder von \u00e4hnlichen Designs derzeit auf Lager<\/li>\n<\/ul>","protected":false},"featured_media":304336,"comment_status":"closed","ping_status":"closed","template":"","meta":{"_eb_attr":"","_crsspst_to_jayantr4sg-hostcom":false},"product_brand":[],"product_cat":[1559,1571,1572,1629],"product_tag":[],"class_list":{"0":"post-304335","1":"product","2":"type-product","3":"status-publish","4":"has-post-thumbnail","6":"product_cat-birthday-gifts","7":"product_cat-fathers-day-gifts","8":"product_cat-mens-jewellery","9":"product_cat-mens-kada","11":"first","12":"outofstock","13":"taxable","14":"shipping-taxable","15":"product-type-simple","16":"add-to-wishlist-before_image"},"yoast_head":"<!-- This site is optimized with the Yoast SEO plugin v27.3 - https:\/\/yoast.com\/product\/yoast-seo-wordpress\/ -->\n<title>22ct Gold Men\u2019s Kada Classic Design | PureJewels UK<\/title>\n<meta name=\"description\" content=\"Shop a 22ct gold men\u2019s kada featuring clean line detailing and a polished finish. Handcrafted and UK hallmarked for purity and everyday wear.\" \/>\n<meta name=\"robots\" content=\"index, follow, max-snippet:-1, max-image-preview:large, max-video-preview:-1\" \/>\n<link rel=\"canonical\" href=\"https:\/\/www.purejewels.com\/de\/produkt-2\/manner-kada-3\/\" \/>\n<meta property=\"og:locale\" content=\"de_DE\" \/>\n<meta property=\"og:type\" content=\"article\" \/>\n<meta property=\"og:title\" content=\"22ct Gold Men\u2019s Kada Classic Design | PureJewels UK\" \/>\n<meta property=\"og:description\" content=\"Shop a 22ct gold men\u2019s kada featuring clean line detailing and a polished finish. Handcrafted and UK hallmarked for purity and everyday wear.\" \/>\n<meta property=\"og:url\" content=\"https:\/\/www.purejewels.com\/de\/produkt-2\/manner-kada-3\/\" \/>\n<meta property=\"og:site_name\" content=\"PureJewels UK\" \/>\n<meta property=\"article:modified_time\" content=\"2026-03-17T11:01:52+00:00\" \/>\n<meta property=\"og:image\" content=\"https:\/\/static.purejewels.com\/wp-content\/uploads\/2018\/10\/28258_1.png\" \/>\n\t<meta property=\"og:image:width\" content=\"1000\" \/>\n\t<meta property=\"og:image:height\" content=\"1000\" \/>\n\t<meta property=\"og:image:type\" content=\"image\/png\" \/>\n<meta name=\"twitter:card\" content=\"summary_large_image\" \/>\n<meta name=\"twitter:label1\" content=\"Gesch\u00e4tzte Lesezeit\" \/>\n\t<meta name=\"twitter:data1\" content=\"2\u00a0Minuten\" \/>\n<script type=\"application\/ld+json\" class=\"yoast-schema-graph\">{\"@context\":\"https:\\\/\\\/schema.org\",\"@graph\":[{\"@type\":[\"WebPage\",\"ItemPage\"],\"@id\":\"https:\\\/\\\/www.purejewels.com\\\/product\\\/mens-kada-3\\\/\",\"url\":\"https:\\\/\\\/www.purejewels.com\\\/product\\\/mens-kada-3\\\/\",\"name\":\"22ct Gold Men\u2019s Kada Classic Design | PureJewels UK\",\"isPartOf\":{\"@id\":\"https:\\\/\\\/www.purejewels.com\\\/#website\"},\"primaryImageOfPage\":{\"@id\":\"https:\\\/\\\/www.purejewels.com\\\/product\\\/mens-kada-3\\\/#primaryimage\"},\"image\":{\"@id\":\"https:\\\/\\\/www.purejewels.com\\\/product\\\/mens-kada-3\\\/#primaryimage\"},\"thumbnailUrl\":\"https:\\\/\\\/static.purejewels.com\\\/wp-content\\\/uploads\\\/2018\\\/10\\\/28258_1.png\",\"datePublished\":\"2018-10-26T13:46:32+00:00\",\"dateModified\":\"2026-03-17T11:01:52+00:00\",\"description\":\"Shop a 22ct gold men\u2019s kada featuring clean line detailing and a polished finish. Handcrafted and UK hallmarked for purity and everyday wear.\",\"breadcrumb\":{\"@id\":\"https:\\\/\\\/www.purejewels.com\\\/product\\\/mens-kada-3\\\/#breadcrumb\"},\"inLanguage\":\"de\",\"potentialAction\":[{\"@type\":\"ReadAction\",\"target\":[\"https:\\\/\\\/www.purejewels.com\\\/product\\\/mens-kada-3\\\/\"]}]},{\"@type\":\"ImageObject\",\"inLanguage\":\"de\",\"@id\":\"https:\\\/\\\/www.purejewels.com\\\/product\\\/mens-kada-3\\\/#primaryimage\",\"url\":\"https:\\\/\\\/static.purejewels.com\\\/wp-content\\\/uploads\\\/2018\\\/10\\\/28258_1.png\",\"contentUrl\":\"https:\\\/\\\/static.purejewels.com\\\/wp-content\\\/uploads\\\/2018\\\/10\\\/28258_1.png\",\"width\":1000,\"height\":1000,\"caption\":\"28258_1\"},{\"@type\":\"BreadcrumbList\",\"@id\":\"https:\\\/\\\/www.purejewels.com\\\/product\\\/mens-kada-3\\\/#breadcrumb\",\"itemListElement\":[{\"@type\":\"ListItem\",\"position\":1,\"name\":\"Home\",\"item\":\"https:\\\/\\\/www.purejewels.com\\\/\"},{\"@type\":\"ListItem\",\"position\":2,\"name\":\"Shop\",\"item\":\"https:\\\/\\\/www.purejewels.com\\\/shop\\\/\"},{\"@type\":\"ListItem\",\"position\":3,\"name\":\"22ct Gold Classic Line Men\u2019s Kada\"}]},{\"@type\":\"WebSite\",\"@id\":\"https:\\\/\\\/www.purejewels.com\\\/#website\",\"url\":\"https:\\\/\\\/www.purejewels.com\\\/\",\"name\":\"PureJewels UK\",\"description\":\"Share the Love\",\"publisher\":{\"@id\":\"https:\\\/\\\/www.purejewels.com\\\/#organization\"},\"potentialAction\":[{\"@type\":\"SearchAction\",\"target\":{\"@type\":\"EntryPoint\",\"urlTemplate\":\"https:\\\/\\\/www.purejewels.com\\\/?s={search_term_string}\"},\"query-input\":{\"@type\":\"PropertyValueSpecification\",\"valueRequired\":true,\"valueName\":\"search_term_string\"}}],\"inLanguage\":\"de\"},{\"@type\":\"Organization\",\"@id\":\"https:\\\/\\\/www.purejewels.com\\\/#organization\",\"name\":\"PureJewels UK\",\"url\":\"https:\\\/\\\/www.purejewels.com\\\/\",\"logo\":{\"@type\":\"ImageObject\",\"inLanguage\":\"de\",\"@id\":\"https:\\\/\\\/www.purejewels.com\\\/#\\\/schema\\\/logo\\\/image\\\/\",\"url\":\"https:\\\/\\\/static.purejewels.com\\\/wp-content\\\/uploads\\\/2020\\\/11\\\/Logo-PJ-New-1.png\",\"contentUrl\":\"https:\\\/\\\/static.purejewels.com\\\/wp-content\\\/uploads\\\/2020\\\/11\\\/Logo-PJ-New-1.png\",\"width\":150,\"height\":80,\"caption\":\"PureJewels UK\"},\"image\":{\"@id\":\"https:\\\/\\\/www.purejewels.com\\\/#\\\/schema\\\/logo\\\/image\\\/\"}}]}<\/script>\n<!-- \/ Yoast SEO plugin. -->","yoast_head_json":{"title":"22ct Gold Herren Kada Klassisches Design | PureJewels UK","description":"Shoppen Sie ein Kada aus 22 Karat Gold f\u00fcr Herren mit klaren Linien und poliertem Finish. Handgefertigt und UK-gepunzt f\u00fcr Reinheit und t\u00e4glichen Gebrauch.","robots":{"index":"index","follow":"follow","max-snippet":"max-snippet:-1","max-image-preview":"max-image-preview:large","max-video-preview":"max-video-preview:-1"},"canonical":"https:\/\/www.purejewels.com\/de\/produkt-2\/manner-kada-3\/","og_locale":"de_DE","og_type":"article","og_title":"22ct Gold Men\u2019s Kada Classic Design | PureJewels UK","og_description":"Shop a 22ct gold men\u2019s kada featuring clean line detailing and a polished finish. Handcrafted and UK hallmarked for purity and everyday wear.","og_url":"https:\/\/www.purejewels.com\/de\/produkt-2\/manner-kada-3\/","og_site_name":"PureJewels UK","article_modified_time":"2026-03-17T11:01:52+00:00","og_image":[{"width":1000,"height":1000,"url":"https:\/\/static.purejewels.com\/wp-content\/uploads\/2018\/10\/28258_1.png","type":"image\/png"}],"twitter_card":"summary_large_image","twitter_misc":{"Gesch\u00e4tzte Lesezeit":"2\u00a0Minuten"},"schema":{"@context":"https:\/\/schema.org","@graph":[{"@type":["WebPage","ItemPage"],"@id":"https:\/\/www.purejewels.com\/product\/mens-kada-3\/","url":"https:\/\/www.purejewels.com\/product\/mens-kada-3\/","name":"22ct Gold Herren Kada Klassisches Design | PureJewels UK","isPartOf":{"@id":"https:\/\/www.purejewels.com\/#website"},"primaryImageOfPage":{"@id":"https:\/\/www.purejewels.com\/product\/mens-kada-3\/#primaryimage"},"image":{"@id":"https:\/\/www.purejewels.com\/product\/mens-kada-3\/#primaryimage"},"thumbnailUrl":"https:\/\/static.purejewels.com\/wp-content\/uploads\/2018\/10\/28258_1.png","datePublished":"2018-10-26T13:46:32+00:00","dateModified":"2026-03-17T11:01:52+00:00","description":"Shoppen Sie ein Kada aus 22 Karat Gold f\u00fcr Herren mit klaren Linien und poliertem Finish. Handgefertigt und UK-gepunzt f\u00fcr Reinheit und t\u00e4glichen Gebrauch.","breadcrumb":{"@id":"https:\/\/www.purejewels.com\/product\/mens-kada-3\/#breadcrumb"},"inLanguage":"de","potentialAction":[{"@type":"ReadAction","target":["https:\/\/www.purejewels.com\/product\/mens-kada-3\/"]}]},{"@type":"ImageObject","inLanguage":"de","@id":"https:\/\/www.purejewels.com\/product\/mens-kada-3\/#primaryimage","url":"https:\/\/static.purejewels.com\/wp-content\/uploads\/2018\/10\/28258_1.png","contentUrl":"https:\/\/static.purejewels.com\/wp-content\/uploads\/2018\/10\/28258_1.png","width":1000,"height":1000,"caption":"28258_1"},{"@type":"BreadcrumbList","@id":"https:\/\/www.purejewels.com\/product\/mens-kada-3\/#breadcrumb","itemListElement":[{"@type":"ListItem","position":1,"name":"Home","item":"https:\/\/www.purejewels.com\/"},{"@type":"ListItem","position":2,"name":"Shop","item":"https:\/\/www.purejewels.com\/shop\/"},{"@type":"ListItem","position":3,"name":"22ct Gold Classic Line Men\u2019s Kada"}]},{"@type":"WebSite","@id":"https:\/\/www.purejewels.com\/#website","url":"https:\/\/www.purejewels.com\/","name":"PureJewels UK","description":"Teile die Liebe","publisher":{"@id":"https:\/\/www.purejewels.com\/#organization"},"potentialAction":[{"@type":"SearchAction","target":{"@type":"EntryPoint","urlTemplate":"https:\/\/www.purejewels.com\/?s={search_term_string}"},"query-input":{"@type":"PropertyValueSpecification","valueRequired":true,"valueName":"search_term_string"}}],"inLanguage":"de"},{"@type":"Organization","@id":"https:\/\/www.purejewels.com\/#organization","name":"PureJewels UK","url":"https:\/\/www.purejewels.com\/","logo":{"@type":"ImageObject","inLanguage":"de","@id":"https:\/\/www.purejewels.com\/#\/schema\/logo\/image\/","url":"https:\/\/static.purejewels.com\/wp-content\/uploads\/2020\/11\/Logo-PJ-New-1.png","contentUrl":"https:\/\/static.purejewels.com\/wp-content\/uploads\/2020\/11\/Logo-PJ-New-1.png","width":150,"height":80,"caption":"PureJewels UK"},"image":{"@id":"https:\/\/www.purejewels.com\/#\/schema\/logo\/image\/"}}]}},"_links":{"self":[{"href":"https:\/\/www.purejewels.com\/de\/wp-json\/wp\/v2\/product\/304335","targetHints":{"allow":["GET"]}}],"collection":[{"href":"https:\/\/www.purejewels.com\/de\/wp-json\/wp\/v2\/product"}],"about":[{"href":"https:\/\/www.purejewels.com\/de\/wp-json\/wp\/v2\/types\/product"}],"replies":[{"embeddable":true,"href":"https:\/\/www.purejewels.com\/de\/wp-json\/wp\/v2\/comments?post=304335"}],"version-history":[{"count":3,"href":"https:\/\/www.purejewels.com\/de\/wp-json\/wp\/v2\/product\/304335\/revisions"}],"predecessor-version":[{"id":427259,"href":"https:\/\/www.purejewels.com\/de\/wp-json\/wp\/v2\/product\/304335\/revisions\/427259"}],"wp:featuredmedia":[{"embeddable":true,"href":"https:\/\/www.purejewels.com\/de\/wp-json\/wp\/v2\/media\/304336"}],"wp:attachment":[{"href":"https:\/\/www.purejewels.com\/de\/wp-json\/wp\/v2\/media?parent=304335"}],"wp:term":[{"taxonomy":"product_brand","embeddable":true,"href":"https:\/\/www.purejewels.com\/de\/wp-json\/wp\/v2\/product_brand?post=304335"},{"taxonomy":"product_cat","embeddable":true,"href":"https:\/\/www.purejewels.com\/de\/wp-json\/wp\/v2\/product_cat?post=304335"},{"taxonomy":"product_tag","embeddable":true,"href":"https:\/\/www.purejewels.com\/de\/wp-json\/wp\/v2\/product_tag?post=304335"}],"curies":[{"name":"wp","href":"https:\/\/api.w.org\/{rel}","templated":true}]}}