{"id":304339,"date":"2018-10-26T14:52:12","date_gmt":"2018-10-26T13:52:12","guid":{"rendered":"https:\/\/www.purejewels.com\/?post_type=product&#038;p=304339"},"modified":"2026-03-17T07:42:54","modified_gmt":"2026-03-17T07:42:54","slug":"manner-kada-4","status":"publish","type":"product","link":"https:\/\/www.purejewels.com\/de\/product\/mens-kada-4\/","title":{"rendered":"22ct Gold Herren Kada"},"content":{"rendered":"<p>Diese k\u00fchne Kada ist mit parallelen Linien graviert, die f\u00fcr einen auff\u00e4lligen geometrischen Look sorgen, und passt zu einem kr\u00e4ftigen Handgelenk.  Unsere neuesten Gold-Kada-Designs sind elegant und modern - das perfekte Geschenk f\u00fcr Gl\u00e4ubige.<\/p>\n<p>Ob Sie eine Kada als Glaubenssymbol oder als kulturellen Pr\u00fcfstein tragen, die Kada ist ein starkes Bekenntnis zu Ihrer Herkunft.  Einst wurden sie von Kriegern als Teil ihrer Kampfausr\u00fcstung getragen, aber unsere neuen goldenen Kada-Designs aktualisieren die Tradition.  Unsere neuen Gold-Kada-Designs aktualisieren die Tradition. Sie werden aus feinstem 22-kar\u00e4tigem Gold in vorbildlicher Verarbeitung hergestellt und sind anspruchsvolle und bedeutungsvolle Schmuckst\u00fccke, die Sie gerne tragen werden.<\/p>\n<p>Dieses Design zeigt Spuren auf einem V-f\u00f6rmigen, klassischen Kada-Armreif.  Es gibt keinen Verschluss - der endlose Kreis symbolisiert die Ewigkeit Gottes.  Es ist ein zeitloser Stil mit einem Hauch von Details f\u00fcr ein modernes Finish.  Zu unseren einfarbigen Kada-Designs aus Gold geh\u00f6ren diamantgeschliffene und sogar diamantbesetzte Kada, aber wenn Sie es lieber schlicht m\u00f6gen, dann werden Sie den makellosen Schliff und das Finish dieses Schmuckst\u00fccks zu sch\u00e4tzen wissen.<\/p>\n<p>Wenn Sie alle unsere goldenen Kada-Designs f\u00fcr M\u00e4nner zu wettbewerbsf\u00e4higen Preisen sehen m\u00f6chten, dann kommen Sie in unseren Ausstellungsraum in London.  Wenn Ihnen das zu weit ist, nutzen Sie den Live Chat f\u00fcr alle Ihre Fragen, einschlie\u00dflich der Lieferzeiten.<\/p>","protected":false},"excerpt":{"rendered":"<p>Die 22ct Gold Faceted Gents Kada zeichnet sich durch ein schlankes Profil mit subtilen facettierten Details aus. Dieses klassische Herrenarmband aus strahlendem 22-kar\u00e4tigem Gold vereint St\u00e4rke, Schlichtheit und raffinierten Stil.<\/p>\n<ul>\n<li>Metall. 22ct Gold<\/li>\n<li>Wt. 34.1 g<\/li>\n<li>SKU. 28309<\/li>\n<li>Alle Preise inklusive Mehrwertsteuer<\/li>\n<li>22ct Gold gestempelt von London Assay Office<\/li>\n<li>Mit Pr\u00e4sentationsbox<\/li>\n<li>Lieferung inbegriffen<\/li>\n<\/ul>","protected":false},"featured_media":304340,"comment_status":"closed","ping_status":"closed","template":"","meta":{"_eb_attr":"","_crsspst_to_jayantr4sg-hostcom":false},"product_brand":[],"product_cat":[1559,1571,1572,1629],"product_tag":[],"class_list":{"0":"post-304339","1":"product","2":"type-product","3":"status-publish","4":"has-post-thumbnail","6":"product_cat-birthday-gifts","7":"product_cat-fathers-day-gifts","8":"product_cat-mens-jewellery","9":"product_cat-mens-kada","11":"first","12":"outofstock","13":"taxable","14":"shipping-taxable","15":"product-type-simple","16":"add-to-wishlist-before_image"},"yoast_head":"<!-- This site is optimized with the Yoast SEO plugin v27.3 - https:\/\/yoast.com\/product\/yoast-seo-wordpress\/ -->\n<title>Shop 22ct Gold Faceted Kada for Men | Classic Gold Bangle<\/title>\n<meta name=\"description\" content=\"Discover the 22ct Gold Faceted Gents Kada featuring a sleek textured finish. Crafted in radiant 22ct gold, this timeless men\u2019s bracelet offers everyday elegance and strength.\" \/>\n<meta name=\"robots\" content=\"index, follow, max-snippet:-1, max-image-preview:large, max-video-preview:-1\" \/>\n<link rel=\"canonical\" href=\"https:\/\/www.purejewels.com\/de\/produkt-2\/manner-kada-4\/\" \/>\n<meta property=\"og:locale\" content=\"de_DE\" \/>\n<meta property=\"og:type\" content=\"article\" \/>\n<meta property=\"og:title\" content=\"Shop 22ct Gold Faceted Kada for Men | Classic Gold Bangle\" \/>\n<meta property=\"og:description\" content=\"Discover the 22ct Gold Faceted Gents Kada featuring a sleek textured finish. Crafted in radiant 22ct gold, this timeless men\u2019s bracelet offers everyday elegance and strength.\" \/>\n<meta property=\"og:url\" content=\"https:\/\/www.purejewels.com\/de\/produkt-2\/manner-kada-4\/\" \/>\n<meta property=\"og:site_name\" content=\"PureJewels UK\" \/>\n<meta property=\"article:modified_time\" content=\"2026-03-17T07:42:54+00:00\" \/>\n<meta property=\"og:image\" content=\"https:\/\/static.purejewels.com\/wp-content\/uploads\/2018\/10\/28309_1-1.png\" \/>\n\t<meta property=\"og:image:width\" content=\"1000\" \/>\n\t<meta property=\"og:image:height\" content=\"1000\" \/>\n\t<meta property=\"og:image:type\" content=\"image\/png\" \/>\n<meta name=\"twitter:card\" content=\"summary_large_image\" \/>\n<meta name=\"twitter:label1\" content=\"Gesch\u00e4tzte Lesezeit\" \/>\n\t<meta name=\"twitter:data1\" content=\"2\u00a0Minuten\" \/>\n<script type=\"application\/ld+json\" class=\"yoast-schema-graph\">{\"@context\":\"https:\\\/\\\/schema.org\",\"@graph\":[{\"@type\":[\"WebPage\",\"ItemPage\"],\"@id\":\"https:\\\/\\\/www.purejewels.com\\\/product\\\/mens-kada-4\\\/\",\"url\":\"https:\\\/\\\/www.purejewels.com\\\/product\\\/mens-kada-4\\\/\",\"name\":\"Shop 22ct Gold Faceted Kada for Men | Classic Gold Bangle\",\"isPartOf\":{\"@id\":\"https:\\\/\\\/www.purejewels.com\\\/#website\"},\"primaryImageOfPage\":{\"@id\":\"https:\\\/\\\/www.purejewels.com\\\/product\\\/mens-kada-4\\\/#primaryimage\"},\"image\":{\"@id\":\"https:\\\/\\\/www.purejewels.com\\\/product\\\/mens-kada-4\\\/#primaryimage\"},\"thumbnailUrl\":\"https:\\\/\\\/static.purejewels.com\\\/wp-content\\\/uploads\\\/2018\\\/10\\\/28309_1-1.png\",\"datePublished\":\"2018-10-26T13:52:12+00:00\",\"dateModified\":\"2026-03-17T07:42:54+00:00\",\"description\":\"Discover the 22ct Gold Faceted Gents Kada featuring a sleek textured finish. Crafted in radiant 22ct gold, this timeless men\u2019s bracelet offers everyday elegance and strength.\",\"breadcrumb\":{\"@id\":\"https:\\\/\\\/www.purejewels.com\\\/product\\\/mens-kada-4\\\/#breadcrumb\"},\"inLanguage\":\"de\",\"potentialAction\":[{\"@type\":\"ReadAction\",\"target\":[\"https:\\\/\\\/www.purejewels.com\\\/product\\\/mens-kada-4\\\/\"]}]},{\"@type\":\"ImageObject\",\"inLanguage\":\"de\",\"@id\":\"https:\\\/\\\/www.purejewels.com\\\/product\\\/mens-kada-4\\\/#primaryimage\",\"url\":\"https:\\\/\\\/static.purejewels.com\\\/wp-content\\\/uploads\\\/2018\\\/10\\\/28309_1-1.png\",\"contentUrl\":\"https:\\\/\\\/static.purejewels.com\\\/wp-content\\\/uploads\\\/2018\\\/10\\\/28309_1-1.png\",\"width\":1000,\"height\":1000,\"caption\":\"28309_1\"},{\"@type\":\"BreadcrumbList\",\"@id\":\"https:\\\/\\\/www.purejewels.com\\\/product\\\/mens-kada-4\\\/#breadcrumb\",\"itemListElement\":[{\"@type\":\"ListItem\",\"position\":1,\"name\":\"Home\",\"item\":\"https:\\\/\\\/www.purejewels.com\\\/\"},{\"@type\":\"ListItem\",\"position\":2,\"name\":\"Shop\",\"item\":\"https:\\\/\\\/www.purejewels.com\\\/shop\\\/\"},{\"@type\":\"ListItem\",\"position\":3,\"name\":\"22ct Gold Gents Kada\"}]},{\"@type\":\"WebSite\",\"@id\":\"https:\\\/\\\/www.purejewels.com\\\/#website\",\"url\":\"https:\\\/\\\/www.purejewels.com\\\/\",\"name\":\"PureJewels UK\",\"description\":\"Share the Love\",\"publisher\":{\"@id\":\"https:\\\/\\\/www.purejewels.com\\\/#organization\"},\"potentialAction\":[{\"@type\":\"SearchAction\",\"target\":{\"@type\":\"EntryPoint\",\"urlTemplate\":\"https:\\\/\\\/www.purejewels.com\\\/?s={search_term_string}\"},\"query-input\":{\"@type\":\"PropertyValueSpecification\",\"valueRequired\":true,\"valueName\":\"search_term_string\"}}],\"inLanguage\":\"de\"},{\"@type\":\"Organization\",\"@id\":\"https:\\\/\\\/www.purejewels.com\\\/#organization\",\"name\":\"PureJewels UK\",\"url\":\"https:\\\/\\\/www.purejewels.com\\\/\",\"logo\":{\"@type\":\"ImageObject\",\"inLanguage\":\"de\",\"@id\":\"https:\\\/\\\/www.purejewels.com\\\/#\\\/schema\\\/logo\\\/image\\\/\",\"url\":\"https:\\\/\\\/static.purejewels.com\\\/wp-content\\\/uploads\\\/2020\\\/11\\\/Logo-PJ-New-1.png\",\"contentUrl\":\"https:\\\/\\\/static.purejewels.com\\\/wp-content\\\/uploads\\\/2020\\\/11\\\/Logo-PJ-New-1.png\",\"width\":150,\"height\":80,\"caption\":\"PureJewels UK\"},\"image\":{\"@id\":\"https:\\\/\\\/www.purejewels.com\\\/#\\\/schema\\\/logo\\\/image\\\/\"}}]}<\/script>\n<!-- \/ Yoast SEO plugin. -->","yoast_head_json":{"title":"Shop 22ct Gold Facettierte Kada f\u00fcr M\u00e4nner | Klassischer Goldarmreif","description":"Entdecken Sie das facettierte Herrenarmband Kada aus 22-kar\u00e4tigem Gold, das sich durch eine elegante, strukturierte Oberfl\u00e4che auszeichnet. Dieses zeitlose Herrenarmband aus strahlendem 22-kar\u00e4tigem Gold bietet allt\u00e4gliche Eleganz und St\u00e4rke.","robots":{"index":"index","follow":"follow","max-snippet":"max-snippet:-1","max-image-preview":"max-image-preview:large","max-video-preview":"max-video-preview:-1"},"canonical":"https:\/\/www.purejewels.com\/de\/produkt-2\/manner-kada-4\/","og_locale":"de_DE","og_type":"article","og_title":"Shop 22ct Gold Faceted Kada for Men | Classic Gold Bangle","og_description":"Discover the 22ct Gold Faceted Gents Kada featuring a sleek textured finish. Crafted in radiant 22ct gold, this timeless men\u2019s bracelet offers everyday elegance and strength.","og_url":"https:\/\/www.purejewels.com\/de\/produkt-2\/manner-kada-4\/","og_site_name":"PureJewels UK","article_modified_time":"2026-03-17T07:42:54+00:00","og_image":[{"width":1000,"height":1000,"url":"https:\/\/static.purejewels.com\/wp-content\/uploads\/2018\/10\/28309_1-1.png","type":"image\/png"}],"twitter_card":"summary_large_image","twitter_misc":{"Gesch\u00e4tzte Lesezeit":"2\u00a0Minuten"},"schema":{"@context":"https:\/\/schema.org","@graph":[{"@type":["WebPage","ItemPage"],"@id":"https:\/\/www.purejewels.com\/product\/mens-kada-4\/","url":"https:\/\/www.purejewels.com\/product\/mens-kada-4\/","name":"Shop 22ct Gold Facettierte Kada f\u00fcr M\u00e4nner | Klassischer Goldarmreif","isPartOf":{"@id":"https:\/\/www.purejewels.com\/#website"},"primaryImageOfPage":{"@id":"https:\/\/www.purejewels.com\/product\/mens-kada-4\/#primaryimage"},"image":{"@id":"https:\/\/www.purejewels.com\/product\/mens-kada-4\/#primaryimage"},"thumbnailUrl":"https:\/\/static.purejewels.com\/wp-content\/uploads\/2018\/10\/28309_1-1.png","datePublished":"2018-10-26T13:52:12+00:00","dateModified":"2026-03-17T07:42:54+00:00","description":"Entdecken Sie das facettierte Herrenarmband Kada aus 22-kar\u00e4tigem Gold, das sich durch eine elegante, strukturierte Oberfl\u00e4che auszeichnet. Dieses zeitlose Herrenarmband aus strahlendem 22-kar\u00e4tigem Gold bietet allt\u00e4gliche Eleganz und St\u00e4rke.","breadcrumb":{"@id":"https:\/\/www.purejewels.com\/product\/mens-kada-4\/#breadcrumb"},"inLanguage":"de","potentialAction":[{"@type":"ReadAction","target":["https:\/\/www.purejewels.com\/product\/mens-kada-4\/"]}]},{"@type":"ImageObject","inLanguage":"de","@id":"https:\/\/www.purejewels.com\/product\/mens-kada-4\/#primaryimage","url":"https:\/\/static.purejewels.com\/wp-content\/uploads\/2018\/10\/28309_1-1.png","contentUrl":"https:\/\/static.purejewels.com\/wp-content\/uploads\/2018\/10\/28309_1-1.png","width":1000,"height":1000,"caption":"28309_1"},{"@type":"BreadcrumbList","@id":"https:\/\/www.purejewels.com\/product\/mens-kada-4\/#breadcrumb","itemListElement":[{"@type":"ListItem","position":1,"name":"Home","item":"https:\/\/www.purejewels.com\/"},{"@type":"ListItem","position":2,"name":"Shop","item":"https:\/\/www.purejewels.com\/shop\/"},{"@type":"ListItem","position":3,"name":"22ct Gold Gents Kada"}]},{"@type":"WebSite","@id":"https:\/\/www.purejewels.com\/#website","url":"https:\/\/www.purejewels.com\/","name":"PureJewels UK","description":"Teile die Liebe","publisher":{"@id":"https:\/\/www.purejewels.com\/#organization"},"potentialAction":[{"@type":"SearchAction","target":{"@type":"EntryPoint","urlTemplate":"https:\/\/www.purejewels.com\/?s={search_term_string}"},"query-input":{"@type":"PropertyValueSpecification","valueRequired":true,"valueName":"search_term_string"}}],"inLanguage":"de"},{"@type":"Organization","@id":"https:\/\/www.purejewels.com\/#organization","name":"PureJewels UK","url":"https:\/\/www.purejewels.com\/","logo":{"@type":"ImageObject","inLanguage":"de","@id":"https:\/\/www.purejewels.com\/#\/schema\/logo\/image\/","url":"https:\/\/static.purejewels.com\/wp-content\/uploads\/2020\/11\/Logo-PJ-New-1.png","contentUrl":"https:\/\/static.purejewels.com\/wp-content\/uploads\/2020\/11\/Logo-PJ-New-1.png","width":150,"height":80,"caption":"PureJewels UK"},"image":{"@id":"https:\/\/www.purejewels.com\/#\/schema\/logo\/image\/"}}]}},"_links":{"self":[{"href":"https:\/\/www.purejewels.com\/de\/wp-json\/wp\/v2\/product\/304339","targetHints":{"allow":["GET"]}}],"collection":[{"href":"https:\/\/www.purejewels.com\/de\/wp-json\/wp\/v2\/product"}],"about":[{"href":"https:\/\/www.purejewels.com\/de\/wp-json\/wp\/v2\/types\/product"}],"replies":[{"embeddable":true,"href":"https:\/\/www.purejewels.com\/de\/wp-json\/wp\/v2\/comments?post=304339"}],"version-history":[{"count":3,"href":"https:\/\/www.purejewels.com\/de\/wp-json\/wp\/v2\/product\/304339\/revisions"}],"predecessor-version":[{"id":427221,"href":"https:\/\/www.purejewels.com\/de\/wp-json\/wp\/v2\/product\/304339\/revisions\/427221"}],"wp:featuredmedia":[{"embeddable":true,"href":"https:\/\/www.purejewels.com\/de\/wp-json\/wp\/v2\/media\/304340"}],"wp:attachment":[{"href":"https:\/\/www.purejewels.com\/de\/wp-json\/wp\/v2\/media?parent=304339"}],"wp:term":[{"taxonomy":"product_brand","embeddable":true,"href":"https:\/\/www.purejewels.com\/de\/wp-json\/wp\/v2\/product_brand?post=304339"},{"taxonomy":"product_cat","embeddable":true,"href":"https:\/\/www.purejewels.com\/de\/wp-json\/wp\/v2\/product_cat?post=304339"},{"taxonomy":"product_tag","embeddable":true,"href":"https:\/\/www.purejewels.com\/de\/wp-json\/wp\/v2\/product_tag?post=304339"}],"curies":[{"name":"wp","href":"https:\/\/api.w.org\/{rel}","templated":true}]}}