{"id":304342,"date":"2018-10-26T14:58:22","date_gmt":"2018-10-26T13:58:22","guid":{"rendered":"https:\/\/www.purejewels.com\/?post_type=product&#038;p=304342"},"modified":"2026-03-30T11:04:54","modified_gmt":"2026-03-30T10:04:54","slug":"manner-kada-5","status":"publish","type":"product","link":"https:\/\/www.purejewels.com\/de\/product\/mens-kada-5\/","title":{"rendered":"22 Karat Gold Klassischer Diamant-Schliff Kada"},"content":{"rendered":"<p data-start=\"293\" data-end=\"618\"><strong data-start=\"293\" data-end=\"311\">Designkonzept<\/strong><br data-start=\"311\" data-end=\"314\" \/>Das 22-kar\u00e4tige Gold Classic Diamond-Cut Kada ist von dauerhaften Traditionen inspiriert, die mit einem modernen Touch neu interpretiert wurden. Seine klare, runde Form symbolisiert St\u00e4rke und Kontinuit\u00e4t, w\u00e4hrend das fein detaillierte Diamantschliffmuster ein subtiles Spiel mit dem Licht erzeugt und der klassischen Silhouette Tiefe und Charakter verleiht.<\/p>\n<p data-start=\"620\" data-end=\"982\"><strong data-start=\"620\" data-end=\"637\">Handwerkliches K\u00f6nnen<\/strong><br data-start=\"637\" data-end=\"640\" \/>Dieses Kada ist aus reichem 22-kar\u00e4tigem Gold gefertigt und zeugt von Generationen von Goldschmiedekunst. Die diamantgeschliffenen Details wurden sorgf\u00e4ltig ge\u00e4tzt, um eine strukturierte Oberfl\u00e4che zu schaffen, die die Brillanz verst\u00e4rkt, ohne die raffinierte \u00c4sthetik zu \u00fcberlagern. Mit Pr\u00e4zision gefertigt und im Vereinigten K\u00f6nigreich gestempelt, garantiert sie sowohl Authentizit\u00e4t als auch h\u00f6chste Qualit\u00e4t.<\/p>\n<p data-start=\"984\" data-end=\"1331\"><strong data-start=\"984\" data-end=\"1001\">Styling-Ideen<\/strong><br data-start=\"1001\" data-end=\"1004\" \/>Diese Kada ist so konzipiert, dass sie mit Selbstvertrauen getragen werden kann. Tragen Sie sie als Einzelst\u00fcck f\u00fcr einen starken, minimalistischen Look oder kombinieren Sie sie mit einer Uhr f\u00fcr eine moderne, mehrschichtige \u00c4sthetik. Ob zu traditioneller Kleidung oder zeitgen\u00f6ssischen Ensembles, sie l\u00e4sst sich m\u00fchelos kombinieren und ist eine vielseitige Erg\u00e4nzung der Schmuckkollektion eines Gentleman.<\/p>","protected":false},"excerpt":{"rendered":"<p>Ein zeitloses Kada aus 22-kar\u00e4tigem Gold mit einer raffinierten, diamantgeschliffenen Textur. Sie wurde f\u00fcr St\u00e4rke und Eleganz entworfen und ist ein k\u00fchnes, aber raffiniertes Statement f\u00fcr den Alltag.<\/p>\n<ul>\n<li>22ct <a href=\"https:\/\/www.purejewels.com\/de\/produkt-kategorie\/22-karatiger-goldschmuck\/goldarmbander\/herrenkadaver\/\" target=\"_blank\" rel=\"noopener\">Gold Herren Kada<\/a><\/li>\n<li>Wt. 32.1 g<\/li>\n<li>SKU. 28310<\/li>\n<li>Alle Preise inklusive Mehrwertsteuer<\/li>\n<li>22ct Gold gestempelt von London Assay Office<\/li>\n<li>Mit Pr\u00e4sentationsbox<\/li>\n<li>Lieferung inbegriffen<\/li>\n<li>Sehen Sie sich unsere Sammlung von\u00a0<strong>Herrenkadaver<\/strong><\/li>\n<\/ul>","protected":false},"featured_media":304344,"comment_status":"closed","ping_status":"closed","template":"","meta":{"_eb_attr":"","_crsspst_to_jayantr4sg-hostcom":true},"product_brand":[],"product_cat":[1559,1571,1572,1629],"product_tag":[],"class_list":{"0":"post-304342","1":"product","2":"type-product","3":"status-publish","4":"has-post-thumbnail","6":"product_cat-birthday-gifts","7":"product_cat-fathers-day-gifts","8":"product_cat-mens-jewellery","9":"product_cat-mens-kada","11":"first","12":"outofstock","13":"taxable","14":"shipping-taxable","15":"product-type-simple","16":"add-to-wishlist-before_image"},"yoast_head":"<!-- This site is optimized with the Yoast SEO plugin v27.3 - https:\/\/yoast.com\/product\/yoast-seo-wordpress\/ -->\n<title>22ct Gold Classic Diamond-Cut Kada | Men\u2019s Gold Kada UK<\/title>\n<meta name=\"description\" content=\"Shop 22ct gold classic diamond-cut kada, crafted for timeless style. Textured finish, durable design and UK hallmarked\u2014perfect for everyday elegance.\" \/>\n<meta name=\"robots\" content=\"index, follow, max-snippet:-1, max-image-preview:large, max-video-preview:-1\" \/>\n<link rel=\"canonical\" href=\"https:\/\/www.purejewels.com\/de\/produkt-2\/manner-kada-5\/\" \/>\n<meta property=\"og:locale\" content=\"de_DE\" \/>\n<meta property=\"og:type\" content=\"article\" \/>\n<meta property=\"og:title\" content=\"22ct Gold Classic Diamond-Cut Kada | Men\u2019s Gold Kada UK\" \/>\n<meta property=\"og:description\" content=\"Shop 22ct gold classic diamond-cut kada, crafted for timeless style. Textured finish, durable design and UK hallmarked\u2014perfect for everyday elegance.\" \/>\n<meta property=\"og:url\" content=\"https:\/\/www.purejewels.com\/de\/produkt-2\/manner-kada-5\/\" \/>\n<meta property=\"og:site_name\" content=\"PureJewels UK\" \/>\n<meta property=\"article:modified_time\" content=\"2026-03-30T10:04:54+00:00\" \/>\n<meta property=\"og:image\" content=\"https:\/\/static.purejewels.com\/wp-content\/uploads\/2018\/10\/28310_1.png\" \/>\n\t<meta property=\"og:image:width\" content=\"1000\" \/>\n\t<meta property=\"og:image:height\" content=\"1000\" \/>\n\t<meta property=\"og:image:type\" content=\"image\/png\" \/>\n<meta name=\"twitter:card\" content=\"summary_large_image\" \/>\n<meta name=\"twitter:label1\" content=\"Gesch\u00e4tzte Lesezeit\" \/>\n\t<meta name=\"twitter:data1\" content=\"1\u00a0Minute\" \/>\n<script type=\"application\/ld+json\" class=\"yoast-schema-graph\">{\"@context\":\"https:\\\/\\\/schema.org\",\"@graph\":[{\"@type\":[\"WebPage\",\"ItemPage\"],\"@id\":\"https:\\\/\\\/www.purejewels.com\\\/product\\\/mens-kada-5\\\/\",\"url\":\"https:\\\/\\\/www.purejewels.com\\\/product\\\/mens-kada-5\\\/\",\"name\":\"22ct Gold Classic Diamond-Cut Kada | Men\u2019s Gold Kada UK\",\"isPartOf\":{\"@id\":\"https:\\\/\\\/www.purejewels.com\\\/#website\"},\"primaryImageOfPage\":{\"@id\":\"https:\\\/\\\/www.purejewels.com\\\/product\\\/mens-kada-5\\\/#primaryimage\"},\"image\":{\"@id\":\"https:\\\/\\\/www.purejewels.com\\\/product\\\/mens-kada-5\\\/#primaryimage\"},\"thumbnailUrl\":\"https:\\\/\\\/static.purejewels.com\\\/wp-content\\\/uploads\\\/2018\\\/10\\\/28310_1.png\",\"datePublished\":\"2018-10-26T13:58:22+00:00\",\"dateModified\":\"2026-03-30T10:04:54+00:00\",\"description\":\"Shop 22ct gold classic diamond-cut kada, crafted for timeless style. Textured finish, durable design and UK hallmarked\u2014perfect for everyday elegance.\",\"breadcrumb\":{\"@id\":\"https:\\\/\\\/www.purejewels.com\\\/product\\\/mens-kada-5\\\/#breadcrumb\"},\"inLanguage\":\"de\",\"potentialAction\":[{\"@type\":\"ReadAction\",\"target\":[\"https:\\\/\\\/www.purejewels.com\\\/product\\\/mens-kada-5\\\/\"]}]},{\"@type\":\"ImageObject\",\"inLanguage\":\"de\",\"@id\":\"https:\\\/\\\/www.purejewels.com\\\/product\\\/mens-kada-5\\\/#primaryimage\",\"url\":\"https:\\\/\\\/static.purejewels.com\\\/wp-content\\\/uploads\\\/2018\\\/10\\\/28310_1.png\",\"contentUrl\":\"https:\\\/\\\/static.purejewels.com\\\/wp-content\\\/uploads\\\/2018\\\/10\\\/28310_1.png\",\"width\":1000,\"height\":1000,\"caption\":\"28310_1\"},{\"@type\":\"BreadcrumbList\",\"@id\":\"https:\\\/\\\/www.purejewels.com\\\/product\\\/mens-kada-5\\\/#breadcrumb\",\"itemListElement\":[{\"@type\":\"ListItem\",\"position\":1,\"name\":\"Home\",\"item\":\"https:\\\/\\\/www.purejewels.com\\\/\"},{\"@type\":\"ListItem\",\"position\":2,\"name\":\"Shop\",\"item\":\"https:\\\/\\\/www.purejewels.com\\\/shop\\\/\"},{\"@type\":\"ListItem\",\"position\":3,\"name\":\"22ct Gold Classic Diamond-Cut Kada\"}]},{\"@type\":\"WebSite\",\"@id\":\"https:\\\/\\\/www.purejewels.com\\\/#website\",\"url\":\"https:\\\/\\\/www.purejewels.com\\\/\",\"name\":\"PureJewels UK\",\"description\":\"Share the Love\",\"publisher\":{\"@id\":\"https:\\\/\\\/www.purejewels.com\\\/#organization\"},\"potentialAction\":[{\"@type\":\"SearchAction\",\"target\":{\"@type\":\"EntryPoint\",\"urlTemplate\":\"https:\\\/\\\/www.purejewels.com\\\/?s={search_term_string}\"},\"query-input\":{\"@type\":\"PropertyValueSpecification\",\"valueRequired\":true,\"valueName\":\"search_term_string\"}}],\"inLanguage\":\"de\"},{\"@type\":\"Organization\",\"@id\":\"https:\\\/\\\/www.purejewels.com\\\/#organization\",\"name\":\"PureJewels UK\",\"url\":\"https:\\\/\\\/www.purejewels.com\\\/\",\"logo\":{\"@type\":\"ImageObject\",\"inLanguage\":\"de\",\"@id\":\"https:\\\/\\\/www.purejewels.com\\\/#\\\/schema\\\/logo\\\/image\\\/\",\"url\":\"https:\\\/\\\/static.purejewels.com\\\/wp-content\\\/uploads\\\/2020\\\/11\\\/Logo-PJ-New-1.png\",\"contentUrl\":\"https:\\\/\\\/static.purejewels.com\\\/wp-content\\\/uploads\\\/2020\\\/11\\\/Logo-PJ-New-1.png\",\"width\":150,\"height\":80,\"caption\":\"PureJewels UK\"},\"image\":{\"@id\":\"https:\\\/\\\/www.purejewels.com\\\/#\\\/schema\\\/logo\\\/image\\\/\"}}]}<\/script>\n<!-- \/ Yoast SEO plugin. -->","yoast_head_json":{"title":"22ct Gold Klassischer Diamant-Schliff Kada | Herren Gold Kada UK","description":"Shop 22ct Gold klassischen Diamant-Schliff Kada, f\u00fcr zeitlosen Stil gefertigt. Texturiertes Finish, langlebiges Design und britische Punzierung - perfekt f\u00fcr die Eleganz des Alltags.","robots":{"index":"index","follow":"follow","max-snippet":"max-snippet:-1","max-image-preview":"max-image-preview:large","max-video-preview":"max-video-preview:-1"},"canonical":"https:\/\/www.purejewels.com\/de\/produkt-2\/manner-kada-5\/","og_locale":"de_DE","og_type":"article","og_title":"22ct Gold Classic Diamond-Cut Kada | Men\u2019s Gold Kada UK","og_description":"Shop 22ct gold classic diamond-cut kada, crafted for timeless style. Textured finish, durable design and UK hallmarked\u2014perfect for everyday elegance.","og_url":"https:\/\/www.purejewels.com\/de\/produkt-2\/manner-kada-5\/","og_site_name":"PureJewels UK","article_modified_time":"2026-03-30T10:04:54+00:00","og_image":[{"width":1000,"height":1000,"url":"https:\/\/static.purejewels.com\/wp-content\/uploads\/2018\/10\/28310_1.png","type":"image\/png"}],"twitter_card":"summary_large_image","twitter_misc":{"Gesch\u00e4tzte Lesezeit":"1\u00a0Minute"},"schema":{"@context":"https:\/\/schema.org","@graph":[{"@type":["WebPage","ItemPage"],"@id":"https:\/\/www.purejewels.com\/product\/mens-kada-5\/","url":"https:\/\/www.purejewels.com\/product\/mens-kada-5\/","name":"22ct Gold Klassischer Diamant-Schliff Kada | Herren Gold Kada UK","isPartOf":{"@id":"https:\/\/www.purejewels.com\/#website"},"primaryImageOfPage":{"@id":"https:\/\/www.purejewels.com\/product\/mens-kada-5\/#primaryimage"},"image":{"@id":"https:\/\/www.purejewels.com\/product\/mens-kada-5\/#primaryimage"},"thumbnailUrl":"https:\/\/static.purejewels.com\/wp-content\/uploads\/2018\/10\/28310_1.png","datePublished":"2018-10-26T13:58:22+00:00","dateModified":"2026-03-30T10:04:54+00:00","description":"Shop 22ct Gold klassischen Diamant-Schliff Kada, f\u00fcr zeitlosen Stil gefertigt. Texturiertes Finish, langlebiges Design und britische Punzierung - perfekt f\u00fcr die Eleganz des Alltags.","breadcrumb":{"@id":"https:\/\/www.purejewels.com\/product\/mens-kada-5\/#breadcrumb"},"inLanguage":"de","potentialAction":[{"@type":"ReadAction","target":["https:\/\/www.purejewels.com\/product\/mens-kada-5\/"]}]},{"@type":"ImageObject","inLanguage":"de","@id":"https:\/\/www.purejewels.com\/product\/mens-kada-5\/#primaryimage","url":"https:\/\/static.purejewels.com\/wp-content\/uploads\/2018\/10\/28310_1.png","contentUrl":"https:\/\/static.purejewels.com\/wp-content\/uploads\/2018\/10\/28310_1.png","width":1000,"height":1000,"caption":"28310_1"},{"@type":"BreadcrumbList","@id":"https:\/\/www.purejewels.com\/product\/mens-kada-5\/#breadcrumb","itemListElement":[{"@type":"ListItem","position":1,"name":"Home","item":"https:\/\/www.purejewels.com\/"},{"@type":"ListItem","position":2,"name":"Shop","item":"https:\/\/www.purejewels.com\/shop\/"},{"@type":"ListItem","position":3,"name":"22ct Gold Classic Diamond-Cut Kada"}]},{"@type":"WebSite","@id":"https:\/\/www.purejewels.com\/#website","url":"https:\/\/www.purejewels.com\/","name":"PureJewels UK","description":"Teile die Liebe","publisher":{"@id":"https:\/\/www.purejewels.com\/#organization"},"potentialAction":[{"@type":"SearchAction","target":{"@type":"EntryPoint","urlTemplate":"https:\/\/www.purejewels.com\/?s={search_term_string}"},"query-input":{"@type":"PropertyValueSpecification","valueRequired":true,"valueName":"search_term_string"}}],"inLanguage":"de"},{"@type":"Organization","@id":"https:\/\/www.purejewels.com\/#organization","name":"PureJewels UK","url":"https:\/\/www.purejewels.com\/","logo":{"@type":"ImageObject","inLanguage":"de","@id":"https:\/\/www.purejewels.com\/#\/schema\/logo\/image\/","url":"https:\/\/static.purejewels.com\/wp-content\/uploads\/2020\/11\/Logo-PJ-New-1.png","contentUrl":"https:\/\/static.purejewels.com\/wp-content\/uploads\/2020\/11\/Logo-PJ-New-1.png","width":150,"height":80,"caption":"PureJewels UK"},"image":{"@id":"https:\/\/www.purejewels.com\/#\/schema\/logo\/image\/"}}]}},"_links":{"self":[{"href":"https:\/\/www.purejewels.com\/de\/wp-json\/wp\/v2\/product\/304342","targetHints":{"allow":["GET"]}}],"collection":[{"href":"https:\/\/www.purejewels.com\/de\/wp-json\/wp\/v2\/product"}],"about":[{"href":"https:\/\/www.purejewels.com\/de\/wp-json\/wp\/v2\/types\/product"}],"replies":[{"embeddable":true,"href":"https:\/\/www.purejewels.com\/de\/wp-json\/wp\/v2\/comments?post=304342"}],"version-history":[{"count":3,"href":"https:\/\/www.purejewels.com\/de\/wp-json\/wp\/v2\/product\/304342\/revisions"}],"predecessor-version":[{"id":427816,"href":"https:\/\/www.purejewels.com\/de\/wp-json\/wp\/v2\/product\/304342\/revisions\/427816"}],"wp:featuredmedia":[{"embeddable":true,"href":"https:\/\/www.purejewels.com\/de\/wp-json\/wp\/v2\/media\/304344"}],"wp:attachment":[{"href":"https:\/\/www.purejewels.com\/de\/wp-json\/wp\/v2\/media?parent=304342"}],"wp:term":[{"taxonomy":"product_brand","embeddable":true,"href":"https:\/\/www.purejewels.com\/de\/wp-json\/wp\/v2\/product_brand?post=304342"},{"taxonomy":"product_cat","embeddable":true,"href":"https:\/\/www.purejewels.com\/de\/wp-json\/wp\/v2\/product_cat?post=304342"},{"taxonomy":"product_tag","embeddable":true,"href":"https:\/\/www.purejewels.com\/de\/wp-json\/wp\/v2\/product_tag?post=304342"}],"curies":[{"name":"wp","href":"https:\/\/api.w.org\/{rel}","templated":true}]}}