{"id":304345,"date":"2018-10-26T15:00:55","date_gmt":"2018-10-26T14:00:55","guid":{"rendered":"https:\/\/www.purejewels.com\/?post_type=product&#038;p=304345"},"modified":"2026-03-23T07:01:36","modified_gmt":"2026-03-23T07:01:36","slug":"manner-kada-6","status":"publish","type":"product","link":"https:\/\/www.purejewels.com\/de\/product\/mens-kada-6\/","title":{"rendered":"22ct Gold Klassischer Diamantschliff Herren Kada"},"content":{"rendered":"<p><strong>Designkonzept<\/strong><\/p>\n<p>Die <a href=\"https:\/\/www.purejewels.com\/de\/product\/22ct-gold-jali-filigree-ring-jali-collection-31926\/\">22ct<\/a> <a href=\"https:\/\/www.purejewels.com\/de\/produkt-kategorie\/22-karatiger-goldschmuck\/goldarmbander\/herrenkadaver\/\" target=\"_blank\" rel=\"noopener\">Gold Klassisch Diamantschliff Herren Kada<\/a> zelebriert zeitlose Schlichtheit mit einer raffinierten Note. Die klare runde Form wird durch ein zentrales, diamantgeschliffenes, strukturiertes Band verst\u00e4rkt, das Tiefe und Lichtreflexe erzeugt und ein subtiles, aber dennoch auff\u00e4lliges optisches Detail darstellt. Das Design verbindet traditionelle Maskulinit\u00e4t mit moderner Eleganz und wirkt so klassisch und zeitgem\u00e4\u00df zugleich.<\/p>\n<p><strong>Handwerkliches K\u00f6nnen<\/strong><\/p>\n<p>Das fachm\u00e4nnisch aus 22-kar\u00e4tigem Gold gefertigte Kada zeigt eine pr\u00e4zise Diamantgravur in der Mitte, die eine fein strukturierte Oberfl\u00e4che erzeugt, die das Licht mit dezentem Glanz reflektiert. Die umliegenden R\u00e4nder sind glatt poliert, um einen Kontrast zu schaffen und einen bequemen Sitz am Handgelenk zu gew\u00e4hrleisten. Dies demonstriert die sorgf\u00e4ltige Liebe zum Detail und die Handwerkskunst, die f\u00fcr PureJewels steht.<\/p>\n<p><strong>Styling-Ideen<\/strong><\/p>\n<p>Dieses vielseitige und selbstbewusste Herrenkadaver mit Diamantschliff kann m\u00fchelos als allt\u00e4gliches Accessoire getragen werden. Sie l\u00e4sst sich ganz nat\u00fcrlich mit einer goldenen Kette oder einem goldenen Ring kombinieren und passt sowohl zu traditioneller Kleidung als auch zu moderner Schneiderei, was sie zu einem raffinierten Accessoire f\u00fcr den Alltag und besondere Anl\u00e4sse macht.<\/p>","protected":false},"excerpt":{"rendered":"<p>Das 22-kar\u00e4tige Gold Classic Diamond Cut Men's Kada zeichnet sich durch ein zeitloses, rundes Design mit einem fein strukturierten, diamantgeschliffenen Band aus, das das Licht mit subtiler Brillanz reflektiert. Dieses elegante Kada aus reichhaltigem 22-kar\u00e4tigem Gold verbindet traditionelle St\u00e4rke mit moderner Raffinesse und ist ein vielseitiges Schmuckst\u00fcck f\u00fcr den Alltag und besondere Anl\u00e4sse.<\/p>\n<ul>\n<li>22ct Gold Herren Kada<\/li>\n<li>Wt. 32.3 g<\/li>\n<li>SKU. 28311<\/li>\n<li>Alle Preise inklusive Mehrwertsteuer<\/li>\n<li>22ct Gold gestempelt von London Assay Office<\/li>\n<li>Kann in allen Gr\u00f6\u00dfen bestellt werden<\/li>\n<li>Sehen Sie sich unsere Sammlung von\u00a0<strong>Herrenkadaver<\/strong><\/li>\n<li>Live-Chat mit uns, um die gesamte Palette der Sikh Kara Gold auf Lager zu sehen.<\/li>\n<\/ul>","protected":false},"featured_media":304346,"comment_status":"closed","ping_status":"closed","template":"","meta":{"_eb_attr":"","_crsspst_to_jayantr4sg-hostcom":false},"product_brand":[],"product_cat":[1559,1571,1572,1629],"product_tag":[],"class_list":{"0":"post-304345","1":"product","2":"type-product","3":"status-publish","4":"has-post-thumbnail","6":"product_cat-birthday-gifts","7":"product_cat-fathers-day-gifts","8":"product_cat-mens-jewellery","9":"product_cat-mens-kada","11":"first","12":"outofstock","13":"taxable","14":"shipping-taxable","15":"product-type-simple","16":"add-to-wishlist-before_image"},"yoast_head":"<!-- This site is optimized with the Yoast SEO plugin v27.3 - https:\/\/yoast.com\/product\/yoast-seo-wordpress\/ -->\n<title>Shop the 22ct Gold Diamond Cut Men\u2019s Kada | PureJewels UK<\/title>\n<meta name=\"description\" content=\"Shop the 22ct Gold Diamond Cut Men\u2019s Kada from PureJewels. A classic solid gold kada featuring textured diamond cut detailing and hallmarked in the UK.\" \/>\n<meta name=\"robots\" content=\"index, follow, max-snippet:-1, max-image-preview:large, max-video-preview:-1\" \/>\n<link rel=\"canonical\" href=\"https:\/\/www.purejewels.com\/de\/produkt-2\/manner-kada-6\/\" \/>\n<meta property=\"og:locale\" content=\"de_DE\" \/>\n<meta property=\"og:type\" content=\"article\" \/>\n<meta property=\"og:title\" content=\"Shop the 22ct Gold Diamond Cut Men\u2019s Kada | PureJewels UK\" \/>\n<meta property=\"og:description\" content=\"Shop the 22ct Gold Diamond Cut Men\u2019s Kada from PureJewels. A classic solid gold kada featuring textured diamond cut detailing and hallmarked in the UK.\" \/>\n<meta property=\"og:url\" content=\"https:\/\/www.purejewels.com\/de\/produkt-2\/manner-kada-6\/\" \/>\n<meta property=\"og:site_name\" content=\"PureJewels UK\" \/>\n<meta property=\"article:modified_time\" content=\"2026-03-23T07:01:36+00:00\" \/>\n<meta property=\"og:image\" content=\"https:\/\/static.purejewels.com\/wp-content\/uploads\/2018\/10\/28311_1.png\" \/>\n\t<meta property=\"og:image:width\" content=\"1000\" \/>\n\t<meta property=\"og:image:height\" content=\"1000\" \/>\n\t<meta property=\"og:image:type\" content=\"image\/png\" \/>\n<meta name=\"twitter:card\" content=\"summary_large_image\" \/>\n<meta name=\"twitter:label1\" content=\"Gesch\u00e4tzte Lesezeit\" \/>\n\t<meta name=\"twitter:data1\" content=\"1\u00a0Minute\" \/>\n<script type=\"application\/ld+json\" class=\"yoast-schema-graph\">{\"@context\":\"https:\\\/\\\/schema.org\",\"@graph\":[{\"@type\":[\"WebPage\",\"ItemPage\"],\"@id\":\"https:\\\/\\\/www.purejewels.com\\\/product\\\/mens-kada-6\\\/\",\"url\":\"https:\\\/\\\/www.purejewels.com\\\/product\\\/mens-kada-6\\\/\",\"name\":\"Shop the 22ct Gold Diamond Cut Men\u2019s Kada | PureJewels UK\",\"isPartOf\":{\"@id\":\"https:\\\/\\\/www.purejewels.com\\\/#website\"},\"primaryImageOfPage\":{\"@id\":\"https:\\\/\\\/www.purejewels.com\\\/product\\\/mens-kada-6\\\/#primaryimage\"},\"image\":{\"@id\":\"https:\\\/\\\/www.purejewels.com\\\/product\\\/mens-kada-6\\\/#primaryimage\"},\"thumbnailUrl\":\"https:\\\/\\\/static.purejewels.com\\\/wp-content\\\/uploads\\\/2018\\\/10\\\/28311_1.png\",\"datePublished\":\"2018-10-26T14:00:55+00:00\",\"dateModified\":\"2026-03-23T07:01:36+00:00\",\"description\":\"Shop the 22ct Gold Diamond Cut Men\u2019s Kada from PureJewels. A classic solid gold kada featuring textured diamond cut detailing and hallmarked in the UK.\",\"breadcrumb\":{\"@id\":\"https:\\\/\\\/www.purejewels.com\\\/product\\\/mens-kada-6\\\/#breadcrumb\"},\"inLanguage\":\"de\",\"potentialAction\":[{\"@type\":\"ReadAction\",\"target\":[\"https:\\\/\\\/www.purejewels.com\\\/product\\\/mens-kada-6\\\/\"]}]},{\"@type\":\"ImageObject\",\"inLanguage\":\"de\",\"@id\":\"https:\\\/\\\/www.purejewels.com\\\/product\\\/mens-kada-6\\\/#primaryimage\",\"url\":\"https:\\\/\\\/static.purejewels.com\\\/wp-content\\\/uploads\\\/2018\\\/10\\\/28311_1.png\",\"contentUrl\":\"https:\\\/\\\/static.purejewels.com\\\/wp-content\\\/uploads\\\/2018\\\/10\\\/28311_1.png\",\"width\":1000,\"height\":1000,\"caption\":\"28311_1\"},{\"@type\":\"BreadcrumbList\",\"@id\":\"https:\\\/\\\/www.purejewels.com\\\/product\\\/mens-kada-6\\\/#breadcrumb\",\"itemListElement\":[{\"@type\":\"ListItem\",\"position\":1,\"name\":\"Home\",\"item\":\"https:\\\/\\\/www.purejewels.com\\\/\"},{\"@type\":\"ListItem\",\"position\":2,\"name\":\"Shop\",\"item\":\"https:\\\/\\\/www.purejewels.com\\\/shop\\\/\"},{\"@type\":\"ListItem\",\"position\":3,\"name\":\"22ct Gold Classic Diamond Cut Men\u2019s Kada\"}]},{\"@type\":\"WebSite\",\"@id\":\"https:\\\/\\\/www.purejewels.com\\\/#website\",\"url\":\"https:\\\/\\\/www.purejewels.com\\\/\",\"name\":\"PureJewels UK\",\"description\":\"Share the Love\",\"publisher\":{\"@id\":\"https:\\\/\\\/www.purejewels.com\\\/#organization\"},\"potentialAction\":[{\"@type\":\"SearchAction\",\"target\":{\"@type\":\"EntryPoint\",\"urlTemplate\":\"https:\\\/\\\/www.purejewels.com\\\/?s={search_term_string}\"},\"query-input\":{\"@type\":\"PropertyValueSpecification\",\"valueRequired\":true,\"valueName\":\"search_term_string\"}}],\"inLanguage\":\"de\"},{\"@type\":\"Organization\",\"@id\":\"https:\\\/\\\/www.purejewels.com\\\/#organization\",\"name\":\"PureJewels UK\",\"url\":\"https:\\\/\\\/www.purejewels.com\\\/\",\"logo\":{\"@type\":\"ImageObject\",\"inLanguage\":\"de\",\"@id\":\"https:\\\/\\\/www.purejewels.com\\\/#\\\/schema\\\/logo\\\/image\\\/\",\"url\":\"https:\\\/\\\/static.purejewels.com\\\/wp-content\\\/uploads\\\/2020\\\/11\\\/Logo-PJ-New-1.png\",\"contentUrl\":\"https:\\\/\\\/static.purejewels.com\\\/wp-content\\\/uploads\\\/2020\\\/11\\\/Logo-PJ-New-1.png\",\"width\":150,\"height\":80,\"caption\":\"PureJewels UK\"},\"image\":{\"@id\":\"https:\\\/\\\/www.purejewels.com\\\/#\\\/schema\\\/logo\\\/image\\\/\"}}]}<\/script>\n<!-- \/ Yoast SEO plugin. -->","yoast_head_json":{"title":"Kaufen Sie die 22ct Gold Diamond Cut Men's Kada | PureJewels UK","description":"Shoppen Sie die 22ct Gold Diamond Cut Men's Kada von PureJewels. Ein klassischer Kada aus massivem Gold mit strukturierten Diamantschliff Details und gestempelt in Gro\u00dfbritannien.","robots":{"index":"index","follow":"follow","max-snippet":"max-snippet:-1","max-image-preview":"max-image-preview:large","max-video-preview":"max-video-preview:-1"},"canonical":"https:\/\/www.purejewels.com\/de\/produkt-2\/manner-kada-6\/","og_locale":"de_DE","og_type":"article","og_title":"Shop the 22ct Gold Diamond Cut Men\u2019s Kada | PureJewels UK","og_description":"Shop the 22ct Gold Diamond Cut Men\u2019s Kada from PureJewels. A classic solid gold kada featuring textured diamond cut detailing and hallmarked in the UK.","og_url":"https:\/\/www.purejewels.com\/de\/produkt-2\/manner-kada-6\/","og_site_name":"PureJewels UK","article_modified_time":"2026-03-23T07:01:36+00:00","og_image":[{"width":1000,"height":1000,"url":"https:\/\/static.purejewels.com\/wp-content\/uploads\/2018\/10\/28311_1.png","type":"image\/png"}],"twitter_card":"summary_large_image","twitter_misc":{"Gesch\u00e4tzte Lesezeit":"1\u00a0Minute"},"schema":{"@context":"https:\/\/schema.org","@graph":[{"@type":["WebPage","ItemPage"],"@id":"https:\/\/www.purejewels.com\/product\/mens-kada-6\/","url":"https:\/\/www.purejewels.com\/product\/mens-kada-6\/","name":"Kaufen Sie die 22ct Gold Diamond Cut Men's Kada | PureJewels UK","isPartOf":{"@id":"https:\/\/www.purejewels.com\/#website"},"primaryImageOfPage":{"@id":"https:\/\/www.purejewels.com\/product\/mens-kada-6\/#primaryimage"},"image":{"@id":"https:\/\/www.purejewels.com\/product\/mens-kada-6\/#primaryimage"},"thumbnailUrl":"https:\/\/static.purejewels.com\/wp-content\/uploads\/2018\/10\/28311_1.png","datePublished":"2018-10-26T14:00:55+00:00","dateModified":"2026-03-23T07:01:36+00:00","description":"Shoppen Sie die 22ct Gold Diamond Cut Men's Kada von PureJewels. Ein klassischer Kada aus massivem Gold mit strukturierten Diamantschliff Details und gestempelt in Gro\u00dfbritannien.","breadcrumb":{"@id":"https:\/\/www.purejewels.com\/product\/mens-kada-6\/#breadcrumb"},"inLanguage":"de","potentialAction":[{"@type":"ReadAction","target":["https:\/\/www.purejewels.com\/product\/mens-kada-6\/"]}]},{"@type":"ImageObject","inLanguage":"de","@id":"https:\/\/www.purejewels.com\/product\/mens-kada-6\/#primaryimage","url":"https:\/\/static.purejewels.com\/wp-content\/uploads\/2018\/10\/28311_1.png","contentUrl":"https:\/\/static.purejewels.com\/wp-content\/uploads\/2018\/10\/28311_1.png","width":1000,"height":1000,"caption":"28311_1"},{"@type":"BreadcrumbList","@id":"https:\/\/www.purejewels.com\/product\/mens-kada-6\/#breadcrumb","itemListElement":[{"@type":"ListItem","position":1,"name":"Home","item":"https:\/\/www.purejewels.com\/"},{"@type":"ListItem","position":2,"name":"Shop","item":"https:\/\/www.purejewels.com\/shop\/"},{"@type":"ListItem","position":3,"name":"22ct Gold Classic Diamond Cut Men\u2019s Kada"}]},{"@type":"WebSite","@id":"https:\/\/www.purejewels.com\/#website","url":"https:\/\/www.purejewels.com\/","name":"PureJewels UK","description":"Teile die Liebe","publisher":{"@id":"https:\/\/www.purejewels.com\/#organization"},"potentialAction":[{"@type":"SearchAction","target":{"@type":"EntryPoint","urlTemplate":"https:\/\/www.purejewels.com\/?s={search_term_string}"},"query-input":{"@type":"PropertyValueSpecification","valueRequired":true,"valueName":"search_term_string"}}],"inLanguage":"de"},{"@type":"Organization","@id":"https:\/\/www.purejewels.com\/#organization","name":"PureJewels UK","url":"https:\/\/www.purejewels.com\/","logo":{"@type":"ImageObject","inLanguage":"de","@id":"https:\/\/www.purejewels.com\/#\/schema\/logo\/image\/","url":"https:\/\/static.purejewels.com\/wp-content\/uploads\/2020\/11\/Logo-PJ-New-1.png","contentUrl":"https:\/\/static.purejewels.com\/wp-content\/uploads\/2020\/11\/Logo-PJ-New-1.png","width":150,"height":80,"caption":"PureJewels UK"},"image":{"@id":"https:\/\/www.purejewels.com\/#\/schema\/logo\/image\/"}}]}},"_links":{"self":[{"href":"https:\/\/www.purejewels.com\/de\/wp-json\/wp\/v2\/product\/304345","targetHints":{"allow":["GET"]}}],"collection":[{"href":"https:\/\/www.purejewels.com\/de\/wp-json\/wp\/v2\/product"}],"about":[{"href":"https:\/\/www.purejewels.com\/de\/wp-json\/wp\/v2\/types\/product"}],"replies":[{"embeddable":true,"href":"https:\/\/www.purejewels.com\/de\/wp-json\/wp\/v2\/comments?post=304345"}],"version-history":[{"count":4,"href":"https:\/\/www.purejewels.com\/de\/wp-json\/wp\/v2\/product\/304345\/revisions"}],"predecessor-version":[{"id":427465,"href":"https:\/\/www.purejewels.com\/de\/wp-json\/wp\/v2\/product\/304345\/revisions\/427465"}],"wp:featuredmedia":[{"embeddable":true,"href":"https:\/\/www.purejewels.com\/de\/wp-json\/wp\/v2\/media\/304346"}],"wp:attachment":[{"href":"https:\/\/www.purejewels.com\/de\/wp-json\/wp\/v2\/media?parent=304345"}],"wp:term":[{"taxonomy":"product_brand","embeddable":true,"href":"https:\/\/www.purejewels.com\/de\/wp-json\/wp\/v2\/product_brand?post=304345"},{"taxonomy":"product_cat","embeddable":true,"href":"https:\/\/www.purejewels.com\/de\/wp-json\/wp\/v2\/product_cat?post=304345"},{"taxonomy":"product_tag","embeddable":true,"href":"https:\/\/www.purejewels.com\/de\/wp-json\/wp\/v2\/product_tag?post=304345"}],"curies":[{"name":"wp","href":"https:\/\/api.w.org\/{rel}","templated":true}]}}