{"id":304356,"date":"2018-11-16T07:15:33","date_gmt":"2018-11-16T07:15:33","guid":{"rendered":"https:\/\/www.purejewels.com\/?post_type=product&#038;p=304356"},"modified":"2026-01-10T16:15:21","modified_gmt":"2026-01-10T16:15:21","slug":"herren-kada-aus-18-karatigem-gold-mit-rhodiumuberzug","status":"publish","type":"product","link":"https:\/\/www.purejewels.com\/de\/product\/mens-kada-in-18ct-gold-with-rhodium-plating\/","title":{"rendered":"Herren Kara aus 18 Karat Wei\u00dfgold mit Rhodiumplattierung"},"content":{"rendered":"<p>[vc_row][vc_column offset=&#8221;vc_hidden-lg vc_hidden-md vc_hidden-sm vc_hidden-xs&#8221;][vc_column_text]<\/p>\n<h3>Design<\/h3>\n<p><span style=\"font-weight: 400;\">This <a href=\"https:\/\/www.purejewels.com\/de\/product\/gold-mens-kada-48928\/\">gold Kada for men<\/a> has been delicately carved out of pure 22K gold and has been given an edgy look with geometrical faces. It has been finely buffed and precisely polished by hand and further given a classic Rhodium plated finish. The miniature chisels on both the edges of this gold Kada are details that make it unique and stand out from all other gold mens&#8217; kadas.\u00a0<\/span><\/p>\n<h3><strong><b>Inspiration<\/b><\/strong><\/h3>\n<p><span style=\"font-weight: 400;\">Accessorizing for men has been a tradition, they have been adorning jewels for centuries in diverse styles that have been evolving with time. Accessorizing around the wrist, for men, has been gaining a lot of popularity lately and what would be better than a classic 22K Gold Kada.<\/span><\/p>\n<h3>Style<\/h3>\n<p><span style=\"font-weight: 400;\">Heading out for a meeting, a casual evening or even a vacation, this Kada stands perfect for you. Its subtle elegance blends in with your personality and looks while the details give it an edge that is unique, statement yet simple.\u00a0<\/span>[\/vc_column_text][\/vc_column][\/vc_row]<\/p>\n","protected":false},"excerpt":{"rendered":"<ul>\n<li>Herren Kara aus 18 Karat Wei\u00dfgold mit Rhodiumplattierung<\/li>\n<li>Wt. 31.5 g<\/li>\n<li>SKU. 8331<\/li>\n<li>Alle Preise inklusive Mehrwertsteuer<\/li>\n<li>22ct Gold gestempelt von London Assay Office<\/li>\n<li>Mit Pr\u00e4sentationsbox<\/li>\n<li>Lieferung inbegriffen<\/li>\n<li>Sehen Sie sich unsere Sammlung von\u00a0<strong>Herrenkadaver<\/strong><\/li>\n<li>Live-Chat mit uns f\u00fcr die Verf\u00fcgbarkeit und mehr Bilder von \u00e4hnlichen Designs derzeit auf Lager<\/li>\n<\/ul>","protected":false},"featured_media":304357,"comment_status":"closed","ping_status":"closed","template":"","meta":{"_eb_attr":"","_crsspst_to_jayantr4sg-hostcom":false},"product_brand":[],"product_cat":[1571,1572,1629],"product_tag":[],"class_list":{"0":"post-304356","1":"product","2":"type-product","3":"status-publish","4":"has-post-thumbnail","6":"product_cat-fathers-day-gifts","7":"product_cat-mens-jewellery","8":"product_cat-mens-kada","10":"first","11":"outofstock","12":"taxable","13":"shipping-taxable","14":"product-type-simple","15":"add-to-wishlist-before_image"},"yoast_head":"<!-- This site is optimized with the Yoast SEO plugin v27.5 - https:\/\/yoast.com\/product\/yoast-seo-wordpress\/ -->\n<title>18 Carat White Gold Kada for Men available online in all sizes<\/title>\n<meta name=\"description\" content=\"This gold Kada for men has been delicately carved out of pure 18ct white gold gold and has been given an edgy look with geometrical faces.\" \/>\n<meta name=\"robots\" content=\"index, follow, max-snippet:-1, max-image-preview:large, max-video-preview:-1\" \/>\n<link rel=\"canonical\" href=\"https:\/\/www.purejewels.com\/de\/produkt-2\/herren-kada-aus-18-karatigem-gold-mit-rhodiumuberzug\/\" \/>\n<meta property=\"og:locale\" content=\"de_DE\" \/>\n<meta property=\"og:type\" content=\"article\" \/>\n<meta property=\"og:title\" content=\"18 Carat White Gold Kada for Men available online in all sizes\" \/>\n<meta property=\"og:description\" content=\"This gold Kada for men has been delicately carved out of pure 18ct white gold gold and has been given an edgy look with geometrical faces.\" \/>\n<meta property=\"og:url\" content=\"https:\/\/www.purejewels.com\/de\/produkt-2\/herren-kada-aus-18-karatigem-gold-mit-rhodiumuberzug\/\" \/>\n<meta property=\"og:site_name\" content=\"PureJewels UK\" \/>\n<meta property=\"article:modified_time\" content=\"2026-01-10T16:15:21+00:00\" \/>\n<meta property=\"og:image\" content=\"https:\/\/www.purejewels.com\/wp-content\/uploads\/2018\/10\/8331_1.png\" \/>\n\t<meta property=\"og:image:width\" content=\"1000\" \/>\n\t<meta property=\"og:image:height\" content=\"1000\" \/>\n\t<meta property=\"og:image:type\" content=\"image\/png\" \/>\n<meta name=\"twitter:card\" content=\"summary_large_image\" \/>\n<meta name=\"twitter:label1\" content=\"Gesch\u00e4tzte Lesezeit\" \/>\n\t<meta name=\"twitter:data1\" content=\"1\u00a0Minute\" \/>\n<script type=\"application\/ld+json\" class=\"yoast-schema-graph\">{\"@context\":\"https:\\\/\\\/schema.org\",\"@graph\":[{\"@type\":[\"WebPage\",\"ItemPage\"],\"@id\":\"https:\\\/\\\/www.purejewels.com\\\/product\\\/mens-kada-in-18ct-gold-with-rhodium-plating\\\/\",\"url\":\"https:\\\/\\\/www.purejewels.com\\\/product\\\/mens-kada-in-18ct-gold-with-rhodium-plating\\\/\",\"name\":\"18 Carat White Gold Kada for Men available online in all sizes\",\"isPartOf\":{\"@id\":\"https:\\\/\\\/www.purejewels.com\\\/#website\"},\"primaryImageOfPage\":{\"@id\":\"https:\\\/\\\/www.purejewels.com\\\/product\\\/mens-kada-in-18ct-gold-with-rhodium-plating\\\/#primaryimage\"},\"image\":{\"@id\":\"https:\\\/\\\/www.purejewels.com\\\/product\\\/mens-kada-in-18ct-gold-with-rhodium-plating\\\/#primaryimage\"},\"thumbnailUrl\":\"https:\\\/\\\/static.purejewels.com\\\/wp-content\\\/uploads\\\/2018\\\/10\\\/8331_1.png\",\"datePublished\":\"2018-11-16T07:15:33+00:00\",\"dateModified\":\"2026-01-10T16:15:21+00:00\",\"description\":\"This gold Kada for men has been delicately carved out of pure 18ct white gold gold and has been given an edgy look with geometrical faces.\",\"breadcrumb\":{\"@id\":\"https:\\\/\\\/www.purejewels.com\\\/product\\\/mens-kada-in-18ct-gold-with-rhodium-plating\\\/#breadcrumb\"},\"inLanguage\":\"de\",\"potentialAction\":[{\"@type\":\"ReadAction\",\"target\":[\"https:\\\/\\\/www.purejewels.com\\\/product\\\/mens-kada-in-18ct-gold-with-rhodium-plating\\\/\"]}]},{\"@type\":\"ImageObject\",\"inLanguage\":\"de\",\"@id\":\"https:\\\/\\\/www.purejewels.com\\\/product\\\/mens-kada-in-18ct-gold-with-rhodium-plating\\\/#primaryimage\",\"url\":\"https:\\\/\\\/static.purejewels.com\\\/wp-content\\\/uploads\\\/2018\\\/10\\\/8331_1.png\",\"contentUrl\":\"https:\\\/\\\/static.purejewels.com\\\/wp-content\\\/uploads\\\/2018\\\/10\\\/8331_1.png\",\"width\":1000,\"height\":1000,\"caption\":\"8331_1\"},{\"@type\":\"BreadcrumbList\",\"@id\":\"https:\\\/\\\/www.purejewels.com\\\/product\\\/mens-kada-in-18ct-gold-with-rhodium-plating\\\/#breadcrumb\",\"itemListElement\":[{\"@type\":\"ListItem\",\"position\":1,\"name\":\"Home\",\"item\":\"https:\\\/\\\/www.purejewels.com\\\/\"},{\"@type\":\"ListItem\",\"position\":2,\"name\":\"Shop\",\"item\":\"https:\\\/\\\/www.purejewels.com\\\/shop\\\/\"},{\"@type\":\"ListItem\",\"position\":3,\"name\":\"Mens Kara in 18ct white gold with Rhodium Plating\"}]},{\"@type\":\"WebSite\",\"@id\":\"https:\\\/\\\/www.purejewels.com\\\/#website\",\"url\":\"https:\\\/\\\/www.purejewels.com\\\/\",\"name\":\"PureJewels UK\",\"description\":\"Share the Love\",\"publisher\":{\"@id\":\"https:\\\/\\\/www.purejewels.com\\\/#organization\"},\"potentialAction\":[{\"@type\":\"SearchAction\",\"target\":{\"@type\":\"EntryPoint\",\"urlTemplate\":\"https:\\\/\\\/www.purejewels.com\\\/?s={search_term_string}\"},\"query-input\":{\"@type\":\"PropertyValueSpecification\",\"valueRequired\":true,\"valueName\":\"search_term_string\"}}],\"inLanguage\":\"de\"},{\"@type\":\"Organization\",\"@id\":\"https:\\\/\\\/www.purejewels.com\\\/#organization\",\"name\":\"PureJewels UK\",\"url\":\"https:\\\/\\\/www.purejewels.com\\\/\",\"logo\":{\"@type\":\"ImageObject\",\"inLanguage\":\"de\",\"@id\":\"https:\\\/\\\/www.purejewels.com\\\/#\\\/schema\\\/logo\\\/image\\\/\",\"url\":\"https:\\\/\\\/static.purejewels.com\\\/wp-content\\\/uploads\\\/2020\\\/11\\\/Logo-PJ-New-1.png\",\"contentUrl\":\"https:\\\/\\\/static.purejewels.com\\\/wp-content\\\/uploads\\\/2020\\\/11\\\/Logo-PJ-New-1.png\",\"width\":150,\"height\":80,\"caption\":\"PureJewels UK\"},\"image\":{\"@id\":\"https:\\\/\\\/www.purejewels.com\\\/#\\\/schema\\\/logo\\\/image\\\/\"}}]}<\/script>\n<!-- \/ Yoast SEO plugin. -->","yoast_head_json":{"title":"18 Karat Wei\u00dfgold Kada f\u00fcr M\u00e4nner online in allen Gr\u00f6\u00dfen erh\u00e4ltlich","description":"Dieses goldene Kada f\u00fcr M\u00e4nner ist aus reinem 18-kar\u00e4tigem Wei\u00dfgold gefertigt und erh\u00e4lt durch geometrische Gesichter einen kantigen Look.","robots":{"index":"index","follow":"follow","max-snippet":"max-snippet:-1","max-image-preview":"max-image-preview:large","max-video-preview":"max-video-preview:-1"},"canonical":"https:\/\/www.purejewels.com\/de\/produkt-2\/herren-kada-aus-18-karatigem-gold-mit-rhodiumuberzug\/","og_locale":"de_DE","og_type":"article","og_title":"18 Carat White Gold Kada for Men available online in all sizes","og_description":"This gold Kada for men has been delicately carved out of pure 18ct white gold gold and has been given an edgy look with geometrical faces.","og_url":"https:\/\/www.purejewels.com\/de\/produkt-2\/herren-kada-aus-18-karatigem-gold-mit-rhodiumuberzug\/","og_site_name":"PureJewels UK","article_modified_time":"2026-01-10T16:15:21+00:00","og_image":[{"width":1000,"height":1000,"url":"https:\/\/www.purejewels.com\/wp-content\/uploads\/2018\/10\/8331_1.png","type":"image\/png"}],"twitter_card":"summary_large_image","twitter_misc":{"Gesch\u00e4tzte Lesezeit":"1\u00a0Minute"},"schema":{"@context":"https:\/\/schema.org","@graph":[{"@type":["WebPage","ItemPage"],"@id":"https:\/\/www.purejewels.com\/product\/mens-kada-in-18ct-gold-with-rhodium-plating\/","url":"https:\/\/www.purejewels.com\/product\/mens-kada-in-18ct-gold-with-rhodium-plating\/","name":"18 Karat Wei\u00dfgold Kada f\u00fcr M\u00e4nner online in allen Gr\u00f6\u00dfen erh\u00e4ltlich","isPartOf":{"@id":"https:\/\/www.purejewels.com\/#website"},"primaryImageOfPage":{"@id":"https:\/\/www.purejewels.com\/product\/mens-kada-in-18ct-gold-with-rhodium-plating\/#primaryimage"},"image":{"@id":"https:\/\/www.purejewels.com\/product\/mens-kada-in-18ct-gold-with-rhodium-plating\/#primaryimage"},"thumbnailUrl":"https:\/\/static.purejewels.com\/wp-content\/uploads\/2018\/10\/8331_1.png","datePublished":"2018-11-16T07:15:33+00:00","dateModified":"2026-01-10T16:15:21+00:00","description":"Dieses goldene Kada f\u00fcr M\u00e4nner ist aus reinem 18-kar\u00e4tigem Wei\u00dfgold gefertigt und erh\u00e4lt durch geometrische Gesichter einen kantigen Look.","breadcrumb":{"@id":"https:\/\/www.purejewels.com\/product\/mens-kada-in-18ct-gold-with-rhodium-plating\/#breadcrumb"},"inLanguage":"de","potentialAction":[{"@type":"ReadAction","target":["https:\/\/www.purejewels.com\/product\/mens-kada-in-18ct-gold-with-rhodium-plating\/"]}]},{"@type":"ImageObject","inLanguage":"de","@id":"https:\/\/www.purejewels.com\/product\/mens-kada-in-18ct-gold-with-rhodium-plating\/#primaryimage","url":"https:\/\/static.purejewels.com\/wp-content\/uploads\/2018\/10\/8331_1.png","contentUrl":"https:\/\/static.purejewels.com\/wp-content\/uploads\/2018\/10\/8331_1.png","width":1000,"height":1000,"caption":"8331_1"},{"@type":"BreadcrumbList","@id":"https:\/\/www.purejewels.com\/product\/mens-kada-in-18ct-gold-with-rhodium-plating\/#breadcrumb","itemListElement":[{"@type":"ListItem","position":1,"name":"Home","item":"https:\/\/www.purejewels.com\/"},{"@type":"ListItem","position":2,"name":"Shop","item":"https:\/\/www.purejewels.com\/shop\/"},{"@type":"ListItem","position":3,"name":"Mens Kara in 18ct white gold with Rhodium Plating"}]},{"@type":"WebSite","@id":"https:\/\/www.purejewels.com\/#website","url":"https:\/\/www.purejewels.com\/","name":"PureJewels UK","description":"Teile die Liebe","publisher":{"@id":"https:\/\/www.purejewels.com\/#organization"},"potentialAction":[{"@type":"SearchAction","target":{"@type":"EntryPoint","urlTemplate":"https:\/\/www.purejewels.com\/?s={search_term_string}"},"query-input":{"@type":"PropertyValueSpecification","valueRequired":true,"valueName":"search_term_string"}}],"inLanguage":"de"},{"@type":"Organization","@id":"https:\/\/www.purejewels.com\/#organization","name":"PureJewels UK","url":"https:\/\/www.purejewels.com\/","logo":{"@type":"ImageObject","inLanguage":"de","@id":"https:\/\/www.purejewels.com\/#\/schema\/logo\/image\/","url":"https:\/\/static.purejewels.com\/wp-content\/uploads\/2020\/11\/Logo-PJ-New-1.png","contentUrl":"https:\/\/static.purejewels.com\/wp-content\/uploads\/2020\/11\/Logo-PJ-New-1.png","width":150,"height":80,"caption":"PureJewels UK"},"image":{"@id":"https:\/\/www.purejewels.com\/#\/schema\/logo\/image\/"}}]}},"_links":{"self":[{"href":"https:\/\/www.purejewels.com\/de\/wp-json\/wp\/v2\/product\/304356","targetHints":{"allow":["GET"]}}],"collection":[{"href":"https:\/\/www.purejewels.com\/de\/wp-json\/wp\/v2\/product"}],"about":[{"href":"https:\/\/www.purejewels.com\/de\/wp-json\/wp\/v2\/types\/product"}],"replies":[{"embeddable":true,"href":"https:\/\/www.purejewels.com\/de\/wp-json\/wp\/v2\/comments?post=304356"}],"version-history":[{"count":1,"href":"https:\/\/www.purejewels.com\/de\/wp-json\/wp\/v2\/product\/304356\/revisions"}],"predecessor-version":[{"id":368103,"href":"https:\/\/www.purejewels.com\/de\/wp-json\/wp\/v2\/product\/304356\/revisions\/368103"}],"wp:featuredmedia":[{"embeddable":true,"href":"https:\/\/www.purejewels.com\/de\/wp-json\/wp\/v2\/media\/304357"}],"wp:attachment":[{"href":"https:\/\/www.purejewels.com\/de\/wp-json\/wp\/v2\/media?parent=304356"}],"wp:term":[{"taxonomy":"product_brand","embeddable":true,"href":"https:\/\/www.purejewels.com\/de\/wp-json\/wp\/v2\/product_brand?post=304356"},{"taxonomy":"product_cat","embeddable":true,"href":"https:\/\/www.purejewels.com\/de\/wp-json\/wp\/v2\/product_cat?post=304356"},{"taxonomy":"product_tag","embeddable":true,"href":"https:\/\/www.purejewels.com\/de\/wp-json\/wp\/v2\/product_tag?post=304356"}],"curies":[{"name":"wp","href":"https:\/\/api.w.org\/{rel}","templated":true}]}}