{"id":304923,"date":"2018-11-01T10:32:07","date_gmt":"2018-11-01T10:32:07","guid":{"rendered":"https:\/\/www.purejewels.com\/?post_type=product&#038;p=304923"},"modified":"2025-11-06T05:48:45","modified_gmt":"2025-11-06T05:48:45","slug":"24-kt-gold-gepragt-bar-in-5grm","status":"publish","type":"product","link":"https:\/\/www.purejewels.com\/de\/product\/24ct-gold-minted-bar-in-5grm\/","title":{"rendered":"24ct Gold gepr\u00e4gt Barren in 5grm"},"content":{"rendered":"<p>Suchen Sie ein tolles Geschenk f\u00fcr Diwali? Dann ist dieser wundersch\u00f6n gepr\u00e4gte 5g Goldbarren von PureJewels UK genau das Richtige. Dieser in London aus feinstem 24-kar\u00e4tigem Gold gefertigte Goldbarren ist ein Symbol f\u00fcr Luxus und Eleganz. Jeder Barren ist sorgf\u00e4ltig in einer f\u00e4lschungssicheren Verpackung verpackt, um seine Echtheit und Qualit\u00e4t zu gew\u00e4hrleisten.<\/p>\n<p>Mit einem Gewicht von 5 Gramm und einem Reinheitsgrad von 999,9 ist dieser Goldbarren eine wertvolle Erg\u00e4nzung f\u00fcr jede Sammlung. Ganz gleich, ob Sie in Edelmetalle investieren oder einem geliebten Menschen ein zeitloses St\u00fcck schenken m\u00f6chten, dieser 5-g-Goldbarren wird Sie sicher beeindrucken.<\/p>\n<p>Kaufen Sie mit dem Wissen, dass Ihre Transaktion sicher und gesch\u00fctzt ist. Verpassen Sie nicht die Gelegenheit, ein St\u00fcck Luxus aus purem Gold zu besitzen. Bestellen Sie noch heute Ihr 5g Goldpl\u00e4ttchen.<\/p>","protected":false},"excerpt":{"rendered":"<p>Ein F\u00fcnf-Gramm-Barren aus feinem 24-kar\u00e4tigem Gold, hergestellt in London, ist ein perfektes Geschenk f\u00fcr dieses Diwali. Geliefert in f\u00e4lschungssicherer Verpackung.<\/p>\n<div class=\"field_weight\">\n<div class=\"field_weight\">\n<div>GEWICHT: 5 g<\/div>\n<\/div>\n<div class=\"field_finish\">\n<div>FERTIGUNG: 999,9<\/div>\n<\/div>\n<\/div>\n<div>VERPACKUNG: Kommt mit einer Geschenkbox<\/div>\n<div>Chatten Sie mit uns f\u00fcr den aktuellen Preis.<\/div>","protected":false},"featured_media":311677,"comment_status":"closed","ping_status":"closed","template":"","meta":{"_eb_attr":"","_crsspst_to_jayantr4sg-hostcom":false},"product_brand":[],"product_cat":[1646],"product_tag":[],"class_list":{"0":"post-304923","1":"product","2":"type-product","3":"status-publish","4":"has-post-thumbnail","6":"product_cat-gold-bars","8":"first","9":"outofstock","10":"taxable","11":"shipping-taxable","12":"product-type-simple","13":"add-to-wishlist-before_image"},"yoast_head":"<!-- This site is optimized with the Yoast SEO plugin v27.5 - https:\/\/yoast.com\/product\/yoast-seo-wordpress\/ -->\n<title>24ct Gold Minted Bar in 5grm | PureJewels UK<\/title>\n<meta name=\"description\" content=\"A Five Gram bullion bar of fine 24-karat Gold Manufactured in London\u00a0 makes a perfect gift for this Diwali. Supplied in tamper proof packaging.\" \/>\n<meta name=\"robots\" content=\"index, follow, max-snippet:-1, max-image-preview:large, max-video-preview:-1\" \/>\n<link rel=\"canonical\" href=\"https:\/\/www.purejewels.com\/de\/produkt-2\/24-kt-gold-gepragt-bar-in-5grm\/\" \/>\n<meta property=\"og:locale\" content=\"de_DE\" \/>\n<meta property=\"og:type\" content=\"article\" \/>\n<meta property=\"og:title\" content=\"24ct Gold Minted Bar in 5grm | PureJewels UK\" \/>\n<meta property=\"og:description\" content=\"A Five Gram bullion bar of fine 24-karat Gold Manufactured in London\u00a0 makes a perfect gift for this Diwali. Supplied in tamper proof packaging.\" \/>\n<meta property=\"og:url\" content=\"https:\/\/www.purejewels.com\/de\/produkt-2\/24-kt-gold-gepragt-bar-in-5grm\/\" \/>\n<meta property=\"og:site_name\" content=\"PureJewels UK\" \/>\n<meta property=\"article:modified_time\" content=\"2025-11-06T05:48:45+00:00\" \/>\n<meta property=\"og:image\" content=\"https:\/\/www.purejewels.com\/wp-content\/uploads\/2018\/11\/5gmbar-scaled.jpg\" \/>\n\t<meta property=\"og:image:width\" content=\"2048\" \/>\n\t<meta property=\"og:image:height\" content=\"2560\" \/>\n\t<meta property=\"og:image:type\" content=\"image\/jpeg\" \/>\n<meta name=\"twitter:card\" content=\"summary_large_image\" \/>\n<meta name=\"twitter:label1\" content=\"Gesch\u00e4tzte Lesezeit\" \/>\n\t<meta name=\"twitter:data1\" content=\"1\u00a0Minute\" \/>\n<script type=\"application\/ld+json\" class=\"yoast-schema-graph\">{\"@context\":\"https:\\\/\\\/schema.org\",\"@graph\":[{\"@type\":[\"WebPage\",\"ItemPage\"],\"@id\":\"https:\\\/\\\/www.purejewels.com\\\/product\\\/24ct-gold-minted-bar-in-5grm\\\/\",\"url\":\"https:\\\/\\\/www.purejewels.com\\\/product\\\/24ct-gold-minted-bar-in-5grm\\\/\",\"name\":\"24ct Gold Minted Bar in 5grm | PureJewels UK\",\"isPartOf\":{\"@id\":\"https:\\\/\\\/www.purejewels.com\\\/#website\"},\"primaryImageOfPage\":{\"@id\":\"https:\\\/\\\/www.purejewels.com\\\/product\\\/24ct-gold-minted-bar-in-5grm\\\/#primaryimage\"},\"image\":{\"@id\":\"https:\\\/\\\/www.purejewels.com\\\/product\\\/24ct-gold-minted-bar-in-5grm\\\/#primaryimage\"},\"thumbnailUrl\":\"https:\\\/\\\/static.purejewels.com\\\/wp-content\\\/uploads\\\/2018\\\/11\\\/5gmbar-scaled.jpg\",\"datePublished\":\"2018-11-01T10:32:07+00:00\",\"dateModified\":\"2025-11-06T05:48:45+00:00\",\"description\":\"A Five Gram bullion bar of fine 24-karat Gold Manufactured in London\u00a0 makes a perfect gift for this Diwali. Supplied in tamper proof packaging.\",\"breadcrumb\":{\"@id\":\"https:\\\/\\\/www.purejewels.com\\\/product\\\/24ct-gold-minted-bar-in-5grm\\\/#breadcrumb\"},\"inLanguage\":\"de\",\"potentialAction\":[{\"@type\":\"ReadAction\",\"target\":[\"https:\\\/\\\/www.purejewels.com\\\/product\\\/24ct-gold-minted-bar-in-5grm\\\/\"]}]},{\"@type\":\"ImageObject\",\"inLanguage\":\"de\",\"@id\":\"https:\\\/\\\/www.purejewels.com\\\/product\\\/24ct-gold-minted-bar-in-5grm\\\/#primaryimage\",\"url\":\"https:\\\/\\\/static.purejewels.com\\\/wp-content\\\/uploads\\\/2018\\\/11\\\/5gmbar-scaled.jpg\",\"contentUrl\":\"https:\\\/\\\/static.purejewels.com\\\/wp-content\\\/uploads\\\/2018\\\/11\\\/5gmbar-scaled.jpg\",\"width\":2048,\"height\":2560,\"caption\":\"5gm 999.9 Gold Bar\"},{\"@type\":\"BreadcrumbList\",\"@id\":\"https:\\\/\\\/www.purejewels.com\\\/product\\\/24ct-gold-minted-bar-in-5grm\\\/#breadcrumb\",\"itemListElement\":[{\"@type\":\"ListItem\",\"position\":1,\"name\":\"Home\",\"item\":\"https:\\\/\\\/www.purejewels.com\\\/\"},{\"@type\":\"ListItem\",\"position\":2,\"name\":\"Shop\",\"item\":\"https:\\\/\\\/www.purejewels.com\\\/shop\\\/\"},{\"@type\":\"ListItem\",\"position\":3,\"name\":\"24ct Gold Minted Bar in 5grm\"}]},{\"@type\":\"WebSite\",\"@id\":\"https:\\\/\\\/www.purejewels.com\\\/#website\",\"url\":\"https:\\\/\\\/www.purejewels.com\\\/\",\"name\":\"PureJewels UK\",\"description\":\"Share the Love\",\"publisher\":{\"@id\":\"https:\\\/\\\/www.purejewels.com\\\/#organization\"},\"potentialAction\":[{\"@type\":\"SearchAction\",\"target\":{\"@type\":\"EntryPoint\",\"urlTemplate\":\"https:\\\/\\\/www.purejewels.com\\\/?s={search_term_string}\"},\"query-input\":{\"@type\":\"PropertyValueSpecification\",\"valueRequired\":true,\"valueName\":\"search_term_string\"}}],\"inLanguage\":\"de\"},{\"@type\":\"Organization\",\"@id\":\"https:\\\/\\\/www.purejewels.com\\\/#organization\",\"name\":\"PureJewels UK\",\"url\":\"https:\\\/\\\/www.purejewels.com\\\/\",\"logo\":{\"@type\":\"ImageObject\",\"inLanguage\":\"de\",\"@id\":\"https:\\\/\\\/www.purejewels.com\\\/#\\\/schema\\\/logo\\\/image\\\/\",\"url\":\"https:\\\/\\\/static.purejewels.com\\\/wp-content\\\/uploads\\\/2020\\\/11\\\/Logo-PJ-New-1.png\",\"contentUrl\":\"https:\\\/\\\/static.purejewels.com\\\/wp-content\\\/uploads\\\/2020\\\/11\\\/Logo-PJ-New-1.png\",\"width\":150,\"height\":80,\"caption\":\"PureJewels UK\"},\"image\":{\"@id\":\"https:\\\/\\\/www.purejewels.com\\\/#\\\/schema\\\/logo\\\/image\\\/\"}}]}<\/script>\n<!-- \/ Yoast SEO plugin. -->","yoast_head_json":{"title":"24ct Gold gepr\u00e4gter Barren in 5grm | PureJewels UK","description":"Ein F\u00fcnf-Gramm-Barren aus feinem 24-kar\u00e4tigem Gold, hergestellt in London, ist ein perfektes Geschenk f\u00fcr dieses Diwali. Geliefert in f\u00e4lschungssicherer Verpackung.","robots":{"index":"index","follow":"follow","max-snippet":"max-snippet:-1","max-image-preview":"max-image-preview:large","max-video-preview":"max-video-preview:-1"},"canonical":"https:\/\/www.purejewels.com\/de\/produkt-2\/24-kt-gold-gepragt-bar-in-5grm\/","og_locale":"de_DE","og_type":"article","og_title":"24ct Gold Minted Bar in 5grm | PureJewels UK","og_description":"A Five Gram bullion bar of fine 24-karat Gold Manufactured in London\u00a0 makes a perfect gift for this Diwali. Supplied in tamper proof packaging.","og_url":"https:\/\/www.purejewels.com\/de\/produkt-2\/24-kt-gold-gepragt-bar-in-5grm\/","og_site_name":"PureJewels UK","article_modified_time":"2025-11-06T05:48:45+00:00","og_image":[{"width":2048,"height":2560,"url":"https:\/\/www.purejewels.com\/wp-content\/uploads\/2018\/11\/5gmbar-scaled.jpg","type":"image\/jpeg"}],"twitter_card":"summary_large_image","twitter_misc":{"Gesch\u00e4tzte Lesezeit":"1\u00a0Minute"},"schema":{"@context":"https:\/\/schema.org","@graph":[{"@type":["WebPage","ItemPage"],"@id":"https:\/\/www.purejewels.com\/product\/24ct-gold-minted-bar-in-5grm\/","url":"https:\/\/www.purejewels.com\/product\/24ct-gold-minted-bar-in-5grm\/","name":"24ct Gold gepr\u00e4gter Barren in 5grm | PureJewels UK","isPartOf":{"@id":"https:\/\/www.purejewels.com\/#website"},"primaryImageOfPage":{"@id":"https:\/\/www.purejewels.com\/product\/24ct-gold-minted-bar-in-5grm\/#primaryimage"},"image":{"@id":"https:\/\/www.purejewels.com\/product\/24ct-gold-minted-bar-in-5grm\/#primaryimage"},"thumbnailUrl":"https:\/\/static.purejewels.com\/wp-content\/uploads\/2018\/11\/5gmbar-scaled.jpg","datePublished":"2018-11-01T10:32:07+00:00","dateModified":"2025-11-06T05:48:45+00:00","description":"Ein F\u00fcnf-Gramm-Barren aus feinem 24-kar\u00e4tigem Gold, hergestellt in London, ist ein perfektes Geschenk f\u00fcr dieses Diwali. Geliefert in f\u00e4lschungssicherer Verpackung.","breadcrumb":{"@id":"https:\/\/www.purejewels.com\/product\/24ct-gold-minted-bar-in-5grm\/#breadcrumb"},"inLanguage":"de","potentialAction":[{"@type":"ReadAction","target":["https:\/\/www.purejewels.com\/product\/24ct-gold-minted-bar-in-5grm\/"]}]},{"@type":"ImageObject","inLanguage":"de","@id":"https:\/\/www.purejewels.com\/product\/24ct-gold-minted-bar-in-5grm\/#primaryimage","url":"https:\/\/static.purejewels.com\/wp-content\/uploads\/2018\/11\/5gmbar-scaled.jpg","contentUrl":"https:\/\/static.purejewels.com\/wp-content\/uploads\/2018\/11\/5gmbar-scaled.jpg","width":2048,"height":2560,"caption":"5gm 999.9 Gold Bar"},{"@type":"BreadcrumbList","@id":"https:\/\/www.purejewels.com\/product\/24ct-gold-minted-bar-in-5grm\/#breadcrumb","itemListElement":[{"@type":"ListItem","position":1,"name":"Home","item":"https:\/\/www.purejewels.com\/"},{"@type":"ListItem","position":2,"name":"Shop","item":"https:\/\/www.purejewels.com\/shop\/"},{"@type":"ListItem","position":3,"name":"24ct Gold Minted Bar in 5grm"}]},{"@type":"WebSite","@id":"https:\/\/www.purejewels.com\/#website","url":"https:\/\/www.purejewels.com\/","name":"PureJewels UK","description":"Teile die Liebe","publisher":{"@id":"https:\/\/www.purejewels.com\/#organization"},"potentialAction":[{"@type":"SearchAction","target":{"@type":"EntryPoint","urlTemplate":"https:\/\/www.purejewels.com\/?s={search_term_string}"},"query-input":{"@type":"PropertyValueSpecification","valueRequired":true,"valueName":"search_term_string"}}],"inLanguage":"de"},{"@type":"Organization","@id":"https:\/\/www.purejewels.com\/#organization","name":"PureJewels UK","url":"https:\/\/www.purejewels.com\/","logo":{"@type":"ImageObject","inLanguage":"de","@id":"https:\/\/www.purejewels.com\/#\/schema\/logo\/image\/","url":"https:\/\/static.purejewels.com\/wp-content\/uploads\/2020\/11\/Logo-PJ-New-1.png","contentUrl":"https:\/\/static.purejewels.com\/wp-content\/uploads\/2020\/11\/Logo-PJ-New-1.png","width":150,"height":80,"caption":"PureJewels UK"},"image":{"@id":"https:\/\/www.purejewels.com\/#\/schema\/logo\/image\/"}}]}},"_links":{"self":[{"href":"https:\/\/www.purejewels.com\/de\/wp-json\/wp\/v2\/product\/304923","targetHints":{"allow":["GET"]}}],"collection":[{"href":"https:\/\/www.purejewels.com\/de\/wp-json\/wp\/v2\/product"}],"about":[{"href":"https:\/\/www.purejewels.com\/de\/wp-json\/wp\/v2\/types\/product"}],"replies":[{"embeddable":true,"href":"https:\/\/www.purejewels.com\/de\/wp-json\/wp\/v2\/comments?post=304923"}],"version-history":[{"count":1,"href":"https:\/\/www.purejewels.com\/de\/wp-json\/wp\/v2\/product\/304923\/revisions"}],"predecessor-version":[{"id":420295,"href":"https:\/\/www.purejewels.com\/de\/wp-json\/wp\/v2\/product\/304923\/revisions\/420295"}],"wp:featuredmedia":[{"embeddable":true,"href":"https:\/\/www.purejewels.com\/de\/wp-json\/wp\/v2\/media\/311677"}],"wp:attachment":[{"href":"https:\/\/www.purejewels.com\/de\/wp-json\/wp\/v2\/media?parent=304923"}],"wp:term":[{"taxonomy":"product_brand","embeddable":true,"href":"https:\/\/www.purejewels.com\/de\/wp-json\/wp\/v2\/product_brand?post=304923"},{"taxonomy":"product_cat","embeddable":true,"href":"https:\/\/www.purejewels.com\/de\/wp-json\/wp\/v2\/product_cat?post=304923"},{"taxonomy":"product_tag","embeddable":true,"href":"https:\/\/www.purejewels.com\/de\/wp-json\/wp\/v2\/product_tag?post=304923"}],"curies":[{"name":"wp","href":"https:\/\/api.w.org\/{rel}","templated":true}]}}