{"id":304928,"date":"2018-11-01T09:49:52","date_gmt":"2018-11-01T09:49:52","guid":{"rendered":"https:\/\/www.purejewels.com\/?post_type=product&#038;p=304928"},"modified":"2021-03-09T15:50:53","modified_gmt":"2021-03-09T15:50:53","slug":"silber-ganesh-1-2oz","status":"publish","type":"product","link":"https:\/\/www.purejewels.com\/de\/product\/silver-ganesh-1-2oz\/","title":{"rendered":"Silberner Ganesh - 1\/2oz"},"content":{"rendered":"<p>&nbsp;<\/p>\n<div class=\"row row-flex\">\n<div class=\"col-xs-24\">\n<ul class=\"product__spec__items\">\n<li class=\"product__spec__item\">Fein Gewicht (Gramm):\u00a0<strong>15.5<\/strong><\/li>\n<li class=\"product__spec__item\">Feines Gewicht (Feinunze):\u00a0<strong>0.498<\/strong><\/li>\n<li class=\"product__spec__item\">Bruttogewicht (Gramm):\u00a0<strong>15.5<\/strong><\/li>\n<li class=\"product__spec__item\">Bruttogewicht (Feinunze):\u00a0<strong>0.498<\/strong><\/li>\n<\/ul>\n<\/div>\n<\/div>","protected":false},"excerpt":{"rendered":"<p>Ganesh wird weithin als der Herr des Gl\u00fccks verehrt. Gepaart mit dem Om-Symbol auf der R\u00fcckseite ist diese hochwertige Reinsilberm\u00fcnze ein ideales Geschenk zu Diwali.<\/p>\n<header class=\"product__spec__header\">\n<div class=\"row row-flex\">\n<div class=\"col-xs-24 col-flex\">\n<h3 class=\"product__spec__title\">Spezifikation<\/h3>\n<\/div>\n<\/div>\n<\/header>\n<div class=\"row row-flex\">\n<div class=\"col-xs-24\">\n<ul class=\"product__spec__items\">\n<li class=\"product__spec__item\">Land:\u00a0<strong>Vereinigtes K\u00f6nigreich<\/strong><\/li>\n<li class=\"product__spec__item\">Fein Gewicht (Gramm):\u00a0<strong>15.5<\/strong><\/li>\n<li class=\"product__spec__item\">Feines Gewicht (Feinunze):\u00a0<strong>0.498<\/strong><\/li>\n<li class=\"product__spec__item\">Bruttogewicht (Gramm):\u00a0<strong>15.5<\/strong><\/li>\n<li class=\"product__spec__item\">Bruttogewicht (Feinunze):\u00a0<strong>0.498<\/strong><\/li>\n<\/ul>\n<\/div>\n<\/div>","protected":false},"featured_media":304939,"comment_status":"closed","ping_status":"closed","template":"","meta":{"_eb_attr":"","_crsspst_to_jayantr4sg-hostcom":false},"product_brand":[],"product_cat":[1793,1269,1647],"product_tag":[1430],"class_list":{"0":"post-304928","1":"product","2":"type-product","3":"status-publish","4":"has-post-thumbnail","6":"product_cat-diwali-gifts","7":"product_cat-purejewels-silver-tola","8":"product_cat-silver-coins","9":"product_tag-diwali-gift","11":"first","12":"outofstock","13":"taxable","14":"shipping-taxable","15":"product-type-simple","16":"add-to-wishlist-before_image"},"yoast_head":"<!-- This site is optimized with the Yoast SEO plugin v27.3 - https:\/\/yoast.com\/product\/yoast-seo-wordpress\/ -->\n<title>Silver Ganesh - 1\/2oz - PureJewels UK<\/title>\n<meta name=\"robots\" content=\"index, follow, max-snippet:-1, max-image-preview:large, max-video-preview:-1\" \/>\n<link rel=\"canonical\" href=\"https:\/\/www.purejewels.com\/de\/produkt-2\/silber-ganesh-1-2oz\/\" \/>\n<meta property=\"og:locale\" content=\"de_DE\" \/>\n<meta property=\"og:type\" content=\"article\" \/>\n<meta property=\"og:title\" content=\"Silver Ganesh - 1\/2oz - PureJewels UK\" \/>\n<meta property=\"og:description\" content=\"Ganesh is widely revered as the Lord of good fortune. Paired with the Om symbol on the reverse this high quality pure silver coin is an ideal gift this Diwali.     Specification        Country:\u00a0United Kingdom  Fine Weight (grams):\u00a015.5  Fine Weight (troy oz):\u00a00.498  Gross Weight (grams):\u00a015.5  Gross Weight (troy oz):\u00a00.498\" \/>\n<meta property=\"og:url\" content=\"https:\/\/www.purejewels.com\/de\/produkt-2\/silber-ganesh-1-2oz\/\" \/>\n<meta property=\"og:site_name\" content=\"PureJewels UK\" \/>\n<meta property=\"article:modified_time\" content=\"2021-03-09T15:50:53+00:00\" \/>\n<meta property=\"og:image\" content=\"https:\/\/www.purejewels.com\/wp-content\/uploads\/2018\/11\/R-AgCo12ozGaneshF_1.jpg\" \/>\n\t<meta property=\"og:image:width\" content=\"500\" \/>\n\t<meta property=\"og:image:height\" content=\"500\" \/>\n\t<meta property=\"og:image:type\" content=\"image\/jpeg\" \/>\n<meta name=\"twitter:card\" content=\"summary_large_image\" \/>\n<script type=\"application\/ld+json\" class=\"yoast-schema-graph\">{\"@context\":\"https:\\\/\\\/schema.org\",\"@graph\":[{\"@type\":[\"WebPage\",\"ItemPage\"],\"@id\":\"https:\\\/\\\/www.purejewels.com\\\/product\\\/silver-ganesh-1-2oz\\\/\",\"url\":\"https:\\\/\\\/www.purejewels.com\\\/product\\\/silver-ganesh-1-2oz\\\/\",\"name\":\"Silver Ganesh - 1\\\/2oz - PureJewels UK\",\"isPartOf\":{\"@id\":\"https:\\\/\\\/www.purejewels.com\\\/#website\"},\"primaryImageOfPage\":{\"@id\":\"https:\\\/\\\/www.purejewels.com\\\/product\\\/silver-ganesh-1-2oz\\\/#primaryimage\"},\"image\":{\"@id\":\"https:\\\/\\\/www.purejewels.com\\\/product\\\/silver-ganesh-1-2oz\\\/#primaryimage\"},\"thumbnailUrl\":\"https:\\\/\\\/static.purejewels.com\\\/wp-content\\\/uploads\\\/2018\\\/11\\\/R-AgCo12ozGaneshF_1.jpg\",\"datePublished\":\"2018-11-01T09:49:52+00:00\",\"dateModified\":\"2021-03-09T15:50:53+00:00\",\"breadcrumb\":{\"@id\":\"https:\\\/\\\/www.purejewels.com\\\/product\\\/silver-ganesh-1-2oz\\\/#breadcrumb\"},\"inLanguage\":\"de\",\"potentialAction\":[{\"@type\":\"ReadAction\",\"target\":[\"https:\\\/\\\/www.purejewels.com\\\/product\\\/silver-ganesh-1-2oz\\\/\"]}]},{\"@type\":\"ImageObject\",\"inLanguage\":\"de\",\"@id\":\"https:\\\/\\\/www.purejewels.com\\\/product\\\/silver-ganesh-1-2oz\\\/#primaryimage\",\"url\":\"https:\\\/\\\/static.purejewels.com\\\/wp-content\\\/uploads\\\/2018\\\/11\\\/R-AgCo12ozGaneshF_1.jpg\",\"contentUrl\":\"https:\\\/\\\/static.purejewels.com\\\/wp-content\\\/uploads\\\/2018\\\/11\\\/R-AgCo12ozGaneshF_1.jpg\",\"width\":500,\"height\":500,\"caption\":\"R-AgCo12ozGaneshF_1\"},{\"@type\":\"BreadcrumbList\",\"@id\":\"https:\\\/\\\/www.purejewels.com\\\/product\\\/silver-ganesh-1-2oz\\\/#breadcrumb\",\"itemListElement\":[{\"@type\":\"ListItem\",\"position\":1,\"name\":\"Home\",\"item\":\"https:\\\/\\\/www.purejewels.com\\\/\"},{\"@type\":\"ListItem\",\"position\":2,\"name\":\"Shop\",\"item\":\"https:\\\/\\\/www.purejewels.com\\\/shop\\\/\"},{\"@type\":\"ListItem\",\"position\":3,\"name\":\"Silver Ganesh &#8211; 1\\\/2oz\"}]},{\"@type\":\"WebSite\",\"@id\":\"https:\\\/\\\/www.purejewels.com\\\/#website\",\"url\":\"https:\\\/\\\/www.purejewels.com\\\/\",\"name\":\"PureJewels UK\",\"description\":\"Share the Love\",\"publisher\":{\"@id\":\"https:\\\/\\\/www.purejewels.com\\\/#organization\"},\"potentialAction\":[{\"@type\":\"SearchAction\",\"target\":{\"@type\":\"EntryPoint\",\"urlTemplate\":\"https:\\\/\\\/www.purejewels.com\\\/?s={search_term_string}\"},\"query-input\":{\"@type\":\"PropertyValueSpecification\",\"valueRequired\":true,\"valueName\":\"search_term_string\"}}],\"inLanguage\":\"de\"},{\"@type\":\"Organization\",\"@id\":\"https:\\\/\\\/www.purejewels.com\\\/#organization\",\"name\":\"PureJewels UK\",\"url\":\"https:\\\/\\\/www.purejewels.com\\\/\",\"logo\":{\"@type\":\"ImageObject\",\"inLanguage\":\"de\",\"@id\":\"https:\\\/\\\/www.purejewels.com\\\/#\\\/schema\\\/logo\\\/image\\\/\",\"url\":\"https:\\\/\\\/static.purejewels.com\\\/wp-content\\\/uploads\\\/2020\\\/11\\\/Logo-PJ-New-1.png\",\"contentUrl\":\"https:\\\/\\\/static.purejewels.com\\\/wp-content\\\/uploads\\\/2020\\\/11\\\/Logo-PJ-New-1.png\",\"width\":150,\"height\":80,\"caption\":\"PureJewels UK\"},\"image\":{\"@id\":\"https:\\\/\\\/www.purejewels.com\\\/#\\\/schema\\\/logo\\\/image\\\/\"}}]}<\/script>\n<!-- \/ Yoast SEO plugin. -->","yoast_head_json":{"title":"Silber Ganesh - 1\/2oz - PureJewels UK","robots":{"index":"index","follow":"follow","max-snippet":"max-snippet:-1","max-image-preview":"max-image-preview:large","max-video-preview":"max-video-preview:-1"},"canonical":"https:\/\/www.purejewels.com\/de\/produkt-2\/silber-ganesh-1-2oz\/","og_locale":"de_DE","og_type":"article","og_title":"Silver Ganesh - 1\/2oz - PureJewels UK","og_description":"Ganesh is widely revered as the Lord of good fortune. Paired with the Om symbol on the reverse this high quality pure silver coin is an ideal gift this Diwali.     Specification        Country:\u00a0United Kingdom  Fine Weight (grams):\u00a015.5  Fine Weight (troy oz):\u00a00.498  Gross Weight (grams):\u00a015.5  Gross Weight (troy oz):\u00a00.498","og_url":"https:\/\/www.purejewels.com\/de\/produkt-2\/silber-ganesh-1-2oz\/","og_site_name":"PureJewels UK","article_modified_time":"2021-03-09T15:50:53+00:00","og_image":[{"width":500,"height":500,"url":"https:\/\/www.purejewels.com\/wp-content\/uploads\/2018\/11\/R-AgCo12ozGaneshF_1.jpg","type":"image\/jpeg"}],"twitter_card":"summary_large_image","schema":{"@context":"https:\/\/schema.org","@graph":[{"@type":["WebPage","ItemPage"],"@id":"https:\/\/www.purejewels.com\/product\/silver-ganesh-1-2oz\/","url":"https:\/\/www.purejewels.com\/product\/silver-ganesh-1-2oz\/","name":"Silber Ganesh - 1\/2oz - PureJewels UK","isPartOf":{"@id":"https:\/\/www.purejewels.com\/#website"},"primaryImageOfPage":{"@id":"https:\/\/www.purejewels.com\/product\/silver-ganesh-1-2oz\/#primaryimage"},"image":{"@id":"https:\/\/www.purejewels.com\/product\/silver-ganesh-1-2oz\/#primaryimage"},"thumbnailUrl":"https:\/\/static.purejewels.com\/wp-content\/uploads\/2018\/11\/R-AgCo12ozGaneshF_1.jpg","datePublished":"2018-11-01T09:49:52+00:00","dateModified":"2021-03-09T15:50:53+00:00","breadcrumb":{"@id":"https:\/\/www.purejewels.com\/product\/silver-ganesh-1-2oz\/#breadcrumb"},"inLanguage":"de","potentialAction":[{"@type":"ReadAction","target":["https:\/\/www.purejewels.com\/product\/silver-ganesh-1-2oz\/"]}]},{"@type":"ImageObject","inLanguage":"de","@id":"https:\/\/www.purejewels.com\/product\/silver-ganesh-1-2oz\/#primaryimage","url":"https:\/\/static.purejewels.com\/wp-content\/uploads\/2018\/11\/R-AgCo12ozGaneshF_1.jpg","contentUrl":"https:\/\/static.purejewels.com\/wp-content\/uploads\/2018\/11\/R-AgCo12ozGaneshF_1.jpg","width":500,"height":500,"caption":"R-AgCo12ozGaneshF_1"},{"@type":"BreadcrumbList","@id":"https:\/\/www.purejewels.com\/product\/silver-ganesh-1-2oz\/#breadcrumb","itemListElement":[{"@type":"ListItem","position":1,"name":"Home","item":"https:\/\/www.purejewels.com\/"},{"@type":"ListItem","position":2,"name":"Shop","item":"https:\/\/www.purejewels.com\/shop\/"},{"@type":"ListItem","position":3,"name":"Silver Ganesh &#8211; 1\/2oz"}]},{"@type":"WebSite","@id":"https:\/\/www.purejewels.com\/#website","url":"https:\/\/www.purejewels.com\/","name":"PureJewels UK","description":"Teile die Liebe","publisher":{"@id":"https:\/\/www.purejewels.com\/#organization"},"potentialAction":[{"@type":"SearchAction","target":{"@type":"EntryPoint","urlTemplate":"https:\/\/www.purejewels.com\/?s={search_term_string}"},"query-input":{"@type":"PropertyValueSpecification","valueRequired":true,"valueName":"search_term_string"}}],"inLanguage":"de"},{"@type":"Organization","@id":"https:\/\/www.purejewels.com\/#organization","name":"PureJewels UK","url":"https:\/\/www.purejewels.com\/","logo":{"@type":"ImageObject","inLanguage":"de","@id":"https:\/\/www.purejewels.com\/#\/schema\/logo\/image\/","url":"https:\/\/static.purejewels.com\/wp-content\/uploads\/2020\/11\/Logo-PJ-New-1.png","contentUrl":"https:\/\/static.purejewels.com\/wp-content\/uploads\/2020\/11\/Logo-PJ-New-1.png","width":150,"height":80,"caption":"PureJewels UK"},"image":{"@id":"https:\/\/www.purejewels.com\/#\/schema\/logo\/image\/"}}]}},"_links":{"self":[{"href":"https:\/\/www.purejewels.com\/de\/wp-json\/wp\/v2\/product\/304928","targetHints":{"allow":["GET"]}}],"collection":[{"href":"https:\/\/www.purejewels.com\/de\/wp-json\/wp\/v2\/product"}],"about":[{"href":"https:\/\/www.purejewels.com\/de\/wp-json\/wp\/v2\/types\/product"}],"replies":[{"embeddable":true,"href":"https:\/\/www.purejewels.com\/de\/wp-json\/wp\/v2\/comments?post=304928"}],"version-history":[{"count":0,"href":"https:\/\/www.purejewels.com\/de\/wp-json\/wp\/v2\/product\/304928\/revisions"}],"wp:featuredmedia":[{"embeddable":true,"href":"https:\/\/www.purejewels.com\/de\/wp-json\/wp\/v2\/media\/304939"}],"wp:attachment":[{"href":"https:\/\/www.purejewels.com\/de\/wp-json\/wp\/v2\/media?parent=304928"}],"wp:term":[{"taxonomy":"product_brand","embeddable":true,"href":"https:\/\/www.purejewels.com\/de\/wp-json\/wp\/v2\/product_brand?post=304928"},{"taxonomy":"product_cat","embeddable":true,"href":"https:\/\/www.purejewels.com\/de\/wp-json\/wp\/v2\/product_cat?post=304928"},{"taxonomy":"product_tag","embeddable":true,"href":"https:\/\/www.purejewels.com\/de\/wp-json\/wp\/v2\/product_tag?post=304928"}],"curies":[{"name":"wp","href":"https:\/\/api.w.org\/{rel}","templated":true}]}}