{"id":305761,"date":"2018-11-19T07:17:31","date_gmt":"2018-11-19T07:17:31","guid":{"rendered":"https:\/\/www.purejewels.com\/?post_type=product&#038;p=305761"},"modified":"2025-11-28T08:24:58","modified_gmt":"2025-11-28T08:24:58","slug":"22-kt-gold-halskette-3","status":"publish","type":"product","link":"https:\/\/www.purejewels.com\/de\/product\/22ct-gold-choker-necklace-3\/","title":{"rendered":"22 Karat Gold strukturierte Perlen-Halskette"},"content":{"rendered":"<p>Die 22-kar\u00e4tige Goldkette mit strukturierten Perlen verleiht Ihrem Alltag einen Hauch von Eleganz. Die fein angeordneten Perlen im Diamantschliff fangen das Licht ein und reflektieren es, wodurch ein sanfter Glanz entsteht, der jedes Outfit aufwertet. Die aus hochreinem Gold gefertigte Halskette schmiegt sich angenehm an den Hals an und sorgt f\u00fcr einen minimalistischen, aber raffinierten Look. Sie eignet sich sowohl f\u00fcr den Alltag als auch als liebevolles Geschenk f\u00fcr einen besonderen Menschen und l\u00e4sst sich wunderbar mit l\u00e4ngeren Ketten oder Anh\u00e4ngern kombinieren. Dieses zeitlose Design, das in Gro\u00dfbritannien zur Gew\u00e4hrleistung der Reinheit punziert wurde, verleiht jedem Moment m\u00fchelosen Luxus.<\/p>","protected":false},"excerpt":{"rendered":"<ul>\n<li>22ct Gold Choker Halskette<\/li>\n<li>Gewicht: 6,2 g<\/li>\n<li>Alle Preise inklusive Mehrwertsteuer<\/li>\n<li>22ct Gold gestempelt von London Assay Office<\/li>\n<li>Alle Sets werden mit Pr\u00e4sentationsbox geliefert<\/li>\n<li>Lieferung inbegriffen<\/li>\n<li>Live-Chat mit uns f\u00fcr die Verf\u00fcgbarkeit und mehr Bilder von \u00e4hnlichen Designs derzeit auf Lager<\/li>\n<\/ul>","protected":false},"featured_media":305762,"comment_status":"closed","ping_status":"closed","template":"","meta":{"_eb_attr":"","_crsspst_to_jayantr4sg-hostcom":false},"product_brand":[],"product_cat":[1698,1574],"product_tag":[],"class_list":{"0":"post-305761","1":"product","2":"type-product","3":"status-publish","4":"has-post-thumbnail","6":"product_cat-choker-chains","7":"product_cat-womens-jewellery","9":"first","10":"outofstock","11":"taxable","12":"shipping-taxable","13":"product-type-simple","14":"add-to-wishlist-before_image"},"yoast_head":"<!-- This site is optimized with the Yoast SEO plugin v27.6 - https:\/\/yoast.com\/product\/yoast-seo-wordpress\/ -->\n<title>Lightweight Textured Bead Choker in 22ct Gold | PureJewels UK<\/title>\n<meta name=\"description\" content=\"A lightweight 22ct gold choker featuring diamond-cut textured beads for a subtle, everyday sparkle. Hallmarked in the UK, perfect for gifting and daily wear.\" \/>\n<meta name=\"robots\" content=\"index, follow, max-snippet:-1, max-image-preview:large, max-video-preview:-1\" \/>\n<link rel=\"canonical\" href=\"https:\/\/www.purejewels.com\/de\/produkt-2\/22-kt-gold-halskette-3\/\" \/>\n<meta property=\"og:locale\" content=\"de_DE\" \/>\n<meta property=\"og:type\" content=\"article\" \/>\n<meta property=\"og:title\" content=\"Lightweight Textured Bead Choker in 22ct Gold | PureJewels UK\" \/>\n<meta property=\"og:description\" content=\"A lightweight 22ct gold choker featuring diamond-cut textured beads for a subtle, everyday sparkle. Hallmarked in the UK, perfect for gifting and daily wear.\" \/>\n<meta property=\"og:url\" content=\"https:\/\/www.purejewels.com\/de\/produkt-2\/22-kt-gold-halskette-3\/\" \/>\n<meta property=\"og:site_name\" content=\"PureJewels UK\" \/>\n<meta property=\"article:modified_time\" content=\"2025-11-28T08:24:58+00:00\" \/>\n<meta property=\"og:image\" content=\"https:\/\/www.purejewels.com\/wp-content\/uploads\/2018\/11\/27992_01-copy.png\" \/>\n\t<meta property=\"og:image:width\" content=\"1000\" \/>\n\t<meta property=\"og:image:height\" content=\"1000\" \/>\n\t<meta property=\"og:image:type\" content=\"image\/png\" \/>\n<meta name=\"twitter:card\" content=\"summary_large_image\" \/>\n<meta name=\"twitter:label1\" content=\"Gesch\u00e4tzte Lesezeit\" \/>\n\t<meta name=\"twitter:data1\" content=\"1\u00a0Minute\" \/>\n<script type=\"application\/ld+json\" class=\"yoast-schema-graph\">{\"@context\":\"https:\\\/\\\/schema.org\",\"@graph\":[{\"@type\":[\"WebPage\",\"ItemPage\"],\"@id\":\"https:\\\/\\\/www.purejewels.com\\\/product\\\/22ct-gold-choker-necklace-3\\\/\",\"url\":\"https:\\\/\\\/www.purejewels.com\\\/product\\\/22ct-gold-choker-necklace-3\\\/\",\"name\":\"Lightweight Textured Bead Choker in 22ct Gold | PureJewels UK\",\"isPartOf\":{\"@id\":\"https:\\\/\\\/www.purejewels.com\\\/#website\"},\"primaryImageOfPage\":{\"@id\":\"https:\\\/\\\/www.purejewels.com\\\/product\\\/22ct-gold-choker-necklace-3\\\/#primaryimage\"},\"image\":{\"@id\":\"https:\\\/\\\/www.purejewels.com\\\/product\\\/22ct-gold-choker-necklace-3\\\/#primaryimage\"},\"thumbnailUrl\":\"https:\\\/\\\/static.purejewels.com\\\/wp-content\\\/uploads\\\/2018\\\/11\\\/27992_01-copy.png\",\"datePublished\":\"2018-11-19T07:17:31+00:00\",\"dateModified\":\"2025-11-28T08:24:58+00:00\",\"description\":\"A lightweight 22ct gold choker featuring diamond-cut textured beads for a subtle, everyday sparkle. Hallmarked in the UK, perfect for gifting and daily wear.\",\"breadcrumb\":{\"@id\":\"https:\\\/\\\/www.purejewels.com\\\/product\\\/22ct-gold-choker-necklace-3\\\/#breadcrumb\"},\"inLanguage\":\"de\",\"potentialAction\":[{\"@type\":\"ReadAction\",\"target\":[\"https:\\\/\\\/www.purejewels.com\\\/product\\\/22ct-gold-choker-necklace-3\\\/\"]}]},{\"@type\":\"ImageObject\",\"inLanguage\":\"de\",\"@id\":\"https:\\\/\\\/www.purejewels.com\\\/product\\\/22ct-gold-choker-necklace-3\\\/#primaryimage\",\"url\":\"https:\\\/\\\/static.purejewels.com\\\/wp-content\\\/uploads\\\/2018\\\/11\\\/27992_01-copy.png\",\"contentUrl\":\"https:\\\/\\\/static.purejewels.com\\\/wp-content\\\/uploads\\\/2018\\\/11\\\/27992_01-copy.png\",\"width\":1000,\"height\":1000,\"caption\":\"27992_01 copy\"},{\"@type\":\"BreadcrumbList\",\"@id\":\"https:\\\/\\\/www.purejewels.com\\\/product\\\/22ct-gold-choker-necklace-3\\\/#breadcrumb\",\"itemListElement\":[{\"@type\":\"ListItem\",\"position\":1,\"name\":\"Home\",\"item\":\"https:\\\/\\\/www.purejewels.com\\\/\"},{\"@type\":\"ListItem\",\"position\":2,\"name\":\"Shop\",\"item\":\"https:\\\/\\\/www.purejewels.com\\\/shop\\\/\"},{\"@type\":\"ListItem\",\"position\":3,\"name\":\"22ct Gold Textured Bead Choker Necklace\"}]},{\"@type\":\"WebSite\",\"@id\":\"https:\\\/\\\/www.purejewels.com\\\/#website\",\"url\":\"https:\\\/\\\/www.purejewels.com\\\/\",\"name\":\"PureJewels UK\",\"description\":\"Share the Love\",\"publisher\":{\"@id\":\"https:\\\/\\\/www.purejewels.com\\\/#organization\"},\"potentialAction\":[{\"@type\":\"SearchAction\",\"target\":{\"@type\":\"EntryPoint\",\"urlTemplate\":\"https:\\\/\\\/www.purejewels.com\\\/?s={search_term_string}\"},\"query-input\":{\"@type\":\"PropertyValueSpecification\",\"valueRequired\":true,\"valueName\":\"search_term_string\"}}],\"inLanguage\":\"de\"},{\"@type\":\"Organization\",\"@id\":\"https:\\\/\\\/www.purejewels.com\\\/#organization\",\"name\":\"PureJewels UK\",\"url\":\"https:\\\/\\\/www.purejewels.com\\\/\",\"logo\":{\"@type\":\"ImageObject\",\"inLanguage\":\"de\",\"@id\":\"https:\\\/\\\/www.purejewels.com\\\/#\\\/schema\\\/logo\\\/image\\\/\",\"url\":\"https:\\\/\\\/static.purejewels.com\\\/wp-content\\\/uploads\\\/2020\\\/11\\\/Logo-PJ-New-1.png\",\"contentUrl\":\"https:\\\/\\\/static.purejewels.com\\\/wp-content\\\/uploads\\\/2020\\\/11\\\/Logo-PJ-New-1.png\",\"width\":150,\"height\":80,\"caption\":\"PureJewels UK\"},\"image\":{\"@id\":\"https:\\\/\\\/www.purejewels.com\\\/#\\\/schema\\\/logo\\\/image\\\/\"}}]}<\/script>\n<!-- \/ Yoast SEO plugin. -->","yoast_head_json":{"title":"Leichter Choker mit strukturierten Perlen aus 22 Karat Gold | PureJewels UK","description":"Ein leichter Choker aus 22 Karat Gold mit diamantgeschliffenen Perlen f\u00fcr einen dezenten, alltagstauglichen Glanz. Mit britischer Punzierung, ideal als Geschenk und zum t\u00e4glichen Tragen.","robots":{"index":"index","follow":"follow","max-snippet":"max-snippet:-1","max-image-preview":"max-image-preview:large","max-video-preview":"max-video-preview:-1"},"canonical":"https:\/\/www.purejewels.com\/de\/produkt-2\/22-kt-gold-halskette-3\/","og_locale":"de_DE","og_type":"article","og_title":"Lightweight Textured Bead Choker in 22ct Gold | PureJewels UK","og_description":"A lightweight 22ct gold choker featuring diamond-cut textured beads for a subtle, everyday sparkle. Hallmarked in the UK, perfect for gifting and daily wear.","og_url":"https:\/\/www.purejewels.com\/de\/produkt-2\/22-kt-gold-halskette-3\/","og_site_name":"PureJewels UK","article_modified_time":"2025-11-28T08:24:58+00:00","og_image":[{"width":1000,"height":1000,"url":"https:\/\/www.purejewels.com\/wp-content\/uploads\/2018\/11\/27992_01-copy.png","type":"image\/png"}],"twitter_card":"summary_large_image","twitter_misc":{"Gesch\u00e4tzte Lesezeit":"1\u00a0Minute"},"schema":{"@context":"https:\/\/schema.org","@graph":[{"@type":["WebPage","ItemPage"],"@id":"https:\/\/www.purejewels.com\/product\/22ct-gold-choker-necklace-3\/","url":"https:\/\/www.purejewels.com\/product\/22ct-gold-choker-necklace-3\/","name":"Leichter Choker mit strukturierten Perlen aus 22 Karat Gold | PureJewels UK","isPartOf":{"@id":"https:\/\/www.purejewels.com\/#website"},"primaryImageOfPage":{"@id":"https:\/\/www.purejewels.com\/product\/22ct-gold-choker-necklace-3\/#primaryimage"},"image":{"@id":"https:\/\/www.purejewels.com\/product\/22ct-gold-choker-necklace-3\/#primaryimage"},"thumbnailUrl":"https:\/\/static.purejewels.com\/wp-content\/uploads\/2018\/11\/27992_01-copy.png","datePublished":"2018-11-19T07:17:31+00:00","dateModified":"2025-11-28T08:24:58+00:00","description":"Ein leichter Choker aus 22 Karat Gold mit diamantgeschliffenen Perlen f\u00fcr einen dezenten, alltagstauglichen Glanz. Mit britischer Punzierung, ideal als Geschenk und zum t\u00e4glichen Tragen.","breadcrumb":{"@id":"https:\/\/www.purejewels.com\/product\/22ct-gold-choker-necklace-3\/#breadcrumb"},"inLanguage":"de","potentialAction":[{"@type":"ReadAction","target":["https:\/\/www.purejewels.com\/product\/22ct-gold-choker-necklace-3\/"]}]},{"@type":"ImageObject","inLanguage":"de","@id":"https:\/\/www.purejewels.com\/product\/22ct-gold-choker-necklace-3\/#primaryimage","url":"https:\/\/static.purejewels.com\/wp-content\/uploads\/2018\/11\/27992_01-copy.png","contentUrl":"https:\/\/static.purejewels.com\/wp-content\/uploads\/2018\/11\/27992_01-copy.png","width":1000,"height":1000,"caption":"27992_01 copy"},{"@type":"BreadcrumbList","@id":"https:\/\/www.purejewels.com\/product\/22ct-gold-choker-necklace-3\/#breadcrumb","itemListElement":[{"@type":"ListItem","position":1,"name":"Home","item":"https:\/\/www.purejewels.com\/"},{"@type":"ListItem","position":2,"name":"Shop","item":"https:\/\/www.purejewels.com\/shop\/"},{"@type":"ListItem","position":3,"name":"22ct Gold Textured Bead Choker Necklace"}]},{"@type":"WebSite","@id":"https:\/\/www.purejewels.com\/#website","url":"https:\/\/www.purejewels.com\/","name":"PureJewels UK","description":"Teile die Liebe","publisher":{"@id":"https:\/\/www.purejewels.com\/#organization"},"potentialAction":[{"@type":"SearchAction","target":{"@type":"EntryPoint","urlTemplate":"https:\/\/www.purejewels.com\/?s={search_term_string}"},"query-input":{"@type":"PropertyValueSpecification","valueRequired":true,"valueName":"search_term_string"}}],"inLanguage":"de"},{"@type":"Organization","@id":"https:\/\/www.purejewels.com\/#organization","name":"PureJewels UK","url":"https:\/\/www.purejewels.com\/","logo":{"@type":"ImageObject","inLanguage":"de","@id":"https:\/\/www.purejewels.com\/#\/schema\/logo\/image\/","url":"https:\/\/static.purejewels.com\/wp-content\/uploads\/2020\/11\/Logo-PJ-New-1.png","contentUrl":"https:\/\/static.purejewels.com\/wp-content\/uploads\/2020\/11\/Logo-PJ-New-1.png","width":150,"height":80,"caption":"PureJewels UK"},"image":{"@id":"https:\/\/www.purejewels.com\/#\/schema\/logo\/image\/"}}]}},"_links":{"self":[{"href":"https:\/\/www.purejewels.com\/de\/wp-json\/wp\/v2\/product\/305761","targetHints":{"allow":["GET"]}}],"collection":[{"href":"https:\/\/www.purejewels.com\/de\/wp-json\/wp\/v2\/product"}],"about":[{"href":"https:\/\/www.purejewels.com\/de\/wp-json\/wp\/v2\/types\/product"}],"replies":[{"embeddable":true,"href":"https:\/\/www.purejewels.com\/de\/wp-json\/wp\/v2\/comments?post=305761"}],"version-history":[{"count":2,"href":"https:\/\/www.purejewels.com\/de\/wp-json\/wp\/v2\/product\/305761\/revisions"}],"predecessor-version":[{"id":422078,"href":"https:\/\/www.purejewels.com\/de\/wp-json\/wp\/v2\/product\/305761\/revisions\/422078"}],"wp:featuredmedia":[{"embeddable":true,"href":"https:\/\/www.purejewels.com\/de\/wp-json\/wp\/v2\/media\/305762"}],"wp:attachment":[{"href":"https:\/\/www.purejewels.com\/de\/wp-json\/wp\/v2\/media?parent=305761"}],"wp:term":[{"taxonomy":"product_brand","embeddable":true,"href":"https:\/\/www.purejewels.com\/de\/wp-json\/wp\/v2\/product_brand?post=305761"},{"taxonomy":"product_cat","embeddable":true,"href":"https:\/\/www.purejewels.com\/de\/wp-json\/wp\/v2\/product_cat?post=305761"},{"taxonomy":"product_tag","embeddable":true,"href":"https:\/\/www.purejewels.com\/de\/wp-json\/wp\/v2\/product_tag?post=305761"}],"curies":[{"name":"wp","href":"https:\/\/api.w.org\/{rel}","templated":true}]}}