{"id":305810,"date":"2024-11-01T08:02:54","date_gmt":"2024-11-01T08:02:54","guid":{"rendered":"https:\/\/www.purejewels.com\/?post_type=product&#038;p=305810"},"modified":"2026-05-11T07:50:55","modified_gmt":"2026-05-11T06:50:55","slug":"18ct-weisgold-diamant-wirbel-mangalsutra-21269","status":"publish","type":"product","link":"https:\/\/www.purejewels.com\/de\/product\/18ct-white-gold-diamond-swirl-mangalsutra-21269\/","title":{"rendered":"18ct Wei\u00dfgold Diamant Wirbel Mangalsutra"},"content":{"rendered":"<p>Diese Diamant-Mangalsutra aus 18 Karat Wei\u00dfgold besteht aus einem modernen, mit funkelnden Diamanten besetzten Wirbelanh\u00e4nger und einer klassischen schwarzen Perlenkette. Er wurde f\u00fcr das moderne Tragen entworfen und bietet eine raffinierte Balance aus Tradition und Stil.<\/p>\n<p>Das flie\u00dfende Wirbeldesign sorgt f\u00fcr einen einzigartigen visuellen Reiz, w\u00e4hrend die diamantenen Details die Brillanz und Raffinesse verst\u00e4rken. Diese Mangalsutra-Halskette aus 18 Karat Wei\u00dfgold ist leicht und elegant und eignet sich sowohl f\u00fcr den Alltag als auch f\u00fcr besondere Anl\u00e4sse.<\/p>\n<p>Perfekt f\u00fcr diejenigen, die ein modernes Mangalsutra-Design in Gro\u00dfbritannien suchen, spiegelt dieses St\u00fcck sowohl kulturelle Bedeutung als auch zeitgen\u00f6ssische \u00c4sthetik wider. Kaufen Sie diese Diamant-Mangalsutra online bei PureJewels UK und f\u00fcgen Sie ein zeitloses und doch modernes St\u00fcck zu Ihrer Sammlung hinzu.<\/p>","protected":false},"excerpt":{"rendered":"<p>Eine elegante Mangalsutra aus 18 Karat Wei\u00dfgold mit Diamanten, anmutigen Kurven und einem zarten Tropfen - hier trifft modernes Design auf zeitlose Symbolik.<\/p>\n<ul>\n<li>Mangalsutra aus 18 Karat Wei\u00dfgold, schwarz mit Perlen und Diamanten<\/li>\n<li>Runde brillantf\u00f6rmige nat\u00fcrliche Diamanten<\/li>\n<li>Anzahl der Diamanten. 89<\/li>\n<li>Gewicht der Diamanten 0,78 Karat<\/li>\n<li>Farbe. F - G<\/li>\n<li>Klarheit. VS<\/li>\n<li>Zertifikat Nr.\u00a0<strong>SGLJL57515G<\/strong><\/li>\n<li>SKU 21269<\/li>\n<li>Mehr Mangalsutra erkunden<\/li>\n<li>Alle Preise inklusive Mehrwertsteuer<\/li>\n<li>Alle unsere Produkte sind von London Assay Office gestempelt.<\/li>\n<li>Mit Pr\u00e4sentationsbox<\/li>\n<li>Lieferung inbegriffen<\/li>\n<li>Kontaktieren Sie uns \/ Live-Chat mit uns f\u00fcr Video des Produkts<\/li>\n<\/ul>","protected":false},"featured_media":353122,"comment_status":"closed","ping_status":"closed","template":"","meta":{"_eb_attr":"","_crsspst_to_jayantr4sg-hostcom":true},"product_brand":[],"product_cat":[5679,6087,1791,1775,5457,1533,5461,1776,5348,1574],"product_tag":[],"class_list":{"0":"post-305810","1":"product","2":"type-product","3":"status-publish","4":"has-post-thumbnail","6":"product_cat-18ct-gold-jewellery","7":"product_cat-18ct-gold-managlsutra","8":"product_cat-anniversary-gifts","9":"product_cat-daily-wear-mangalsutras","10":"product_cat-diamond-jewellery","11":"product_cat-diamond-jewellery-set","12":"product_cat-diamond-mangalsutras","13":"product_cat-occasional-wear-mangalsutras","14":"product_cat-white-gold-jewellery","15":"product_cat-womens-jewellery","17":"first","18":"instock","19":"taxable","20":"shipping-taxable","21":"purchasable","22":"product-type-simple","23":"add-to-wishlist-before_image"},"yoast_head":"<!-- This site is optimized with the Yoast SEO plugin v27.5 - https:\/\/yoast.com\/product\/yoast-seo-wordpress\/ -->\n<title>18ct White Gold Diamond Swirl Mangalsutra | Elegant Design UK<\/title>\n<meta name=\"description\" content=\"Discover the 18ct white gold diamond swirl mangalsutra, crafted with flowing elegance and sparkling detail. A modern expression of tradition by PureJewels UK.\" \/>\n<meta name=\"robots\" content=\"index, follow, max-snippet:-1, max-image-preview:large, max-video-preview:-1\" \/>\n<link rel=\"canonical\" href=\"https:\/\/www.purejewels.com\/de\/produkt-2\/18ct-weisgold-diamant-wirbel-mangalsutra-21269\/\" \/>\n<meta property=\"og:locale\" content=\"de_DE\" \/>\n<meta property=\"og:type\" content=\"article\" \/>\n<meta property=\"og:title\" content=\"18ct White Gold Diamond Swirl Mangalsutra | Elegant Design UK\" \/>\n<meta property=\"og:description\" content=\"Discover the 18ct white gold diamond swirl mangalsutra, crafted with flowing elegance and sparkling detail. A modern expression of tradition by PureJewels UK.\" \/>\n<meta property=\"og:url\" content=\"https:\/\/www.purejewels.com\/de\/produkt-2\/18ct-weisgold-diamant-wirbel-mangalsutra-21269\/\" \/>\n<meta property=\"og:site_name\" content=\"PureJewels UK\" \/>\n<meta property=\"article:modified_time\" content=\"2026-05-11T06:50:55+00:00\" \/>\n<meta property=\"og:image\" content=\"https:\/\/static.purejewels.com\/wp-content\/uploads\/2018\/11\/477.jpg\" \/>\n\t<meta property=\"og:image:width\" content=\"1000\" \/>\n\t<meta property=\"og:image:height\" content=\"1000\" \/>\n\t<meta property=\"og:image:type\" content=\"image\/jpeg\" \/>\n<meta name=\"twitter:card\" content=\"summary_large_image\" \/>\n<meta name=\"twitter:label1\" content=\"Gesch\u00e4tzte Lesezeit\" \/>\n\t<meta name=\"twitter:data1\" content=\"1\u00a0Minute\" \/>\n<script type=\"application\/ld+json\" class=\"yoast-schema-graph\">{\"@context\":\"https:\\\/\\\/schema.org\",\"@graph\":[{\"@type\":[\"WebPage\",\"ItemPage\"],\"@id\":\"https:\\\/\\\/www.purejewels.com\\\/product\\\/18ct-white-gold-diamond-swirl-mangalsutra-21269\\\/\",\"url\":\"https:\\\/\\\/www.purejewels.com\\\/product\\\/18ct-white-gold-diamond-swirl-mangalsutra-21269\\\/\",\"name\":\"18ct White Gold Diamond Swirl Mangalsutra | Elegant Design UK\",\"isPartOf\":{\"@id\":\"https:\\\/\\\/www.purejewels.com\\\/#website\"},\"primaryImageOfPage\":{\"@id\":\"https:\\\/\\\/www.purejewels.com\\\/product\\\/18ct-white-gold-diamond-swirl-mangalsutra-21269\\\/#primaryimage\"},\"image\":{\"@id\":\"https:\\\/\\\/www.purejewels.com\\\/product\\\/18ct-white-gold-diamond-swirl-mangalsutra-21269\\\/#primaryimage\"},\"thumbnailUrl\":\"https:\\\/\\\/static.purejewels.com\\\/wp-content\\\/uploads\\\/2018\\\/11\\\/477.jpg\",\"datePublished\":\"2024-11-01T08:02:54+00:00\",\"dateModified\":\"2026-05-11T06:50:55+00:00\",\"description\":\"Discover the 18ct white gold diamond swirl mangalsutra, crafted with flowing elegance and sparkling detail. A modern expression of tradition by PureJewels UK.\",\"breadcrumb\":{\"@id\":\"https:\\\/\\\/www.purejewels.com\\\/product\\\/18ct-white-gold-diamond-swirl-mangalsutra-21269\\\/#breadcrumb\"},\"inLanguage\":\"de\",\"potentialAction\":[{\"@type\":\"ReadAction\",\"target\":[\"https:\\\/\\\/www.purejewels.com\\\/product\\\/18ct-white-gold-diamond-swirl-mangalsutra-21269\\\/\"]}]},{\"@type\":\"ImageObject\",\"inLanguage\":\"de\",\"@id\":\"https:\\\/\\\/www.purejewels.com\\\/product\\\/18ct-white-gold-diamond-swirl-mangalsutra-21269\\\/#primaryimage\",\"url\":\"https:\\\/\\\/static.purejewels.com\\\/wp-content\\\/uploads\\\/2018\\\/11\\\/477.jpg\",\"contentUrl\":\"https:\\\/\\\/static.purejewels.com\\\/wp-content\\\/uploads\\\/2018\\\/11\\\/477.jpg\",\"width\":1000,\"height\":1000,\"caption\":\"18ct White Gold Mangalsutra\"},{\"@type\":\"BreadcrumbList\",\"@id\":\"https:\\\/\\\/www.purejewels.com\\\/product\\\/18ct-white-gold-diamond-swirl-mangalsutra-21269\\\/#breadcrumb\",\"itemListElement\":[{\"@type\":\"ListItem\",\"position\":1,\"name\":\"Home\",\"item\":\"https:\\\/\\\/www.purejewels.com\\\/\"},{\"@type\":\"ListItem\",\"position\":2,\"name\":\"Shop\",\"item\":\"https:\\\/\\\/www.purejewels.com\\\/shop\\\/\"},{\"@type\":\"ListItem\",\"position\":3,\"name\":\"18ct White Gold Diamond Swirl Mangalsutra\"}]},{\"@type\":\"WebSite\",\"@id\":\"https:\\\/\\\/www.purejewels.com\\\/#website\",\"url\":\"https:\\\/\\\/www.purejewels.com\\\/\",\"name\":\"PureJewels UK\",\"description\":\"Share the Love\",\"publisher\":{\"@id\":\"https:\\\/\\\/www.purejewels.com\\\/#organization\"},\"potentialAction\":[{\"@type\":\"SearchAction\",\"target\":{\"@type\":\"EntryPoint\",\"urlTemplate\":\"https:\\\/\\\/www.purejewels.com\\\/?s={search_term_string}\"},\"query-input\":{\"@type\":\"PropertyValueSpecification\",\"valueRequired\":true,\"valueName\":\"search_term_string\"}}],\"inLanguage\":\"de\"},{\"@type\":\"Organization\",\"@id\":\"https:\\\/\\\/www.purejewels.com\\\/#organization\",\"name\":\"PureJewels UK\",\"url\":\"https:\\\/\\\/www.purejewels.com\\\/\",\"logo\":{\"@type\":\"ImageObject\",\"inLanguage\":\"de\",\"@id\":\"https:\\\/\\\/www.purejewels.com\\\/#\\\/schema\\\/logo\\\/image\\\/\",\"url\":\"https:\\\/\\\/static.purejewels.com\\\/wp-content\\\/uploads\\\/2020\\\/11\\\/Logo-PJ-New-1.png\",\"contentUrl\":\"https:\\\/\\\/static.purejewels.com\\\/wp-content\\\/uploads\\\/2020\\\/11\\\/Logo-PJ-New-1.png\",\"width\":150,\"height\":80,\"caption\":\"PureJewels UK\"},\"image\":{\"@id\":\"https:\\\/\\\/www.purejewels.com\\\/#\\\/schema\\\/logo\\\/image\\\/\"}}]}<\/script>\n<!-- \/ Yoast SEO plugin. -->","yoast_head_json":{"title":"18ct Wei\u00dfgold Diamant Wirbel Mangalsutra | Elegantes Design UK","description":"Entdecken Sie die Mangalsutra aus 18-kar\u00e4tigem Wei\u00dfgold, die mit flie\u00dfender Eleganz und funkelnden Details gefertigt wurde. Ein moderner Ausdruck der Tradition von PureJewels UK.","robots":{"index":"index","follow":"follow","max-snippet":"max-snippet:-1","max-image-preview":"max-image-preview:large","max-video-preview":"max-video-preview:-1"},"canonical":"https:\/\/www.purejewels.com\/de\/produkt-2\/18ct-weisgold-diamant-wirbel-mangalsutra-21269\/","og_locale":"de_DE","og_type":"article","og_title":"18ct White Gold Diamond Swirl Mangalsutra | Elegant Design UK","og_description":"Discover the 18ct white gold diamond swirl mangalsutra, crafted with flowing elegance and sparkling detail. A modern expression of tradition by PureJewels UK.","og_url":"https:\/\/www.purejewels.com\/de\/produkt-2\/18ct-weisgold-diamant-wirbel-mangalsutra-21269\/","og_site_name":"PureJewels UK","article_modified_time":"2026-05-11T06:50:55+00:00","og_image":[{"width":1000,"height":1000,"url":"https:\/\/static.purejewels.com\/wp-content\/uploads\/2018\/11\/477.jpg","type":"image\/jpeg"}],"twitter_card":"summary_large_image","twitter_misc":{"Gesch\u00e4tzte Lesezeit":"1\u00a0Minute"},"schema":{"@context":"https:\/\/schema.org","@graph":[{"@type":["WebPage","ItemPage"],"@id":"https:\/\/www.purejewels.com\/product\/18ct-white-gold-diamond-swirl-mangalsutra-21269\/","url":"https:\/\/www.purejewels.com\/product\/18ct-white-gold-diamond-swirl-mangalsutra-21269\/","name":"18ct Wei\u00dfgold Diamant Wirbel Mangalsutra | Elegantes Design UK","isPartOf":{"@id":"https:\/\/www.purejewels.com\/#website"},"primaryImageOfPage":{"@id":"https:\/\/www.purejewels.com\/product\/18ct-white-gold-diamond-swirl-mangalsutra-21269\/#primaryimage"},"image":{"@id":"https:\/\/www.purejewels.com\/product\/18ct-white-gold-diamond-swirl-mangalsutra-21269\/#primaryimage"},"thumbnailUrl":"https:\/\/static.purejewels.com\/wp-content\/uploads\/2018\/11\/477.jpg","datePublished":"2024-11-01T08:02:54+00:00","dateModified":"2026-05-11T06:50:55+00:00","description":"Entdecken Sie die Mangalsutra aus 18-kar\u00e4tigem Wei\u00dfgold, die mit flie\u00dfender Eleganz und funkelnden Details gefertigt wurde. Ein moderner Ausdruck der Tradition von PureJewels UK.","breadcrumb":{"@id":"https:\/\/www.purejewels.com\/product\/18ct-white-gold-diamond-swirl-mangalsutra-21269\/#breadcrumb"},"inLanguage":"de","potentialAction":[{"@type":"ReadAction","target":["https:\/\/www.purejewels.com\/product\/18ct-white-gold-diamond-swirl-mangalsutra-21269\/"]}]},{"@type":"ImageObject","inLanguage":"de","@id":"https:\/\/www.purejewels.com\/product\/18ct-white-gold-diamond-swirl-mangalsutra-21269\/#primaryimage","url":"https:\/\/static.purejewels.com\/wp-content\/uploads\/2018\/11\/477.jpg","contentUrl":"https:\/\/static.purejewels.com\/wp-content\/uploads\/2018\/11\/477.jpg","width":1000,"height":1000,"caption":"18ct White Gold Mangalsutra"},{"@type":"BreadcrumbList","@id":"https:\/\/www.purejewels.com\/product\/18ct-white-gold-diamond-swirl-mangalsutra-21269\/#breadcrumb","itemListElement":[{"@type":"ListItem","position":1,"name":"Home","item":"https:\/\/www.purejewels.com\/"},{"@type":"ListItem","position":2,"name":"Shop","item":"https:\/\/www.purejewels.com\/shop\/"},{"@type":"ListItem","position":3,"name":"18ct White Gold Diamond Swirl Mangalsutra"}]},{"@type":"WebSite","@id":"https:\/\/www.purejewels.com\/#website","url":"https:\/\/www.purejewels.com\/","name":"PureJewels UK","description":"Teile die Liebe","publisher":{"@id":"https:\/\/www.purejewels.com\/#organization"},"potentialAction":[{"@type":"SearchAction","target":{"@type":"EntryPoint","urlTemplate":"https:\/\/www.purejewels.com\/?s={search_term_string}"},"query-input":{"@type":"PropertyValueSpecification","valueRequired":true,"valueName":"search_term_string"}}],"inLanguage":"de"},{"@type":"Organization","@id":"https:\/\/www.purejewels.com\/#organization","name":"PureJewels UK","url":"https:\/\/www.purejewels.com\/","logo":{"@type":"ImageObject","inLanguage":"de","@id":"https:\/\/www.purejewels.com\/#\/schema\/logo\/image\/","url":"https:\/\/static.purejewels.com\/wp-content\/uploads\/2020\/11\/Logo-PJ-New-1.png","contentUrl":"https:\/\/static.purejewels.com\/wp-content\/uploads\/2020\/11\/Logo-PJ-New-1.png","width":150,"height":80,"caption":"PureJewels UK"},"image":{"@id":"https:\/\/www.purejewels.com\/#\/schema\/logo\/image\/"}}]}},"_links":{"self":[{"href":"https:\/\/www.purejewels.com\/de\/wp-json\/wp\/v2\/product\/305810","targetHints":{"allow":["GET"]}}],"collection":[{"href":"https:\/\/www.purejewels.com\/de\/wp-json\/wp\/v2\/product"}],"about":[{"href":"https:\/\/www.purejewels.com\/de\/wp-json\/wp\/v2\/types\/product"}],"replies":[{"embeddable":true,"href":"https:\/\/www.purejewels.com\/de\/wp-json\/wp\/v2\/comments?post=305810"}],"version-history":[{"count":3,"href":"https:\/\/www.purejewels.com\/de\/wp-json\/wp\/v2\/product\/305810\/revisions"}],"predecessor-version":[{"id":428818,"href":"https:\/\/www.purejewels.com\/de\/wp-json\/wp\/v2\/product\/305810\/revisions\/428818"}],"wp:featuredmedia":[{"embeddable":true,"href":"https:\/\/www.purejewels.com\/de\/wp-json\/wp\/v2\/media\/353122"}],"wp:attachment":[{"href":"https:\/\/www.purejewels.com\/de\/wp-json\/wp\/v2\/media?parent=305810"}],"wp:term":[{"taxonomy":"product_brand","embeddable":true,"href":"https:\/\/www.purejewels.com\/de\/wp-json\/wp\/v2\/product_brand?post=305810"},{"taxonomy":"product_cat","embeddable":true,"href":"https:\/\/www.purejewels.com\/de\/wp-json\/wp\/v2\/product_cat?post=305810"},{"taxonomy":"product_tag","embeddable":true,"href":"https:\/\/www.purejewels.com\/de\/wp-json\/wp\/v2\/product_tag?post=305810"}],"curies":[{"name":"wp","href":"https:\/\/api.w.org\/{rel}","templated":true}]}}