{"id":306891,"date":"2018-12-06T07:41:34","date_gmt":"2018-12-06T07:41:34","guid":{"rendered":"https:\/\/www.purejewels.com\/?post_type=product&#038;p=306891"},"modified":"2026-03-24T10:07:31","modified_gmt":"2026-03-24T10:07:31","slug":"22-karat-gold-brautkadaver","status":"publish","type":"product","link":"https:\/\/www.purejewels.com\/de\/product\/22-carat-gold-bridal-kada\/","title":{"rendered":"Rosetten 22ct Gold Floral Heritage Braut Kada"},"content":{"rendered":"<p>Gestaltung<br \/>\nDieses Kada aus der Rosettes-Kollektion ist von komplizierten floralen Motiven gepr\u00e4gt, die von der zeitlosen Sch\u00f6nheit der Rose inspiriert sind. Die Oberfl\u00e4che ist reich geschichtet mit skulpturalen Mustern, die nahtlos um die Form flie\u00dfen und Tiefe und Rhythmus schaffen. Die k\u00fchne Struktur wird durch die organischen Details gemildert und spiegelt ein Gleichgewicht zwischen St\u00e4rke und Raffinesse wider.<\/p>\n<p>Handwerkliches K\u00f6nnen<br \/>\nDas aus 22-kar\u00e4tigem Gold gefertigte Kada zeigt traditionelle Techniken, die durch pr\u00e4zise Details und sorgf\u00e4ltige Verarbeitung zum Leben erweckt werden. Jedes Element ist aufw\u00e4ndig geformt, um die Konsistenz und den Reichtum des gesamten Designs zu gew\u00e4hrleisten. Die Innenfl\u00e4che ist f\u00fcr einen hohen Tragekomfort glatt verarbeitet. Jedes St\u00fcck ist im Vereinigten K\u00f6nigreich gepunzt und garantiert zertifizierte Goldreinheit und zuverl\u00e4ssige Handwerkskunst.<\/p>\n<p>Styling &amp; Geschenkartikel<br \/>\nDiese Kada ist ideal f\u00fcr Hochzeiten, festliche Anl\u00e4sse und besondere Feierlichkeiten. Sie setzt ein kraftvolles Statement und bleibt dabei im traditionellen Design verwurzelt. Sie l\u00e4sst sich wunderbar mit traditioneller Kleidung kombinieren und verleiht zeitgen\u00f6ssischem Styling Tiefe. Ein bedeutungsvolles Geschenk, das handwerkliche Kultur und dauerhafte Eleganz zelebriert.<\/p>","protected":false},"excerpt":{"rendered":"<ul>\n<li>Verzierte Kada aus 22-kar\u00e4tigem Gold mit antikem Finish aus unserer Rosetten-Kollektion<\/li>\n<li>Mit Schraubr\u00fccken<\/li>\n<li>Gr\u00f6\u00dfe 2.4<\/li>\n<li>Wt. 35.2 g<\/li>\n<li>SKU.  28698<\/li>\n<li>Alle Preise inklusive Mehrwertsteuer<\/li>\n<li>Alle unsere Produkte sind vom London Assay Office gestempelt.<\/li>\n<li>Mit Pr\u00e4sentationsbox<\/li>\n<li>Lieferung inbegriffen<\/li>\n<li>Kontaktieren Sie uns \/ chatten Sie mit uns auf whatsapp, um \u00e4hnliche Antique Gold Jewellery Designs zu entdecken<\/li>\n<\/ul>","protected":false},"featured_media":307226,"comment_status":"closed","ping_status":"closed","template":"","meta":{"_eb_attr":"","_crsspst_to_jayantr4sg-hostcom":false},"product_brand":[],"product_cat":[1659,1656],"product_tag":[],"class_list":{"0":"post-306891","1":"product","2":"type-product","3":"status-publish","4":"has-post-thumbnail","6":"product_cat-bridal-and-party-wear-gold-kada-bangle","7":"product_cat-rosettes-collections","9":"first","10":"outofstock","11":"featured","12":"taxable","13":"shipping-taxable","14":"product-type-simple","15":"add-to-wishlist-before_image"},"yoast_head":"<!-- This site is optimized with the Yoast SEO plugin v27.3 - https:\/\/yoast.com\/product\/yoast-seo-wordpress\/ -->\n<title>Rosettes 22ct Gold Designer Bridal Kada | PureJewels UK<\/title>\n<meta name=\"description\" content=\"Shop the Rosettes 22ct gold kada featuring intricate floral detailing and heritage craftsmanship. Handcrafted and UK hallmarked for purity.\" \/>\n<meta name=\"robots\" content=\"index, follow, max-snippet:-1, max-image-preview:large, max-video-preview:-1\" \/>\n<link rel=\"canonical\" href=\"https:\/\/www.purejewels.com\/de\/produkt-2\/22-karat-gold-brautkadaver\/\" \/>\n<meta property=\"og:locale\" content=\"de_DE\" \/>\n<meta property=\"og:type\" content=\"article\" \/>\n<meta property=\"og:title\" content=\"Rosettes 22ct Gold Designer Bridal Kada | PureJewels UK\" \/>\n<meta property=\"og:description\" content=\"Shop the Rosettes 22ct gold kada featuring intricate floral detailing and heritage craftsmanship. Handcrafted and UK hallmarked for purity.\" \/>\n<meta property=\"og:url\" content=\"https:\/\/www.purejewels.com\/de\/produkt-2\/22-karat-gold-brautkadaver\/\" \/>\n<meta property=\"og:site_name\" content=\"PureJewels UK\" \/>\n<meta property=\"article:modified_time\" content=\"2026-03-24T10:07:31+00:00\" \/>\n<meta property=\"og:image\" content=\"https:\/\/static.purejewels.com\/wp-content\/uploads\/2018\/12\/2018-11-20-17-11-43-CIMG_0047.png\" \/>\n\t<meta property=\"og:image:width\" content=\"1000\" \/>\n\t<meta property=\"og:image:height\" content=\"1000\" \/>\n\t<meta property=\"og:image:type\" content=\"image\/png\" \/>\n<meta name=\"twitter:card\" content=\"summary_large_image\" \/>\n<meta name=\"twitter:label1\" content=\"Gesch\u00e4tzte Lesezeit\" \/>\n\t<meta name=\"twitter:data1\" content=\"1\u00a0Minute\" \/>\n<script type=\"application\/ld+json\" class=\"yoast-schema-graph\">{\"@context\":\"https:\\\/\\\/schema.org\",\"@graph\":[{\"@type\":[\"WebPage\",\"ItemPage\"],\"@id\":\"https:\\\/\\\/www.purejewels.com\\\/product\\\/22-carat-gold-bridal-kada\\\/\",\"url\":\"https:\\\/\\\/www.purejewels.com\\\/product\\\/22-carat-gold-bridal-kada\\\/\",\"name\":\"Rosettes 22ct Gold Designer Bridal Kada | PureJewels UK\",\"isPartOf\":{\"@id\":\"https:\\\/\\\/www.purejewels.com\\\/#website\"},\"primaryImageOfPage\":{\"@id\":\"https:\\\/\\\/www.purejewels.com\\\/product\\\/22-carat-gold-bridal-kada\\\/#primaryimage\"},\"image\":{\"@id\":\"https:\\\/\\\/www.purejewels.com\\\/product\\\/22-carat-gold-bridal-kada\\\/#primaryimage\"},\"thumbnailUrl\":\"https:\\\/\\\/static.purejewels.com\\\/wp-content\\\/uploads\\\/2018\\\/12\\\/2018-11-20-17-11-43-CIMG_0047.png\",\"datePublished\":\"2018-12-06T07:41:34+00:00\",\"dateModified\":\"2026-03-24T10:07:31+00:00\",\"description\":\"Shop the Rosettes 22ct gold kada featuring intricate floral detailing and heritage craftsmanship. Handcrafted and UK hallmarked for purity.\",\"breadcrumb\":{\"@id\":\"https:\\\/\\\/www.purejewels.com\\\/product\\\/22-carat-gold-bridal-kada\\\/#breadcrumb\"},\"inLanguage\":\"de\",\"potentialAction\":[{\"@type\":\"ReadAction\",\"target\":[\"https:\\\/\\\/www.purejewels.com\\\/product\\\/22-carat-gold-bridal-kada\\\/\"]}]},{\"@type\":\"ImageObject\",\"inLanguage\":\"de\",\"@id\":\"https:\\\/\\\/www.purejewels.com\\\/product\\\/22-carat-gold-bridal-kada\\\/#primaryimage\",\"url\":\"https:\\\/\\\/static.purejewels.com\\\/wp-content\\\/uploads\\\/2018\\\/12\\\/2018-11-20-17-11-43-CIMG_0047.png\",\"contentUrl\":\"https:\\\/\\\/static.purejewels.com\\\/wp-content\\\/uploads\\\/2018\\\/12\\\/2018-11-20-17-11-43-CIMG_0047.png\",\"width\":1000,\"height\":1000,\"caption\":\"2018-11-20 17-11-43 (C)IMG_0047\"},{\"@type\":\"BreadcrumbList\",\"@id\":\"https:\\\/\\\/www.purejewels.com\\\/product\\\/22-carat-gold-bridal-kada\\\/#breadcrumb\",\"itemListElement\":[{\"@type\":\"ListItem\",\"position\":1,\"name\":\"Home\",\"item\":\"https:\\\/\\\/www.purejewels.com\\\/\"},{\"@type\":\"ListItem\",\"position\":2,\"name\":\"Shop\",\"item\":\"https:\\\/\\\/www.purejewels.com\\\/shop\\\/\"},{\"@type\":\"ListItem\",\"position\":3,\"name\":\"Rosettes 22ct Gold Floral Heritage Bridal Kada\"}]},{\"@type\":\"WebSite\",\"@id\":\"https:\\\/\\\/www.purejewels.com\\\/#website\",\"url\":\"https:\\\/\\\/www.purejewels.com\\\/\",\"name\":\"PureJewels UK\",\"description\":\"Share the Love\",\"publisher\":{\"@id\":\"https:\\\/\\\/www.purejewels.com\\\/#organization\"},\"potentialAction\":[{\"@type\":\"SearchAction\",\"target\":{\"@type\":\"EntryPoint\",\"urlTemplate\":\"https:\\\/\\\/www.purejewels.com\\\/?s={search_term_string}\"},\"query-input\":{\"@type\":\"PropertyValueSpecification\",\"valueRequired\":true,\"valueName\":\"search_term_string\"}}],\"inLanguage\":\"de\"},{\"@type\":\"Organization\",\"@id\":\"https:\\\/\\\/www.purejewels.com\\\/#organization\",\"name\":\"PureJewels UK\",\"url\":\"https:\\\/\\\/www.purejewels.com\\\/\",\"logo\":{\"@type\":\"ImageObject\",\"inLanguage\":\"de\",\"@id\":\"https:\\\/\\\/www.purejewels.com\\\/#\\\/schema\\\/logo\\\/image\\\/\",\"url\":\"https:\\\/\\\/static.purejewels.com\\\/wp-content\\\/uploads\\\/2020\\\/11\\\/Logo-PJ-New-1.png\",\"contentUrl\":\"https:\\\/\\\/static.purejewels.com\\\/wp-content\\\/uploads\\\/2020\\\/11\\\/Logo-PJ-New-1.png\",\"width\":150,\"height\":80,\"caption\":\"PureJewels UK\"},\"image\":{\"@id\":\"https:\\\/\\\/www.purejewels.com\\\/#\\\/schema\\\/logo\\\/image\\\/\"}}]}<\/script>\n<!-- \/ Yoast SEO plugin. -->","yoast_head_json":{"title":"Rosetten 22ct Gold Designer Braut Kada | PureJewels UK","description":"Shoppen Sie die Rosettes 22ct gold kada mit komplizierten floralen Details und traditioneller Handwerkskunst. Handgefertigt und in Gro\u00dfbritannien f\u00fcr Reinheit gepunzt.","robots":{"index":"index","follow":"follow","max-snippet":"max-snippet:-1","max-image-preview":"max-image-preview:large","max-video-preview":"max-video-preview:-1"},"canonical":"https:\/\/www.purejewels.com\/de\/produkt-2\/22-karat-gold-brautkadaver\/","og_locale":"de_DE","og_type":"article","og_title":"Rosettes 22ct Gold Designer Bridal Kada | PureJewels UK","og_description":"Shop the Rosettes 22ct gold kada featuring intricate floral detailing and heritage craftsmanship. Handcrafted and UK hallmarked for purity.","og_url":"https:\/\/www.purejewels.com\/de\/produkt-2\/22-karat-gold-brautkadaver\/","og_site_name":"PureJewels UK","article_modified_time":"2026-03-24T10:07:31+00:00","og_image":[{"width":1000,"height":1000,"url":"https:\/\/static.purejewels.com\/wp-content\/uploads\/2018\/12\/2018-11-20-17-11-43-CIMG_0047.png","type":"image\/png"}],"twitter_card":"summary_large_image","twitter_misc":{"Gesch\u00e4tzte Lesezeit":"1\u00a0Minute"},"schema":{"@context":"https:\/\/schema.org","@graph":[{"@type":["WebPage","ItemPage"],"@id":"https:\/\/www.purejewels.com\/product\/22-carat-gold-bridal-kada\/","url":"https:\/\/www.purejewels.com\/product\/22-carat-gold-bridal-kada\/","name":"Rosetten 22ct Gold Designer Braut Kada | PureJewels UK","isPartOf":{"@id":"https:\/\/www.purejewels.com\/#website"},"primaryImageOfPage":{"@id":"https:\/\/www.purejewels.com\/product\/22-carat-gold-bridal-kada\/#primaryimage"},"image":{"@id":"https:\/\/www.purejewels.com\/product\/22-carat-gold-bridal-kada\/#primaryimage"},"thumbnailUrl":"https:\/\/static.purejewels.com\/wp-content\/uploads\/2018\/12\/2018-11-20-17-11-43-CIMG_0047.png","datePublished":"2018-12-06T07:41:34+00:00","dateModified":"2026-03-24T10:07:31+00:00","description":"Shoppen Sie die Rosettes 22ct gold kada mit komplizierten floralen Details und traditioneller Handwerkskunst. Handgefertigt und in Gro\u00dfbritannien f\u00fcr Reinheit gepunzt.","breadcrumb":{"@id":"https:\/\/www.purejewels.com\/product\/22-carat-gold-bridal-kada\/#breadcrumb"},"inLanguage":"de","potentialAction":[{"@type":"ReadAction","target":["https:\/\/www.purejewels.com\/product\/22-carat-gold-bridal-kada\/"]}]},{"@type":"ImageObject","inLanguage":"de","@id":"https:\/\/www.purejewels.com\/product\/22-carat-gold-bridal-kada\/#primaryimage","url":"https:\/\/static.purejewels.com\/wp-content\/uploads\/2018\/12\/2018-11-20-17-11-43-CIMG_0047.png","contentUrl":"https:\/\/static.purejewels.com\/wp-content\/uploads\/2018\/12\/2018-11-20-17-11-43-CIMG_0047.png","width":1000,"height":1000,"caption":"2018-11-20 17-11-43 (C)IMG_0047"},{"@type":"BreadcrumbList","@id":"https:\/\/www.purejewels.com\/product\/22-carat-gold-bridal-kada\/#breadcrumb","itemListElement":[{"@type":"ListItem","position":1,"name":"Home","item":"https:\/\/www.purejewels.com\/"},{"@type":"ListItem","position":2,"name":"Shop","item":"https:\/\/www.purejewels.com\/shop\/"},{"@type":"ListItem","position":3,"name":"Rosettes 22ct Gold Floral Heritage Bridal Kada"}]},{"@type":"WebSite","@id":"https:\/\/www.purejewels.com\/#website","url":"https:\/\/www.purejewels.com\/","name":"PureJewels UK","description":"Teile die Liebe","publisher":{"@id":"https:\/\/www.purejewels.com\/#organization"},"potentialAction":[{"@type":"SearchAction","target":{"@type":"EntryPoint","urlTemplate":"https:\/\/www.purejewels.com\/?s={search_term_string}"},"query-input":{"@type":"PropertyValueSpecification","valueRequired":true,"valueName":"search_term_string"}}],"inLanguage":"de"},{"@type":"Organization","@id":"https:\/\/www.purejewels.com\/#organization","name":"PureJewels UK","url":"https:\/\/www.purejewels.com\/","logo":{"@type":"ImageObject","inLanguage":"de","@id":"https:\/\/www.purejewels.com\/#\/schema\/logo\/image\/","url":"https:\/\/static.purejewels.com\/wp-content\/uploads\/2020\/11\/Logo-PJ-New-1.png","contentUrl":"https:\/\/static.purejewels.com\/wp-content\/uploads\/2020\/11\/Logo-PJ-New-1.png","width":150,"height":80,"caption":"PureJewels UK"},"image":{"@id":"https:\/\/www.purejewels.com\/#\/schema\/logo\/image\/"}}]}},"_links":{"self":[{"href":"https:\/\/www.purejewels.com\/de\/wp-json\/wp\/v2\/product\/306891","targetHints":{"allow":["GET"]}}],"collection":[{"href":"https:\/\/www.purejewels.com\/de\/wp-json\/wp\/v2\/product"}],"about":[{"href":"https:\/\/www.purejewels.com\/de\/wp-json\/wp\/v2\/types\/product"}],"replies":[{"embeddable":true,"href":"https:\/\/www.purejewels.com\/de\/wp-json\/wp\/v2\/comments?post=306891"}],"version-history":[{"count":2,"href":"https:\/\/www.purejewels.com\/de\/wp-json\/wp\/v2\/product\/306891\/revisions"}],"predecessor-version":[{"id":427532,"href":"https:\/\/www.purejewels.com\/de\/wp-json\/wp\/v2\/product\/306891\/revisions\/427532"}],"wp:featuredmedia":[{"embeddable":true,"href":"https:\/\/www.purejewels.com\/de\/wp-json\/wp\/v2\/media\/307226"}],"wp:attachment":[{"href":"https:\/\/www.purejewels.com\/de\/wp-json\/wp\/v2\/media?parent=306891"}],"wp:term":[{"taxonomy":"product_brand","embeddable":true,"href":"https:\/\/www.purejewels.com\/de\/wp-json\/wp\/v2\/product_brand?post=306891"},{"taxonomy":"product_cat","embeddable":true,"href":"https:\/\/www.purejewels.com\/de\/wp-json\/wp\/v2\/product_cat?post=306891"},{"taxonomy":"product_tag","embeddable":true,"href":"https:\/\/www.purejewels.com\/de\/wp-json\/wp\/v2\/product_tag?post=306891"}],"curies":[{"name":"wp","href":"https:\/\/api.w.org\/{rel}","templated":true}]}}