{"id":306983,"date":"2018-12-12T06:38:50","date_gmt":"2018-12-12T06:38:50","guid":{"rendered":"https:\/\/www.purejewels.com\/?post_type=product&#038;p=306983"},"modified":"2026-01-19T11:02:44","modified_gmt":"2026-01-19T11:02:44","slug":"22-karat-gold-kada-mit-antikem-finish-2","status":"publish","type":"product","link":"https:\/\/www.purejewels.com\/de\/product\/22-karat-gold-kada-with-antique-finish-2\/","title":{"rendered":"22 Karat Gold verzierter Armreif \u2013 Rosetten im Antik-Finish"},"content":{"rendered":"<p>Treten Sie ein in eine Welt voller traditioneller Eleganz mit diesem verzierten Armreif aus 22 Karat Gold, der sorgf\u00e4ltig aus unserer charakteristischen Rosetten-Kollektion gefertigt wurde. Inspiriert von Blumenmotiven und der Sch\u00f6nheit nat\u00fcrlicher Formen, zelebriert dieses Meisterwerk Design, Tradition und best\u00e4ndige Handwerkskunst.<\/p>\n<p>Jede Bl\u00fcte und jede Flechte wurde mit der Pr\u00e4zision einer Stanzform von Hand geformt und bildet so ein goldenes Gewebe, das Tiefe und Geschichtenerz\u00e4hlen ausstrahlt. Die antike Oberfl\u00e4che verleiht dem Armreif einen ged\u00e4mpften Glanz, der seinen Vintage-Charme unterstreicht und ein Gef\u00fchl von zeitloser Anmut hervorruft. Sein innerer Rand ist mit einem filigranen Gitter verziert, das an die Architektur der Moguln erinnert und f\u00fcr ein leichtes und dennoch opulentes Tragegef\u00fchl sorgt.<\/p>\n<p>Eine sichere Schraubverschlussbefestigung sorgt f\u00fcr einen bequemen und sicheren Tragekomfort, ideal f\u00fcr feierliche Anl\u00e4sse oder als Erbst\u00fcckgeschenk.<\/p>","protected":false},"excerpt":{"rendered":"<p>Ein edler Armreif aus 22 Karat Gold aus unserer Rosettes-Kollektion, aufwendig von Hand mit Blumenmotiven verziert und mit einer antiken Textur versehen. Zeitlose Kunstfertigkeit mit sicherem Schraubverschluss.<\/p>\n<ul>\n<li>Verzierter Armreif aus 22 Karat Gold mit Antik-Finish aus unserer Kollektion Rosetten<\/li>\n<li>Mit Schraubr\u00fccken<\/li>\n<li>Wt. 41.8 gms<\/li>\n<li>SKU. 30913<\/li>\n<li>Kann auf Bestellung in allen Gr\u00f6\u00dfen hergestellt werden<\/li>\n<li>Alle Preise inklusive Mehrwertsteuer<\/li>\n<li>Alle unsere Produkte sind vom London Assay Office gestempelt.<\/li>\n<li>Mit Pr\u00e4sentationsbox<\/li>\n<li>Lieferung inbegriffen<\/li>\n<li>Kontaktieren Sie uns \/ chatten Sie mit uns f\u00fcr ein Live-Video des Produkts<\/li>\n<\/ul>","protected":false},"featured_media":310986,"comment_status":"closed","ping_status":"closed","template":"","meta":{"_eb_attr":"","_crsspst_to_jayantr4sg-hostcom":false},"product_brand":[],"product_cat":[1233,1229,5271,5273,1656,1657],"product_tag":[],"class_list":{"0":"post-306983","1":"product","2":"type-product","3":"status-publish","4":"has-post-thumbnail","6":"product_cat-gold-bangles","7":"product_cat-22ct-gold-jewellery","8":"product_cat-occasion-wear-bangles","9":"product_cat-22ct-gold-poncha-bracelet","10":"product_cat-rosettes-collections","11":"product_cat-single-bangle","13":"first","14":"onbackorder","15":"taxable","16":"shipping-taxable","17":"product-type-simple","18":"add-to-wishlist-before_image"},"yoast_head":"<!-- This site is optimized with the Yoast SEO plugin v27.3 - https:\/\/yoast.com\/product\/yoast-seo-wordpress\/ -->\n<title>22ct Gold Ornate Bangle | Antique Finish | Rosettes Collection<\/title>\n<meta name=\"description\" content=\"Explore the Rosettes Collection with this 22ct Gold Ornate Bangle. Antique-finished and masterfully handcrafted with floral motifs and a secure screw back clasp.\" \/>\n<meta name=\"robots\" content=\"index, follow, max-snippet:-1, max-image-preview:large, max-video-preview:-1\" \/>\n<link rel=\"canonical\" href=\"https:\/\/www.purejewels.com\/de\/produkt-2\/22-karat-gold-kada-mit-antikem-finish-2\/\" \/>\n<meta property=\"og:locale\" content=\"de_DE\" \/>\n<meta property=\"og:type\" content=\"article\" \/>\n<meta property=\"og:title\" content=\"22ct Gold Ornate Bangle | Antique Finish | Rosettes Collection\" \/>\n<meta property=\"og:description\" content=\"Explore the Rosettes Collection with this 22ct Gold Ornate Bangle. Antique-finished and masterfully handcrafted with floral motifs and a secure screw back clasp.\" \/>\n<meta property=\"og:url\" content=\"https:\/\/www.purejewels.com\/de\/produkt-2\/22-karat-gold-kada-mit-antikem-finish-2\/\" \/>\n<meta property=\"og:site_name\" content=\"PureJewels UK\" \/>\n<meta property=\"article:modified_time\" content=\"2026-01-19T11:02:44+00:00\" \/>\n<meta property=\"og:image\" content=\"https:\/\/static.purejewels.com\/wp-content\/uploads\/2018\/12\/30913_001-1.jpg\" \/>\n\t<meta property=\"og:image:width\" content=\"1000\" \/>\n\t<meta property=\"og:image:height\" content=\"1000\" \/>\n\t<meta property=\"og:image:type\" content=\"image\/jpeg\" \/>\n<meta name=\"twitter:card\" content=\"summary_large_image\" \/>\n<meta name=\"twitter:label1\" content=\"Gesch\u00e4tzte Lesezeit\" \/>\n\t<meta name=\"twitter:data1\" content=\"1\u00a0Minute\" \/>\n<script type=\"application\/ld+json\" class=\"yoast-schema-graph\">{\"@context\":\"https:\\\/\\\/schema.org\",\"@graph\":[{\"@type\":[\"WebPage\",\"ItemPage\"],\"@id\":\"https:\\\/\\\/www.purejewels.com\\\/product\\\/22-karat-gold-kada-with-antique-finish-2\\\/\",\"url\":\"https:\\\/\\\/www.purejewels.com\\\/product\\\/22-karat-gold-kada-with-antique-finish-2\\\/\",\"name\":\"22ct Gold Ornate Bangle | Antique Finish | Rosettes Collection\",\"isPartOf\":{\"@id\":\"https:\\\/\\\/www.purejewels.com\\\/#website\"},\"primaryImageOfPage\":{\"@id\":\"https:\\\/\\\/www.purejewels.com\\\/product\\\/22-karat-gold-kada-with-antique-finish-2\\\/#primaryimage\"},\"image\":{\"@id\":\"https:\\\/\\\/www.purejewels.com\\\/product\\\/22-karat-gold-kada-with-antique-finish-2\\\/#primaryimage\"},\"thumbnailUrl\":\"https:\\\/\\\/static.purejewels.com\\\/wp-content\\\/uploads\\\/2018\\\/12\\\/30913_001-1.jpg\",\"datePublished\":\"2018-12-12T06:38:50+00:00\",\"dateModified\":\"2026-01-19T11:02:44+00:00\",\"description\":\"Explore the Rosettes Collection with this 22ct Gold Ornate Bangle. Antique-finished and masterfully handcrafted with floral motifs and a secure screw back clasp.\",\"breadcrumb\":{\"@id\":\"https:\\\/\\\/www.purejewels.com\\\/product\\\/22-karat-gold-kada-with-antique-finish-2\\\/#breadcrumb\"},\"inLanguage\":\"de\",\"potentialAction\":[{\"@type\":\"ReadAction\",\"target\":[\"https:\\\/\\\/www.purejewels.com\\\/product\\\/22-karat-gold-kada-with-antique-finish-2\\\/\"]}]},{\"@type\":\"ImageObject\",\"inLanguage\":\"de\",\"@id\":\"https:\\\/\\\/www.purejewels.com\\\/product\\\/22-karat-gold-kada-with-antique-finish-2\\\/#primaryimage\",\"url\":\"https:\\\/\\\/static.purejewels.com\\\/wp-content\\\/uploads\\\/2018\\\/12\\\/30913_001-1.jpg\",\"contentUrl\":\"https:\\\/\\\/static.purejewels.com\\\/wp-content\\\/uploads\\\/2018\\\/12\\\/30913_001-1.jpg\",\"width\":1000,\"height\":1000,\"caption\":\"30913_001-1\"},{\"@type\":\"BreadcrumbList\",\"@id\":\"https:\\\/\\\/www.purejewels.com\\\/product\\\/22-karat-gold-kada-with-antique-finish-2\\\/#breadcrumb\",\"itemListElement\":[{\"@type\":\"ListItem\",\"position\":1,\"name\":\"Home\",\"item\":\"https:\\\/\\\/www.purejewels.com\\\/\"},{\"@type\":\"ListItem\",\"position\":2,\"name\":\"Shop\",\"item\":\"https:\\\/\\\/www.purejewels.com\\\/shop\\\/\"},{\"@type\":\"ListItem\",\"position\":3,\"name\":\"22ct Gold Ornate Bangle \u2013 Rosettes Antique Finish\"}]},{\"@type\":\"WebSite\",\"@id\":\"https:\\\/\\\/www.purejewels.com\\\/#website\",\"url\":\"https:\\\/\\\/www.purejewels.com\\\/\",\"name\":\"PureJewels UK\",\"description\":\"Share the Love\",\"publisher\":{\"@id\":\"https:\\\/\\\/www.purejewels.com\\\/#organization\"},\"potentialAction\":[{\"@type\":\"SearchAction\",\"target\":{\"@type\":\"EntryPoint\",\"urlTemplate\":\"https:\\\/\\\/www.purejewels.com\\\/?s={search_term_string}\"},\"query-input\":{\"@type\":\"PropertyValueSpecification\",\"valueRequired\":true,\"valueName\":\"search_term_string\"}}],\"inLanguage\":\"de\"},{\"@type\":\"Organization\",\"@id\":\"https:\\\/\\\/www.purejewels.com\\\/#organization\",\"name\":\"PureJewels UK\",\"url\":\"https:\\\/\\\/www.purejewels.com\\\/\",\"logo\":{\"@type\":\"ImageObject\",\"inLanguage\":\"de\",\"@id\":\"https:\\\/\\\/www.purejewels.com\\\/#\\\/schema\\\/logo\\\/image\\\/\",\"url\":\"https:\\\/\\\/static.purejewels.com\\\/wp-content\\\/uploads\\\/2020\\\/11\\\/Logo-PJ-New-1.png\",\"contentUrl\":\"https:\\\/\\\/static.purejewels.com\\\/wp-content\\\/uploads\\\/2020\\\/11\\\/Logo-PJ-New-1.png\",\"width\":150,\"height\":80,\"caption\":\"PureJewels UK\"},\"image\":{\"@id\":\"https:\\\/\\\/www.purejewels.com\\\/#\\\/schema\\\/logo\\\/image\\\/\"}}]}<\/script>\n<!-- \/ Yoast SEO plugin. -->","yoast_head_json":{"title":"22 Karat Gold verzierter Armreif | Antik-Finish | Rosetten-Kollektion","description":"Entdecken Sie die Rosettes-Kollektion mit diesem verzierten Armreif aus 22 Karat Gold. Mit Antik-Finish und meisterhaft handgefertigt mit Blumenmotiven und einem sicheren Schraubverschluss.","robots":{"index":"index","follow":"follow","max-snippet":"max-snippet:-1","max-image-preview":"max-image-preview:large","max-video-preview":"max-video-preview:-1"},"canonical":"https:\/\/www.purejewels.com\/de\/produkt-2\/22-karat-gold-kada-mit-antikem-finish-2\/","og_locale":"de_DE","og_type":"article","og_title":"22ct Gold Ornate Bangle | Antique Finish | Rosettes Collection","og_description":"Explore the Rosettes Collection with this 22ct Gold Ornate Bangle. Antique-finished and masterfully handcrafted with floral motifs and a secure screw back clasp.","og_url":"https:\/\/www.purejewels.com\/de\/produkt-2\/22-karat-gold-kada-mit-antikem-finish-2\/","og_site_name":"PureJewels UK","article_modified_time":"2026-01-19T11:02:44+00:00","og_image":[{"width":1000,"height":1000,"url":"https:\/\/static.purejewels.com\/wp-content\/uploads\/2018\/12\/30913_001-1.jpg","type":"image\/jpeg"}],"twitter_card":"summary_large_image","twitter_misc":{"Gesch\u00e4tzte Lesezeit":"1\u00a0Minute"},"schema":{"@context":"https:\/\/schema.org","@graph":[{"@type":["WebPage","ItemPage"],"@id":"https:\/\/www.purejewels.com\/product\/22-karat-gold-kada-with-antique-finish-2\/","url":"https:\/\/www.purejewels.com\/product\/22-karat-gold-kada-with-antique-finish-2\/","name":"22 Karat Gold verzierter Armreif | Antik-Finish | Rosetten-Kollektion","isPartOf":{"@id":"https:\/\/www.purejewels.com\/#website"},"primaryImageOfPage":{"@id":"https:\/\/www.purejewels.com\/product\/22-karat-gold-kada-with-antique-finish-2\/#primaryimage"},"image":{"@id":"https:\/\/www.purejewels.com\/product\/22-karat-gold-kada-with-antique-finish-2\/#primaryimage"},"thumbnailUrl":"https:\/\/static.purejewels.com\/wp-content\/uploads\/2018\/12\/30913_001-1.jpg","datePublished":"2018-12-12T06:38:50+00:00","dateModified":"2026-01-19T11:02:44+00:00","description":"Entdecken Sie die Rosettes-Kollektion mit diesem verzierten Armreif aus 22 Karat Gold. Mit Antik-Finish und meisterhaft handgefertigt mit Blumenmotiven und einem sicheren Schraubverschluss.","breadcrumb":{"@id":"https:\/\/www.purejewels.com\/product\/22-karat-gold-kada-with-antique-finish-2\/#breadcrumb"},"inLanguage":"de","potentialAction":[{"@type":"ReadAction","target":["https:\/\/www.purejewels.com\/product\/22-karat-gold-kada-with-antique-finish-2\/"]}]},{"@type":"ImageObject","inLanguage":"de","@id":"https:\/\/www.purejewels.com\/product\/22-karat-gold-kada-with-antique-finish-2\/#primaryimage","url":"https:\/\/static.purejewels.com\/wp-content\/uploads\/2018\/12\/30913_001-1.jpg","contentUrl":"https:\/\/static.purejewels.com\/wp-content\/uploads\/2018\/12\/30913_001-1.jpg","width":1000,"height":1000,"caption":"30913_001-1"},{"@type":"BreadcrumbList","@id":"https:\/\/www.purejewels.com\/product\/22-karat-gold-kada-with-antique-finish-2\/#breadcrumb","itemListElement":[{"@type":"ListItem","position":1,"name":"Home","item":"https:\/\/www.purejewels.com\/"},{"@type":"ListItem","position":2,"name":"Shop","item":"https:\/\/www.purejewels.com\/shop\/"},{"@type":"ListItem","position":3,"name":"22ct Gold Ornate Bangle \u2013 Rosettes Antique Finish"}]},{"@type":"WebSite","@id":"https:\/\/www.purejewels.com\/#website","url":"https:\/\/www.purejewels.com\/","name":"PureJewels UK","description":"Teile die Liebe","publisher":{"@id":"https:\/\/www.purejewels.com\/#organization"},"potentialAction":[{"@type":"SearchAction","target":{"@type":"EntryPoint","urlTemplate":"https:\/\/www.purejewels.com\/?s={search_term_string}"},"query-input":{"@type":"PropertyValueSpecification","valueRequired":true,"valueName":"search_term_string"}}],"inLanguage":"de"},{"@type":"Organization","@id":"https:\/\/www.purejewels.com\/#organization","name":"PureJewels UK","url":"https:\/\/www.purejewels.com\/","logo":{"@type":"ImageObject","inLanguage":"de","@id":"https:\/\/www.purejewels.com\/#\/schema\/logo\/image\/","url":"https:\/\/static.purejewels.com\/wp-content\/uploads\/2020\/11\/Logo-PJ-New-1.png","contentUrl":"https:\/\/static.purejewels.com\/wp-content\/uploads\/2020\/11\/Logo-PJ-New-1.png","width":150,"height":80,"caption":"PureJewels UK"},"image":{"@id":"https:\/\/www.purejewels.com\/#\/schema\/logo\/image\/"}}]}},"_links":{"self":[{"href":"https:\/\/www.purejewels.com\/de\/wp-json\/wp\/v2\/product\/306983","targetHints":{"allow":["GET"]}}],"collection":[{"href":"https:\/\/www.purejewels.com\/de\/wp-json\/wp\/v2\/product"}],"about":[{"href":"https:\/\/www.purejewels.com\/de\/wp-json\/wp\/v2\/types\/product"}],"replies":[{"embeddable":true,"href":"https:\/\/www.purejewels.com\/de\/wp-json\/wp\/v2\/comments?post=306983"}],"version-history":[{"count":3,"href":"https:\/\/www.purejewels.com\/de\/wp-json\/wp\/v2\/product\/306983\/revisions"}],"predecessor-version":[{"id":423392,"href":"https:\/\/www.purejewels.com\/de\/wp-json\/wp\/v2\/product\/306983\/revisions\/423392"}],"wp:featuredmedia":[{"embeddable":true,"href":"https:\/\/www.purejewels.com\/de\/wp-json\/wp\/v2\/media\/310986"}],"wp:attachment":[{"href":"https:\/\/www.purejewels.com\/de\/wp-json\/wp\/v2\/media?parent=306983"}],"wp:term":[{"taxonomy":"product_brand","embeddable":true,"href":"https:\/\/www.purejewels.com\/de\/wp-json\/wp\/v2\/product_brand?post=306983"},{"taxonomy":"product_cat","embeddable":true,"href":"https:\/\/www.purejewels.com\/de\/wp-json\/wp\/v2\/product_cat?post=306983"},{"taxonomy":"product_tag","embeddable":true,"href":"https:\/\/www.purejewels.com\/de\/wp-json\/wp\/v2\/product_tag?post=306983"}],"curies":[{"name":"wp","href":"https:\/\/api.w.org\/{rel}","templated":true}]}}