{"id":307008,"date":"2018-12-22T09:27:34","date_gmt":"2018-12-22T09:27:34","guid":{"rendered":"https:\/\/www.purejewels.com\/?post_type=product&#038;p=307008"},"modified":"2026-01-06T06:53:26","modified_gmt":"2026-01-06T06:53:26","slug":"ohrring-aus-22-karat-gold-mit-antikem-finish-32103","status":"publish","type":"product","link":"https:\/\/www.purejewels.com\/de\/product\/22-carat-gold-earring-with-antique-finish-32103\/","title":{"rendered":"Traditionelle Jhumka-Ohrringe aus 22 Karat Gold mit Blumenmuster"},"content":{"rendered":"<h3 data-start=\"610\" data-end=\"624\"><strong data-start=\"614\" data-end=\"624\">Gestaltung<\/strong><\/h3>\n<p data-start=\"625\" data-end=\"932\">Diese floralen Jhumka-Ohrringe zelebrieren einen zeitlosen traditionellen Stil mit einem wundersch\u00f6n geformten Blumenmotiv, das in eine klassische Kuppelsilhouette \u00fcbergeht. Die kaskadenf\u00f6rmig angeordneten Perlen sorgen f\u00fcr eine sanfte Bewegung und verleihen den Ohrringen einen anmutigen und festlichen Look. Das antike Finish unterstreicht die handgefertigte Textur und verleiht jedem St\u00fcck den Charme eines Erbst\u00fccks.<\/p>\n<h3 data-start=\"934\" data-end=\"955\"><strong data-start=\"938\" data-end=\"955\">Handwerkliches K\u00f6nnen<\/strong><\/h3>\n<p data-start=\"956\" data-end=\"1280\">Jede Jhumka-Ohrring ist fachm\u00e4nnisch aus hochreinem 22-kar\u00e4tigem Gold handgefertigt und besticht durch aufwendige Details, die mit traditionellen, \u00fcber Generationen weitergegebenen Techniken hergestellt wurden. Die mehrschichtigen Elemente sind pr\u00e4zise zusammengesetzt, um Haltbarkeit und Ausgewogenheit zu gew\u00e4hrleisten. Jedes Paar tr\u00e4gt ein britisches Punzzeichen, das die Reinheit des Goldes und die hervorragende Handwerkskunst best\u00e4tigt.<\/p>\n<h3 data-start=\"1282\" data-end=\"1307\"><strong data-start=\"1286\" data-end=\"1307\">Styling &amp; Geschenkartikel<\/strong><\/h3>\n<p data-start=\"1308\" data-end=\"1554\">Diese Jhumkas eignen sich perfekt f\u00fcr Hochzeiten, Festivals und liebevolle Familienfeiern und lassen sich m\u00fchelos mit Saris, Lehengas und eleganter traditioneller Kleidung kombinieren. Als durchdachtes Geschenk f\u00fcr bedeutende Momente sind sie dazu bestimmt, in Ehren gehalten und mit Liebe weitergegeben zu werden.<\/p>","protected":false},"excerpt":{"rendered":"<p>Traditionelle 22-kar\u00e4tige Gold-Jhumkas mit Blumenmuster, handgefertigt mit antiken Details und vollst\u00e4ndig in Gro\u00dfbritannien punziert.<\/p>\n<ul>\n<li>22 Karat Gold-Ohrring mit antikem Finish<\/li>\n<li>Wt. 30.6 gms<\/li>\n<li>SKU. 32103<\/li>\n<li>Alle Preise inklusive Mehrwertsteuer<\/li>\n<li>22ct Gold gestempelt von London Assay Office<\/li>\n<li>Mit Pr\u00e4sentationsbox<\/li>\n<li>Lieferung inbegriffen<\/li>\n<li>Live-Chat mit uns f\u00fcr die Verf\u00fcgbarkeit und mehr Bilder von \u00e4hnlichen Designs derzeit auf Lager<\/li>\n<\/ul>","protected":false},"featured_media":315423,"comment_status":"closed","ping_status":"closed","template":"","meta":{"_eb_attr":"","_crsspst_to_jayantr4sg-hostcom":false},"product_brand":[],"product_cat":[1625,236,1254,1229,1578,1656,1573,1574],"product_tag":[],"class_list":{"0":"post-307008","1":"product","2":"type-product","3":"status-publish","4":"has-post-thumbnail","6":"product_cat-bridal-set","7":"product_cat-collections","8":"product_cat-gold-earrings","9":"product_cat-22ct-gold-jewellery","10":"product_cat-jhumkha-earrings","11":"product_cat-rosettes-collections","12":"product_cat-wedding-gifts","13":"product_cat-womens-jewellery","15":"first","16":"outofstock","17":"taxable","18":"shipping-taxable","19":"product-type-simple","20":"add-to-wishlist-before_image"},"yoast_head":"<!-- This site is optimized with the Yoast SEO plugin v27.3 - https:\/\/yoast.com\/product\/yoast-seo-wordpress\/ -->\n<title>Heritage Floral Jhumkas in 22ct Gold | PureJewels UK<\/title>\n<meta name=\"description\" content=\"Traditional 22ct gold floral jhumka earrings with handcrafted detailing and UK hallmarking. Perfect for weddings, celebrations and cherished gifting.\" \/>\n<meta name=\"robots\" content=\"index, follow, max-snippet:-1, max-image-preview:large, max-video-preview:-1\" \/>\n<link rel=\"canonical\" href=\"https:\/\/www.purejewels.com\/de\/produkt-2\/ohrring-aus-22-karat-gold-mit-antikem-finish-32103\/\" \/>\n<meta property=\"og:locale\" content=\"de_DE\" \/>\n<meta property=\"og:type\" content=\"article\" \/>\n<meta property=\"og:title\" content=\"Heritage Floral Jhumkas in 22ct Gold | PureJewels UK\" \/>\n<meta property=\"og:description\" content=\"Traditional 22ct gold floral jhumka earrings with handcrafted detailing and UK hallmarking. Perfect for weddings, celebrations and cherished gifting.\" \/>\n<meta property=\"og:url\" content=\"https:\/\/www.purejewels.com\/de\/produkt-2\/ohrring-aus-22-karat-gold-mit-antikem-finish-32103\/\" \/>\n<meta property=\"og:site_name\" content=\"PureJewels UK\" \/>\n<meta property=\"article:modified_time\" content=\"2026-01-06T06:53:26+00:00\" \/>\n<meta property=\"og:image\" content=\"https:\/\/static.purejewels.com\/wp-content\/uploads\/2020\/06\/image175175588-1.jpg\" \/>\n\t<meta property=\"og:image:width\" content=\"1000\" \/>\n\t<meta property=\"og:image:height\" content=\"1000\" \/>\n\t<meta property=\"og:image:type\" content=\"image\/jpeg\" \/>\n<meta name=\"twitter:card\" content=\"summary_large_image\" \/>\n<meta name=\"twitter:label1\" content=\"Gesch\u00e4tzte Lesezeit\" \/>\n\t<meta name=\"twitter:data1\" content=\"1\u00a0Minute\" \/>\n<script type=\"application\/ld+json\" class=\"yoast-schema-graph\">{\"@context\":\"https:\\\/\\\/schema.org\",\"@graph\":[{\"@type\":[\"WebPage\",\"ItemPage\"],\"@id\":\"https:\\\/\\\/www.purejewels.com\\\/product\\\/22-carat-gold-earring-with-antique-finish-32103\\\/\",\"url\":\"https:\\\/\\\/www.purejewels.com\\\/product\\\/22-carat-gold-earring-with-antique-finish-32103\\\/\",\"name\":\"Heritage Floral Jhumkas in 22ct Gold | PureJewels UK\",\"isPartOf\":{\"@id\":\"https:\\\/\\\/www.purejewels.com\\\/#website\"},\"primaryImageOfPage\":{\"@id\":\"https:\\\/\\\/www.purejewels.com\\\/product\\\/22-carat-gold-earring-with-antique-finish-32103\\\/#primaryimage\"},\"image\":{\"@id\":\"https:\\\/\\\/www.purejewels.com\\\/product\\\/22-carat-gold-earring-with-antique-finish-32103\\\/#primaryimage\"},\"thumbnailUrl\":\"https:\\\/\\\/static.purejewels.com\\\/wp-content\\\/uploads\\\/2020\\\/06\\\/image175175588-1.jpg\",\"datePublished\":\"2018-12-22T09:27:34+00:00\",\"dateModified\":\"2026-01-06T06:53:26+00:00\",\"description\":\"Traditional 22ct gold floral jhumka earrings with handcrafted detailing and UK hallmarking. Perfect for weddings, celebrations and cherished gifting.\",\"breadcrumb\":{\"@id\":\"https:\\\/\\\/www.purejewels.com\\\/product\\\/22-carat-gold-earring-with-antique-finish-32103\\\/#breadcrumb\"},\"inLanguage\":\"de\",\"potentialAction\":[{\"@type\":\"ReadAction\",\"target\":[\"https:\\\/\\\/www.purejewels.com\\\/product\\\/22-carat-gold-earring-with-antique-finish-32103\\\/\"]}]},{\"@type\":\"ImageObject\",\"inLanguage\":\"de\",\"@id\":\"https:\\\/\\\/www.purejewels.com\\\/product\\\/22-carat-gold-earring-with-antique-finish-32103\\\/#primaryimage\",\"url\":\"https:\\\/\\\/static.purejewels.com\\\/wp-content\\\/uploads\\\/2020\\\/06\\\/image175175588-1.jpg\",\"contentUrl\":\"https:\\\/\\\/static.purejewels.com\\\/wp-content\\\/uploads\\\/2020\\\/06\\\/image175175588-1.jpg\",\"width\":1000,\"height\":1000,\"caption\":\"Rosettes 22ct Antique Heavy Jumkha Earring RSER031\"},{\"@type\":\"BreadcrumbList\",\"@id\":\"https:\\\/\\\/www.purejewels.com\\\/product\\\/22-carat-gold-earring-with-antique-finish-32103\\\/#breadcrumb\",\"itemListElement\":[{\"@type\":\"ListItem\",\"position\":1,\"name\":\"Home\",\"item\":\"https:\\\/\\\/www.purejewels.com\\\/\"},{\"@type\":\"ListItem\",\"position\":2,\"name\":\"Shop\",\"item\":\"https:\\\/\\\/www.purejewels.com\\\/shop\\\/\"},{\"@type\":\"ListItem\",\"position\":3,\"name\":\"22ct Gold Traditional Floral Jhumka Earrings\"}]},{\"@type\":\"WebSite\",\"@id\":\"https:\\\/\\\/www.purejewels.com\\\/#website\",\"url\":\"https:\\\/\\\/www.purejewels.com\\\/\",\"name\":\"PureJewels UK\",\"description\":\"Share the Love\",\"publisher\":{\"@id\":\"https:\\\/\\\/www.purejewels.com\\\/#organization\"},\"potentialAction\":[{\"@type\":\"SearchAction\",\"target\":{\"@type\":\"EntryPoint\",\"urlTemplate\":\"https:\\\/\\\/www.purejewels.com\\\/?s={search_term_string}\"},\"query-input\":{\"@type\":\"PropertyValueSpecification\",\"valueRequired\":true,\"valueName\":\"search_term_string\"}}],\"inLanguage\":\"de\"},{\"@type\":\"Organization\",\"@id\":\"https:\\\/\\\/www.purejewels.com\\\/#organization\",\"name\":\"PureJewels UK\",\"url\":\"https:\\\/\\\/www.purejewels.com\\\/\",\"logo\":{\"@type\":\"ImageObject\",\"inLanguage\":\"de\",\"@id\":\"https:\\\/\\\/www.purejewels.com\\\/#\\\/schema\\\/logo\\\/image\\\/\",\"url\":\"https:\\\/\\\/static.purejewels.com\\\/wp-content\\\/uploads\\\/2020\\\/11\\\/Logo-PJ-New-1.png\",\"contentUrl\":\"https:\\\/\\\/static.purejewels.com\\\/wp-content\\\/uploads\\\/2020\\\/11\\\/Logo-PJ-New-1.png\",\"width\":150,\"height\":80,\"caption\":\"PureJewels UK\"},\"image\":{\"@id\":\"https:\\\/\\\/www.purejewels.com\\\/#\\\/schema\\\/logo\\\/image\\\/\"}}]}<\/script>\n<!-- \/ Yoast SEO plugin. -->","yoast_head_json":{"title":"Traditionelle Blumen-Jhumkas aus 22 Karat Gold | PureJewels UK","description":"Traditionelle 22-kar\u00e4tige Gold-Ohrringe im Jhumka-Stil mit handgefertigten Details und britischer Punzierung. Perfekt f\u00fcr Hochzeiten, Feierlichkeiten und als wertvolles Geschenk.","robots":{"index":"index","follow":"follow","max-snippet":"max-snippet:-1","max-image-preview":"max-image-preview:large","max-video-preview":"max-video-preview:-1"},"canonical":"https:\/\/www.purejewels.com\/de\/produkt-2\/ohrring-aus-22-karat-gold-mit-antikem-finish-32103\/","og_locale":"de_DE","og_type":"article","og_title":"Heritage Floral Jhumkas in 22ct Gold | PureJewels UK","og_description":"Traditional 22ct gold floral jhumka earrings with handcrafted detailing and UK hallmarking. Perfect for weddings, celebrations and cherished gifting.","og_url":"https:\/\/www.purejewels.com\/de\/produkt-2\/ohrring-aus-22-karat-gold-mit-antikem-finish-32103\/","og_site_name":"PureJewels UK","article_modified_time":"2026-01-06T06:53:26+00:00","og_image":[{"width":1000,"height":1000,"url":"https:\/\/static.purejewels.com\/wp-content\/uploads\/2020\/06\/image175175588-1.jpg","type":"image\/jpeg"}],"twitter_card":"summary_large_image","twitter_misc":{"Gesch\u00e4tzte Lesezeit":"1\u00a0Minute"},"schema":{"@context":"https:\/\/schema.org","@graph":[{"@type":["WebPage","ItemPage"],"@id":"https:\/\/www.purejewels.com\/product\/22-carat-gold-earring-with-antique-finish-32103\/","url":"https:\/\/www.purejewels.com\/product\/22-carat-gold-earring-with-antique-finish-32103\/","name":"Traditionelle Blumen-Jhumkas aus 22 Karat Gold | PureJewels UK","isPartOf":{"@id":"https:\/\/www.purejewels.com\/#website"},"primaryImageOfPage":{"@id":"https:\/\/www.purejewels.com\/product\/22-carat-gold-earring-with-antique-finish-32103\/#primaryimage"},"image":{"@id":"https:\/\/www.purejewels.com\/product\/22-carat-gold-earring-with-antique-finish-32103\/#primaryimage"},"thumbnailUrl":"https:\/\/static.purejewels.com\/wp-content\/uploads\/2020\/06\/image175175588-1.jpg","datePublished":"2018-12-22T09:27:34+00:00","dateModified":"2026-01-06T06:53:26+00:00","description":"Traditionelle 22-kar\u00e4tige Gold-Ohrringe im Jhumka-Stil mit handgefertigten Details und britischer Punzierung. Perfekt f\u00fcr Hochzeiten, Feierlichkeiten und als wertvolles Geschenk.","breadcrumb":{"@id":"https:\/\/www.purejewels.com\/product\/22-carat-gold-earring-with-antique-finish-32103\/#breadcrumb"},"inLanguage":"de","potentialAction":[{"@type":"ReadAction","target":["https:\/\/www.purejewels.com\/product\/22-carat-gold-earring-with-antique-finish-32103\/"]}]},{"@type":"ImageObject","inLanguage":"de","@id":"https:\/\/www.purejewels.com\/product\/22-carat-gold-earring-with-antique-finish-32103\/#primaryimage","url":"https:\/\/static.purejewels.com\/wp-content\/uploads\/2020\/06\/image175175588-1.jpg","contentUrl":"https:\/\/static.purejewels.com\/wp-content\/uploads\/2020\/06\/image175175588-1.jpg","width":1000,"height":1000,"caption":"Rosettes 22ct Antique Heavy Jumkha Earring RSER031"},{"@type":"BreadcrumbList","@id":"https:\/\/www.purejewels.com\/product\/22-carat-gold-earring-with-antique-finish-32103\/#breadcrumb","itemListElement":[{"@type":"ListItem","position":1,"name":"Home","item":"https:\/\/www.purejewels.com\/"},{"@type":"ListItem","position":2,"name":"Shop","item":"https:\/\/www.purejewels.com\/shop\/"},{"@type":"ListItem","position":3,"name":"22ct Gold Traditional Floral Jhumka Earrings"}]},{"@type":"WebSite","@id":"https:\/\/www.purejewels.com\/#website","url":"https:\/\/www.purejewels.com\/","name":"PureJewels UK","description":"Teile die Liebe","publisher":{"@id":"https:\/\/www.purejewels.com\/#organization"},"potentialAction":[{"@type":"SearchAction","target":{"@type":"EntryPoint","urlTemplate":"https:\/\/www.purejewels.com\/?s={search_term_string}"},"query-input":{"@type":"PropertyValueSpecification","valueRequired":true,"valueName":"search_term_string"}}],"inLanguage":"de"},{"@type":"Organization","@id":"https:\/\/www.purejewels.com\/#organization","name":"PureJewels UK","url":"https:\/\/www.purejewels.com\/","logo":{"@type":"ImageObject","inLanguage":"de","@id":"https:\/\/www.purejewels.com\/#\/schema\/logo\/image\/","url":"https:\/\/static.purejewels.com\/wp-content\/uploads\/2020\/11\/Logo-PJ-New-1.png","contentUrl":"https:\/\/static.purejewels.com\/wp-content\/uploads\/2020\/11\/Logo-PJ-New-1.png","width":150,"height":80,"caption":"PureJewels UK"},"image":{"@id":"https:\/\/www.purejewels.com\/#\/schema\/logo\/image\/"}}]}},"_links":{"self":[{"href":"https:\/\/www.purejewels.com\/de\/wp-json\/wp\/v2\/product\/307008","targetHints":{"allow":["GET"]}}],"collection":[{"href":"https:\/\/www.purejewels.com\/de\/wp-json\/wp\/v2\/product"}],"about":[{"href":"https:\/\/www.purejewels.com\/de\/wp-json\/wp\/v2\/types\/product"}],"replies":[{"embeddable":true,"href":"https:\/\/www.purejewels.com\/de\/wp-json\/wp\/v2\/comments?post=307008"}],"version-history":[{"count":3,"href":"https:\/\/www.purejewels.com\/de\/wp-json\/wp\/v2\/product\/307008\/revisions"}],"predecessor-version":[{"id":422687,"href":"https:\/\/www.purejewels.com\/de\/wp-json\/wp\/v2\/product\/307008\/revisions\/422687"}],"wp:featuredmedia":[{"embeddable":true,"href":"https:\/\/www.purejewels.com\/de\/wp-json\/wp\/v2\/media\/315423"}],"wp:attachment":[{"href":"https:\/\/www.purejewels.com\/de\/wp-json\/wp\/v2\/media?parent=307008"}],"wp:term":[{"taxonomy":"product_brand","embeddable":true,"href":"https:\/\/www.purejewels.com\/de\/wp-json\/wp\/v2\/product_brand?post=307008"},{"taxonomy":"product_cat","embeddable":true,"href":"https:\/\/www.purejewels.com\/de\/wp-json\/wp\/v2\/product_cat?post=307008"},{"taxonomy":"product_tag","embeddable":true,"href":"https:\/\/www.purejewels.com\/de\/wp-json\/wp\/v2\/product_tag?post=307008"}],"curies":[{"name":"wp","href":"https:\/\/api.w.org\/{rel}","templated":true}]}}