{"id":307009,"date":"2018-12-22T09:03:22","date_gmt":"2018-12-22T09:03:22","guid":{"rendered":"https:\/\/www.purejewels.com\/?post_type=product&#038;p=307009"},"modified":"2026-01-06T06:58:35","modified_gmt":"2026-01-06T06:58:35","slug":"ohrring-aus-22-karat-gold-mit-antikem-finish-2","status":"publish","type":"product","link":"https:\/\/www.purejewels.com\/de\/product\/22-carat-gold-earring-with-antique-finish-2\/","title":{"rendered":"22 Karat Gold-Ohrring mit antikem Finish"},"content":{"rendered":"<h3 data-start=\"673\" data-end=\"687\"><strong data-start=\"677\" data-end=\"687\">Gestaltung<\/strong><\/h3>\n<p data-start=\"688\" data-end=\"961\">Diese Ohrringe sind eine Hommage an traditionelle Handwerkskunst und zeichnen sich durch ein mehrschichtiges Blumenmotiv aus, das von geschwungenen Goldkurven umrahmt wird. Die h\u00e4ngende Perle sorgt f\u00fcr eine sanfte Bewegung und schafft eine auff\u00e4llige und dennoch anmutige Silhouette. Die <a href=\"https:\/\/www.purejewels.com\/de\/armari-collection\/\">antikes Finish<\/a> verleiht jedem Detail einen edlen Vintage-Charme.<\/p>\n<h3 data-start=\"963\" data-end=\"984\"><strong data-start=\"967\" data-end=\"984\">Handwerkliches K\u00f6nnen<\/strong><\/h3>\n<p data-start=\"985\" data-end=\"1274\">Jedes Element wird fachm\u00e4nnisch aus hochreinem 22-kar\u00e4tigem Gold handgefertigt und unter Verwendung traditioneller Techniken geformt, um Tiefe, Struktur und Kontur zu erzielen. Die Perlen sind aufwendig geschnitzt, um das florale Design zu erg\u00e4nzen. Jedes Paar ist vollst\u00e4ndig in Gro\u00dfbritannien punziert, was Authentizit\u00e4t und Reinheit garantiert.<\/p>\n<h3 data-start=\"1276\" data-end=\"1301\"><strong data-start=\"1280\" data-end=\"1301\">Styling &amp; Geschenkartikel<\/strong><\/h3>\n<p data-start=\"1302\" data-end=\"1558\">Perfekt f\u00fcr Hochzeiten, traditionelle Feierlichkeiten und besondere Momente im Familienkreis. Diese Ohrringe passen wunderbar zu Saris, Lehengas und eleganten Seidenoutfits. Ein bedeutungsvolles Geschenk f\u00fcr Jubil\u00e4en oder wichtige Anl\u00e4sse, das \u00fcber Generationen hinweg gesch\u00e4tzt werden wird.<\/p>","protected":false},"excerpt":{"rendered":"<ul>\n<li>22 Karat Gold-Ohrring mit antikem Finish<\/li>\n<li>Wt. 6g<\/li>\n<li>SKU. 28736<\/li>\n<li>Alle Preise inklusive Mehrwertsteuer<\/li>\n<li>Alle unsere Produkte sind vom London Assay Office gestempelt.<\/li>\n<li>Mit Pr\u00e4sentationsbox<\/li>\n<li>Lieferung inbegriffen<\/li>\n<li>Live-Chat mit uns, um unser neues Sortiment im Gesch\u00e4ft zu sehen<\/li>\n<\/ul>","protected":false},"featured_media":309492,"comment_status":"closed","ping_status":"closed","template":"","meta":{"_eb_attr":"","_crsspst_to_jayantr4sg-hostcom":false},"product_brand":[],"product_cat":[236,1685,1229,1656,1574],"product_tag":[],"class_list":{"0":"post-307009","1":"product","2":"type-product","3":"status-publish","4":"has-post-thumbnail","6":"product_cat-collections","7":"product_cat-drop-earrings","8":"product_cat-22ct-gold-jewellery","9":"product_cat-rosettes-collections","10":"product_cat-womens-jewellery","12":"first","13":"outofstock","14":"featured","15":"taxable","16":"shipping-taxable","17":"product-type-simple","18":"add-to-wishlist-before_image"},"yoast_head":"<!-- This site is optimized with the Yoast SEO plugin v27.3 - https:\/\/yoast.com\/product\/yoast-seo-wordpress\/ -->\n<title>Heritage Floral Gold Drop Earrings | PureJewels UK<\/title>\n<meta name=\"description\" content=\"Handcrafted 22ct gold floral drop earrings with an antique finish and UK hallmarking. A beautiful choice for weddings, festive styling and meaningful gifting.\" \/>\n<meta name=\"robots\" content=\"index, follow, max-snippet:-1, max-image-preview:large, max-video-preview:-1\" \/>\n<link rel=\"canonical\" href=\"https:\/\/www.purejewels.com\/de\/produkt-2\/ohrring-aus-22-karat-gold-mit-antikem-finish-2\/\" \/>\n<meta property=\"og:locale\" content=\"de_DE\" \/>\n<meta property=\"og:type\" content=\"article\" \/>\n<meta property=\"og:title\" content=\"Heritage Floral Gold Drop Earrings | PureJewels UK\" \/>\n<meta property=\"og:description\" content=\"Handcrafted 22ct gold floral drop earrings with an antique finish and UK hallmarking. A beautiful choice for weddings, festive styling and meaningful gifting.\" \/>\n<meta property=\"og:url\" content=\"https:\/\/www.purejewels.com\/de\/produkt-2\/ohrring-aus-22-karat-gold-mit-antikem-finish-2\/\" \/>\n<meta property=\"og:site_name\" content=\"PureJewels UK\" \/>\n<meta property=\"article:modified_time\" content=\"2026-01-06T06:58:35+00:00\" \/>\n<meta property=\"og:image\" content=\"https:\/\/static.purejewels.com\/wp-content\/uploads\/2018\/12\/28736_11.png\" \/>\n\t<meta property=\"og:image:width\" content=\"1000\" \/>\n\t<meta property=\"og:image:height\" content=\"1000\" \/>\n\t<meta property=\"og:image:type\" content=\"image\/png\" \/>\n<meta name=\"twitter:card\" content=\"summary_large_image\" \/>\n<meta name=\"twitter:label1\" content=\"Gesch\u00e4tzte Lesezeit\" \/>\n\t<meta name=\"twitter:data1\" content=\"1\u00a0Minute\" \/>\n<script type=\"application\/ld+json\" class=\"yoast-schema-graph\">{\"@context\":\"https:\\\/\\\/schema.org\",\"@graph\":[{\"@type\":[\"WebPage\",\"ItemPage\"],\"@id\":\"https:\\\/\\\/www.purejewels.com\\\/product\\\/22-carat-gold-earring-with-antique-finish-2\\\/\",\"url\":\"https:\\\/\\\/www.purejewels.com\\\/product\\\/22-carat-gold-earring-with-antique-finish-2\\\/\",\"name\":\"Heritage Floral Gold Drop Earrings | PureJewels UK\",\"isPartOf\":{\"@id\":\"https:\\\/\\\/www.purejewels.com\\\/#website\"},\"primaryImageOfPage\":{\"@id\":\"https:\\\/\\\/www.purejewels.com\\\/product\\\/22-carat-gold-earring-with-antique-finish-2\\\/#primaryimage\"},\"image\":{\"@id\":\"https:\\\/\\\/www.purejewels.com\\\/product\\\/22-carat-gold-earring-with-antique-finish-2\\\/#primaryimage\"},\"thumbnailUrl\":\"https:\\\/\\\/static.purejewels.com\\\/wp-content\\\/uploads\\\/2018\\\/12\\\/28736_11.png\",\"datePublished\":\"2018-12-22T09:03:22+00:00\",\"dateModified\":\"2026-01-06T06:58:35+00:00\",\"description\":\"Handcrafted 22ct gold floral drop earrings with an antique finish and UK hallmarking. A beautiful choice for weddings, festive styling and meaningful gifting.\",\"breadcrumb\":{\"@id\":\"https:\\\/\\\/www.purejewels.com\\\/product\\\/22-carat-gold-earring-with-antique-finish-2\\\/#breadcrumb\"},\"inLanguage\":\"de\",\"potentialAction\":[{\"@type\":\"ReadAction\",\"target\":[\"https:\\\/\\\/www.purejewels.com\\\/product\\\/22-carat-gold-earring-with-antique-finish-2\\\/\"]}]},{\"@type\":\"ImageObject\",\"inLanguage\":\"de\",\"@id\":\"https:\\\/\\\/www.purejewels.com\\\/product\\\/22-carat-gold-earring-with-antique-finish-2\\\/#primaryimage\",\"url\":\"https:\\\/\\\/static.purejewels.com\\\/wp-content\\\/uploads\\\/2018\\\/12\\\/28736_11.png\",\"contentUrl\":\"https:\\\/\\\/static.purejewels.com\\\/wp-content\\\/uploads\\\/2018\\\/12\\\/28736_11.png\",\"width\":1000,\"height\":1000,\"caption\":\"28736_11\"},{\"@type\":\"BreadcrumbList\",\"@id\":\"https:\\\/\\\/www.purejewels.com\\\/product\\\/22-carat-gold-earring-with-antique-finish-2\\\/#breadcrumb\",\"itemListElement\":[{\"@type\":\"ListItem\",\"position\":1,\"name\":\"Home\",\"item\":\"https:\\\/\\\/www.purejewels.com\\\/\"},{\"@type\":\"ListItem\",\"position\":2,\"name\":\"Shop\",\"item\":\"https:\\\/\\\/www.purejewels.com\\\/shop\\\/\"},{\"@type\":\"ListItem\",\"position\":3,\"name\":\"22 Carat Gold Earring With Antique Finish\"}]},{\"@type\":\"WebSite\",\"@id\":\"https:\\\/\\\/www.purejewels.com\\\/#website\",\"url\":\"https:\\\/\\\/www.purejewels.com\\\/\",\"name\":\"PureJewels UK\",\"description\":\"Share the Love\",\"publisher\":{\"@id\":\"https:\\\/\\\/www.purejewels.com\\\/#organization\"},\"potentialAction\":[{\"@type\":\"SearchAction\",\"target\":{\"@type\":\"EntryPoint\",\"urlTemplate\":\"https:\\\/\\\/www.purejewels.com\\\/?s={search_term_string}\"},\"query-input\":{\"@type\":\"PropertyValueSpecification\",\"valueRequired\":true,\"valueName\":\"search_term_string\"}}],\"inLanguage\":\"de\"},{\"@type\":\"Organization\",\"@id\":\"https:\\\/\\\/www.purejewels.com\\\/#organization\",\"name\":\"PureJewels UK\",\"url\":\"https:\\\/\\\/www.purejewels.com\\\/\",\"logo\":{\"@type\":\"ImageObject\",\"inLanguage\":\"de\",\"@id\":\"https:\\\/\\\/www.purejewels.com\\\/#\\\/schema\\\/logo\\\/image\\\/\",\"url\":\"https:\\\/\\\/static.purejewels.com\\\/wp-content\\\/uploads\\\/2020\\\/11\\\/Logo-PJ-New-1.png\",\"contentUrl\":\"https:\\\/\\\/static.purejewels.com\\\/wp-content\\\/uploads\\\/2020\\\/11\\\/Logo-PJ-New-1.png\",\"width\":150,\"height\":80,\"caption\":\"PureJewels UK\"},\"image\":{\"@id\":\"https:\\\/\\\/www.purejewels.com\\\/#\\\/schema\\\/logo\\\/image\\\/\"}}]}<\/script>\n<!-- \/ Yoast SEO plugin. -->","yoast_head_json":{"title":"Heritage Floral Gold Ohrringe | PureJewels UK","description":"Handgefertigte Ohrringe mit Blumenmotiv aus 22 Karat Gold mit Antik-Finish und britischer Punzierung. Eine wundersch\u00f6ne Wahl f\u00fcr Hochzeiten, festliche Anl\u00e4sse und als bedeutungsvolles Geschenk.","robots":{"index":"index","follow":"follow","max-snippet":"max-snippet:-1","max-image-preview":"max-image-preview:large","max-video-preview":"max-video-preview:-1"},"canonical":"https:\/\/www.purejewels.com\/de\/produkt-2\/ohrring-aus-22-karat-gold-mit-antikem-finish-2\/","og_locale":"de_DE","og_type":"article","og_title":"Heritage Floral Gold Drop Earrings | PureJewels UK","og_description":"Handcrafted 22ct gold floral drop earrings with an antique finish and UK hallmarking. A beautiful choice for weddings, festive styling and meaningful gifting.","og_url":"https:\/\/www.purejewels.com\/de\/produkt-2\/ohrring-aus-22-karat-gold-mit-antikem-finish-2\/","og_site_name":"PureJewels UK","article_modified_time":"2026-01-06T06:58:35+00:00","og_image":[{"width":1000,"height":1000,"url":"https:\/\/static.purejewels.com\/wp-content\/uploads\/2018\/12\/28736_11.png","type":"image\/png"}],"twitter_card":"summary_large_image","twitter_misc":{"Gesch\u00e4tzte Lesezeit":"1\u00a0Minute"},"schema":{"@context":"https:\/\/schema.org","@graph":[{"@type":["WebPage","ItemPage"],"@id":"https:\/\/www.purejewels.com\/product\/22-carat-gold-earring-with-antique-finish-2\/","url":"https:\/\/www.purejewels.com\/product\/22-carat-gold-earring-with-antique-finish-2\/","name":"Heritage Floral Gold Ohrringe | PureJewels UK","isPartOf":{"@id":"https:\/\/www.purejewels.com\/#website"},"primaryImageOfPage":{"@id":"https:\/\/www.purejewels.com\/product\/22-carat-gold-earring-with-antique-finish-2\/#primaryimage"},"image":{"@id":"https:\/\/www.purejewels.com\/product\/22-carat-gold-earring-with-antique-finish-2\/#primaryimage"},"thumbnailUrl":"https:\/\/static.purejewels.com\/wp-content\/uploads\/2018\/12\/28736_11.png","datePublished":"2018-12-22T09:03:22+00:00","dateModified":"2026-01-06T06:58:35+00:00","description":"Handgefertigte Ohrringe mit Blumenmotiv aus 22 Karat Gold mit Antik-Finish und britischer Punzierung. Eine wundersch\u00f6ne Wahl f\u00fcr Hochzeiten, festliche Anl\u00e4sse und als bedeutungsvolles Geschenk.","breadcrumb":{"@id":"https:\/\/www.purejewels.com\/product\/22-carat-gold-earring-with-antique-finish-2\/#breadcrumb"},"inLanguage":"de","potentialAction":[{"@type":"ReadAction","target":["https:\/\/www.purejewels.com\/product\/22-carat-gold-earring-with-antique-finish-2\/"]}]},{"@type":"ImageObject","inLanguage":"de","@id":"https:\/\/www.purejewels.com\/product\/22-carat-gold-earring-with-antique-finish-2\/#primaryimage","url":"https:\/\/static.purejewels.com\/wp-content\/uploads\/2018\/12\/28736_11.png","contentUrl":"https:\/\/static.purejewels.com\/wp-content\/uploads\/2018\/12\/28736_11.png","width":1000,"height":1000,"caption":"28736_11"},{"@type":"BreadcrumbList","@id":"https:\/\/www.purejewels.com\/product\/22-carat-gold-earring-with-antique-finish-2\/#breadcrumb","itemListElement":[{"@type":"ListItem","position":1,"name":"Home","item":"https:\/\/www.purejewels.com\/"},{"@type":"ListItem","position":2,"name":"Shop","item":"https:\/\/www.purejewels.com\/shop\/"},{"@type":"ListItem","position":3,"name":"22 Carat Gold Earring With Antique Finish"}]},{"@type":"WebSite","@id":"https:\/\/www.purejewels.com\/#website","url":"https:\/\/www.purejewels.com\/","name":"PureJewels UK","description":"Teile die Liebe","publisher":{"@id":"https:\/\/www.purejewels.com\/#organization"},"potentialAction":[{"@type":"SearchAction","target":{"@type":"EntryPoint","urlTemplate":"https:\/\/www.purejewels.com\/?s={search_term_string}"},"query-input":{"@type":"PropertyValueSpecification","valueRequired":true,"valueName":"search_term_string"}}],"inLanguage":"de"},{"@type":"Organization","@id":"https:\/\/www.purejewels.com\/#organization","name":"PureJewels UK","url":"https:\/\/www.purejewels.com\/","logo":{"@type":"ImageObject","inLanguage":"de","@id":"https:\/\/www.purejewels.com\/#\/schema\/logo\/image\/","url":"https:\/\/static.purejewels.com\/wp-content\/uploads\/2020\/11\/Logo-PJ-New-1.png","contentUrl":"https:\/\/static.purejewels.com\/wp-content\/uploads\/2020\/11\/Logo-PJ-New-1.png","width":150,"height":80,"caption":"PureJewels UK"},"image":{"@id":"https:\/\/www.purejewels.com\/#\/schema\/logo\/image\/"}}]}},"_links":{"self":[{"href":"https:\/\/www.purejewels.com\/de\/wp-json\/wp\/v2\/product\/307009","targetHints":{"allow":["GET"]}}],"collection":[{"href":"https:\/\/www.purejewels.com\/de\/wp-json\/wp\/v2\/product"}],"about":[{"href":"https:\/\/www.purejewels.com\/de\/wp-json\/wp\/v2\/types\/product"}],"replies":[{"embeddable":true,"href":"https:\/\/www.purejewels.com\/de\/wp-json\/wp\/v2\/comments?post=307009"}],"version-history":[{"count":3,"href":"https:\/\/www.purejewels.com\/de\/wp-json\/wp\/v2\/product\/307009\/revisions"}],"predecessor-version":[{"id":422682,"href":"https:\/\/www.purejewels.com\/de\/wp-json\/wp\/v2\/product\/307009\/revisions\/422682"}],"wp:featuredmedia":[{"embeddable":true,"href":"https:\/\/www.purejewels.com\/de\/wp-json\/wp\/v2\/media\/309492"}],"wp:attachment":[{"href":"https:\/\/www.purejewels.com\/de\/wp-json\/wp\/v2\/media?parent=307009"}],"wp:term":[{"taxonomy":"product_brand","embeddable":true,"href":"https:\/\/www.purejewels.com\/de\/wp-json\/wp\/v2\/product_brand?post=307009"},{"taxonomy":"product_cat","embeddable":true,"href":"https:\/\/www.purejewels.com\/de\/wp-json\/wp\/v2\/product_cat?post=307009"},{"taxonomy":"product_tag","embeddable":true,"href":"https:\/\/www.purejewels.com\/de\/wp-json\/wp\/v2\/product_tag?post=307009"}],"curies":[{"name":"wp","href":"https:\/\/api.w.org\/{rel}","templated":true}]}}