{"id":307013,"date":"2018-12-22T09:13:43","date_gmt":"2018-12-22T09:13:43","guid":{"rendered":"https:\/\/www.purejewels.com\/?post_type=product&#038;p=307013"},"modified":"2025-12-09T05:04:14","modified_gmt":"2025-12-09T05:04:14","slug":"ohrring-aus-22-karat-gold-mit-antikem-finish-28726","status":"publish","type":"product","link":"https:\/\/www.purejewels.com\/de\/product\/22-carat-gold-earring-with-antique-finish-28726\/","title":{"rendered":"22 Karat Gold-Ohrring mit antikem Finish"},"content":{"rendered":"<h3 data-start=\"1091\" data-end=\"1115\"><strong data-start=\"1095\" data-end=\"1113\">Designkonzept<\/strong><\/h3>\n<p data-start=\"1116\" data-end=\"1441\">Diese Ohrringe sind von den k\u00f6niglichen H\u00f6fen der Moghul-Kunst inspiriert und tragen Polki-Diamanten - eine uralte Form von ungeschliffenem Diamantschmuck, der f\u00fcr sein rohes Funkeln und seine kulturelle Tiefe bekannt ist. Das Antikgold-Finish erinnert an ein zeitloses Erbe und bietet ein St\u00fcck, das von Eleganz, Tradition und ruhigem Vertrauen zeugt.<\/p>\n<h3 data-start=\"1448\" data-end=\"1471\"><strong data-start=\"1452\" data-end=\"1469\">Handwerkliches K\u00f6nnen<\/strong><\/h3>\n<p data-start=\"1472\" data-end=\"1854\">Jeder Ohrring wird in sorgf\u00e4ltiger Handarbeit aus 22 Karat Gelbgold gefertigt und vom London Assay Office gestempelt, einem Siegel f\u00fcr Reinheit und Qualit\u00e4t. Die Polki-Diamanten werden von erfahrenen Kunsthandwerkern fachm\u00e4nnisch gefasst, wobei die Unvollkommenheiten, die jeden Stein einzigartig machen, hervorgehoben werden. Das antike Finish wurde sorgf\u00e4ltig erzielt, um dem St\u00fcck eine lebendige, k\u00f6nigliche Ausstrahlung zu verleihen - ein modernes Erbst\u00fcck, das f\u00fcr die Ewigkeit gemacht ist.<\/p>\n<h3 data-start=\"1861\" data-end=\"1884\"><strong data-start=\"1865\" data-end=\"1882\">Styling-Ideen<\/strong><\/h3>\n<ul>\n<li data-start=\"1887\" data-end=\"1990\">Kombinieren Sie es mit traditionell inspirierten Outfits wie Sarees, Lehengas oder bestickten Kleidern f\u00fcr formelle Anl\u00e4sse.<\/li>\n<li data-start=\"1993\" data-end=\"2101\">Ein sch\u00f6ner Kontrast zu westlicher Kleidung - eine Seidenbluse oder ein schwarzes Kleid f\u00fcr ein modernes Indo-Fusion-Statement<\/li>\n<li data-start=\"2104\" data-end=\"2187\">Kombinieren Sie dazu einen Polki-Anh\u00e4nger oder einen Armreif aus Altgold, um ein stimmiges Set zu vervollst\u00e4ndigen.<\/li>\n<li data-start=\"2190\" data-end=\"2272\">Eine perfekte Wahl f\u00fcr Hochzeiten, Eid, Diwali oder als Geschenk f\u00fcr besondere Anl\u00e4sse<\/li>\n<\/ul>","protected":false},"excerpt":{"rendered":"<ul>\n<li>22 Karat Gold-Ohrring mit antikem Finish<\/li>\n<li>Besetzt mit ungeschliffenen Polki-Diamanten<\/li>\n<li>Wt. 5,5 g<\/li>\n<li>Gewicht des Diamanten 0,14 ct.<\/li>\n<li>SKU. 28726<\/li>\n<li>Alle Preise inklusive Mehrwertsteuer<\/li>\n<li>Alle unsere Produkte sind vom London Assay Office gestempelt.<\/li>\n<li>Mit Pr\u00e4sentationsbox<\/li>\n<li>Lieferung inbegriffen<\/li>\n<li>Kontaktieren Sie uns \/ chatten Sie mit uns, um ein Video zu sehen von <span class=\"mark42n4ju435\" data-markjs=\"true\" data-ogac=\"\" data-ogab=\"\" data-ogsc=\"\" data-ogsb=\"\">Diwali<\/span>\u00a0Schmuckkollektion<\/li>\n<\/ul>","protected":false},"featured_media":313166,"comment_status":"closed","ping_status":"closed","template":"","meta":{"_eb_attr":"","_crsspst_to_jayantr4sg-hostcom":false},"product_brand":[],"product_cat":[1254,1656,1577,1573,1574],"product_tag":[],"class_list":{"0":"post-307013","1":"product","2":"type-product","3":"status-publish","4":"has-post-thumbnail","6":"product_cat-gold-earrings","7":"product_cat-rosettes-collections","8":"product_cat-stud-earrings","9":"product_cat-wedding-gifts","10":"product_cat-womens-jewellery","12":"first","13":"outofstock","14":"taxable","15":"shipping-taxable","16":"product-type-simple","17":"add-to-wishlist-before_image"},"yoast_head":"<!-- This site is optimized with the Yoast SEO plugin v27.6 - https:\/\/yoast.com\/product\/yoast-seo-wordpress\/ -->\n<title>Vintage Floral Stud Earrings in 22ct Gold | PureJewels UK<\/title>\n<meta name=\"description\" content=\"22ct gold floral stud earrings with antique detailing and a radiant centre stone. Hallmarked in the UK and perfect for weddings, gifting and elegant festive wear.\" \/>\n<meta name=\"robots\" content=\"index, follow, max-snippet:-1, max-image-preview:large, max-video-preview:-1\" \/>\n<link rel=\"canonical\" href=\"https:\/\/www.purejewels.com\/de\/produkt-2\/ohrring-aus-22-karat-gold-mit-antikem-finish-28726\/\" \/>\n<meta property=\"og:locale\" content=\"de_DE\" \/>\n<meta property=\"og:type\" content=\"article\" \/>\n<meta property=\"og:title\" content=\"Vintage Floral Stud Earrings in 22ct Gold | PureJewels UK\" \/>\n<meta property=\"og:description\" content=\"22ct gold floral stud earrings with antique detailing and a radiant centre stone. Hallmarked in the UK and perfect for weddings, gifting and elegant festive wear.\" \/>\n<meta property=\"og:url\" content=\"https:\/\/www.purejewels.com\/de\/produkt-2\/ohrring-aus-22-karat-gold-mit-antikem-finish-28726\/\" \/>\n<meta property=\"og:site_name\" content=\"PureJewels UK\" \/>\n<meta property=\"article:modified_time\" content=\"2025-12-09T05:04:14+00:00\" \/>\n<meta property=\"og:image\" content=\"https:\/\/static.purejewels.com\/wp-content\/uploads\/2020\/03\/133384698.png\" \/>\n\t<meta property=\"og:image:width\" content=\"1000\" \/>\n\t<meta property=\"og:image:height\" content=\"1000\" \/>\n\t<meta property=\"og:image:type\" content=\"image\/png\" \/>\n<meta name=\"twitter:card\" content=\"summary_large_image\" \/>\n<meta name=\"twitter:label1\" content=\"Gesch\u00e4tzte Lesezeit\" \/>\n\t<meta name=\"twitter:data1\" content=\"1\u00a0Minute\" \/>\n<script type=\"application\/ld+json\" class=\"yoast-schema-graph\">{\"@context\":\"https:\\\/\\\/schema.org\",\"@graph\":[{\"@type\":[\"WebPage\",\"ItemPage\"],\"@id\":\"https:\\\/\\\/www.purejewels.com\\\/product\\\/22-carat-gold-earring-with-antique-finish-28726\\\/\",\"url\":\"https:\\\/\\\/www.purejewels.com\\\/product\\\/22-carat-gold-earring-with-antique-finish-28726\\\/\",\"name\":\"Vintage Floral Stud Earrings in 22ct Gold | PureJewels UK\",\"isPartOf\":{\"@id\":\"https:\\\/\\\/www.purejewels.com\\\/#website\"},\"primaryImageOfPage\":{\"@id\":\"https:\\\/\\\/www.purejewels.com\\\/product\\\/22-carat-gold-earring-with-antique-finish-28726\\\/#primaryimage\"},\"image\":{\"@id\":\"https:\\\/\\\/www.purejewels.com\\\/product\\\/22-carat-gold-earring-with-antique-finish-28726\\\/#primaryimage\"},\"thumbnailUrl\":\"https:\\\/\\\/static.purejewels.com\\\/wp-content\\\/uploads\\\/2020\\\/03\\\/133384698.png\",\"datePublished\":\"2018-12-22T09:13:43+00:00\",\"dateModified\":\"2025-12-09T05:04:14+00:00\",\"description\":\"22ct gold floral stud earrings with antique detailing and a radiant centre stone. Hallmarked in the UK and perfect for weddings, gifting and elegant festive wear.\",\"breadcrumb\":{\"@id\":\"https:\\\/\\\/www.purejewels.com\\\/product\\\/22-carat-gold-earring-with-antique-finish-28726\\\/#breadcrumb\"},\"inLanguage\":\"de\",\"potentialAction\":[{\"@type\":\"ReadAction\",\"target\":[\"https:\\\/\\\/www.purejewels.com\\\/product\\\/22-carat-gold-earring-with-antique-finish-28726\\\/\"]}]},{\"@type\":\"ImageObject\",\"inLanguage\":\"de\",\"@id\":\"https:\\\/\\\/www.purejewels.com\\\/product\\\/22-carat-gold-earring-with-antique-finish-28726\\\/#primaryimage\",\"url\":\"https:\\\/\\\/static.purejewels.com\\\/wp-content\\\/uploads\\\/2020\\\/03\\\/133384698.png\",\"contentUrl\":\"https:\\\/\\\/static.purejewels.com\\\/wp-content\\\/uploads\\\/2020\\\/03\\\/133384698.png\",\"width\":1000,\"height\":1000,\"caption\":\"22 Carat Gold Earring With Antique FinishStudded With Uncut Polki DiamondWt. 5.5 gDiamond Wt. 0.14 ctSKU. 28726All prices include VATAll our products are hallmarked by London Assay OfficeComes With Presentation BoxDelivery IncludedContact us \\\/ chat with us to see video of product\"},{\"@type\":\"BreadcrumbList\",\"@id\":\"https:\\\/\\\/www.purejewels.com\\\/product\\\/22-carat-gold-earring-with-antique-finish-28726\\\/#breadcrumb\",\"itemListElement\":[{\"@type\":\"ListItem\",\"position\":1,\"name\":\"Home\",\"item\":\"https:\\\/\\\/www.purejewels.com\\\/\"},{\"@type\":\"ListItem\",\"position\":2,\"name\":\"Shop\",\"item\":\"https:\\\/\\\/www.purejewels.com\\\/shop\\\/\"},{\"@type\":\"ListItem\",\"position\":3,\"name\":\"22 Carat Gold Earring With Antique Finish\"}]},{\"@type\":\"WebSite\",\"@id\":\"https:\\\/\\\/www.purejewels.com\\\/#website\",\"url\":\"https:\\\/\\\/www.purejewels.com\\\/\",\"name\":\"PureJewels UK\",\"description\":\"Share the Love\",\"publisher\":{\"@id\":\"https:\\\/\\\/www.purejewels.com\\\/#organization\"},\"potentialAction\":[{\"@type\":\"SearchAction\",\"target\":{\"@type\":\"EntryPoint\",\"urlTemplate\":\"https:\\\/\\\/www.purejewels.com\\\/?s={search_term_string}\"},\"query-input\":{\"@type\":\"PropertyValueSpecification\",\"valueRequired\":true,\"valueName\":\"search_term_string\"}}],\"inLanguage\":\"de\"},{\"@type\":\"Organization\",\"@id\":\"https:\\\/\\\/www.purejewels.com\\\/#organization\",\"name\":\"PureJewels UK\",\"url\":\"https:\\\/\\\/www.purejewels.com\\\/\",\"logo\":{\"@type\":\"ImageObject\",\"inLanguage\":\"de\",\"@id\":\"https:\\\/\\\/www.purejewels.com\\\/#\\\/schema\\\/logo\\\/image\\\/\",\"url\":\"https:\\\/\\\/static.purejewels.com\\\/wp-content\\\/uploads\\\/2020\\\/11\\\/Logo-PJ-New-1.png\",\"contentUrl\":\"https:\\\/\\\/static.purejewels.com\\\/wp-content\\\/uploads\\\/2020\\\/11\\\/Logo-PJ-New-1.png\",\"width\":150,\"height\":80,\"caption\":\"PureJewels UK\"},\"image\":{\"@id\":\"https:\\\/\\\/www.purejewels.com\\\/#\\\/schema\\\/logo\\\/image\\\/\"}}]}<\/script>\n<!-- \/ Yoast SEO plugin. -->","yoast_head_json":{"title":"Vintage-Ohrstecker mit Blumenmotiv aus 22 Karat Gold | PureJewels UK","description":"22 Karat Gold Ohrstecker mit Blumenmotiv, antiken Details und einem strahlenden Mittelstein. Mit britischer Punzierung versehen und perfekt f\u00fcr Hochzeiten, Geschenke und elegante Festkleidung.","robots":{"index":"index","follow":"follow","max-snippet":"max-snippet:-1","max-image-preview":"max-image-preview:large","max-video-preview":"max-video-preview:-1"},"canonical":"https:\/\/www.purejewels.com\/de\/produkt-2\/ohrring-aus-22-karat-gold-mit-antikem-finish-28726\/","og_locale":"de_DE","og_type":"article","og_title":"Vintage Floral Stud Earrings in 22ct Gold | PureJewels UK","og_description":"22ct gold floral stud earrings with antique detailing and a radiant centre stone. Hallmarked in the UK and perfect for weddings, gifting and elegant festive wear.","og_url":"https:\/\/www.purejewels.com\/de\/produkt-2\/ohrring-aus-22-karat-gold-mit-antikem-finish-28726\/","og_site_name":"PureJewels UK","article_modified_time":"2025-12-09T05:04:14+00:00","og_image":[{"width":1000,"height":1000,"url":"https:\/\/static.purejewels.com\/wp-content\/uploads\/2020\/03\/133384698.png","type":"image\/png"}],"twitter_card":"summary_large_image","twitter_misc":{"Gesch\u00e4tzte Lesezeit":"1\u00a0Minute"},"schema":{"@context":"https:\/\/schema.org","@graph":[{"@type":["WebPage","ItemPage"],"@id":"https:\/\/www.purejewels.com\/product\/22-carat-gold-earring-with-antique-finish-28726\/","url":"https:\/\/www.purejewels.com\/product\/22-carat-gold-earring-with-antique-finish-28726\/","name":"Vintage-Ohrstecker mit Blumenmotiv aus 22 Karat Gold | PureJewels UK","isPartOf":{"@id":"https:\/\/www.purejewels.com\/#website"},"primaryImageOfPage":{"@id":"https:\/\/www.purejewels.com\/product\/22-carat-gold-earring-with-antique-finish-28726\/#primaryimage"},"image":{"@id":"https:\/\/www.purejewels.com\/product\/22-carat-gold-earring-with-antique-finish-28726\/#primaryimage"},"thumbnailUrl":"https:\/\/static.purejewels.com\/wp-content\/uploads\/2020\/03\/133384698.png","datePublished":"2018-12-22T09:13:43+00:00","dateModified":"2025-12-09T05:04:14+00:00","description":"22 Karat Gold Ohrstecker mit Blumenmotiv, antiken Details und einem strahlenden Mittelstein. Mit britischer Punzierung versehen und perfekt f\u00fcr Hochzeiten, Geschenke und elegante Festkleidung.","breadcrumb":{"@id":"https:\/\/www.purejewels.com\/product\/22-carat-gold-earring-with-antique-finish-28726\/#breadcrumb"},"inLanguage":"de","potentialAction":[{"@type":"ReadAction","target":["https:\/\/www.purejewels.com\/product\/22-carat-gold-earring-with-antique-finish-28726\/"]}]},{"@type":"ImageObject","inLanguage":"de","@id":"https:\/\/www.purejewels.com\/product\/22-carat-gold-earring-with-antique-finish-28726\/#primaryimage","url":"https:\/\/static.purejewels.com\/wp-content\/uploads\/2020\/03\/133384698.png","contentUrl":"https:\/\/static.purejewels.com\/wp-content\/uploads\/2020\/03\/133384698.png","width":1000,"height":1000,"caption":"22 Carat Gold Earring With Antique FinishStudded With Uncut Polki DiamondWt. 5.5 gDiamond Wt. 0.14 ctSKU. 28726All prices include VATAll our products are hallmarked by London Assay OfficeComes With Presentation BoxDelivery IncludedContact us \/ chat with us to see video of product"},{"@type":"BreadcrumbList","@id":"https:\/\/www.purejewels.com\/product\/22-carat-gold-earring-with-antique-finish-28726\/#breadcrumb","itemListElement":[{"@type":"ListItem","position":1,"name":"Home","item":"https:\/\/www.purejewels.com\/"},{"@type":"ListItem","position":2,"name":"Shop","item":"https:\/\/www.purejewels.com\/shop\/"},{"@type":"ListItem","position":3,"name":"22 Carat Gold Earring With Antique Finish"}]},{"@type":"WebSite","@id":"https:\/\/www.purejewels.com\/#website","url":"https:\/\/www.purejewels.com\/","name":"PureJewels UK","description":"Teile die Liebe","publisher":{"@id":"https:\/\/www.purejewels.com\/#organization"},"potentialAction":[{"@type":"SearchAction","target":{"@type":"EntryPoint","urlTemplate":"https:\/\/www.purejewels.com\/?s={search_term_string}"},"query-input":{"@type":"PropertyValueSpecification","valueRequired":true,"valueName":"search_term_string"}}],"inLanguage":"de"},{"@type":"Organization","@id":"https:\/\/www.purejewels.com\/#organization","name":"PureJewels UK","url":"https:\/\/www.purejewels.com\/","logo":{"@type":"ImageObject","inLanguage":"de","@id":"https:\/\/www.purejewels.com\/#\/schema\/logo\/image\/","url":"https:\/\/static.purejewels.com\/wp-content\/uploads\/2020\/11\/Logo-PJ-New-1.png","contentUrl":"https:\/\/static.purejewels.com\/wp-content\/uploads\/2020\/11\/Logo-PJ-New-1.png","width":150,"height":80,"caption":"PureJewels UK"},"image":{"@id":"https:\/\/www.purejewels.com\/#\/schema\/logo\/image\/"}}]}},"_links":{"self":[{"href":"https:\/\/www.purejewels.com\/de\/wp-json\/wp\/v2\/product\/307013","targetHints":{"allow":["GET"]}}],"collection":[{"href":"https:\/\/www.purejewels.com\/de\/wp-json\/wp\/v2\/product"}],"about":[{"href":"https:\/\/www.purejewels.com\/de\/wp-json\/wp\/v2\/types\/product"}],"replies":[{"embeddable":true,"href":"https:\/\/www.purejewels.com\/de\/wp-json\/wp\/v2\/comments?post=307013"}],"version-history":[{"count":3,"href":"https:\/\/www.purejewels.com\/de\/wp-json\/wp\/v2\/product\/307013\/revisions"}],"predecessor-version":[{"id":420536,"href":"https:\/\/www.purejewels.com\/de\/wp-json\/wp\/v2\/product\/307013\/revisions\/420536"}],"wp:featuredmedia":[{"embeddable":true,"href":"https:\/\/www.purejewels.com\/de\/wp-json\/wp\/v2\/media\/313166"}],"wp:attachment":[{"href":"https:\/\/www.purejewels.com\/de\/wp-json\/wp\/v2\/media?parent=307013"}],"wp:term":[{"taxonomy":"product_brand","embeddable":true,"href":"https:\/\/www.purejewels.com\/de\/wp-json\/wp\/v2\/product_brand?post=307013"},{"taxonomy":"product_cat","embeddable":true,"href":"https:\/\/www.purejewels.com\/de\/wp-json\/wp\/v2\/product_cat?post=307013"},{"taxonomy":"product_tag","embeddable":true,"href":"https:\/\/www.purejewels.com\/de\/wp-json\/wp\/v2\/product_tag?post=307013"}],"curies":[{"name":"wp","href":"https:\/\/api.w.org\/{rel}","templated":true}]}}