{"id":307075,"date":"2024-10-30T11:17:26","date_gmt":"2024-10-30T11:17:26","guid":{"rendered":"https:\/\/www.purejewels.com\/?post_type=product&#038;p=307075"},"modified":"2026-01-06T07:29:42","modified_gmt":"2026-01-06T07:29:42","slug":"22k-gold-allah-anhanger","status":"publish","type":"product","link":"https:\/\/www.purejewels.com\/de\/product\/22k-gold-allah-pendant\/","title":{"rendered":"22k Gold Allah-Anh\u00e4nger"},"content":{"rendered":"<h3>Gestaltung<\/h3>\n<p>Tragbarer Glanz - werfen Sie einen Blick auf dieses 22-kar\u00e4tige Gold <a href=\"https:\/\/www.purejewels.com\/de\/product\/gold-allah-pendant\/\">Allah-Anh\u00e4nger<\/a>Der Anh\u00e4nger von Purejewels ist ein wahres Abbild des Glaubens, den das Symbol verk\u00f6rpert. Die arabeske Struktur des Anh\u00e4ngers wurde in feiner Handarbeit gefertigt, fein poliert und entlang der Kanten sch\u00f6n strukturiert.<\/p>\n<h3>Inspiration<\/h3>\n<p>Beeinflusst von der heiligen islamischen Kultur. Diese <a href=\"https:\/\/www.purejewels.com\/de\/product\/22-carat-gold-ek-onkar-pendant-52062\/\">religi\u00f6ser Anh\u00e4nger<\/a> ist eine arabische Darstellung des Wortes Allah und ein Symbol f\u00fcr alle mit ihm verbundenen Glaubensrichtungen. In diesem Land der verschiedenen Religionen und Traditionen gilt Allah f\u00fcr die Anh\u00e4nger des Islamismus als die allm\u00e4chtige und h\u00f6chste g\u00f6ttliche Macht, die f\u00fcr die Erschaffung des Universums verantwortlich ist.<\/p>\n<h3>Stil<\/h3>\n<p>Leicht tragbar und modern, w\u00e4hrend sein Wesen, seine Geschichte und sein religi\u00f6ser Glaube intakt bleiben, ist der elegant gefertigte und perfekt gestaltete Anh\u00e4nger von Purejewels ein \"Must Have\"!<\/p>","protected":false},"excerpt":{"rendered":"<ul>\n<li>22k Gold Allah-Anh\u00e4nger<\/li>\n<li>Gewicht. 3,6 Gramm<\/li>\n<li>SKU. 47558<\/li>\n<li>Kette nicht enthalten<\/li>\n<li>22k Gold, gestempelt von London Assay Office<\/li>\n<li>Mit Pr\u00e4sentationsbox<\/li>\n<li>Lieferung inbegriffen<\/li>\n<li>Alle Preise inklusive Mehrwertsteuer<\/li>\n<li>Live-Chat oder whatsapp uns, um die gesamte Sammlung von 22k Gold Allah Anh\u00e4nger UK sehen<\/li>\n<\/ul>","protected":false},"featured_media":358467,"comment_status":"closed","ping_status":"closed","template":"","meta":{"_eb_attr":"","_crsspst_to_jayantr4sg-hostcom":true},"product_brand":[],"product_cat":[5602,5701,1571,1792,1572,1701],"product_tag":[],"class_list":{"0":"post-307075","1":"product","2":"type-product","3":"status-publish","4":"has-post-thumbnail","6":"product_cat-allah-pendants","7":"product_cat-eid-jewellery","8":"product_cat-fathers-day-gifts","9":"product_cat-festival-gifts","10":"product_cat-mens-jewellery","11":"product_cat-religious-pendants","13":"first","14":"outofstock","15":"taxable","16":"shipping-taxable","17":"product-type-simple","18":"add-to-wishlist-before_image"},"yoast_head":"<!-- This site is optimized with the Yoast SEO plugin v27.4 - https:\/\/yoast.com\/product\/yoast-seo-wordpress\/ -->\n<title>Wearable brilliance -22K gold Allah pendant from PureJewels<\/title>\n<meta name=\"description\" content=\"Easily wearable and modern while keeping its essence, story, and religious beliefs intact, Elegantly crafted and perfectly designed pendant by Purejewels is a &#039;must have&#039;!\" \/>\n<meta name=\"robots\" content=\"index, follow, max-snippet:-1, max-image-preview:large, max-video-preview:-1\" \/>\n<link rel=\"canonical\" href=\"https:\/\/www.purejewels.com\/de\/produkt-2\/22k-gold-allah-anhanger\/\" \/>\n<meta property=\"og:locale\" content=\"de_DE\" \/>\n<meta property=\"og:type\" content=\"article\" \/>\n<meta property=\"og:title\" content=\"Wearable brilliance -22K gold Allah pendant from PureJewels\" \/>\n<meta property=\"og:description\" content=\"Easily wearable and modern while keeping its essence, story, and religious beliefs intact, Elegantly crafted and perfectly designed pendant by Purejewels is a &#039;must have&#039;!\" \/>\n<meta property=\"og:url\" content=\"https:\/\/www.purejewels.com\/de\/produkt-2\/22k-gold-allah-anhanger\/\" \/>\n<meta property=\"og:site_name\" content=\"PureJewels UK\" \/>\n<meta property=\"article:modified_time\" content=\"2026-01-06T07:29:42+00:00\" \/>\n<meta property=\"og:image\" content=\"https:\/\/www.purejewels.com\/wp-content\/uploads\/2018\/12\/47558.png\" \/>\n\t<meta property=\"og:image:width\" content=\"1000\" \/>\n\t<meta property=\"og:image:height\" content=\"1000\" \/>\n\t<meta property=\"og:image:type\" content=\"image\/png\" \/>\n<meta name=\"twitter:card\" content=\"summary_large_image\" \/>\n<meta name=\"twitter:label1\" content=\"Gesch\u00e4tzte Lesezeit\" \/>\n\t<meta name=\"twitter:data1\" content=\"1\u00a0Minute\" \/>\n<script type=\"application\/ld+json\" class=\"yoast-schema-graph\">{\"@context\":\"https:\\\/\\\/schema.org\",\"@graph\":[{\"@type\":[\"WebPage\",\"ItemPage\"],\"@id\":\"https:\\\/\\\/www.purejewels.com\\\/product\\\/22k-gold-allah-pendant\\\/\",\"url\":\"https:\\\/\\\/www.purejewels.com\\\/product\\\/22k-gold-allah-pendant\\\/\",\"name\":\"Wearable brilliance -22K gold Allah pendant from PureJewels\",\"isPartOf\":{\"@id\":\"https:\\\/\\\/www.purejewels.com\\\/#website\"},\"primaryImageOfPage\":{\"@id\":\"https:\\\/\\\/www.purejewels.com\\\/product\\\/22k-gold-allah-pendant\\\/#primaryimage\"},\"image\":{\"@id\":\"https:\\\/\\\/www.purejewels.com\\\/product\\\/22k-gold-allah-pendant\\\/#primaryimage\"},\"thumbnailUrl\":\"https:\\\/\\\/static.purejewels.com\\\/wp-content\\\/uploads\\\/2018\\\/12\\\/47558.png\",\"datePublished\":\"2024-10-30T11:17:26+00:00\",\"dateModified\":\"2026-01-06T07:29:42+00:00\",\"description\":\"Easily wearable and modern while keeping its essence, story, and religious beliefs intact, Elegantly crafted and perfectly designed pendant by Purejewels is a 'must have'!\",\"breadcrumb\":{\"@id\":\"https:\\\/\\\/www.purejewels.com\\\/product\\\/22k-gold-allah-pendant\\\/#breadcrumb\"},\"inLanguage\":\"de\",\"potentialAction\":[{\"@type\":\"ReadAction\",\"target\":[\"https:\\\/\\\/www.purejewels.com\\\/product\\\/22k-gold-allah-pendant\\\/\"]}]},{\"@type\":\"ImageObject\",\"inLanguage\":\"de\",\"@id\":\"https:\\\/\\\/www.purejewels.com\\\/product\\\/22k-gold-allah-pendant\\\/#primaryimage\",\"url\":\"https:\\\/\\\/static.purejewels.com\\\/wp-content\\\/uploads\\\/2018\\\/12\\\/47558.png\",\"contentUrl\":\"https:\\\/\\\/static.purejewels.com\\\/wp-content\\\/uploads\\\/2018\\\/12\\\/47558.png\",\"width\":1000,\"height\":1000,\"caption\":\"22ct Gold Allah Pendant\"},{\"@type\":\"BreadcrumbList\",\"@id\":\"https:\\\/\\\/www.purejewels.com\\\/product\\\/22k-gold-allah-pendant\\\/#breadcrumb\",\"itemListElement\":[{\"@type\":\"ListItem\",\"position\":1,\"name\":\"Home\",\"item\":\"https:\\\/\\\/www.purejewels.com\\\/\"},{\"@type\":\"ListItem\",\"position\":2,\"name\":\"Shop\",\"item\":\"https:\\\/\\\/www.purejewels.com\\\/shop\\\/\"},{\"@type\":\"ListItem\",\"position\":3,\"name\":\"22k Gold Allah Pendant\"}]},{\"@type\":\"WebSite\",\"@id\":\"https:\\\/\\\/www.purejewels.com\\\/#website\",\"url\":\"https:\\\/\\\/www.purejewels.com\\\/\",\"name\":\"PureJewels UK\",\"description\":\"Share the Love\",\"publisher\":{\"@id\":\"https:\\\/\\\/www.purejewels.com\\\/#organization\"},\"potentialAction\":[{\"@type\":\"SearchAction\",\"target\":{\"@type\":\"EntryPoint\",\"urlTemplate\":\"https:\\\/\\\/www.purejewels.com\\\/?s={search_term_string}\"},\"query-input\":{\"@type\":\"PropertyValueSpecification\",\"valueRequired\":true,\"valueName\":\"search_term_string\"}}],\"inLanguage\":\"de\"},{\"@type\":\"Organization\",\"@id\":\"https:\\\/\\\/www.purejewels.com\\\/#organization\",\"name\":\"PureJewels UK\",\"url\":\"https:\\\/\\\/www.purejewels.com\\\/\",\"logo\":{\"@type\":\"ImageObject\",\"inLanguage\":\"de\",\"@id\":\"https:\\\/\\\/www.purejewels.com\\\/#\\\/schema\\\/logo\\\/image\\\/\",\"url\":\"https:\\\/\\\/static.purejewels.com\\\/wp-content\\\/uploads\\\/2020\\\/11\\\/Logo-PJ-New-1.png\",\"contentUrl\":\"https:\\\/\\\/static.purejewels.com\\\/wp-content\\\/uploads\\\/2020\\\/11\\\/Logo-PJ-New-1.png\",\"width\":150,\"height\":80,\"caption\":\"PureJewels UK\"},\"image\":{\"@id\":\"https:\\\/\\\/www.purejewels.com\\\/#\\\/schema\\\/logo\\\/image\\\/\"}}]}<\/script>\n<!-- \/ Yoast SEO plugin. -->","yoast_head_json":{"title":"Tragbarer Glanz - Allah-Anh\u00e4nger aus 22K Gold von PureJewels","description":"Leicht tragbar und modern, w\u00e4hrend sein Wesen, seine Geschichte und sein religi\u00f6ser Glaube intakt bleiben, ist der elegant gefertigte und perfekt gestaltete Anh\u00e4nger von Purejewels ein \"Must Have\"!","robots":{"index":"index","follow":"follow","max-snippet":"max-snippet:-1","max-image-preview":"max-image-preview:large","max-video-preview":"max-video-preview:-1"},"canonical":"https:\/\/www.purejewels.com\/de\/produkt-2\/22k-gold-allah-anhanger\/","og_locale":"de_DE","og_type":"article","og_title":"Wearable brilliance -22K gold Allah pendant from PureJewels","og_description":"Easily wearable and modern while keeping its essence, story, and religious beliefs intact, Elegantly crafted and perfectly designed pendant by Purejewels is a 'must have'!","og_url":"https:\/\/www.purejewels.com\/de\/produkt-2\/22k-gold-allah-anhanger\/","og_site_name":"PureJewels UK","article_modified_time":"2026-01-06T07:29:42+00:00","og_image":[{"width":1000,"height":1000,"url":"https:\/\/www.purejewels.com\/wp-content\/uploads\/2018\/12\/47558.png","type":"image\/png"}],"twitter_card":"summary_large_image","twitter_misc":{"Gesch\u00e4tzte Lesezeit":"1\u00a0Minute"},"schema":{"@context":"https:\/\/schema.org","@graph":[{"@type":["WebPage","ItemPage"],"@id":"https:\/\/www.purejewels.com\/product\/22k-gold-allah-pendant\/","url":"https:\/\/www.purejewels.com\/product\/22k-gold-allah-pendant\/","name":"Tragbarer Glanz - Allah-Anh\u00e4nger aus 22K Gold von PureJewels","isPartOf":{"@id":"https:\/\/www.purejewels.com\/#website"},"primaryImageOfPage":{"@id":"https:\/\/www.purejewels.com\/product\/22k-gold-allah-pendant\/#primaryimage"},"image":{"@id":"https:\/\/www.purejewels.com\/product\/22k-gold-allah-pendant\/#primaryimage"},"thumbnailUrl":"https:\/\/static.purejewels.com\/wp-content\/uploads\/2018\/12\/47558.png","datePublished":"2024-10-30T11:17:26+00:00","dateModified":"2026-01-06T07:29:42+00:00","description":"Leicht tragbar und modern, w\u00e4hrend sein Wesen, seine Geschichte und sein religi\u00f6ser Glaube intakt bleiben, ist der elegant gefertigte und perfekt gestaltete Anh\u00e4nger von Purejewels ein \"Must Have\"!","breadcrumb":{"@id":"https:\/\/www.purejewels.com\/product\/22k-gold-allah-pendant\/#breadcrumb"},"inLanguage":"de","potentialAction":[{"@type":"ReadAction","target":["https:\/\/www.purejewels.com\/product\/22k-gold-allah-pendant\/"]}]},{"@type":"ImageObject","inLanguage":"de","@id":"https:\/\/www.purejewels.com\/product\/22k-gold-allah-pendant\/#primaryimage","url":"https:\/\/static.purejewels.com\/wp-content\/uploads\/2018\/12\/47558.png","contentUrl":"https:\/\/static.purejewels.com\/wp-content\/uploads\/2018\/12\/47558.png","width":1000,"height":1000,"caption":"22ct Gold Allah Pendant"},{"@type":"BreadcrumbList","@id":"https:\/\/www.purejewels.com\/product\/22k-gold-allah-pendant\/#breadcrumb","itemListElement":[{"@type":"ListItem","position":1,"name":"Home","item":"https:\/\/www.purejewels.com\/"},{"@type":"ListItem","position":2,"name":"Shop","item":"https:\/\/www.purejewels.com\/shop\/"},{"@type":"ListItem","position":3,"name":"22k Gold Allah Pendant"}]},{"@type":"WebSite","@id":"https:\/\/www.purejewels.com\/#website","url":"https:\/\/www.purejewels.com\/","name":"PureJewels UK","description":"Teile die Liebe","publisher":{"@id":"https:\/\/www.purejewels.com\/#organization"},"potentialAction":[{"@type":"SearchAction","target":{"@type":"EntryPoint","urlTemplate":"https:\/\/www.purejewels.com\/?s={search_term_string}"},"query-input":{"@type":"PropertyValueSpecification","valueRequired":true,"valueName":"search_term_string"}}],"inLanguage":"de"},{"@type":"Organization","@id":"https:\/\/www.purejewels.com\/#organization","name":"PureJewels UK","url":"https:\/\/www.purejewels.com\/","logo":{"@type":"ImageObject","inLanguage":"de","@id":"https:\/\/www.purejewels.com\/#\/schema\/logo\/image\/","url":"https:\/\/static.purejewels.com\/wp-content\/uploads\/2020\/11\/Logo-PJ-New-1.png","contentUrl":"https:\/\/static.purejewels.com\/wp-content\/uploads\/2020\/11\/Logo-PJ-New-1.png","width":150,"height":80,"caption":"PureJewels UK"},"image":{"@id":"https:\/\/www.purejewels.com\/#\/schema\/logo\/image\/"}}]}},"_links":{"self":[{"href":"https:\/\/www.purejewels.com\/de\/wp-json\/wp\/v2\/product\/307075","targetHints":{"allow":["GET"]}}],"collection":[{"href":"https:\/\/www.purejewels.com\/de\/wp-json\/wp\/v2\/product"}],"about":[{"href":"https:\/\/www.purejewels.com\/de\/wp-json\/wp\/v2\/types\/product"}],"replies":[{"embeddable":true,"href":"https:\/\/www.purejewels.com\/de\/wp-json\/wp\/v2\/comments?post=307075"}],"version-history":[{"count":1,"href":"https:\/\/www.purejewels.com\/de\/wp-json\/wp\/v2\/product\/307075\/revisions"}],"predecessor-version":[{"id":362788,"href":"https:\/\/www.purejewels.com\/de\/wp-json\/wp\/v2\/product\/307075\/revisions\/362788"}],"wp:featuredmedia":[{"embeddable":true,"href":"https:\/\/www.purejewels.com\/de\/wp-json\/wp\/v2\/media\/358467"}],"wp:attachment":[{"href":"https:\/\/www.purejewels.com\/de\/wp-json\/wp\/v2\/media?parent=307075"}],"wp:term":[{"taxonomy":"product_brand","embeddable":true,"href":"https:\/\/www.purejewels.com\/de\/wp-json\/wp\/v2\/product_brand?post=307075"},{"taxonomy":"product_cat","embeddable":true,"href":"https:\/\/www.purejewels.com\/de\/wp-json\/wp\/v2\/product_cat?post=307075"},{"taxonomy":"product_tag","embeddable":true,"href":"https:\/\/www.purejewels.com\/de\/wp-json\/wp\/v2\/product_tag?post=307075"}],"curies":[{"name":"wp","href":"https:\/\/api.w.org\/{rel}","templated":true}]}}