{"id":308486,"date":"2019-01-07T06:04:05","date_gmt":"2019-01-07T06:04:05","guid":{"rendered":"https:\/\/www.purejewels.com\/?post_type=product&#038;p=308486"},"modified":"2025-11-27T04:47:54","modified_gmt":"2025-11-27T04:47:54","slug":"diamant-halskette-aus-18-karat-weisgold-3","status":"publish","type":"product","link":"https:\/\/www.purejewels.com\/de\/product\/18ct-white-gold-diamond-necklace-3\/","title":{"rendered":"Prinzessschliff-Halo-Diamant-Halskette"},"content":{"rendered":"<p data-start=\"536\" data-end=\"816\">Verbessern Sie Ihren Alltag mit dem <strong data-start=\"567\" data-end=\"605\">Halo-Halskette mit Diamanten im Prinzessschliff<\/strong>, meisterhaft inszeniert in <strong data-start=\"626\" data-end=\"645\"><a href=\"https:\/\/www.purejewels.com\/de\/product\/18ct-white-gold-khanda-sikh-religious-pendant-6226\/\">18ct<\/a> Wei\u00dfgold<\/strong>. In seiner Mitte sitzt ein auff\u00e4lliger Diamant im Prinzessschliff, umgeben von einem brillanten Halo aus Pav\u00e9-Diamanten \u2013 wodurch eine anmutige Balance zwischen moderner Geometrie und zeitlosem Glanz entsteht.<\/p>\n<p data-start=\"818\" data-end=\"1064\">Dieses Design strahlt Eleganz aus, mit klaren, markanten Linien und au\u00dfergew\u00f6hnlicher Lichtreflexion, wodurch es sich sowohl f\u00fcr den Alltag als auch f\u00fcr besondere Anl\u00e4sse ideal eignet. Der Halo unterstreicht die Pr\u00e4senz des Mittelsteins und verleiht ihm Tiefe, Brillanz und eine luxuri\u00f6se Silhouette.<\/p>\n<p data-start=\"1066\" data-end=\"1277\">Diese Halskette wurde in London sorgf\u00e4ltig von Hand gefertigt und punziert und ist ein dezentes Statement f\u00fcr Raffinesse. Eine strahlende Erg\u00e4nzung Ihrer eigenen Kollektion \u2013 oder ein durchdachtes Geschenk, das von ewiger Liebe und Anmut zeugt.<\/p>","protected":false},"excerpt":{"rendered":"<ul>\n<li>18ct Wei\u00dfgold Diamant-Halskette<\/li>\n<li>Gesamtgewicht der Diamanten . 0,34 ct<\/li>\n<li>Diamant in der Mitte - 1 nat\u00fcrlicher Diamant<\/li>\n<li>Die Form. Kissen<\/li>\n<li>Gewicht des Diamanten 0,23 ct.<\/li>\n<li>Farbe. Fancy Gelb<\/li>\n<li>Klarheit. VVS<\/li>\n<\/ul>\n<ul>\n<li>Seitensteine - 16 nat\u00fcrliche Diamanten<\/li>\n<li>Form. Rund Brillant<\/li>\n<li>Gewicht des Diamanten 0,11 ct.<\/li>\n<li>Farbe.  G - H<\/li>\n<li>Klarheit - VS - SI<\/li>\n<li>Bescheinigung Nr. SGLDGJ186623Y<\/li>\n<li>SKU. 28551<\/li>\n<li>Alle Preise inklusive Mehrwertsteuer<\/li>\n<li>Alle unsere Produkte sind vom London Assay Office gestempelt.<\/li>\n<li>Alle Sets werden mit Pr\u00e4sentationsbox geliefert<\/li>\n<li>Lieferung inbegriffen<\/li>\n<li>Live-Chat mit uns f\u00fcr die Verf\u00fcgbarkeit und mehr Bilder von \u00e4hnlichen Designs derzeit auf Lager<\/li>\n<\/ul>","protected":false},"featured_media":308498,"comment_status":"closed","ping_status":"closed","template":"","meta":{"_eb_attr":"","_crsspst_to_jayantr4sg-hostcom":false},"product_brand":[],"product_cat":[1559,1794,1533,1573,1537,1574],"product_tag":[1461],"class_list":{"0":"post-308486","1":"product","2":"type-product","3":"status-publish","4":"has-post-thumbnail","6":"product_cat-birthday-gifts","7":"product_cat-christmas-gifts","8":"product_cat-diamond-jewellery-set","9":"product_cat-wedding-gifts","10":"product_cat-white-gold-jewellery-set","11":"product_cat-womens-jewellery","12":"product_tag-diamond-necklace","14":"first","15":"outofstock","16":"taxable","17":"shipping-taxable","18":"product-type-simple","19":"add-to-wishlist-before_image"},"yoast_head":"<!-- This site is optimized with the Yoast SEO plugin v27.5 - https:\/\/yoast.com\/product\/yoast-seo-wordpress\/ -->\n<title>Halo Princess Cut Diamond Necklace | 18ct White Gold<\/title>\n<meta name=\"description\" content=\"Shop the Halo Princess Cut Diamond Necklace in 18ct White Gold. A timeless piece combining modern brilliance with classic elegance. Only at PureJewels.\" \/>\n<meta name=\"robots\" content=\"index, follow, max-snippet:-1, max-image-preview:large, max-video-preview:-1\" \/>\n<link rel=\"canonical\" href=\"https:\/\/www.purejewels.com\/de\/produkt-2\/diamant-halskette-aus-18-karat-weisgold-3\/\" \/>\n<meta property=\"og:locale\" content=\"de_DE\" \/>\n<meta property=\"og:type\" content=\"article\" \/>\n<meta property=\"og:title\" content=\"Halo Princess Cut Diamond Necklace | 18ct White Gold\" \/>\n<meta property=\"og:description\" content=\"Shop the Halo Princess Cut Diamond Necklace in 18ct White Gold. A timeless piece combining modern brilliance with classic elegance. Only at PureJewels.\" \/>\n<meta property=\"og:url\" content=\"https:\/\/www.purejewels.com\/de\/produkt-2\/diamant-halskette-aus-18-karat-weisgold-3\/\" \/>\n<meta property=\"og:site_name\" content=\"PureJewels UK\" \/>\n<meta property=\"article:modified_time\" content=\"2025-11-27T04:47:54+00:00\" \/>\n<meta property=\"og:image\" content=\"https:\/\/www.purejewels.com\/wp-content\/uploads\/2019\/01\/28551_1.png\" \/>\n\t<meta property=\"og:image:width\" content=\"1000\" \/>\n\t<meta property=\"og:image:height\" content=\"1000\" \/>\n\t<meta property=\"og:image:type\" content=\"image\/png\" \/>\n<meta name=\"twitter:card\" content=\"summary_large_image\" \/>\n<meta name=\"twitter:label1\" content=\"Gesch\u00e4tzte Lesezeit\" \/>\n\t<meta name=\"twitter:data1\" content=\"1\u00a0Minute\" \/>\n<script type=\"application\/ld+json\" class=\"yoast-schema-graph\">{\"@context\":\"https:\\\/\\\/schema.org\",\"@graph\":[{\"@type\":[\"WebPage\",\"ItemPage\"],\"@id\":\"https:\\\/\\\/www.purejewels.com\\\/product\\\/18ct-white-gold-diamond-necklace-3\\\/\",\"url\":\"https:\\\/\\\/www.purejewels.com\\\/product\\\/18ct-white-gold-diamond-necklace-3\\\/\",\"name\":\"Halo Princess Cut Diamond Necklace | 18ct White Gold\",\"isPartOf\":{\"@id\":\"https:\\\/\\\/www.purejewels.com\\\/#website\"},\"primaryImageOfPage\":{\"@id\":\"https:\\\/\\\/www.purejewels.com\\\/product\\\/18ct-white-gold-diamond-necklace-3\\\/#primaryimage\"},\"image\":{\"@id\":\"https:\\\/\\\/www.purejewels.com\\\/product\\\/18ct-white-gold-diamond-necklace-3\\\/#primaryimage\"},\"thumbnailUrl\":\"https:\\\/\\\/static.purejewels.com\\\/wp-content\\\/uploads\\\/2019\\\/01\\\/28551_1.png\",\"datePublished\":\"2019-01-07T06:04:05+00:00\",\"dateModified\":\"2025-11-27T04:47:54+00:00\",\"description\":\"Shop the Halo Princess Cut Diamond Necklace in 18ct White Gold. A timeless piece combining modern brilliance with classic elegance. Only at PureJewels.\",\"breadcrumb\":{\"@id\":\"https:\\\/\\\/www.purejewels.com\\\/product\\\/18ct-white-gold-diamond-necklace-3\\\/#breadcrumb\"},\"inLanguage\":\"de\",\"potentialAction\":[{\"@type\":\"ReadAction\",\"target\":[\"https:\\\/\\\/www.purejewels.com\\\/product\\\/18ct-white-gold-diamond-necklace-3\\\/\"]}]},{\"@type\":\"ImageObject\",\"inLanguage\":\"de\",\"@id\":\"https:\\\/\\\/www.purejewels.com\\\/product\\\/18ct-white-gold-diamond-necklace-3\\\/#primaryimage\",\"url\":\"https:\\\/\\\/static.purejewels.com\\\/wp-content\\\/uploads\\\/2019\\\/01\\\/28551_1.png\",\"contentUrl\":\"https:\\\/\\\/static.purejewels.com\\\/wp-content\\\/uploads\\\/2019\\\/01\\\/28551_1.png\",\"width\":1000,\"height\":1000,\"caption\":\"28551_1\"},{\"@type\":\"BreadcrumbList\",\"@id\":\"https:\\\/\\\/www.purejewels.com\\\/product\\\/18ct-white-gold-diamond-necklace-3\\\/#breadcrumb\",\"itemListElement\":[{\"@type\":\"ListItem\",\"position\":1,\"name\":\"Home\",\"item\":\"https:\\\/\\\/www.purejewels.com\\\/\"},{\"@type\":\"ListItem\",\"position\":2,\"name\":\"Shop\",\"item\":\"https:\\\/\\\/www.purejewels.com\\\/shop\\\/\"},{\"@type\":\"ListItem\",\"position\":3,\"name\":\"Princess Cut Halo Diamond Necklace\"}]},{\"@type\":\"WebSite\",\"@id\":\"https:\\\/\\\/www.purejewels.com\\\/#website\",\"url\":\"https:\\\/\\\/www.purejewels.com\\\/\",\"name\":\"PureJewels UK\",\"description\":\"Share the Love\",\"publisher\":{\"@id\":\"https:\\\/\\\/www.purejewels.com\\\/#organization\"},\"potentialAction\":[{\"@type\":\"SearchAction\",\"target\":{\"@type\":\"EntryPoint\",\"urlTemplate\":\"https:\\\/\\\/www.purejewels.com\\\/?s={search_term_string}\"},\"query-input\":{\"@type\":\"PropertyValueSpecification\",\"valueRequired\":true,\"valueName\":\"search_term_string\"}}],\"inLanguage\":\"de\"},{\"@type\":\"Organization\",\"@id\":\"https:\\\/\\\/www.purejewels.com\\\/#organization\",\"name\":\"PureJewels UK\",\"url\":\"https:\\\/\\\/www.purejewels.com\\\/\",\"logo\":{\"@type\":\"ImageObject\",\"inLanguage\":\"de\",\"@id\":\"https:\\\/\\\/www.purejewels.com\\\/#\\\/schema\\\/logo\\\/image\\\/\",\"url\":\"https:\\\/\\\/static.purejewels.com\\\/wp-content\\\/uploads\\\/2020\\\/11\\\/Logo-PJ-New-1.png\",\"contentUrl\":\"https:\\\/\\\/static.purejewels.com\\\/wp-content\\\/uploads\\\/2020\\\/11\\\/Logo-PJ-New-1.png\",\"width\":150,\"height\":80,\"caption\":\"PureJewels UK\"},\"image\":{\"@id\":\"https:\\\/\\\/www.purejewels.com\\\/#\\\/schema\\\/logo\\\/image\\\/\"}}]}<\/script>\n<!-- \/ Yoast SEO plugin. -->","yoast_head_json":{"title":"Halo-Halskette mit Diamanten im Prinzessschliff | 18 Karat Wei\u00dfgold","description":"Entdecken Sie die Halskette mit Diamanten im Prinzessschliff aus 18 Karat Wei\u00dfgold. Ein zeitloses Schmuckst\u00fcck, das moderne Brillanz mit klassischer Eleganz verbindet. Nur bei PureJewels erh\u00e4ltlich.","robots":{"index":"index","follow":"follow","max-snippet":"max-snippet:-1","max-image-preview":"max-image-preview:large","max-video-preview":"max-video-preview:-1"},"canonical":"https:\/\/www.purejewels.com\/de\/produkt-2\/diamant-halskette-aus-18-karat-weisgold-3\/","og_locale":"de_DE","og_type":"article","og_title":"Halo Princess Cut Diamond Necklace | 18ct White Gold","og_description":"Shop the Halo Princess Cut Diamond Necklace in 18ct White Gold. A timeless piece combining modern brilliance with classic elegance. Only at PureJewels.","og_url":"https:\/\/www.purejewels.com\/de\/produkt-2\/diamant-halskette-aus-18-karat-weisgold-3\/","og_site_name":"PureJewels UK","article_modified_time":"2025-11-27T04:47:54+00:00","og_image":[{"width":1000,"height":1000,"url":"https:\/\/www.purejewels.com\/wp-content\/uploads\/2019\/01\/28551_1.png","type":"image\/png"}],"twitter_card":"summary_large_image","twitter_misc":{"Gesch\u00e4tzte Lesezeit":"1\u00a0Minute"},"schema":{"@context":"https:\/\/schema.org","@graph":[{"@type":["WebPage","ItemPage"],"@id":"https:\/\/www.purejewels.com\/product\/18ct-white-gold-diamond-necklace-3\/","url":"https:\/\/www.purejewels.com\/product\/18ct-white-gold-diamond-necklace-3\/","name":"Halo-Halskette mit Diamanten im Prinzessschliff | 18 Karat Wei\u00dfgold","isPartOf":{"@id":"https:\/\/www.purejewels.com\/#website"},"primaryImageOfPage":{"@id":"https:\/\/www.purejewels.com\/product\/18ct-white-gold-diamond-necklace-3\/#primaryimage"},"image":{"@id":"https:\/\/www.purejewels.com\/product\/18ct-white-gold-diamond-necklace-3\/#primaryimage"},"thumbnailUrl":"https:\/\/static.purejewels.com\/wp-content\/uploads\/2019\/01\/28551_1.png","datePublished":"2019-01-07T06:04:05+00:00","dateModified":"2025-11-27T04:47:54+00:00","description":"Entdecken Sie die Halskette mit Diamanten im Prinzessschliff aus 18 Karat Wei\u00dfgold. Ein zeitloses Schmuckst\u00fcck, das moderne Brillanz mit klassischer Eleganz verbindet. Nur bei PureJewels erh\u00e4ltlich.","breadcrumb":{"@id":"https:\/\/www.purejewels.com\/product\/18ct-white-gold-diamond-necklace-3\/#breadcrumb"},"inLanguage":"de","potentialAction":[{"@type":"ReadAction","target":["https:\/\/www.purejewels.com\/product\/18ct-white-gold-diamond-necklace-3\/"]}]},{"@type":"ImageObject","inLanguage":"de","@id":"https:\/\/www.purejewels.com\/product\/18ct-white-gold-diamond-necklace-3\/#primaryimage","url":"https:\/\/static.purejewels.com\/wp-content\/uploads\/2019\/01\/28551_1.png","contentUrl":"https:\/\/static.purejewels.com\/wp-content\/uploads\/2019\/01\/28551_1.png","width":1000,"height":1000,"caption":"28551_1"},{"@type":"BreadcrumbList","@id":"https:\/\/www.purejewels.com\/product\/18ct-white-gold-diamond-necklace-3\/#breadcrumb","itemListElement":[{"@type":"ListItem","position":1,"name":"Home","item":"https:\/\/www.purejewels.com\/"},{"@type":"ListItem","position":2,"name":"Shop","item":"https:\/\/www.purejewels.com\/shop\/"},{"@type":"ListItem","position":3,"name":"Princess Cut Halo Diamond Necklace"}]},{"@type":"WebSite","@id":"https:\/\/www.purejewels.com\/#website","url":"https:\/\/www.purejewels.com\/","name":"PureJewels UK","description":"Teile die Liebe","publisher":{"@id":"https:\/\/www.purejewels.com\/#organization"},"potentialAction":[{"@type":"SearchAction","target":{"@type":"EntryPoint","urlTemplate":"https:\/\/www.purejewels.com\/?s={search_term_string}"},"query-input":{"@type":"PropertyValueSpecification","valueRequired":true,"valueName":"search_term_string"}}],"inLanguage":"de"},{"@type":"Organization","@id":"https:\/\/www.purejewels.com\/#organization","name":"PureJewels UK","url":"https:\/\/www.purejewels.com\/","logo":{"@type":"ImageObject","inLanguage":"de","@id":"https:\/\/www.purejewels.com\/#\/schema\/logo\/image\/","url":"https:\/\/static.purejewels.com\/wp-content\/uploads\/2020\/11\/Logo-PJ-New-1.png","contentUrl":"https:\/\/static.purejewels.com\/wp-content\/uploads\/2020\/11\/Logo-PJ-New-1.png","width":150,"height":80,"caption":"PureJewels UK"},"image":{"@id":"https:\/\/www.purejewels.com\/#\/schema\/logo\/image\/"}}]}},"_links":{"self":[{"href":"https:\/\/www.purejewels.com\/de\/wp-json\/wp\/v2\/product\/308486","targetHints":{"allow":["GET"]}}],"collection":[{"href":"https:\/\/www.purejewels.com\/de\/wp-json\/wp\/v2\/product"}],"about":[{"href":"https:\/\/www.purejewels.com\/de\/wp-json\/wp\/v2\/types\/product"}],"replies":[{"embeddable":true,"href":"https:\/\/www.purejewels.com\/de\/wp-json\/wp\/v2\/comments?post=308486"}],"version-history":[{"count":2,"href":"https:\/\/www.purejewels.com\/de\/wp-json\/wp\/v2\/product\/308486\/revisions"}],"predecessor-version":[{"id":421915,"href":"https:\/\/www.purejewels.com\/de\/wp-json\/wp\/v2\/product\/308486\/revisions\/421915"}],"wp:featuredmedia":[{"embeddable":true,"href":"https:\/\/www.purejewels.com\/de\/wp-json\/wp\/v2\/media\/308498"}],"wp:attachment":[{"href":"https:\/\/www.purejewels.com\/de\/wp-json\/wp\/v2\/media?parent=308486"}],"wp:term":[{"taxonomy":"product_brand","embeddable":true,"href":"https:\/\/www.purejewels.com\/de\/wp-json\/wp\/v2\/product_brand?post=308486"},{"taxonomy":"product_cat","embeddable":true,"href":"https:\/\/www.purejewels.com\/de\/wp-json\/wp\/v2\/product_cat?post=308486"},{"taxonomy":"product_tag","embeddable":true,"href":"https:\/\/www.purejewels.com\/de\/wp-json\/wp\/v2\/product_tag?post=308486"}],"curies":[{"name":"wp","href":"https:\/\/api.w.org\/{rel}","templated":true}]}}