{"id":308490,"date":"2019-01-07T06:07:40","date_gmt":"2019-01-07T06:07:40","guid":{"rendered":"https:\/\/www.purejewels.com\/?post_type=product&#038;p=308490"},"modified":"2025-11-06T05:48:19","modified_gmt":"2025-11-06T05:48:19","slug":"diamant-halskette-aus-18-karat-gelbgold-41221","status":"publish","type":"product","link":"https:\/\/www.purejewels.com\/de\/product\/18-carat-yellow-gold-diamond-necklace\/","title":{"rendered":"18 Karat Gelbgold Diamant-Halskette"},"content":{"rendered":"<p>G\u00f6nnen Sie sich die zeitlose Sch\u00f6nheit dieser exquisiten Diamant-Halskette aus 18 Karat Gelbgold von PureJewels UK. Dieses atemberaubende St\u00fcck hat ein Gesamtgewicht von 0,46 Karat, mit einem Mittelstein bestehend aus zwei nat\u00fcrlichen Diamanten in Birnen- und Kissenform. Die Diamanten haben eine schicke gelbe Farbe und eine Reinheit von VS-SI und verleihen jedem Outfit einen Hauch von Luxus.<\/p>\n<p>Der Anh\u00e4nger ist an der Seite mit 30 nat\u00fcrlichen Diamanten von insgesamt 0,20 Karat besetzt, die eine Farbe von G-H und eine Reinheit von VS-SI aufweisen. Jedes St\u00fcck wird von einem Zertifikat des London Assay Office begleitet, das seine Echtheit und Qualit\u00e4t garantiert. Das Collier wird mit einer im Gesamtpreis enthaltenen Kette geliefert und ist somit das perfekte Geschenk f\u00fcr einen besonderen Anlass.<\/p>\n<p>Alle unsere Produkte werden sorgf\u00e4ltig in einer Pr\u00e4sentationsbox geliefert, und wir bieten Ihnen eine kostenlose, verfolgbare Lieferung an, damit Sie es bequem haben.  Erh\u00f6hen Sie Ihren Stil mit dieser eleganten Diamant-Halskette und setzen Sie ein Statement, wo immer Sie hingehen.<\/p>","protected":false},"excerpt":{"rendered":"<ul>\n<li>18ct Gelbgold Diamant-Anh\u00e4nger und Kette<\/li>\n<li>\u00a0Gesamtgewicht der Diamanten 0,46 ct.<\/li>\n<li><strong>Mittelstein.<\/strong>\u00a02 nat\u00fcrliche Diamanten<\/li>\n<li>Form. Birne &amp; Kissen<\/li>\n<li>Diamant(en) Gewicht 0,26 Karat<\/li>\n<li>Farbe. Fancy Gelb<\/li>\n<li>Klarheit. VS - SI<\/li>\n<li><strong>Seite Stein.<\/strong>\u00a030 nat\u00fcrliche Diamanten<\/li>\n<li>Gewicht der Diamanten 0,20 Karat<\/li>\n<li>Farbe. G - H<\/li>\n<li>Klarheit. VS - SI<\/li>\n<li>Zertifikat Nr.\u00a0<strong>SGLDGJ186644Y<\/strong><\/li>\n<li>SKU. 28544<\/li>\n<li>Kette im Gesamtpreis enthalten<\/li>\n<li>Alle Preise inklusive Mehrwertsteuer<\/li>\n<li>Alle unsere Produkte sind vom London Assay Office gestempelt.<\/li>\n<li>Alle Sets werden mit Pr\u00e4sentationsbox geliefert<\/li>\n<li>Lieferung inbegriffen<\/li>\n<li>Kontaktieren Sie uns \/ Live-Chat mit uns f\u00fcr Video des Produkts<\/li>\n<\/ul>","protected":false},"featured_media":308497,"comment_status":"closed","ping_status":"closed","template":"","meta":{"_eb_attr":"","_crsspst_to_jayantr4sg-hostcom":false},"product_brand":[],"product_cat":[1559,1794,1533,1229,1253,1778,1574],"product_tag":[1461],"class_list":{"0":"post-308490","1":"product","2":"type-product","3":"status-publish","4":"has-post-thumbnail","6":"product_cat-birthday-gifts","7":"product_cat-christmas-gifts","8":"product_cat-diamond-jewellery-set","9":"product_cat-22ct-gold-jewellery","10":"product_cat-gold-necklaces","11":"product_cat-short-necklaces","12":"product_cat-womens-jewellery","13":"product_tag-diamond-necklace","15":"first","16":"outofstock","17":"taxable","18":"shipping-taxable","19":"product-type-simple","20":"add-to-wishlist-before_image"},"yoast_head":"<!-- This site is optimized with the Yoast SEO plugin v27.5 - https:\/\/yoast.com\/product\/yoast-seo-wordpress\/ -->\n<title>18 Carat Yellow Gold Diamond Necklace - PureJewels UK<\/title>\n<meta name=\"robots\" content=\"index, follow, max-snippet:-1, max-image-preview:large, max-video-preview:-1\" \/>\n<link rel=\"canonical\" href=\"https:\/\/www.purejewels.com\/de\/produkt-2\/diamant-halskette-aus-18-karat-gelbgold-41221\/\" \/>\n<meta property=\"og:locale\" content=\"de_DE\" \/>\n<meta property=\"og:type\" content=\"article\" \/>\n<meta property=\"og:title\" content=\"18 Carat Yellow Gold Diamond Necklace - PureJewels UK\" \/>\n<meta property=\"og:description\" content=\"18ct Yellow Gold Diamond Pendant And Chain  \u00a0Total Diamonds Wt. 0.46 ct  Center Stone.\u00a02 Natural Diamonds  Shape. Pear &amp; Cushion  Diamond(s) wt. 0.26 carat  Colour. Fancy Yellow  Clarity. VS - SI  Side Stone.\u00a030 Natural Diamonds  Diamonds wt. 0.20 carat  Colour. G - H  Clarity. VS - SI  Certificate No.\u00a0SGLDGJ186644Y  SKU. 28544  Chain included in Total Price  All prices include VAT  All our Products are Hallmarked by London Assay Office  All Set Comes With Presentation Box  Delivery Included  Contact us \/ Live chat with us for Video of Product\" \/>\n<meta property=\"og:url\" content=\"https:\/\/www.purejewels.com\/de\/produkt-2\/diamant-halskette-aus-18-karat-gelbgold-41221\/\" \/>\n<meta property=\"og:site_name\" content=\"PureJewels UK\" \/>\n<meta property=\"article:modified_time\" content=\"2025-11-06T05:48:19+00:00\" \/>\n<meta property=\"og:image\" content=\"https:\/\/www.purejewels.com\/wp-content\/uploads\/2019\/01\/28544_1.png\" \/>\n\t<meta property=\"og:image:width\" content=\"1000\" \/>\n\t<meta property=\"og:image:height\" content=\"1000\" \/>\n\t<meta property=\"og:image:type\" content=\"image\/png\" \/>\n<meta name=\"twitter:card\" content=\"summary_large_image\" \/>\n<meta name=\"twitter:label1\" content=\"Gesch\u00e4tzte Lesezeit\" \/>\n\t<meta name=\"twitter:data1\" content=\"1\u00a0Minute\" \/>\n<script type=\"application\/ld+json\" class=\"yoast-schema-graph\">{\"@context\":\"https:\\\/\\\/schema.org\",\"@graph\":[{\"@type\":[\"WebPage\",\"ItemPage\"],\"@id\":\"https:\\\/\\\/www.purejewels.com\\\/product\\\/18-carat-yellow-gold-diamond-necklace\\\/\",\"url\":\"https:\\\/\\\/www.purejewels.com\\\/product\\\/18-carat-yellow-gold-diamond-necklace\\\/\",\"name\":\"18 Carat Yellow Gold Diamond Necklace - PureJewels UK\",\"isPartOf\":{\"@id\":\"https:\\\/\\\/www.purejewels.com\\\/#website\"},\"primaryImageOfPage\":{\"@id\":\"https:\\\/\\\/www.purejewels.com\\\/product\\\/18-carat-yellow-gold-diamond-necklace\\\/#primaryimage\"},\"image\":{\"@id\":\"https:\\\/\\\/www.purejewels.com\\\/product\\\/18-carat-yellow-gold-diamond-necklace\\\/#primaryimage\"},\"thumbnailUrl\":\"https:\\\/\\\/static.purejewels.com\\\/wp-content\\\/uploads\\\/2019\\\/01\\\/28544_1.png\",\"datePublished\":\"2019-01-07T06:07:40+00:00\",\"dateModified\":\"2025-11-06T05:48:19+00:00\",\"breadcrumb\":{\"@id\":\"https:\\\/\\\/www.purejewels.com\\\/product\\\/18-carat-yellow-gold-diamond-necklace\\\/#breadcrumb\"},\"inLanguage\":\"de\",\"potentialAction\":[{\"@type\":\"ReadAction\",\"target\":[\"https:\\\/\\\/www.purejewels.com\\\/product\\\/18-carat-yellow-gold-diamond-necklace\\\/\"]}]},{\"@type\":\"ImageObject\",\"inLanguage\":\"de\",\"@id\":\"https:\\\/\\\/www.purejewels.com\\\/product\\\/18-carat-yellow-gold-diamond-necklace\\\/#primaryimage\",\"url\":\"https:\\\/\\\/static.purejewels.com\\\/wp-content\\\/uploads\\\/2019\\\/01\\\/28544_1.png\",\"contentUrl\":\"https:\\\/\\\/static.purejewels.com\\\/wp-content\\\/uploads\\\/2019\\\/01\\\/28544_1.png\",\"width\":1000,\"height\":1000,\"caption\":\"28544_1\"},{\"@type\":\"BreadcrumbList\",\"@id\":\"https:\\\/\\\/www.purejewels.com\\\/product\\\/18-carat-yellow-gold-diamond-necklace\\\/#breadcrumb\",\"itemListElement\":[{\"@type\":\"ListItem\",\"position\":1,\"name\":\"Home\",\"item\":\"https:\\\/\\\/www.purejewels.com\\\/\"},{\"@type\":\"ListItem\",\"position\":2,\"name\":\"Shop\",\"item\":\"https:\\\/\\\/www.purejewels.com\\\/shop\\\/\"},{\"@type\":\"ListItem\",\"position\":3,\"name\":\"18 Carat Yellow Gold Diamond Necklace\"}]},{\"@type\":\"WebSite\",\"@id\":\"https:\\\/\\\/www.purejewels.com\\\/#website\",\"url\":\"https:\\\/\\\/www.purejewels.com\\\/\",\"name\":\"PureJewels UK\",\"description\":\"Share the Love\",\"publisher\":{\"@id\":\"https:\\\/\\\/www.purejewels.com\\\/#organization\"},\"potentialAction\":[{\"@type\":\"SearchAction\",\"target\":{\"@type\":\"EntryPoint\",\"urlTemplate\":\"https:\\\/\\\/www.purejewels.com\\\/?s={search_term_string}\"},\"query-input\":{\"@type\":\"PropertyValueSpecification\",\"valueRequired\":true,\"valueName\":\"search_term_string\"}}],\"inLanguage\":\"de\"},{\"@type\":\"Organization\",\"@id\":\"https:\\\/\\\/www.purejewels.com\\\/#organization\",\"name\":\"PureJewels UK\",\"url\":\"https:\\\/\\\/www.purejewels.com\\\/\",\"logo\":{\"@type\":\"ImageObject\",\"inLanguage\":\"de\",\"@id\":\"https:\\\/\\\/www.purejewels.com\\\/#\\\/schema\\\/logo\\\/image\\\/\",\"url\":\"https:\\\/\\\/static.purejewels.com\\\/wp-content\\\/uploads\\\/2020\\\/11\\\/Logo-PJ-New-1.png\",\"contentUrl\":\"https:\\\/\\\/static.purejewels.com\\\/wp-content\\\/uploads\\\/2020\\\/11\\\/Logo-PJ-New-1.png\",\"width\":150,\"height\":80,\"caption\":\"PureJewels UK\"},\"image\":{\"@id\":\"https:\\\/\\\/www.purejewels.com\\\/#\\\/schema\\\/logo\\\/image\\\/\"}}]}<\/script>\n<!-- \/ Yoast SEO plugin. -->","yoast_head_json":{"title":"18 Karat Gelbgold Diamant-Halskette - PureJewels UK","robots":{"index":"index","follow":"follow","max-snippet":"max-snippet:-1","max-image-preview":"max-image-preview:large","max-video-preview":"max-video-preview:-1"},"canonical":"https:\/\/www.purejewels.com\/de\/produkt-2\/diamant-halskette-aus-18-karat-gelbgold-41221\/","og_locale":"de_DE","og_type":"article","og_title":"18 Carat Yellow Gold Diamond Necklace - PureJewels UK","og_description":"18ct Yellow Gold Diamond Pendant And Chain  \u00a0Total Diamonds Wt. 0.46 ct  Center Stone.\u00a02 Natural Diamonds  Shape. Pear &amp; Cushion  Diamond(s) wt. 0.26 carat  Colour. Fancy Yellow  Clarity. VS - SI  Side Stone.\u00a030 Natural Diamonds  Diamonds wt. 0.20 carat  Colour. G - H  Clarity. VS - SI  Certificate No.\u00a0SGLDGJ186644Y  SKU. 28544  Chain included in Total Price  All prices include VAT  All our Products are Hallmarked by London Assay Office  All Set Comes With Presentation Box  Delivery Included  Contact us \/ Live chat with us for Video of Product","og_url":"https:\/\/www.purejewels.com\/de\/produkt-2\/diamant-halskette-aus-18-karat-gelbgold-41221\/","og_site_name":"PureJewels UK","article_modified_time":"2025-11-06T05:48:19+00:00","og_image":[{"width":1000,"height":1000,"url":"https:\/\/www.purejewels.com\/wp-content\/uploads\/2019\/01\/28544_1.png","type":"image\/png"}],"twitter_card":"summary_large_image","twitter_misc":{"Gesch\u00e4tzte Lesezeit":"1\u00a0Minute"},"schema":{"@context":"https:\/\/schema.org","@graph":[{"@type":["WebPage","ItemPage"],"@id":"https:\/\/www.purejewels.com\/product\/18-carat-yellow-gold-diamond-necklace\/","url":"https:\/\/www.purejewels.com\/product\/18-carat-yellow-gold-diamond-necklace\/","name":"18 Karat Gelbgold Diamant-Halskette - PureJewels UK","isPartOf":{"@id":"https:\/\/www.purejewels.com\/#website"},"primaryImageOfPage":{"@id":"https:\/\/www.purejewels.com\/product\/18-carat-yellow-gold-diamond-necklace\/#primaryimage"},"image":{"@id":"https:\/\/www.purejewels.com\/product\/18-carat-yellow-gold-diamond-necklace\/#primaryimage"},"thumbnailUrl":"https:\/\/static.purejewels.com\/wp-content\/uploads\/2019\/01\/28544_1.png","datePublished":"2019-01-07T06:07:40+00:00","dateModified":"2025-11-06T05:48:19+00:00","breadcrumb":{"@id":"https:\/\/www.purejewels.com\/product\/18-carat-yellow-gold-diamond-necklace\/#breadcrumb"},"inLanguage":"de","potentialAction":[{"@type":"ReadAction","target":["https:\/\/www.purejewels.com\/product\/18-carat-yellow-gold-diamond-necklace\/"]}]},{"@type":"ImageObject","inLanguage":"de","@id":"https:\/\/www.purejewels.com\/product\/18-carat-yellow-gold-diamond-necklace\/#primaryimage","url":"https:\/\/static.purejewels.com\/wp-content\/uploads\/2019\/01\/28544_1.png","contentUrl":"https:\/\/static.purejewels.com\/wp-content\/uploads\/2019\/01\/28544_1.png","width":1000,"height":1000,"caption":"28544_1"},{"@type":"BreadcrumbList","@id":"https:\/\/www.purejewels.com\/product\/18-carat-yellow-gold-diamond-necklace\/#breadcrumb","itemListElement":[{"@type":"ListItem","position":1,"name":"Home","item":"https:\/\/www.purejewels.com\/"},{"@type":"ListItem","position":2,"name":"Shop","item":"https:\/\/www.purejewels.com\/shop\/"},{"@type":"ListItem","position":3,"name":"18 Carat Yellow Gold Diamond Necklace"}]},{"@type":"WebSite","@id":"https:\/\/www.purejewels.com\/#website","url":"https:\/\/www.purejewels.com\/","name":"PureJewels UK","description":"Teile die Liebe","publisher":{"@id":"https:\/\/www.purejewels.com\/#organization"},"potentialAction":[{"@type":"SearchAction","target":{"@type":"EntryPoint","urlTemplate":"https:\/\/www.purejewels.com\/?s={search_term_string}"},"query-input":{"@type":"PropertyValueSpecification","valueRequired":true,"valueName":"search_term_string"}}],"inLanguage":"de"},{"@type":"Organization","@id":"https:\/\/www.purejewels.com\/#organization","name":"PureJewels UK","url":"https:\/\/www.purejewels.com\/","logo":{"@type":"ImageObject","inLanguage":"de","@id":"https:\/\/www.purejewels.com\/#\/schema\/logo\/image\/","url":"https:\/\/static.purejewels.com\/wp-content\/uploads\/2020\/11\/Logo-PJ-New-1.png","contentUrl":"https:\/\/static.purejewels.com\/wp-content\/uploads\/2020\/11\/Logo-PJ-New-1.png","width":150,"height":80,"caption":"PureJewels UK"},"image":{"@id":"https:\/\/www.purejewels.com\/#\/schema\/logo\/image\/"}}]}},"_links":{"self":[{"href":"https:\/\/www.purejewels.com\/de\/wp-json\/wp\/v2\/product\/308490","targetHints":{"allow":["GET"]}}],"collection":[{"href":"https:\/\/www.purejewels.com\/de\/wp-json\/wp\/v2\/product"}],"about":[{"href":"https:\/\/www.purejewels.com\/de\/wp-json\/wp\/v2\/types\/product"}],"replies":[{"embeddable":true,"href":"https:\/\/www.purejewels.com\/de\/wp-json\/wp\/v2\/comments?post=308490"}],"version-history":[{"count":1,"href":"https:\/\/www.purejewels.com\/de\/wp-json\/wp\/v2\/product\/308490\/revisions"}],"predecessor-version":[{"id":420294,"href":"https:\/\/www.purejewels.com\/de\/wp-json\/wp\/v2\/product\/308490\/revisions\/420294"}],"wp:featuredmedia":[{"embeddable":true,"href":"https:\/\/www.purejewels.com\/de\/wp-json\/wp\/v2\/media\/308497"}],"wp:attachment":[{"href":"https:\/\/www.purejewels.com\/de\/wp-json\/wp\/v2\/media?parent=308490"}],"wp:term":[{"taxonomy":"product_brand","embeddable":true,"href":"https:\/\/www.purejewels.com\/de\/wp-json\/wp\/v2\/product_brand?post=308490"},{"taxonomy":"product_cat","embeddable":true,"href":"https:\/\/www.purejewels.com\/de\/wp-json\/wp\/v2\/product_cat?post=308490"},{"taxonomy":"product_tag","embeddable":true,"href":"https:\/\/www.purejewels.com\/de\/wp-json\/wp\/v2\/product_tag?post=308490"}],"curies":[{"name":"wp","href":"https:\/\/api.w.org\/{rel}","templated":true}]}}