{"id":308588,"date":"2019-01-08T12:43:56","date_gmt":"2019-01-08T12:43:56","guid":{"rendered":"https:\/\/www.purejewels.com\/?post_type=product&#038;p=308588"},"modified":"2021-07-01T00:00:13","modified_gmt":"2021-06-30T23:00:13","slug":"diamant-ohrstecker-aus-18-karat-gelbgold","status":"publish","type":"product","link":"https:\/\/www.purejewels.com\/de\/product\/18-carat-yellow-gold-diamond-studs\/","title":{"rendered":"18 Karat Gelbgold Diamant Ohrstecker"},"content":{"rendered":"<ul>\n<li>18 Karat Gelbgold <a href=\"https:\/\/www.purejewels.com\/de\/product\/diamond-studs-42511\/\">Diamant-Nieten<\/a><\/li>\n<li>Gesamtgewicht des Diamanten 0,63 ct.<\/li>\n<li>Zentraldiamant ist kissenf\u00f6rmig, 0,42 Karat, Fancy Gelb, VVS-VS<\/li>\n<li>Seitensteine sind runde Diamanten, 0,21 Karat, Farbe G_H, Reinheit VS_SI<\/li>\n<li>Zertifikat Nummer. SGLDGJ186629Y<\/li>\n<li>SKU. 28548<\/li>\n<li>Alle Preise inklusive Mehrwertsteuer<\/li>\n<li>Gold gestempelt von London Assay Office<\/li>\n<li>Mit Pr\u00e4sentationsbox<\/li>\n<li>Lieferung inbegriffen<\/li>\n<li>Live-Chat mit uns f\u00fcr die Verf\u00fcgbarkeit und mehr Bilder von \u00e4hnlichen Designs derzeit auf Lager<\/li>\n<\/ul>","protected":false},"excerpt":{"rendered":"<p>18 Karat Gelbgold Diamant Ohrstecker insgesamt Diamond Wt. 0,63 ct Center Diamond ist Cushion Form, 0,42 Karat, Fancy Yellow,<\/p>","protected":false},"featured_media":308591,"comment_status":"open","ping_status":"closed","template":"","meta":{"_eb_attr":"","_crsspst_to_jayantr4sg-hostcom":false},"product_brand":[],"product_cat":[1533,1229,1577,1574],"product_tag":[],"class_list":{"0":"post-308588","1":"product","2":"type-product","3":"status-publish","4":"has-post-thumbnail","6":"product_cat-diamond-jewellery-set","7":"product_cat-22ct-gold-jewellery","8":"product_cat-stud-earrings","9":"product_cat-womens-jewellery","11":"first","12":"outofstock","13":"taxable","14":"shipping-taxable","15":"product-type-simple","16":"add-to-wishlist-before_image"},"yoast_head":"<!-- This site is optimized with the Yoast SEO plugin v27.3 - https:\/\/yoast.com\/product\/yoast-seo-wordpress\/ -->\n<title>18 Carat Yellow Gold Diamond Studs - PureJewels UK<\/title>\n<meta name=\"robots\" content=\"index, follow, max-snippet:-1, max-image-preview:large, max-video-preview:-1\" \/>\n<link rel=\"canonical\" href=\"https:\/\/www.purejewels.com\/de\/produkt-2\/diamant-ohrstecker-aus-18-karat-gelbgold\/\" \/>\n<meta property=\"og:locale\" content=\"de_DE\" \/>\n<meta property=\"og:type\" content=\"article\" \/>\n<meta property=\"og:title\" content=\"18 Carat Yellow Gold Diamond Studs - PureJewels UK\" \/>\n<meta property=\"og:description\" content=\"18 carat Yellow Gold Diamond studs total\u00a0 Diamond Wt. 0.63 ct Center Diamond is Cushion Shape, 0.42 Carat, Fancy Yellow,\" \/>\n<meta property=\"og:url\" content=\"https:\/\/www.purejewels.com\/de\/produkt-2\/diamant-ohrstecker-aus-18-karat-gelbgold\/\" \/>\n<meta property=\"og:site_name\" content=\"PureJewels UK\" \/>\n<meta property=\"article:modified_time\" content=\"2021-06-30T23:00:13+00:00\" \/>\n<meta property=\"og:image\" content=\"https:\/\/www.purejewels.com\/wp-content\/uploads\/2019\/01\/28548_1.png\" \/>\n\t<meta property=\"og:image:width\" content=\"1000\" \/>\n\t<meta property=\"og:image:height\" content=\"1000\" \/>\n\t<meta property=\"og:image:type\" content=\"image\/png\" \/>\n<meta name=\"twitter:card\" content=\"summary_large_image\" \/>\n<script type=\"application\/ld+json\" class=\"yoast-schema-graph\">{\"@context\":\"https:\\\/\\\/schema.org\",\"@graph\":[{\"@type\":[\"WebPage\",\"ItemPage\"],\"@id\":\"https:\\\/\\\/www.purejewels.com\\\/product\\\/18-carat-yellow-gold-diamond-studs\\\/\",\"url\":\"https:\\\/\\\/www.purejewels.com\\\/product\\\/18-carat-yellow-gold-diamond-studs\\\/\",\"name\":\"18 Carat Yellow Gold Diamond Studs - PureJewels UK\",\"isPartOf\":{\"@id\":\"https:\\\/\\\/www.purejewels.com\\\/#website\"},\"primaryImageOfPage\":{\"@id\":\"https:\\\/\\\/www.purejewels.com\\\/product\\\/18-carat-yellow-gold-diamond-studs\\\/#primaryimage\"},\"image\":{\"@id\":\"https:\\\/\\\/www.purejewels.com\\\/product\\\/18-carat-yellow-gold-diamond-studs\\\/#primaryimage\"},\"thumbnailUrl\":\"https:\\\/\\\/static.purejewels.com\\\/wp-content\\\/uploads\\\/2019\\\/01\\\/28548_1.png\",\"datePublished\":\"2019-01-08T12:43:56+00:00\",\"dateModified\":\"2021-06-30T23:00:13+00:00\",\"breadcrumb\":{\"@id\":\"https:\\\/\\\/www.purejewels.com\\\/product\\\/18-carat-yellow-gold-diamond-studs\\\/#breadcrumb\"},\"inLanguage\":\"de\",\"potentialAction\":[{\"@type\":\"ReadAction\",\"target\":[\"https:\\\/\\\/www.purejewels.com\\\/product\\\/18-carat-yellow-gold-diamond-studs\\\/\"]}]},{\"@type\":\"ImageObject\",\"inLanguage\":\"de\",\"@id\":\"https:\\\/\\\/www.purejewels.com\\\/product\\\/18-carat-yellow-gold-diamond-studs\\\/#primaryimage\",\"url\":\"https:\\\/\\\/static.purejewels.com\\\/wp-content\\\/uploads\\\/2019\\\/01\\\/28548_1.png\",\"contentUrl\":\"https:\\\/\\\/static.purejewels.com\\\/wp-content\\\/uploads\\\/2019\\\/01\\\/28548_1.png\",\"width\":1000,\"height\":1000,\"caption\":\"28548_1\"},{\"@type\":\"BreadcrumbList\",\"@id\":\"https:\\\/\\\/www.purejewels.com\\\/product\\\/18-carat-yellow-gold-diamond-studs\\\/#breadcrumb\",\"itemListElement\":[{\"@type\":\"ListItem\",\"position\":1,\"name\":\"Home\",\"item\":\"https:\\\/\\\/www.purejewels.com\\\/\"},{\"@type\":\"ListItem\",\"position\":2,\"name\":\"Shop\",\"item\":\"https:\\\/\\\/www.purejewels.com\\\/shop\\\/\"},{\"@type\":\"ListItem\",\"position\":3,\"name\":\"18 Carat Yellow Gold Diamond Studs\"}]},{\"@type\":\"WebSite\",\"@id\":\"https:\\\/\\\/www.purejewels.com\\\/#website\",\"url\":\"https:\\\/\\\/www.purejewels.com\\\/\",\"name\":\"PureJewels UK\",\"description\":\"Share the Love\",\"publisher\":{\"@id\":\"https:\\\/\\\/www.purejewels.com\\\/#organization\"},\"potentialAction\":[{\"@type\":\"SearchAction\",\"target\":{\"@type\":\"EntryPoint\",\"urlTemplate\":\"https:\\\/\\\/www.purejewels.com\\\/?s={search_term_string}\"},\"query-input\":{\"@type\":\"PropertyValueSpecification\",\"valueRequired\":true,\"valueName\":\"search_term_string\"}}],\"inLanguage\":\"de\"},{\"@type\":\"Organization\",\"@id\":\"https:\\\/\\\/www.purejewels.com\\\/#organization\",\"name\":\"PureJewels UK\",\"url\":\"https:\\\/\\\/www.purejewels.com\\\/\",\"logo\":{\"@type\":\"ImageObject\",\"inLanguage\":\"de\",\"@id\":\"https:\\\/\\\/www.purejewels.com\\\/#\\\/schema\\\/logo\\\/image\\\/\",\"url\":\"https:\\\/\\\/static.purejewels.com\\\/wp-content\\\/uploads\\\/2020\\\/11\\\/Logo-PJ-New-1.png\",\"contentUrl\":\"https:\\\/\\\/static.purejewels.com\\\/wp-content\\\/uploads\\\/2020\\\/11\\\/Logo-PJ-New-1.png\",\"width\":150,\"height\":80,\"caption\":\"PureJewels UK\"},\"image\":{\"@id\":\"https:\\\/\\\/www.purejewels.com\\\/#\\\/schema\\\/logo\\\/image\\\/\"}}]}<\/script>\n<!-- \/ Yoast SEO plugin. -->","yoast_head_json":{"title":"18 Karat Gelbgold Diamant Ohrstecker - PureJewels UK","robots":{"index":"index","follow":"follow","max-snippet":"max-snippet:-1","max-image-preview":"max-image-preview:large","max-video-preview":"max-video-preview:-1"},"canonical":"https:\/\/www.purejewels.com\/de\/produkt-2\/diamant-ohrstecker-aus-18-karat-gelbgold\/","og_locale":"de_DE","og_type":"article","og_title":"18 Carat Yellow Gold Diamond Studs - PureJewels UK","og_description":"18 carat Yellow Gold Diamond studs total\u00a0 Diamond Wt. 0.63 ct Center Diamond is Cushion Shape, 0.42 Carat, Fancy Yellow,","og_url":"https:\/\/www.purejewels.com\/de\/produkt-2\/diamant-ohrstecker-aus-18-karat-gelbgold\/","og_site_name":"PureJewels UK","article_modified_time":"2021-06-30T23:00:13+00:00","og_image":[{"width":1000,"height":1000,"url":"https:\/\/www.purejewels.com\/wp-content\/uploads\/2019\/01\/28548_1.png","type":"image\/png"}],"twitter_card":"summary_large_image","schema":{"@context":"https:\/\/schema.org","@graph":[{"@type":["WebPage","ItemPage"],"@id":"https:\/\/www.purejewels.com\/product\/18-carat-yellow-gold-diamond-studs\/","url":"https:\/\/www.purejewels.com\/product\/18-carat-yellow-gold-diamond-studs\/","name":"18 Karat Gelbgold Diamant Ohrstecker - PureJewels UK","isPartOf":{"@id":"https:\/\/www.purejewels.com\/#website"},"primaryImageOfPage":{"@id":"https:\/\/www.purejewels.com\/product\/18-carat-yellow-gold-diamond-studs\/#primaryimage"},"image":{"@id":"https:\/\/www.purejewels.com\/product\/18-carat-yellow-gold-diamond-studs\/#primaryimage"},"thumbnailUrl":"https:\/\/static.purejewels.com\/wp-content\/uploads\/2019\/01\/28548_1.png","datePublished":"2019-01-08T12:43:56+00:00","dateModified":"2021-06-30T23:00:13+00:00","breadcrumb":{"@id":"https:\/\/www.purejewels.com\/product\/18-carat-yellow-gold-diamond-studs\/#breadcrumb"},"inLanguage":"de","potentialAction":[{"@type":"ReadAction","target":["https:\/\/www.purejewels.com\/product\/18-carat-yellow-gold-diamond-studs\/"]}]},{"@type":"ImageObject","inLanguage":"de","@id":"https:\/\/www.purejewels.com\/product\/18-carat-yellow-gold-diamond-studs\/#primaryimage","url":"https:\/\/static.purejewels.com\/wp-content\/uploads\/2019\/01\/28548_1.png","contentUrl":"https:\/\/static.purejewels.com\/wp-content\/uploads\/2019\/01\/28548_1.png","width":1000,"height":1000,"caption":"28548_1"},{"@type":"BreadcrumbList","@id":"https:\/\/www.purejewels.com\/product\/18-carat-yellow-gold-diamond-studs\/#breadcrumb","itemListElement":[{"@type":"ListItem","position":1,"name":"Home","item":"https:\/\/www.purejewels.com\/"},{"@type":"ListItem","position":2,"name":"Shop","item":"https:\/\/www.purejewels.com\/shop\/"},{"@type":"ListItem","position":3,"name":"18 Carat Yellow Gold Diamond Studs"}]},{"@type":"WebSite","@id":"https:\/\/www.purejewels.com\/#website","url":"https:\/\/www.purejewels.com\/","name":"PureJewels UK","description":"Teile die Liebe","publisher":{"@id":"https:\/\/www.purejewels.com\/#organization"},"potentialAction":[{"@type":"SearchAction","target":{"@type":"EntryPoint","urlTemplate":"https:\/\/www.purejewels.com\/?s={search_term_string}"},"query-input":{"@type":"PropertyValueSpecification","valueRequired":true,"valueName":"search_term_string"}}],"inLanguage":"de"},{"@type":"Organization","@id":"https:\/\/www.purejewels.com\/#organization","name":"PureJewels UK","url":"https:\/\/www.purejewels.com\/","logo":{"@type":"ImageObject","inLanguage":"de","@id":"https:\/\/www.purejewels.com\/#\/schema\/logo\/image\/","url":"https:\/\/static.purejewels.com\/wp-content\/uploads\/2020\/11\/Logo-PJ-New-1.png","contentUrl":"https:\/\/static.purejewels.com\/wp-content\/uploads\/2020\/11\/Logo-PJ-New-1.png","width":150,"height":80,"caption":"PureJewels UK"},"image":{"@id":"https:\/\/www.purejewels.com\/#\/schema\/logo\/image\/"}}]}},"_links":{"self":[{"href":"https:\/\/www.purejewels.com\/de\/wp-json\/wp\/v2\/product\/308588","targetHints":{"allow":["GET"]}}],"collection":[{"href":"https:\/\/www.purejewels.com\/de\/wp-json\/wp\/v2\/product"}],"about":[{"href":"https:\/\/www.purejewels.com\/de\/wp-json\/wp\/v2\/types\/product"}],"replies":[{"embeddable":true,"href":"https:\/\/www.purejewels.com\/de\/wp-json\/wp\/v2\/comments?post=308588"}],"version-history":[{"count":0,"href":"https:\/\/www.purejewels.com\/de\/wp-json\/wp\/v2\/product\/308588\/revisions"}],"wp:featuredmedia":[{"embeddable":true,"href":"https:\/\/www.purejewels.com\/de\/wp-json\/wp\/v2\/media\/308591"}],"wp:attachment":[{"href":"https:\/\/www.purejewels.com\/de\/wp-json\/wp\/v2\/media?parent=308588"}],"wp:term":[{"taxonomy":"product_brand","embeddable":true,"href":"https:\/\/www.purejewels.com\/de\/wp-json\/wp\/v2\/product_brand?post=308588"},{"taxonomy":"product_cat","embeddable":true,"href":"https:\/\/www.purejewels.com\/de\/wp-json\/wp\/v2\/product_cat?post=308588"},{"taxonomy":"product_tag","embeddable":true,"href":"https:\/\/www.purejewels.com\/de\/wp-json\/wp\/v2\/product_tag?post=308588"}],"curies":[{"name":"wp","href":"https:\/\/api.w.org\/{rel}","templated":true}]}}