{"id":308630,"date":"2022-09-27T07:49:51","date_gmt":"2022-09-27T06:49:51","guid":{"rendered":"https:\/\/www.purejewels.com\/?post_type=product&#038;p=308630"},"modified":"2026-01-06T11:03:42","modified_gmt":"2026-01-06T11:03:42","slug":"18ct-weisgold-diamantring-mit-saphir-grose-m","status":"publish","type":"product","link":"https:\/\/www.purejewels.com\/de\/product\/18ct-white-gold-diamond-ring-with-sapphire-size-m\/","title":{"rendered":"18ct Diamantring mit Saphir"},"content":{"rendered":"<p><a href=\"https:\/\/www.purejewels.com\/de\/product-category\/22ct-gold-jewellery\/gold-rings\/\">Ringe<\/a> werden seit jeher von M\u00e4nnern und Frauen getragen. Fr\u00fcher hatten die Ringe eine eigene traditionelle Bedeutung und einen eigenen Sinn. Manche Menschen trugen sie auch f\u00fcr astrologische Zwecke. Heutzutage haben Ringe neben ihrer traditionellen Bedeutung auch eine \u00e4sthetische Bedeutung und sind ein wesentlicher Bestandteil der Schmucksammlung einer jeden Frau.<\/p>\n<p>Diese 18kt wei\u00dfe <a href=\"https:\/\/www.purejewels.com\/de\/product\/gold-ring-40878\/\">Goldring f\u00fcr Frauen<\/a> wurde in Anlehnung an Ihr modernes Ich entworfen. Dieser Wei\u00dfgoldring mit blauem Saphir wurde von Hand aus 18-kar\u00e4tigem Wei\u00dfgold gefertigt und seine Struktur sieht aus wie eines dieser stapelbaren Ringsets, die gleichzeitig minimal und substanziell aussehen. Unser 18-kar\u00e4tiger Diamantring sieht aus wie ein Set aus zwei Ringen, wurde aber als Einzelring gefertigt. Das Design beginnt mit einem tiefblauen Saphirstein, der in der Mitte besetzt ist und von einem massiven Goldband mit kieselstein\u00e4hnlichen Strukturen getragen wird. Das zweite Band ist wundersch\u00f6n mit feinen Brillanten besetzt und schmiegt sich elegant um den Finger.<\/p>\n<p>Unser 18kt <a href=\"https:\/\/www.purejewels.com\/de\/product\/18ct-rose-gold-ruby-and-diamond-ring\/\">Gold-Diamant-Ring<\/a> kann m\u00fchelos mit Ihrem traditionellen gestylt werden, machen Sie eine Aussage, w\u00e4hrend Sie es mit Ihrem Western oder sogar auf besondere Tage bei der Arbeit Paar. Diese stapelbaren blauen Saphir und Diamant-Ring ist absolut wundersch\u00f6n und ist sicher, Ihre Aufmerksamkeit zusammen mit allen um Sie herum zu ergreifen.<\/p>","protected":false},"excerpt":{"rendered":"<ul>\n<li>18 Karat Wei\u00dfgold Diamantring<\/li>\n<li>Mittelstein. Saphir - 0,67 ct<\/li>\n<li>Runder Brillant Diamant Wt. 0,14 ct, Farbe. F-G, Reinheit. VS<\/li>\n<li>Zertifikat Nummer. <strong>SGLJL54622R<\/strong><\/li>\n<li>Ringgr\u00f6\u00dfe. M 1\/2<\/li>\n<li>SKU. 27744<\/li>\n<li>Alle Preise inklusive Mehrwertsteuer<\/li>\n<li>Alle unsere Produkte sind vom London Assay Office gestempelt.<\/li>\n<li>Kommt mit Pr\u00e4sentationsbox<\/li>\n<li>Lieferung inbegriffen<\/li>\n<li>Live-Chat mit uns f\u00fcr die Verf\u00fcgbarkeit und mehr Bilder von \u00e4hnlichen Designs derzeit auf Lager<\/li>\n<\/ul>","protected":false},"featured_media":338900,"comment_status":"closed","ping_status":"closed","template":"","meta":{"_eb_attr":"","_crsspst_to_jayantr4sg-hostcom":false},"product_brand":[],"product_cat":[5679,6085,5699,5457,5460,1786,5752,5348,1574],"product_tag":[1430],"class_list":{"0":"post-308630","1":"product","2":"type-product","3":"status-publish","4":"has-post-thumbnail","6":"product_cat-18ct-gold-jewellery","7":"product_cat-18ct-gold-ring","8":"product_cat-coloured-gemstone-jewellery","9":"product_cat-diamond-jewellery","10":"product_cat-diamond-ring","11":"product_cat-occasional-wear-rings","12":"product_cat-gold-sapphire-jewellery","13":"product_cat-white-gold-jewellery","14":"product_cat-womens-jewellery","15":"product_tag-diwali-gift","17":"first","18":"instock","19":"taxable","20":"shipping-taxable","21":"purchasable","22":"product-type-simple","23":"add-to-wishlist-before_image"},"yoast_head":"<!-- This site is optimized with the Yoast SEO plugin v27.6 - https:\/\/yoast.com\/product\/yoast-seo-wordpress\/ -->\n<title>18ct White Gold Diamond Ring With Sapphire - Size M<\/title>\n<meta name=\"description\" content=\"Check out 18 Carat White Gold Diamond Ring with blue Sappihire stone only at Purejewels, London UK\" \/>\n<meta name=\"robots\" content=\"index, follow, max-snippet:-1, max-image-preview:large, max-video-preview:-1\" \/>\n<link rel=\"canonical\" href=\"https:\/\/www.purejewels.com\/de\/produkt-2\/18ct-weisgold-diamantring-mit-saphir-grose-m\/\" \/>\n<meta property=\"og:locale\" content=\"de_DE\" \/>\n<meta property=\"og:type\" content=\"article\" \/>\n<meta property=\"og:title\" content=\"18ct White Gold Diamond Ring With Sapphire - Size M\" \/>\n<meta property=\"og:description\" content=\"Check out 18 Carat White Gold Diamond Ring with blue Sappihire stone only at Purejewels, London UK\" \/>\n<meta property=\"og:url\" content=\"https:\/\/www.purejewels.com\/de\/produkt-2\/18ct-weisgold-diamantring-mit-saphir-grose-m\/\" \/>\n<meta property=\"og:site_name\" content=\"PureJewels UK\" \/>\n<meta property=\"article:modified_time\" content=\"2026-01-06T11:03:42+00:00\" \/>\n<meta property=\"og:image\" content=\"https:\/\/www.purejewels.com\/wp-content\/uploads\/2019\/01\/27744-3.jpg\" \/>\n\t<meta property=\"og:image:width\" content=\"1000\" \/>\n\t<meta property=\"og:image:height\" content=\"1000\" \/>\n\t<meta property=\"og:image:type\" content=\"image\/jpeg\" \/>\n<meta name=\"twitter:card\" content=\"summary_large_image\" \/>\n<meta name=\"twitter:label1\" content=\"Gesch\u00e4tzte Lesezeit\" \/>\n\t<meta name=\"twitter:data1\" content=\"1\u00a0Minute\" \/>\n<script type=\"application\/ld+json\" class=\"yoast-schema-graph\">{\"@context\":\"https:\\\/\\\/schema.org\",\"@graph\":[{\"@type\":[\"WebPage\",\"ItemPage\"],\"@id\":\"https:\\\/\\\/www.purejewels.com\\\/product\\\/18ct-white-gold-diamond-ring-with-sapphire-size-m\\\/\",\"url\":\"https:\\\/\\\/www.purejewels.com\\\/product\\\/18ct-white-gold-diamond-ring-with-sapphire-size-m\\\/\",\"name\":\"18ct White Gold Diamond Ring With Sapphire - Size M\",\"isPartOf\":{\"@id\":\"https:\\\/\\\/www.purejewels.com\\\/#website\"},\"primaryImageOfPage\":{\"@id\":\"https:\\\/\\\/www.purejewels.com\\\/product\\\/18ct-white-gold-diamond-ring-with-sapphire-size-m\\\/#primaryimage\"},\"image\":{\"@id\":\"https:\\\/\\\/www.purejewels.com\\\/product\\\/18ct-white-gold-diamond-ring-with-sapphire-size-m\\\/#primaryimage\"},\"thumbnailUrl\":\"https:\\\/\\\/static.purejewels.com\\\/wp-content\\\/uploads\\\/2019\\\/01\\\/27744-3.jpg\",\"datePublished\":\"2022-09-27T06:49:51+00:00\",\"dateModified\":\"2026-01-06T11:03:42+00:00\",\"description\":\"Check out 18 Carat White Gold Diamond Ring with blue Sappihire stone only at Purejewels, London UK\",\"breadcrumb\":{\"@id\":\"https:\\\/\\\/www.purejewels.com\\\/product\\\/18ct-white-gold-diamond-ring-with-sapphire-size-m\\\/#breadcrumb\"},\"inLanguage\":\"de\",\"potentialAction\":[{\"@type\":\"ReadAction\",\"target\":[\"https:\\\/\\\/www.purejewels.com\\\/product\\\/18ct-white-gold-diamond-ring-with-sapphire-size-m\\\/\"]}]},{\"@type\":\"ImageObject\",\"inLanguage\":\"de\",\"@id\":\"https:\\\/\\\/www.purejewels.com\\\/product\\\/18ct-white-gold-diamond-ring-with-sapphire-size-m\\\/#primaryimage\",\"url\":\"https:\\\/\\\/static.purejewels.com\\\/wp-content\\\/uploads\\\/2019\\\/01\\\/27744-3.jpg\",\"contentUrl\":\"https:\\\/\\\/static.purejewels.com\\\/wp-content\\\/uploads\\\/2019\\\/01\\\/27744-3.jpg\",\"width\":1000,\"height\":1000},{\"@type\":\"BreadcrumbList\",\"@id\":\"https:\\\/\\\/www.purejewels.com\\\/product\\\/18ct-white-gold-diamond-ring-with-sapphire-size-m\\\/#breadcrumb\",\"itemListElement\":[{\"@type\":\"ListItem\",\"position\":1,\"name\":\"Home\",\"item\":\"https:\\\/\\\/www.purejewels.com\\\/\"},{\"@type\":\"ListItem\",\"position\":2,\"name\":\"Shop\",\"item\":\"https:\\\/\\\/www.purejewels.com\\\/shop\\\/\"},{\"@type\":\"ListItem\",\"position\":3,\"name\":\"18ct Diamond Ring With Sapphire\"}]},{\"@type\":\"WebSite\",\"@id\":\"https:\\\/\\\/www.purejewels.com\\\/#website\",\"url\":\"https:\\\/\\\/www.purejewels.com\\\/\",\"name\":\"PureJewels UK\",\"description\":\"Share the Love\",\"publisher\":{\"@id\":\"https:\\\/\\\/www.purejewels.com\\\/#organization\"},\"potentialAction\":[{\"@type\":\"SearchAction\",\"target\":{\"@type\":\"EntryPoint\",\"urlTemplate\":\"https:\\\/\\\/www.purejewels.com\\\/?s={search_term_string}\"},\"query-input\":{\"@type\":\"PropertyValueSpecification\",\"valueRequired\":true,\"valueName\":\"search_term_string\"}}],\"inLanguage\":\"de\"},{\"@type\":\"Organization\",\"@id\":\"https:\\\/\\\/www.purejewels.com\\\/#organization\",\"name\":\"PureJewels UK\",\"url\":\"https:\\\/\\\/www.purejewels.com\\\/\",\"logo\":{\"@type\":\"ImageObject\",\"inLanguage\":\"de\",\"@id\":\"https:\\\/\\\/www.purejewels.com\\\/#\\\/schema\\\/logo\\\/image\\\/\",\"url\":\"https:\\\/\\\/static.purejewels.com\\\/wp-content\\\/uploads\\\/2020\\\/11\\\/Logo-PJ-New-1.png\",\"contentUrl\":\"https:\\\/\\\/static.purejewels.com\\\/wp-content\\\/uploads\\\/2020\\\/11\\\/Logo-PJ-New-1.png\",\"width\":150,\"height\":80,\"caption\":\"PureJewels UK\"},\"image\":{\"@id\":\"https:\\\/\\\/www.purejewels.com\\\/#\\\/schema\\\/logo\\\/image\\\/\"}}]}<\/script>\n<!-- \/ Yoast SEO plugin. -->","yoast_head_json":{"title":"18ct Wei\u00dfgold Diamantring mit Saphir - Gr\u00f6\u00dfe M","description":"Sehen Sie sich 18 Karat Wei\u00dfgold Diamantring mit blauem Saphir Stein nur bei Purejewels, London UK","robots":{"index":"index","follow":"follow","max-snippet":"max-snippet:-1","max-image-preview":"max-image-preview:large","max-video-preview":"max-video-preview:-1"},"canonical":"https:\/\/www.purejewels.com\/de\/produkt-2\/18ct-weisgold-diamantring-mit-saphir-grose-m\/","og_locale":"de_DE","og_type":"article","og_title":"18ct White Gold Diamond Ring With Sapphire - Size M","og_description":"Check out 18 Carat White Gold Diamond Ring with blue Sappihire stone only at Purejewels, London UK","og_url":"https:\/\/www.purejewels.com\/de\/produkt-2\/18ct-weisgold-diamantring-mit-saphir-grose-m\/","og_site_name":"PureJewels UK","article_modified_time":"2026-01-06T11:03:42+00:00","og_image":[{"width":1000,"height":1000,"url":"https:\/\/www.purejewels.com\/wp-content\/uploads\/2019\/01\/27744-3.jpg","type":"image\/jpeg"}],"twitter_card":"summary_large_image","twitter_misc":{"Gesch\u00e4tzte Lesezeit":"1\u00a0Minute"},"schema":{"@context":"https:\/\/schema.org","@graph":[{"@type":["WebPage","ItemPage"],"@id":"https:\/\/www.purejewels.com\/product\/18ct-white-gold-diamond-ring-with-sapphire-size-m\/","url":"https:\/\/www.purejewels.com\/product\/18ct-white-gold-diamond-ring-with-sapphire-size-m\/","name":"18ct Wei\u00dfgold Diamantring mit Saphir - Gr\u00f6\u00dfe M","isPartOf":{"@id":"https:\/\/www.purejewels.com\/#website"},"primaryImageOfPage":{"@id":"https:\/\/www.purejewels.com\/product\/18ct-white-gold-diamond-ring-with-sapphire-size-m\/#primaryimage"},"image":{"@id":"https:\/\/www.purejewels.com\/product\/18ct-white-gold-diamond-ring-with-sapphire-size-m\/#primaryimage"},"thumbnailUrl":"https:\/\/static.purejewels.com\/wp-content\/uploads\/2019\/01\/27744-3.jpg","datePublished":"2022-09-27T06:49:51+00:00","dateModified":"2026-01-06T11:03:42+00:00","description":"Sehen Sie sich 18 Karat Wei\u00dfgold Diamantring mit blauem Saphir Stein nur bei Purejewels, London UK","breadcrumb":{"@id":"https:\/\/www.purejewels.com\/product\/18ct-white-gold-diamond-ring-with-sapphire-size-m\/#breadcrumb"},"inLanguage":"de","potentialAction":[{"@type":"ReadAction","target":["https:\/\/www.purejewels.com\/product\/18ct-white-gold-diamond-ring-with-sapphire-size-m\/"]}]},{"@type":"ImageObject","inLanguage":"de","@id":"https:\/\/www.purejewels.com\/product\/18ct-white-gold-diamond-ring-with-sapphire-size-m\/#primaryimage","url":"https:\/\/static.purejewels.com\/wp-content\/uploads\/2019\/01\/27744-3.jpg","contentUrl":"https:\/\/static.purejewels.com\/wp-content\/uploads\/2019\/01\/27744-3.jpg","width":1000,"height":1000},{"@type":"BreadcrumbList","@id":"https:\/\/www.purejewels.com\/product\/18ct-white-gold-diamond-ring-with-sapphire-size-m\/#breadcrumb","itemListElement":[{"@type":"ListItem","position":1,"name":"Home","item":"https:\/\/www.purejewels.com\/"},{"@type":"ListItem","position":2,"name":"Shop","item":"https:\/\/www.purejewels.com\/shop\/"},{"@type":"ListItem","position":3,"name":"18ct Diamond Ring With Sapphire"}]},{"@type":"WebSite","@id":"https:\/\/www.purejewels.com\/#website","url":"https:\/\/www.purejewels.com\/","name":"PureJewels UK","description":"Teile die Liebe","publisher":{"@id":"https:\/\/www.purejewels.com\/#organization"},"potentialAction":[{"@type":"SearchAction","target":{"@type":"EntryPoint","urlTemplate":"https:\/\/www.purejewels.com\/?s={search_term_string}"},"query-input":{"@type":"PropertyValueSpecification","valueRequired":true,"valueName":"search_term_string"}}],"inLanguage":"de"},{"@type":"Organization","@id":"https:\/\/www.purejewels.com\/#organization","name":"PureJewels UK","url":"https:\/\/www.purejewels.com\/","logo":{"@type":"ImageObject","inLanguage":"de","@id":"https:\/\/www.purejewels.com\/#\/schema\/logo\/image\/","url":"https:\/\/static.purejewels.com\/wp-content\/uploads\/2020\/11\/Logo-PJ-New-1.png","contentUrl":"https:\/\/static.purejewels.com\/wp-content\/uploads\/2020\/11\/Logo-PJ-New-1.png","width":150,"height":80,"caption":"PureJewels UK"},"image":{"@id":"https:\/\/www.purejewels.com\/#\/schema\/logo\/image\/"}}]}},"_links":{"self":[{"href":"https:\/\/www.purejewels.com\/de\/wp-json\/wp\/v2\/product\/308630","targetHints":{"allow":["GET"]}}],"collection":[{"href":"https:\/\/www.purejewels.com\/de\/wp-json\/wp\/v2\/product"}],"about":[{"href":"https:\/\/www.purejewels.com\/de\/wp-json\/wp\/v2\/types\/product"}],"replies":[{"embeddable":true,"href":"https:\/\/www.purejewels.com\/de\/wp-json\/wp\/v2\/comments?post=308630"}],"version-history":[{"count":3,"href":"https:\/\/www.purejewels.com\/de\/wp-json\/wp\/v2\/product\/308630\/revisions"}],"predecessor-version":[{"id":397974,"href":"https:\/\/www.purejewels.com\/de\/wp-json\/wp\/v2\/product\/308630\/revisions\/397974"}],"wp:featuredmedia":[{"embeddable":true,"href":"https:\/\/www.purejewels.com\/de\/wp-json\/wp\/v2\/media\/338900"}],"wp:attachment":[{"href":"https:\/\/www.purejewels.com\/de\/wp-json\/wp\/v2\/media?parent=308630"}],"wp:term":[{"taxonomy":"product_brand","embeddable":true,"href":"https:\/\/www.purejewels.com\/de\/wp-json\/wp\/v2\/product_brand?post=308630"},{"taxonomy":"product_cat","embeddable":true,"href":"https:\/\/www.purejewels.com\/de\/wp-json\/wp\/v2\/product_cat?post=308630"},{"taxonomy":"product_tag","embeddable":true,"href":"https:\/\/www.purejewels.com\/de\/wp-json\/wp\/v2\/product_tag?post=308630"}],"curies":[{"name":"wp","href":"https:\/\/api.w.org\/{rel}","templated":true}]}}