{"id":308631,"date":"2019-01-09T11:20:58","date_gmt":"2019-01-09T11:20:58","guid":{"rendered":"https:\/\/www.purejewels.com\/?post_type=product&#038;p=308631"},"modified":"2026-01-07T06:39:03","modified_gmt":"2026-01-07T06:39:03","slug":"diamantring-mit-kissenschliff-aus-gelbgold","status":"publish","type":"product","link":"https:\/\/www.purejewels.com\/de\/product\/cushion-cut-diamond-ring-in-yellow-gold\/","title":{"rendered":"Diamantring mit Kissenschliff in Gelbgold"},"content":{"rendered":"<ul>\n<li>Diamantring im Kissenschliff aus Gelbgold<\/li>\n<li>Gesamtgewicht des Diamanten 0,29 ct.<\/li>\n<li>Wird mit einem SGL-Zertifikat geliefert, Zertifikat Nr. <strong>SDLDGJ186630Y<\/strong><\/li>\n<li>Mittelstein, Cushion-Diamant, 0,19 ct, Farbe: Fancy Yellow, Reinheit: VVS<\/li>\n<li>Seitensteine: 16 runde Brillanten, 0,10 ct, Farbe G - H, Reinheit VS-SI<\/li>\n<li>Ringgr\u00f6\u00dfe. M 1\/2<\/li>\n<li>SKU. 28550<\/li>\n<li>Alle Preise inklusive Mehrwertsteuer<\/li>\n<li>Alle unsere Produkte sind vom London Assay Office gestempelt.<\/li>\n<li>Kommt mit Pr\u00e4sentation Box<\/li>\n<li>Lieferung inbegriffen<\/li>\n<li>Live-Chat mit uns f\u00fcr die Verf\u00fcgbarkeit und mehr Bilder von \u00e4hnlichen Designs derzeit auf Lager<\/li>\n<\/ul>","protected":false},"excerpt":{"rendered":"<ul>\n<li>18 kt. Gelbgold Diamantring mit Cushion cut center Diamant<\/li>\n<li>Gesamtgewicht des Diamanten 0,29 ct.<\/li>\n<li>Kommt mit einem SGL-Zertifikat, Zertifikatsnummer SDLDGJ186630Y<\/li>\n<li>Mittelstein, Cushion-Diamant, 0,19 ct, Farbe: Fancy Yellow, Reinheit: VVS<\/li>\n<li>Seitensteine: 16 runde Brillanten, 0,10 ct, Farbe G-H, Reinheit VS-SI<\/li>\n<li>Ringgr\u00f6\u00dfe. M 1\/2<\/li>\n<li>SKU. 28550<\/li>\n<li>Alle Preise inklusive Mehrwertsteuer<\/li>\n<li>18ct Gold gestempelt von London Assay Office<\/li>\n<li>Mit Pr\u00e4sentationsbox<\/li>\n<li>Lieferung inbegriffen<\/li>\n<li>Live-Chat mit uns f\u00fcr die Verf\u00fcgbarkeit und mehr Bilder von \u00e4hnlichen Designs derzeit auf Lager<\/li>\n<\/ul>","protected":false},"featured_media":308828,"comment_status":"closed","ping_status":"closed","template":"","meta":{"_eb_attr":"","_crsspst_to_jayantr4sg-hostcom":true},"product_brand":[],"product_cat":[1679,1559,1796,1783,1574],"product_tag":[],"class_list":{"0":"post-308631","1":"product","2":"type-product","3":"status-publish","4":"has-post-thumbnail","6":"product_cat-18ct-gold-rings","7":"product_cat-birthday-gifts","8":"product_cat-diamond-rings","9":"product_cat-ladies-rings","10":"product_cat-womens-jewellery","12":"first","13":"outofstock","14":"featured","15":"taxable","16":"shipping-taxable","17":"product-type-simple","18":"add-to-wishlist-before_image"},"yoast_head":"<!-- This site is optimized with the Yoast SEO plugin v27.3 - https:\/\/yoast.com\/product\/yoast-seo-wordpress\/ -->\n<title>Cushion Cut Diamond Ring In Yellow Gold - PureJewels UK<\/title>\n<meta name=\"robots\" content=\"index, follow, max-snippet:-1, max-image-preview:large, max-video-preview:-1\" \/>\n<link rel=\"canonical\" href=\"https:\/\/www.purejewels.com\/de\/produkt-2\/diamantring-mit-kissenschliff-aus-gelbgold\/\" \/>\n<meta property=\"og:locale\" content=\"de_DE\" \/>\n<meta property=\"og:type\" content=\"article\" \/>\n<meta property=\"og:title\" content=\"Cushion Cut Diamond Ring In Yellow Gold - PureJewels UK\" \/>\n<meta property=\"og:description\" content=\"18ct Yellow Gold Diamond Ring with Cushion cut center Diamond  Total Diamond Wt. 0.29 ct  Comes with a SGL certificate, Cetificate number is SDLDGJ186630Y  Center stone, Cushion Diamond, 0.19 ct, Fancy Yellow Colour, VVS Clarity  Side Stones are 16 round brilliant diamonds, 0.10 ct, G-H colour, VS-SI clarity  Ring size. M 1\/2  SKU. 28550  All prices include VAT  18ct Gold\u00a0Hallmarked by London Assay Office  Comes With Presentation Box  Delivery Included  Live chat with us for availability and more images of similar designs currently in stock\" \/>\n<meta property=\"og:url\" content=\"https:\/\/www.purejewels.com\/de\/produkt-2\/diamantring-mit-kissenschliff-aus-gelbgold\/\" \/>\n<meta property=\"og:site_name\" content=\"PureJewels UK\" \/>\n<meta property=\"article:modified_time\" content=\"2026-01-07T06:39:03+00:00\" \/>\n<meta property=\"og:image\" content=\"https:\/\/www.purejewels.com\/wp-content\/uploads\/2019\/01\/28550_1.png\" \/>\n\t<meta property=\"og:image:width\" content=\"1000\" \/>\n\t<meta property=\"og:image:height\" content=\"1000\" \/>\n\t<meta property=\"og:image:type\" content=\"image\/png\" \/>\n<meta name=\"twitter:card\" content=\"summary_large_image\" \/>\n<script type=\"application\/ld+json\" class=\"yoast-schema-graph\">{\"@context\":\"https:\\\/\\\/schema.org\",\"@graph\":[{\"@type\":[\"WebPage\",\"ItemPage\"],\"@id\":\"https:\\\/\\\/www.purejewels.com\\\/product\\\/cushion-cut-diamond-ring-in-yellow-gold\\\/\",\"url\":\"https:\\\/\\\/www.purejewels.com\\\/product\\\/cushion-cut-diamond-ring-in-yellow-gold\\\/\",\"name\":\"Cushion Cut Diamond Ring In Yellow Gold - PureJewels UK\",\"isPartOf\":{\"@id\":\"https:\\\/\\\/www.purejewels.com\\\/#website\"},\"primaryImageOfPage\":{\"@id\":\"https:\\\/\\\/www.purejewels.com\\\/product\\\/cushion-cut-diamond-ring-in-yellow-gold\\\/#primaryimage\"},\"image\":{\"@id\":\"https:\\\/\\\/www.purejewels.com\\\/product\\\/cushion-cut-diamond-ring-in-yellow-gold\\\/#primaryimage\"},\"thumbnailUrl\":\"https:\\\/\\\/static.purejewels.com\\\/wp-content\\\/uploads\\\/2019\\\/01\\\/28550_1.png\",\"datePublished\":\"2019-01-09T11:20:58+00:00\",\"dateModified\":\"2026-01-07T06:39:03+00:00\",\"breadcrumb\":{\"@id\":\"https:\\\/\\\/www.purejewels.com\\\/product\\\/cushion-cut-diamond-ring-in-yellow-gold\\\/#breadcrumb\"},\"inLanguage\":\"de\",\"potentialAction\":[{\"@type\":\"ReadAction\",\"target\":[\"https:\\\/\\\/www.purejewels.com\\\/product\\\/cushion-cut-diamond-ring-in-yellow-gold\\\/\"]}]},{\"@type\":\"ImageObject\",\"inLanguage\":\"de\",\"@id\":\"https:\\\/\\\/www.purejewels.com\\\/product\\\/cushion-cut-diamond-ring-in-yellow-gold\\\/#primaryimage\",\"url\":\"https:\\\/\\\/static.purejewels.com\\\/wp-content\\\/uploads\\\/2019\\\/01\\\/28550_1.png\",\"contentUrl\":\"https:\\\/\\\/static.purejewels.com\\\/wp-content\\\/uploads\\\/2019\\\/01\\\/28550_1.png\",\"width\":1000,\"height\":1000,\"caption\":\"28550_1\"},{\"@type\":\"BreadcrumbList\",\"@id\":\"https:\\\/\\\/www.purejewels.com\\\/product\\\/cushion-cut-diamond-ring-in-yellow-gold\\\/#breadcrumb\",\"itemListElement\":[{\"@type\":\"ListItem\",\"position\":1,\"name\":\"Home\",\"item\":\"https:\\\/\\\/www.purejewels.com\\\/\"},{\"@type\":\"ListItem\",\"position\":2,\"name\":\"Shop\",\"item\":\"https:\\\/\\\/www.purejewels.com\\\/shop\\\/\"},{\"@type\":\"ListItem\",\"position\":3,\"name\":\"Cushion Cut Diamond Ring In Yellow Gold\"}]},{\"@type\":\"WebSite\",\"@id\":\"https:\\\/\\\/www.purejewels.com\\\/#website\",\"url\":\"https:\\\/\\\/www.purejewels.com\\\/\",\"name\":\"PureJewels UK\",\"description\":\"Share the Love\",\"publisher\":{\"@id\":\"https:\\\/\\\/www.purejewels.com\\\/#organization\"},\"potentialAction\":[{\"@type\":\"SearchAction\",\"target\":{\"@type\":\"EntryPoint\",\"urlTemplate\":\"https:\\\/\\\/www.purejewels.com\\\/?s={search_term_string}\"},\"query-input\":{\"@type\":\"PropertyValueSpecification\",\"valueRequired\":true,\"valueName\":\"search_term_string\"}}],\"inLanguage\":\"de\"},{\"@type\":\"Organization\",\"@id\":\"https:\\\/\\\/www.purejewels.com\\\/#organization\",\"name\":\"PureJewels UK\",\"url\":\"https:\\\/\\\/www.purejewels.com\\\/\",\"logo\":{\"@type\":\"ImageObject\",\"inLanguage\":\"de\",\"@id\":\"https:\\\/\\\/www.purejewels.com\\\/#\\\/schema\\\/logo\\\/image\\\/\",\"url\":\"https:\\\/\\\/static.purejewels.com\\\/wp-content\\\/uploads\\\/2020\\\/11\\\/Logo-PJ-New-1.png\",\"contentUrl\":\"https:\\\/\\\/static.purejewels.com\\\/wp-content\\\/uploads\\\/2020\\\/11\\\/Logo-PJ-New-1.png\",\"width\":150,\"height\":80,\"caption\":\"PureJewels UK\"},\"image\":{\"@id\":\"https:\\\/\\\/www.purejewels.com\\\/#\\\/schema\\\/logo\\\/image\\\/\"}}]}<\/script>\n<!-- \/ Yoast SEO plugin. -->","yoast_head_json":{"title":"Diamantring mit Kissenschliff in Gelbgold - PureJewels UK","robots":{"index":"index","follow":"follow","max-snippet":"max-snippet:-1","max-image-preview":"max-image-preview:large","max-video-preview":"max-video-preview:-1"},"canonical":"https:\/\/www.purejewels.com\/de\/produkt-2\/diamantring-mit-kissenschliff-aus-gelbgold\/","og_locale":"de_DE","og_type":"article","og_title":"Cushion Cut Diamond Ring In Yellow Gold - PureJewels UK","og_description":"18ct Yellow Gold Diamond Ring with Cushion cut center Diamond  Total Diamond Wt. 0.29 ct  Comes with a SGL certificate, Cetificate number is SDLDGJ186630Y  Center stone, Cushion Diamond, 0.19 ct, Fancy Yellow Colour, VVS Clarity  Side Stones are 16 round brilliant diamonds, 0.10 ct, G-H colour, VS-SI clarity  Ring size. M 1\/2  SKU. 28550  All prices include VAT  18ct Gold\u00a0Hallmarked by London Assay Office  Comes With Presentation Box  Delivery Included  Live chat with us for availability and more images of similar designs currently in stock","og_url":"https:\/\/www.purejewels.com\/de\/produkt-2\/diamantring-mit-kissenschliff-aus-gelbgold\/","og_site_name":"PureJewels UK","article_modified_time":"2026-01-07T06:39:03+00:00","og_image":[{"width":1000,"height":1000,"url":"https:\/\/www.purejewels.com\/wp-content\/uploads\/2019\/01\/28550_1.png","type":"image\/png"}],"twitter_card":"summary_large_image","schema":{"@context":"https:\/\/schema.org","@graph":[{"@type":["WebPage","ItemPage"],"@id":"https:\/\/www.purejewels.com\/product\/cushion-cut-diamond-ring-in-yellow-gold\/","url":"https:\/\/www.purejewels.com\/product\/cushion-cut-diamond-ring-in-yellow-gold\/","name":"Diamantring mit Kissenschliff in Gelbgold - PureJewels UK","isPartOf":{"@id":"https:\/\/www.purejewels.com\/#website"},"primaryImageOfPage":{"@id":"https:\/\/www.purejewels.com\/product\/cushion-cut-diamond-ring-in-yellow-gold\/#primaryimage"},"image":{"@id":"https:\/\/www.purejewels.com\/product\/cushion-cut-diamond-ring-in-yellow-gold\/#primaryimage"},"thumbnailUrl":"https:\/\/static.purejewels.com\/wp-content\/uploads\/2019\/01\/28550_1.png","datePublished":"2019-01-09T11:20:58+00:00","dateModified":"2026-01-07T06:39:03+00:00","breadcrumb":{"@id":"https:\/\/www.purejewels.com\/product\/cushion-cut-diamond-ring-in-yellow-gold\/#breadcrumb"},"inLanguage":"de","potentialAction":[{"@type":"ReadAction","target":["https:\/\/www.purejewels.com\/product\/cushion-cut-diamond-ring-in-yellow-gold\/"]}]},{"@type":"ImageObject","inLanguage":"de","@id":"https:\/\/www.purejewels.com\/product\/cushion-cut-diamond-ring-in-yellow-gold\/#primaryimage","url":"https:\/\/static.purejewels.com\/wp-content\/uploads\/2019\/01\/28550_1.png","contentUrl":"https:\/\/static.purejewels.com\/wp-content\/uploads\/2019\/01\/28550_1.png","width":1000,"height":1000,"caption":"28550_1"},{"@type":"BreadcrumbList","@id":"https:\/\/www.purejewels.com\/product\/cushion-cut-diamond-ring-in-yellow-gold\/#breadcrumb","itemListElement":[{"@type":"ListItem","position":1,"name":"Home","item":"https:\/\/www.purejewels.com\/"},{"@type":"ListItem","position":2,"name":"Shop","item":"https:\/\/www.purejewels.com\/shop\/"},{"@type":"ListItem","position":3,"name":"Cushion Cut Diamond Ring In Yellow Gold"}]},{"@type":"WebSite","@id":"https:\/\/www.purejewels.com\/#website","url":"https:\/\/www.purejewels.com\/","name":"PureJewels UK","description":"Teile die Liebe","publisher":{"@id":"https:\/\/www.purejewels.com\/#organization"},"potentialAction":[{"@type":"SearchAction","target":{"@type":"EntryPoint","urlTemplate":"https:\/\/www.purejewels.com\/?s={search_term_string}"},"query-input":{"@type":"PropertyValueSpecification","valueRequired":true,"valueName":"search_term_string"}}],"inLanguage":"de"},{"@type":"Organization","@id":"https:\/\/www.purejewels.com\/#organization","name":"PureJewels UK","url":"https:\/\/www.purejewels.com\/","logo":{"@type":"ImageObject","inLanguage":"de","@id":"https:\/\/www.purejewels.com\/#\/schema\/logo\/image\/","url":"https:\/\/static.purejewels.com\/wp-content\/uploads\/2020\/11\/Logo-PJ-New-1.png","contentUrl":"https:\/\/static.purejewels.com\/wp-content\/uploads\/2020\/11\/Logo-PJ-New-1.png","width":150,"height":80,"caption":"PureJewels UK"},"image":{"@id":"https:\/\/www.purejewels.com\/#\/schema\/logo\/image\/"}}]}},"_links":{"self":[{"href":"https:\/\/www.purejewels.com\/de\/wp-json\/wp\/v2\/product\/308631","targetHints":{"allow":["GET"]}}],"collection":[{"href":"https:\/\/www.purejewels.com\/de\/wp-json\/wp\/v2\/product"}],"about":[{"href":"https:\/\/www.purejewels.com\/de\/wp-json\/wp\/v2\/types\/product"}],"replies":[{"embeddable":true,"href":"https:\/\/www.purejewels.com\/de\/wp-json\/wp\/v2\/comments?post=308631"}],"version-history":[{"count":1,"href":"https:\/\/www.purejewels.com\/de\/wp-json\/wp\/v2\/product\/308631\/revisions"}],"predecessor-version":[{"id":392780,"href":"https:\/\/www.purejewels.com\/de\/wp-json\/wp\/v2\/product\/308631\/revisions\/392780"}],"wp:featuredmedia":[{"embeddable":true,"href":"https:\/\/www.purejewels.com\/de\/wp-json\/wp\/v2\/media\/308828"}],"wp:attachment":[{"href":"https:\/\/www.purejewels.com\/de\/wp-json\/wp\/v2\/media?parent=308631"}],"wp:term":[{"taxonomy":"product_brand","embeddable":true,"href":"https:\/\/www.purejewels.com\/de\/wp-json\/wp\/v2\/product_brand?post=308631"},{"taxonomy":"product_cat","embeddable":true,"href":"https:\/\/www.purejewels.com\/de\/wp-json\/wp\/v2\/product_cat?post=308631"},{"taxonomy":"product_tag","embeddable":true,"href":"https:\/\/www.purejewels.com\/de\/wp-json\/wp\/v2\/product_tag?post=308631"}],"curies":[{"name":"wp","href":"https:\/\/api.w.org\/{rel}","templated":true}]}}