{"id":308634,"date":"2022-09-28T07:58:03","date_gmt":"2022-09-28T06:58:03","guid":{"rendered":"https:\/\/www.purejewels.com\/?post_type=product&#038;p=308634"},"modified":"2026-01-21T07:12:33","modified_gmt":"2026-01-21T07:12:33","slug":"ring-aus-18-karat-rosegold-mit-rubin-und-diamanten","status":"publish","type":"product","link":"https:\/\/www.purejewels.com\/de\/product\/18ct-rose-gold-ruby-and-diamond-ring\/","title":{"rendered":"18ct Rose Gold Rubin und Diamant Ring | Gr\u00f6\u00dfe M"},"content":{"rendered":"<p><a href=\"https:\/\/www.purejewels.com\/de\/product-category\/22ct-gold-jewellery\/gold-rings\/\">Ringe<\/a> werden seit jeher von M\u00e4nnern und Frauen getragen. Fr\u00fcher hatten die Ringe eine eigene traditionelle Bedeutung und einen eigenen Sinn. Manche Menschen trugen sie auch f\u00fcr astrologische Zwecke. Heutzutage haben Ringe neben ihrer traditionellen Bedeutung auch eine \u00e4sthetische Bedeutung und sind ein wesentlicher Bestandteil der Schmucksammlung einer jeden Frau.<\/p>\n<p>Diese <a href=\"https:\/\/www.purejewels.com\/de\/product\/18ct-white-gold-khanda-sikh-religious-pendant-6226\/\">18ct<\/a> Gold-Rubin-Ring f\u00fcr Frauen wurde in Anlehnung an Ihr modernes Selbst entworfen. Dieser Rubinring aus Ros\u00e9gold wurde von Hand aus 18-kar\u00e4tigem Gelbgold gefertigt und seine Struktur sieht aus wie eines dieser stapelbaren Ringsets, die gleichzeitig minimal und substanziell aussehen. Unser Rubinring sieht aus wie ein Set aus zwei Ringen, ist aber wie ein einzelner Ring gearbeitet. Das Design beginnt mit einem tief gef\u00e4rbten Rubinstein, der in der Mitte besetzt ist und von einer <a href=\"https:\/\/www.purejewels.com\/de\/elegance-of-sold-gold\/\">Massivgold<\/a> Band mit kleinen kieselstein\u00e4hnlichen Strukturen. Das zweite Band ist wundersch\u00f6n mit feinen Brillanten besetzt und legt sich elegant um den Finger.<\/p>\n<p>Ros\u00e9gold-Rubin <a href=\"https:\/\/www.purejewels.com\/de\/product-category\/wedding-rings-bands\/engagement-rings\/\">Verlobungsringe<\/a> sind sehr begehrt. Sie k\u00f6nnen m\u00fchelos mit Ihrem traditionellen gestylt werden, machen Sie eine Aussage, w\u00e4hrend Sie es mit Ihrem Western Paar, oder sogar auf besondere Tage bei der Arbeit. Diese stapelbaren Rubin und Diamant-Ring ist absolut wundersch\u00f6n und ist sicher, Ihre Aufmerksamkeit zusammen mit allen um Sie herum zu greifen.<\/p>","protected":false},"excerpt":{"rendered":"<ul>\n<li>18ct Rose Gold Rubin und Diamant Ring<\/li>\n<li>Gewicht des Diamanten 0,14 ct.<\/li>\n<li>Mittelstein -\u00a0<strong>Rubinrot<\/strong>\u00a0- 0,49 ct<\/li>\n<li>Kommt mit einem SGL-Zertifikat, Zertifikatsnummer ist\u00a0<strong>SGLJL54621R<\/strong><\/li>\n<li>Ringgr\u00f6\u00dfe. M 1\/2<\/li>\n<li>SKU. 28109<\/li>\n<li>Alle Preise inklusive Mehrwertsteuer<\/li>\n<li>Alle unsere Produkte sind vom London Assay Office gestempelt.<\/li>\n<li>Mit Pr\u00e4sentationsbox<\/li>\n<li>Lieferung inbegriffen<\/li>\n<li>Kontaktieren Sie uns\/chatten Sie mit uns f\u00fcr ein Video des Produkts<\/li>\n<\/ul>","protected":false},"featured_media":338914,"comment_status":"closed","ping_status":"closed","template":"","meta":{"_eb_attr":"","_crsspst_to_jayantr4sg-hostcom":false},"product_brand":[],"product_cat":[1679,1794,5457,5460,1783,1786,246,5354,1573],"product_tag":[],"class_list":{"0":"post-308634","1":"product","2":"type-product","3":"status-publish","4":"has-post-thumbnail","6":"product_cat-18ct-gold-rings","7":"product_cat-christmas-gifts","8":"product_cat-diamond-jewellery","9":"product_cat-diamond-ring","10":"product_cat-ladies-rings","11":"product_cat-occasional-wear-rings","12":"product_cat-rose-gold-collections","13":"product_cat-rose-gold-jewellery","14":"product_cat-wedding-gifts","16":"first","17":"outofstock","18":"sale","19":"taxable","20":"shipping-taxable","21":"product-type-simple","22":"add-to-wishlist-before_image"},"yoast_head":"<!-- This site is optimized with the Yoast SEO plugin v27.5 - https:\/\/yoast.com\/product\/yoast-seo-wordpress\/ -->\n<title>gold diamond ring | 18ct Rose Gold Ruby And Diamond Ring<\/title>\n<meta name=\"description\" content=\"Buy diamond ring. This stackable ruby and diamond ring is absolutely gorgeous and is sure to grab your attention along with everyone around you.\" \/>\n<meta name=\"robots\" content=\"index, follow, max-snippet:-1, max-image-preview:large, max-video-preview:-1\" \/>\n<link rel=\"canonical\" href=\"https:\/\/www.purejewels.com\/de\/produkt-2\/ring-aus-18-karat-rosegold-mit-rubin-und-diamanten\/\" \/>\n<meta property=\"og:locale\" content=\"de_DE\" \/>\n<meta property=\"og:type\" content=\"article\" \/>\n<meta property=\"og:title\" content=\"gold diamond ring | 18ct Rose Gold Ruby And Diamond Ring\" \/>\n<meta property=\"og:description\" content=\"Buy diamond ring. This stackable ruby and diamond ring is absolutely gorgeous and is sure to grab your attention along with everyone around you.\" \/>\n<meta property=\"og:url\" content=\"https:\/\/www.purejewels.com\/de\/produkt-2\/ring-aus-18-karat-rosegold-mit-rubin-und-diamanten\/\" \/>\n<meta property=\"og:site_name\" content=\"PureJewels UK\" \/>\n<meta property=\"article:modified_time\" content=\"2026-01-21T07:12:33+00:00\" \/>\n<meta property=\"og:image\" content=\"https:\/\/static.purejewels.com\/wp-content\/uploads\/2019\/01\/28109-3.jpg\" \/>\n\t<meta property=\"og:image:width\" content=\"1000\" \/>\n\t<meta property=\"og:image:height\" content=\"1000\" \/>\n\t<meta property=\"og:image:type\" content=\"image\/jpeg\" \/>\n<meta name=\"twitter:card\" content=\"summary_large_image\" \/>\n<meta name=\"twitter:label1\" content=\"Gesch\u00e4tzte Lesezeit\" \/>\n\t<meta name=\"twitter:data1\" content=\"1\u00a0Minute\" \/>\n<script type=\"application\/ld+json\" class=\"yoast-schema-graph\">{\"@context\":\"https:\\\/\\\/schema.org\",\"@graph\":[{\"@type\":[\"WebPage\",\"ItemPage\"],\"@id\":\"https:\\\/\\\/www.purejewels.com\\\/product\\\/18ct-rose-gold-ruby-and-diamond-ring\\\/\",\"url\":\"https:\\\/\\\/www.purejewels.com\\\/product\\\/18ct-rose-gold-ruby-and-diamond-ring\\\/\",\"name\":\"gold diamond ring | 18ct Rose Gold Ruby And Diamond Ring\",\"isPartOf\":{\"@id\":\"https:\\\/\\\/www.purejewels.com\\\/#website\"},\"primaryImageOfPage\":{\"@id\":\"https:\\\/\\\/www.purejewels.com\\\/product\\\/18ct-rose-gold-ruby-and-diamond-ring\\\/#primaryimage\"},\"image\":{\"@id\":\"https:\\\/\\\/www.purejewels.com\\\/product\\\/18ct-rose-gold-ruby-and-diamond-ring\\\/#primaryimage\"},\"thumbnailUrl\":\"https:\\\/\\\/static.purejewels.com\\\/wp-content\\\/uploads\\\/2019\\\/01\\\/28109-3.jpg\",\"datePublished\":\"2022-09-28T06:58:03+00:00\",\"dateModified\":\"2026-01-21T07:12:33+00:00\",\"description\":\"Buy diamond ring. This stackable ruby and diamond ring is absolutely gorgeous and is sure to grab your attention along with everyone around you.\",\"breadcrumb\":{\"@id\":\"https:\\\/\\\/www.purejewels.com\\\/product\\\/18ct-rose-gold-ruby-and-diamond-ring\\\/#breadcrumb\"},\"inLanguage\":\"de\",\"potentialAction\":[{\"@type\":\"ReadAction\",\"target\":[\"https:\\\/\\\/www.purejewels.com\\\/product\\\/18ct-rose-gold-ruby-and-diamond-ring\\\/\"]}]},{\"@type\":\"ImageObject\",\"inLanguage\":\"de\",\"@id\":\"https:\\\/\\\/www.purejewels.com\\\/product\\\/18ct-rose-gold-ruby-and-diamond-ring\\\/#primaryimage\",\"url\":\"https:\\\/\\\/static.purejewels.com\\\/wp-content\\\/uploads\\\/2019\\\/01\\\/28109-3.jpg\",\"contentUrl\":\"https:\\\/\\\/static.purejewels.com\\\/wp-content\\\/uploads\\\/2019\\\/01\\\/28109-3.jpg\",\"width\":1000,\"height\":1000,\"caption\":\"18ct Rose Gold Ruby And Diamond Ring\"},{\"@type\":\"BreadcrumbList\",\"@id\":\"https:\\\/\\\/www.purejewels.com\\\/product\\\/18ct-rose-gold-ruby-and-diamond-ring\\\/#breadcrumb\",\"itemListElement\":[{\"@type\":\"ListItem\",\"position\":1,\"name\":\"Home\",\"item\":\"https:\\\/\\\/www.purejewels.com\\\/\"},{\"@type\":\"ListItem\",\"position\":2,\"name\":\"Shop\",\"item\":\"https:\\\/\\\/www.purejewels.com\\\/shop\\\/\"},{\"@type\":\"ListItem\",\"position\":3,\"name\":\"18ct Rose Gold Ruby And Diamond Ring | Size M\"}]},{\"@type\":\"WebSite\",\"@id\":\"https:\\\/\\\/www.purejewels.com\\\/#website\",\"url\":\"https:\\\/\\\/www.purejewels.com\\\/\",\"name\":\"PureJewels UK\",\"description\":\"Share the Love\",\"publisher\":{\"@id\":\"https:\\\/\\\/www.purejewels.com\\\/#organization\"},\"potentialAction\":[{\"@type\":\"SearchAction\",\"target\":{\"@type\":\"EntryPoint\",\"urlTemplate\":\"https:\\\/\\\/www.purejewels.com\\\/?s={search_term_string}\"},\"query-input\":{\"@type\":\"PropertyValueSpecification\",\"valueRequired\":true,\"valueName\":\"search_term_string\"}}],\"inLanguage\":\"de\"},{\"@type\":\"Organization\",\"@id\":\"https:\\\/\\\/www.purejewels.com\\\/#organization\",\"name\":\"PureJewels UK\",\"url\":\"https:\\\/\\\/www.purejewels.com\\\/\",\"logo\":{\"@type\":\"ImageObject\",\"inLanguage\":\"de\",\"@id\":\"https:\\\/\\\/www.purejewels.com\\\/#\\\/schema\\\/logo\\\/image\\\/\",\"url\":\"https:\\\/\\\/static.purejewels.com\\\/wp-content\\\/uploads\\\/2020\\\/11\\\/Logo-PJ-New-1.png\",\"contentUrl\":\"https:\\\/\\\/static.purejewels.com\\\/wp-content\\\/uploads\\\/2020\\\/11\\\/Logo-PJ-New-1.png\",\"width\":150,\"height\":80,\"caption\":\"PureJewels UK\"},\"image\":{\"@id\":\"https:\\\/\\\/www.purejewels.com\\\/#\\\/schema\\\/logo\\\/image\\\/\"}}]}<\/script>\n<!-- \/ Yoast SEO plugin. -->","yoast_head_json":{"title":"Gold-Diamant-Ring | 18ct Rose Gold Rubin und Diamant-Ring","description":"Diamantring kaufen. Dieser stapelbare Rubin- und Diamantring ist absolut hinrei\u00dfend und wird mit Sicherheit Ihre Aufmerksamkeit erregen.","robots":{"index":"index","follow":"follow","max-snippet":"max-snippet:-1","max-image-preview":"max-image-preview:large","max-video-preview":"max-video-preview:-1"},"canonical":"https:\/\/www.purejewels.com\/de\/produkt-2\/ring-aus-18-karat-rosegold-mit-rubin-und-diamanten\/","og_locale":"de_DE","og_type":"article","og_title":"gold diamond ring | 18ct Rose Gold Ruby And Diamond Ring","og_description":"Buy diamond ring. This stackable ruby and diamond ring is absolutely gorgeous and is sure to grab your attention along with everyone around you.","og_url":"https:\/\/www.purejewels.com\/de\/produkt-2\/ring-aus-18-karat-rosegold-mit-rubin-und-diamanten\/","og_site_name":"PureJewels UK","article_modified_time":"2026-01-21T07:12:33+00:00","og_image":[{"width":1000,"height":1000,"url":"https:\/\/static.purejewels.com\/wp-content\/uploads\/2019\/01\/28109-3.jpg","type":"image\/jpeg"}],"twitter_card":"summary_large_image","twitter_misc":{"Gesch\u00e4tzte Lesezeit":"1\u00a0Minute"},"schema":{"@context":"https:\/\/schema.org","@graph":[{"@type":["WebPage","ItemPage"],"@id":"https:\/\/www.purejewels.com\/product\/18ct-rose-gold-ruby-and-diamond-ring\/","url":"https:\/\/www.purejewels.com\/product\/18ct-rose-gold-ruby-and-diamond-ring\/","name":"Gold-Diamant-Ring | 18ct Rose Gold Rubin und Diamant-Ring","isPartOf":{"@id":"https:\/\/www.purejewels.com\/#website"},"primaryImageOfPage":{"@id":"https:\/\/www.purejewels.com\/product\/18ct-rose-gold-ruby-and-diamond-ring\/#primaryimage"},"image":{"@id":"https:\/\/www.purejewels.com\/product\/18ct-rose-gold-ruby-and-diamond-ring\/#primaryimage"},"thumbnailUrl":"https:\/\/static.purejewels.com\/wp-content\/uploads\/2019\/01\/28109-3.jpg","datePublished":"2022-09-28T06:58:03+00:00","dateModified":"2026-01-21T07:12:33+00:00","description":"Diamantring kaufen. Dieser stapelbare Rubin- und Diamantring ist absolut hinrei\u00dfend und wird mit Sicherheit Ihre Aufmerksamkeit erregen.","breadcrumb":{"@id":"https:\/\/www.purejewels.com\/product\/18ct-rose-gold-ruby-and-diamond-ring\/#breadcrumb"},"inLanguage":"de","potentialAction":[{"@type":"ReadAction","target":["https:\/\/www.purejewels.com\/product\/18ct-rose-gold-ruby-and-diamond-ring\/"]}]},{"@type":"ImageObject","inLanguage":"de","@id":"https:\/\/www.purejewels.com\/product\/18ct-rose-gold-ruby-and-diamond-ring\/#primaryimage","url":"https:\/\/static.purejewels.com\/wp-content\/uploads\/2019\/01\/28109-3.jpg","contentUrl":"https:\/\/static.purejewels.com\/wp-content\/uploads\/2019\/01\/28109-3.jpg","width":1000,"height":1000,"caption":"18ct Rose Gold Ruby And Diamond Ring"},{"@type":"BreadcrumbList","@id":"https:\/\/www.purejewels.com\/product\/18ct-rose-gold-ruby-and-diamond-ring\/#breadcrumb","itemListElement":[{"@type":"ListItem","position":1,"name":"Home","item":"https:\/\/www.purejewels.com\/"},{"@type":"ListItem","position":2,"name":"Shop","item":"https:\/\/www.purejewels.com\/shop\/"},{"@type":"ListItem","position":3,"name":"18ct Rose Gold Ruby And Diamond Ring | Size M"}]},{"@type":"WebSite","@id":"https:\/\/www.purejewels.com\/#website","url":"https:\/\/www.purejewels.com\/","name":"PureJewels UK","description":"Teile die Liebe","publisher":{"@id":"https:\/\/www.purejewels.com\/#organization"},"potentialAction":[{"@type":"SearchAction","target":{"@type":"EntryPoint","urlTemplate":"https:\/\/www.purejewels.com\/?s={search_term_string}"},"query-input":{"@type":"PropertyValueSpecification","valueRequired":true,"valueName":"search_term_string"}}],"inLanguage":"de"},{"@type":"Organization","@id":"https:\/\/www.purejewels.com\/#organization","name":"PureJewels UK","url":"https:\/\/www.purejewels.com\/","logo":{"@type":"ImageObject","inLanguage":"de","@id":"https:\/\/www.purejewels.com\/#\/schema\/logo\/image\/","url":"https:\/\/static.purejewels.com\/wp-content\/uploads\/2020\/11\/Logo-PJ-New-1.png","contentUrl":"https:\/\/static.purejewels.com\/wp-content\/uploads\/2020\/11\/Logo-PJ-New-1.png","width":150,"height":80,"caption":"PureJewels UK"},"image":{"@id":"https:\/\/www.purejewels.com\/#\/schema\/logo\/image\/"}}]}},"_links":{"self":[{"href":"https:\/\/www.purejewels.com\/de\/wp-json\/wp\/v2\/product\/308634","targetHints":{"allow":["GET"]}}],"collection":[{"href":"https:\/\/www.purejewels.com\/de\/wp-json\/wp\/v2\/product"}],"about":[{"href":"https:\/\/www.purejewels.com\/de\/wp-json\/wp\/v2\/types\/product"}],"replies":[{"embeddable":true,"href":"https:\/\/www.purejewels.com\/de\/wp-json\/wp\/v2\/comments?post=308634"}],"version-history":[{"count":1,"href":"https:\/\/www.purejewels.com\/de\/wp-json\/wp\/v2\/product\/308634\/revisions"}],"predecessor-version":[{"id":402389,"href":"https:\/\/www.purejewels.com\/de\/wp-json\/wp\/v2\/product\/308634\/revisions\/402389"}],"wp:featuredmedia":[{"embeddable":true,"href":"https:\/\/www.purejewels.com\/de\/wp-json\/wp\/v2\/media\/338914"}],"wp:attachment":[{"href":"https:\/\/www.purejewels.com\/de\/wp-json\/wp\/v2\/media?parent=308634"}],"wp:term":[{"taxonomy":"product_brand","embeddable":true,"href":"https:\/\/www.purejewels.com\/de\/wp-json\/wp\/v2\/product_brand?post=308634"},{"taxonomy":"product_cat","embeddable":true,"href":"https:\/\/www.purejewels.com\/de\/wp-json\/wp\/v2\/product_cat?post=308634"},{"taxonomy":"product_tag","embeddable":true,"href":"https:\/\/www.purejewels.com\/de\/wp-json\/wp\/v2\/product_tag?post=308634"}],"curies":[{"name":"wp","href":"https:\/\/api.w.org\/{rel}","templated":true}]}}