{"id":308679,"date":"2019-01-17T08:46:34","date_gmt":"2019-01-17T08:46:34","guid":{"rendered":"https:\/\/www.purejewels.com\/?post_type=product&#038;p=308679"},"modified":"2024-09-12T12:36:47","modified_gmt":"2024-09-12T11:36:47","slug":"18-karat-gold-kette-20-zoll","status":"publish","type":"product","link":"https:\/\/www.purejewels.com\/de\/product\/18-carat-gold-chain-20-inches\/","title":{"rendered":"18ct Wei\u00dfgold Spiga Kette 20 Zoll"},"content":{"rendered":"<p>Einfach und bequem, nichts geht \u00fcber einen Klassiker <a href=\"https:\/\/www.purejewels.com\/de\/product\/18ct-white-gold-khanda-sikh-religious-pendant-6226\/\">18ct<\/a> Gold <a href=\"https:\/\/www.purejewels.com\/de\/product\/22ct-gold-spiga-chain-41359\/\">Spigakette<\/a>. Unsere immerw\u00e4hrende Version dieses traditionell gesch\u00e4tzten Schmuckst\u00fccks, das auf Hochglanz poliert und bis ins kleinste Detail entworfen wurde, ist so vielseitig wie Sie selbst. Kombinieren Sie es mit anderen <a href=\"https:\/\/www.purejewels.com\/de\/product-category\/22ct-gold-jewellery\/gold-chains\/\">Ketten<\/a> oder tragen Sie ihn allein f\u00fcr endlose M\u00f6glichkeiten! Mit einer Klarheit und St\u00e4rke wie keine andere, diese atemberaubende 18ct <a href=\"https:\/\/www.purejewels.com\/de\/product\/22ct-gold-spiga-chain-41721\/\">gold spiga kette<\/a> mit einer beeindruckenden L\u00e4nge von 20 Zoll ist die perfekte Halskette f\u00fcr jeden Tag.<\/p>","protected":false},"excerpt":{"rendered":"<ul>\n<li>18ct <span id=\"urn:enhancement-43a6b08f\" class=\"textannotation\">Wei\u00df<\/span> <span id=\"urn:enhancement-9ac80dba\" class=\"textannotation\">Gold<\/span> Spiga Einstellbar <span id=\"urn:enhancement-cdb79899\" class=\"textannotation\">Kette<\/span><\/li>\n<li><span id=\"urn:enhancement-b1dee5b3\" class=\"textannotation\">Gewicht<\/span>. 6,3 g<\/li>\n<li><span id=\"urn:enhancement-80696330\" class=\"textannotation\">L\u00e4nge<\/span>. 20\u2033 Zoll<\/li>\n<li><span id=\"urn:enhancement-7cdca449\" class=\"textannotation\">SKU<\/span>. 28451<\/li>\n<li>Alle <span id=\"urn:enhancement-fe972dd3\" class=\"textannotation\">Preise<\/span> einschlie\u00dfen. <span id=\"urn:enhancement-85b76e08\" class=\"textannotation\">MEHRWERTSTEUER<\/span><\/li>\n<li>18ct <span id=\"urn:enhancement-63bb5e3c\" class=\"textannotation\">Gold<\/span>\u00a0Gekennzeichnet durch <span id=\"urn:enhancement-59066807\" class=\"textannotation\">London<\/span> <span id=\"urn:enhancement-d09f3eac\" class=\"textannotation\">Pr\u00fcfstelle<\/span><\/li>\n<li>Mit Pr\u00e4sentationsbox<\/li>\n<li><span id=\"urn:enhancement-6159d4b3\" class=\"textannotation\">Lieferung<\/span> Eingeschlossen<\/li>\n<li>Live <span id=\"urn:enhancement-166926c1\" class=\"textannotation\">Chat<\/span> Verf\u00fcgbarkeit und weitere Bilder von \u00e4hnlichen Designs, die derzeit in <span id=\"urn:enhancement-973de413\" class=\"textannotation\">Aktie<\/span><\/li>\n<\/ul>","protected":false},"featured_media":314129,"comment_status":"closed","ping_status":"closed","template":"","meta":{"_eb_attr":"","_crsspst_to_jayantr4sg-hostcom":false},"product_brand":[],"product_cat":[5015,1559,1794,1571,1475,1773,1572,1774,1569,1574],"product_tag":[],"class_list":{"0":"post-308679","1":"product","2":"type-product","3":"status-publish","4":"has-post-thumbnail","6":"product_cat-20-inch-ladies-chain","7":"product_cat-birthday-gifts","8":"product_cat-christmas-gifts","9":"product_cat-fathers-day-gifts","10":"product_cat-gold-chains","11":"product_cat-ladies-chains","12":"product_cat-mens-jewellery","13":"product_cat-mens-chains","14":"product_cat-valentine-day-gifts","15":"product_cat-womens-jewellery","17":"first","18":"outofstock","19":"taxable","20":"shipping-taxable","21":"product-type-simple","22":"add-to-wishlist-before_image"},"yoast_head":"<!-- This site is optimized with the Yoast SEO plugin v27.3 - https:\/\/yoast.com\/product\/yoast-seo-wordpress\/ -->\n<title>Spiga Chain | Shop 18ct White Gold Spiga Chain 20 Inches<\/title>\n<meta name=\"description\" content=\"Browse our collection of real gold chains. Shop 18ct White Gold Spiga Chain 20 Inches. It Comes With Presentation Box shipping free in UK.\" \/>\n<meta name=\"robots\" content=\"index, follow, max-snippet:-1, max-image-preview:large, max-video-preview:-1\" \/>\n<link rel=\"canonical\" href=\"https:\/\/www.purejewels.com\/de\/produkt-2\/18-karat-gold-kette-20-zoll\/\" \/>\n<meta property=\"og:locale\" content=\"de_DE\" \/>\n<meta property=\"og:type\" content=\"article\" \/>\n<meta property=\"og:title\" content=\"Spiga Chain | Shop 18ct White Gold Spiga Chain 20 Inches\" \/>\n<meta property=\"og:description\" content=\"Browse our collection of real gold chains. Shop 18ct White Gold Spiga Chain 20 Inches. It Comes With Presentation Box shipping free in UK.\" \/>\n<meta property=\"og:url\" content=\"https:\/\/www.purejewels.com\/de\/produkt-2\/18-karat-gold-kette-20-zoll\/\" \/>\n<meta property=\"og:site_name\" content=\"PureJewels UK\" \/>\n<meta property=\"article:modified_time\" content=\"2024-09-12T11:36:47+00:00\" \/>\n<meta property=\"og:image\" content=\"https:\/\/www.purejewels.com\/wp-content\/uploads\/2020\/05\/135871735.png\" \/>\n\t<meta property=\"og:image:width\" content=\"1000\" \/>\n\t<meta property=\"og:image:height\" content=\"1000\" \/>\n\t<meta property=\"og:image:type\" content=\"image\/png\" \/>\n<meta name=\"twitter:card\" content=\"summary_large_image\" \/>\n<meta name=\"twitter:label1\" content=\"Gesch\u00e4tzte Lesezeit\" \/>\n\t<meta name=\"twitter:data1\" content=\"1\u00a0Minute\" \/>\n<script type=\"application\/ld+json\" class=\"yoast-schema-graph\">{\"@context\":\"https:\\\/\\\/schema.org\",\"@graph\":[{\"@type\":[\"WebPage\",\"ItemPage\"],\"@id\":\"https:\\\/\\\/www.purejewels.com\\\/product\\\/18-carat-gold-chain-20-inches\\\/\",\"url\":\"https:\\\/\\\/www.purejewels.com\\\/product\\\/18-carat-gold-chain-20-inches\\\/\",\"name\":\"Spiga Chain | Shop 18ct White Gold Spiga Chain 20 Inches\",\"isPartOf\":{\"@id\":\"https:\\\/\\\/www.purejewels.com\\\/#website\"},\"primaryImageOfPage\":{\"@id\":\"https:\\\/\\\/www.purejewels.com\\\/product\\\/18-carat-gold-chain-20-inches\\\/#primaryimage\"},\"image\":{\"@id\":\"https:\\\/\\\/www.purejewels.com\\\/product\\\/18-carat-gold-chain-20-inches\\\/#primaryimage\"},\"thumbnailUrl\":\"https:\\\/\\\/static.purejewels.com\\\/wp-content\\\/uploads\\\/2020\\\/05\\\/135871735.png\",\"datePublished\":\"2019-01-17T08:46:34+00:00\",\"dateModified\":\"2024-09-12T11:36:47+00:00\",\"description\":\"Browse our collection of real gold chains. Shop 18ct White Gold Spiga Chain 20 Inches. It Comes With Presentation Box shipping free in UK.\",\"breadcrumb\":{\"@id\":\"https:\\\/\\\/www.purejewels.com\\\/product\\\/18-carat-gold-chain-20-inches\\\/#breadcrumb\"},\"inLanguage\":\"de\",\"potentialAction\":[{\"@type\":\"ReadAction\",\"target\":[\"https:\\\/\\\/www.purejewels.com\\\/product\\\/18-carat-gold-chain-20-inches\\\/\"]}]},{\"@type\":\"ImageObject\",\"inLanguage\":\"de\",\"@id\":\"https:\\\/\\\/www.purejewels.com\\\/product\\\/18-carat-gold-chain-20-inches\\\/#primaryimage\",\"url\":\"https:\\\/\\\/static.purejewels.com\\\/wp-content\\\/uploads\\\/2020\\\/05\\\/135871735.png\",\"contentUrl\":\"https:\\\/\\\/static.purejewels.com\\\/wp-content\\\/uploads\\\/2020\\\/05\\\/135871735.png\",\"width\":1000,\"height\":1000,\"caption\":\"18ct\u00a0White Gold Foxtail Adjustable ChainWt. 4.6 gLength. 20? inchesSKU. 28451All prices include VAT18ct Gold\u00a0Hallmarked by London Assay OfficeComes With Presentation BoxDelivery IncludedLive chat with us for availability and more images of similar designs currently in stock\"},{\"@type\":\"BreadcrumbList\",\"@id\":\"https:\\\/\\\/www.purejewels.com\\\/product\\\/18-carat-gold-chain-20-inches\\\/#breadcrumb\",\"itemListElement\":[{\"@type\":\"ListItem\",\"position\":1,\"name\":\"Home\",\"item\":\"https:\\\/\\\/www.purejewels.com\\\/\"},{\"@type\":\"ListItem\",\"position\":2,\"name\":\"Shop\",\"item\":\"https:\\\/\\\/www.purejewels.com\\\/shop\\\/\"},{\"@type\":\"ListItem\",\"position\":3,\"name\":\"18ct White Gold Spiga Chain 20 Inches\"}]},{\"@type\":\"WebSite\",\"@id\":\"https:\\\/\\\/www.purejewels.com\\\/#website\",\"url\":\"https:\\\/\\\/www.purejewels.com\\\/\",\"name\":\"PureJewels UK\",\"description\":\"Share the Love\",\"publisher\":{\"@id\":\"https:\\\/\\\/www.purejewels.com\\\/#organization\"},\"potentialAction\":[{\"@type\":\"SearchAction\",\"target\":{\"@type\":\"EntryPoint\",\"urlTemplate\":\"https:\\\/\\\/www.purejewels.com\\\/?s={search_term_string}\"},\"query-input\":{\"@type\":\"PropertyValueSpecification\",\"valueRequired\":true,\"valueName\":\"search_term_string\"}}],\"inLanguage\":\"de\"},{\"@type\":\"Organization\",\"@id\":\"https:\\\/\\\/www.purejewels.com\\\/#organization\",\"name\":\"PureJewels UK\",\"url\":\"https:\\\/\\\/www.purejewels.com\\\/\",\"logo\":{\"@type\":\"ImageObject\",\"inLanguage\":\"de\",\"@id\":\"https:\\\/\\\/www.purejewels.com\\\/#\\\/schema\\\/logo\\\/image\\\/\",\"url\":\"https:\\\/\\\/static.purejewels.com\\\/wp-content\\\/uploads\\\/2020\\\/11\\\/Logo-PJ-New-1.png\",\"contentUrl\":\"https:\\\/\\\/static.purejewels.com\\\/wp-content\\\/uploads\\\/2020\\\/11\\\/Logo-PJ-New-1.png\",\"width\":150,\"height\":80,\"caption\":\"PureJewels UK\"},\"image\":{\"@id\":\"https:\\\/\\\/www.purejewels.com\\\/#\\\/schema\\\/logo\\\/image\\\/\"}}]}<\/script>\n<!-- \/ Yoast SEO plugin. -->","yoast_head_json":{"title":"Spiga Kette | Shop 18ct Wei\u00dfgold Spiga Kette 20 Zoll","description":"St\u00f6bern Sie in unserer Kollektion von Ketten aus echtem Gold. Shop 18ct White Gold Spiga Kette 20 Zoll. Es kommt mit Pr\u00e4sentation Box versandkostenfrei in Gro\u00dfbritannien.","robots":{"index":"index","follow":"follow","max-snippet":"max-snippet:-1","max-image-preview":"max-image-preview:large","max-video-preview":"max-video-preview:-1"},"canonical":"https:\/\/www.purejewels.com\/de\/produkt-2\/18-karat-gold-kette-20-zoll\/","og_locale":"de_DE","og_type":"article","og_title":"Spiga Chain | Shop 18ct White Gold Spiga Chain 20 Inches","og_description":"Browse our collection of real gold chains. Shop 18ct White Gold Spiga Chain 20 Inches. It Comes With Presentation Box shipping free in UK.","og_url":"https:\/\/www.purejewels.com\/de\/produkt-2\/18-karat-gold-kette-20-zoll\/","og_site_name":"PureJewels UK","article_modified_time":"2024-09-12T11:36:47+00:00","og_image":[{"width":1000,"height":1000,"url":"https:\/\/www.purejewels.com\/wp-content\/uploads\/2020\/05\/135871735.png","type":"image\/png"}],"twitter_card":"summary_large_image","twitter_misc":{"Gesch\u00e4tzte Lesezeit":"1\u00a0Minute"},"schema":{"@context":"https:\/\/schema.org","@graph":[{"@type":["WebPage","ItemPage"],"@id":"https:\/\/www.purejewels.com\/product\/18-carat-gold-chain-20-inches\/","url":"https:\/\/www.purejewels.com\/product\/18-carat-gold-chain-20-inches\/","name":"Spiga Kette | Shop 18ct Wei\u00dfgold Spiga Kette 20 Zoll","isPartOf":{"@id":"https:\/\/www.purejewels.com\/#website"},"primaryImageOfPage":{"@id":"https:\/\/www.purejewels.com\/product\/18-carat-gold-chain-20-inches\/#primaryimage"},"image":{"@id":"https:\/\/www.purejewels.com\/product\/18-carat-gold-chain-20-inches\/#primaryimage"},"thumbnailUrl":"https:\/\/static.purejewels.com\/wp-content\/uploads\/2020\/05\/135871735.png","datePublished":"2019-01-17T08:46:34+00:00","dateModified":"2024-09-12T11:36:47+00:00","description":"St\u00f6bern Sie in unserer Kollektion von Ketten aus echtem Gold. Shop 18ct White Gold Spiga Kette 20 Zoll. Es kommt mit Pr\u00e4sentation Box versandkostenfrei in Gro\u00dfbritannien.","breadcrumb":{"@id":"https:\/\/www.purejewels.com\/product\/18-carat-gold-chain-20-inches\/#breadcrumb"},"inLanguage":"de","potentialAction":[{"@type":"ReadAction","target":["https:\/\/www.purejewels.com\/product\/18-carat-gold-chain-20-inches\/"]}]},{"@type":"ImageObject","inLanguage":"de","@id":"https:\/\/www.purejewels.com\/product\/18-carat-gold-chain-20-inches\/#primaryimage","url":"https:\/\/static.purejewels.com\/wp-content\/uploads\/2020\/05\/135871735.png","contentUrl":"https:\/\/static.purejewels.com\/wp-content\/uploads\/2020\/05\/135871735.png","width":1000,"height":1000,"caption":"18ct\u00a0White Gold Foxtail Adjustable ChainWt. 4.6 gLength. 20? inchesSKU. 28451All prices include VAT18ct Gold\u00a0Hallmarked by London Assay OfficeComes With Presentation BoxDelivery IncludedLive chat with us for availability and more images of similar designs currently in stock"},{"@type":"BreadcrumbList","@id":"https:\/\/www.purejewels.com\/product\/18-carat-gold-chain-20-inches\/#breadcrumb","itemListElement":[{"@type":"ListItem","position":1,"name":"Home","item":"https:\/\/www.purejewels.com\/"},{"@type":"ListItem","position":2,"name":"Shop","item":"https:\/\/www.purejewels.com\/shop\/"},{"@type":"ListItem","position":3,"name":"18ct White Gold Spiga Chain 20 Inches"}]},{"@type":"WebSite","@id":"https:\/\/www.purejewels.com\/#website","url":"https:\/\/www.purejewels.com\/","name":"PureJewels UK","description":"Teile die Liebe","publisher":{"@id":"https:\/\/www.purejewels.com\/#organization"},"potentialAction":[{"@type":"SearchAction","target":{"@type":"EntryPoint","urlTemplate":"https:\/\/www.purejewels.com\/?s={search_term_string}"},"query-input":{"@type":"PropertyValueSpecification","valueRequired":true,"valueName":"search_term_string"}}],"inLanguage":"de"},{"@type":"Organization","@id":"https:\/\/www.purejewels.com\/#organization","name":"PureJewels UK","url":"https:\/\/www.purejewels.com\/","logo":{"@type":"ImageObject","inLanguage":"de","@id":"https:\/\/www.purejewels.com\/#\/schema\/logo\/image\/","url":"https:\/\/static.purejewels.com\/wp-content\/uploads\/2020\/11\/Logo-PJ-New-1.png","contentUrl":"https:\/\/static.purejewels.com\/wp-content\/uploads\/2020\/11\/Logo-PJ-New-1.png","width":150,"height":80,"caption":"PureJewels UK"},"image":{"@id":"https:\/\/www.purejewels.com\/#\/schema\/logo\/image\/"}}]}},"_links":{"self":[{"href":"https:\/\/www.purejewels.com\/de\/wp-json\/wp\/v2\/product\/308679","targetHints":{"allow":["GET"]}}],"collection":[{"href":"https:\/\/www.purejewels.com\/de\/wp-json\/wp\/v2\/product"}],"about":[{"href":"https:\/\/www.purejewels.com\/de\/wp-json\/wp\/v2\/types\/product"}],"replies":[{"embeddable":true,"href":"https:\/\/www.purejewels.com\/de\/wp-json\/wp\/v2\/comments?post=308679"}],"version-history":[{"count":1,"href":"https:\/\/www.purejewels.com\/de\/wp-json\/wp\/v2\/product\/308679\/revisions"}],"predecessor-version":[{"id":371782,"href":"https:\/\/www.purejewels.com\/de\/wp-json\/wp\/v2\/product\/308679\/revisions\/371782"}],"wp:featuredmedia":[{"embeddable":true,"href":"https:\/\/www.purejewels.com\/de\/wp-json\/wp\/v2\/media\/314129"}],"wp:attachment":[{"href":"https:\/\/www.purejewels.com\/de\/wp-json\/wp\/v2\/media?parent=308679"}],"wp:term":[{"taxonomy":"product_brand","embeddable":true,"href":"https:\/\/www.purejewels.com\/de\/wp-json\/wp\/v2\/product_brand?post=308679"},{"taxonomy":"product_cat","embeddable":true,"href":"https:\/\/www.purejewels.com\/de\/wp-json\/wp\/v2\/product_cat?post=308679"},{"taxonomy":"product_tag","embeddable":true,"href":"https:\/\/www.purejewels.com\/de\/wp-json\/wp\/v2\/product_tag?post=308679"}],"curies":[{"name":"wp","href":"https:\/\/api.w.org\/{rel}","templated":true}]}}