{"id":308685,"date":"2019-01-17T09:12:43","date_gmt":"2019-01-17T09:12:43","guid":{"rendered":"https:\/\/www.purejewels.com\/?post_type=product&#038;p=308685"},"modified":"2024-11-14T06:30:00","modified_gmt":"2024-11-14T06:30:00","slug":"18ct-gelbgold-fancy-kette-18-zoll","status":"publish","type":"product","link":"https:\/\/www.purejewels.com\/de\/product\/18ct-yellow-gold-fancy-chain-18-inches\/","title":{"rendered":"18ct Gelbgold Kette | 16 Zoll | 2,6mm dick"},"content":{"rendered":"<p><span style=\"font-weight: 400;\">Man muss nicht immer zu viel Schmuck tragen, um aufzufallen. Manchmal wirkt ein leichtes, minimalistisches Styling mit Schmuck und Accessoires wahre Wunder, finden Sie nicht auch?<\/span><\/p>\n<p><span style=\"font-weight: 400;\">Diese ausgefallene Goldkette von Purejewels sieht subtil und doch jedes Mal, wenn es beweist, eine Aussage zu machen, wenn getragen. Das Design dieser ausgefallenen Kette wurde von unserem Expertenteam von Designern und Karigars sehr durchdacht zum Leben erweckt. Unsere 18K Gelbgold Halskette ist eine perfekte Mischung aus Vintage und Tribal T\u00f6ne als kleine Perlen Komponenten sind wundersch\u00f6n zusammen gewebt, um die perfekte Harmonie zu schlagen.\u00a0\u00a0<\/span><\/p>\n<p><span style=\"font-weight: 400;\">Diese goldene Kette braucht keinen Anh\u00e4nger oder andere Ketten, um sie zu stapeln, denn sie hat ein k\u00fchnes und doch zartes Design, das f\u00fcr sich allein stehen kann und nichts anderes braucht. Sie passt perfekt zu Rollkragenpullovern, Blazern, hochgeschlossenen Wollpullovern, Kaftanen und sogar zu indischen Kleidern wie Sarees und Kurtas. Sie ist wunderbar vielseitig und einfach zu stylen.\u00a0<\/span><\/p>","protected":false},"excerpt":{"rendered":"<ul>\n<li>18ct <span id=\"urn:enhancement-6df3bfbb\" class=\"textannotation\">Gelb<\/span> <span id=\"urn:enhancement-36518792\" class=\"textannotation\">Gold<\/span> Fancy <span id=\"urn:enhancement-925502de\" class=\"textannotation\">Kette<\/span><\/li>\n<li><span id=\"urn:enhancement-3dd49214\" class=\"textannotation\">L\u00e4nge<\/span>. 16\u2033 <span id=\"urn:enhancement-3065221\" class=\"textannotation\">Zoll<\/span><\/li>\n<li><span id=\"urn:enhancement-62a30c05\" class=\"textannotation\">SKU<\/span>. 9157<\/li>\n<li>Dicke. 2,6 mm<\/li>\n<li>Alle <span id=\"urn:enhancement-e5c5172a\" class=\"textannotation\">Preise<\/span> einschlie\u00dflich Mehrwertsteuer<\/li>\n<li>Alle unsere <span id=\"urn:enhancement-e1ee394e\" class=\"textannotation\">Produkte<\/span> werden von London gestempelt <span id=\"urn:enhancement-f1a6555f\" class=\"textannotation\">Pr\u00fcfstelle<\/span><\/li>\n<li>Mit Pr\u00e4sentationsbox<\/li>\n<li><span id=\"urn:enhancement-1c5fd941\" class=\"textannotation\">Lieferung<\/span> Eingeschlossen<\/li>\n<li>Live Chat mit uns auf Whatsapp zu <span id=\"urn:enhancement-ca95bfca\" class=\"textannotation\">siehe<\/span> gesamte <span id=\"urn:enhancement-7823fc58\" class=\"textannotation\">Sammlung<\/span> auf 18ct <span id=\"urn:enhancement-7c60db25\" class=\"textannotation\">Gold<\/span> <span id=\"urn:enhancement-40e036a2\" class=\"textannotation\">Kette<\/span>.<\/li>\n<li>Entdecken Sie unsere M\u00e4nnerkette<\/li>\n<\/ul>","protected":false},"featured_media":314128,"comment_status":"closed","ping_status":"closed","template":"","meta":{"_eb_attr":"","_crsspst_to_jayantr4sg-hostcom":false},"product_brand":[],"product_cat":[5013,1559,1571,1475,1773,1572,1574],"product_tag":[],"class_list":{"0":"post-308685","1":"product","2":"type-product","3":"status-publish","4":"has-post-thumbnail","6":"product_cat-16-inch-ladies-chain","7":"product_cat-birthday-gifts","8":"product_cat-fathers-day-gifts","9":"product_cat-gold-chains","10":"product_cat-ladies-chains","11":"product_cat-mens-jewellery","12":"product_cat-womens-jewellery","14":"first","15":"outofstock","16":"taxable","17":"shipping-taxable","18":"product-type-simple","19":"add-to-wishlist-before_image"},"yoast_head":"<!-- This site is optimized with the Yoast SEO plugin v27.3 - https:\/\/yoast.com\/product\/yoast-seo-wordpress\/ -->\n<title>18ct Yellow Gold Fancy Chain for daily wear<\/title>\n<meta name=\"description\" content=\"Our 18K gold chain is a blend of vintage &amp; tribal tones as small beaded components are beautifully woven to strike the perfect harmony.\" \/>\n<meta name=\"robots\" content=\"index, follow, max-snippet:-1, max-image-preview:large, max-video-preview:-1\" \/>\n<link rel=\"canonical\" href=\"https:\/\/www.purejewels.com\/de\/produkt-2\/18ct-gelbgold-fancy-kette-18-zoll\/\" \/>\n<meta property=\"og:locale\" content=\"de_DE\" \/>\n<meta property=\"og:type\" content=\"article\" \/>\n<meta property=\"og:title\" content=\"18ct Yellow Gold Fancy Chain for daily wear\" \/>\n<meta property=\"og:description\" content=\"Our 18K gold chain is a blend of vintage &amp; tribal tones as small beaded components are beautifully woven to strike the perfect harmony.\" \/>\n<meta property=\"og:url\" content=\"https:\/\/www.purejewels.com\/de\/produkt-2\/18ct-gelbgold-fancy-kette-18-zoll\/\" \/>\n<meta property=\"og:site_name\" content=\"PureJewels UK\" \/>\n<meta property=\"article:modified_time\" content=\"2024-11-14T06:30:00+00:00\" \/>\n<meta property=\"og:image\" content=\"https:\/\/www.purejewels.com\/wp-content\/uploads\/2020\/05\/135872153.png\" \/>\n\t<meta property=\"og:image:width\" content=\"1000\" \/>\n\t<meta property=\"og:image:height\" content=\"1000\" \/>\n\t<meta property=\"og:image:type\" content=\"image\/png\" \/>\n<meta name=\"twitter:card\" content=\"summary_large_image\" \/>\n<meta name=\"twitter:label1\" content=\"Gesch\u00e4tzte Lesezeit\" \/>\n\t<meta name=\"twitter:data1\" content=\"1\u00a0Minute\" \/>\n<script type=\"application\/ld+json\" class=\"yoast-schema-graph\">{\"@context\":\"https:\\\/\\\/schema.org\",\"@graph\":[{\"@type\":[\"WebPage\",\"ItemPage\"],\"@id\":\"https:\\\/\\\/www.purejewels.com\\\/product\\\/18ct-yellow-gold-fancy-chain-18-inches\\\/\",\"url\":\"https:\\\/\\\/www.purejewels.com\\\/product\\\/18ct-yellow-gold-fancy-chain-18-inches\\\/\",\"name\":\"18ct Yellow Gold Fancy Chain for daily wear\",\"isPartOf\":{\"@id\":\"https:\\\/\\\/www.purejewels.com\\\/#website\"},\"primaryImageOfPage\":{\"@id\":\"https:\\\/\\\/www.purejewels.com\\\/product\\\/18ct-yellow-gold-fancy-chain-18-inches\\\/#primaryimage\"},\"image\":{\"@id\":\"https:\\\/\\\/www.purejewels.com\\\/product\\\/18ct-yellow-gold-fancy-chain-18-inches\\\/#primaryimage\"},\"thumbnailUrl\":\"https:\\\/\\\/static.purejewels.com\\\/wp-content\\\/uploads\\\/2020\\\/05\\\/135872153.png\",\"datePublished\":\"2019-01-17T09:12:43+00:00\",\"dateModified\":\"2024-11-14T06:30:00+00:00\",\"description\":\"Our 18K gold chain is a blend of vintage & tribal tones as small beaded components are beautifully woven to strike the perfect harmony.\",\"breadcrumb\":{\"@id\":\"https:\\\/\\\/www.purejewels.com\\\/product\\\/18ct-yellow-gold-fancy-chain-18-inches\\\/#breadcrumb\"},\"inLanguage\":\"de\",\"potentialAction\":[{\"@type\":\"ReadAction\",\"target\":[\"https:\\\/\\\/www.purejewels.com\\\/product\\\/18ct-yellow-gold-fancy-chain-18-inches\\\/\"]}]},{\"@type\":\"ImageObject\",\"inLanguage\":\"de\",\"@id\":\"https:\\\/\\\/www.purejewels.com\\\/product\\\/18ct-yellow-gold-fancy-chain-18-inches\\\/#primaryimage\",\"url\":\"https:\\\/\\\/static.purejewels.com\\\/wp-content\\\/uploads\\\/2020\\\/05\\\/135872153.png\",\"contentUrl\":\"https:\\\/\\\/static.purejewels.com\\\/wp-content\\\/uploads\\\/2020\\\/05\\\/135872153.png\",\"width\":1000,\"height\":1000,\"caption\":\"18ct Yellow Gold Fancy ChainWt. 11 gLength. 18? inchesSKU. 9157All prices include VATAll our products are hallmarked by London Assay OfficeComes With Presentation BoxDelivery IncludedLive Chat with us on whatsapp to see entire collection on 18ct Gold Chain.\"},{\"@type\":\"BreadcrumbList\",\"@id\":\"https:\\\/\\\/www.purejewels.com\\\/product\\\/18ct-yellow-gold-fancy-chain-18-inches\\\/#breadcrumb\",\"itemListElement\":[{\"@type\":\"ListItem\",\"position\":1,\"name\":\"Home\",\"item\":\"https:\\\/\\\/www.purejewels.com\\\/\"},{\"@type\":\"ListItem\",\"position\":2,\"name\":\"Shop\",\"item\":\"https:\\\/\\\/www.purejewels.com\\\/shop\\\/\"},{\"@type\":\"ListItem\",\"position\":3,\"name\":\"18ct Yellow Gold Chain | 16 Inches | 2.6mm Thick\"}]},{\"@type\":\"WebSite\",\"@id\":\"https:\\\/\\\/www.purejewels.com\\\/#website\",\"url\":\"https:\\\/\\\/www.purejewels.com\\\/\",\"name\":\"PureJewels UK\",\"description\":\"Share the Love\",\"publisher\":{\"@id\":\"https:\\\/\\\/www.purejewels.com\\\/#organization\"},\"potentialAction\":[{\"@type\":\"SearchAction\",\"target\":{\"@type\":\"EntryPoint\",\"urlTemplate\":\"https:\\\/\\\/www.purejewels.com\\\/?s={search_term_string}\"},\"query-input\":{\"@type\":\"PropertyValueSpecification\",\"valueRequired\":true,\"valueName\":\"search_term_string\"}}],\"inLanguage\":\"de\"},{\"@type\":\"Organization\",\"@id\":\"https:\\\/\\\/www.purejewels.com\\\/#organization\",\"name\":\"PureJewels UK\",\"url\":\"https:\\\/\\\/www.purejewels.com\\\/\",\"logo\":{\"@type\":\"ImageObject\",\"inLanguage\":\"de\",\"@id\":\"https:\\\/\\\/www.purejewels.com\\\/#\\\/schema\\\/logo\\\/image\\\/\",\"url\":\"https:\\\/\\\/static.purejewels.com\\\/wp-content\\\/uploads\\\/2020\\\/11\\\/Logo-PJ-New-1.png\",\"contentUrl\":\"https:\\\/\\\/static.purejewels.com\\\/wp-content\\\/uploads\\\/2020\\\/11\\\/Logo-PJ-New-1.png\",\"width\":150,\"height\":80,\"caption\":\"PureJewels UK\"},\"image\":{\"@id\":\"https:\\\/\\\/www.purejewels.com\\\/#\\\/schema\\\/logo\\\/image\\\/\"}}]}<\/script>\n<!-- \/ Yoast SEO plugin. -->","yoast_head_json":{"title":"18ct Gelbgold Fancy Kette f\u00fcr den t\u00e4glichen Gebrauch","description":"Unsere 18-kar\u00e4tige Goldkette ist eine Mischung aus Vintage- und Tribal-T\u00f6nen, bei der kleine Perlenkomponenten wundersch\u00f6n verwoben sind, um die perfekte Harmonie zu erzielen.","robots":{"index":"index","follow":"follow","max-snippet":"max-snippet:-1","max-image-preview":"max-image-preview:large","max-video-preview":"max-video-preview:-1"},"canonical":"https:\/\/www.purejewels.com\/de\/produkt-2\/18ct-gelbgold-fancy-kette-18-zoll\/","og_locale":"de_DE","og_type":"article","og_title":"18ct Yellow Gold Fancy Chain for daily wear","og_description":"Our 18K gold chain is a blend of vintage & tribal tones as small beaded components are beautifully woven to strike the perfect harmony.","og_url":"https:\/\/www.purejewels.com\/de\/produkt-2\/18ct-gelbgold-fancy-kette-18-zoll\/","og_site_name":"PureJewels UK","article_modified_time":"2024-11-14T06:30:00+00:00","og_image":[{"width":1000,"height":1000,"url":"https:\/\/www.purejewels.com\/wp-content\/uploads\/2020\/05\/135872153.png","type":"image\/png"}],"twitter_card":"summary_large_image","twitter_misc":{"Gesch\u00e4tzte Lesezeit":"1\u00a0Minute"},"schema":{"@context":"https:\/\/schema.org","@graph":[{"@type":["WebPage","ItemPage"],"@id":"https:\/\/www.purejewels.com\/product\/18ct-yellow-gold-fancy-chain-18-inches\/","url":"https:\/\/www.purejewels.com\/product\/18ct-yellow-gold-fancy-chain-18-inches\/","name":"18ct Gelbgold Fancy Kette f\u00fcr den t\u00e4glichen Gebrauch","isPartOf":{"@id":"https:\/\/www.purejewels.com\/#website"},"primaryImageOfPage":{"@id":"https:\/\/www.purejewels.com\/product\/18ct-yellow-gold-fancy-chain-18-inches\/#primaryimage"},"image":{"@id":"https:\/\/www.purejewels.com\/product\/18ct-yellow-gold-fancy-chain-18-inches\/#primaryimage"},"thumbnailUrl":"https:\/\/static.purejewels.com\/wp-content\/uploads\/2020\/05\/135872153.png","datePublished":"2019-01-17T09:12:43+00:00","dateModified":"2024-11-14T06:30:00+00:00","description":"Unsere 18-kar\u00e4tige Goldkette ist eine Mischung aus Vintage- und Tribal-T\u00f6nen, bei der kleine Perlenkomponenten wundersch\u00f6n verwoben sind, um die perfekte Harmonie zu erzielen.","breadcrumb":{"@id":"https:\/\/www.purejewels.com\/product\/18ct-yellow-gold-fancy-chain-18-inches\/#breadcrumb"},"inLanguage":"de","potentialAction":[{"@type":"ReadAction","target":["https:\/\/www.purejewels.com\/product\/18ct-yellow-gold-fancy-chain-18-inches\/"]}]},{"@type":"ImageObject","inLanguage":"de","@id":"https:\/\/www.purejewels.com\/product\/18ct-yellow-gold-fancy-chain-18-inches\/#primaryimage","url":"https:\/\/static.purejewels.com\/wp-content\/uploads\/2020\/05\/135872153.png","contentUrl":"https:\/\/static.purejewels.com\/wp-content\/uploads\/2020\/05\/135872153.png","width":1000,"height":1000,"caption":"18ct Yellow Gold Fancy ChainWt. 11 gLength. 18? inchesSKU. 9157All prices include VATAll our products are hallmarked by London Assay OfficeComes With Presentation BoxDelivery IncludedLive Chat with us on whatsapp to see entire collection on 18ct Gold Chain."},{"@type":"BreadcrumbList","@id":"https:\/\/www.purejewels.com\/product\/18ct-yellow-gold-fancy-chain-18-inches\/#breadcrumb","itemListElement":[{"@type":"ListItem","position":1,"name":"Home","item":"https:\/\/www.purejewels.com\/"},{"@type":"ListItem","position":2,"name":"Shop","item":"https:\/\/www.purejewels.com\/shop\/"},{"@type":"ListItem","position":3,"name":"18ct Yellow Gold Chain | 16 Inches | 2.6mm Thick"}]},{"@type":"WebSite","@id":"https:\/\/www.purejewels.com\/#website","url":"https:\/\/www.purejewels.com\/","name":"PureJewels UK","description":"Teile die Liebe","publisher":{"@id":"https:\/\/www.purejewels.com\/#organization"},"potentialAction":[{"@type":"SearchAction","target":{"@type":"EntryPoint","urlTemplate":"https:\/\/www.purejewels.com\/?s={search_term_string}"},"query-input":{"@type":"PropertyValueSpecification","valueRequired":true,"valueName":"search_term_string"}}],"inLanguage":"de"},{"@type":"Organization","@id":"https:\/\/www.purejewels.com\/#organization","name":"PureJewels UK","url":"https:\/\/www.purejewels.com\/","logo":{"@type":"ImageObject","inLanguage":"de","@id":"https:\/\/www.purejewels.com\/#\/schema\/logo\/image\/","url":"https:\/\/static.purejewels.com\/wp-content\/uploads\/2020\/11\/Logo-PJ-New-1.png","contentUrl":"https:\/\/static.purejewels.com\/wp-content\/uploads\/2020\/11\/Logo-PJ-New-1.png","width":150,"height":80,"caption":"PureJewels UK"},"image":{"@id":"https:\/\/www.purejewels.com\/#\/schema\/logo\/image\/"}}]}},"_links":{"self":[{"href":"https:\/\/www.purejewels.com\/de\/wp-json\/wp\/v2\/product\/308685","targetHints":{"allow":["GET"]}}],"collection":[{"href":"https:\/\/www.purejewels.com\/de\/wp-json\/wp\/v2\/product"}],"about":[{"href":"https:\/\/www.purejewels.com\/de\/wp-json\/wp\/v2\/types\/product"}],"replies":[{"embeddable":true,"href":"https:\/\/www.purejewels.com\/de\/wp-json\/wp\/v2\/comments?post=308685"}],"version-history":[{"count":2,"href":"https:\/\/www.purejewels.com\/de\/wp-json\/wp\/v2\/product\/308685\/revisions"}],"predecessor-version":[{"id":367974,"href":"https:\/\/www.purejewels.com\/de\/wp-json\/wp\/v2\/product\/308685\/revisions\/367974"}],"wp:featuredmedia":[{"embeddable":true,"href":"https:\/\/www.purejewels.com\/de\/wp-json\/wp\/v2\/media\/314128"}],"wp:attachment":[{"href":"https:\/\/www.purejewels.com\/de\/wp-json\/wp\/v2\/media?parent=308685"}],"wp:term":[{"taxonomy":"product_brand","embeddable":true,"href":"https:\/\/www.purejewels.com\/de\/wp-json\/wp\/v2\/product_brand?post=308685"},{"taxonomy":"product_cat","embeddable":true,"href":"https:\/\/www.purejewels.com\/de\/wp-json\/wp\/v2\/product_cat?post=308685"},{"taxonomy":"product_tag","embeddable":true,"href":"https:\/\/www.purejewels.com\/de\/wp-json\/wp\/v2\/product_tag?post=308685"}],"curies":[{"name":"wp","href":"https:\/\/api.w.org\/{rel}","templated":true}]}}