{"id":308724,"date":"2019-02-08T08:12:01","date_gmt":"2019-02-08T08:12:01","guid":{"rendered":"https:\/\/www.purejewels.com\/?post_type=product&#038;p=308724"},"modified":"2026-01-06T06:58:37","modified_gmt":"2026-01-06T06:58:37","slug":"anusha-indische-ohrringe-aus-gold","status":"publish","type":"product","link":"https:\/\/www.purejewels.com\/de\/product\/anusha-indian-gold-earrings\/","title":{"rendered":"Anusha 22 Karat Antikgold Polki-Ohrringe"},"content":{"rendered":"<p data-start=\"475\" data-end=\"781\"><strong data-start=\"475\" data-end=\"494\">Designkonzept<\/strong><br data-start=\"494\" data-end=\"497\" \/>Die Anusha 22 Karat Antikgold-Polki-Ohrringe sind ein exquisiter Ausdruck k\u00f6niglicher indischer Kunstfertigkeit. Inspiriert von Blumenmotiven und traditioneller Erbst\u00fcck\u00e4sthetik zeichnen sich diese Ohrringe durch eine anmutige Blumen kaskade aus, die durch aufwendige Polki-Steinfassungen und antike Texturen noch verst\u00e4rkt wird.<\/p>\n<p data-start=\"783\" data-end=\"1075\"><strong data-start=\"783\" data-end=\"801\">Handwerkliches K\u00f6nnen<\/strong><br data-start=\"801\" data-end=\"804\" \/>Die Ohrringe sind pr\u00e4zise aus reinem 22-kar\u00e4tigem Gelbgold handgefertigt und zeichnen sich durch meisterhafte Details und eine einzigartige Oxidation aus. <a href=\"https:\/\/www.purejewels.com\/de\/armari-collection\/\">antikes Finish<\/a>. Jeder Polki-Stein ist sorgf\u00e4ltig eingefasst, um einen sanften Vintage-Glanz zu reflektieren, der die reichhaltige Goldbasis unterstreicht und ihre zeitlose Sch\u00f6nheit hervorhebt.<\/p>\n<p data-start=\"1077\" data-end=\"1340\"><strong data-start=\"1077\" data-end=\"1094\">Styling-Tipps<\/strong><br data-start=\"1094\" data-end=\"1097\" \/>Diese Ohrringe eignen sich ideal f\u00fcr Hochzeiten, festliche Anl\u00e4sse oder kulturelle Veranstaltungen und passen wunderbar zu Saris, Lehengas oder bestickten Kleidern. Tragen Sie sie solo als Statement oder kombinieren Sie sie mit einer passenden antiken Goldkette f\u00fcr einen k\u00f6niglichen Look.<\/p>","protected":false},"excerpt":{"rendered":"<p>Feiern Sie zeitlose Tradition mit diesen Ohrringen aus 22 Karat Gold aus der Anusha-Kollektion. Mit ihrem antiken Finish und den schimmernden Polki-Steinen verleihen sie jedem besonderen Anlass einen k\u00f6niglichen Charme.<\/p>\n<ul>\n<li>Anusha Indische Gold-Ohrringe<\/li>\n<li>22ct Gold Ohrring von Anusha Kollektion<\/li>\n<li>Mit antikem Finish und Polki-Steinen<\/li>\n<li>Wt. 8.6 g<\/li>\n<li>SKU. 28845<\/li>\n<li>Alle unsere Produkte sind vom London Assay Office gestempelt.<\/li>\n<li>Alle Preise inklusive Mehrwertsteuer<\/li>\n<li>Mit Pr\u00e4sentationsbox<\/li>\n<li>Lieferung inbegriffen<\/li>\n<li>Live-Chat mit uns f\u00fcr die Verf\u00fcgbarkeit und mehr Bilder von \u00e4hnlichen Designs derzeit auf Lager<\/li>\n<\/ul>","protected":false},"featured_media":314363,"comment_status":"closed","ping_status":"closed","template":"","meta":{"_eb_attr":"","_crsspst_to_jayantr4sg-hostcom":false},"product_brand":[],"product_cat":[1791,256,1685,1254,1574],"product_tag":[],"class_list":{"0":"post-308724","1":"product","2":"type-product","3":"status-publish","4":"has-post-thumbnail","6":"product_cat-anniversary-gifts","7":"product_cat-anusha-collections","8":"product_cat-drop-earrings","9":"product_cat-gold-earrings","10":"product_cat-womens-jewellery","12":"first","13":"outofstock","14":"sale","15":"taxable","16":"shipping-taxable","17":"product-type-simple","18":"add-to-wishlist-before_image"},"yoast_head":"<!-- This site is optimized with the Yoast SEO plugin v27.3 - https:\/\/yoast.com\/product\/yoast-seo-wordpress\/ -->\n<title>Elegant Antique Polki Drop Earrings in 22ct Gold<\/title>\n<meta name=\"description\" content=\"Shop the Anusha 22ct gold drop earrings with antique finish and sparkling Polki stones. A graceful blend of heritage charm and modern elegance. Perfect for special occasions.\" \/>\n<meta name=\"robots\" content=\"index, follow, max-snippet:-1, max-image-preview:large, max-video-preview:-1\" \/>\n<link rel=\"canonical\" href=\"https:\/\/www.purejewels.com\/de\/produkt-2\/anusha-indische-ohrringe-aus-gold\/\" \/>\n<meta property=\"og:locale\" content=\"de_DE\" \/>\n<meta property=\"og:type\" content=\"article\" \/>\n<meta property=\"og:title\" content=\"Elegant Antique Polki Drop Earrings in 22ct Gold\" \/>\n<meta property=\"og:description\" content=\"Shop the Anusha 22ct gold drop earrings with antique finish and sparkling Polki stones. A graceful blend of heritage charm and modern elegance. Perfect for special occasions.\" \/>\n<meta property=\"og:url\" content=\"https:\/\/www.purejewels.com\/de\/produkt-2\/anusha-indische-ohrringe-aus-gold\/\" \/>\n<meta property=\"og:site_name\" content=\"PureJewels UK\" \/>\n<meta property=\"article:modified_time\" content=\"2026-01-06T06:58:37+00:00\" \/>\n<meta property=\"og:image\" content=\"https:\/\/static.purejewels.com\/wp-content\/uploads\/2020\/05\/133386064.png\" \/>\n\t<meta property=\"og:image:width\" content=\"1000\" \/>\n\t<meta property=\"og:image:height\" content=\"1000\" \/>\n\t<meta property=\"og:image:type\" content=\"image\/png\" \/>\n<meta name=\"twitter:card\" content=\"summary_large_image\" \/>\n<meta name=\"twitter:label1\" content=\"Gesch\u00e4tzte Lesezeit\" \/>\n\t<meta name=\"twitter:data1\" content=\"1\u00a0Minute\" \/>\n<script type=\"application\/ld+json\" class=\"yoast-schema-graph\">{\"@context\":\"https:\\\/\\\/schema.org\",\"@graph\":[{\"@type\":[\"WebPage\",\"ItemPage\"],\"@id\":\"https:\\\/\\\/www.purejewels.com\\\/product\\\/anusha-indian-gold-earrings\\\/\",\"url\":\"https:\\\/\\\/www.purejewels.com\\\/product\\\/anusha-indian-gold-earrings\\\/\",\"name\":\"Elegant Antique Polki Drop Earrings in 22ct Gold\",\"isPartOf\":{\"@id\":\"https:\\\/\\\/www.purejewels.com\\\/#website\"},\"primaryImageOfPage\":{\"@id\":\"https:\\\/\\\/www.purejewels.com\\\/product\\\/anusha-indian-gold-earrings\\\/#primaryimage\"},\"image\":{\"@id\":\"https:\\\/\\\/www.purejewels.com\\\/product\\\/anusha-indian-gold-earrings\\\/#primaryimage\"},\"thumbnailUrl\":\"https:\\\/\\\/static.purejewels.com\\\/wp-content\\\/uploads\\\/2020\\\/05\\\/133386064.png\",\"datePublished\":\"2019-02-08T08:12:01+00:00\",\"dateModified\":\"2026-01-06T06:58:37+00:00\",\"description\":\"Shop the Anusha 22ct gold drop earrings with antique finish and sparkling Polki stones. A graceful blend of heritage charm and modern elegance. Perfect for special occasions.\",\"breadcrumb\":{\"@id\":\"https:\\\/\\\/www.purejewels.com\\\/product\\\/anusha-indian-gold-earrings\\\/#breadcrumb\"},\"inLanguage\":\"de\",\"potentialAction\":[{\"@type\":\"ReadAction\",\"target\":[\"https:\\\/\\\/www.purejewels.com\\\/product\\\/anusha-indian-gold-earrings\\\/\"]}]},{\"@type\":\"ImageObject\",\"inLanguage\":\"de\",\"@id\":\"https:\\\/\\\/www.purejewels.com\\\/product\\\/anusha-indian-gold-earrings\\\/#primaryimage\",\"url\":\"https:\\\/\\\/static.purejewels.com\\\/wp-content\\\/uploads\\\/2020\\\/05\\\/133386064.png\",\"contentUrl\":\"https:\\\/\\\/static.purejewels.com\\\/wp-content\\\/uploads\\\/2020\\\/05\\\/133386064.png\",\"width\":1000,\"height\":1000,\"caption\":\"&nbsp;Anusha Indian Gold Earrings22ct Gold Earring From Anusha CollectionWith Antique Finish and Polki StonesWt. 8.6 gSKU. 28845All Our Products are Hallmarked by London Assay OfficeAll prices include VATComes With Presentation BoxDelivery IncludedLive chat with us for availability and more images of similar designs currently in stock\"},{\"@type\":\"BreadcrumbList\",\"@id\":\"https:\\\/\\\/www.purejewels.com\\\/product\\\/anusha-indian-gold-earrings\\\/#breadcrumb\",\"itemListElement\":[{\"@type\":\"ListItem\",\"position\":1,\"name\":\"Home\",\"item\":\"https:\\\/\\\/www.purejewels.com\\\/\"},{\"@type\":\"ListItem\",\"position\":2,\"name\":\"Shop\",\"item\":\"https:\\\/\\\/www.purejewels.com\\\/shop\\\/\"},{\"@type\":\"ListItem\",\"position\":3,\"name\":\"Anusha 22ct Antique Gold Polki Drop Earrings\"}]},{\"@type\":\"WebSite\",\"@id\":\"https:\\\/\\\/www.purejewels.com\\\/#website\",\"url\":\"https:\\\/\\\/www.purejewels.com\\\/\",\"name\":\"PureJewels UK\",\"description\":\"Share the Love\",\"publisher\":{\"@id\":\"https:\\\/\\\/www.purejewels.com\\\/#organization\"},\"potentialAction\":[{\"@type\":\"SearchAction\",\"target\":{\"@type\":\"EntryPoint\",\"urlTemplate\":\"https:\\\/\\\/www.purejewels.com\\\/?s={search_term_string}\"},\"query-input\":{\"@type\":\"PropertyValueSpecification\",\"valueRequired\":true,\"valueName\":\"search_term_string\"}}],\"inLanguage\":\"de\"},{\"@type\":\"Organization\",\"@id\":\"https:\\\/\\\/www.purejewels.com\\\/#organization\",\"name\":\"PureJewels UK\",\"url\":\"https:\\\/\\\/www.purejewels.com\\\/\",\"logo\":{\"@type\":\"ImageObject\",\"inLanguage\":\"de\",\"@id\":\"https:\\\/\\\/www.purejewels.com\\\/#\\\/schema\\\/logo\\\/image\\\/\",\"url\":\"https:\\\/\\\/static.purejewels.com\\\/wp-content\\\/uploads\\\/2020\\\/11\\\/Logo-PJ-New-1.png\",\"contentUrl\":\"https:\\\/\\\/static.purejewels.com\\\/wp-content\\\/uploads\\\/2020\\\/11\\\/Logo-PJ-New-1.png\",\"width\":150,\"height\":80,\"caption\":\"PureJewels UK\"},\"image\":{\"@id\":\"https:\\\/\\\/www.purejewels.com\\\/#\\\/schema\\\/logo\\\/image\\\/\"}}]}<\/script>\n<!-- \/ Yoast SEO plugin. -->","yoast_head_json":{"title":"Elegante antike Polki-Ohrringe aus 22 Karat Gold","description":"Entdecken Sie die Anusha-Ohrringe aus 22 Karat Gold mit Antik-Finish und funkelnden Polki-Steinen. Eine elegante Mischung aus traditionellem Charme und moderner Eleganz. Perfekt f\u00fcr besondere Anl\u00e4sse.","robots":{"index":"index","follow":"follow","max-snippet":"max-snippet:-1","max-image-preview":"max-image-preview:large","max-video-preview":"max-video-preview:-1"},"canonical":"https:\/\/www.purejewels.com\/de\/produkt-2\/anusha-indische-ohrringe-aus-gold\/","og_locale":"de_DE","og_type":"article","og_title":"Elegant Antique Polki Drop Earrings in 22ct Gold","og_description":"Shop the Anusha 22ct gold drop earrings with antique finish and sparkling Polki stones. A graceful blend of heritage charm and modern elegance. Perfect for special occasions.","og_url":"https:\/\/www.purejewels.com\/de\/produkt-2\/anusha-indische-ohrringe-aus-gold\/","og_site_name":"PureJewels UK","article_modified_time":"2026-01-06T06:58:37+00:00","og_image":[{"width":1000,"height":1000,"url":"https:\/\/static.purejewels.com\/wp-content\/uploads\/2020\/05\/133386064.png","type":"image\/png"}],"twitter_card":"summary_large_image","twitter_misc":{"Gesch\u00e4tzte Lesezeit":"1\u00a0Minute"},"schema":{"@context":"https:\/\/schema.org","@graph":[{"@type":["WebPage","ItemPage"],"@id":"https:\/\/www.purejewels.com\/product\/anusha-indian-gold-earrings\/","url":"https:\/\/www.purejewels.com\/product\/anusha-indian-gold-earrings\/","name":"Elegante antike Polki-Ohrringe aus 22 Karat Gold","isPartOf":{"@id":"https:\/\/www.purejewels.com\/#website"},"primaryImageOfPage":{"@id":"https:\/\/www.purejewels.com\/product\/anusha-indian-gold-earrings\/#primaryimage"},"image":{"@id":"https:\/\/www.purejewels.com\/product\/anusha-indian-gold-earrings\/#primaryimage"},"thumbnailUrl":"https:\/\/static.purejewels.com\/wp-content\/uploads\/2020\/05\/133386064.png","datePublished":"2019-02-08T08:12:01+00:00","dateModified":"2026-01-06T06:58:37+00:00","description":"Entdecken Sie die Anusha-Ohrringe aus 22 Karat Gold mit Antik-Finish und funkelnden Polki-Steinen. Eine elegante Mischung aus traditionellem Charme und moderner Eleganz. Perfekt f\u00fcr besondere Anl\u00e4sse.","breadcrumb":{"@id":"https:\/\/www.purejewels.com\/product\/anusha-indian-gold-earrings\/#breadcrumb"},"inLanguage":"de","potentialAction":[{"@type":"ReadAction","target":["https:\/\/www.purejewels.com\/product\/anusha-indian-gold-earrings\/"]}]},{"@type":"ImageObject","inLanguage":"de","@id":"https:\/\/www.purejewels.com\/product\/anusha-indian-gold-earrings\/#primaryimage","url":"https:\/\/static.purejewels.com\/wp-content\/uploads\/2020\/05\/133386064.png","contentUrl":"https:\/\/static.purejewels.com\/wp-content\/uploads\/2020\/05\/133386064.png","width":1000,"height":1000,"caption":"&nbsp;Anusha Indian Gold Earrings22ct Gold Earring From Anusha CollectionWith Antique Finish and Polki StonesWt. 8.6 gSKU. 28845All Our Products are Hallmarked by London Assay OfficeAll prices include VATComes With Presentation BoxDelivery IncludedLive chat with us for availability and more images of similar designs currently in stock"},{"@type":"BreadcrumbList","@id":"https:\/\/www.purejewels.com\/product\/anusha-indian-gold-earrings\/#breadcrumb","itemListElement":[{"@type":"ListItem","position":1,"name":"Home","item":"https:\/\/www.purejewels.com\/"},{"@type":"ListItem","position":2,"name":"Shop","item":"https:\/\/www.purejewels.com\/shop\/"},{"@type":"ListItem","position":3,"name":"Anusha 22ct Antique Gold Polki Drop Earrings"}]},{"@type":"WebSite","@id":"https:\/\/www.purejewels.com\/#website","url":"https:\/\/www.purejewels.com\/","name":"PureJewels UK","description":"Teile die Liebe","publisher":{"@id":"https:\/\/www.purejewels.com\/#organization"},"potentialAction":[{"@type":"SearchAction","target":{"@type":"EntryPoint","urlTemplate":"https:\/\/www.purejewels.com\/?s={search_term_string}"},"query-input":{"@type":"PropertyValueSpecification","valueRequired":true,"valueName":"search_term_string"}}],"inLanguage":"de"},{"@type":"Organization","@id":"https:\/\/www.purejewels.com\/#organization","name":"PureJewels UK","url":"https:\/\/www.purejewels.com\/","logo":{"@type":"ImageObject","inLanguage":"de","@id":"https:\/\/www.purejewels.com\/#\/schema\/logo\/image\/","url":"https:\/\/static.purejewels.com\/wp-content\/uploads\/2020\/11\/Logo-PJ-New-1.png","contentUrl":"https:\/\/static.purejewels.com\/wp-content\/uploads\/2020\/11\/Logo-PJ-New-1.png","width":150,"height":80,"caption":"PureJewels UK"},"image":{"@id":"https:\/\/www.purejewels.com\/#\/schema\/logo\/image\/"}}]}},"_links":{"self":[{"href":"https:\/\/www.purejewels.com\/de\/wp-json\/wp\/v2\/product\/308724","targetHints":{"allow":["GET"]}}],"collection":[{"href":"https:\/\/www.purejewels.com\/de\/wp-json\/wp\/v2\/product"}],"about":[{"href":"https:\/\/www.purejewels.com\/de\/wp-json\/wp\/v2\/types\/product"}],"replies":[{"embeddable":true,"href":"https:\/\/www.purejewels.com\/de\/wp-json\/wp\/v2\/comments?post=308724"}],"version-history":[{"count":2,"href":"https:\/\/www.purejewels.com\/de\/wp-json\/wp\/v2\/product\/308724\/revisions"}],"predecessor-version":[{"id":423410,"href":"https:\/\/www.purejewels.com\/de\/wp-json\/wp\/v2\/product\/308724\/revisions\/423410"}],"wp:featuredmedia":[{"embeddable":true,"href":"https:\/\/www.purejewels.com\/de\/wp-json\/wp\/v2\/media\/314363"}],"wp:attachment":[{"href":"https:\/\/www.purejewels.com\/de\/wp-json\/wp\/v2\/media?parent=308724"}],"wp:term":[{"taxonomy":"product_brand","embeddable":true,"href":"https:\/\/www.purejewels.com\/de\/wp-json\/wp\/v2\/product_brand?post=308724"},{"taxonomy":"product_cat","embeddable":true,"href":"https:\/\/www.purejewels.com\/de\/wp-json\/wp\/v2\/product_cat?post=308724"},{"taxonomy":"product_tag","embeddable":true,"href":"https:\/\/www.purejewels.com\/de\/wp-json\/wp\/v2\/product_tag?post=308724"}],"curies":[{"name":"wp","href":"https:\/\/api.w.org\/{rel}","templated":true}]}}