{"id":308860,"date":"2019-02-08T09:55:23","date_gmt":"2019-02-08T09:55:23","guid":{"rendered":"https:\/\/www.purejewels.com\/?post_type=product&#038;p=308860"},"modified":"2026-01-06T06:58:38","modified_gmt":"2026-01-06T06:58:38","slug":"indische-gold-ohrringe-28775","status":"publish","type":"product","link":"https:\/\/www.purejewels.com\/de\/product\/indian-gold-earrings-28775\/","title":{"rendered":"22 Karat Gold Roselle Ohrringe | Traditionelles indisches Design"},"content":{"rendered":"<p>Zelebrieren Sie zeitlose Eleganz mit diesen <strong data-start=\"592\" data-end=\"621\">22 kt. Gold Ohrringe baumeln<\/strong>, inspiriert vom traditionellen indischen Design. Jeder Ohrring ist mit aufwendig angeordneten funkelnden Steinen in einem zarten Blumenmuster verziert und verf\u00fcgt \u00fcber einen in der Mitte h\u00e4ngenden Stein, der bei jeder Bewegung das Licht einf\u00e4ngt. Die elegante Tropfenform verleiht ihm einen edlen Touch \u2013 ideal f\u00fcr Hochzeiten, festliche Anl\u00e4sse oder als Erbst\u00fcck. Dieses handgefertigte Schmuckst\u00fcck, das die Tradition im Blick hat, verk\u00f6rpert Anmut, Verm\u00e4chtnis und Feierlichkeit.<\/p>","protected":false},"excerpt":{"rendered":"<ul>\n<li>Indische Goldohrringe aus 22kt Gelbgold<\/li>\n<li>Ohrring mit Polki-Stein und Rose besetzt Finish<\/li>\n<li>Wt. 8.8 gms<\/li>\n<li>SKU. 28775<\/li>\n<li>Alle unsere Produkte sind vom London Assay Office gestempelt.<\/li>\n<li>Mit Pr\u00e4sentationsbox<\/li>\n<li>Lieferung inbegriffen<\/li>\n<li>Alle Preise inklusive Mehrwertsteuer<\/li>\n<li>Chatten Sie mit uns, um das gesamte neue Angebot an asiatischen Goldohrringen f\u00fcr Br\u00e4ute zu sehen, die in unserem Gesch\u00e4ft am Foresat Gate, London, UK erh\u00e4ltlich sind.<\/li>\n<\/ul>","protected":false},"featured_media":309146,"comment_status":"closed","ping_status":"closed","template":"","meta":{"_eb_attr":"","_crsspst_to_jayantr4sg-hostcom":false},"product_brand":[],"product_cat":[256,1685,1254],"product_tag":[],"class_list":{"0":"post-308860","1":"product","2":"type-product","3":"status-publish","4":"has-post-thumbnail","6":"product_cat-anusha-collections","7":"product_cat-drop-earrings","8":"product_cat-gold-earrings","10":"first","11":"outofstock","12":"taxable","13":"shipping-taxable","14":"product-type-simple","15":"add-to-wishlist-before_image"},"yoast_head":"<!-- This site is optimized with the Yoast SEO plugin v27.3 - https:\/\/yoast.com\/product\/yoast-seo-wordpress\/ -->\n<title>Indian Gold Earrings | 22ct Gold Jewellery by PureJewels London<\/title>\n<meta name=\"description\" content=\"Explore exquisite Indian gold earrings at PureJewels London. Crafted in 22ct gold, these timeless earrings celebrate Indian artistry.\" \/>\n<meta name=\"robots\" content=\"index, follow, max-snippet:-1, max-image-preview:large, max-video-preview:-1\" \/>\n<link rel=\"canonical\" href=\"https:\/\/www.purejewels.com\/de\/produkt-2\/indische-gold-ohrringe-28775\/\" \/>\n<meta property=\"og:locale\" content=\"de_DE\" \/>\n<meta property=\"og:type\" content=\"article\" \/>\n<meta property=\"og:title\" content=\"Indian Gold Earrings | 22ct Gold Jewellery by PureJewels London\" \/>\n<meta property=\"og:description\" content=\"Explore exquisite Indian gold earrings at PureJewels London. Crafted in 22ct gold, these timeless earrings celebrate Indian artistry.\" \/>\n<meta property=\"og:url\" content=\"https:\/\/www.purejewels.com\/de\/produkt-2\/indische-gold-ohrringe-28775\/\" \/>\n<meta property=\"og:site_name\" content=\"PureJewels UK\" \/>\n<meta property=\"article:modified_time\" content=\"2026-01-06T06:58:38+00:00\" \/>\n<meta property=\"og:image\" content=\"https:\/\/www.purejewels.com\/wp-content\/uploads\/2019\/01\/28775.png\" \/>\n\t<meta property=\"og:image:width\" content=\"1000\" \/>\n\t<meta property=\"og:image:height\" content=\"1000\" \/>\n\t<meta property=\"og:image:type\" content=\"image\/png\" \/>\n<meta name=\"twitter:card\" content=\"summary_large_image\" \/>\n<meta name=\"twitter:label1\" content=\"Gesch\u00e4tzte Lesezeit\" \/>\n\t<meta name=\"twitter:data1\" content=\"1\u00a0Minute\" \/>\n<script type=\"application\/ld+json\" class=\"yoast-schema-graph\">{\"@context\":\"https:\\\/\\\/schema.org\",\"@graph\":[{\"@type\":[\"WebPage\",\"ItemPage\"],\"@id\":\"https:\\\/\\\/www.purejewels.com\\\/product\\\/indian-gold-earrings-28775\\\/\",\"url\":\"https:\\\/\\\/www.purejewels.com\\\/product\\\/indian-gold-earrings-28775\\\/\",\"name\":\"Indian Gold Earrings | 22ct Gold Jewellery by PureJewels London\",\"isPartOf\":{\"@id\":\"https:\\\/\\\/www.purejewels.com\\\/#website\"},\"primaryImageOfPage\":{\"@id\":\"https:\\\/\\\/www.purejewels.com\\\/product\\\/indian-gold-earrings-28775\\\/#primaryimage\"},\"image\":{\"@id\":\"https:\\\/\\\/www.purejewels.com\\\/product\\\/indian-gold-earrings-28775\\\/#primaryimage\"},\"thumbnailUrl\":\"https:\\\/\\\/static.purejewels.com\\\/wp-content\\\/uploads\\\/2019\\\/01\\\/28775.png\",\"datePublished\":\"2019-02-08T09:55:23+00:00\",\"dateModified\":\"2026-01-06T06:58:38+00:00\",\"description\":\"Explore exquisite Indian gold earrings at PureJewels London. Crafted in 22ct gold, these timeless earrings celebrate Indian artistry.\",\"breadcrumb\":{\"@id\":\"https:\\\/\\\/www.purejewels.com\\\/product\\\/indian-gold-earrings-28775\\\/#breadcrumb\"},\"inLanguage\":\"de\",\"potentialAction\":[{\"@type\":\"ReadAction\",\"target\":[\"https:\\\/\\\/www.purejewels.com\\\/product\\\/indian-gold-earrings-28775\\\/\"]}]},{\"@type\":\"ImageObject\",\"inLanguage\":\"de\",\"@id\":\"https:\\\/\\\/www.purejewels.com\\\/product\\\/indian-gold-earrings-28775\\\/#primaryimage\",\"url\":\"https:\\\/\\\/static.purejewels.com\\\/wp-content\\\/uploads\\\/2019\\\/01\\\/28775.png\",\"contentUrl\":\"https:\\\/\\\/static.purejewels.com\\\/wp-content\\\/uploads\\\/2019\\\/01\\\/28775.png\",\"width\":1000,\"height\":1000,\"caption\":\"28775\"},{\"@type\":\"BreadcrumbList\",\"@id\":\"https:\\\/\\\/www.purejewels.com\\\/product\\\/indian-gold-earrings-28775\\\/#breadcrumb\",\"itemListElement\":[{\"@type\":\"ListItem\",\"position\":1,\"name\":\"Home\",\"item\":\"https:\\\/\\\/www.purejewels.com\\\/\"},{\"@type\":\"ListItem\",\"position\":2,\"name\":\"Shop\",\"item\":\"https:\\\/\\\/www.purejewels.com\\\/shop\\\/\"},{\"@type\":\"ListItem\",\"position\":3,\"name\":\"22ct Gold Roselle Dangle Earrings | Indian Traditional Design\"}]},{\"@type\":\"WebSite\",\"@id\":\"https:\\\/\\\/www.purejewels.com\\\/#website\",\"url\":\"https:\\\/\\\/www.purejewels.com\\\/\",\"name\":\"PureJewels UK\",\"description\":\"Share the Love\",\"publisher\":{\"@id\":\"https:\\\/\\\/www.purejewels.com\\\/#organization\"},\"potentialAction\":[{\"@type\":\"SearchAction\",\"target\":{\"@type\":\"EntryPoint\",\"urlTemplate\":\"https:\\\/\\\/www.purejewels.com\\\/?s={search_term_string}\"},\"query-input\":{\"@type\":\"PropertyValueSpecification\",\"valueRequired\":true,\"valueName\":\"search_term_string\"}}],\"inLanguage\":\"de\"},{\"@type\":\"Organization\",\"@id\":\"https:\\\/\\\/www.purejewels.com\\\/#organization\",\"name\":\"PureJewels UK\",\"url\":\"https:\\\/\\\/www.purejewels.com\\\/\",\"logo\":{\"@type\":\"ImageObject\",\"inLanguage\":\"de\",\"@id\":\"https:\\\/\\\/www.purejewels.com\\\/#\\\/schema\\\/logo\\\/image\\\/\",\"url\":\"https:\\\/\\\/static.purejewels.com\\\/wp-content\\\/uploads\\\/2020\\\/11\\\/Logo-PJ-New-1.png\",\"contentUrl\":\"https:\\\/\\\/static.purejewels.com\\\/wp-content\\\/uploads\\\/2020\\\/11\\\/Logo-PJ-New-1.png\",\"width\":150,\"height\":80,\"caption\":\"PureJewels UK\"},\"image\":{\"@id\":\"https:\\\/\\\/www.purejewels.com\\\/#\\\/schema\\\/logo\\\/image\\\/\"}}]}<\/script>\n<!-- \/ Yoast SEO plugin. -->","yoast_head_json":{"title":"Indische Goldohrringe | 22-kar\u00e4tiger Goldschmuck von PureJewels London","description":"Entdecken Sie exquisite indische Goldohrringe bei PureJewels London. Diese zeitlosen Ohrringe aus 22 Karat Gold sind ein Hommage an die indische Kunstfertigkeit.","robots":{"index":"index","follow":"follow","max-snippet":"max-snippet:-1","max-image-preview":"max-image-preview:large","max-video-preview":"max-video-preview:-1"},"canonical":"https:\/\/www.purejewels.com\/de\/produkt-2\/indische-gold-ohrringe-28775\/","og_locale":"de_DE","og_type":"article","og_title":"Indian Gold Earrings | 22ct Gold Jewellery by PureJewels London","og_description":"Explore exquisite Indian gold earrings at PureJewels London. Crafted in 22ct gold, these timeless earrings celebrate Indian artistry.","og_url":"https:\/\/www.purejewels.com\/de\/produkt-2\/indische-gold-ohrringe-28775\/","og_site_name":"PureJewels UK","article_modified_time":"2026-01-06T06:58:38+00:00","og_image":[{"width":1000,"height":1000,"url":"https:\/\/www.purejewels.com\/wp-content\/uploads\/2019\/01\/28775.png","type":"image\/png"}],"twitter_card":"summary_large_image","twitter_misc":{"Gesch\u00e4tzte Lesezeit":"1\u00a0Minute"},"schema":{"@context":"https:\/\/schema.org","@graph":[{"@type":["WebPage","ItemPage"],"@id":"https:\/\/www.purejewels.com\/product\/indian-gold-earrings-28775\/","url":"https:\/\/www.purejewels.com\/product\/indian-gold-earrings-28775\/","name":"Indische Goldohrringe | 22-kar\u00e4tiger Goldschmuck von PureJewels London","isPartOf":{"@id":"https:\/\/www.purejewels.com\/#website"},"primaryImageOfPage":{"@id":"https:\/\/www.purejewels.com\/product\/indian-gold-earrings-28775\/#primaryimage"},"image":{"@id":"https:\/\/www.purejewels.com\/product\/indian-gold-earrings-28775\/#primaryimage"},"thumbnailUrl":"https:\/\/static.purejewels.com\/wp-content\/uploads\/2019\/01\/28775.png","datePublished":"2019-02-08T09:55:23+00:00","dateModified":"2026-01-06T06:58:38+00:00","description":"Entdecken Sie exquisite indische Goldohrringe bei PureJewels London. Diese zeitlosen Ohrringe aus 22 Karat Gold sind ein Hommage an die indische Kunstfertigkeit.","breadcrumb":{"@id":"https:\/\/www.purejewels.com\/product\/indian-gold-earrings-28775\/#breadcrumb"},"inLanguage":"de","potentialAction":[{"@type":"ReadAction","target":["https:\/\/www.purejewels.com\/product\/indian-gold-earrings-28775\/"]}]},{"@type":"ImageObject","inLanguage":"de","@id":"https:\/\/www.purejewels.com\/product\/indian-gold-earrings-28775\/#primaryimage","url":"https:\/\/static.purejewels.com\/wp-content\/uploads\/2019\/01\/28775.png","contentUrl":"https:\/\/static.purejewels.com\/wp-content\/uploads\/2019\/01\/28775.png","width":1000,"height":1000,"caption":"28775"},{"@type":"BreadcrumbList","@id":"https:\/\/www.purejewels.com\/product\/indian-gold-earrings-28775\/#breadcrumb","itemListElement":[{"@type":"ListItem","position":1,"name":"Home","item":"https:\/\/www.purejewels.com\/"},{"@type":"ListItem","position":2,"name":"Shop","item":"https:\/\/www.purejewels.com\/shop\/"},{"@type":"ListItem","position":3,"name":"22ct Gold Roselle Dangle Earrings | Indian Traditional Design"}]},{"@type":"WebSite","@id":"https:\/\/www.purejewels.com\/#website","url":"https:\/\/www.purejewels.com\/","name":"PureJewels UK","description":"Teile die Liebe","publisher":{"@id":"https:\/\/www.purejewels.com\/#organization"},"potentialAction":[{"@type":"SearchAction","target":{"@type":"EntryPoint","urlTemplate":"https:\/\/www.purejewels.com\/?s={search_term_string}"},"query-input":{"@type":"PropertyValueSpecification","valueRequired":true,"valueName":"search_term_string"}}],"inLanguage":"de"},{"@type":"Organization","@id":"https:\/\/www.purejewels.com\/#organization","name":"PureJewels UK","url":"https:\/\/www.purejewels.com\/","logo":{"@type":"ImageObject","inLanguage":"de","@id":"https:\/\/www.purejewels.com\/#\/schema\/logo\/image\/","url":"https:\/\/static.purejewels.com\/wp-content\/uploads\/2020\/11\/Logo-PJ-New-1.png","contentUrl":"https:\/\/static.purejewels.com\/wp-content\/uploads\/2020\/11\/Logo-PJ-New-1.png","width":150,"height":80,"caption":"PureJewels UK"},"image":{"@id":"https:\/\/www.purejewels.com\/#\/schema\/logo\/image\/"}}]}},"_links":{"self":[{"href":"https:\/\/www.purejewels.com\/de\/wp-json\/wp\/v2\/product\/308860","targetHints":{"allow":["GET"]}}],"collection":[{"href":"https:\/\/www.purejewels.com\/de\/wp-json\/wp\/v2\/product"}],"about":[{"href":"https:\/\/www.purejewels.com\/de\/wp-json\/wp\/v2\/types\/product"}],"replies":[{"embeddable":true,"href":"https:\/\/www.purejewels.com\/de\/wp-json\/wp\/v2\/comments?post=308860"}],"version-history":[{"count":3,"href":"https:\/\/www.purejewels.com\/de\/wp-json\/wp\/v2\/product\/308860\/revisions"}],"predecessor-version":[{"id":421473,"href":"https:\/\/www.purejewels.com\/de\/wp-json\/wp\/v2\/product\/308860\/revisions\/421473"}],"wp:featuredmedia":[{"embeddable":true,"href":"https:\/\/www.purejewels.com\/de\/wp-json\/wp\/v2\/media\/309146"}],"wp:attachment":[{"href":"https:\/\/www.purejewels.com\/de\/wp-json\/wp\/v2\/media?parent=308860"}],"wp:term":[{"taxonomy":"product_brand","embeddable":true,"href":"https:\/\/www.purejewels.com\/de\/wp-json\/wp\/v2\/product_brand?post=308860"},{"taxonomy":"product_cat","embeddable":true,"href":"https:\/\/www.purejewels.com\/de\/wp-json\/wp\/v2\/product_cat?post=308860"},{"taxonomy":"product_tag","embeddable":true,"href":"https:\/\/www.purejewels.com\/de\/wp-json\/wp\/v2\/product_tag?post=308860"}],"curies":[{"name":"wp","href":"https:\/\/api.w.org\/{rel}","templated":true}]}}