{"id":308904,"date":"2019-01-17T09:51:43","date_gmt":"2019-01-17T09:51:43","guid":{"rendered":"https:\/\/www.purejewels.com\/?post_type=product&#038;p=308904"},"modified":"2025-11-06T06:02:42","modified_gmt":"2025-11-06T06:02:42","slug":"rani-haar-kette","status":"publish","type":"product","link":"https:\/\/www.purejewels.com\/de\/product\/rani-haar-necklace\/","title":{"rendered":"Rani Haar Halskette"},"content":{"rendered":"<p>Unsere exquisite Rani Haar-Halskette aus der Anusha-Kollektion besticht durch ihr rosafarbenes Finish und die in 22-kar\u00e4tigem Gold gefassten Polki-Steine. Dieses luxuri\u00f6se St\u00fcck wiegt 41,7 g und wird bei jedem besonderen Anlass ein Statement abgeben. Jedes St\u00fcck ist vom London Assay Office gepunzt, was seine Authentizit\u00e4t und Qualit\u00e4t garantiert.<\/p>\n<p>Unsere Rani Haar Halskette wird mit einer Pr\u00e4sentationsbox geliefert und ist somit das perfekte Geschenk f\u00fcr Sie selbst oder einen lieben Menschen. Mit kostenloser Lieferung und sicheren Online-Zahlungen, ist das Einkaufen bei uns bequem und sorgenfrei.<\/p>\n<p>St\u00f6bern Sie in unserem Gesch\u00e4ft in Forest Gate, London, UK, in unserer Auswahl an Rani Haar-Halsketten und -Ohrringen f\u00fcr die Braut. Chatten Sie mit uns, um die neuesten Designs zu sehen und das perfekte St\u00fcck f\u00fcr Ihren besonderen Tag zu finden. Lassen Sie sich dieses elegante und zeitlose Accessoire nicht entgehen, das Ihren Look aufwertet und Ihnen das Gef\u00fchl gibt, k\u00f6niglich zu sein. Kaufen Sie jetzt und erleben Sie den Luxus von PureJewels.<\/p>","protected":false},"excerpt":{"rendered":"<ul>\n<li>Rani Haar Halskette<\/li>\n<li>Anusha Halskette mit Rosenfinish und Polki-Steinen aus 22 Karat Gold<\/li>\n<li>Wt. 41.7 g<\/li>\n<li>SKU. 28885<\/li>\n<li>Alle Preise inklusive Mehrwertsteuer<\/li>\n<li>\n<p style=\"margin: 0in; font-family: Georgia; font-size: 12.0pt;\">Alle unsere Produkte sind vom London Assay Office gestempelt.<\/p>\n<\/li>\n<li>Alle Sets werden mit Pr\u00e4sentationsbox geliefert<\/li>\n<li>Lieferung inbegriffen<\/li>\n<li>Chatten Sie mit uns, um die gesamte neue Palette von Bridal Rani Haar Halskette und Ohrring Set uk in unserem Gesch\u00e4ft in Forest Gate, London, UK zu sehen<\/li>\n<li>Erkunden Sie unser\u00a0<strong>Halsketten<\/strong><\/li>\n<\/ul>","protected":false},"featured_media":309157,"comment_status":"closed","ping_status":"closed","template":"","meta":{"_eb_attr":"","_crsspst_to_jayantr4sg-hostcom":false},"product_brand":[],"product_cat":[256,1625],"product_tag":[],"class_list":{"0":"post-308904","1":"product","2":"type-product","3":"status-publish","4":"has-post-thumbnail","6":"product_cat-anusha-collections","7":"product_cat-bridal-set","9":"first","10":"outofstock","11":"taxable","12":"shipping-taxable","13":"product-type-simple","14":"add-to-wishlist-before_image"},"yoast_head":"<!-- This site is optimized with the Yoast SEO plugin v27.6 - https:\/\/yoast.com\/product\/yoast-seo-wordpress\/ -->\n<title>Browse 22ct Gold Indian Rani Haar Necklace | PureJewels,London UK<\/title>\n<meta name=\"description\" content=\"Purejewels - Specialists in Diamond, Platinum, 22ct 22kt gold. Indian Rani Haar Necklace.\" \/>\n<meta name=\"robots\" content=\"index, follow, max-snippet:-1, max-image-preview:large, max-video-preview:-1\" \/>\n<link rel=\"canonical\" href=\"https:\/\/www.purejewels.com\/de\/produkt-2\/rani-haar-kette\/\" \/>\n<meta property=\"og:locale\" content=\"de_DE\" \/>\n<meta property=\"og:type\" content=\"article\" \/>\n<meta property=\"og:title\" content=\"Browse 22ct Gold Indian Rani Haar Necklace | PureJewels,London UK\" \/>\n<meta property=\"og:description\" content=\"Purejewels - Specialists in Diamond, Platinum, 22ct 22kt gold. Indian Rani Haar Necklace.\" \/>\n<meta property=\"og:url\" content=\"https:\/\/www.purejewels.com\/de\/produkt-2\/rani-haar-kette\/\" \/>\n<meta property=\"og:site_name\" content=\"PureJewels UK\" \/>\n<meta property=\"article:modified_time\" content=\"2025-11-06T06:02:42+00:00\" \/>\n<meta property=\"og:image\" content=\"https:\/\/www.purejewels.com\/wp-content\/uploads\/2019\/01\/28885.png\" \/>\n\t<meta property=\"og:image:width\" content=\"1000\" \/>\n\t<meta property=\"og:image:height\" content=\"1000\" \/>\n\t<meta property=\"og:image:type\" content=\"image\/png\" \/>\n<meta name=\"twitter:card\" content=\"summary_large_image\" \/>\n<meta name=\"twitter:label1\" content=\"Gesch\u00e4tzte Lesezeit\" \/>\n\t<meta name=\"twitter:data1\" content=\"1\u00a0Minute\" \/>\n<script type=\"application\/ld+json\" class=\"yoast-schema-graph\">{\"@context\":\"https:\\\/\\\/schema.org\",\"@graph\":[{\"@type\":[\"WebPage\",\"ItemPage\"],\"@id\":\"https:\\\/\\\/www.purejewels.com\\\/product\\\/rani-haar-necklace\\\/\",\"url\":\"https:\\\/\\\/www.purejewels.com\\\/product\\\/rani-haar-necklace\\\/\",\"name\":\"Browse 22ct Gold Indian Rani Haar Necklace | PureJewels,London UK\",\"isPartOf\":{\"@id\":\"https:\\\/\\\/www.purejewels.com\\\/#website\"},\"primaryImageOfPage\":{\"@id\":\"https:\\\/\\\/www.purejewels.com\\\/product\\\/rani-haar-necklace\\\/#primaryimage\"},\"image\":{\"@id\":\"https:\\\/\\\/www.purejewels.com\\\/product\\\/rani-haar-necklace\\\/#primaryimage\"},\"thumbnailUrl\":\"https:\\\/\\\/static.purejewels.com\\\/wp-content\\\/uploads\\\/2019\\\/01\\\/28885.png\",\"datePublished\":\"2019-01-17T09:51:43+00:00\",\"dateModified\":\"2025-11-06T06:02:42+00:00\",\"description\":\"Purejewels - Specialists in Diamond, Platinum, 22ct 22kt gold. Indian Rani Haar Necklace.\",\"breadcrumb\":{\"@id\":\"https:\\\/\\\/www.purejewels.com\\\/product\\\/rani-haar-necklace\\\/#breadcrumb\"},\"inLanguage\":\"de\",\"potentialAction\":[{\"@type\":\"ReadAction\",\"target\":[\"https:\\\/\\\/www.purejewels.com\\\/product\\\/rani-haar-necklace\\\/\"]}]},{\"@type\":\"ImageObject\",\"inLanguage\":\"de\",\"@id\":\"https:\\\/\\\/www.purejewels.com\\\/product\\\/rani-haar-necklace\\\/#primaryimage\",\"url\":\"https:\\\/\\\/static.purejewels.com\\\/wp-content\\\/uploads\\\/2019\\\/01\\\/28885.png\",\"contentUrl\":\"https:\\\/\\\/static.purejewels.com\\\/wp-content\\\/uploads\\\/2019\\\/01\\\/28885.png\",\"width\":1000,\"height\":1000,\"caption\":\"28885\"},{\"@type\":\"BreadcrumbList\",\"@id\":\"https:\\\/\\\/www.purejewels.com\\\/product\\\/rani-haar-necklace\\\/#breadcrumb\",\"itemListElement\":[{\"@type\":\"ListItem\",\"position\":1,\"name\":\"Home\",\"item\":\"https:\\\/\\\/www.purejewels.com\\\/\"},{\"@type\":\"ListItem\",\"position\":2,\"name\":\"Shop\",\"item\":\"https:\\\/\\\/www.purejewels.com\\\/shop\\\/\"},{\"@type\":\"ListItem\",\"position\":3,\"name\":\"Rani Haar Necklace\"}]},{\"@type\":\"WebSite\",\"@id\":\"https:\\\/\\\/www.purejewels.com\\\/#website\",\"url\":\"https:\\\/\\\/www.purejewels.com\\\/\",\"name\":\"PureJewels UK\",\"description\":\"Share the Love\",\"publisher\":{\"@id\":\"https:\\\/\\\/www.purejewels.com\\\/#organization\"},\"potentialAction\":[{\"@type\":\"SearchAction\",\"target\":{\"@type\":\"EntryPoint\",\"urlTemplate\":\"https:\\\/\\\/www.purejewels.com\\\/?s={search_term_string}\"},\"query-input\":{\"@type\":\"PropertyValueSpecification\",\"valueRequired\":true,\"valueName\":\"search_term_string\"}}],\"inLanguage\":\"de\"},{\"@type\":\"Organization\",\"@id\":\"https:\\\/\\\/www.purejewels.com\\\/#organization\",\"name\":\"PureJewels UK\",\"url\":\"https:\\\/\\\/www.purejewels.com\\\/\",\"logo\":{\"@type\":\"ImageObject\",\"inLanguage\":\"de\",\"@id\":\"https:\\\/\\\/www.purejewels.com\\\/#\\\/schema\\\/logo\\\/image\\\/\",\"url\":\"https:\\\/\\\/static.purejewels.com\\\/wp-content\\\/uploads\\\/2020\\\/11\\\/Logo-PJ-New-1.png\",\"contentUrl\":\"https:\\\/\\\/static.purejewels.com\\\/wp-content\\\/uploads\\\/2020\\\/11\\\/Logo-PJ-New-1.png\",\"width\":150,\"height\":80,\"caption\":\"PureJewels UK\"},\"image\":{\"@id\":\"https:\\\/\\\/www.purejewels.com\\\/#\\\/schema\\\/logo\\\/image\\\/\"}}]}<\/script>\n<!-- \/ Yoast SEO plugin. -->","yoast_head_json":{"title":"St\u00f6bern 22ct Gold indischen Rani Haar Halskette | PureJewels,London UK","description":"Purejewels - Spezialist f\u00fcr Diamanten, Platin, 22ct 22kt Gold. Indische Rani Haar Halskette.","robots":{"index":"index","follow":"follow","max-snippet":"max-snippet:-1","max-image-preview":"max-image-preview:large","max-video-preview":"max-video-preview:-1"},"canonical":"https:\/\/www.purejewels.com\/de\/produkt-2\/rani-haar-kette\/","og_locale":"de_DE","og_type":"article","og_title":"Browse 22ct Gold Indian Rani Haar Necklace | PureJewels,London UK","og_description":"Purejewels - Specialists in Diamond, Platinum, 22ct 22kt gold. Indian Rani Haar Necklace.","og_url":"https:\/\/www.purejewels.com\/de\/produkt-2\/rani-haar-kette\/","og_site_name":"PureJewels UK","article_modified_time":"2025-11-06T06:02:42+00:00","og_image":[{"width":1000,"height":1000,"url":"https:\/\/www.purejewels.com\/wp-content\/uploads\/2019\/01\/28885.png","type":"image\/png"}],"twitter_card":"summary_large_image","twitter_misc":{"Gesch\u00e4tzte Lesezeit":"1\u00a0Minute"},"schema":{"@context":"https:\/\/schema.org","@graph":[{"@type":["WebPage","ItemPage"],"@id":"https:\/\/www.purejewels.com\/product\/rani-haar-necklace\/","url":"https:\/\/www.purejewels.com\/product\/rani-haar-necklace\/","name":"St\u00f6bern 22ct Gold indischen Rani Haar Halskette | PureJewels,London UK","isPartOf":{"@id":"https:\/\/www.purejewels.com\/#website"},"primaryImageOfPage":{"@id":"https:\/\/www.purejewels.com\/product\/rani-haar-necklace\/#primaryimage"},"image":{"@id":"https:\/\/www.purejewels.com\/product\/rani-haar-necklace\/#primaryimage"},"thumbnailUrl":"https:\/\/static.purejewels.com\/wp-content\/uploads\/2019\/01\/28885.png","datePublished":"2019-01-17T09:51:43+00:00","dateModified":"2025-11-06T06:02:42+00:00","description":"Purejewels - Spezialist f\u00fcr Diamanten, Platin, 22ct 22kt Gold. Indische Rani Haar Halskette.","breadcrumb":{"@id":"https:\/\/www.purejewels.com\/product\/rani-haar-necklace\/#breadcrumb"},"inLanguage":"de","potentialAction":[{"@type":"ReadAction","target":["https:\/\/www.purejewels.com\/product\/rani-haar-necklace\/"]}]},{"@type":"ImageObject","inLanguage":"de","@id":"https:\/\/www.purejewels.com\/product\/rani-haar-necklace\/#primaryimage","url":"https:\/\/static.purejewels.com\/wp-content\/uploads\/2019\/01\/28885.png","contentUrl":"https:\/\/static.purejewels.com\/wp-content\/uploads\/2019\/01\/28885.png","width":1000,"height":1000,"caption":"28885"},{"@type":"BreadcrumbList","@id":"https:\/\/www.purejewels.com\/product\/rani-haar-necklace\/#breadcrumb","itemListElement":[{"@type":"ListItem","position":1,"name":"Home","item":"https:\/\/www.purejewels.com\/"},{"@type":"ListItem","position":2,"name":"Shop","item":"https:\/\/www.purejewels.com\/shop\/"},{"@type":"ListItem","position":3,"name":"Rani Haar Necklace"}]},{"@type":"WebSite","@id":"https:\/\/www.purejewels.com\/#website","url":"https:\/\/www.purejewels.com\/","name":"PureJewels UK","description":"Teile die Liebe","publisher":{"@id":"https:\/\/www.purejewels.com\/#organization"},"potentialAction":[{"@type":"SearchAction","target":{"@type":"EntryPoint","urlTemplate":"https:\/\/www.purejewels.com\/?s={search_term_string}"},"query-input":{"@type":"PropertyValueSpecification","valueRequired":true,"valueName":"search_term_string"}}],"inLanguage":"de"},{"@type":"Organization","@id":"https:\/\/www.purejewels.com\/#organization","name":"PureJewels UK","url":"https:\/\/www.purejewels.com\/","logo":{"@type":"ImageObject","inLanguage":"de","@id":"https:\/\/www.purejewels.com\/#\/schema\/logo\/image\/","url":"https:\/\/static.purejewels.com\/wp-content\/uploads\/2020\/11\/Logo-PJ-New-1.png","contentUrl":"https:\/\/static.purejewels.com\/wp-content\/uploads\/2020\/11\/Logo-PJ-New-1.png","width":150,"height":80,"caption":"PureJewels UK"},"image":{"@id":"https:\/\/www.purejewels.com\/#\/schema\/logo\/image\/"}}]}},"_links":{"self":[{"href":"https:\/\/www.purejewels.com\/de\/wp-json\/wp\/v2\/product\/308904","targetHints":{"allow":["GET"]}}],"collection":[{"href":"https:\/\/www.purejewels.com\/de\/wp-json\/wp\/v2\/product"}],"about":[{"href":"https:\/\/www.purejewels.com\/de\/wp-json\/wp\/v2\/types\/product"}],"replies":[{"embeddable":true,"href":"https:\/\/www.purejewels.com\/de\/wp-json\/wp\/v2\/comments?post=308904"}],"version-history":[{"count":3,"href":"https:\/\/www.purejewels.com\/de\/wp-json\/wp\/v2\/product\/308904\/revisions"}],"predecessor-version":[{"id":420301,"href":"https:\/\/www.purejewels.com\/de\/wp-json\/wp\/v2\/product\/308904\/revisions\/420301"}],"wp:featuredmedia":[{"embeddable":true,"href":"https:\/\/www.purejewels.com\/de\/wp-json\/wp\/v2\/media\/309157"}],"wp:attachment":[{"href":"https:\/\/www.purejewels.com\/de\/wp-json\/wp\/v2\/media?parent=308904"}],"wp:term":[{"taxonomy":"product_brand","embeddable":true,"href":"https:\/\/www.purejewels.com\/de\/wp-json\/wp\/v2\/product_brand?post=308904"},{"taxonomy":"product_cat","embeddable":true,"href":"https:\/\/www.purejewels.com\/de\/wp-json\/wp\/v2\/product_cat?post=308904"},{"taxonomy":"product_tag","embeddable":true,"href":"https:\/\/www.purejewels.com\/de\/wp-json\/wp\/v2\/product_tag?post=308904"}],"curies":[{"name":"wp","href":"https:\/\/api.w.org\/{rel}","templated":true}]}}