{"id":309017,"date":"2019-01-28T12:03:06","date_gmt":"2019-01-28T12:03:06","guid":{"rendered":"https:\/\/www.purejewels.com\/?post_type=product&#038;p=309017"},"modified":"2026-01-06T09:55:46","modified_gmt":"2026-01-06T09:55:46","slug":"22-karat-gelbgold-rudraksha-armband","status":"publish","type":"product","link":"https:\/\/www.purejewels.com\/de\/product\/22-carat-yellow-gold-rudraksha-bracelet\/","title":{"rendered":"22 Karat Gelbgold Rudraksha-Armband f\u00fcr M\u00e4nner"},"content":{"rendered":"<h3>Gestaltung<\/h3>\n<p>Umfassen Sie Positivit\u00e4t mit dieser 22K Gold<strong> <a href=\"https:\/\/www.purejewels.com\/de\/product\/22ct-gold-bracelet-with-rudraksha-48775\/\">rudraksha-armband<\/a><\/strong> von Purejewels. Er kann von jedem getragen werden, unabh\u00e4ngig von Alter, Geschlecht oder Religion. Der Inbegriff unserer hohen <a href=\"https:\/\/www.purejewels.com\/de\/a-guide-to-die-stamping\/\">Handwerkskunst<\/a>, Jede <strong>Rudraksha<\/strong> wird zwischen die handgemei\u00dfelten Blumenkappen gelegt und mit einer Kombination aus \u00e4hnlichen Blumenperlen zusammengen\u00e4ht.<\/p>\n<h3>Inspiration<\/h3>\n<p>Inspiriert von der Tiefgr\u00fcndigkeit \"seiner\" Existenz, hat der <strong>Stein Rudraksha<\/strong>fungiert, wie viele glauben, als Besch\u00fctzer seines Tr\u00e4gers. Nach altem Glauben ist der <strong>Rudraksha<\/strong> Steine wurden aus den Tr\u00e4nen der Hindus geformt <strong>Gott Shiva<\/strong>. Es wird angenommen, dass die N\u00e4he zur Haut das Potenzial des Tr\u00e4gers in verschiedenen Aspekten des Lebens verbessert und gleichzeitig alles Negative fernh\u00e4lt.<\/p>\n<h3>Stil<\/h3>\n<p>Purejewels<strong> rudraksha <a href=\"https:\/\/www.purejewels.com\/de\/product-category\/22ct-gold-jewellery\/gold-bracelet\/\">Armband<\/a><\/strong> kann jederzeit getragen werden, wenn Sie leger gekleidet zu Hause sind oder wenn Sie sich mit Ihren Lieben treffen oder vielleicht sogar auf dem Weg zur Arbeit. Weil es etwas Besonderes ist!<\/p>\n<h3>Rudraksha Armb\u00e4nder: Spirituelle Eleganz<\/h3>\n<p>Entdecken Sie unsere Sammlung von <strong>rudraksha armb\u00e4nder<\/strong>, wo Spiritualit\u00e4t auf Stil trifft. Jede <strong>Armband<\/strong> bietet authentische <strong>rudraksha-perlen<\/strong>Sie sind bekannt f\u00fcr ihre traditionelle Bedeutung und ihre beruhigenden Eigenschaften, die sie zu einem bedeutungsvollen und zugleich stilvollen Accessoire machen.<\/p>\n<h3>Zeitlose Rudraksha-Perlen in modernen Designs<\/h3>\n<p>Unser <strong>rudraksha-perlen<\/strong> werden sorgf\u00e4ltig zu <strong>wundersch\u00f6ne Armb\u00e4nder<\/strong>und bietet eine harmonische Mischung aus alter Tradition und moderner Mode. Perfekt f\u00fcr alle, die sowohl die spirituellen als auch die \u00e4sthetischen Aspekte ihrer Accessoires sch\u00e4tzen.<\/p>\n<h3>22 Karat Gelbgold rudraksha Armband f\u00fcr M\u00e4nner<\/h3>\n<p>Verbessern Sie Ihr Accessoire-Spiel mit unserem <strong>22 Karat Gelbgold Rudraksha-Armband f\u00fcr M\u00e4nner<\/strong>. Dieses exquisite St\u00fcck kombiniert den zeitlosen Reiz von <strong>rudraksha-perlen<\/strong> mit dem Luxus von <strong>22 Karat Gelbgold<\/strong>Sie ist ein k\u00fchnes und raffiniertes Accessoire f\u00fcr den modernen Mann.<\/p>","protected":false},"excerpt":{"rendered":"<ul>\n<li>22 Karat Gelbgold Rudraksha-Armband<\/li>\n<li>Armband aus Rudraksha-Perlen f\u00fcr M\u00e4nner und Frauen<\/li>\n<li>Wt. 9.7 g<\/li>\n<li>SKU. 28961<\/li>\n<li>L\u00e4nge 8 Zoll<\/li>\n<li>Alle Preise inklusive Mehrwertsteuer<\/li>\n<li>Alle unsere Produkte sind vom London Assay Office gestempelt.<\/li>\n<li>Mit Pr\u00e4sentationsbox<\/li>\n<li>Lieferung inbegriffen<\/li>\n<li>Kontaktieren Sie uns \/ chatten Sie mit uns f\u00fcr das Video des Produkts<\/li>\n<\/ul>","protected":false},"featured_media":315705,"comment_status":"closed","ping_status":"closed","template":"","meta":{"_eb_attr":"","_crsspst_to_jayantr4sg-hostcom":false},"product_brand":[],"product_cat":[1571,1324,1229,1572,1628,1574],"product_tag":[],"class_list":{"0":"post-309017","1":"product","2":"type-product","3":"status-publish","4":"has-post-thumbnail","6":"product_cat-fathers-day-gifts","7":"product_cat-gold-bracelet","8":"product_cat-22ct-gold-jewellery","9":"product_cat-mens-jewellery","10":"product_cat-mens-bracelet","11":"product_cat-womens-jewellery","13":"first","14":"outofstock","15":"taxable","16":"shipping-taxable","17":"product-type-simple","18":"add-to-wishlist-before_image"},"yoast_head":"<!-- This site is optimized with the Yoast SEO plugin v27.5 - https:\/\/yoast.com\/product\/yoast-seo-wordpress\/ -->\n<title>22Ct Yellow Gold Rudraksha Bracelet for Men at PureJewels<\/title>\n<meta name=\"description\" content=\"Elevate your style with our exquisite 22Ct Yellow Gold Rudraksha Bracelet for Men. Discover the perfect blend of tradition and luxury at PureJewels.\" \/>\n<meta name=\"robots\" content=\"index, follow, max-snippet:-1, max-image-preview:large, max-video-preview:-1\" \/>\n<link rel=\"canonical\" href=\"https:\/\/www.purejewels.com\/de\/produkt-2\/22-karat-gelbgold-rudraksha-armband\/\" \/>\n<meta property=\"og:locale\" content=\"de_DE\" \/>\n<meta property=\"og:type\" content=\"article\" \/>\n<meta property=\"og:title\" content=\"22Ct Yellow Gold Rudraksha Bracelet for Men at PureJewels\" \/>\n<meta property=\"og:description\" content=\"Elevate your style with our exquisite 22Ct Yellow Gold Rudraksha Bracelet for Men. Discover the perfect blend of tradition and luxury at PureJewels.\" \/>\n<meta property=\"og:url\" content=\"https:\/\/www.purejewels.com\/de\/produkt-2\/22-karat-gelbgold-rudraksha-armband\/\" \/>\n<meta property=\"og:site_name\" content=\"PureJewels UK\" \/>\n<meta property=\"article:modified_time\" content=\"2026-01-06T09:55:46+00:00\" \/>\n<meta property=\"og:image\" content=\"https:\/\/www.purejewels.com\/wp-content\/uploads\/2020\/07\/175664017.jpg\" \/>\n\t<meta property=\"og:image:width\" content=\"1000\" \/>\n\t<meta property=\"og:image:height\" content=\"1000\" \/>\n\t<meta property=\"og:image:type\" content=\"image\/jpeg\" \/>\n<meta name=\"twitter:card\" content=\"summary_large_image\" \/>\n<meta name=\"twitter:label1\" content=\"Gesch\u00e4tzte Lesezeit\" \/>\n\t<meta name=\"twitter:data1\" content=\"1\u00a0Minute\" \/>\n<script type=\"application\/ld+json\" class=\"yoast-schema-graph\">{\"@context\":\"https:\\\/\\\/schema.org\",\"@graph\":[{\"@type\":[\"WebPage\",\"ItemPage\"],\"@id\":\"https:\\\/\\\/www.purejewels.com\\\/product\\\/22-carat-yellow-gold-rudraksha-bracelet\\\/\",\"url\":\"https:\\\/\\\/www.purejewels.com\\\/product\\\/22-carat-yellow-gold-rudraksha-bracelet\\\/\",\"name\":\"22Ct Yellow Gold Rudraksha Bracelet for Men at PureJewels\",\"isPartOf\":{\"@id\":\"https:\\\/\\\/www.purejewels.com\\\/#website\"},\"primaryImageOfPage\":{\"@id\":\"https:\\\/\\\/www.purejewels.com\\\/product\\\/22-carat-yellow-gold-rudraksha-bracelet\\\/#primaryimage\"},\"image\":{\"@id\":\"https:\\\/\\\/www.purejewels.com\\\/product\\\/22-carat-yellow-gold-rudraksha-bracelet\\\/#primaryimage\"},\"thumbnailUrl\":\"https:\\\/\\\/static.purejewels.com\\\/wp-content\\\/uploads\\\/2020\\\/07\\\/175664017.jpg\",\"datePublished\":\"2019-01-28T12:03:06+00:00\",\"dateModified\":\"2026-01-06T09:55:46+00:00\",\"description\":\"Elevate your style with our exquisite 22Ct Yellow Gold Rudraksha Bracelet for Men. Discover the perfect blend of tradition and luxury at PureJewels.\",\"breadcrumb\":{\"@id\":\"https:\\\/\\\/www.purejewels.com\\\/product\\\/22-carat-yellow-gold-rudraksha-bracelet\\\/#breadcrumb\"},\"inLanguage\":\"de\",\"potentialAction\":[{\"@type\":\"ReadAction\",\"target\":[\"https:\\\/\\\/www.purejewels.com\\\/product\\\/22-carat-yellow-gold-rudraksha-bracelet\\\/\"]}]},{\"@type\":\"ImageObject\",\"inLanguage\":\"de\",\"@id\":\"https:\\\/\\\/www.purejewels.com\\\/product\\\/22-carat-yellow-gold-rudraksha-bracelet\\\/#primaryimage\",\"url\":\"https:\\\/\\\/static.purejewels.com\\\/wp-content\\\/uploads\\\/2020\\\/07\\\/175664017.jpg\",\"contentUrl\":\"https:\\\/\\\/static.purejewels.com\\\/wp-content\\\/uploads\\\/2020\\\/07\\\/175664017.jpg\",\"width\":1000,\"height\":1000},{\"@type\":\"BreadcrumbList\",\"@id\":\"https:\\\/\\\/www.purejewels.com\\\/product\\\/22-carat-yellow-gold-rudraksha-bracelet\\\/#breadcrumb\",\"itemListElement\":[{\"@type\":\"ListItem\",\"position\":1,\"name\":\"Home\",\"item\":\"https:\\\/\\\/www.purejewels.com\\\/\"},{\"@type\":\"ListItem\",\"position\":2,\"name\":\"Shop\",\"item\":\"https:\\\/\\\/www.purejewels.com\\\/shop\\\/\"},{\"@type\":\"ListItem\",\"position\":3,\"name\":\"22 Carat Yellow Gold Rudraksha Bracelet for Men\"}]},{\"@type\":\"WebSite\",\"@id\":\"https:\\\/\\\/www.purejewels.com\\\/#website\",\"url\":\"https:\\\/\\\/www.purejewels.com\\\/\",\"name\":\"PureJewels UK\",\"description\":\"Share the Love\",\"publisher\":{\"@id\":\"https:\\\/\\\/www.purejewels.com\\\/#organization\"},\"potentialAction\":[{\"@type\":\"SearchAction\",\"target\":{\"@type\":\"EntryPoint\",\"urlTemplate\":\"https:\\\/\\\/www.purejewels.com\\\/?s={search_term_string}\"},\"query-input\":{\"@type\":\"PropertyValueSpecification\",\"valueRequired\":true,\"valueName\":\"search_term_string\"}}],\"inLanguage\":\"de\"},{\"@type\":\"Organization\",\"@id\":\"https:\\\/\\\/www.purejewels.com\\\/#organization\",\"name\":\"PureJewels UK\",\"url\":\"https:\\\/\\\/www.purejewels.com\\\/\",\"logo\":{\"@type\":\"ImageObject\",\"inLanguage\":\"de\",\"@id\":\"https:\\\/\\\/www.purejewels.com\\\/#\\\/schema\\\/logo\\\/image\\\/\",\"url\":\"https:\\\/\\\/static.purejewels.com\\\/wp-content\\\/uploads\\\/2020\\\/11\\\/Logo-PJ-New-1.png\",\"contentUrl\":\"https:\\\/\\\/static.purejewels.com\\\/wp-content\\\/uploads\\\/2020\\\/11\\\/Logo-PJ-New-1.png\",\"width\":150,\"height\":80,\"caption\":\"PureJewels UK\"},\"image\":{\"@id\":\"https:\\\/\\\/www.purejewels.com\\\/#\\\/schema\\\/logo\\\/image\\\/\"}}]}<\/script>\n<!-- \/ Yoast SEO plugin. -->","yoast_head_json":{"title":"22Ct Gelbgold Rudraksha Armband f\u00fcr M\u00e4nner bei PureJewels","description":"Erh\u00f6hen Sie Ihren Stil mit unseren exquisiten 22Ct Gelbgold Rudraksha Armband f\u00fcr M\u00e4nner. Entdecken Sie die perfekte Mischung aus Tradition und Luxus bei PureJewels.","robots":{"index":"index","follow":"follow","max-snippet":"max-snippet:-1","max-image-preview":"max-image-preview:large","max-video-preview":"max-video-preview:-1"},"canonical":"https:\/\/www.purejewels.com\/de\/produkt-2\/22-karat-gelbgold-rudraksha-armband\/","og_locale":"de_DE","og_type":"article","og_title":"22Ct Yellow Gold Rudraksha Bracelet for Men at PureJewels","og_description":"Elevate your style with our exquisite 22Ct Yellow Gold Rudraksha Bracelet for Men. Discover the perfect blend of tradition and luxury at PureJewels.","og_url":"https:\/\/www.purejewels.com\/de\/produkt-2\/22-karat-gelbgold-rudraksha-armband\/","og_site_name":"PureJewels UK","article_modified_time":"2026-01-06T09:55:46+00:00","og_image":[{"width":1000,"height":1000,"url":"https:\/\/www.purejewels.com\/wp-content\/uploads\/2020\/07\/175664017.jpg","type":"image\/jpeg"}],"twitter_card":"summary_large_image","twitter_misc":{"Gesch\u00e4tzte Lesezeit":"1\u00a0Minute"},"schema":{"@context":"https:\/\/schema.org","@graph":[{"@type":["WebPage","ItemPage"],"@id":"https:\/\/www.purejewels.com\/product\/22-carat-yellow-gold-rudraksha-bracelet\/","url":"https:\/\/www.purejewels.com\/product\/22-carat-yellow-gold-rudraksha-bracelet\/","name":"22Ct Gelbgold Rudraksha Armband f\u00fcr M\u00e4nner bei PureJewels","isPartOf":{"@id":"https:\/\/www.purejewels.com\/#website"},"primaryImageOfPage":{"@id":"https:\/\/www.purejewels.com\/product\/22-carat-yellow-gold-rudraksha-bracelet\/#primaryimage"},"image":{"@id":"https:\/\/www.purejewels.com\/product\/22-carat-yellow-gold-rudraksha-bracelet\/#primaryimage"},"thumbnailUrl":"https:\/\/static.purejewels.com\/wp-content\/uploads\/2020\/07\/175664017.jpg","datePublished":"2019-01-28T12:03:06+00:00","dateModified":"2026-01-06T09:55:46+00:00","description":"Erh\u00f6hen Sie Ihren Stil mit unseren exquisiten 22Ct Gelbgold Rudraksha Armband f\u00fcr M\u00e4nner. Entdecken Sie die perfekte Mischung aus Tradition und Luxus bei PureJewels.","breadcrumb":{"@id":"https:\/\/www.purejewels.com\/product\/22-carat-yellow-gold-rudraksha-bracelet\/#breadcrumb"},"inLanguage":"de","potentialAction":[{"@type":"ReadAction","target":["https:\/\/www.purejewels.com\/product\/22-carat-yellow-gold-rudraksha-bracelet\/"]}]},{"@type":"ImageObject","inLanguage":"de","@id":"https:\/\/www.purejewels.com\/product\/22-carat-yellow-gold-rudraksha-bracelet\/#primaryimage","url":"https:\/\/static.purejewels.com\/wp-content\/uploads\/2020\/07\/175664017.jpg","contentUrl":"https:\/\/static.purejewels.com\/wp-content\/uploads\/2020\/07\/175664017.jpg","width":1000,"height":1000},{"@type":"BreadcrumbList","@id":"https:\/\/www.purejewels.com\/product\/22-carat-yellow-gold-rudraksha-bracelet\/#breadcrumb","itemListElement":[{"@type":"ListItem","position":1,"name":"Home","item":"https:\/\/www.purejewels.com\/"},{"@type":"ListItem","position":2,"name":"Shop","item":"https:\/\/www.purejewels.com\/shop\/"},{"@type":"ListItem","position":3,"name":"22 Carat Yellow Gold Rudraksha Bracelet for Men"}]},{"@type":"WebSite","@id":"https:\/\/www.purejewels.com\/#website","url":"https:\/\/www.purejewels.com\/","name":"PureJewels UK","description":"Teile die Liebe","publisher":{"@id":"https:\/\/www.purejewels.com\/#organization"},"potentialAction":[{"@type":"SearchAction","target":{"@type":"EntryPoint","urlTemplate":"https:\/\/www.purejewels.com\/?s={search_term_string}"},"query-input":{"@type":"PropertyValueSpecification","valueRequired":true,"valueName":"search_term_string"}}],"inLanguage":"de"},{"@type":"Organization","@id":"https:\/\/www.purejewels.com\/#organization","name":"PureJewels UK","url":"https:\/\/www.purejewels.com\/","logo":{"@type":"ImageObject","inLanguage":"de","@id":"https:\/\/www.purejewels.com\/#\/schema\/logo\/image\/","url":"https:\/\/static.purejewels.com\/wp-content\/uploads\/2020\/11\/Logo-PJ-New-1.png","contentUrl":"https:\/\/static.purejewels.com\/wp-content\/uploads\/2020\/11\/Logo-PJ-New-1.png","width":150,"height":80,"caption":"PureJewels UK"},"image":{"@id":"https:\/\/www.purejewels.com\/#\/schema\/logo\/image\/"}}]}},"_links":{"self":[{"href":"https:\/\/www.purejewels.com\/de\/wp-json\/wp\/v2\/product\/309017","targetHints":{"allow":["GET"]}}],"collection":[{"href":"https:\/\/www.purejewels.com\/de\/wp-json\/wp\/v2\/product"}],"about":[{"href":"https:\/\/www.purejewels.com\/de\/wp-json\/wp\/v2\/types\/product"}],"replies":[{"embeddable":true,"href":"https:\/\/www.purejewels.com\/de\/wp-json\/wp\/v2\/comments?post=309017"}],"version-history":[{"count":3,"href":"https:\/\/www.purejewels.com\/de\/wp-json\/wp\/v2\/product\/309017\/revisions"}],"predecessor-version":[{"id":371301,"href":"https:\/\/www.purejewels.com\/de\/wp-json\/wp\/v2\/product\/309017\/revisions\/371301"}],"wp:featuredmedia":[{"embeddable":true,"href":"https:\/\/www.purejewels.com\/de\/wp-json\/wp\/v2\/media\/315705"}],"wp:attachment":[{"href":"https:\/\/www.purejewels.com\/de\/wp-json\/wp\/v2\/media?parent=309017"}],"wp:term":[{"taxonomy":"product_brand","embeddable":true,"href":"https:\/\/www.purejewels.com\/de\/wp-json\/wp\/v2\/product_brand?post=309017"},{"taxonomy":"product_cat","embeddable":true,"href":"https:\/\/www.purejewels.com\/de\/wp-json\/wp\/v2\/product_cat?post=309017"},{"taxonomy":"product_tag","embeddable":true,"href":"https:\/\/www.purejewels.com\/de\/wp-json\/wp\/v2\/product_tag?post=309017"}],"curies":[{"name":"wp","href":"https:\/\/api.w.org\/{rel}","templated":true}]}}