{"id":309257,"date":"2019-02-18T08:42:57","date_gmt":"2019-02-18T08:42:57","guid":{"rendered":"https:\/\/www.purejewels.com\/?post_type=product&#038;p=309257"},"modified":"2025-11-20T06:16:45","modified_gmt":"2025-11-20T06:16:45","slug":"gold-nose-pin-uk","status":"publish","type":"product","link":"https:\/\/www.purejewels.com\/de\/product\/gold-nose-pin-uk\/","title":{"rendered":"22 Karat Gold Paisley CZ Nasenstecker | Elegante Schraubverschluss"},"content":{"rendered":"<p>Zart und doch unverwechselbar, die <a href=\"https:\/\/www.purejewels.com\/de\/product\/22ct-gold-jali-filigree-ring-jali-collection-31926\/\">22ct<\/a> Der Gold Paisley CZ Nasenstecker f\u00e4ngt zeitlose indische Kunstfertigkeit in einer anmutigen, geschwungenen Silhouette ein. Inspiriert vom Paisley-Motiv, ist dieses Schmuckst\u00fcck mit funkelnden Zirkoniasteinen verziert, die Ihrem Look einen raffinierten Glanz verleihen. Das sichere Schraubverschluss-Design sorgt f\u00fcr ganzt\u00e4gigen Tragekomfort und macht ihn zur idealen Wahl sowohl f\u00fcr den Alltag als auch f\u00fcr festliche Anl\u00e4sse. Eine wundersch\u00f6ne Verschmelzung von Tradition und Eleganz, gefertigt aus reinem 22-kar\u00e4tigem Gold.<\/p>","protected":false},"excerpt":{"rendered":"<ul>\n<li>Gold Nose Pin Uk<\/li>\n<li>Nasenstecker aus 22 Karat Gelbgold mit CZ-Steinen<\/li>\n<li>Kommt mit Screw Back<\/li>\n<li>Abmessungen (ca.) \u2192 L\u00e4nge des Stiels. 6 mm , Dicke des Stiels. 0,8 mm ,<\/li>\n<li>Rohrdicke. 1 mm<\/li>\n<li>SKU. 28855_C2<\/li>\n<li>Goldnasenschmuck in der Green Street f\u00fcr den t\u00e4glichen Gebrauch.<\/li>\n<li>Mit Pr\u00e4sentationsbox<\/li>\n<li>Kostenlose Lieferung in ganz UK<\/li>\n<li>Alle Preise inklusive Mehrwertsteuer<\/li>\n<li>\"Kontaktieren Sie uns\/Live-Chat mit uns f\u00fcr ein Video des Produkts\".<\/li>\n<\/ul>","protected":false},"featured_media":317896,"comment_status":"closed","ping_status":"closed","template":"","meta":{"_eb_attr":"","_crsspst_to_jayantr4sg-hostcom":false},"product_brand":[],"product_cat":[1711,1570,1574],"product_tag":[],"class_list":{"0":"post-309257","1":"product","2":"type-product","3":"status-publish","4":"has-post-thumbnail","6":"product_cat-gold-nose-studs","7":"product_cat-mothers-day-gifts","8":"product_cat-womens-jewellery","10":"first","11":"outofstock","12":"taxable","13":"shipping-taxable","14":"product-type-simple","15":"add-to-wishlist-before_image"},"yoast_head":"<!-- This site is optimized with the Yoast SEO plugin v27.3 - https:\/\/yoast.com\/product\/yoast-seo-wordpress\/ -->\n<title>22ct Gold Paisley CZ Nose Pin | PureJewels UK<\/title>\n<meta name=\"description\" content=\"Graceful 22ct gold nose pin with a paisley-inspired curve and sparkling CZ stones. Screw-back closure ensures comfort and secure wear. Made for timeless charm.\" \/>\n<meta name=\"robots\" content=\"index, follow, max-snippet:-1, max-image-preview:large, max-video-preview:-1\" \/>\n<link rel=\"canonical\" href=\"https:\/\/www.purejewels.com\/de\/produkt-2\/gold-nose-pin-uk\/\" \/>\n<meta property=\"og:locale\" content=\"de_DE\" \/>\n<meta property=\"og:type\" content=\"article\" \/>\n<meta property=\"og:title\" content=\"22ct Gold Paisley CZ Nose Pin | PureJewels UK\" \/>\n<meta property=\"og:description\" content=\"Graceful 22ct gold nose pin with a paisley-inspired curve and sparkling CZ stones. Screw-back closure ensures comfort and secure wear. Made for timeless charm.\" \/>\n<meta property=\"og:url\" content=\"https:\/\/www.purejewels.com\/de\/produkt-2\/gold-nose-pin-uk\/\" \/>\n<meta property=\"og:site_name\" content=\"PureJewels UK\" \/>\n<meta property=\"article:modified_time\" content=\"2025-11-20T06:16:45+00:00\" \/>\n<meta property=\"og:image\" content=\"https:\/\/www.purejewels.com\/wp-content\/uploads\/2019\/02\/28555c2.jpg\" \/>\n\t<meta property=\"og:image:width\" content=\"1000\" \/>\n\t<meta property=\"og:image:height\" content=\"1000\" \/>\n\t<meta property=\"og:image:type\" content=\"image\/jpeg\" \/>\n<meta name=\"twitter:card\" content=\"summary_large_image\" \/>\n<meta name=\"twitter:label1\" content=\"Gesch\u00e4tzte Lesezeit\" \/>\n\t<meta name=\"twitter:data1\" content=\"1\u00a0Minute\" \/>\n<script type=\"application\/ld+json\" class=\"yoast-schema-graph\">{\"@context\":\"https:\\\/\\\/schema.org\",\"@graph\":[{\"@type\":[\"WebPage\",\"ItemPage\"],\"@id\":\"https:\\\/\\\/www.purejewels.com\\\/product\\\/gold-nose-pin-uk\\\/\",\"url\":\"https:\\\/\\\/www.purejewels.com\\\/product\\\/gold-nose-pin-uk\\\/\",\"name\":\"22ct Gold Paisley CZ Nose Pin | PureJewels UK\",\"isPartOf\":{\"@id\":\"https:\\\/\\\/www.purejewels.com\\\/#website\"},\"primaryImageOfPage\":{\"@id\":\"https:\\\/\\\/www.purejewels.com\\\/product\\\/gold-nose-pin-uk\\\/#primaryimage\"},\"image\":{\"@id\":\"https:\\\/\\\/www.purejewels.com\\\/product\\\/gold-nose-pin-uk\\\/#primaryimage\"},\"thumbnailUrl\":\"https:\\\/\\\/static.purejewels.com\\\/wp-content\\\/uploads\\\/2019\\\/02\\\/28555c2.jpg\",\"datePublished\":\"2019-02-18T08:42:57+00:00\",\"dateModified\":\"2025-11-20T06:16:45+00:00\",\"description\":\"Graceful 22ct gold nose pin with a paisley-inspired curve and sparkling CZ stones. Screw-back closure ensures comfort and secure wear. Made for timeless charm.\",\"breadcrumb\":{\"@id\":\"https:\\\/\\\/www.purejewels.com\\\/product\\\/gold-nose-pin-uk\\\/#breadcrumb\"},\"inLanguage\":\"de\",\"potentialAction\":[{\"@type\":\"ReadAction\",\"target\":[\"https:\\\/\\\/www.purejewels.com\\\/product\\\/gold-nose-pin-uk\\\/\"]}]},{\"@type\":\"ImageObject\",\"inLanguage\":\"de\",\"@id\":\"https:\\\/\\\/www.purejewels.com\\\/product\\\/gold-nose-pin-uk\\\/#primaryimage\",\"url\":\"https:\\\/\\\/static.purejewels.com\\\/wp-content\\\/uploads\\\/2019\\\/02\\\/28555c2.jpg\",\"contentUrl\":\"https:\\\/\\\/static.purejewels.com\\\/wp-content\\\/uploads\\\/2019\\\/02\\\/28555c2.jpg\",\"width\":1000,\"height\":1000},{\"@type\":\"BreadcrumbList\",\"@id\":\"https:\\\/\\\/www.purejewels.com\\\/product\\\/gold-nose-pin-uk\\\/#breadcrumb\",\"itemListElement\":[{\"@type\":\"ListItem\",\"position\":1,\"name\":\"Home\",\"item\":\"https:\\\/\\\/www.purejewels.com\\\/\"},{\"@type\":\"ListItem\",\"position\":2,\"name\":\"Shop\",\"item\":\"https:\\\/\\\/www.purejewels.com\\\/shop\\\/\"},{\"@type\":\"ListItem\",\"position\":3,\"name\":\"22ct Gold Paisley CZ Nose Pin | Elegant Screw Back\"}]},{\"@type\":\"WebSite\",\"@id\":\"https:\\\/\\\/www.purejewels.com\\\/#website\",\"url\":\"https:\\\/\\\/www.purejewels.com\\\/\",\"name\":\"PureJewels UK\",\"description\":\"Share the Love\",\"publisher\":{\"@id\":\"https:\\\/\\\/www.purejewels.com\\\/#organization\"},\"potentialAction\":[{\"@type\":\"SearchAction\",\"target\":{\"@type\":\"EntryPoint\",\"urlTemplate\":\"https:\\\/\\\/www.purejewels.com\\\/?s={search_term_string}\"},\"query-input\":{\"@type\":\"PropertyValueSpecification\",\"valueRequired\":true,\"valueName\":\"search_term_string\"}}],\"inLanguage\":\"de\"},{\"@type\":\"Organization\",\"@id\":\"https:\\\/\\\/www.purejewels.com\\\/#organization\",\"name\":\"PureJewels UK\",\"url\":\"https:\\\/\\\/www.purejewels.com\\\/\",\"logo\":{\"@type\":\"ImageObject\",\"inLanguage\":\"de\",\"@id\":\"https:\\\/\\\/www.purejewels.com\\\/#\\\/schema\\\/logo\\\/image\\\/\",\"url\":\"https:\\\/\\\/static.purejewels.com\\\/wp-content\\\/uploads\\\/2020\\\/11\\\/Logo-PJ-New-1.png\",\"contentUrl\":\"https:\\\/\\\/static.purejewels.com\\\/wp-content\\\/uploads\\\/2020\\\/11\\\/Logo-PJ-New-1.png\",\"width\":150,\"height\":80,\"caption\":\"PureJewels UK\"},\"image\":{\"@id\":\"https:\\\/\\\/www.purejewels.com\\\/#\\\/schema\\\/logo\\\/image\\\/\"}}]}<\/script>\n<!-- \/ Yoast SEO plugin. -->","yoast_head_json":{"title":"22 Karat Gold Paisley CZ Nasenstecker | PureJewels UK","description":"Anmutiger Nasenstecker aus 22 Karat Gold mit einer von Paisley-Mustern inspirierten Kurve und funkelnden Zirkoniasteinen. Der Schraubverschluss sorgt f\u00fcr Tragekomfort und sicheren Halt. F\u00fcr zeitlosen Charme geschaffen.","robots":{"index":"index","follow":"follow","max-snippet":"max-snippet:-1","max-image-preview":"max-image-preview:large","max-video-preview":"max-video-preview:-1"},"canonical":"https:\/\/www.purejewels.com\/de\/produkt-2\/gold-nose-pin-uk\/","og_locale":"de_DE","og_type":"article","og_title":"22ct Gold Paisley CZ Nose Pin | PureJewels UK","og_description":"Graceful 22ct gold nose pin with a paisley-inspired curve and sparkling CZ stones. Screw-back closure ensures comfort and secure wear. Made for timeless charm.","og_url":"https:\/\/www.purejewels.com\/de\/produkt-2\/gold-nose-pin-uk\/","og_site_name":"PureJewels UK","article_modified_time":"2025-11-20T06:16:45+00:00","og_image":[{"width":1000,"height":1000,"url":"https:\/\/www.purejewels.com\/wp-content\/uploads\/2019\/02\/28555c2.jpg","type":"image\/jpeg"}],"twitter_card":"summary_large_image","twitter_misc":{"Gesch\u00e4tzte Lesezeit":"1\u00a0Minute"},"schema":{"@context":"https:\/\/schema.org","@graph":[{"@type":["WebPage","ItemPage"],"@id":"https:\/\/www.purejewels.com\/product\/gold-nose-pin-uk\/","url":"https:\/\/www.purejewels.com\/product\/gold-nose-pin-uk\/","name":"22 Karat Gold Paisley CZ Nasenstecker | PureJewels UK","isPartOf":{"@id":"https:\/\/www.purejewels.com\/#website"},"primaryImageOfPage":{"@id":"https:\/\/www.purejewels.com\/product\/gold-nose-pin-uk\/#primaryimage"},"image":{"@id":"https:\/\/www.purejewels.com\/product\/gold-nose-pin-uk\/#primaryimage"},"thumbnailUrl":"https:\/\/static.purejewels.com\/wp-content\/uploads\/2019\/02\/28555c2.jpg","datePublished":"2019-02-18T08:42:57+00:00","dateModified":"2025-11-20T06:16:45+00:00","description":"Anmutiger Nasenstecker aus 22 Karat Gold mit einer von Paisley-Mustern inspirierten Kurve und funkelnden Zirkoniasteinen. Der Schraubverschluss sorgt f\u00fcr Tragekomfort und sicheren Halt. F\u00fcr zeitlosen Charme geschaffen.","breadcrumb":{"@id":"https:\/\/www.purejewels.com\/product\/gold-nose-pin-uk\/#breadcrumb"},"inLanguage":"de","potentialAction":[{"@type":"ReadAction","target":["https:\/\/www.purejewels.com\/product\/gold-nose-pin-uk\/"]}]},{"@type":"ImageObject","inLanguage":"de","@id":"https:\/\/www.purejewels.com\/product\/gold-nose-pin-uk\/#primaryimage","url":"https:\/\/static.purejewels.com\/wp-content\/uploads\/2019\/02\/28555c2.jpg","contentUrl":"https:\/\/static.purejewels.com\/wp-content\/uploads\/2019\/02\/28555c2.jpg","width":1000,"height":1000},{"@type":"BreadcrumbList","@id":"https:\/\/www.purejewels.com\/product\/gold-nose-pin-uk\/#breadcrumb","itemListElement":[{"@type":"ListItem","position":1,"name":"Home","item":"https:\/\/www.purejewels.com\/"},{"@type":"ListItem","position":2,"name":"Shop","item":"https:\/\/www.purejewels.com\/shop\/"},{"@type":"ListItem","position":3,"name":"22ct Gold Paisley CZ Nose Pin | Elegant Screw Back"}]},{"@type":"WebSite","@id":"https:\/\/www.purejewels.com\/#website","url":"https:\/\/www.purejewels.com\/","name":"PureJewels UK","description":"Teile die Liebe","publisher":{"@id":"https:\/\/www.purejewels.com\/#organization"},"potentialAction":[{"@type":"SearchAction","target":{"@type":"EntryPoint","urlTemplate":"https:\/\/www.purejewels.com\/?s={search_term_string}"},"query-input":{"@type":"PropertyValueSpecification","valueRequired":true,"valueName":"search_term_string"}}],"inLanguage":"de"},{"@type":"Organization","@id":"https:\/\/www.purejewels.com\/#organization","name":"PureJewels UK","url":"https:\/\/www.purejewels.com\/","logo":{"@type":"ImageObject","inLanguage":"de","@id":"https:\/\/www.purejewels.com\/#\/schema\/logo\/image\/","url":"https:\/\/static.purejewels.com\/wp-content\/uploads\/2020\/11\/Logo-PJ-New-1.png","contentUrl":"https:\/\/static.purejewels.com\/wp-content\/uploads\/2020\/11\/Logo-PJ-New-1.png","width":150,"height":80,"caption":"PureJewels UK"},"image":{"@id":"https:\/\/www.purejewels.com\/#\/schema\/logo\/image\/"}}]}},"_links":{"self":[{"href":"https:\/\/www.purejewels.com\/de\/wp-json\/wp\/v2\/product\/309257","targetHints":{"allow":["GET"]}}],"collection":[{"href":"https:\/\/www.purejewels.com\/de\/wp-json\/wp\/v2\/product"}],"about":[{"href":"https:\/\/www.purejewels.com\/de\/wp-json\/wp\/v2\/types\/product"}],"replies":[{"embeddable":true,"href":"https:\/\/www.purejewels.com\/de\/wp-json\/wp\/v2\/comments?post=309257"}],"version-history":[{"count":2,"href":"https:\/\/www.purejewels.com\/de\/wp-json\/wp\/v2\/product\/309257\/revisions"}],"predecessor-version":[{"id":421495,"href":"https:\/\/www.purejewels.com\/de\/wp-json\/wp\/v2\/product\/309257\/revisions\/421495"}],"wp:featuredmedia":[{"embeddable":true,"href":"https:\/\/www.purejewels.com\/de\/wp-json\/wp\/v2\/media\/317896"}],"wp:attachment":[{"href":"https:\/\/www.purejewels.com\/de\/wp-json\/wp\/v2\/media?parent=309257"}],"wp:term":[{"taxonomy":"product_brand","embeddable":true,"href":"https:\/\/www.purejewels.com\/de\/wp-json\/wp\/v2\/product_brand?post=309257"},{"taxonomy":"product_cat","embeddable":true,"href":"https:\/\/www.purejewels.com\/de\/wp-json\/wp\/v2\/product_cat?post=309257"},{"taxonomy":"product_tag","embeddable":true,"href":"https:\/\/www.purejewels.com\/de\/wp-json\/wp\/v2\/product_tag?post=309257"}],"curies":[{"name":"wp","href":"https:\/\/api.w.org\/{rel}","templated":true}]}}