{"id":309262,"date":"2019-02-16T06:59:41","date_gmt":"2019-02-16T06:59:41","guid":{"rendered":"https:\/\/www.purejewels.com\/?post_type=product&#038;p=309262"},"modified":"2024-06-15T13:41:53","modified_gmt":"2024-06-15T12:41:53","slug":"indischer-gold-nasenstecker-de-28856-c7","status":"publish","type":"product","link":"https:\/\/www.purejewels.com\/de\/product\/indian-gold-nose-stud-uk-28856-c7\/","title":{"rendered":"22ct Gold | CZ Stein | Indian Nose Pin"},"content":{"rendered":"<p><strong>Inspiration<\/strong><\/p>\n<p>Es hei\u00dft, dass in Indien die Nase <a href=\"https:\/\/www.purejewels.com\/de\/product-category\/22ct-gold-jewellery\/gold-rings\/\">Ringe<\/a> wurden eingef\u00fchrt von <strong>die Moguln<\/strong> im 15. und 16. Jahrhundert. Jahrhundert. Andererseits wird angenommen, dass der Brauch, sich die Nase piercen zu lassen, schon lange davor Tradition hatte. Man glaubte, dass das Piercing an einer Stelle der Nase angebracht wurde, die traditionell symbolisch und biologisch wichtig f\u00fcr Frauen war. Au\u00dferdem wurde die Idee, die Nase zu schm\u00fccken, von indischen Frauen und Goldschmieden begeistert aufgenommen.<\/p>\n<p><strong>Gestaltung<\/strong><\/p>\n<p>Diese <strong>kleiner Nasenstecker<\/strong> von Purejewels wird von Anfang an in Handarbeit aus reinem 22-kar\u00e4tigem Gold gefertigt. Die Form des <a href=\"https:\/\/www.purejewels.com\/de\/product\/22ct-gold-yellow-gold-nose-ring-for-ladies-43553\/\">Nasenring<\/a> ist etwas ungew\u00f6hnlicher als das, was Sie vielleicht schon gesehen haben, was ihn zu einem der besten Nasenstecker auf unserer Website macht. Das Zentrum des Designs beginnt mit einem fein ziselierten Quadrat, das von einer Reihe von Zirkonia-Steinen umgeben ist, die unserem Meisterwerk genau die richtige Menge an Bling hinzuf\u00fcgen.<\/p>\n<p><strong>Stil<\/strong><\/p>\n<p>Diese minimale <strong>goldener Nasenstecker<\/strong> ist alles, was Sie brauchen, um jeden Tag ein wenig zu gl\u00e4nzen. Es ist hier f\u00fcr Sie zu gl\u00e4nzen und sehen wundersch\u00f6n und subtil zur gleichen Zeit. Es hat die richtige Menge an Bling und sieht wundersch\u00f6n, w\u00e4hrend das Hinzuf\u00fcgen einer Kante, um Ihren Look wegen seiner ungew\u00f6hnlichen Form, die auch macht Sie abheben.<\/p>","protected":false},"excerpt":{"rendered":"<ul>\n<li>Indischer Goldnasenstecker UK<\/li>\n<li>Nasenstecker aus 22 Karat Gelbgold mit CZ-Steinen<\/li>\n<li>kommt mit Schraubverschluss<\/li>\n<li>SKU. 28856_C7<\/li>\n<li>Nasenschmuck in der Green Street f\u00fcr den t\u00e4glichen Gebrauch<\/li>\n<li>Mit Pr\u00e4sentationsbox<\/li>\n<li>Kostenlose Lieferung in ganz UK<\/li>\n<li>Alle Preise inklusive Mehrwertsteuer<\/li>\n<li>\"Kontaktieren Sie uns\/Live-Chat mit uns f\u00fcr ein Video des Produkts\".<\/li>\n<\/ul>","protected":false},"featured_media":345359,"comment_status":"closed","ping_status":"closed","template":"","meta":{"_eb_attr":"","_crsspst_to_jayantr4sg-hostcom":false},"product_brand":[],"product_cat":[1711,1574],"product_tag":[],"class_list":{"0":"post-309262","1":"product","2":"type-product","3":"status-publish","4":"has-post-thumbnail","6":"product_cat-gold-nose-studs","7":"product_cat-womens-jewellery","9":"first","10":"outofstock","11":"taxable","12":"shipping-taxable","13":"product-type-simple","14":"add-to-wishlist-before_image"},"yoast_head":"<!-- This site is optimized with the Yoast SEO plugin v27.3 - https:\/\/yoast.com\/product\/yoast-seo-wordpress\/ -->\n<title>Gold Nose Studs | Buy trendy Nose Pins at PureJewels UK<\/title>\n<meta name=\"description\" content=\"real gold nose pins. Discover nose pins and studs in the UK. Pick this beautifully crafted nose stud made in white gold &amp; diamond.\" \/>\n<meta name=\"robots\" content=\"index, follow, max-snippet:-1, max-image-preview:large, max-video-preview:-1\" \/>\n<link rel=\"canonical\" href=\"https:\/\/www.purejewels.com\/de\/produkt-2\/indischer-gold-nasenstecker-de-28856-c7\/\" \/>\n<meta property=\"og:locale\" content=\"de_DE\" \/>\n<meta property=\"og:type\" content=\"article\" \/>\n<meta property=\"og:title\" content=\"Gold Nose Studs | Buy trendy Nose Pins at PureJewels UK\" \/>\n<meta property=\"og:description\" content=\"real gold nose pins. Discover nose pins and studs in the UK. Pick this beautifully crafted nose stud made in white gold &amp; diamond.\" \/>\n<meta property=\"og:url\" content=\"https:\/\/www.purejewels.com\/de\/produkt-2\/indischer-gold-nasenstecker-de-28856-c7\/\" \/>\n<meta property=\"og:site_name\" content=\"PureJewels UK\" \/>\n<meta property=\"article:modified_time\" content=\"2024-06-15T12:41:53+00:00\" \/>\n<meta property=\"og:image\" content=\"https:\/\/www.purejewels.com\/wp-content\/uploads\/2019\/02\/28856c7-1.jpg\" \/>\n\t<meta property=\"og:image:width\" content=\"1000\" \/>\n\t<meta property=\"og:image:height\" content=\"1000\" \/>\n\t<meta property=\"og:image:type\" content=\"image\/jpeg\" \/>\n<meta name=\"twitter:card\" content=\"summary_large_image\" \/>\n<meta name=\"twitter:label1\" content=\"Gesch\u00e4tzte Lesezeit\" \/>\n\t<meta name=\"twitter:data1\" content=\"1\u00a0Minute\" \/>\n<script type=\"application\/ld+json\" class=\"yoast-schema-graph\">{\"@context\":\"https:\\\/\\\/schema.org\",\"@graph\":[{\"@type\":[\"WebPage\",\"ItemPage\"],\"@id\":\"https:\\\/\\\/www.purejewels.com\\\/product\\\/indian-gold-nose-stud-uk-28856-c7\\\/\",\"url\":\"https:\\\/\\\/www.purejewels.com\\\/product\\\/indian-gold-nose-stud-uk-28856-c7\\\/\",\"name\":\"Gold Nose Studs | Buy trendy Nose Pins at PureJewels UK\",\"isPartOf\":{\"@id\":\"https:\\\/\\\/www.purejewels.com\\\/#website\"},\"primaryImageOfPage\":{\"@id\":\"https:\\\/\\\/www.purejewels.com\\\/product\\\/indian-gold-nose-stud-uk-28856-c7\\\/#primaryimage\"},\"image\":{\"@id\":\"https:\\\/\\\/www.purejewels.com\\\/product\\\/indian-gold-nose-stud-uk-28856-c7\\\/#primaryimage\"},\"thumbnailUrl\":\"https:\\\/\\\/static.purejewels.com\\\/wp-content\\\/uploads\\\/2019\\\/02\\\/28856c7-1.jpg\",\"datePublished\":\"2019-02-16T06:59:41+00:00\",\"dateModified\":\"2024-06-15T12:41:53+00:00\",\"description\":\"real gold nose pins. Discover nose pins and studs in the UK. Pick this beautifully crafted nose stud made in white gold & diamond.\",\"breadcrumb\":{\"@id\":\"https:\\\/\\\/www.purejewels.com\\\/product\\\/indian-gold-nose-stud-uk-28856-c7\\\/#breadcrumb\"},\"inLanguage\":\"de\",\"potentialAction\":[{\"@type\":\"ReadAction\",\"target\":[\"https:\\\/\\\/www.purejewels.com\\\/product\\\/indian-gold-nose-stud-uk-28856-c7\\\/\"]}]},{\"@type\":\"ImageObject\",\"inLanguage\":\"de\",\"@id\":\"https:\\\/\\\/www.purejewels.com\\\/product\\\/indian-gold-nose-stud-uk-28856-c7\\\/#primaryimage\",\"url\":\"https:\\\/\\\/static.purejewels.com\\\/wp-content\\\/uploads\\\/2019\\\/02\\\/28856c7-1.jpg\",\"contentUrl\":\"https:\\\/\\\/static.purejewels.com\\\/wp-content\\\/uploads\\\/2019\\\/02\\\/28856c7-1.jpg\",\"width\":1000,\"height\":1000},{\"@type\":\"BreadcrumbList\",\"@id\":\"https:\\\/\\\/www.purejewels.com\\\/product\\\/indian-gold-nose-stud-uk-28856-c7\\\/#breadcrumb\",\"itemListElement\":[{\"@type\":\"ListItem\",\"position\":1,\"name\":\"Home\",\"item\":\"https:\\\/\\\/www.purejewels.com\\\/\"},{\"@type\":\"ListItem\",\"position\":2,\"name\":\"Shop\",\"item\":\"https:\\\/\\\/www.purejewels.com\\\/shop\\\/\"},{\"@type\":\"ListItem\",\"position\":3,\"name\":\"22ct Gold | CZ Stone | Indian Nose Pin\"}]},{\"@type\":\"WebSite\",\"@id\":\"https:\\\/\\\/www.purejewels.com\\\/#website\",\"url\":\"https:\\\/\\\/www.purejewels.com\\\/\",\"name\":\"PureJewels UK\",\"description\":\"Share the Love\",\"publisher\":{\"@id\":\"https:\\\/\\\/www.purejewels.com\\\/#organization\"},\"potentialAction\":[{\"@type\":\"SearchAction\",\"target\":{\"@type\":\"EntryPoint\",\"urlTemplate\":\"https:\\\/\\\/www.purejewels.com\\\/?s={search_term_string}\"},\"query-input\":{\"@type\":\"PropertyValueSpecification\",\"valueRequired\":true,\"valueName\":\"search_term_string\"}}],\"inLanguage\":\"de\"},{\"@type\":\"Organization\",\"@id\":\"https:\\\/\\\/www.purejewels.com\\\/#organization\",\"name\":\"PureJewels UK\",\"url\":\"https:\\\/\\\/www.purejewels.com\\\/\",\"logo\":{\"@type\":\"ImageObject\",\"inLanguage\":\"de\",\"@id\":\"https:\\\/\\\/www.purejewels.com\\\/#\\\/schema\\\/logo\\\/image\\\/\",\"url\":\"https:\\\/\\\/static.purejewels.com\\\/wp-content\\\/uploads\\\/2020\\\/11\\\/Logo-PJ-New-1.png\",\"contentUrl\":\"https:\\\/\\\/static.purejewels.com\\\/wp-content\\\/uploads\\\/2020\\\/11\\\/Logo-PJ-New-1.png\",\"width\":150,\"height\":80,\"caption\":\"PureJewels UK\"},\"image\":{\"@id\":\"https:\\\/\\\/www.purejewels.com\\\/#\\\/schema\\\/logo\\\/image\\\/\"}}]}<\/script>\n<!-- \/ Yoast SEO plugin. -->","yoast_head_json":{"title":"Gold Nasenstecker | Kaufen Sie trendige Nasenstecker bei PureJewels UK","description":"Nasenstecker aus echtem Gold. Entdecken Sie Nasenpins und Nasenstecker in Gro\u00dfbritannien. W\u00e4hlen Sie diesen wundersch\u00f6n gearbeiteten Nasenstecker aus Wei\u00dfgold und Diamant.","robots":{"index":"index","follow":"follow","max-snippet":"max-snippet:-1","max-image-preview":"max-image-preview:large","max-video-preview":"max-video-preview:-1"},"canonical":"https:\/\/www.purejewels.com\/de\/produkt-2\/indischer-gold-nasenstecker-de-28856-c7\/","og_locale":"de_DE","og_type":"article","og_title":"Gold Nose Studs | Buy trendy Nose Pins at PureJewels UK","og_description":"real gold nose pins. Discover nose pins and studs in the UK. Pick this beautifully crafted nose stud made in white gold & diamond.","og_url":"https:\/\/www.purejewels.com\/de\/produkt-2\/indischer-gold-nasenstecker-de-28856-c7\/","og_site_name":"PureJewels UK","article_modified_time":"2024-06-15T12:41:53+00:00","og_image":[{"width":1000,"height":1000,"url":"https:\/\/www.purejewels.com\/wp-content\/uploads\/2019\/02\/28856c7-1.jpg","type":"image\/jpeg"}],"twitter_card":"summary_large_image","twitter_misc":{"Gesch\u00e4tzte Lesezeit":"1\u00a0Minute"},"schema":{"@context":"https:\/\/schema.org","@graph":[{"@type":["WebPage","ItemPage"],"@id":"https:\/\/www.purejewels.com\/product\/indian-gold-nose-stud-uk-28856-c7\/","url":"https:\/\/www.purejewels.com\/product\/indian-gold-nose-stud-uk-28856-c7\/","name":"Gold Nasenstecker | Kaufen Sie trendige Nasenstecker bei PureJewels UK","isPartOf":{"@id":"https:\/\/www.purejewels.com\/#website"},"primaryImageOfPage":{"@id":"https:\/\/www.purejewels.com\/product\/indian-gold-nose-stud-uk-28856-c7\/#primaryimage"},"image":{"@id":"https:\/\/www.purejewels.com\/product\/indian-gold-nose-stud-uk-28856-c7\/#primaryimage"},"thumbnailUrl":"https:\/\/static.purejewels.com\/wp-content\/uploads\/2019\/02\/28856c7-1.jpg","datePublished":"2019-02-16T06:59:41+00:00","dateModified":"2024-06-15T12:41:53+00:00","description":"Nasenstecker aus echtem Gold. Entdecken Sie Nasenpins und Nasenstecker in Gro\u00dfbritannien. W\u00e4hlen Sie diesen wundersch\u00f6n gearbeiteten Nasenstecker aus Wei\u00dfgold und Diamant.","breadcrumb":{"@id":"https:\/\/www.purejewels.com\/product\/indian-gold-nose-stud-uk-28856-c7\/#breadcrumb"},"inLanguage":"de","potentialAction":[{"@type":"ReadAction","target":["https:\/\/www.purejewels.com\/product\/indian-gold-nose-stud-uk-28856-c7\/"]}]},{"@type":"ImageObject","inLanguage":"de","@id":"https:\/\/www.purejewels.com\/product\/indian-gold-nose-stud-uk-28856-c7\/#primaryimage","url":"https:\/\/static.purejewels.com\/wp-content\/uploads\/2019\/02\/28856c7-1.jpg","contentUrl":"https:\/\/static.purejewels.com\/wp-content\/uploads\/2019\/02\/28856c7-1.jpg","width":1000,"height":1000},{"@type":"BreadcrumbList","@id":"https:\/\/www.purejewels.com\/product\/indian-gold-nose-stud-uk-28856-c7\/#breadcrumb","itemListElement":[{"@type":"ListItem","position":1,"name":"Home","item":"https:\/\/www.purejewels.com\/"},{"@type":"ListItem","position":2,"name":"Shop","item":"https:\/\/www.purejewels.com\/shop\/"},{"@type":"ListItem","position":3,"name":"22ct Gold | CZ Stone | Indian Nose Pin"}]},{"@type":"WebSite","@id":"https:\/\/www.purejewels.com\/#website","url":"https:\/\/www.purejewels.com\/","name":"PureJewels UK","description":"Teile die Liebe","publisher":{"@id":"https:\/\/www.purejewels.com\/#organization"},"potentialAction":[{"@type":"SearchAction","target":{"@type":"EntryPoint","urlTemplate":"https:\/\/www.purejewels.com\/?s={search_term_string}"},"query-input":{"@type":"PropertyValueSpecification","valueRequired":true,"valueName":"search_term_string"}}],"inLanguage":"de"},{"@type":"Organization","@id":"https:\/\/www.purejewels.com\/#organization","name":"PureJewels UK","url":"https:\/\/www.purejewels.com\/","logo":{"@type":"ImageObject","inLanguage":"de","@id":"https:\/\/www.purejewels.com\/#\/schema\/logo\/image\/","url":"https:\/\/static.purejewels.com\/wp-content\/uploads\/2020\/11\/Logo-PJ-New-1.png","contentUrl":"https:\/\/static.purejewels.com\/wp-content\/uploads\/2020\/11\/Logo-PJ-New-1.png","width":150,"height":80,"caption":"PureJewels UK"},"image":{"@id":"https:\/\/www.purejewels.com\/#\/schema\/logo\/image\/"}}]}},"_links":{"self":[{"href":"https:\/\/www.purejewels.com\/de\/wp-json\/wp\/v2\/product\/309262","targetHints":{"allow":["GET"]}}],"collection":[{"href":"https:\/\/www.purejewels.com\/de\/wp-json\/wp\/v2\/product"}],"about":[{"href":"https:\/\/www.purejewels.com\/de\/wp-json\/wp\/v2\/types\/product"}],"replies":[{"embeddable":true,"href":"https:\/\/www.purejewels.com\/de\/wp-json\/wp\/v2\/comments?post=309262"}],"version-history":[{"count":2,"href":"https:\/\/www.purejewels.com\/de\/wp-json\/wp\/v2\/product\/309262\/revisions"}],"predecessor-version":[{"id":364897,"href":"https:\/\/www.purejewels.com\/de\/wp-json\/wp\/v2\/product\/309262\/revisions\/364897"}],"wp:featuredmedia":[{"embeddable":true,"href":"https:\/\/www.purejewels.com\/de\/wp-json\/wp\/v2\/media\/345359"}],"wp:attachment":[{"href":"https:\/\/www.purejewels.com\/de\/wp-json\/wp\/v2\/media?parent=309262"}],"wp:term":[{"taxonomy":"product_brand","embeddable":true,"href":"https:\/\/www.purejewels.com\/de\/wp-json\/wp\/v2\/product_brand?post=309262"},{"taxonomy":"product_cat","embeddable":true,"href":"https:\/\/www.purejewels.com\/de\/wp-json\/wp\/v2\/product_cat?post=309262"},{"taxonomy":"product_tag","embeddable":true,"href":"https:\/\/www.purejewels.com\/de\/wp-json\/wp\/v2\/product_tag?post=309262"}],"curies":[{"name":"wp","href":"https:\/\/api.w.org\/{rel}","templated":true}]}}