{"id":309266,"date":"2019-02-16T06:51:28","date_gmt":"2019-02-16T06:51:28","guid":{"rendered":"https:\/\/www.purejewels.com\/?post_type=product&#038;p=309266"},"modified":"2025-11-19T11:41:43","modified_gmt":"2025-11-19T11:41:43","slug":"indische-gold-nase-pin-uk-2","status":"publish","type":"product","link":"https:\/\/www.purejewels.com\/de\/product\/indian-gold-nose-pin-uk-2\/","title":{"rendered":"22 Karat Gold CZ Blattwirbel Nasenstecker"},"content":{"rendered":"<p data-start=\"446\" data-end=\"786\">Veredeln Sie Ihren Alltagsstil mit diesem exquisiten <strong data-start=\"494\" data-end=\"530\"><a href=\"https:\/\/www.purejewels.com\/de\/product\/22ct-gold-jali-filigree-ring-jali-collection-31926\/\">22ct<\/a> Gold CZ Blattwirbel Nasenstecker<\/strong>. Das aus sattem Gelbgold gefertigte Design besticht durch ein wirbelndes Blattmotiv, das mit funkelnden Zirkonia-Steinen verziert ist und f\u00fcr einen zarten Schimmer sorgt. Der sichere Schraubverschluss sorgt f\u00fcr Tragekomfort und Langlebigkeit und macht das Schmuckst\u00fcck perfekt f\u00fcr traditionelle und moderne Looks.<\/p>\n<p data-start=\"788\" data-end=\"959\">Ob Sie sich f\u00fcr einen besonderen Anlass schick machen oder Ihrem Alltagsoutfit einen eleganten Akzent verleihen m\u00f6chten \u2013 dieser elegante Nasenstecker ist ein zeitloser Ausdruck zur\u00fcckhaltender Sch\u00f6nheit.<\/p>","protected":false},"excerpt":{"rendered":"<ul>\n<li>Indische Gold-Nasennadel UK<\/li>\n<li>Nasenstecker aus 22 Karat Gelbgold mit CZ-Steinen<\/li>\n<li>kommt mit Schraubverschluss<\/li>\n<li>SKU. 28860_C10<\/li>\n<li>Schmuck f\u00fcr die Nase, geeignet f\u00fcr den t\u00e4glichen Gebrauch.<\/li>\n<li>Mit Pr\u00e4sentationsbox<\/li>\n<li>Kostenlose Lieferung in ganz UK<\/li>\n<li>Alle Preise inklusive Mehrwertsteuer<\/li>\n<li>\"Kontaktieren Sie uns\/Live-Chat mit uns f\u00fcr ein Video des Produkts\".<\/li>\n<\/ul>","protected":false},"featured_media":309293,"comment_status":"closed","ping_status":"closed","template":"","meta":{"_eb_attr":"","_crsspst_to_jayantr4sg-hostcom":false},"product_brand":[],"product_cat":[1711],"product_tag":[],"class_list":{"0":"post-309266","1":"product","2":"type-product","3":"status-publish","4":"has-post-thumbnail","6":"product_cat-gold-nose-studs","8":"first","9":"outofstock","10":"taxable","11":"shipping-taxable","12":"product-type-simple","13":"add-to-wishlist-before_image"},"yoast_head":"<!-- This site is optimized with the Yoast SEO plugin v27.3 - https:\/\/yoast.com\/product\/yoast-seo-wordpress\/ -->\n<title>22ct Gold CZ Leaf Swirl Nose Pin | Screw Back | PureJewels UK<\/title>\n<meta name=\"description\" content=\"Shop the 22ct Gold CZ Leaf Swirl Nose Pin from PureJewels. Featuring a graceful leaf-inspired swirl and secure screw back design. Ideal for everyday elegance.\" \/>\n<meta name=\"robots\" content=\"index, follow, max-snippet:-1, max-image-preview:large, max-video-preview:-1\" \/>\n<link rel=\"canonical\" href=\"https:\/\/www.purejewels.com\/de\/produkt-2\/indische-gold-nase-pin-uk-2\/\" \/>\n<meta property=\"og:locale\" content=\"de_DE\" \/>\n<meta property=\"og:type\" content=\"article\" \/>\n<meta property=\"og:title\" content=\"22ct Gold CZ Leaf Swirl Nose Pin | Screw Back | PureJewels UK\" \/>\n<meta property=\"og:description\" content=\"Shop the 22ct Gold CZ Leaf Swirl Nose Pin from PureJewels. Featuring a graceful leaf-inspired swirl and secure screw back design. Ideal for everyday elegance.\" \/>\n<meta property=\"og:url\" content=\"https:\/\/www.purejewels.com\/de\/produkt-2\/indische-gold-nase-pin-uk-2\/\" \/>\n<meta property=\"og:site_name\" content=\"PureJewels UK\" \/>\n<meta property=\"article:modified_time\" content=\"2025-11-19T11:41:43+00:00\" \/>\n<meta property=\"og:image\" content=\"https:\/\/www.purejewels.com\/wp-content\/uploads\/2019\/02\/28860c10.png\" \/>\n\t<meta property=\"og:image:width\" content=\"1000\" \/>\n\t<meta property=\"og:image:height\" content=\"1000\" \/>\n\t<meta property=\"og:image:type\" content=\"image\/png\" \/>\n<meta name=\"twitter:card\" content=\"summary_large_image\" \/>\n<meta name=\"twitter:label1\" content=\"Gesch\u00e4tzte Lesezeit\" \/>\n\t<meta name=\"twitter:data1\" content=\"1\u00a0Minute\" \/>\n<script type=\"application\/ld+json\" class=\"yoast-schema-graph\">{\"@context\":\"https:\\\/\\\/schema.org\",\"@graph\":[{\"@type\":[\"WebPage\",\"ItemPage\"],\"@id\":\"https:\\\/\\\/www.purejewels.com\\\/product\\\/indian-gold-nose-pin-uk-2\\\/\",\"url\":\"https:\\\/\\\/www.purejewels.com\\\/product\\\/indian-gold-nose-pin-uk-2\\\/\",\"name\":\"22ct Gold CZ Leaf Swirl Nose Pin | Screw Back | PureJewels UK\",\"isPartOf\":{\"@id\":\"https:\\\/\\\/www.purejewels.com\\\/#website\"},\"primaryImageOfPage\":{\"@id\":\"https:\\\/\\\/www.purejewels.com\\\/product\\\/indian-gold-nose-pin-uk-2\\\/#primaryimage\"},\"image\":{\"@id\":\"https:\\\/\\\/www.purejewels.com\\\/product\\\/indian-gold-nose-pin-uk-2\\\/#primaryimage\"},\"thumbnailUrl\":\"https:\\\/\\\/static.purejewels.com\\\/wp-content\\\/uploads\\\/2019\\\/02\\\/28860c10.png\",\"datePublished\":\"2019-02-16T06:51:28+00:00\",\"dateModified\":\"2025-11-19T11:41:43+00:00\",\"description\":\"Shop the 22ct Gold CZ Leaf Swirl Nose Pin from PureJewels. Featuring a graceful leaf-inspired swirl and secure screw back design. Ideal for everyday elegance.\",\"breadcrumb\":{\"@id\":\"https:\\\/\\\/www.purejewels.com\\\/product\\\/indian-gold-nose-pin-uk-2\\\/#breadcrumb\"},\"inLanguage\":\"de\",\"potentialAction\":[{\"@type\":\"ReadAction\",\"target\":[\"https:\\\/\\\/www.purejewels.com\\\/product\\\/indian-gold-nose-pin-uk-2\\\/\"]}]},{\"@type\":\"ImageObject\",\"inLanguage\":\"de\",\"@id\":\"https:\\\/\\\/www.purejewels.com\\\/product\\\/indian-gold-nose-pin-uk-2\\\/#primaryimage\",\"url\":\"https:\\\/\\\/static.purejewels.com\\\/wp-content\\\/uploads\\\/2019\\\/02\\\/28860c10.png\",\"contentUrl\":\"https:\\\/\\\/static.purejewels.com\\\/wp-content\\\/uploads\\\/2019\\\/02\\\/28860c10.png\",\"width\":1000,\"height\":1000,\"caption\":\"28860c10\"},{\"@type\":\"BreadcrumbList\",\"@id\":\"https:\\\/\\\/www.purejewels.com\\\/product\\\/indian-gold-nose-pin-uk-2\\\/#breadcrumb\",\"itemListElement\":[{\"@type\":\"ListItem\",\"position\":1,\"name\":\"Home\",\"item\":\"https:\\\/\\\/www.purejewels.com\\\/\"},{\"@type\":\"ListItem\",\"position\":2,\"name\":\"Shop\",\"item\":\"https:\\\/\\\/www.purejewels.com\\\/shop\\\/\"},{\"@type\":\"ListItem\",\"position\":3,\"name\":\"22ct Gold CZ Leaf Swirl Nose Pin\"}]},{\"@type\":\"WebSite\",\"@id\":\"https:\\\/\\\/www.purejewels.com\\\/#website\",\"url\":\"https:\\\/\\\/www.purejewels.com\\\/\",\"name\":\"PureJewels UK\",\"description\":\"Share the Love\",\"publisher\":{\"@id\":\"https:\\\/\\\/www.purejewels.com\\\/#organization\"},\"potentialAction\":[{\"@type\":\"SearchAction\",\"target\":{\"@type\":\"EntryPoint\",\"urlTemplate\":\"https:\\\/\\\/www.purejewels.com\\\/?s={search_term_string}\"},\"query-input\":{\"@type\":\"PropertyValueSpecification\",\"valueRequired\":true,\"valueName\":\"search_term_string\"}}],\"inLanguage\":\"de\"},{\"@type\":\"Organization\",\"@id\":\"https:\\\/\\\/www.purejewels.com\\\/#organization\",\"name\":\"PureJewels UK\",\"url\":\"https:\\\/\\\/www.purejewels.com\\\/\",\"logo\":{\"@type\":\"ImageObject\",\"inLanguage\":\"de\",\"@id\":\"https:\\\/\\\/www.purejewels.com\\\/#\\\/schema\\\/logo\\\/image\\\/\",\"url\":\"https:\\\/\\\/static.purejewels.com\\\/wp-content\\\/uploads\\\/2020\\\/11\\\/Logo-PJ-New-1.png\",\"contentUrl\":\"https:\\\/\\\/static.purejewels.com\\\/wp-content\\\/uploads\\\/2020\\\/11\\\/Logo-PJ-New-1.png\",\"width\":150,\"height\":80,\"caption\":\"PureJewels UK\"},\"image\":{\"@id\":\"https:\\\/\\\/www.purejewels.com\\\/#\\\/schema\\\/logo\\\/image\\\/\"}}]}<\/script>\n<!-- \/ Yoast SEO plugin. -->","yoast_head_json":{"title":"22 Karat Gold CZ Blattwirbel Nasenstecker | Schraubverschluss | PureJewels UK","description":"Kaufen Sie den 22 Karat Gold CZ Leaf Swirl Nasenstecker von PureJewels. Mit einem anmutigen, von Bl\u00e4ttern inspirierten Wirbel und einem sicheren Schraubverschluss. Ideal f\u00fcr elegante Alltagslooks.","robots":{"index":"index","follow":"follow","max-snippet":"max-snippet:-1","max-image-preview":"max-image-preview:large","max-video-preview":"max-video-preview:-1"},"canonical":"https:\/\/www.purejewels.com\/de\/produkt-2\/indische-gold-nase-pin-uk-2\/","og_locale":"de_DE","og_type":"article","og_title":"22ct Gold CZ Leaf Swirl Nose Pin | Screw Back | PureJewels UK","og_description":"Shop the 22ct Gold CZ Leaf Swirl Nose Pin from PureJewels. Featuring a graceful leaf-inspired swirl and secure screw back design. Ideal for everyday elegance.","og_url":"https:\/\/www.purejewels.com\/de\/produkt-2\/indische-gold-nase-pin-uk-2\/","og_site_name":"PureJewels UK","article_modified_time":"2025-11-19T11:41:43+00:00","og_image":[{"width":1000,"height":1000,"url":"https:\/\/www.purejewels.com\/wp-content\/uploads\/2019\/02\/28860c10.png","type":"image\/png"}],"twitter_card":"summary_large_image","twitter_misc":{"Gesch\u00e4tzte Lesezeit":"1\u00a0Minute"},"schema":{"@context":"https:\/\/schema.org","@graph":[{"@type":["WebPage","ItemPage"],"@id":"https:\/\/www.purejewels.com\/product\/indian-gold-nose-pin-uk-2\/","url":"https:\/\/www.purejewels.com\/product\/indian-gold-nose-pin-uk-2\/","name":"22 Karat Gold CZ Blattwirbel Nasenstecker | Schraubverschluss | PureJewels UK","isPartOf":{"@id":"https:\/\/www.purejewels.com\/#website"},"primaryImageOfPage":{"@id":"https:\/\/www.purejewels.com\/product\/indian-gold-nose-pin-uk-2\/#primaryimage"},"image":{"@id":"https:\/\/www.purejewels.com\/product\/indian-gold-nose-pin-uk-2\/#primaryimage"},"thumbnailUrl":"https:\/\/static.purejewels.com\/wp-content\/uploads\/2019\/02\/28860c10.png","datePublished":"2019-02-16T06:51:28+00:00","dateModified":"2025-11-19T11:41:43+00:00","description":"Kaufen Sie den 22 Karat Gold CZ Leaf Swirl Nasenstecker von PureJewels. Mit einem anmutigen, von Bl\u00e4ttern inspirierten Wirbel und einem sicheren Schraubverschluss. Ideal f\u00fcr elegante Alltagslooks.","breadcrumb":{"@id":"https:\/\/www.purejewels.com\/product\/indian-gold-nose-pin-uk-2\/#breadcrumb"},"inLanguage":"de","potentialAction":[{"@type":"ReadAction","target":["https:\/\/www.purejewels.com\/product\/indian-gold-nose-pin-uk-2\/"]}]},{"@type":"ImageObject","inLanguage":"de","@id":"https:\/\/www.purejewels.com\/product\/indian-gold-nose-pin-uk-2\/#primaryimage","url":"https:\/\/static.purejewels.com\/wp-content\/uploads\/2019\/02\/28860c10.png","contentUrl":"https:\/\/static.purejewels.com\/wp-content\/uploads\/2019\/02\/28860c10.png","width":1000,"height":1000,"caption":"28860c10"},{"@type":"BreadcrumbList","@id":"https:\/\/www.purejewels.com\/product\/indian-gold-nose-pin-uk-2\/#breadcrumb","itemListElement":[{"@type":"ListItem","position":1,"name":"Home","item":"https:\/\/www.purejewels.com\/"},{"@type":"ListItem","position":2,"name":"Shop","item":"https:\/\/www.purejewels.com\/shop\/"},{"@type":"ListItem","position":3,"name":"22ct Gold CZ Leaf Swirl Nose Pin"}]},{"@type":"WebSite","@id":"https:\/\/www.purejewels.com\/#website","url":"https:\/\/www.purejewels.com\/","name":"PureJewels UK","description":"Teile die Liebe","publisher":{"@id":"https:\/\/www.purejewels.com\/#organization"},"potentialAction":[{"@type":"SearchAction","target":{"@type":"EntryPoint","urlTemplate":"https:\/\/www.purejewels.com\/?s={search_term_string}"},"query-input":{"@type":"PropertyValueSpecification","valueRequired":true,"valueName":"search_term_string"}}],"inLanguage":"de"},{"@type":"Organization","@id":"https:\/\/www.purejewels.com\/#organization","name":"PureJewels UK","url":"https:\/\/www.purejewels.com\/","logo":{"@type":"ImageObject","inLanguage":"de","@id":"https:\/\/www.purejewels.com\/#\/schema\/logo\/image\/","url":"https:\/\/static.purejewels.com\/wp-content\/uploads\/2020\/11\/Logo-PJ-New-1.png","contentUrl":"https:\/\/static.purejewels.com\/wp-content\/uploads\/2020\/11\/Logo-PJ-New-1.png","width":150,"height":80,"caption":"PureJewels UK"},"image":{"@id":"https:\/\/www.purejewels.com\/#\/schema\/logo\/image\/"}}]}},"_links":{"self":[{"href":"https:\/\/www.purejewels.com\/de\/wp-json\/wp\/v2\/product\/309266","targetHints":{"allow":["GET"]}}],"collection":[{"href":"https:\/\/www.purejewels.com\/de\/wp-json\/wp\/v2\/product"}],"about":[{"href":"https:\/\/www.purejewels.com\/de\/wp-json\/wp\/v2\/types\/product"}],"replies":[{"embeddable":true,"href":"https:\/\/www.purejewels.com\/de\/wp-json\/wp\/v2\/comments?post=309266"}],"version-history":[{"count":2,"href":"https:\/\/www.purejewels.com\/de\/wp-json\/wp\/v2\/product\/309266\/revisions"}],"predecessor-version":[{"id":421442,"href":"https:\/\/www.purejewels.com\/de\/wp-json\/wp\/v2\/product\/309266\/revisions\/421442"}],"wp:featuredmedia":[{"embeddable":true,"href":"https:\/\/www.purejewels.com\/de\/wp-json\/wp\/v2\/media\/309293"}],"wp:attachment":[{"href":"https:\/\/www.purejewels.com\/de\/wp-json\/wp\/v2\/media?parent=309266"}],"wp:term":[{"taxonomy":"product_brand","embeddable":true,"href":"https:\/\/www.purejewels.com\/de\/wp-json\/wp\/v2\/product_brand?post=309266"},{"taxonomy":"product_cat","embeddable":true,"href":"https:\/\/www.purejewels.com\/de\/wp-json\/wp\/v2\/product_cat?post=309266"},{"taxonomy":"product_tag","embeddable":true,"href":"https:\/\/www.purejewels.com\/de\/wp-json\/wp\/v2\/product_tag?post=309266"}],"curies":[{"name":"wp","href":"https:\/\/api.w.org\/{rel}","templated":true}]}}