{"id":309267,"date":"2019-02-16T06:49:07","date_gmt":"2019-02-16T06:49:07","guid":{"rendered":"https:\/\/www.purejewels.com\/?post_type=product&#038;p=309267"},"modified":"2025-11-19T11:30:01","modified_gmt":"2025-11-19T11:30:01","slug":"indische-gold-nase-pin-uk","status":"publish","type":"product","link":"https:\/\/www.purejewels.com\/de\/product\/indian-gold-nose-pin-uk\/","title":{"rendered":"22 Karat Gold CZ Starburst Nasenstecker"},"content":{"rendered":"<p data-start=\"392\" data-end=\"721\">Erh\u00f6hen Sie Ihren Alltagsstil mit unserem <strong data-start=\"459\" data-end=\"494\"><a href=\"https:\/\/www.purejewels.com\/de\/product\/22ct-gold-jali-filigree-ring-jali-collection-31926\/\">22ct<\/a> Gold CZ Starburst Nasenstecker<\/strong>. Dieses auff\u00e4llige Schmuckst\u00fcck aus strahlendem 22-kar\u00e4tigem Gelbgold besticht durch sein von Sternen inspiriertes Design, das mit funkelnden Zirkoniasteinen besetzt ist. Der Schraubverschluss sorgt f\u00fcr einen sicheren und bequemen Sitz und ist ideal f\u00fcr den ganzen Tag.<\/p>\n<p data-start=\"723\" data-end=\"966\">Dieser Nasenstecker ist perfekt f\u00fcr alle, die einen Hauch von Glanz in ihrem Look lieben. Er verbindet auf elegante Weise indische Tradition mit einem raffinierten modernen Touch. Ob f\u00fcr die Eleganz im Alltag oder festlichen Charme \u2013 er ist eine zeitlose Erg\u00e4nzung Ihrer Schmuckkollektion.<\/p>","protected":false},"excerpt":{"rendered":"<ul>\n<li>Indische Gold-Nasennadel UK<\/li>\n<li>Nasenstecker aus 22 Karat Gelbgold mit CZ-Steinen<\/li>\n<li>kommt mit Schraubverschluss<\/li>\n<li>SKU. 28862<\/li>\n<li>Schmuck f\u00fcr die Nase, geeignet f\u00fcr den t\u00e4glichen Gebrauch.<\/li>\n<li>Mit Pr\u00e4sentationsbox<\/li>\n<li>Kostenlose Lieferung in ganz UK<\/li>\n<li>Alle Preise inklusive Mehrwertsteuer<\/li>\n<li>\"Kontaktieren Sie uns\/Live-Chat mit uns f\u00fcr ein Video des Produkts\".<\/li>\n<\/ul>","protected":false},"featured_media":317901,"comment_status":"closed","ping_status":"closed","template":"","meta":{"_eb_attr":"","_crsspst_to_jayantr4sg-hostcom":false},"product_brand":[],"product_cat":[1711],"product_tag":[],"class_list":{"0":"post-309267","1":"product","2":"type-product","3":"status-publish","4":"has-post-thumbnail","6":"product_cat-gold-nose-studs","8":"first","9":"outofstock","10":"taxable","11":"shipping-taxable","12":"product-type-simple","13":"add-to-wishlist-before_image"},"yoast_head":"<!-- This site is optimized with the Yoast SEO plugin v27.3 - https:\/\/yoast.com\/product\/yoast-seo-wordpress\/ -->\n<title>22ct Gold CZ Starburst Nose Pin | PureJewels UK<\/title>\n<meta name=\"description\" content=\"Shop the 22ct Gold CZ Starburst Nose Pin at PureJewels. A radiant blend of traditional design and contemporary sparkle, perfect for daily elegance. UK delivery available.\" \/>\n<meta name=\"robots\" content=\"index, follow, max-snippet:-1, max-image-preview:large, max-video-preview:-1\" \/>\n<link rel=\"canonical\" href=\"https:\/\/www.purejewels.com\/de\/produkt-2\/indische-gold-nase-pin-uk\/\" \/>\n<meta property=\"og:locale\" content=\"de_DE\" \/>\n<meta property=\"og:type\" content=\"article\" \/>\n<meta property=\"og:title\" content=\"22ct Gold CZ Starburst Nose Pin | PureJewels UK\" \/>\n<meta property=\"og:description\" content=\"Shop the 22ct Gold CZ Starburst Nose Pin at PureJewels. A radiant blend of traditional design and contemporary sparkle, perfect for daily elegance. UK delivery available.\" \/>\n<meta property=\"og:url\" content=\"https:\/\/www.purejewels.com\/de\/produkt-2\/indische-gold-nase-pin-uk\/\" \/>\n<meta property=\"og:site_name\" content=\"PureJewels UK\" \/>\n<meta property=\"article:modified_time\" content=\"2025-11-19T11:30:01+00:00\" \/>\n<meta property=\"og:image\" content=\"https:\/\/www.purejewels.com\/wp-content\/uploads\/2019\/02\/28861c11.jpg\" \/>\n\t<meta property=\"og:image:width\" content=\"1000\" \/>\n\t<meta property=\"og:image:height\" content=\"1000\" \/>\n\t<meta property=\"og:image:type\" content=\"image\/jpeg\" \/>\n<meta name=\"twitter:card\" content=\"summary_large_image\" \/>\n<meta name=\"twitter:label1\" content=\"Gesch\u00e4tzte Lesezeit\" \/>\n\t<meta name=\"twitter:data1\" content=\"1\u00a0Minute\" \/>\n<script type=\"application\/ld+json\" class=\"yoast-schema-graph\">{\"@context\":\"https:\\\/\\\/schema.org\",\"@graph\":[{\"@type\":[\"WebPage\",\"ItemPage\"],\"@id\":\"https:\\\/\\\/www.purejewels.com\\\/product\\\/indian-gold-nose-pin-uk\\\/\",\"url\":\"https:\\\/\\\/www.purejewels.com\\\/product\\\/indian-gold-nose-pin-uk\\\/\",\"name\":\"22ct Gold CZ Starburst Nose Pin | PureJewels UK\",\"isPartOf\":{\"@id\":\"https:\\\/\\\/www.purejewels.com\\\/#website\"},\"primaryImageOfPage\":{\"@id\":\"https:\\\/\\\/www.purejewels.com\\\/product\\\/indian-gold-nose-pin-uk\\\/#primaryimage\"},\"image\":{\"@id\":\"https:\\\/\\\/www.purejewels.com\\\/product\\\/indian-gold-nose-pin-uk\\\/#primaryimage\"},\"thumbnailUrl\":\"https:\\\/\\\/static.purejewels.com\\\/wp-content\\\/uploads\\\/2019\\\/02\\\/28861c11.jpg\",\"datePublished\":\"2019-02-16T06:49:07+00:00\",\"dateModified\":\"2025-11-19T11:30:01+00:00\",\"description\":\"Shop the 22ct Gold CZ Starburst Nose Pin at PureJewels. A radiant blend of traditional design and contemporary sparkle, perfect for daily elegance. UK delivery available.\",\"breadcrumb\":{\"@id\":\"https:\\\/\\\/www.purejewels.com\\\/product\\\/indian-gold-nose-pin-uk\\\/#breadcrumb\"},\"inLanguage\":\"de\",\"potentialAction\":[{\"@type\":\"ReadAction\",\"target\":[\"https:\\\/\\\/www.purejewels.com\\\/product\\\/indian-gold-nose-pin-uk\\\/\"]}]},{\"@type\":\"ImageObject\",\"inLanguage\":\"de\",\"@id\":\"https:\\\/\\\/www.purejewels.com\\\/product\\\/indian-gold-nose-pin-uk\\\/#primaryimage\",\"url\":\"https:\\\/\\\/static.purejewels.com\\\/wp-content\\\/uploads\\\/2019\\\/02\\\/28861c11.jpg\",\"contentUrl\":\"https:\\\/\\\/static.purejewels.com\\\/wp-content\\\/uploads\\\/2019\\\/02\\\/28861c11.jpg\",\"width\":1000,\"height\":1000},{\"@type\":\"BreadcrumbList\",\"@id\":\"https:\\\/\\\/www.purejewels.com\\\/product\\\/indian-gold-nose-pin-uk\\\/#breadcrumb\",\"itemListElement\":[{\"@type\":\"ListItem\",\"position\":1,\"name\":\"Home\",\"item\":\"https:\\\/\\\/www.purejewels.com\\\/\"},{\"@type\":\"ListItem\",\"position\":2,\"name\":\"Shop\",\"item\":\"https:\\\/\\\/www.purejewels.com\\\/shop\\\/\"},{\"@type\":\"ListItem\",\"position\":3,\"name\":\"22ct Gold CZ Starburst Nose Pin\"}]},{\"@type\":\"WebSite\",\"@id\":\"https:\\\/\\\/www.purejewels.com\\\/#website\",\"url\":\"https:\\\/\\\/www.purejewels.com\\\/\",\"name\":\"PureJewels UK\",\"description\":\"Share the Love\",\"publisher\":{\"@id\":\"https:\\\/\\\/www.purejewels.com\\\/#organization\"},\"potentialAction\":[{\"@type\":\"SearchAction\",\"target\":{\"@type\":\"EntryPoint\",\"urlTemplate\":\"https:\\\/\\\/www.purejewels.com\\\/?s={search_term_string}\"},\"query-input\":{\"@type\":\"PropertyValueSpecification\",\"valueRequired\":true,\"valueName\":\"search_term_string\"}}],\"inLanguage\":\"de\"},{\"@type\":\"Organization\",\"@id\":\"https:\\\/\\\/www.purejewels.com\\\/#organization\",\"name\":\"PureJewels UK\",\"url\":\"https:\\\/\\\/www.purejewels.com\\\/\",\"logo\":{\"@type\":\"ImageObject\",\"inLanguage\":\"de\",\"@id\":\"https:\\\/\\\/www.purejewels.com\\\/#\\\/schema\\\/logo\\\/image\\\/\",\"url\":\"https:\\\/\\\/static.purejewels.com\\\/wp-content\\\/uploads\\\/2020\\\/11\\\/Logo-PJ-New-1.png\",\"contentUrl\":\"https:\\\/\\\/static.purejewels.com\\\/wp-content\\\/uploads\\\/2020\\\/11\\\/Logo-PJ-New-1.png\",\"width\":150,\"height\":80,\"caption\":\"PureJewels UK\"},\"image\":{\"@id\":\"https:\\\/\\\/www.purejewels.com\\\/#\\\/schema\\\/logo\\\/image\\\/\"}}]}<\/script>\n<!-- \/ Yoast SEO plugin. -->","yoast_head_json":{"title":"22 Karat Gold CZ Starburst Nasenpiercing | PureJewels UK","description":"Kaufen Sie den 22-kar\u00e4tigen Gold-CZ-Starburst-Nasenstift bei PureJewels. Eine strahlende Mischung aus traditionellem Design und zeitgen\u00f6ssischem Glanz, perfekt f\u00fcr t\u00e4gliche Eleganz. Lieferung innerhalb Gro\u00dfbritanniens m\u00f6glich.","robots":{"index":"index","follow":"follow","max-snippet":"max-snippet:-1","max-image-preview":"max-image-preview:large","max-video-preview":"max-video-preview:-1"},"canonical":"https:\/\/www.purejewels.com\/de\/produkt-2\/indische-gold-nase-pin-uk\/","og_locale":"de_DE","og_type":"article","og_title":"22ct Gold CZ Starburst Nose Pin | PureJewels UK","og_description":"Shop the 22ct Gold CZ Starburst Nose Pin at PureJewels. A radiant blend of traditional design and contemporary sparkle, perfect for daily elegance. UK delivery available.","og_url":"https:\/\/www.purejewels.com\/de\/produkt-2\/indische-gold-nase-pin-uk\/","og_site_name":"PureJewels UK","article_modified_time":"2025-11-19T11:30:01+00:00","og_image":[{"width":1000,"height":1000,"url":"https:\/\/www.purejewels.com\/wp-content\/uploads\/2019\/02\/28861c11.jpg","type":"image\/jpeg"}],"twitter_card":"summary_large_image","twitter_misc":{"Gesch\u00e4tzte Lesezeit":"1\u00a0Minute"},"schema":{"@context":"https:\/\/schema.org","@graph":[{"@type":["WebPage","ItemPage"],"@id":"https:\/\/www.purejewels.com\/product\/indian-gold-nose-pin-uk\/","url":"https:\/\/www.purejewels.com\/product\/indian-gold-nose-pin-uk\/","name":"22 Karat Gold CZ Starburst Nasenpiercing | PureJewels UK","isPartOf":{"@id":"https:\/\/www.purejewels.com\/#website"},"primaryImageOfPage":{"@id":"https:\/\/www.purejewels.com\/product\/indian-gold-nose-pin-uk\/#primaryimage"},"image":{"@id":"https:\/\/www.purejewels.com\/product\/indian-gold-nose-pin-uk\/#primaryimage"},"thumbnailUrl":"https:\/\/static.purejewels.com\/wp-content\/uploads\/2019\/02\/28861c11.jpg","datePublished":"2019-02-16T06:49:07+00:00","dateModified":"2025-11-19T11:30:01+00:00","description":"Kaufen Sie den 22-kar\u00e4tigen Gold-CZ-Starburst-Nasenstift bei PureJewels. Eine strahlende Mischung aus traditionellem Design und zeitgen\u00f6ssischem Glanz, perfekt f\u00fcr t\u00e4gliche Eleganz. Lieferung innerhalb Gro\u00dfbritanniens m\u00f6glich.","breadcrumb":{"@id":"https:\/\/www.purejewels.com\/product\/indian-gold-nose-pin-uk\/#breadcrumb"},"inLanguage":"de","potentialAction":[{"@type":"ReadAction","target":["https:\/\/www.purejewels.com\/product\/indian-gold-nose-pin-uk\/"]}]},{"@type":"ImageObject","inLanguage":"de","@id":"https:\/\/www.purejewels.com\/product\/indian-gold-nose-pin-uk\/#primaryimage","url":"https:\/\/static.purejewels.com\/wp-content\/uploads\/2019\/02\/28861c11.jpg","contentUrl":"https:\/\/static.purejewels.com\/wp-content\/uploads\/2019\/02\/28861c11.jpg","width":1000,"height":1000},{"@type":"BreadcrumbList","@id":"https:\/\/www.purejewels.com\/product\/indian-gold-nose-pin-uk\/#breadcrumb","itemListElement":[{"@type":"ListItem","position":1,"name":"Home","item":"https:\/\/www.purejewels.com\/"},{"@type":"ListItem","position":2,"name":"Shop","item":"https:\/\/www.purejewels.com\/shop\/"},{"@type":"ListItem","position":3,"name":"22ct Gold CZ Starburst Nose Pin"}]},{"@type":"WebSite","@id":"https:\/\/www.purejewels.com\/#website","url":"https:\/\/www.purejewels.com\/","name":"PureJewels UK","description":"Teile die Liebe","publisher":{"@id":"https:\/\/www.purejewels.com\/#organization"},"potentialAction":[{"@type":"SearchAction","target":{"@type":"EntryPoint","urlTemplate":"https:\/\/www.purejewels.com\/?s={search_term_string}"},"query-input":{"@type":"PropertyValueSpecification","valueRequired":true,"valueName":"search_term_string"}}],"inLanguage":"de"},{"@type":"Organization","@id":"https:\/\/www.purejewels.com\/#organization","name":"PureJewels UK","url":"https:\/\/www.purejewels.com\/","logo":{"@type":"ImageObject","inLanguage":"de","@id":"https:\/\/www.purejewels.com\/#\/schema\/logo\/image\/","url":"https:\/\/static.purejewels.com\/wp-content\/uploads\/2020\/11\/Logo-PJ-New-1.png","contentUrl":"https:\/\/static.purejewels.com\/wp-content\/uploads\/2020\/11\/Logo-PJ-New-1.png","width":150,"height":80,"caption":"PureJewels UK"},"image":{"@id":"https:\/\/www.purejewels.com\/#\/schema\/logo\/image\/"}}]}},"_links":{"self":[{"href":"https:\/\/www.purejewels.com\/de\/wp-json\/wp\/v2\/product\/309267","targetHints":{"allow":["GET"]}}],"collection":[{"href":"https:\/\/www.purejewels.com\/de\/wp-json\/wp\/v2\/product"}],"about":[{"href":"https:\/\/www.purejewels.com\/de\/wp-json\/wp\/v2\/types\/product"}],"replies":[{"embeddable":true,"href":"https:\/\/www.purejewels.com\/de\/wp-json\/wp\/v2\/comments?post=309267"}],"version-history":[{"count":2,"href":"https:\/\/www.purejewels.com\/de\/wp-json\/wp\/v2\/product\/309267\/revisions"}],"predecessor-version":[{"id":421433,"href":"https:\/\/www.purejewels.com\/de\/wp-json\/wp\/v2\/product\/309267\/revisions\/421433"}],"wp:featuredmedia":[{"embeddable":true,"href":"https:\/\/www.purejewels.com\/de\/wp-json\/wp\/v2\/media\/317901"}],"wp:attachment":[{"href":"https:\/\/www.purejewels.com\/de\/wp-json\/wp\/v2\/media?parent=309267"}],"wp:term":[{"taxonomy":"product_brand","embeddable":true,"href":"https:\/\/www.purejewels.com\/de\/wp-json\/wp\/v2\/product_brand?post=309267"},{"taxonomy":"product_cat","embeddable":true,"href":"https:\/\/www.purejewels.com\/de\/wp-json\/wp\/v2\/product_cat?post=309267"},{"taxonomy":"product_tag","embeddable":true,"href":"https:\/\/www.purejewels.com\/de\/wp-json\/wp\/v2\/product_tag?post=309267"}],"curies":[{"name":"wp","href":"https:\/\/api.w.org\/{rel}","templated":true}]}}