{"id":309271,"date":"2019-02-16T06:35:06","date_gmt":"2019-02-16T06:35:06","guid":{"rendered":"https:\/\/www.purejewels.com\/?post_type=product&#038;p=309271"},"modified":"2026-01-08T12:46:06","modified_gmt":"2026-01-08T12:46:06","slug":"nasenstecker-aus-22-karat-gelbgold-5","status":"publish","type":"product","link":"https:\/\/www.purejewels.com\/de\/product\/22ct-yellow-gold-nose-studs-5\/","title":{"rendered":"22-kar\u00e4tiges Gold Gedrehte L\u00fcnette Diamantschliff Nasenstecker"},"content":{"rendered":"<h4 data-start=\"680\" data-end=\"705\"><strong data-start=\"685\" data-end=\"703\">Designkonzept<\/strong><\/h4>\n<p data-start=\"706\" data-end=\"1032\">Die <a href=\"https:\/\/www.purejewels.com\/de\/product\/22ct-gold-jali-filigree-ring-jali-collection-31926\/\">22ct<\/a> Der goldene Nasenstecker mit gedrehter L\u00fcnette im Diamantschliff zelebriert eine flie\u00dfende Eleganz. Die spiralf\u00f6rmige L\u00fcnette umschlie\u00dft anmutig einen einzelnen strahlend wei\u00dfen Stein und bietet eine weiche und doch strukturierte \u00c4sthetik. Der gedrehte Goldrand verleiht ihm Tiefe und Charakter, w\u00e4hrend er die Brillanz des zentralen Steins hervorhebt - ein Symbol f\u00fcr ewige Sch\u00f6nheit.<\/p>\n<h4 data-start=\"1034\" data-end=\"1058\"><strong data-start=\"1039\" data-end=\"1056\">Handwerkliches K\u00f6nnen<\/strong><\/h4>\n<p data-start=\"1059\" data-end=\"1409\">Dieser fachm\u00e4nnisch in Handarbeit aus reinem 22-kar\u00e4tigem Gelbgold gefertigte Ohrstecker ist mit einem Qualit\u00e4tssiegel versehen und f\u00fcr ganzt\u00e4gigen Tragekomfort konzipiert. Die gedrehte Form der L\u00fcnette sorgt nicht nur f\u00fcr einen sicheren Halt, sondern reflektiert auch das Licht in sanften Wellen um den diamantgeschliffenen Stein und verleiht ihm aus jedem Blickwinkel ein subtiles Funkeln. Der sichere Schraubverschluss sorgt f\u00fcr ein sicheres Tragegef\u00fchl.<\/p>\n<h4 data-start=\"1411\" data-end=\"1435\"><strong data-start=\"1416\" data-end=\"1433\">Styling-Ideen<\/strong><\/h4>\n<p data-start=\"1436\" data-end=\"1713\">Dieser Ohrstecker eignet sich perfekt als t\u00e4glicher Schmuck oder als raffinierter Festtagsschmuck und l\u00e4sst sich wunderbar mit minimalistischem Goldschmuck oder klassischer Ethno-Kleidung kombinieren. Er eignet sich ideal als Geschenk oder als erster Ohrstecker und bietet stillen Luxus, der solo oder zusammen mit passenden Goldakzenten f\u00fcr einen stimmigen Look getragen werden kann.<\/p>","protected":false},"excerpt":{"rendered":"<p>Dieser elegante Nasenstecker aus 22-kar\u00e4tigem Gold zeigt einen strahlenden Stein im Diamantschliff, der von einer gedrehten L\u00fcnette umgeben ist. Ein anmutiges Design f\u00fcr moderne Minimalisten und Traditionsliebhaber gleicherma\u00dfen.<\/p>\n<ul>\n<li>Nasenstecker aus 22 kt Gelbgold<\/li>\n<li>Besetzt mit kubischen Zirkonias<\/li>\n<li>kommt mit Schraubverschluss<\/li>\n<li>SKU. 28856_s1<\/li>\n<li>Schmuck f\u00fcr die Nase, geeignet f\u00fcr den t\u00e4glichen Gebrauch.<\/li>\n<li>Mit Pr\u00e4sentationsbox<\/li>\n<li>Kostenlose Lieferung in ganz UK<\/li>\n<li>Alle Preise inklusive Mehrwertsteuer<\/li>\n<li>\"Kontaktieren Sie uns\/Live-Chat mit uns f\u00fcr ein Video des Produkts\".<\/li>\n<\/ul>","protected":false},"featured_media":309290,"comment_status":"closed","ping_status":"closed","template":"","meta":{"_eb_attr":"","_crsspst_to_jayantr4sg-hostcom":false},"product_brand":[],"product_cat":[1711],"product_tag":[],"class_list":{"0":"post-309271","1":"product","2":"type-product","3":"status-publish","4":"has-post-thumbnail","6":"product_cat-gold-nose-studs","8":"first","9":"outofstock","10":"taxable","11":"shipping-taxable","12":"product-type-simple","13":"add-to-wishlist-before_image"},"yoast_head":"<!-- This site is optimized with the Yoast SEO plugin v27.3 - https:\/\/yoast.com\/product\/yoast-seo-wordpress\/ -->\n<title>Elegant Gold Nose Stud with Spiral Bezel &amp; Sparkling Stone \u2013 22ct<\/title>\n<meta name=\"description\" content=\"Adorn yourself with this 22ct gold nose stud featuring a diamond-cut white stone in a twisted bezel. A timeless piece for everyday elegance or special occasions.\" \/>\n<meta name=\"robots\" content=\"index, follow, max-snippet:-1, max-image-preview:large, max-video-preview:-1\" \/>\n<link rel=\"canonical\" href=\"https:\/\/www.purejewels.com\/de\/produkt-2\/nasenstecker-aus-22-karat-gelbgold-5\/\" \/>\n<meta property=\"og:locale\" content=\"de_DE\" \/>\n<meta property=\"og:type\" content=\"article\" \/>\n<meta property=\"og:title\" content=\"Elegant Gold Nose Stud with Spiral Bezel &amp; Sparkling Stone \u2013 22ct\" \/>\n<meta property=\"og:description\" content=\"Adorn yourself with this 22ct gold nose stud featuring a diamond-cut white stone in a twisted bezel. A timeless piece for everyday elegance or special occasions.\" \/>\n<meta property=\"og:url\" content=\"https:\/\/www.purejewels.com\/de\/produkt-2\/nasenstecker-aus-22-karat-gelbgold-5\/\" \/>\n<meta property=\"og:site_name\" content=\"PureJewels UK\" \/>\n<meta property=\"article:modified_time\" content=\"2026-01-08T12:46:06+00:00\" \/>\n<meta property=\"og:image\" content=\"https:\/\/static.purejewels.com\/wp-content\/uploads\/2019\/02\/28856s1.png\" \/>\n\t<meta property=\"og:image:width\" content=\"1000\" \/>\n\t<meta property=\"og:image:height\" content=\"1000\" \/>\n\t<meta property=\"og:image:type\" content=\"image\/png\" \/>\n<meta name=\"twitter:card\" content=\"summary_large_image\" \/>\n<meta name=\"twitter:label1\" content=\"Gesch\u00e4tzte Lesezeit\" \/>\n\t<meta name=\"twitter:data1\" content=\"1\u00a0Minute\" \/>\n<script type=\"application\/ld+json\" class=\"yoast-schema-graph\">{\"@context\":\"https:\\\/\\\/schema.org\",\"@graph\":[{\"@type\":[\"WebPage\",\"ItemPage\"],\"@id\":\"https:\\\/\\\/www.purejewels.com\\\/product\\\/22ct-yellow-gold-nose-studs-5\\\/\",\"url\":\"https:\\\/\\\/www.purejewels.com\\\/product\\\/22ct-yellow-gold-nose-studs-5\\\/\",\"name\":\"Elegant Gold Nose Stud with Spiral Bezel & Sparkling Stone \u2013 22ct\",\"isPartOf\":{\"@id\":\"https:\\\/\\\/www.purejewels.com\\\/#website\"},\"primaryImageOfPage\":{\"@id\":\"https:\\\/\\\/www.purejewels.com\\\/product\\\/22ct-yellow-gold-nose-studs-5\\\/#primaryimage\"},\"image\":{\"@id\":\"https:\\\/\\\/www.purejewels.com\\\/product\\\/22ct-yellow-gold-nose-studs-5\\\/#primaryimage\"},\"thumbnailUrl\":\"https:\\\/\\\/static.purejewels.com\\\/wp-content\\\/uploads\\\/2019\\\/02\\\/28856s1.png\",\"datePublished\":\"2019-02-16T06:35:06+00:00\",\"dateModified\":\"2026-01-08T12:46:06+00:00\",\"description\":\"Adorn yourself with this 22ct gold nose stud featuring a diamond-cut white stone in a twisted bezel. A timeless piece for everyday elegance or special occasions.\",\"breadcrumb\":{\"@id\":\"https:\\\/\\\/www.purejewels.com\\\/product\\\/22ct-yellow-gold-nose-studs-5\\\/#breadcrumb\"},\"inLanguage\":\"de\",\"potentialAction\":[{\"@type\":\"ReadAction\",\"target\":[\"https:\\\/\\\/www.purejewels.com\\\/product\\\/22ct-yellow-gold-nose-studs-5\\\/\"]}]},{\"@type\":\"ImageObject\",\"inLanguage\":\"de\",\"@id\":\"https:\\\/\\\/www.purejewels.com\\\/product\\\/22ct-yellow-gold-nose-studs-5\\\/#primaryimage\",\"url\":\"https:\\\/\\\/static.purejewels.com\\\/wp-content\\\/uploads\\\/2019\\\/02\\\/28856s1.png\",\"contentUrl\":\"https:\\\/\\\/static.purejewels.com\\\/wp-content\\\/uploads\\\/2019\\\/02\\\/28856s1.png\",\"width\":1000,\"height\":1000,\"caption\":\"28856s1\"},{\"@type\":\"BreadcrumbList\",\"@id\":\"https:\\\/\\\/www.purejewels.com\\\/product\\\/22ct-yellow-gold-nose-studs-5\\\/#breadcrumb\",\"itemListElement\":[{\"@type\":\"ListItem\",\"position\":1,\"name\":\"Home\",\"item\":\"https:\\\/\\\/www.purejewels.com\\\/\"},{\"@type\":\"ListItem\",\"position\":2,\"name\":\"Shop\",\"item\":\"https:\\\/\\\/www.purejewels.com\\\/shop\\\/\"},{\"@type\":\"ListItem\",\"position\":3,\"name\":\"22ct Gold Twisted Bezel Diamond-Cut Nose Stud\"}]},{\"@type\":\"WebSite\",\"@id\":\"https:\\\/\\\/www.purejewels.com\\\/#website\",\"url\":\"https:\\\/\\\/www.purejewels.com\\\/\",\"name\":\"PureJewels UK\",\"description\":\"Share the Love\",\"publisher\":{\"@id\":\"https:\\\/\\\/www.purejewels.com\\\/#organization\"},\"potentialAction\":[{\"@type\":\"SearchAction\",\"target\":{\"@type\":\"EntryPoint\",\"urlTemplate\":\"https:\\\/\\\/www.purejewels.com\\\/?s={search_term_string}\"},\"query-input\":{\"@type\":\"PropertyValueSpecification\",\"valueRequired\":true,\"valueName\":\"search_term_string\"}}],\"inLanguage\":\"de\"},{\"@type\":\"Organization\",\"@id\":\"https:\\\/\\\/www.purejewels.com\\\/#organization\",\"name\":\"PureJewels UK\",\"url\":\"https:\\\/\\\/www.purejewels.com\\\/\",\"logo\":{\"@type\":\"ImageObject\",\"inLanguage\":\"de\",\"@id\":\"https:\\\/\\\/www.purejewels.com\\\/#\\\/schema\\\/logo\\\/image\\\/\",\"url\":\"https:\\\/\\\/static.purejewels.com\\\/wp-content\\\/uploads\\\/2020\\\/11\\\/Logo-PJ-New-1.png\",\"contentUrl\":\"https:\\\/\\\/static.purejewels.com\\\/wp-content\\\/uploads\\\/2020\\\/11\\\/Logo-PJ-New-1.png\",\"width\":150,\"height\":80,\"caption\":\"PureJewels UK\"},\"image\":{\"@id\":\"https:\\\/\\\/www.purejewels.com\\\/#\\\/schema\\\/logo\\\/image\\\/\"}}]}<\/script>\n<!-- \/ Yoast SEO plugin. -->","yoast_head_json":{"title":"Eleganter Nasenstecker aus Gold mit spiralf\u00f6rmiger L\u00fcnette und funkelndem Stein - 22ct","description":"Schm\u00fccken Sie sich mit diesem Nasenstecker aus 22 Karat Gold mit einem wei\u00dfen Stein im Diamantschliff in einer gedrehten L\u00fcnette. Ein zeitloses St\u00fcck f\u00fcr die Eleganz des Alltags oder f\u00fcr besondere Anl\u00e4sse.","robots":{"index":"index","follow":"follow","max-snippet":"max-snippet:-1","max-image-preview":"max-image-preview:large","max-video-preview":"max-video-preview:-1"},"canonical":"https:\/\/www.purejewels.com\/de\/produkt-2\/nasenstecker-aus-22-karat-gelbgold-5\/","og_locale":"de_DE","og_type":"article","og_title":"Elegant Gold Nose Stud with Spiral Bezel & Sparkling Stone \u2013 22ct","og_description":"Adorn yourself with this 22ct gold nose stud featuring a diamond-cut white stone in a twisted bezel. A timeless piece for everyday elegance or special occasions.","og_url":"https:\/\/www.purejewels.com\/de\/produkt-2\/nasenstecker-aus-22-karat-gelbgold-5\/","og_site_name":"PureJewels UK","article_modified_time":"2026-01-08T12:46:06+00:00","og_image":[{"width":1000,"height":1000,"url":"https:\/\/static.purejewels.com\/wp-content\/uploads\/2019\/02\/28856s1.png","type":"image\/png"}],"twitter_card":"summary_large_image","twitter_misc":{"Gesch\u00e4tzte Lesezeit":"1\u00a0Minute"},"schema":{"@context":"https:\/\/schema.org","@graph":[{"@type":["WebPage","ItemPage"],"@id":"https:\/\/www.purejewels.com\/product\/22ct-yellow-gold-nose-studs-5\/","url":"https:\/\/www.purejewels.com\/product\/22ct-yellow-gold-nose-studs-5\/","name":"Eleganter Nasenstecker aus Gold mit spiralf\u00f6rmiger L\u00fcnette und funkelndem Stein - 22ct","isPartOf":{"@id":"https:\/\/www.purejewels.com\/#website"},"primaryImageOfPage":{"@id":"https:\/\/www.purejewels.com\/product\/22ct-yellow-gold-nose-studs-5\/#primaryimage"},"image":{"@id":"https:\/\/www.purejewels.com\/product\/22ct-yellow-gold-nose-studs-5\/#primaryimage"},"thumbnailUrl":"https:\/\/static.purejewels.com\/wp-content\/uploads\/2019\/02\/28856s1.png","datePublished":"2019-02-16T06:35:06+00:00","dateModified":"2026-01-08T12:46:06+00:00","description":"Schm\u00fccken Sie sich mit diesem Nasenstecker aus 22 Karat Gold mit einem wei\u00dfen Stein im Diamantschliff in einer gedrehten L\u00fcnette. Ein zeitloses St\u00fcck f\u00fcr die Eleganz des Alltags oder f\u00fcr besondere Anl\u00e4sse.","breadcrumb":{"@id":"https:\/\/www.purejewels.com\/product\/22ct-yellow-gold-nose-studs-5\/#breadcrumb"},"inLanguage":"de","potentialAction":[{"@type":"ReadAction","target":["https:\/\/www.purejewels.com\/product\/22ct-yellow-gold-nose-studs-5\/"]}]},{"@type":"ImageObject","inLanguage":"de","@id":"https:\/\/www.purejewels.com\/product\/22ct-yellow-gold-nose-studs-5\/#primaryimage","url":"https:\/\/static.purejewels.com\/wp-content\/uploads\/2019\/02\/28856s1.png","contentUrl":"https:\/\/static.purejewels.com\/wp-content\/uploads\/2019\/02\/28856s1.png","width":1000,"height":1000,"caption":"28856s1"},{"@type":"BreadcrumbList","@id":"https:\/\/www.purejewels.com\/product\/22ct-yellow-gold-nose-studs-5\/#breadcrumb","itemListElement":[{"@type":"ListItem","position":1,"name":"Home","item":"https:\/\/www.purejewels.com\/"},{"@type":"ListItem","position":2,"name":"Shop","item":"https:\/\/www.purejewels.com\/shop\/"},{"@type":"ListItem","position":3,"name":"22ct Gold Twisted Bezel Diamond-Cut Nose Stud"}]},{"@type":"WebSite","@id":"https:\/\/www.purejewels.com\/#website","url":"https:\/\/www.purejewels.com\/","name":"PureJewels UK","description":"Teile die Liebe","publisher":{"@id":"https:\/\/www.purejewels.com\/#organization"},"potentialAction":[{"@type":"SearchAction","target":{"@type":"EntryPoint","urlTemplate":"https:\/\/www.purejewels.com\/?s={search_term_string}"},"query-input":{"@type":"PropertyValueSpecification","valueRequired":true,"valueName":"search_term_string"}}],"inLanguage":"de"},{"@type":"Organization","@id":"https:\/\/www.purejewels.com\/#organization","name":"PureJewels UK","url":"https:\/\/www.purejewels.com\/","logo":{"@type":"ImageObject","inLanguage":"de","@id":"https:\/\/www.purejewels.com\/#\/schema\/logo\/image\/","url":"https:\/\/static.purejewels.com\/wp-content\/uploads\/2020\/11\/Logo-PJ-New-1.png","contentUrl":"https:\/\/static.purejewels.com\/wp-content\/uploads\/2020\/11\/Logo-PJ-New-1.png","width":150,"height":80,"caption":"PureJewels UK"},"image":{"@id":"https:\/\/www.purejewels.com\/#\/schema\/logo\/image\/"}}]}},"_links":{"self":[{"href":"https:\/\/www.purejewels.com\/de\/wp-json\/wp\/v2\/product\/309271","targetHints":{"allow":["GET"]}}],"collection":[{"href":"https:\/\/www.purejewels.com\/de\/wp-json\/wp\/v2\/product"}],"about":[{"href":"https:\/\/www.purejewels.com\/de\/wp-json\/wp\/v2\/types\/product"}],"replies":[{"embeddable":true,"href":"https:\/\/www.purejewels.com\/de\/wp-json\/wp\/v2\/comments?post=309271"}],"version-history":[{"count":2,"href":"https:\/\/www.purejewels.com\/de\/wp-json\/wp\/v2\/product\/309271\/revisions"}],"predecessor-version":[{"id":424363,"href":"https:\/\/www.purejewels.com\/de\/wp-json\/wp\/v2\/product\/309271\/revisions\/424363"}],"wp:featuredmedia":[{"embeddable":true,"href":"https:\/\/www.purejewels.com\/de\/wp-json\/wp\/v2\/media\/309290"}],"wp:attachment":[{"href":"https:\/\/www.purejewels.com\/de\/wp-json\/wp\/v2\/media?parent=309271"}],"wp:term":[{"taxonomy":"product_brand","embeddable":true,"href":"https:\/\/www.purejewels.com\/de\/wp-json\/wp\/v2\/product_brand?post=309271"},{"taxonomy":"product_cat","embeddable":true,"href":"https:\/\/www.purejewels.com\/de\/wp-json\/wp\/v2\/product_cat?post=309271"},{"taxonomy":"product_tag","embeddable":true,"href":"https:\/\/www.purejewels.com\/de\/wp-json\/wp\/v2\/product_tag?post=309271"}],"curies":[{"name":"wp","href":"https:\/\/api.w.org\/{rel}","templated":true}]}}