{"id":309274,"date":"2019-02-16T06:24:30","date_gmt":"2019-02-16T06:24:30","guid":{"rendered":"https:\/\/www.purejewels.com\/?post_type=product&#038;p=309274"},"modified":"2026-01-08T11:43:14","modified_gmt":"2026-01-08T11:43:14","slug":"nasenstecker-aus-22-karat-gelbgold-3","status":"publish","type":"product","link":"https:\/\/www.purejewels.com\/de\/product\/22ct-yellow-gold-nose-studs-3\/","title":{"rendered":"22 Karat Gold Perlenklauen-Nasenstecker"},"content":{"rendered":"<h4 data-start=\"706\" data-end=\"731\"><strong data-start=\"711\" data-end=\"729\">Designkonzept<\/strong><\/h4>\n<p data-start=\"732\" data-end=\"1075\">Die <strong data-start=\"736\" data-end=\"774\"><a href=\"https:\/\/www.purejewels.com\/de\/product\/22ct-gold-jali-filigree-ring-jali-collection-31926\/\">22ct<\/a> Goldperlen-Nasenstecker mit Krallenfassung<\/strong> f\u00e4ngt die Sch\u00f6nheit der Schlichtheit ein. Er wurde entworfen, um die nat\u00fcrliche Eleganz zu betonen, und besteht aus einem einzigen leuchtenden wei\u00dfen Stein, der an eine Perle erinnert und in einer klassischen sechszackigen Krallenfassung befestigt ist. Das Design ist zeitlos, raffiniert und unaufdringlich und damit perfekt f\u00fcr alle, die Eleganz mit subtilem Charme bevorzugen.<\/p>\n<h4 data-start=\"1077\" data-end=\"1101\"><strong data-start=\"1082\" data-end=\"1099\">Handwerkliches K\u00f6nnen<\/strong><\/h4>\n<p data-start=\"1102\" data-end=\"1431\">Dieser aus reinem 22-kar\u00e4tigem Gelbgold gefertigte Ohrstecker ist eine Hommage an Pr\u00e4zision und Reinheit. Die Krallenfassung gew\u00e4hrleistet sowohl Sicherheit als auch Sichtbarkeit des Steins, w\u00e4hrend die Schraubfassung f\u00fcr Komfort und einfaches Tragen sorgt. Dieses mit einem Echtheitszertifikat versehene Schmuckst\u00fcck wird von Kunsthandwerkern, die das handwerkliche Erbe von PureJewels ehren, mit Sorgfalt hergestellt.<\/p>\n<h4 data-start=\"1433\" data-end=\"1457\"><strong data-start=\"1438\" data-end=\"1455\">Styling-Ideen<\/strong><\/h4>\n<p data-start=\"1458\" data-end=\"1745\">Tragen Sie dieses St\u00fcck solo f\u00fcr einen schlichten Alltagslook oder kombinieren Sie es mit goldenen Nieten oder Reifen f\u00fcr einen mehrschichtigen Effekt. Er passt auch wunderbar zu traditioneller indischer Kleidung und ist somit eine vielseitige Option f\u00fcr Freizeitkleidung und festliche Anl\u00e4sse. Ideal als erster Nasenstecker oder als liebevolles Geschenk.<\/p>","protected":false},"excerpt":{"rendered":"<p>Dieser zarte Nasenstecker aus 22-kar\u00e4tigem Gold tr\u00e4gt eine strahlende Perle in einer klassischen Krallenfassung. Eine anmutige Mischung aus Minimalismus und Tradition, ideal f\u00fcr das t\u00e4gliche oder traditionelle Tragen.<\/p>\n<ul>\n<li>Nasenstecker aus 22 kt Gelbgold<\/li>\n<li>mit Perlenstein<\/li>\n<li>kommt mit Schraubverschluss<\/li>\n<li>Abmessungen (ca.) \u2192 L\u00e4nge des Stiels. 6 mm , Dicke des Stiels. 0,8 mm ,<\/li>\n<li>Rohrdicke. 1 mm<\/li>\n<li>SKU. 28855_s2<\/li>\n<li>Schmuck f\u00fcr die Nase, geeignet f\u00fcr den t\u00e4glichen Gebrauch.<\/li>\n<li>Mit Pr\u00e4sentationsbox<\/li>\n<li>Kostenlose Lieferung in ganz UK<\/li>\n<li>Alle Preise inklusive Mehrwertsteuer<\/li>\n<li>Kontaktieren Sie uns \/ Live-Chat mit uns zu erkunden \u00e4hnliche Designs von 22ct Gold Nose Studs<\/li>\n<\/ul>","protected":false},"featured_media":309288,"comment_status":"closed","ping_status":"closed","template":"","meta":{"_eb_attr":"","_crsspst_to_jayantr4sg-hostcom":false},"product_brand":[],"product_cat":[1711,1574],"product_tag":[],"class_list":{"0":"post-309274","1":"product","2":"type-product","3":"status-publish","4":"has-post-thumbnail","6":"product_cat-gold-nose-studs","7":"product_cat-womens-jewellery","9":"first","10":"outofstock","11":"taxable","12":"shipping-taxable","13":"product-type-simple","14":"add-to-wishlist-before_image"},"yoast_head":"<!-- This site is optimized with the Yoast SEO plugin v27.5 - https:\/\/yoast.com\/product\/yoast-seo-wordpress\/ -->\n<title>Elegant 22ct Gold Pearl Nose Stud | PureJewels UK<\/title>\n<meta name=\"description\" content=\"Discover a timeless 22ct gold nose stud featuring a luminous pearl in a classic claw setting. A refined touch for everyday elegance or special occasions.\" \/>\n<meta name=\"robots\" content=\"index, follow, max-snippet:-1, max-image-preview:large, max-video-preview:-1\" \/>\n<link rel=\"canonical\" href=\"https:\/\/www.purejewels.com\/de\/produkt-2\/nasenstecker-aus-22-karat-gelbgold-3\/\" \/>\n<meta property=\"og:locale\" content=\"de_DE\" \/>\n<meta property=\"og:type\" content=\"article\" \/>\n<meta property=\"og:title\" content=\"Elegant 22ct Gold Pearl Nose Stud | PureJewels UK\" \/>\n<meta property=\"og:description\" content=\"Discover a timeless 22ct gold nose stud featuring a luminous pearl in a classic claw setting. A refined touch for everyday elegance or special occasions.\" \/>\n<meta property=\"og:url\" content=\"https:\/\/www.purejewels.com\/de\/produkt-2\/nasenstecker-aus-22-karat-gelbgold-3\/\" \/>\n<meta property=\"og:site_name\" content=\"PureJewels UK\" \/>\n<meta property=\"article:modified_time\" content=\"2026-01-08T11:43:14+00:00\" \/>\n<meta property=\"og:image\" content=\"https:\/\/static.purejewels.com\/wp-content\/uploads\/2019\/02\/28855s2.png\" \/>\n\t<meta property=\"og:image:width\" content=\"1000\" \/>\n\t<meta property=\"og:image:height\" content=\"1000\" \/>\n\t<meta property=\"og:image:type\" content=\"image\/png\" \/>\n<meta name=\"twitter:card\" content=\"summary_large_image\" \/>\n<meta name=\"twitter:label1\" content=\"Gesch\u00e4tzte Lesezeit\" \/>\n\t<meta name=\"twitter:data1\" content=\"1\u00a0Minute\" \/>\n<script type=\"application\/ld+json\" class=\"yoast-schema-graph\">{\"@context\":\"https:\\\/\\\/schema.org\",\"@graph\":[{\"@type\":[\"WebPage\",\"ItemPage\"],\"@id\":\"https:\\\/\\\/www.purejewels.com\\\/product\\\/22ct-yellow-gold-nose-studs-3\\\/\",\"url\":\"https:\\\/\\\/www.purejewels.com\\\/product\\\/22ct-yellow-gold-nose-studs-3\\\/\",\"name\":\"Elegant 22ct Gold Pearl Nose Stud | PureJewels UK\",\"isPartOf\":{\"@id\":\"https:\\\/\\\/www.purejewels.com\\\/#website\"},\"primaryImageOfPage\":{\"@id\":\"https:\\\/\\\/www.purejewels.com\\\/product\\\/22ct-yellow-gold-nose-studs-3\\\/#primaryimage\"},\"image\":{\"@id\":\"https:\\\/\\\/www.purejewels.com\\\/product\\\/22ct-yellow-gold-nose-studs-3\\\/#primaryimage\"},\"thumbnailUrl\":\"https:\\\/\\\/static.purejewels.com\\\/wp-content\\\/uploads\\\/2019\\\/02\\\/28855s2.png\",\"datePublished\":\"2019-02-16T06:24:30+00:00\",\"dateModified\":\"2026-01-08T11:43:14+00:00\",\"description\":\"Discover a timeless 22ct gold nose stud featuring a luminous pearl in a classic claw setting. A refined touch for everyday elegance or special occasions.\",\"breadcrumb\":{\"@id\":\"https:\\\/\\\/www.purejewels.com\\\/product\\\/22ct-yellow-gold-nose-studs-3\\\/#breadcrumb\"},\"inLanguage\":\"de\",\"potentialAction\":[{\"@type\":\"ReadAction\",\"target\":[\"https:\\\/\\\/www.purejewels.com\\\/product\\\/22ct-yellow-gold-nose-studs-3\\\/\"]}]},{\"@type\":\"ImageObject\",\"inLanguage\":\"de\",\"@id\":\"https:\\\/\\\/www.purejewels.com\\\/product\\\/22ct-yellow-gold-nose-studs-3\\\/#primaryimage\",\"url\":\"https:\\\/\\\/static.purejewels.com\\\/wp-content\\\/uploads\\\/2019\\\/02\\\/28855s2.png\",\"contentUrl\":\"https:\\\/\\\/static.purejewels.com\\\/wp-content\\\/uploads\\\/2019\\\/02\\\/28855s2.png\",\"width\":1000,\"height\":1000,\"caption\":\"28855s2\"},{\"@type\":\"BreadcrumbList\",\"@id\":\"https:\\\/\\\/www.purejewels.com\\\/product\\\/22ct-yellow-gold-nose-studs-3\\\/#breadcrumb\",\"itemListElement\":[{\"@type\":\"ListItem\",\"position\":1,\"name\":\"Home\",\"item\":\"https:\\\/\\\/www.purejewels.com\\\/\"},{\"@type\":\"ListItem\",\"position\":2,\"name\":\"Shop\",\"item\":\"https:\\\/\\\/www.purejewels.com\\\/shop\\\/\"},{\"@type\":\"ListItem\",\"position\":3,\"name\":\"22ct Gold Pearl Claw-Set Nose Stud\"}]},{\"@type\":\"WebSite\",\"@id\":\"https:\\\/\\\/www.purejewels.com\\\/#website\",\"url\":\"https:\\\/\\\/www.purejewels.com\\\/\",\"name\":\"PureJewels UK\",\"description\":\"Share the Love\",\"publisher\":{\"@id\":\"https:\\\/\\\/www.purejewels.com\\\/#organization\"},\"potentialAction\":[{\"@type\":\"SearchAction\",\"target\":{\"@type\":\"EntryPoint\",\"urlTemplate\":\"https:\\\/\\\/www.purejewels.com\\\/?s={search_term_string}\"},\"query-input\":{\"@type\":\"PropertyValueSpecification\",\"valueRequired\":true,\"valueName\":\"search_term_string\"}}],\"inLanguage\":\"de\"},{\"@type\":\"Organization\",\"@id\":\"https:\\\/\\\/www.purejewels.com\\\/#organization\",\"name\":\"PureJewels UK\",\"url\":\"https:\\\/\\\/www.purejewels.com\\\/\",\"logo\":{\"@type\":\"ImageObject\",\"inLanguage\":\"de\",\"@id\":\"https:\\\/\\\/www.purejewels.com\\\/#\\\/schema\\\/logo\\\/image\\\/\",\"url\":\"https:\\\/\\\/static.purejewels.com\\\/wp-content\\\/uploads\\\/2020\\\/11\\\/Logo-PJ-New-1.png\",\"contentUrl\":\"https:\\\/\\\/static.purejewels.com\\\/wp-content\\\/uploads\\\/2020\\\/11\\\/Logo-PJ-New-1.png\",\"width\":150,\"height\":80,\"caption\":\"PureJewels UK\"},\"image\":{\"@id\":\"https:\\\/\\\/www.purejewels.com\\\/#\\\/schema\\\/logo\\\/image\\\/\"}}]}<\/script>\n<!-- \/ Yoast SEO plugin. -->","yoast_head_json":{"title":"Eleganter 22ct Gold Perlen Nasenstecker | PureJewels UK","description":"Entdecken Sie einen zeitlosen Nasenstecker aus 22 Karat Gold mit einer leuchtenden Perle in einer klassischen Krallenfassung. Eine raffinierte Note f\u00fcr die Eleganz des Alltags oder besondere Anl\u00e4sse.","robots":{"index":"index","follow":"follow","max-snippet":"max-snippet:-1","max-image-preview":"max-image-preview:large","max-video-preview":"max-video-preview:-1"},"canonical":"https:\/\/www.purejewels.com\/de\/produkt-2\/nasenstecker-aus-22-karat-gelbgold-3\/","og_locale":"de_DE","og_type":"article","og_title":"Elegant 22ct Gold Pearl Nose Stud | PureJewels UK","og_description":"Discover a timeless 22ct gold nose stud featuring a luminous pearl in a classic claw setting. A refined touch for everyday elegance or special occasions.","og_url":"https:\/\/www.purejewels.com\/de\/produkt-2\/nasenstecker-aus-22-karat-gelbgold-3\/","og_site_name":"PureJewels UK","article_modified_time":"2026-01-08T11:43:14+00:00","og_image":[{"width":1000,"height":1000,"url":"https:\/\/static.purejewels.com\/wp-content\/uploads\/2019\/02\/28855s2.png","type":"image\/png"}],"twitter_card":"summary_large_image","twitter_misc":{"Gesch\u00e4tzte Lesezeit":"1\u00a0Minute"},"schema":{"@context":"https:\/\/schema.org","@graph":[{"@type":["WebPage","ItemPage"],"@id":"https:\/\/www.purejewels.com\/product\/22ct-yellow-gold-nose-studs-3\/","url":"https:\/\/www.purejewels.com\/product\/22ct-yellow-gold-nose-studs-3\/","name":"Eleganter 22ct Gold Perlen Nasenstecker | PureJewels UK","isPartOf":{"@id":"https:\/\/www.purejewels.com\/#website"},"primaryImageOfPage":{"@id":"https:\/\/www.purejewels.com\/product\/22ct-yellow-gold-nose-studs-3\/#primaryimage"},"image":{"@id":"https:\/\/www.purejewels.com\/product\/22ct-yellow-gold-nose-studs-3\/#primaryimage"},"thumbnailUrl":"https:\/\/static.purejewels.com\/wp-content\/uploads\/2019\/02\/28855s2.png","datePublished":"2019-02-16T06:24:30+00:00","dateModified":"2026-01-08T11:43:14+00:00","description":"Entdecken Sie einen zeitlosen Nasenstecker aus 22 Karat Gold mit einer leuchtenden Perle in einer klassischen Krallenfassung. Eine raffinierte Note f\u00fcr die Eleganz des Alltags oder besondere Anl\u00e4sse.","breadcrumb":{"@id":"https:\/\/www.purejewels.com\/product\/22ct-yellow-gold-nose-studs-3\/#breadcrumb"},"inLanguage":"de","potentialAction":[{"@type":"ReadAction","target":["https:\/\/www.purejewels.com\/product\/22ct-yellow-gold-nose-studs-3\/"]}]},{"@type":"ImageObject","inLanguage":"de","@id":"https:\/\/www.purejewels.com\/product\/22ct-yellow-gold-nose-studs-3\/#primaryimage","url":"https:\/\/static.purejewels.com\/wp-content\/uploads\/2019\/02\/28855s2.png","contentUrl":"https:\/\/static.purejewels.com\/wp-content\/uploads\/2019\/02\/28855s2.png","width":1000,"height":1000,"caption":"28855s2"},{"@type":"BreadcrumbList","@id":"https:\/\/www.purejewels.com\/product\/22ct-yellow-gold-nose-studs-3\/#breadcrumb","itemListElement":[{"@type":"ListItem","position":1,"name":"Home","item":"https:\/\/www.purejewels.com\/"},{"@type":"ListItem","position":2,"name":"Shop","item":"https:\/\/www.purejewels.com\/shop\/"},{"@type":"ListItem","position":3,"name":"22ct Gold Pearl Claw-Set Nose Stud"}]},{"@type":"WebSite","@id":"https:\/\/www.purejewels.com\/#website","url":"https:\/\/www.purejewels.com\/","name":"PureJewels UK","description":"Teile die Liebe","publisher":{"@id":"https:\/\/www.purejewels.com\/#organization"},"potentialAction":[{"@type":"SearchAction","target":{"@type":"EntryPoint","urlTemplate":"https:\/\/www.purejewels.com\/?s={search_term_string}"},"query-input":{"@type":"PropertyValueSpecification","valueRequired":true,"valueName":"search_term_string"}}],"inLanguage":"de"},{"@type":"Organization","@id":"https:\/\/www.purejewels.com\/#organization","name":"PureJewels UK","url":"https:\/\/www.purejewels.com\/","logo":{"@type":"ImageObject","inLanguage":"de","@id":"https:\/\/www.purejewels.com\/#\/schema\/logo\/image\/","url":"https:\/\/static.purejewels.com\/wp-content\/uploads\/2020\/11\/Logo-PJ-New-1.png","contentUrl":"https:\/\/static.purejewels.com\/wp-content\/uploads\/2020\/11\/Logo-PJ-New-1.png","width":150,"height":80,"caption":"PureJewels UK"},"image":{"@id":"https:\/\/www.purejewels.com\/#\/schema\/logo\/image\/"}}]}},"_links":{"self":[{"href":"https:\/\/www.purejewels.com\/de\/wp-json\/wp\/v2\/product\/309274","targetHints":{"allow":["GET"]}}],"collection":[{"href":"https:\/\/www.purejewels.com\/de\/wp-json\/wp\/v2\/product"}],"about":[{"href":"https:\/\/www.purejewels.com\/de\/wp-json\/wp\/v2\/types\/product"}],"replies":[{"embeddable":true,"href":"https:\/\/www.purejewels.com\/de\/wp-json\/wp\/v2\/comments?post=309274"}],"version-history":[{"count":2,"href":"https:\/\/www.purejewels.com\/de\/wp-json\/wp\/v2\/product\/309274\/revisions"}],"predecessor-version":[{"id":424357,"href":"https:\/\/www.purejewels.com\/de\/wp-json\/wp\/v2\/product\/309274\/revisions\/424357"}],"wp:featuredmedia":[{"embeddable":true,"href":"https:\/\/www.purejewels.com\/de\/wp-json\/wp\/v2\/media\/309288"}],"wp:attachment":[{"href":"https:\/\/www.purejewels.com\/de\/wp-json\/wp\/v2\/media?parent=309274"}],"wp:term":[{"taxonomy":"product_brand","embeddable":true,"href":"https:\/\/www.purejewels.com\/de\/wp-json\/wp\/v2\/product_brand?post=309274"},{"taxonomy":"product_cat","embeddable":true,"href":"https:\/\/www.purejewels.com\/de\/wp-json\/wp\/v2\/product_cat?post=309274"},{"taxonomy":"product_tag","embeddable":true,"href":"https:\/\/www.purejewels.com\/de\/wp-json\/wp\/v2\/product_tag?post=309274"}],"curies":[{"name":"wp","href":"https:\/\/api.w.org\/{rel}","templated":true}]}}