{"id":309412,"date":"2019-03-04T10:23:24","date_gmt":"2019-03-04T10:23:24","guid":{"rendered":"https:\/\/www.purejewels.com\/?post_type=product&#038;p=309412"},"modified":"2025-12-19T06:05:46","modified_gmt":"2025-12-19T06:05:46","slug":"ohrstecker-aus-22-karat-gelbgold-41260","status":"publish","type":"product","link":"https:\/\/www.purejewels.com\/de\/product\/22ct-yellow-gold-stud-earrings\/","title":{"rendered":"22 Karat Gold funkelnde Blatt-Ohrstecker"},"content":{"rendered":"<p data-start=\"602\" data-end=\"863\">Sorgf\u00e4ltig gefertigt in <a href=\"https:\/\/www.purejewels.com\/de\/product\/22ct-gold-jali-filigree-ring-jali-collection-31926\/\">22ct<\/a> Die Ohrstecker \u201eSparkle Leaf\u201c aus Gelbgold sind eine elegante Hommage an die zeitlose Sch\u00f6nheit der Natur. Ihr zweilagiges Marquise-Blatt-Design wird durch strahlend wei\u00dfe Steine akzentuiert, die bei jeder Bewegung ein Spiel aus Brillanz und Licht erzeugen.<\/p>\n<p data-start=\"865\" data-end=\"1096\">Diese leichten und bequemen Ohrstecker eignen sich perfekt f\u00fcr den Alltag \u2013 egal ob bei der Arbeit oder zu Abendveranstaltungen. Das durchbrochene Design verleiht ihnen einen eleganten Hauch von Modernit\u00e4t, w\u00e4hrend die hochglanzpolierte Oberfl\u00e4che klassische Raffinesse ausstrahlt.<\/p>\n<p data-start=\"1098\" data-end=\"1239\">Ob geschenkt oder selbst ausgesucht, diese Ohrringe sind ein Symbol f\u00fcr subtile Raffinesse \u2013 sie feiern Ihre Geschichte, einen funkelnden Moment nach dem anderen.<\/p>","protected":false},"excerpt":{"rendered":"<p>Inspiriert von der Anmut der Natur, zeichnen sich diese Ohrstecker aus 22 Karat Gold mit funkelnden Bl\u00e4ttern durch eine marquisef\u00f6rmige Blattsilhouette aus, die mit schimmernden wei\u00dfen Steinen verziert ist \u2013 perfekt f\u00fcr den luxuri\u00f6sen Alltag.<\/p>\n<ul>\n<li>22ct Gelbgold Ohrstecker<\/li>\n<li>Mit Cubic Zirconia Steinen<\/li>\n<li>Geeignet f\u00fcr Partykleidung, Anlasskleidung<\/li>\n<li>Ein passender Anh\u00e4nger ist zu einem bestimmten Thema erh\u00e4ltlich<\/li>\n<li>Wt. 3.5 g<\/li>\n<li>SKU. 30017<\/li>\n<li>Alle Preise inklusive Mehrwertsteuer<\/li>\n<li>Alle unsere Produkte sind vom London Assay Office gestempelt.<\/li>\n<li>Mit Pr\u00e4sentationsbox<\/li>\n<li>Kostenlose Lieferung in ganz UK<\/li>\n<li>Kontaktieren Sie uns \/ chatten Sie mit uns f\u00fcr ein Live-Video des Produkts<\/li>\n<\/ul>","protected":false},"featured_media":309413,"comment_status":"closed","ping_status":"closed","template":"","meta":{"_eb_attr":"","_crsspst_to_jayantr4sg-hostcom":false},"product_brand":[],"product_cat":[1229,1577,1573,1574],"product_tag":[],"class_list":{"0":"post-309412","1":"product","2":"type-product","3":"status-publish","4":"has-post-thumbnail","6":"product_cat-22ct-gold-jewellery","7":"product_cat-stud-earrings","8":"product_cat-wedding-gifts","9":"product_cat-womens-jewellery","11":"first","12":"outofstock","13":"taxable","14":"shipping-taxable","15":"product-type-simple","16":"add-to-wishlist-before_image"},"yoast_head":"<!-- This site is optimized with the Yoast SEO plugin v27.3 - https:\/\/yoast.com\/product\/yoast-seo-wordpress\/ -->\n<title>Elegant Leaf Design Gold Stud Earrings | PureJewels UK<\/title>\n<meta name=\"description\" content=\"Discover our 22ct Gold Sparkle Leaf Stud Earrings \u2014 lightweight, elegant and adorned with shimmering stones. Perfect for everyday wear and graceful gifting.\" \/>\n<meta name=\"robots\" content=\"index, follow, max-snippet:-1, max-image-preview:large, max-video-preview:-1\" \/>\n<link rel=\"canonical\" href=\"https:\/\/www.purejewels.com\/de\/produkt-2\/ohrstecker-aus-22-karat-gelbgold-41260\/\" \/>\n<meta property=\"og:locale\" content=\"de_DE\" \/>\n<meta property=\"og:type\" content=\"article\" \/>\n<meta property=\"og:title\" content=\"Elegant Leaf Design Gold Stud Earrings | PureJewels UK\" \/>\n<meta property=\"og:description\" content=\"Discover our 22ct Gold Sparkle Leaf Stud Earrings \u2014 lightweight, elegant and adorned with shimmering stones. Perfect for everyday wear and graceful gifting.\" \/>\n<meta property=\"og:url\" content=\"https:\/\/www.purejewels.com\/de\/produkt-2\/ohrstecker-aus-22-karat-gelbgold-41260\/\" \/>\n<meta property=\"og:site_name\" content=\"PureJewels UK\" \/>\n<meta property=\"article:modified_time\" content=\"2025-12-19T06:05:46+00:00\" \/>\n<meta property=\"og:image\" content=\"https:\/\/static.purejewels.com\/wp-content\/uploads\/2019\/03\/30017.png\" \/>\n\t<meta property=\"og:image:width\" content=\"1000\" \/>\n\t<meta property=\"og:image:height\" content=\"1000\" \/>\n\t<meta property=\"og:image:type\" content=\"image\/png\" \/>\n<meta name=\"twitter:card\" content=\"summary_large_image\" \/>\n<meta name=\"twitter:label1\" content=\"Gesch\u00e4tzte Lesezeit\" \/>\n\t<meta name=\"twitter:data1\" content=\"1\u00a0Minute\" \/>\n<script type=\"application\/ld+json\" class=\"yoast-schema-graph\">{\"@context\":\"https:\\\/\\\/schema.org\",\"@graph\":[{\"@type\":[\"WebPage\",\"ItemPage\"],\"@id\":\"https:\\\/\\\/www.purejewels.com\\\/product\\\/22ct-yellow-gold-stud-earrings\\\/\",\"url\":\"https:\\\/\\\/www.purejewels.com\\\/product\\\/22ct-yellow-gold-stud-earrings\\\/\",\"name\":\"Elegant Leaf Design Gold Stud Earrings | PureJewels UK\",\"isPartOf\":{\"@id\":\"https:\\\/\\\/www.purejewels.com\\\/#website\"},\"primaryImageOfPage\":{\"@id\":\"https:\\\/\\\/www.purejewels.com\\\/product\\\/22ct-yellow-gold-stud-earrings\\\/#primaryimage\"},\"image\":{\"@id\":\"https:\\\/\\\/www.purejewels.com\\\/product\\\/22ct-yellow-gold-stud-earrings\\\/#primaryimage\"},\"thumbnailUrl\":\"https:\\\/\\\/static.purejewels.com\\\/wp-content\\\/uploads\\\/2019\\\/03\\\/30017.png\",\"datePublished\":\"2019-03-04T10:23:24+00:00\",\"dateModified\":\"2025-12-19T06:05:46+00:00\",\"description\":\"Discover our 22ct Gold Sparkle Leaf Stud Earrings \u2014 lightweight, elegant and adorned with shimmering stones. Perfect for everyday wear and graceful gifting.\",\"breadcrumb\":{\"@id\":\"https:\\\/\\\/www.purejewels.com\\\/product\\\/22ct-yellow-gold-stud-earrings\\\/#breadcrumb\"},\"inLanguage\":\"de\",\"potentialAction\":[{\"@type\":\"ReadAction\",\"target\":[\"https:\\\/\\\/www.purejewels.com\\\/product\\\/22ct-yellow-gold-stud-earrings\\\/\"]}]},{\"@type\":\"ImageObject\",\"inLanguage\":\"de\",\"@id\":\"https:\\\/\\\/www.purejewels.com\\\/product\\\/22ct-yellow-gold-stud-earrings\\\/#primaryimage\",\"url\":\"https:\\\/\\\/static.purejewels.com\\\/wp-content\\\/uploads\\\/2019\\\/03\\\/30017.png\",\"contentUrl\":\"https:\\\/\\\/static.purejewels.com\\\/wp-content\\\/uploads\\\/2019\\\/03\\\/30017.png\",\"width\":1000,\"height\":1000,\"caption\":\"22ct Gold Sparkle Leaf Stud Earrings\"},{\"@type\":\"BreadcrumbList\",\"@id\":\"https:\\\/\\\/www.purejewels.com\\\/product\\\/22ct-yellow-gold-stud-earrings\\\/#breadcrumb\",\"itemListElement\":[{\"@type\":\"ListItem\",\"position\":1,\"name\":\"Home\",\"item\":\"https:\\\/\\\/www.purejewels.com\\\/\"},{\"@type\":\"ListItem\",\"position\":2,\"name\":\"Shop\",\"item\":\"https:\\\/\\\/www.purejewels.com\\\/shop\\\/\"},{\"@type\":\"ListItem\",\"position\":3,\"name\":\"22ct Gold Sparkle Leaf Stud Earrings\"}]},{\"@type\":\"WebSite\",\"@id\":\"https:\\\/\\\/www.purejewels.com\\\/#website\",\"url\":\"https:\\\/\\\/www.purejewels.com\\\/\",\"name\":\"PureJewels UK\",\"description\":\"Share the Love\",\"publisher\":{\"@id\":\"https:\\\/\\\/www.purejewels.com\\\/#organization\"},\"potentialAction\":[{\"@type\":\"SearchAction\",\"target\":{\"@type\":\"EntryPoint\",\"urlTemplate\":\"https:\\\/\\\/www.purejewels.com\\\/?s={search_term_string}\"},\"query-input\":{\"@type\":\"PropertyValueSpecification\",\"valueRequired\":true,\"valueName\":\"search_term_string\"}}],\"inLanguage\":\"de\"},{\"@type\":\"Organization\",\"@id\":\"https:\\\/\\\/www.purejewels.com\\\/#organization\",\"name\":\"PureJewels UK\",\"url\":\"https:\\\/\\\/www.purejewels.com\\\/\",\"logo\":{\"@type\":\"ImageObject\",\"inLanguage\":\"de\",\"@id\":\"https:\\\/\\\/www.purejewels.com\\\/#\\\/schema\\\/logo\\\/image\\\/\",\"url\":\"https:\\\/\\\/static.purejewels.com\\\/wp-content\\\/uploads\\\/2020\\\/11\\\/Logo-PJ-New-1.png\",\"contentUrl\":\"https:\\\/\\\/static.purejewels.com\\\/wp-content\\\/uploads\\\/2020\\\/11\\\/Logo-PJ-New-1.png\",\"width\":150,\"height\":80,\"caption\":\"PureJewels UK\"},\"image\":{\"@id\":\"https:\\\/\\\/www.purejewels.com\\\/#\\\/schema\\\/logo\\\/image\\\/\"}}]}<\/script>\n<!-- \/ Yoast SEO plugin. -->","yoast_head_json":{"title":"Elegante Ohrstecker mit Blattdesign in Gold | PureJewels UK","description":"Entdecken Sie unsere Ohrstecker mit 22 Karat Gold und funkelnden Bl\u00e4ttern \u2013 leicht, elegant und mit schimmernden Steinen verziert. Perfekt f\u00fcr den Alltag und als elegantes Geschenk.","robots":{"index":"index","follow":"follow","max-snippet":"max-snippet:-1","max-image-preview":"max-image-preview:large","max-video-preview":"max-video-preview:-1"},"canonical":"https:\/\/www.purejewels.com\/de\/produkt-2\/ohrstecker-aus-22-karat-gelbgold-41260\/","og_locale":"de_DE","og_type":"article","og_title":"Elegant Leaf Design Gold Stud Earrings | PureJewels UK","og_description":"Discover our 22ct Gold Sparkle Leaf Stud Earrings \u2014 lightweight, elegant and adorned with shimmering stones. Perfect for everyday wear and graceful gifting.","og_url":"https:\/\/www.purejewels.com\/de\/produkt-2\/ohrstecker-aus-22-karat-gelbgold-41260\/","og_site_name":"PureJewels UK","article_modified_time":"2025-12-19T06:05:46+00:00","og_image":[{"width":1000,"height":1000,"url":"https:\/\/static.purejewels.com\/wp-content\/uploads\/2019\/03\/30017.png","type":"image\/png"}],"twitter_card":"summary_large_image","twitter_misc":{"Gesch\u00e4tzte Lesezeit":"1\u00a0Minute"},"schema":{"@context":"https:\/\/schema.org","@graph":[{"@type":["WebPage","ItemPage"],"@id":"https:\/\/www.purejewels.com\/product\/22ct-yellow-gold-stud-earrings\/","url":"https:\/\/www.purejewels.com\/product\/22ct-yellow-gold-stud-earrings\/","name":"Elegante Ohrstecker mit Blattdesign in Gold | PureJewels UK","isPartOf":{"@id":"https:\/\/www.purejewels.com\/#website"},"primaryImageOfPage":{"@id":"https:\/\/www.purejewels.com\/product\/22ct-yellow-gold-stud-earrings\/#primaryimage"},"image":{"@id":"https:\/\/www.purejewels.com\/product\/22ct-yellow-gold-stud-earrings\/#primaryimage"},"thumbnailUrl":"https:\/\/static.purejewels.com\/wp-content\/uploads\/2019\/03\/30017.png","datePublished":"2019-03-04T10:23:24+00:00","dateModified":"2025-12-19T06:05:46+00:00","description":"Entdecken Sie unsere Ohrstecker mit 22 Karat Gold und funkelnden Bl\u00e4ttern \u2013 leicht, elegant und mit schimmernden Steinen verziert. Perfekt f\u00fcr den Alltag und als elegantes Geschenk.","breadcrumb":{"@id":"https:\/\/www.purejewels.com\/product\/22ct-yellow-gold-stud-earrings\/#breadcrumb"},"inLanguage":"de","potentialAction":[{"@type":"ReadAction","target":["https:\/\/www.purejewels.com\/product\/22ct-yellow-gold-stud-earrings\/"]}]},{"@type":"ImageObject","inLanguage":"de","@id":"https:\/\/www.purejewels.com\/product\/22ct-yellow-gold-stud-earrings\/#primaryimage","url":"https:\/\/static.purejewels.com\/wp-content\/uploads\/2019\/03\/30017.png","contentUrl":"https:\/\/static.purejewels.com\/wp-content\/uploads\/2019\/03\/30017.png","width":1000,"height":1000,"caption":"22ct Gold Sparkle Leaf Stud Earrings"},{"@type":"BreadcrumbList","@id":"https:\/\/www.purejewels.com\/product\/22ct-yellow-gold-stud-earrings\/#breadcrumb","itemListElement":[{"@type":"ListItem","position":1,"name":"Home","item":"https:\/\/www.purejewels.com\/"},{"@type":"ListItem","position":2,"name":"Shop","item":"https:\/\/www.purejewels.com\/shop\/"},{"@type":"ListItem","position":3,"name":"22ct Gold Sparkle Leaf Stud Earrings"}]},{"@type":"WebSite","@id":"https:\/\/www.purejewels.com\/#website","url":"https:\/\/www.purejewels.com\/","name":"PureJewels UK","description":"Teile die Liebe","publisher":{"@id":"https:\/\/www.purejewels.com\/#organization"},"potentialAction":[{"@type":"SearchAction","target":{"@type":"EntryPoint","urlTemplate":"https:\/\/www.purejewels.com\/?s={search_term_string}"},"query-input":{"@type":"PropertyValueSpecification","valueRequired":true,"valueName":"search_term_string"}}],"inLanguage":"de"},{"@type":"Organization","@id":"https:\/\/www.purejewels.com\/#organization","name":"PureJewels UK","url":"https:\/\/www.purejewels.com\/","logo":{"@type":"ImageObject","inLanguage":"de","@id":"https:\/\/www.purejewels.com\/#\/schema\/logo\/image\/","url":"https:\/\/static.purejewels.com\/wp-content\/uploads\/2020\/11\/Logo-PJ-New-1.png","contentUrl":"https:\/\/static.purejewels.com\/wp-content\/uploads\/2020\/11\/Logo-PJ-New-1.png","width":150,"height":80,"caption":"PureJewels UK"},"image":{"@id":"https:\/\/www.purejewels.com\/#\/schema\/logo\/image\/"}}]}},"_links":{"self":[{"href":"https:\/\/www.purejewels.com\/de\/wp-json\/wp\/v2\/product\/309412","targetHints":{"allow":["GET"]}}],"collection":[{"href":"https:\/\/www.purejewels.com\/de\/wp-json\/wp\/v2\/product"}],"about":[{"href":"https:\/\/www.purejewels.com\/de\/wp-json\/wp\/v2\/types\/product"}],"replies":[{"embeddable":true,"href":"https:\/\/www.purejewels.com\/de\/wp-json\/wp\/v2\/comments?post=309412"}],"version-history":[{"count":2,"href":"https:\/\/www.purejewels.com\/de\/wp-json\/wp\/v2\/product\/309412\/revisions"}],"predecessor-version":[{"id":423492,"href":"https:\/\/www.purejewels.com\/de\/wp-json\/wp\/v2\/product\/309412\/revisions\/423492"}],"wp:featuredmedia":[{"embeddable":true,"href":"https:\/\/www.purejewels.com\/de\/wp-json\/wp\/v2\/media\/309413"}],"wp:attachment":[{"href":"https:\/\/www.purejewels.com\/de\/wp-json\/wp\/v2\/media?parent=309412"}],"wp:term":[{"taxonomy":"product_brand","embeddable":true,"href":"https:\/\/www.purejewels.com\/de\/wp-json\/wp\/v2\/product_brand?post=309412"},{"taxonomy":"product_cat","embeddable":true,"href":"https:\/\/www.purejewels.com\/de\/wp-json\/wp\/v2\/product_cat?post=309412"},{"taxonomy":"product_tag","embeddable":true,"href":"https:\/\/www.purejewels.com\/de\/wp-json\/wp\/v2\/product_tag?post=309412"}],"curies":[{"name":"wp","href":"https:\/\/api.w.org\/{rel}","templated":true}]}}