{"id":309446,"date":"2022-12-09T02:36:18","date_gmt":"2022-12-09T02:36:18","guid":{"rendered":"https:\/\/www.purejewels.com\/?post_type=product&#038;p=309446"},"modified":"2026-01-06T09:55:46","modified_gmt":"2026-01-06T09:55:46","slug":"22ct-gold-tiger-herren-armband-8-zoll-30153","status":"publish","type":"product","link":"https:\/\/www.purejewels.com\/de\/product\/22ct-gold-tiger-gents-bracelet-8-inches-30153\/","title":{"rendered":"22ct Gold Tiger Herrenarmband | 8 Zoll"},"content":{"rendered":"<p>Wir pr\u00e4sentieren unser exquisites Tiger-Armband aus 22 Karat Gold f\u00fcr Herren, ein atemberaubendes St\u00fcck, das vom majest\u00e4tischen Tiger inspiriert ist. Dieses Armband wiegt 30,1 Gramm und ist fachm\u00e4nnisch gefertigt, um die komplizierten Details des Tiger-Designs zu pr\u00e4sentieren. Jedes St\u00fcck ist vom renommierten London Assay Office gepunzt, was h\u00f6chste Qualit\u00e4t und Authentizit\u00e4t garantiert.<\/p>\n<p>Dieses luxuri\u00f6se Armband ist das perfekte Geschenk f\u00fcr jeden Mann, der feine Handwerkskunst und einzigartige Designs zu sch\u00e4tzen wei\u00df. Es wird in einer sch\u00f6nen Pr\u00e4sentationsbox geliefert und ist somit f\u00fcr besondere Anl\u00e4sse geeignet. Mit kostenloser Lieferung und sicherer Online-Zahlung ist der Kauf dieses Armbands bequem und sorgenfrei.<\/p>\n<p>Wenn Sie Fragen haben oder eine schnellere Lieferung ben\u00f6tigen, steht Ihnen unser Kundendienstteam zur Verf\u00fcgung. Erg\u00e4nzen Sie Ihre Sammlung mit diesem besonderen St\u00fcck oder \u00fcberraschen Sie einen geliebten Menschen mit einem Geschenk, das er f\u00fcr immer in Ehren halten wird. Verpassen Sie nicht dieses einmalige 22ct Gold Tiger Armband f\u00fcr Herren.<\/p>","protected":false},"excerpt":{"rendered":"<ul>\n<li><span id=\"urn:local-text-annotation-g1du74ram3i7vp14rzrwrjb562aic220\" class=\"textannotation disambiguated wl-thing\">22ct Gold Tiger Armband f\u00fcr Herren<\/span><\/li>\n<li>Inspiriert von <span id=\"urn:local-text-annotation-wy8df01gn3mpgmsioni3kaqmm6m2onqf\" class=\"textannotation disambiguated wl-thing\">Thema Tiger<\/span><\/li>\n<li>Gewicht 30.1grms<\/li>\n<li>SKU. 30153<\/li>\n<li>Alle Preise inklusive Mehrwertsteuer<\/li>\n<li>Alle unsere Produkte sind gepunzt durch <span id=\"urn:enhancement-891ba46b\" class=\"textannotation disambiguated wl-place\">London<\/span> <span id=\"urn:enhancement-f1a657f3\" class=\"textannotation disambiguated wl-thing\">Pr\u00fcfstelle<\/span><\/li>\n<li>Mit Pr\u00e4sentationsbox<\/li>\n<li>Lieferung inbegriffen<\/li>\n<li>Kontaktieren Sie uns \/ chatten Sie mit uns f\u00fcr ein Live-Video des Produkts<\/li>\n<\/ul>","protected":false},"featured_media":315721,"comment_status":"closed","ping_status":"closed","template":"","meta":{"_eb_attr":"","_crsspst_to_jayantr4sg-hostcom":false},"product_brand":[],"product_cat":[1571,1572,1628],"product_tag":[],"class_list":{"0":"post-309446","1":"product","2":"type-product","3":"status-publish","4":"has-post-thumbnail","6":"product_cat-fathers-day-gifts","7":"product_cat-mens-jewellery","8":"product_cat-mens-bracelet","10":"first","11":"outofstock","12":"taxable","13":"shipping-taxable","14":"product-type-simple","15":"add-to-wishlist-before_image"},"yoast_head":"<!-- This site is optimized with the Yoast SEO plugin v27.5 - https:\/\/yoast.com\/product\/yoast-seo-wordpress\/ -->\n<title>22ct Gold Tiger Gents Bracelet | 8 Inches | Online Shop<\/title>\n<meta name=\"robots\" content=\"index, follow, max-snippet:-1, max-image-preview:large, max-video-preview:-1\" \/>\n<link rel=\"canonical\" href=\"https:\/\/www.purejewels.com\/de\/produkt-2\/22ct-gold-tiger-herren-armband-8-zoll-30153\/\" \/>\n<meta property=\"og:locale\" content=\"de_DE\" \/>\n<meta property=\"og:type\" content=\"article\" \/>\n<meta property=\"og:title\" content=\"22ct Gold Tiger Gents Bracelet | 8 Inches | Online Shop\" \/>\n<meta property=\"og:description\" content=\"22ct Gold Tiger Gents Bracelet  Inspired from Tiger theme  Wt 30.1grms  SKU. 30153  All prices include VAT  All our products are hallmarked by London Assay Office  Comes With Presentation Box  Delivery Included  Contact us \/ chat with us for live video of product\" \/>\n<meta property=\"og:url\" content=\"https:\/\/www.purejewels.com\/de\/produkt-2\/22ct-gold-tiger-herren-armband-8-zoll-30153\/\" \/>\n<meta property=\"og:site_name\" content=\"PureJewels UK\" \/>\n<meta property=\"article:modified_time\" content=\"2026-01-06T09:55:46+00:00\" \/>\n<meta property=\"og:image\" content=\"https:\/\/www.purejewels.com\/wp-content\/uploads\/2020\/07\/175665897-1.jpg\" \/>\n\t<meta property=\"og:image:width\" content=\"1000\" \/>\n\t<meta property=\"og:image:height\" content=\"1000\" \/>\n\t<meta property=\"og:image:type\" content=\"image\/jpeg\" \/>\n<meta name=\"twitter:card\" content=\"summary_large_image\" \/>\n<meta name=\"twitter:label1\" content=\"Gesch\u00e4tzte Lesezeit\" \/>\n\t<meta name=\"twitter:data1\" content=\"1\u00a0Minute\" \/>\n<script type=\"application\/ld+json\" class=\"yoast-schema-graph\">{\"@context\":\"https:\\\/\\\/schema.org\",\"@graph\":[{\"@type\":[\"WebPage\",\"ItemPage\"],\"@id\":\"https:\\\/\\\/www.purejewels.com\\\/product\\\/22ct-gold-tiger-gents-bracelet-8-inches-30153\\\/\",\"url\":\"https:\\\/\\\/www.purejewels.com\\\/product\\\/22ct-gold-tiger-gents-bracelet-8-inches-30153\\\/\",\"name\":\"22ct Gold Tiger Gents Bracelet | 8 Inches | Online Shop\",\"isPartOf\":{\"@id\":\"https:\\\/\\\/www.purejewels.com\\\/#website\"},\"primaryImageOfPage\":{\"@id\":\"https:\\\/\\\/www.purejewels.com\\\/product\\\/22ct-gold-tiger-gents-bracelet-8-inches-30153\\\/#primaryimage\"},\"image\":{\"@id\":\"https:\\\/\\\/www.purejewels.com\\\/product\\\/22ct-gold-tiger-gents-bracelet-8-inches-30153\\\/#primaryimage\"},\"thumbnailUrl\":\"https:\\\/\\\/static.purejewels.com\\\/wp-content\\\/uploads\\\/2020\\\/07\\\/175665897-1.jpg\",\"datePublished\":\"2022-12-09T02:36:18+00:00\",\"dateModified\":\"2026-01-06T09:55:46+00:00\",\"breadcrumb\":{\"@id\":\"https:\\\/\\\/www.purejewels.com\\\/product\\\/22ct-gold-tiger-gents-bracelet-8-inches-30153\\\/#breadcrumb\"},\"inLanguage\":\"de\",\"potentialAction\":[{\"@type\":\"ReadAction\",\"target\":[\"https:\\\/\\\/www.purejewels.com\\\/product\\\/22ct-gold-tiger-gents-bracelet-8-inches-30153\\\/\"]}]},{\"@type\":\"ImageObject\",\"inLanguage\":\"de\",\"@id\":\"https:\\\/\\\/www.purejewels.com\\\/product\\\/22ct-gold-tiger-gents-bracelet-8-inches-30153\\\/#primaryimage\",\"url\":\"https:\\\/\\\/static.purejewels.com\\\/wp-content\\\/uploads\\\/2020\\\/07\\\/175665897-1.jpg\",\"contentUrl\":\"https:\\\/\\\/static.purejewels.com\\\/wp-content\\\/uploads\\\/2020\\\/07\\\/175665897-1.jpg\",\"width\":1000,\"height\":1000,\"caption\":\"22ct Gold Tiger Gents Bracelet | 8 Inches\"},{\"@type\":\"BreadcrumbList\",\"@id\":\"https:\\\/\\\/www.purejewels.com\\\/product\\\/22ct-gold-tiger-gents-bracelet-8-inches-30153\\\/#breadcrumb\",\"itemListElement\":[{\"@type\":\"ListItem\",\"position\":1,\"name\":\"Home\",\"item\":\"https:\\\/\\\/www.purejewels.com\\\/\"},{\"@type\":\"ListItem\",\"position\":2,\"name\":\"Shop\",\"item\":\"https:\\\/\\\/www.purejewels.com\\\/shop\\\/\"},{\"@type\":\"ListItem\",\"position\":3,\"name\":\"22ct Gold Tiger Gents Bracelet | 8 Inches\"}]},{\"@type\":\"WebSite\",\"@id\":\"https:\\\/\\\/www.purejewels.com\\\/#website\",\"url\":\"https:\\\/\\\/www.purejewels.com\\\/\",\"name\":\"PureJewels UK\",\"description\":\"Share the Love\",\"publisher\":{\"@id\":\"https:\\\/\\\/www.purejewels.com\\\/#organization\"},\"potentialAction\":[{\"@type\":\"SearchAction\",\"target\":{\"@type\":\"EntryPoint\",\"urlTemplate\":\"https:\\\/\\\/www.purejewels.com\\\/?s={search_term_string}\"},\"query-input\":{\"@type\":\"PropertyValueSpecification\",\"valueRequired\":true,\"valueName\":\"search_term_string\"}}],\"inLanguage\":\"de\"},{\"@type\":\"Organization\",\"@id\":\"https:\\\/\\\/www.purejewels.com\\\/#organization\",\"name\":\"PureJewels UK\",\"url\":\"https:\\\/\\\/www.purejewels.com\\\/\",\"logo\":{\"@type\":\"ImageObject\",\"inLanguage\":\"de\",\"@id\":\"https:\\\/\\\/www.purejewels.com\\\/#\\\/schema\\\/logo\\\/image\\\/\",\"url\":\"https:\\\/\\\/static.purejewels.com\\\/wp-content\\\/uploads\\\/2020\\\/11\\\/Logo-PJ-New-1.png\",\"contentUrl\":\"https:\\\/\\\/static.purejewels.com\\\/wp-content\\\/uploads\\\/2020\\\/11\\\/Logo-PJ-New-1.png\",\"width\":150,\"height\":80,\"caption\":\"PureJewels UK\"},\"image\":{\"@id\":\"https:\\\/\\\/www.purejewels.com\\\/#\\\/schema\\\/logo\\\/image\\\/\"}}]}<\/script>\n<!-- \/ Yoast SEO plugin. -->","yoast_head_json":{"title":"22ct Gold Tiger Herrenarmband | 8 Zoll | Online Shop","robots":{"index":"index","follow":"follow","max-snippet":"max-snippet:-1","max-image-preview":"max-image-preview:large","max-video-preview":"max-video-preview:-1"},"canonical":"https:\/\/www.purejewels.com\/de\/produkt-2\/22ct-gold-tiger-herren-armband-8-zoll-30153\/","og_locale":"de_DE","og_type":"article","og_title":"22ct Gold Tiger Gents Bracelet | 8 Inches | Online Shop","og_description":"22ct Gold Tiger Gents Bracelet  Inspired from Tiger theme  Wt 30.1grms  SKU. 30153  All prices include VAT  All our products are hallmarked by London Assay Office  Comes With Presentation Box  Delivery Included  Contact us \/ chat with us for live video of product","og_url":"https:\/\/www.purejewels.com\/de\/produkt-2\/22ct-gold-tiger-herren-armband-8-zoll-30153\/","og_site_name":"PureJewels UK","article_modified_time":"2026-01-06T09:55:46+00:00","og_image":[{"width":1000,"height":1000,"url":"https:\/\/www.purejewels.com\/wp-content\/uploads\/2020\/07\/175665897-1.jpg","type":"image\/jpeg"}],"twitter_card":"summary_large_image","twitter_misc":{"Gesch\u00e4tzte Lesezeit":"1\u00a0Minute"},"schema":{"@context":"https:\/\/schema.org","@graph":[{"@type":["WebPage","ItemPage"],"@id":"https:\/\/www.purejewels.com\/product\/22ct-gold-tiger-gents-bracelet-8-inches-30153\/","url":"https:\/\/www.purejewels.com\/product\/22ct-gold-tiger-gents-bracelet-8-inches-30153\/","name":"22ct Gold Tiger Herrenarmband | 8 Zoll | Online Shop","isPartOf":{"@id":"https:\/\/www.purejewels.com\/#website"},"primaryImageOfPage":{"@id":"https:\/\/www.purejewels.com\/product\/22ct-gold-tiger-gents-bracelet-8-inches-30153\/#primaryimage"},"image":{"@id":"https:\/\/www.purejewels.com\/product\/22ct-gold-tiger-gents-bracelet-8-inches-30153\/#primaryimage"},"thumbnailUrl":"https:\/\/static.purejewels.com\/wp-content\/uploads\/2020\/07\/175665897-1.jpg","datePublished":"2022-12-09T02:36:18+00:00","dateModified":"2026-01-06T09:55:46+00:00","breadcrumb":{"@id":"https:\/\/www.purejewels.com\/product\/22ct-gold-tiger-gents-bracelet-8-inches-30153\/#breadcrumb"},"inLanguage":"de","potentialAction":[{"@type":"ReadAction","target":["https:\/\/www.purejewels.com\/product\/22ct-gold-tiger-gents-bracelet-8-inches-30153\/"]}]},{"@type":"ImageObject","inLanguage":"de","@id":"https:\/\/www.purejewels.com\/product\/22ct-gold-tiger-gents-bracelet-8-inches-30153\/#primaryimage","url":"https:\/\/static.purejewels.com\/wp-content\/uploads\/2020\/07\/175665897-1.jpg","contentUrl":"https:\/\/static.purejewels.com\/wp-content\/uploads\/2020\/07\/175665897-1.jpg","width":1000,"height":1000,"caption":"22ct Gold Tiger Gents Bracelet | 8 Inches"},{"@type":"BreadcrumbList","@id":"https:\/\/www.purejewels.com\/product\/22ct-gold-tiger-gents-bracelet-8-inches-30153\/#breadcrumb","itemListElement":[{"@type":"ListItem","position":1,"name":"Home","item":"https:\/\/www.purejewels.com\/"},{"@type":"ListItem","position":2,"name":"Shop","item":"https:\/\/www.purejewels.com\/shop\/"},{"@type":"ListItem","position":3,"name":"22ct Gold Tiger Gents Bracelet | 8 Inches"}]},{"@type":"WebSite","@id":"https:\/\/www.purejewels.com\/#website","url":"https:\/\/www.purejewels.com\/","name":"PureJewels UK","description":"Teile die Liebe","publisher":{"@id":"https:\/\/www.purejewels.com\/#organization"},"potentialAction":[{"@type":"SearchAction","target":{"@type":"EntryPoint","urlTemplate":"https:\/\/www.purejewels.com\/?s={search_term_string}"},"query-input":{"@type":"PropertyValueSpecification","valueRequired":true,"valueName":"search_term_string"}}],"inLanguage":"de"},{"@type":"Organization","@id":"https:\/\/www.purejewels.com\/#organization","name":"PureJewels UK","url":"https:\/\/www.purejewels.com\/","logo":{"@type":"ImageObject","inLanguage":"de","@id":"https:\/\/www.purejewels.com\/#\/schema\/logo\/image\/","url":"https:\/\/static.purejewels.com\/wp-content\/uploads\/2020\/11\/Logo-PJ-New-1.png","contentUrl":"https:\/\/static.purejewels.com\/wp-content\/uploads\/2020\/11\/Logo-PJ-New-1.png","width":150,"height":80,"caption":"PureJewels UK"},"image":{"@id":"https:\/\/www.purejewels.com\/#\/schema\/logo\/image\/"}}]}},"_links":{"self":[{"href":"https:\/\/www.purejewels.com\/de\/wp-json\/wp\/v2\/product\/309446","targetHints":{"allow":["GET"]}}],"collection":[{"href":"https:\/\/www.purejewels.com\/de\/wp-json\/wp\/v2\/product"}],"about":[{"href":"https:\/\/www.purejewels.com\/de\/wp-json\/wp\/v2\/types\/product"}],"replies":[{"embeddable":true,"href":"https:\/\/www.purejewels.com\/de\/wp-json\/wp\/v2\/comments?post=309446"}],"version-history":[{"count":1,"href":"https:\/\/www.purejewels.com\/de\/wp-json\/wp\/v2\/product\/309446\/revisions"}],"predecessor-version":[{"id":420848,"href":"https:\/\/www.purejewels.com\/de\/wp-json\/wp\/v2\/product\/309446\/revisions\/420848"}],"wp:featuredmedia":[{"embeddable":true,"href":"https:\/\/www.purejewels.com\/de\/wp-json\/wp\/v2\/media\/315721"}],"wp:attachment":[{"href":"https:\/\/www.purejewels.com\/de\/wp-json\/wp\/v2\/media?parent=309446"}],"wp:term":[{"taxonomy":"product_brand","embeddable":true,"href":"https:\/\/www.purejewels.com\/de\/wp-json\/wp\/v2\/product_brand?post=309446"},{"taxonomy":"product_cat","embeddable":true,"href":"https:\/\/www.purejewels.com\/de\/wp-json\/wp\/v2\/product_cat?post=309446"},{"taxonomy":"product_tag","embeddable":true,"href":"https:\/\/www.purejewels.com\/de\/wp-json\/wp\/v2\/product_tag?post=309446"}],"curies":[{"name":"wp","href":"https:\/\/api.w.org\/{rel}","templated":true}]}}