{"id":309695,"date":"2019-04-09T10:50:44","date_gmt":"2019-04-09T09:50:44","guid":{"rendered":"https:\/\/www.purejewels.com\/?post_type=product&#038;p=309695"},"modified":"2026-01-06T07:29:43","modified_gmt":"2026-01-06T07:29:43","slug":"22-kt-gold-heiliges-kreuz-anhanger","status":"publish","type":"product","link":"https:\/\/www.purejewels.com\/de\/product\/22ct-gold-holy-cross-pendant\/","title":{"rendered":"22ct Gold Heilig-Kreuz-Anh\u00e4nger"},"content":{"rendered":"<h3>Inspiration<\/h3>\n<p>Der Glaube ist unsichtbar, aber sp\u00fcrbar. Der Kreuzigung Jesu Christi wird durch das Kreuz gedacht, das f\u00fcr Christen das wichtigste Symbol ist. Es ist eine Darstellung seiner spirituellen Ideen \u00fcber Leben, Liebe und Tod. Daher wird das Kreuz als ein Zeichen sowohl f\u00fcr Christus selbst als auch f\u00fcr seinen Glauben an das Christentum gesehen.<\/p>\n<h3>Stil<\/h3>\n<p>Die 22-kar\u00e4tige goldene Kreuz-Halskette von Purejewels ist perfekt f\u00fcr M\u00e4nner und Frauen, die an Gott glauben. Dieses heilige Kreuz <a href=\"https:\/\/www.purejewels.com\/de\/product\/22ct-real-gold-shoe-pendant-43097\/\">Goldanh\u00e4nger<\/a> ist pers\u00f6nlich und hat die F\u00e4higkeit, Ihnen das Gef\u00fchl der geistigen Ganzheit zu geben. Es ist inspiriert von dem Muster des Kruzifixes. Wenn du deinen Glauben jeden Tag tr\u00e4gst, werden die spirituelle Sprache und das Design dieses <a href=\"https:\/\/www.purejewels.com\/de\/product\/holy-cross-gold-pendant-44713\/\">Kreuzanh\u00e4nger<\/a> ermutigt dich von innen heraus.<\/p>\n<h3>Gestaltung<\/h3>\n<p>Unser goldener Kreuzanh\u00e4nger f\u00fcr Damen und Herren wird in luxuri\u00f6ser Handarbeit gefertigt und ist doppellagig. Die Basis ist mit <a href=\"https:\/\/www.purejewels.com\/de\/elegance-of-sold-gold\/\">Massivgold<\/a> Barren, deren Kanten sich pr\u00e4zise kreuzen, gefolgt von einem relativ d\u00fcnnen, handgerollten Golddraht, der auf k\u00fchne und einzigartige Weise dar\u00fcber verl\u00e4uft.<\/p>","protected":false},"excerpt":{"rendered":"<ul>\n<li>22ct Gold Heilig-Kreuz-Anh\u00e4nger<\/li>\n<li>Wt. 2.8 g<\/li>\n<li>SKU. 28758<\/li>\n<li>Kette nicht enthalten<\/li>\n<li>Alle unsere Produkte sind vom London Assay Office gestempelt.<\/li>\n<li>Kommt mit Pr\u00e4sentation Box<\/li>\n<li>Lieferung inbegriffen<\/li>\n<li>Alle Preise inklusive Mehrwertsteuer<\/li>\n<li>Kontaktieren Sie uns \/ chatten Sie mit uns, um unsere Kollektion von Gold Cross Anh\u00e4ngern UK zu entdecken<\/li>\n<\/ul>","protected":false},"featured_media":309697,"comment_status":"closed","ping_status":"closed","template":"","meta":{"_eb_attr":"","_crsspst_to_jayantr4sg-hostcom":true},"product_brand":[],"product_cat":[1572,1701,1575,1573,1574],"product_tag":[],"class_list":{"0":"post-309695","1":"product","2":"type-product","3":"status-publish","4":"has-post-thumbnail","6":"product_cat-mens-jewellery","7":"product_cat-religious-pendants","8":"product_cat-teenage-jewellery","9":"product_cat-wedding-gifts","10":"product_cat-womens-jewellery","12":"first","13":"outofstock","14":"taxable","15":"shipping-taxable","16":"product-type-simple","17":"add-to-wishlist-before_image"},"yoast_head":"<!-- This site is optimized with the Yoast SEO plugin v27.3 - https:\/\/yoast.com\/product\/yoast-seo-wordpress\/ -->\n<title>22ct Gold Holy Cross Pendant - PureJewels UK<\/title>\n<meta name=\"robots\" content=\"index, follow, max-snippet:-1, max-image-preview:large, max-video-preview:-1\" \/>\n<link rel=\"canonical\" href=\"https:\/\/www.purejewels.com\/de\/produkt-2\/22-kt-gold-heiliges-kreuz-anhanger\/\" \/>\n<meta property=\"og:locale\" content=\"de_DE\" \/>\n<meta property=\"og:type\" content=\"article\" \/>\n<meta property=\"og:title\" content=\"22ct Gold Holy Cross Pendant - PureJewels UK\" \/>\n<meta property=\"og:description\" content=\"22ct Gold Holy Cross Pendant  Wt. 2.8 g  SKU. 28758  Chain not included  All our products are hallmarked by London Assay Office  Comes with presentation Box  Delivery Included  All prices include VAT  Contact us \/ chat with us to explore our collection of Gold Cross Pendants UK\" \/>\n<meta property=\"og:url\" content=\"https:\/\/www.purejewels.com\/de\/produkt-2\/22-kt-gold-heiliges-kreuz-anhanger\/\" \/>\n<meta property=\"og:site_name\" content=\"PureJewels UK\" \/>\n<meta property=\"article:modified_time\" content=\"2026-01-06T07:29:43+00:00\" \/>\n<meta property=\"og:image\" content=\"https:\/\/www.purejewels.com\/wp-content\/uploads\/2019\/04\/28758.jpg\" \/>\n\t<meta property=\"og:image:width\" content=\"1000\" \/>\n\t<meta property=\"og:image:height\" content=\"1000\" \/>\n\t<meta property=\"og:image:type\" content=\"image\/jpeg\" \/>\n<meta name=\"twitter:card\" content=\"summary_large_image\" \/>\n<meta name=\"twitter:label1\" content=\"Gesch\u00e4tzte Lesezeit\" \/>\n\t<meta name=\"twitter:data1\" content=\"1\u00a0Minute\" \/>\n<script type=\"application\/ld+json\" class=\"yoast-schema-graph\">{\"@context\":\"https:\\\/\\\/schema.org\",\"@graph\":[{\"@type\":[\"WebPage\",\"ItemPage\"],\"@id\":\"https:\\\/\\\/www.purejewels.com\\\/product\\\/22ct-gold-holy-cross-pendant\\\/\",\"url\":\"https:\\\/\\\/www.purejewels.com\\\/product\\\/22ct-gold-holy-cross-pendant\\\/\",\"name\":\"22ct Gold Holy Cross Pendant - PureJewels UK\",\"isPartOf\":{\"@id\":\"https:\\\/\\\/www.purejewels.com\\\/#website\"},\"primaryImageOfPage\":{\"@id\":\"https:\\\/\\\/www.purejewels.com\\\/product\\\/22ct-gold-holy-cross-pendant\\\/#primaryimage\"},\"image\":{\"@id\":\"https:\\\/\\\/www.purejewels.com\\\/product\\\/22ct-gold-holy-cross-pendant\\\/#primaryimage\"},\"thumbnailUrl\":\"https:\\\/\\\/static.purejewels.com\\\/wp-content\\\/uploads\\\/2019\\\/04\\\/28758.jpg\",\"datePublished\":\"2019-04-09T09:50:44+00:00\",\"dateModified\":\"2026-01-06T07:29:43+00:00\",\"breadcrumb\":{\"@id\":\"https:\\\/\\\/www.purejewels.com\\\/product\\\/22ct-gold-holy-cross-pendant\\\/#breadcrumb\"},\"inLanguage\":\"de\",\"potentialAction\":[{\"@type\":\"ReadAction\",\"target\":[\"https:\\\/\\\/www.purejewels.com\\\/product\\\/22ct-gold-holy-cross-pendant\\\/\"]}]},{\"@type\":\"ImageObject\",\"inLanguage\":\"de\",\"@id\":\"https:\\\/\\\/www.purejewels.com\\\/product\\\/22ct-gold-holy-cross-pendant\\\/#primaryimage\",\"url\":\"https:\\\/\\\/static.purejewels.com\\\/wp-content\\\/uploads\\\/2019\\\/04\\\/28758.jpg\",\"contentUrl\":\"https:\\\/\\\/static.purejewels.com\\\/wp-content\\\/uploads\\\/2019\\\/04\\\/28758.jpg\",\"width\":1000,\"height\":1000,\"caption\":\"28758\"},{\"@type\":\"BreadcrumbList\",\"@id\":\"https:\\\/\\\/www.purejewels.com\\\/product\\\/22ct-gold-holy-cross-pendant\\\/#breadcrumb\",\"itemListElement\":[{\"@type\":\"ListItem\",\"position\":1,\"name\":\"Home\",\"item\":\"https:\\\/\\\/www.purejewels.com\\\/\"},{\"@type\":\"ListItem\",\"position\":2,\"name\":\"Shop\",\"item\":\"https:\\\/\\\/www.purejewels.com\\\/shop\\\/\"},{\"@type\":\"ListItem\",\"position\":3,\"name\":\"22ct Gold Holy Cross Pendant\"}]},{\"@type\":\"WebSite\",\"@id\":\"https:\\\/\\\/www.purejewels.com\\\/#website\",\"url\":\"https:\\\/\\\/www.purejewels.com\\\/\",\"name\":\"PureJewels UK\",\"description\":\"Share the Love\",\"publisher\":{\"@id\":\"https:\\\/\\\/www.purejewels.com\\\/#organization\"},\"potentialAction\":[{\"@type\":\"SearchAction\",\"target\":{\"@type\":\"EntryPoint\",\"urlTemplate\":\"https:\\\/\\\/www.purejewels.com\\\/?s={search_term_string}\"},\"query-input\":{\"@type\":\"PropertyValueSpecification\",\"valueRequired\":true,\"valueName\":\"search_term_string\"}}],\"inLanguage\":\"de\"},{\"@type\":\"Organization\",\"@id\":\"https:\\\/\\\/www.purejewels.com\\\/#organization\",\"name\":\"PureJewels UK\",\"url\":\"https:\\\/\\\/www.purejewels.com\\\/\",\"logo\":{\"@type\":\"ImageObject\",\"inLanguage\":\"de\",\"@id\":\"https:\\\/\\\/www.purejewels.com\\\/#\\\/schema\\\/logo\\\/image\\\/\",\"url\":\"https:\\\/\\\/static.purejewels.com\\\/wp-content\\\/uploads\\\/2020\\\/11\\\/Logo-PJ-New-1.png\",\"contentUrl\":\"https:\\\/\\\/static.purejewels.com\\\/wp-content\\\/uploads\\\/2020\\\/11\\\/Logo-PJ-New-1.png\",\"width\":150,\"height\":80,\"caption\":\"PureJewels UK\"},\"image\":{\"@id\":\"https:\\\/\\\/www.purejewels.com\\\/#\\\/schema\\\/logo\\\/image\\\/\"}}]}<\/script>\n<!-- \/ Yoast SEO plugin. -->","yoast_head_json":{"title":"22ct Gold Heiliges Kreuz Anh\u00e4nger - PureJewels UK","robots":{"index":"index","follow":"follow","max-snippet":"max-snippet:-1","max-image-preview":"max-image-preview:large","max-video-preview":"max-video-preview:-1"},"canonical":"https:\/\/www.purejewels.com\/de\/produkt-2\/22-kt-gold-heiliges-kreuz-anhanger\/","og_locale":"de_DE","og_type":"article","og_title":"22ct Gold Holy Cross Pendant - PureJewels UK","og_description":"22ct Gold Holy Cross Pendant  Wt. 2.8 g  SKU. 28758  Chain not included  All our products are hallmarked by London Assay Office  Comes with presentation Box  Delivery Included  All prices include VAT  Contact us \/ chat with us to explore our collection of Gold Cross Pendants UK","og_url":"https:\/\/www.purejewels.com\/de\/produkt-2\/22-kt-gold-heiliges-kreuz-anhanger\/","og_site_name":"PureJewels UK","article_modified_time":"2026-01-06T07:29:43+00:00","og_image":[{"width":1000,"height":1000,"url":"https:\/\/www.purejewels.com\/wp-content\/uploads\/2019\/04\/28758.jpg","type":"image\/jpeg"}],"twitter_card":"summary_large_image","twitter_misc":{"Gesch\u00e4tzte Lesezeit":"1\u00a0Minute"},"schema":{"@context":"https:\/\/schema.org","@graph":[{"@type":["WebPage","ItemPage"],"@id":"https:\/\/www.purejewels.com\/product\/22ct-gold-holy-cross-pendant\/","url":"https:\/\/www.purejewels.com\/product\/22ct-gold-holy-cross-pendant\/","name":"22ct Gold Heiliges Kreuz Anh\u00e4nger - PureJewels UK","isPartOf":{"@id":"https:\/\/www.purejewels.com\/#website"},"primaryImageOfPage":{"@id":"https:\/\/www.purejewels.com\/product\/22ct-gold-holy-cross-pendant\/#primaryimage"},"image":{"@id":"https:\/\/www.purejewels.com\/product\/22ct-gold-holy-cross-pendant\/#primaryimage"},"thumbnailUrl":"https:\/\/static.purejewels.com\/wp-content\/uploads\/2019\/04\/28758.jpg","datePublished":"2019-04-09T09:50:44+00:00","dateModified":"2026-01-06T07:29:43+00:00","breadcrumb":{"@id":"https:\/\/www.purejewels.com\/product\/22ct-gold-holy-cross-pendant\/#breadcrumb"},"inLanguage":"de","potentialAction":[{"@type":"ReadAction","target":["https:\/\/www.purejewels.com\/product\/22ct-gold-holy-cross-pendant\/"]}]},{"@type":"ImageObject","inLanguage":"de","@id":"https:\/\/www.purejewels.com\/product\/22ct-gold-holy-cross-pendant\/#primaryimage","url":"https:\/\/static.purejewels.com\/wp-content\/uploads\/2019\/04\/28758.jpg","contentUrl":"https:\/\/static.purejewels.com\/wp-content\/uploads\/2019\/04\/28758.jpg","width":1000,"height":1000,"caption":"28758"},{"@type":"BreadcrumbList","@id":"https:\/\/www.purejewels.com\/product\/22ct-gold-holy-cross-pendant\/#breadcrumb","itemListElement":[{"@type":"ListItem","position":1,"name":"Home","item":"https:\/\/www.purejewels.com\/"},{"@type":"ListItem","position":2,"name":"Shop","item":"https:\/\/www.purejewels.com\/shop\/"},{"@type":"ListItem","position":3,"name":"22ct Gold Holy Cross Pendant"}]},{"@type":"WebSite","@id":"https:\/\/www.purejewels.com\/#website","url":"https:\/\/www.purejewels.com\/","name":"PureJewels UK","description":"Teile die Liebe","publisher":{"@id":"https:\/\/www.purejewels.com\/#organization"},"potentialAction":[{"@type":"SearchAction","target":{"@type":"EntryPoint","urlTemplate":"https:\/\/www.purejewels.com\/?s={search_term_string}"},"query-input":{"@type":"PropertyValueSpecification","valueRequired":true,"valueName":"search_term_string"}}],"inLanguage":"de"},{"@type":"Organization","@id":"https:\/\/www.purejewels.com\/#organization","name":"PureJewels UK","url":"https:\/\/www.purejewels.com\/","logo":{"@type":"ImageObject","inLanguage":"de","@id":"https:\/\/www.purejewels.com\/#\/schema\/logo\/image\/","url":"https:\/\/static.purejewels.com\/wp-content\/uploads\/2020\/11\/Logo-PJ-New-1.png","contentUrl":"https:\/\/static.purejewels.com\/wp-content\/uploads\/2020\/11\/Logo-PJ-New-1.png","width":150,"height":80,"caption":"PureJewels UK"},"image":{"@id":"https:\/\/www.purejewels.com\/#\/schema\/logo\/image\/"}}]}},"_links":{"self":[{"href":"https:\/\/www.purejewels.com\/de\/wp-json\/wp\/v2\/product\/309695","targetHints":{"allow":["GET"]}}],"collection":[{"href":"https:\/\/www.purejewels.com\/de\/wp-json\/wp\/v2\/product"}],"about":[{"href":"https:\/\/www.purejewels.com\/de\/wp-json\/wp\/v2\/types\/product"}],"replies":[{"embeddable":true,"href":"https:\/\/www.purejewels.com\/de\/wp-json\/wp\/v2\/comments?post=309695"}],"version-history":[{"count":2,"href":"https:\/\/www.purejewels.com\/de\/wp-json\/wp\/v2\/product\/309695\/revisions"}],"predecessor-version":[{"id":420307,"href":"https:\/\/www.purejewels.com\/de\/wp-json\/wp\/v2\/product\/309695\/revisions\/420307"}],"wp:featuredmedia":[{"embeddable":true,"href":"https:\/\/www.purejewels.com\/de\/wp-json\/wp\/v2\/media\/309697"}],"wp:attachment":[{"href":"https:\/\/www.purejewels.com\/de\/wp-json\/wp\/v2\/media?parent=309695"}],"wp:term":[{"taxonomy":"product_brand","embeddable":true,"href":"https:\/\/www.purejewels.com\/de\/wp-json\/wp\/v2\/product_brand?post=309695"},{"taxonomy":"product_cat","embeddable":true,"href":"https:\/\/www.purejewels.com\/de\/wp-json\/wp\/v2\/product_cat?post=309695"},{"taxonomy":"product_tag","embeddable":true,"href":"https:\/\/www.purejewels.com\/de\/wp-json\/wp\/v2\/product_tag?post=309695"}],"curies":[{"name":"wp","href":"https:\/\/api.w.org\/{rel}","templated":true}]}}