{"id":309741,"date":"2019-04-18T09:12:15","date_gmt":"2019-04-18T08:12:15","guid":{"rendered":"https:\/\/www.purejewels.com\/?post_type=product&#038;p=309741"},"modified":"2026-01-06T06:58:42","modified_gmt":"2026-01-06T06:58:42","slug":"goldtropfen-ohrringe-fur-damen","status":"publish","type":"product","link":"https:\/\/www.purejewels.com\/de\/product\/ladies-gold-drop-earrings\/","title":{"rendered":"22ct Gold Ohrring"},"content":{"rendered":"<p data-start=\"723\" data-end=\"1113\"><strong data-start=\"723\" data-end=\"741\">Designkonzept<\/strong><\/p>\n<p data-start=\"723\" data-end=\"1113\">Diese Ohrringe sind von Blumen- und Schneckenmotiven inspiriert, die man h\u00e4ufig in der indischen Tempelkunst findet. Der obere Wirbel, der an ein stilisiertes Paisley erinnert, symbolisiert Wachstum und Flie\u00dfen, w\u00e4hrend der untere florale Tropfen sechs Zirkoniasteine enth\u00e4lt, die so angeordnet sind, dass sie zarte Bl\u00fctenbl\u00e4tter widerspiegeln. Die Silhouette ist raffiniert und verspielt zugleich und wertet allt\u00e4gliche und festliche Looks gleicherma\u00dfen auf.<\/p>\n<p data-start=\"1115\" data-end=\"1476\"><strong data-start=\"1115\" data-end=\"1132\">Handwerkliches K\u00f6nnen<\/strong><\/p>\n<p data-start=\"1115\" data-end=\"1476\">Die aus reinem 22-kar\u00e4tigem Gelbgold gefertigten Ohrringe wiegen nur 1,9 Gramm und bieten ein Gleichgewicht zwischen komplizierten Details und federleichtem Tragekomfort. Die floralen CZ-Akzente sind pr\u00e4zise gefasst, um die Brillanz zu maximieren, w\u00e4hrend der goldene Wirbel f\u00fcr zus\u00e4tzlichen Charakter poliert und strukturiert ist. Die Ohrringe sind sicher und einfach zu tragen und sind vollst\u00e4ndig gepunzt, um die Reinheit des Goldes zu gew\u00e4hrleisten.<\/p>\n<p data-start=\"1478\" data-end=\"1863\"><strong data-start=\"1478\" data-end=\"1495\">Styling-Ideen<\/strong><\/p>\n<p data-start=\"1478\" data-end=\"1863\">Diese Ohrringe sind ideal f\u00fcr den t\u00e4glichen Gebrauch oder f\u00fcr besondere Anl\u00e4sse wie Pojas, Babypartys oder Raksha Bandhan. Sie verleihen genau den richtigen Hauch von Glanz. Kombinieren Sie sie mit einer leichten Goldkette oder einem Armreif, oder tragen Sie sie allein, um ihren komplizierten Charme erstrahlen zu lassen. Sie sind auch ein sinnvolles Geschenk f\u00fcr junge M\u00e4dchen oder Frauen, die von der Tradition inspirierten Schmuck in modernen Proportionen sch\u00e4tzen.<\/p>","protected":false},"excerpt":{"rendered":"<p>Diese Ohrringe aus 22 Karat Gold sind eine Hommage an die anmutige Weiblichkeit und eine strahlende Mischung aus Tradition und Glanz. Sie sind leicht und leuchtend und eignen sich perfekt f\u00fcr alle, die feine Details in kompakter Form zu sch\u00e4tzen wissen.<\/p>\n<ul>\n<li><strong>Material:<\/strong>\u00a022ct Gold<\/li>\n<li><strong>Wahrzeichen:\u00a0<\/strong>Britisches G\u00fctesiegel<\/li>\n<li><strong>Bruttogewicht: <\/strong>1,90 Gramm<\/li>\n<li><strong>Nettogewicht:<\/strong> 1,80 Gramm<\/li>\n<li><strong>SKU: <\/strong>30204<\/li>\n<\/ul>\n<p><strong><br \/>\nPreis und Lieferung:\u00a0<\/strong>Inklusive Mehrwertsteuer und Lieferkosten<br \/>\n<strong><a href=\"https:\/\/www.purejewels.com\/de\/ruckgabepolitik\/\">R\u00fcckgabepolitik<\/a><\/strong><\/p>","protected":false},"featured_media":309778,"comment_status":"closed","ping_status":"closed","template":"","meta":{"_eb_attr":"","_crsspst_to_jayantr4sg-hostcom":true},"product_brand":[],"product_cat":[1685,1229,1577],"product_tag":[],"class_list":{"0":"post-309741","1":"product","2":"type-product","3":"status-publish","4":"has-post-thumbnail","6":"product_cat-drop-earrings","7":"product_cat-22ct-gold-jewellery","8":"product_cat-stud-earrings","10":"first","11":"outofstock","12":"taxable","13":"shipping-taxable","14":"product-type-simple","15":"add-to-wishlist-before_image"},"yoast_head":"<!-- This site is optimized with the Yoast SEO plugin v27.3 - https:\/\/yoast.com\/product\/yoast-seo-wordpress\/ -->\n<title>22ct Gold Lightweight Floral Earrings | PureJewels UK<\/title>\n<meta name=\"description\" content=\"Discover timeless elegance with these 22ct gold earrings featuring floral CZ drops and a classic swirl design. Lightweight at 1.9 grams \u2013 perfect for everyday.\" \/>\n<meta name=\"robots\" content=\"index, follow, max-snippet:-1, max-image-preview:large, max-video-preview:-1\" \/>\n<link rel=\"canonical\" href=\"https:\/\/www.purejewels.com\/de\/produkt-2\/goldtropfen-ohrringe-fur-damen\/\" \/>\n<meta property=\"og:locale\" content=\"de_DE\" \/>\n<meta property=\"og:type\" content=\"article\" \/>\n<meta property=\"og:title\" content=\"22ct Gold Lightweight Floral Earrings | PureJewels UK\" \/>\n<meta property=\"og:description\" content=\"Discover timeless elegance with these 22ct gold earrings featuring floral CZ drops and a classic swirl design. Lightweight at 1.9 grams \u2013 perfect for everyday.\" \/>\n<meta property=\"og:url\" content=\"https:\/\/www.purejewels.com\/de\/produkt-2\/goldtropfen-ohrringe-fur-damen\/\" \/>\n<meta property=\"og:site_name\" content=\"PureJewels UK\" \/>\n<meta property=\"article:modified_time\" content=\"2026-01-06T06:58:42+00:00\" \/>\n<meta property=\"og:image\" content=\"https:\/\/www.purejewels.com\/wp-content\/uploads\/2019\/04\/30215_1.png\" \/>\n\t<meta property=\"og:image:width\" content=\"1000\" \/>\n\t<meta property=\"og:image:height\" content=\"1000\" \/>\n\t<meta property=\"og:image:type\" content=\"image\/png\" \/>\n<meta name=\"twitter:card\" content=\"summary_large_image\" \/>\n<meta name=\"twitter:label1\" content=\"Gesch\u00e4tzte Lesezeit\" \/>\n\t<meta name=\"twitter:data1\" content=\"1\u00a0Minute\" \/>\n<script type=\"application\/ld+json\" class=\"yoast-schema-graph\">{\"@context\":\"https:\\\/\\\/schema.org\",\"@graph\":[{\"@type\":[\"WebPage\",\"ItemPage\"],\"@id\":\"https:\\\/\\\/www.purejewels.com\\\/product\\\/ladies-gold-drop-earrings\\\/\",\"url\":\"https:\\\/\\\/www.purejewels.com\\\/product\\\/ladies-gold-drop-earrings\\\/\",\"name\":\"22ct Gold Lightweight Floral Earrings | PureJewels UK\",\"isPartOf\":{\"@id\":\"https:\\\/\\\/www.purejewels.com\\\/#website\"},\"primaryImageOfPage\":{\"@id\":\"https:\\\/\\\/www.purejewels.com\\\/product\\\/ladies-gold-drop-earrings\\\/#primaryimage\"},\"image\":{\"@id\":\"https:\\\/\\\/www.purejewels.com\\\/product\\\/ladies-gold-drop-earrings\\\/#primaryimage\"},\"thumbnailUrl\":\"https:\\\/\\\/static.purejewels.com\\\/wp-content\\\/uploads\\\/2019\\\/04\\\/30215_1.png\",\"datePublished\":\"2019-04-18T08:12:15+00:00\",\"dateModified\":\"2026-01-06T06:58:42+00:00\",\"description\":\"Discover timeless elegance with these 22ct gold earrings featuring floral CZ drops and a classic swirl design. Lightweight at 1.9 grams \u2013 perfect for everyday.\",\"breadcrumb\":{\"@id\":\"https:\\\/\\\/www.purejewels.com\\\/product\\\/ladies-gold-drop-earrings\\\/#breadcrumb\"},\"inLanguage\":\"de\",\"potentialAction\":[{\"@type\":\"ReadAction\",\"target\":[\"https:\\\/\\\/www.purejewels.com\\\/product\\\/ladies-gold-drop-earrings\\\/\"]}]},{\"@type\":\"ImageObject\",\"inLanguage\":\"de\",\"@id\":\"https:\\\/\\\/www.purejewels.com\\\/product\\\/ladies-gold-drop-earrings\\\/#primaryimage\",\"url\":\"https:\\\/\\\/static.purejewels.com\\\/wp-content\\\/uploads\\\/2019\\\/04\\\/30215_1.png\",\"contentUrl\":\"https:\\\/\\\/static.purejewels.com\\\/wp-content\\\/uploads\\\/2019\\\/04\\\/30215_1.png\",\"width\":1000,\"height\":1000,\"caption\":\"30215_1\"},{\"@type\":\"BreadcrumbList\",\"@id\":\"https:\\\/\\\/www.purejewels.com\\\/product\\\/ladies-gold-drop-earrings\\\/#breadcrumb\",\"itemListElement\":[{\"@type\":\"ListItem\",\"position\":1,\"name\":\"Home\",\"item\":\"https:\\\/\\\/www.purejewels.com\\\/\"},{\"@type\":\"ListItem\",\"position\":2,\"name\":\"Shop\",\"item\":\"https:\\\/\\\/www.purejewels.com\\\/shop\\\/\"},{\"@type\":\"ListItem\",\"position\":3,\"name\":\"22ct Gold Earring\"}]},{\"@type\":\"WebSite\",\"@id\":\"https:\\\/\\\/www.purejewels.com\\\/#website\",\"url\":\"https:\\\/\\\/www.purejewels.com\\\/\",\"name\":\"PureJewels UK\",\"description\":\"Share the Love\",\"publisher\":{\"@id\":\"https:\\\/\\\/www.purejewels.com\\\/#organization\"},\"potentialAction\":[{\"@type\":\"SearchAction\",\"target\":{\"@type\":\"EntryPoint\",\"urlTemplate\":\"https:\\\/\\\/www.purejewels.com\\\/?s={search_term_string}\"},\"query-input\":{\"@type\":\"PropertyValueSpecification\",\"valueRequired\":true,\"valueName\":\"search_term_string\"}}],\"inLanguage\":\"de\"},{\"@type\":\"Organization\",\"@id\":\"https:\\\/\\\/www.purejewels.com\\\/#organization\",\"name\":\"PureJewels UK\",\"url\":\"https:\\\/\\\/www.purejewels.com\\\/\",\"logo\":{\"@type\":\"ImageObject\",\"inLanguage\":\"de\",\"@id\":\"https:\\\/\\\/www.purejewels.com\\\/#\\\/schema\\\/logo\\\/image\\\/\",\"url\":\"https:\\\/\\\/static.purejewels.com\\\/wp-content\\\/uploads\\\/2020\\\/11\\\/Logo-PJ-New-1.png\",\"contentUrl\":\"https:\\\/\\\/static.purejewels.com\\\/wp-content\\\/uploads\\\/2020\\\/11\\\/Logo-PJ-New-1.png\",\"width\":150,\"height\":80,\"caption\":\"PureJewels UK\"},\"image\":{\"@id\":\"https:\\\/\\\/www.purejewels.com\\\/#\\\/schema\\\/logo\\\/image\\\/\"}}]}<\/script>\n<!-- \/ Yoast SEO plugin. -->","yoast_head_json":{"title":"22ct Gold leichte florale Ohrringe | PureJewels UK","description":"Entdecken Sie zeitlose Eleganz mit diesen Ohrringen aus 22-kar\u00e4tigem Gold mit floralen CZ-Tropfen und einem klassischen Wirbel-Design. Mit 1,9 Gramm sind sie leicht und perfekt f\u00fcr jeden Tag.","robots":{"index":"index","follow":"follow","max-snippet":"max-snippet:-1","max-image-preview":"max-image-preview:large","max-video-preview":"max-video-preview:-1"},"canonical":"https:\/\/www.purejewels.com\/de\/produkt-2\/goldtropfen-ohrringe-fur-damen\/","og_locale":"de_DE","og_type":"article","og_title":"22ct Gold Lightweight Floral Earrings | PureJewels UK","og_description":"Discover timeless elegance with these 22ct gold earrings featuring floral CZ drops and a classic swirl design. Lightweight at 1.9 grams \u2013 perfect for everyday.","og_url":"https:\/\/www.purejewels.com\/de\/produkt-2\/goldtropfen-ohrringe-fur-damen\/","og_site_name":"PureJewels UK","article_modified_time":"2026-01-06T06:58:42+00:00","og_image":[{"width":1000,"height":1000,"url":"https:\/\/www.purejewels.com\/wp-content\/uploads\/2019\/04\/30215_1.png","type":"image\/png"}],"twitter_card":"summary_large_image","twitter_misc":{"Gesch\u00e4tzte Lesezeit":"1\u00a0Minute"},"schema":{"@context":"https:\/\/schema.org","@graph":[{"@type":["WebPage","ItemPage"],"@id":"https:\/\/www.purejewels.com\/product\/ladies-gold-drop-earrings\/","url":"https:\/\/www.purejewels.com\/product\/ladies-gold-drop-earrings\/","name":"22ct Gold leichte florale Ohrringe | PureJewels UK","isPartOf":{"@id":"https:\/\/www.purejewels.com\/#website"},"primaryImageOfPage":{"@id":"https:\/\/www.purejewels.com\/product\/ladies-gold-drop-earrings\/#primaryimage"},"image":{"@id":"https:\/\/www.purejewels.com\/product\/ladies-gold-drop-earrings\/#primaryimage"},"thumbnailUrl":"https:\/\/static.purejewels.com\/wp-content\/uploads\/2019\/04\/30215_1.png","datePublished":"2019-04-18T08:12:15+00:00","dateModified":"2026-01-06T06:58:42+00:00","description":"Entdecken Sie zeitlose Eleganz mit diesen Ohrringen aus 22-kar\u00e4tigem Gold mit floralen CZ-Tropfen und einem klassischen Wirbel-Design. Mit 1,9 Gramm sind sie leicht und perfekt f\u00fcr jeden Tag.","breadcrumb":{"@id":"https:\/\/www.purejewels.com\/product\/ladies-gold-drop-earrings\/#breadcrumb"},"inLanguage":"de","potentialAction":[{"@type":"ReadAction","target":["https:\/\/www.purejewels.com\/product\/ladies-gold-drop-earrings\/"]}]},{"@type":"ImageObject","inLanguage":"de","@id":"https:\/\/www.purejewels.com\/product\/ladies-gold-drop-earrings\/#primaryimage","url":"https:\/\/static.purejewels.com\/wp-content\/uploads\/2019\/04\/30215_1.png","contentUrl":"https:\/\/static.purejewels.com\/wp-content\/uploads\/2019\/04\/30215_1.png","width":1000,"height":1000,"caption":"30215_1"},{"@type":"BreadcrumbList","@id":"https:\/\/www.purejewels.com\/product\/ladies-gold-drop-earrings\/#breadcrumb","itemListElement":[{"@type":"ListItem","position":1,"name":"Home","item":"https:\/\/www.purejewels.com\/"},{"@type":"ListItem","position":2,"name":"Shop","item":"https:\/\/www.purejewels.com\/shop\/"},{"@type":"ListItem","position":3,"name":"22ct Gold Earring"}]},{"@type":"WebSite","@id":"https:\/\/www.purejewels.com\/#website","url":"https:\/\/www.purejewels.com\/","name":"PureJewels UK","description":"Teile die Liebe","publisher":{"@id":"https:\/\/www.purejewels.com\/#organization"},"potentialAction":[{"@type":"SearchAction","target":{"@type":"EntryPoint","urlTemplate":"https:\/\/www.purejewels.com\/?s={search_term_string}"},"query-input":{"@type":"PropertyValueSpecification","valueRequired":true,"valueName":"search_term_string"}}],"inLanguage":"de"},{"@type":"Organization","@id":"https:\/\/www.purejewels.com\/#organization","name":"PureJewels UK","url":"https:\/\/www.purejewels.com\/","logo":{"@type":"ImageObject","inLanguage":"de","@id":"https:\/\/www.purejewels.com\/#\/schema\/logo\/image\/","url":"https:\/\/static.purejewels.com\/wp-content\/uploads\/2020\/11\/Logo-PJ-New-1.png","contentUrl":"https:\/\/static.purejewels.com\/wp-content\/uploads\/2020\/11\/Logo-PJ-New-1.png","width":150,"height":80,"caption":"PureJewels UK"},"image":{"@id":"https:\/\/www.purejewels.com\/#\/schema\/logo\/image\/"}}]}},"_links":{"self":[{"href":"https:\/\/www.purejewels.com\/de\/wp-json\/wp\/v2\/product\/309741","targetHints":{"allow":["GET"]}}],"collection":[{"href":"https:\/\/www.purejewels.com\/de\/wp-json\/wp\/v2\/product"}],"about":[{"href":"https:\/\/www.purejewels.com\/de\/wp-json\/wp\/v2\/types\/product"}],"replies":[{"embeddable":true,"href":"https:\/\/www.purejewels.com\/de\/wp-json\/wp\/v2\/comments?post=309741"}],"version-history":[{"count":3,"href":"https:\/\/www.purejewels.com\/de\/wp-json\/wp\/v2\/product\/309741\/revisions"}],"predecessor-version":[{"id":418240,"href":"https:\/\/www.purejewels.com\/de\/wp-json\/wp\/v2\/product\/309741\/revisions\/418240"}],"wp:featuredmedia":[{"embeddable":true,"href":"https:\/\/www.purejewels.com\/de\/wp-json\/wp\/v2\/media\/309778"}],"wp:attachment":[{"href":"https:\/\/www.purejewels.com\/de\/wp-json\/wp\/v2\/media?parent=309741"}],"wp:term":[{"taxonomy":"product_brand","embeddable":true,"href":"https:\/\/www.purejewels.com\/de\/wp-json\/wp\/v2\/product_brand?post=309741"},{"taxonomy":"product_cat","embeddable":true,"href":"https:\/\/www.purejewels.com\/de\/wp-json\/wp\/v2\/product_cat?post=309741"},{"taxonomy":"product_tag","embeddable":true,"href":"https:\/\/www.purejewels.com\/de\/wp-json\/wp\/v2\/product_tag?post=309741"}],"curies":[{"name":"wp","href":"https:\/\/api.w.org\/{rel}","templated":true}]}}