{"id":310044,"date":"2019-04-30T09:10:34","date_gmt":"2019-04-30T08:10:34","guid":{"rendered":"https:\/\/www.purejewels.com\/?post_type=product&#038;p=310044"},"modified":"2025-11-19T09:55:38","modified_gmt":"2025-11-19T09:55:38","slug":"indischer-gold-ohrstecker","status":"publish","type":"product","link":"https:\/\/www.purejewels.com\/de\/product\/indian-gold-stud-earring\/","title":{"rendered":"22 Karat Gold strukturierte Kreisohrstecker"},"content":{"rendered":"<p data-start=\"500\" data-end=\"888\">Schlank und strahlend, diese <strong data-start=\"525\" data-end=\"558\">Strukturierter Kreis-Ohrstecker <a href=\"https:\/\/www.purejewels.com\/de\/product-category\/22ct-gold-jewellery\/gold-earrings\/\">Ohrringe<\/a><\/strong> In 22 Karat Gold vereinen sich modernes Design und zeitlose Eleganz. Mit konzentrischen Ringen mit hochglanzpolierter und schimmernder Textur reflektieren die Ohrringe das Licht auf wundersch\u00f6ne Weise und bieten ein raffiniertes und dennoch auff\u00e4lliges Finish. Ein zweifarbiger Effekt verst\u00e4rkt ihre Tiefe und macht sie ideal f\u00fcr den eleganten Alltag und besondere Anl\u00e4sse.<\/p>\n<p data-start=\"890\" data-end=\"1031\">Sie sind aus reinem Gold gefertigt und in Gro\u00dfbritannien punziert und bieten Komfort, Brillanz und Langlebigkeit \u2013 eine elegante Erg\u00e4nzung f\u00fcr jede Schmuckkollektion.<\/p>","protected":false},"excerpt":{"rendered":"<ul>\n<li>Indische Gold-Ohrstecker<\/li>\n<li>Aus 22 Karat Gelbgold<\/li>\n<li>Mit Rhodium-Politur<\/li>\n<li>Wt . 1.9 g<\/li>\n<li>SKU. 30333<\/li>\n<li>Alle Preise inklusive Mehrwertsteuer<\/li>\n<li>Alle unsere Produkte sind vom London Assay Office gestempelt.<\/li>\n<li>Kommt mit Pr\u00e4sentation Box<\/li>\n<li>Lieferung in ganz Gro\u00dfbritannien inbegriffen<\/li>\n<li>Kontaktieren Sie uns \/ chatten Sie mit uns, um die gesamte Palette unserer indischen Ohrringe zu sehen.<\/li>\n<\/ul>","protected":false},"featured_media":310078,"comment_status":"closed","ping_status":"closed","template":"","meta":{"_eb_attr":"","_crsspst_to_jayantr4sg-hostcom":false},"product_brand":[],"product_cat":[1559,1576,1229,1577,1574],"product_tag":[],"class_list":{"0":"post-310044","1":"product","2":"type-product","3":"status-publish","4":"has-post-thumbnail","6":"product_cat-birthday-gifts","7":"product_cat-childrens-jewellery","8":"product_cat-22ct-gold-jewellery","9":"product_cat-stud-earrings","10":"product_cat-womens-jewellery","12":"first","13":"outofstock","14":"featured","15":"taxable","16":"shipping-taxable","17":"product-type-simple","18":"add-to-wishlist-before_image"},"yoast_head":"<!-- This site is optimized with the Yoast SEO plugin v27.3 - https:\/\/yoast.com\/product\/yoast-seo-wordpress\/ -->\n<title>22ct Gold Textured Circle Stud Earrings | PureJewels<\/title>\n<meta name=\"description\" content=\"Elegant 22ct Gold Textured Circle Stud Earrings with shimmering detail and dual-tone finish. Perfect for everyday sparkle or refined gifting.\" \/>\n<meta name=\"robots\" content=\"index, follow, max-snippet:-1, max-image-preview:large, max-video-preview:-1\" \/>\n<link rel=\"canonical\" href=\"https:\/\/www.purejewels.com\/de\/produkt-2\/indischer-gold-ohrstecker\/\" \/>\n<meta property=\"og:locale\" content=\"de_DE\" \/>\n<meta property=\"og:type\" content=\"article\" \/>\n<meta property=\"og:title\" content=\"22ct Gold Textured Circle Stud Earrings | PureJewels\" \/>\n<meta property=\"og:description\" content=\"Elegant 22ct Gold Textured Circle Stud Earrings with shimmering detail and dual-tone finish. Perfect for everyday sparkle or refined gifting.\" \/>\n<meta property=\"og:url\" content=\"https:\/\/www.purejewels.com\/de\/produkt-2\/indischer-gold-ohrstecker\/\" \/>\n<meta property=\"og:site_name\" content=\"PureJewels UK\" \/>\n<meta property=\"article:modified_time\" content=\"2025-11-19T09:55:38+00:00\" \/>\n<meta property=\"og:image\" content=\"https:\/\/www.purejewels.com\/wp-content\/uploads\/2019\/04\/30311.jpg\" \/>\n\t<meta property=\"og:image:width\" content=\"1000\" \/>\n\t<meta property=\"og:image:height\" content=\"1000\" \/>\n\t<meta property=\"og:image:type\" content=\"image\/jpeg\" \/>\n<meta name=\"twitter:card\" content=\"summary_large_image\" \/>\n<meta name=\"twitter:label1\" content=\"Gesch\u00e4tzte Lesezeit\" \/>\n\t<meta name=\"twitter:data1\" content=\"1\u00a0Minute\" \/>\n<script type=\"application\/ld+json\" class=\"yoast-schema-graph\">{\"@context\":\"https:\\\/\\\/schema.org\",\"@graph\":[{\"@type\":[\"WebPage\",\"ItemPage\"],\"@id\":\"https:\\\/\\\/www.purejewels.com\\\/product\\\/indian-gold-stud-earring\\\/\",\"url\":\"https:\\\/\\\/www.purejewels.com\\\/product\\\/indian-gold-stud-earring\\\/\",\"name\":\"22ct Gold Textured Circle Stud Earrings | PureJewels\",\"isPartOf\":{\"@id\":\"https:\\\/\\\/www.purejewels.com\\\/#website\"},\"primaryImageOfPage\":{\"@id\":\"https:\\\/\\\/www.purejewels.com\\\/product\\\/indian-gold-stud-earring\\\/#primaryimage\"},\"image\":{\"@id\":\"https:\\\/\\\/www.purejewels.com\\\/product\\\/indian-gold-stud-earring\\\/#primaryimage\"},\"thumbnailUrl\":\"https:\\\/\\\/static.purejewels.com\\\/wp-content\\\/uploads\\\/2019\\\/04\\\/30311.jpg\",\"datePublished\":\"2019-04-30T08:10:34+00:00\",\"dateModified\":\"2025-11-19T09:55:38+00:00\",\"description\":\"Elegant 22ct Gold Textured Circle Stud Earrings with shimmering detail and dual-tone finish. Perfect for everyday sparkle or refined gifting.\",\"breadcrumb\":{\"@id\":\"https:\\\/\\\/www.purejewels.com\\\/product\\\/indian-gold-stud-earring\\\/#breadcrumb\"},\"inLanguage\":\"de\",\"potentialAction\":[{\"@type\":\"ReadAction\",\"target\":[\"https:\\\/\\\/www.purejewels.com\\\/product\\\/indian-gold-stud-earring\\\/\"]}]},{\"@type\":\"ImageObject\",\"inLanguage\":\"de\",\"@id\":\"https:\\\/\\\/www.purejewels.com\\\/product\\\/indian-gold-stud-earring\\\/#primaryimage\",\"url\":\"https:\\\/\\\/static.purejewels.com\\\/wp-content\\\/uploads\\\/2019\\\/04\\\/30311.jpg\",\"contentUrl\":\"https:\\\/\\\/static.purejewels.com\\\/wp-content\\\/uploads\\\/2019\\\/04\\\/30311.jpg\",\"width\":1000,\"height\":1000,\"caption\":\"30311\"},{\"@type\":\"BreadcrumbList\",\"@id\":\"https:\\\/\\\/www.purejewels.com\\\/product\\\/indian-gold-stud-earring\\\/#breadcrumb\",\"itemListElement\":[{\"@type\":\"ListItem\",\"position\":1,\"name\":\"Home\",\"item\":\"https:\\\/\\\/www.purejewels.com\\\/\"},{\"@type\":\"ListItem\",\"position\":2,\"name\":\"Shop\",\"item\":\"https:\\\/\\\/www.purejewels.com\\\/shop\\\/\"},{\"@type\":\"ListItem\",\"position\":3,\"name\":\"22ct Gold Textured Circle Stud Earrings\"}]},{\"@type\":\"WebSite\",\"@id\":\"https:\\\/\\\/www.purejewels.com\\\/#website\",\"url\":\"https:\\\/\\\/www.purejewels.com\\\/\",\"name\":\"PureJewels UK\",\"description\":\"Share the Love\",\"publisher\":{\"@id\":\"https:\\\/\\\/www.purejewels.com\\\/#organization\"},\"potentialAction\":[{\"@type\":\"SearchAction\",\"target\":{\"@type\":\"EntryPoint\",\"urlTemplate\":\"https:\\\/\\\/www.purejewels.com\\\/?s={search_term_string}\"},\"query-input\":{\"@type\":\"PropertyValueSpecification\",\"valueRequired\":true,\"valueName\":\"search_term_string\"}}],\"inLanguage\":\"de\"},{\"@type\":\"Organization\",\"@id\":\"https:\\\/\\\/www.purejewels.com\\\/#organization\",\"name\":\"PureJewels UK\",\"url\":\"https:\\\/\\\/www.purejewels.com\\\/\",\"logo\":{\"@type\":\"ImageObject\",\"inLanguage\":\"de\",\"@id\":\"https:\\\/\\\/www.purejewels.com\\\/#\\\/schema\\\/logo\\\/image\\\/\",\"url\":\"https:\\\/\\\/static.purejewels.com\\\/wp-content\\\/uploads\\\/2020\\\/11\\\/Logo-PJ-New-1.png\",\"contentUrl\":\"https:\\\/\\\/static.purejewels.com\\\/wp-content\\\/uploads\\\/2020\\\/11\\\/Logo-PJ-New-1.png\",\"width\":150,\"height\":80,\"caption\":\"PureJewels UK\"},\"image\":{\"@id\":\"https:\\\/\\\/www.purejewels.com\\\/#\\\/schema\\\/logo\\\/image\\\/\"}}]}<\/script>\n<!-- \/ Yoast SEO plugin. -->","yoast_head_json":{"title":"22 Karat Gold strukturierte Kreisohrstecker | PureJewels","description":"Elegante Ohrstecker aus 22 Karat Gold mit strukturiertem Kreis, schimmernden Details und zweifarbigem Finish. Perfekt f\u00fcr den allt\u00e4glichen Glanz oder als raffiniertes Geschenk.","robots":{"index":"index","follow":"follow","max-snippet":"max-snippet:-1","max-image-preview":"max-image-preview:large","max-video-preview":"max-video-preview:-1"},"canonical":"https:\/\/www.purejewels.com\/de\/produkt-2\/indischer-gold-ohrstecker\/","og_locale":"de_DE","og_type":"article","og_title":"22ct Gold Textured Circle Stud Earrings | PureJewels","og_description":"Elegant 22ct Gold Textured Circle Stud Earrings with shimmering detail and dual-tone finish. Perfect for everyday sparkle or refined gifting.","og_url":"https:\/\/www.purejewels.com\/de\/produkt-2\/indischer-gold-ohrstecker\/","og_site_name":"PureJewels UK","article_modified_time":"2025-11-19T09:55:38+00:00","og_image":[{"width":1000,"height":1000,"url":"https:\/\/www.purejewels.com\/wp-content\/uploads\/2019\/04\/30311.jpg","type":"image\/jpeg"}],"twitter_card":"summary_large_image","twitter_misc":{"Gesch\u00e4tzte Lesezeit":"1\u00a0Minute"},"schema":{"@context":"https:\/\/schema.org","@graph":[{"@type":["WebPage","ItemPage"],"@id":"https:\/\/www.purejewels.com\/product\/indian-gold-stud-earring\/","url":"https:\/\/www.purejewels.com\/product\/indian-gold-stud-earring\/","name":"22 Karat Gold strukturierte Kreisohrstecker | PureJewels","isPartOf":{"@id":"https:\/\/www.purejewels.com\/#website"},"primaryImageOfPage":{"@id":"https:\/\/www.purejewels.com\/product\/indian-gold-stud-earring\/#primaryimage"},"image":{"@id":"https:\/\/www.purejewels.com\/product\/indian-gold-stud-earring\/#primaryimage"},"thumbnailUrl":"https:\/\/static.purejewels.com\/wp-content\/uploads\/2019\/04\/30311.jpg","datePublished":"2019-04-30T08:10:34+00:00","dateModified":"2025-11-19T09:55:38+00:00","description":"Elegante Ohrstecker aus 22 Karat Gold mit strukturiertem Kreis, schimmernden Details und zweifarbigem Finish. Perfekt f\u00fcr den allt\u00e4glichen Glanz oder als raffiniertes Geschenk.","breadcrumb":{"@id":"https:\/\/www.purejewels.com\/product\/indian-gold-stud-earring\/#breadcrumb"},"inLanguage":"de","potentialAction":[{"@type":"ReadAction","target":["https:\/\/www.purejewels.com\/product\/indian-gold-stud-earring\/"]}]},{"@type":"ImageObject","inLanguage":"de","@id":"https:\/\/www.purejewels.com\/product\/indian-gold-stud-earring\/#primaryimage","url":"https:\/\/static.purejewels.com\/wp-content\/uploads\/2019\/04\/30311.jpg","contentUrl":"https:\/\/static.purejewels.com\/wp-content\/uploads\/2019\/04\/30311.jpg","width":1000,"height":1000,"caption":"30311"},{"@type":"BreadcrumbList","@id":"https:\/\/www.purejewels.com\/product\/indian-gold-stud-earring\/#breadcrumb","itemListElement":[{"@type":"ListItem","position":1,"name":"Home","item":"https:\/\/www.purejewels.com\/"},{"@type":"ListItem","position":2,"name":"Shop","item":"https:\/\/www.purejewels.com\/shop\/"},{"@type":"ListItem","position":3,"name":"22ct Gold Textured Circle Stud Earrings"}]},{"@type":"WebSite","@id":"https:\/\/www.purejewels.com\/#website","url":"https:\/\/www.purejewels.com\/","name":"PureJewels UK","description":"Teile die Liebe","publisher":{"@id":"https:\/\/www.purejewels.com\/#organization"},"potentialAction":[{"@type":"SearchAction","target":{"@type":"EntryPoint","urlTemplate":"https:\/\/www.purejewels.com\/?s={search_term_string}"},"query-input":{"@type":"PropertyValueSpecification","valueRequired":true,"valueName":"search_term_string"}}],"inLanguage":"de"},{"@type":"Organization","@id":"https:\/\/www.purejewels.com\/#organization","name":"PureJewels UK","url":"https:\/\/www.purejewels.com\/","logo":{"@type":"ImageObject","inLanguage":"de","@id":"https:\/\/www.purejewels.com\/#\/schema\/logo\/image\/","url":"https:\/\/static.purejewels.com\/wp-content\/uploads\/2020\/11\/Logo-PJ-New-1.png","contentUrl":"https:\/\/static.purejewels.com\/wp-content\/uploads\/2020\/11\/Logo-PJ-New-1.png","width":150,"height":80,"caption":"PureJewels UK"},"image":{"@id":"https:\/\/www.purejewels.com\/#\/schema\/logo\/image\/"}}]}},"_links":{"self":[{"href":"https:\/\/www.purejewels.com\/de\/wp-json\/wp\/v2\/product\/310044","targetHints":{"allow":["GET"]}}],"collection":[{"href":"https:\/\/www.purejewels.com\/de\/wp-json\/wp\/v2\/product"}],"about":[{"href":"https:\/\/www.purejewels.com\/de\/wp-json\/wp\/v2\/types\/product"}],"replies":[{"embeddable":true,"href":"https:\/\/www.purejewels.com\/de\/wp-json\/wp\/v2\/comments?post=310044"}],"version-history":[{"count":2,"href":"https:\/\/www.purejewels.com\/de\/wp-json\/wp\/v2\/product\/310044\/revisions"}],"predecessor-version":[{"id":421403,"href":"https:\/\/www.purejewels.com\/de\/wp-json\/wp\/v2\/product\/310044\/revisions\/421403"}],"wp:featuredmedia":[{"embeddable":true,"href":"https:\/\/www.purejewels.com\/de\/wp-json\/wp\/v2\/media\/310078"}],"wp:attachment":[{"href":"https:\/\/www.purejewels.com\/de\/wp-json\/wp\/v2\/media?parent=310044"}],"wp:term":[{"taxonomy":"product_brand","embeddable":true,"href":"https:\/\/www.purejewels.com\/de\/wp-json\/wp\/v2\/product_brand?post=310044"},{"taxonomy":"product_cat","embeddable":true,"href":"https:\/\/www.purejewels.com\/de\/wp-json\/wp\/v2\/product_cat?post=310044"},{"taxonomy":"product_tag","embeddable":true,"href":"https:\/\/www.purejewels.com\/de\/wp-json\/wp\/v2\/product_tag?post=310044"}],"curies":[{"name":"wp","href":"https:\/\/api.w.org\/{rel}","templated":true}]}}